{"id":45991,"date":"2016-05-30T21:37:08","date_gmt":"2016-05-30T21:37:08","guid":{"rendered":"https:\/\/holyland-olivewood.com\/product\/ortodoksinen-oliivipuu-ja-helmi-krusifiksin-aiti-28-cm-11-cr131\/"},"modified":"2022-02-11T11:29:17","modified_gmt":"2022-02-11T11:29:17","slug":"ortodoksi-oliivi-puu-helmiainen-krusifiksi-28-cm-11","status":"publish","type":"product","link":"https:\/\/holyland-olivewood.com\/fi\/tuote\/ortodoksi-oliivi-puu-helmiainen-krusifiksi-28-cm-11\/","title":{"rendered":"Ortodoksinen oliivipuu ja helmi krusifiksin \u00e4iti (28 cm \/ 11&#8221;) #CR131"},"content":{"rendered":"","protected":false},"excerpt":{"rendered":"<p>T\u00e4m\u00e4 yksityiskohtainen ortodoksinen krusifiksi on k\u00e4sintehty Pyh\u00e4ss\u00e4 maassa kest\u00e4v\u00e4sti korjatusta, aidosta Betlehem Olivewoodista, jossa on metallinen Jeesus-hahmo, INRI-laatta, V\u00e4limerelt\u00e4 korjattu Helmi\u00e4isen koriste ja upotetut lasikapselit, joissa on messinkikehyksi\u00e4, jotka sis\u00e4lt\u00e4v\u00e4t maaper\u00e4\u00e4, kivi\u00e4, kukka ter\u00e4lehti\u00e4 ja betlehemin oliivinlehtihiutaleita.<\/p>\n<p>T\u00e4m\u00e4 tuote sis\u00e4lt\u00e4\u00e4 aitoustodistuksen, jossa tarkistetaan t\u00e4m\u00e4n tuotteen valmistuksessa k\u00e4ytetyt materiaalit ja tekniikat.<\/p>\n<p>Koko: 28 cm<\/p>\n","protected":false},"featured_media":28187,"comment_status":"closed","ping_status":"closed","template":"","meta":[],"product_brand":[],"product_cat":[786,777],"product_tag":[1009,977,904,791,946,963,878,913,892,854,867,4079,861,997,1005,955,934,929,940,811,803,921,969,819,834,1000,1013,987,1015,884,797,825,842],"class_list":{"0":"post-45991","1":"product","2":"type-product","3":"status-publish","4":"has-post-thumbnail","6":"product_cat-kunsthaandvaerk-fi","7":"product_cat-kors-og-krucifikser-fi","8":"product_tag-14-fi","9":"product_tag-af-fi","10":"product_tag-antoi","11":"product_tag-betlehem-fi","12":"product_tag-boen-fi","13":"product_tag-foedselskirken-fi","14":"product_tag-haandlavet-fi","15":"product_tag-haandvaerk-fi","16":"product_tag-heinaekuu","17":"product_tag-hellig-fi","18":"product_tag-jerusalem-fi","19":"product_tag-jesus-fi","20":"product_tag-jord-fi","21":"product_tag-katolsk-fi","22":"product_tag-keltisk-fi","23":"product_tag-kirke-fi","24":"product_tag-kors-fi","25":"product_tag-kristen-fi","26":"product_tag-krucifiks-fi","27":"product_tag-krucifikser-fi","28":"product_tag-krydser-fi","29":"product_tag-kunsthaandvaerk-fi","30":"product_tag-mor-fi","31":"product_tag-oliivi","32":"product_tag-oliventrae-fi","33":"product_tag-ortodoks-fi","34":"product_tag-paperikauppias","35":"product_tag-perle-fi","36":"product_tag-pesae","37":"product_tag-rosenkranit","38":"product_tag-rosenkranse-fi","39":"product_tag-trae-fi","40":"product_tag-udskaering-fi","42":"first","43":"instock","44":"shipping-taxable","45":"purchasable","46":"product-type-simple"},"yoast_head":"<!-- This site is optimized with the Yoast SEO plugin v27.3 - https:\/\/yoast.com\/product\/yoast-seo-wordpress\/ -->\n<title>Ortodoksinen oliivipuu ja helmi krusifiksin \u00e4iti (28 cm \/ 11&#039;&#039;) #CR131 - Holy Land Olive Wood - Bethlehem Olive Wood Factory<\/title>\n<meta name=\"description\" content=\"Betlehem oliivipuun k\u00e4sity\u00f6t (eli ruusut, maap\u00e4hkin\u00e4t, ristit, krusifiksit, helmet) kyn\u00e4-aihiot, lohkot ja raaka-aine vakiomitoissa ja mukautetuissa mitoissa.\" \/>\n<meta name=\"robots\" content=\"index, follow, max-snippet:-1, max-image-preview:large, max-video-preview:-1\" \/>\n<link rel=\"canonical\" href=\"https:\/\/holyland-olivewood.com\/fi\/tuote\/ortodoksi-oliivi-puu-helmiainen-krusifiksi-28-cm-11\/\" \/>\n<meta property=\"og:locale\" content=\"fi_FI\" \/>\n<meta property=\"og:type\" content=\"article\" \/>\n<meta property=\"og:title\" content=\"Ortodoksinen oliivipuu ja helmi krusifiksin \u00e4iti (28 cm \/ 11&#039;&#039;) #CR131 - Holy Land Olive Wood - Bethlehem Olive Wood Factory\" \/>\n<meta property=\"og:description\" content=\"Betlehem oliivipuun k\u00e4sity\u00f6t (eli ruusut, maap\u00e4hkin\u00e4t, ristit, krusifiksit, helmet) kyn\u00e4-aihiot, lohkot ja raaka-aine vakiomitoissa ja mukautetuissa mitoissa.\" \/>\n<meta property=\"og:url\" content=\"https:\/\/holyland-olivewood.com\/fi\/tuote\/ortodoksi-oliivi-puu-helmiainen-krusifiksi-28-cm-11\/\" \/>\n<meta property=\"og:site_name\" content=\"Holy Land Olive Wood - Bethlehem Olive Wood Factory\" \/>\n<meta property=\"article:publisher\" content=\"https:\/\/www.facebook.com\/holylandolivewood.bethlehem\/\" \/>\n<meta property=\"article:modified_time\" content=\"2022-02-11T11:29:17+00:00\" \/>\n<meta property=\"og:image\" content=\"https:\/\/holyland-olivewood.com\/wp-content\/uploads\/2016\/05\/mop_and_olive_wood_crucifix_holy_land_bethlehem_cr131tocr134.jpg\" \/>\n\t<meta property=\"og:image:width\" content=\"1550\" \/>\n\t<meta property=\"og:image:height\" content=\"1200\" \/>\n\t<meta property=\"og:image:type\" content=\"image\/jpeg\" \/>\n<meta name=\"twitter:card\" content=\"summary_large_image\" \/>\n<script type=\"application\/ld+json\" class=\"yoast-schema-graph\">{\"@context\":\"https:\\\/\\\/schema.org\",\"@graph\":[{\"@type\":\"WebPage\",\"@id\":\"https:\\\/\\\/holyland-olivewood.com\\\/fi\\\/tuote\\\/ortodoksi-oliivi-puu-helmiainen-krusifiksi-28-cm-11\\\/\",\"url\":\"https:\\\/\\\/holyland-olivewood.com\\\/fi\\\/tuote\\\/ortodoksi-oliivi-puu-helmiainen-krusifiksi-28-cm-11\\\/\",\"name\":\"Ortodoksinen oliivipuu ja helmi krusifiksin \u00e4iti (28 cm \\\/ 11'') #CR131 - Holy Land Olive Wood - Bethlehem Olive Wood Factory\",\"isPartOf\":{\"@id\":\"https:\\\/\\\/holyland-olivewood.com\\\/fi\\\/#website\"},\"primaryImageOfPage\":{\"@id\":\"https:\\\/\\\/holyland-olivewood.com\\\/fi\\\/tuote\\\/ortodoksi-oliivi-puu-helmiainen-krusifiksi-28-cm-11\\\/#primaryimage\"},\"image\":{\"@id\":\"https:\\\/\\\/holyland-olivewood.com\\\/fi\\\/tuote\\\/ortodoksi-oliivi-puu-helmiainen-krusifiksi-28-cm-11\\\/#primaryimage\"},\"thumbnailUrl\":\"https:\\\/\\\/holyland-olivewood.com\\\/wp-content\\\/uploads\\\/2016\\\/05\\\/mop_and_olive_wood_crucifix_holy_land_bethlehem_cr131tocr134.jpg\",\"datePublished\":\"2016-05-30T21:37:08+00:00\",\"dateModified\":\"2022-02-11T11:29:17+00:00\",\"description\":\"Betlehem oliivipuun k\u00e4sity\u00f6t (eli ruusut, maap\u00e4hkin\u00e4t, ristit, krusifiksit, helmet) kyn\u00e4-aihiot, lohkot ja raaka-aine vakiomitoissa ja mukautetuissa mitoissa.\",\"breadcrumb\":{\"@id\":\"https:\\\/\\\/holyland-olivewood.com\\\/fi\\\/tuote\\\/ortodoksi-oliivi-puu-helmiainen-krusifiksi-28-cm-11\\\/#breadcrumb\"},\"inLanguage\":\"fi\",\"potentialAction\":[{\"@type\":\"ReadAction\",\"target\":[\"https:\\\/\\\/holyland-olivewood.com\\\/fi\\\/tuote\\\/ortodoksi-oliivi-puu-helmiainen-krusifiksi-28-cm-11\\\/\"]}]},{\"@type\":\"ImageObject\",\"inLanguage\":\"fi\",\"@id\":\"https:\\\/\\\/holyland-olivewood.com\\\/fi\\\/tuote\\\/ortodoksi-oliivi-puu-helmiainen-krusifiksi-28-cm-11\\\/#primaryimage\",\"url\":\"https:\\\/\\\/holyland-olivewood.com\\\/wp-content\\\/uploads\\\/2016\\\/05\\\/mop_and_olive_wood_crucifix_holy_land_bethlehem_cr131tocr134.jpg\",\"contentUrl\":\"https:\\\/\\\/holyland-olivewood.com\\\/wp-content\\\/uploads\\\/2016\\\/05\\\/mop_and_olive_wood_crucifix_holy_land_bethlehem_cr131tocr134.jpg\",\"width\":1550,\"height\":1200},{\"@type\":\"BreadcrumbList\",\"@id\":\"https:\\\/\\\/holyland-olivewood.com\\\/fi\\\/tuote\\\/ortodoksi-oliivi-puu-helmiainen-krusifiksi-28-cm-11\\\/#breadcrumb\",\"itemListElement\":[{\"@type\":\"ListItem\",\"position\":1,\"name\":\"Home\",\"item\":\"https:\\\/\\\/holyland-olivewood.com\\\/fi\\\/koti-2\\\/\"},{\"@type\":\"ListItem\",\"position\":2,\"name\":\"N\u00e4yt\u00e4 kaikki tuotteet\",\"item\":\"https:\\\/\\\/holyland-olivewood.com\\\/fi\\\/shop\\\/\"},{\"@type\":\"ListItem\",\"position\":3,\"name\":\"Ortodoksinen oliivipuu ja helmi krusifiksin \u00e4iti (28 cm \\\/ 11&#8221;) #CR131\"}]},{\"@type\":\"WebSite\",\"@id\":\"https:\\\/\\\/holyland-olivewood.com\\\/fi\\\/#website\",\"url\":\"https:\\\/\\\/holyland-olivewood.com\\\/fi\\\/\",\"name\":\"Holy Land Olive Wood - Bethlehem Olive Wood Factory\",\"description\":\"Holy Land Olivewood Bethlehem\",\"publisher\":{\"@id\":\"https:\\\/\\\/holyland-olivewood.com\\\/fi\\\/#organization\"},\"potentialAction\":[{\"@type\":\"SearchAction\",\"target\":{\"@type\":\"EntryPoint\",\"urlTemplate\":\"https:\\\/\\\/holyland-olivewood.com\\\/fi\\\/?s={search_term_string}\"},\"query-input\":{\"@type\":\"PropertyValueSpecification\",\"valueRequired\":true,\"valueName\":\"search_term_string\"}}],\"inLanguage\":\"fi\"},{\"@type\":\"Organization\",\"@id\":\"https:\\\/\\\/holyland-olivewood.com\\\/fi\\\/#organization\",\"name\":\"Holy Land Olivewood\",\"url\":\"https:\\\/\\\/holyland-olivewood.com\\\/fi\\\/\",\"logo\":{\"@type\":\"ImageObject\",\"inLanguage\":\"fi\",\"@id\":\"https:\\\/\\\/holyland-olivewood.com\\\/fi\\\/#\\\/schema\\\/logo\\\/image\\\/\",\"url\":\"\",\"contentUrl\":\"\",\"caption\":\"Holy Land Olivewood\"},\"image\":{\"@id\":\"https:\\\/\\\/holyland-olivewood.com\\\/fi\\\/#\\\/schema\\\/logo\\\/image\\\/\"},\"sameAs\":[\"https:\\\/\\\/www.facebook.com\\\/holylandolivewood.bethlehem\\\/\",\"http:\\\/\\\/instagram.com\\\/holy.land.olive.wood\"]}]}<\/script>\n<!-- \/ Yoast SEO plugin. -->","yoast_head_json":{"title":"Ortodoksinen oliivipuu ja helmi krusifiksin \u00e4iti (28 cm \/ 11'') #CR131 - Holy Land Olive Wood - Bethlehem Olive Wood Factory","description":"Betlehem oliivipuun k\u00e4sity\u00f6t (eli ruusut, maap\u00e4hkin\u00e4t, ristit, krusifiksit, helmet) kyn\u00e4-aihiot, lohkot ja raaka-aine vakiomitoissa ja mukautetuissa mitoissa.","robots":{"index":"index","follow":"follow","max-snippet":"max-snippet:-1","max-image-preview":"max-image-preview:large","max-video-preview":"max-video-preview:-1"},"canonical":"https:\/\/holyland-olivewood.com\/fi\/tuote\/ortodoksi-oliivi-puu-helmiainen-krusifiksi-28-cm-11\/","og_locale":"fi_FI","og_type":"article","og_title":"Ortodoksinen oliivipuu ja helmi krusifiksin \u00e4iti (28 cm \/ 11'') #CR131 - Holy Land Olive Wood - Bethlehem Olive Wood Factory","og_description":"Betlehem oliivipuun k\u00e4sity\u00f6t (eli ruusut, maap\u00e4hkin\u00e4t, ristit, krusifiksit, helmet) kyn\u00e4-aihiot, lohkot ja raaka-aine vakiomitoissa ja mukautetuissa mitoissa.","og_url":"https:\/\/holyland-olivewood.com\/fi\/tuote\/ortodoksi-oliivi-puu-helmiainen-krusifiksi-28-cm-11\/","og_site_name":"Holy Land Olive Wood - Bethlehem Olive Wood Factory","article_publisher":"https:\/\/www.facebook.com\/holylandolivewood.bethlehem\/","article_modified_time":"2022-02-11T11:29:17+00:00","og_image":[{"width":1550,"height":1200,"url":"https:\/\/holyland-olivewood.com\/wp-content\/uploads\/2016\/05\/mop_and_olive_wood_crucifix_holy_land_bethlehem_cr131tocr134.jpg","type":"image\/jpeg"}],"twitter_card":"summary_large_image","schema":{"@context":"https:\/\/schema.org","@graph":[{"@type":"WebPage","@id":"https:\/\/holyland-olivewood.com\/fi\/tuote\/ortodoksi-oliivi-puu-helmiainen-krusifiksi-28-cm-11\/","url":"https:\/\/holyland-olivewood.com\/fi\/tuote\/ortodoksi-oliivi-puu-helmiainen-krusifiksi-28-cm-11\/","name":"Ortodoksinen oliivipuu ja helmi krusifiksin \u00e4iti (28 cm \/ 11'') #CR131 - Holy Land Olive Wood - Bethlehem Olive Wood Factory","isPartOf":{"@id":"https:\/\/holyland-olivewood.com\/fi\/#website"},"primaryImageOfPage":{"@id":"https:\/\/holyland-olivewood.com\/fi\/tuote\/ortodoksi-oliivi-puu-helmiainen-krusifiksi-28-cm-11\/#primaryimage"},"image":{"@id":"https:\/\/holyland-olivewood.com\/fi\/tuote\/ortodoksi-oliivi-puu-helmiainen-krusifiksi-28-cm-11\/#primaryimage"},"thumbnailUrl":"https:\/\/holyland-olivewood.com\/wp-content\/uploads\/2016\/05\/mop_and_olive_wood_crucifix_holy_land_bethlehem_cr131tocr134.jpg","datePublished":"2016-05-30T21:37:08+00:00","dateModified":"2022-02-11T11:29:17+00:00","description":"Betlehem oliivipuun k\u00e4sity\u00f6t (eli ruusut, maap\u00e4hkin\u00e4t, ristit, krusifiksit, helmet) kyn\u00e4-aihiot, lohkot ja raaka-aine vakiomitoissa ja mukautetuissa mitoissa.","breadcrumb":{"@id":"https:\/\/holyland-olivewood.com\/fi\/tuote\/ortodoksi-oliivi-puu-helmiainen-krusifiksi-28-cm-11\/#breadcrumb"},"inLanguage":"fi","potentialAction":[{"@type":"ReadAction","target":["https:\/\/holyland-olivewood.com\/fi\/tuote\/ortodoksi-oliivi-puu-helmiainen-krusifiksi-28-cm-11\/"]}]},{"@type":"ImageObject","inLanguage":"fi","@id":"https:\/\/holyland-olivewood.com\/fi\/tuote\/ortodoksi-oliivi-puu-helmiainen-krusifiksi-28-cm-11\/#primaryimage","url":"https:\/\/holyland-olivewood.com\/wp-content\/uploads\/2016\/05\/mop_and_olive_wood_crucifix_holy_land_bethlehem_cr131tocr134.jpg","contentUrl":"https:\/\/holyland-olivewood.com\/wp-content\/uploads\/2016\/05\/mop_and_olive_wood_crucifix_holy_land_bethlehem_cr131tocr134.jpg","width":1550,"height":1200},{"@type":"BreadcrumbList","@id":"https:\/\/holyland-olivewood.com\/fi\/tuote\/ortodoksi-oliivi-puu-helmiainen-krusifiksi-28-cm-11\/#breadcrumb","itemListElement":[{"@type":"ListItem","position":1,"name":"Home","item":"https:\/\/holyland-olivewood.com\/fi\/koti-2\/"},{"@type":"ListItem","position":2,"name":"N\u00e4yt\u00e4 kaikki tuotteet","item":"https:\/\/holyland-olivewood.com\/fi\/shop\/"},{"@type":"ListItem","position":3,"name":"Ortodoksinen oliivipuu ja helmi krusifiksin \u00e4iti (28 cm \/ 11&#8221;) #CR131"}]},{"@type":"WebSite","@id":"https:\/\/holyland-olivewood.com\/fi\/#website","url":"https:\/\/holyland-olivewood.com\/fi\/","name":"Holy Land Olive Wood - Bethlehem Olive Wood Factory","description":"Holy Land Olivewood Bethlehem","publisher":{"@id":"https:\/\/holyland-olivewood.com\/fi\/#organization"},"potentialAction":[{"@type":"SearchAction","target":{"@type":"EntryPoint","urlTemplate":"https:\/\/holyland-olivewood.com\/fi\/?s={search_term_string}"},"query-input":{"@type":"PropertyValueSpecification","valueRequired":true,"valueName":"search_term_string"}}],"inLanguage":"fi"},{"@type":"Organization","@id":"https:\/\/holyland-olivewood.com\/fi\/#organization","name":"Holy Land Olivewood","url":"https:\/\/holyland-olivewood.com\/fi\/","logo":{"@type":"ImageObject","inLanguage":"fi","@id":"https:\/\/holyland-olivewood.com\/fi\/#\/schema\/logo\/image\/","url":"","contentUrl":"","caption":"Holy Land Olivewood"},"image":{"@id":"https:\/\/holyland-olivewood.com\/fi\/#\/schema\/logo\/image\/"},"sameAs":["https:\/\/www.facebook.com\/holylandolivewood.bethlehem\/","http:\/\/instagram.com\/holy.land.olive.wood"]}]}},"_links":{"self":[{"href":"https:\/\/holyland-olivewood.com\/fi\/wp-json\/wp\/v2\/product\/45991","targetHints":{"allow":["GET"]}}],"collection":[{"href":"https:\/\/holyland-olivewood.com\/fi\/wp-json\/wp\/v2\/product"}],"about":[{"href":"https:\/\/holyland-olivewood.com\/fi\/wp-json\/wp\/v2\/types\/product"}],"replies":[{"embeddable":true,"href":"https:\/\/holyland-olivewood.com\/fi\/wp-json\/wp\/v2\/comments?post=45991"}],"version-history":[{"count":0,"href":"https:\/\/holyland-olivewood.com\/fi\/wp-json\/wp\/v2\/product\/45991\/revisions"}],"wp:featuredmedia":[{"embeddable":true,"href":"https:\/\/holyland-olivewood.com\/fi\/wp-json\/wp\/v2\/media\/28187"}],"wp:attachment":[{"href":"https:\/\/holyland-olivewood.com\/fi\/wp-json\/wp\/v2\/media?parent=45991"}],"wp:term":[{"taxonomy":"product_brand","embeddable":true,"href":"https:\/\/holyland-olivewood.com\/fi\/wp-json\/wp\/v2\/product_brand?post=45991"},{"taxonomy":"product_cat","embeddable":true,"href":"https:\/\/holyland-olivewood.com\/fi\/wp-json\/wp\/v2\/product_cat?post=45991"},{"taxonomy":"product_tag","embeddable":true,"href":"https:\/\/holyland-olivewood.com\/fi\/wp-json\/wp\/v2\/product_tag?post=45991"}],"curies":[{"name":"wp","href":"https:\/\/api.w.org\/{rel}","templated":true}]}}