{"id":44279,"date":"2016-05-31T10:37:09","date_gmt":"2022-02-10T17:01:48","guid":{"rendered":"https:\/\/holyland-olivewood.com\/product\/oliivipuun-maljakko-t107\/"},"modified":"2022-02-10T17:01:48","modified_gmt":"2022-02-10T17:01:48","slug":"oliivi-puu-maljakko","status":"publish","type":"product","link":"https:\/\/holyland-olivewood.com\/fi\/tuote\/oliivi-puu-maljakko\/","title":{"rendered":"Oliivipuun maljakko #T107"},"content":{"rendered":"","protected":false},"excerpt":{"rendered":"<p>T\u00e4m\u00e4 kaunis maljakko on k\u00e4sintehty Pyh\u00e4ss\u00e4 maassa kest\u00e4v\u00e4sti korjatuista, aidoista Betlehem Olivewoodista. T\u00e4m\u00e4 ainutlaatuinen tyylik\u00e4s k\u00e4sin veistetty ja k\u00e4sintehty oliivipuu maljakko on valmistettu parhaista oliivipuun karsintoja Holy Land oliivipuita. Kukkien kanssa tai ilman t\u00e4m\u00e4 olisi suuri lahja kauniin oliivipuun viljan vuoksi.<\/p>\n<p>T\u00e4m\u00e4 tuote sis\u00e4lt\u00e4\u00e4 aitoustodistuksen, jossa tarkistetaan t\u00e4m\u00e4n tuotteen valmistuksessa k\u00e4ytetyt materiaalit ja tekniikat.<\/p>\n<p>Koko: 5,5 cm x 5,5 cm x 12,5 cm (2&#8243; x 2&#8243; x 5&#8243;)<\/p>\n","protected":false},"featured_media":30093,"comment_status":"closed","ping_status":"closed","template":"","meta":[],"product_brand":[],"product_cat":[2998,786],"product_tag":[904,3353,791,3364,963,3360,3362,878,913,892,854,3372,867,4079,861,997,955,934,929,3511,921,3368,3366,3358,3378,3376,1328,3355,3356,819,834,1000,3374,2621,825,842,3370],"class_list":{"0":"post-44279","1":"product","2":"type-product","3":"status-publish","4":"has-post-thumbnail","6":"product_cat-astiasto","7":"product_cat-kunsthaandvaerk-fi","8":"product_tag-antoi","9":"product_tag-astiasto","10":"product_tag-betlehem-fi","11":"product_tag-ehtoollinen","12":"product_tag-foedselskirken-fi","13":"product_tag-haltija","14":"product_tag-haltijat","15":"product_tag-haandlavet-fi","16":"product_tag-haandvaerk-fi","17":"product_tag-heinaekuu","18":"product_tag-hellig-fi","19":"product_tag-iltapala","20":"product_tag-jerusalem-fi","21":"product_tag-jesus-fi","22":"product_tag-jord-fi","23":"product_tag-katolsk-fi","24":"product_tag-kirke-fi","25":"product_tag-kors-fi","26":"product_tag-kristen-fi","27":"product_tag-kukka","28":"product_tag-kunsthaandvaerk-fi","29":"product_tag-kupit","30":"product_tag-kuppi","31":"product_tag-kynttila","32":"product_tag-kynttilanjalat","33":"product_tag-kynttilanjalka","34":"product_tag-lahjaa","35":"product_tag-maljakko","36":"product_tag-maljakoita","37":"product_tag-oliivi","38":"product_tag-oliventrae-fi","39":"product_tag-ortodoks-fi","40":"product_tag-pikari","41":"product_tag-tahti","42":"product_tag-trae-fi","43":"product_tag-udskaering-fi","44":"product_tag-viime","46":"first","47":"instock","48":"shipping-taxable","49":"purchasable","50":"product-type-simple"},"yoast_head":"<!-- This site is optimized with the Yoast SEO plugin v27.3 - https:\/\/yoast.com\/product\/yoast-seo-wordpress\/ -->\n<title>Oliivipuun maljakko #T107 - Holy Land Olive Wood - Bethlehem Olive Wood Factory<\/title>\n<meta name=\"description\" content=\"Betlehem oliivipuun k\u00e4sity\u00f6t (eli astiat, kupit, viimeinen,illallinen,helmet) maljakot, kynttil\u00e4, pidikkeet, pidikkeet ja raaka-aine vakio- ja mittasalttiina.\" \/>\n<meta name=\"robots\" content=\"index, follow, max-snippet:-1, max-image-preview:large, max-video-preview:-1\" \/>\n<link rel=\"canonical\" href=\"https:\/\/holyland-olivewood.com\/fi\/tuote\/oliivi-puu-maljakko\/\" \/>\n<meta property=\"og:locale\" content=\"fi_FI\" \/>\n<meta property=\"og:type\" content=\"article\" \/>\n<meta property=\"og:title\" content=\"Oliivipuun maljakko #T107 - Holy Land Olive Wood - Bethlehem Olive Wood Factory\" \/>\n<meta property=\"og:description\" content=\"Betlehem oliivipuun k\u00e4sity\u00f6t (eli astiat, kupit, viimeinen,illallinen,helmet) maljakot, kynttil\u00e4, pidikkeet, pidikkeet ja raaka-aine vakio- ja mittasalttiina.\" \/>\n<meta property=\"og:url\" content=\"https:\/\/holyland-olivewood.com\/fi\/tuote\/oliivi-puu-maljakko\/\" \/>\n<meta property=\"og:site_name\" content=\"Holy Land Olive Wood - Bethlehem Olive Wood Factory\" \/>\n<meta property=\"article:publisher\" content=\"https:\/\/www.facebook.com\/holylandolivewood.bethlehem\/\" \/>\n<meta property=\"og:image\" content=\"https:\/\/holyland-olivewood.com\/wp-content\/uploads\/2016\/05\/vase_holy_land_olive_wood_bethlehem_t107_1.jpg\" \/>\n\t<meta property=\"og:image:width\" content=\"1550\" \/>\n\t<meta property=\"og:image:height\" content=\"1200\" \/>\n\t<meta property=\"og:image:type\" content=\"image\/jpeg\" \/>\n<meta name=\"twitter:card\" content=\"summary_large_image\" \/>\n<script type=\"application\/ld+json\" class=\"yoast-schema-graph\">{\"@context\":\"https:\\\/\\\/schema.org\",\"@graph\":[{\"@type\":\"WebPage\",\"@id\":\"https:\\\/\\\/holyland-olivewood.com\\\/fi\\\/tuote\\\/oliivi-puu-maljakko\\\/\",\"url\":\"https:\\\/\\\/holyland-olivewood.com\\\/fi\\\/tuote\\\/oliivi-puu-maljakko\\\/\",\"name\":\"Oliivipuun maljakko #T107 - Holy Land Olive Wood - Bethlehem Olive Wood Factory\",\"isPartOf\":{\"@id\":\"https:\\\/\\\/holyland-olivewood.com\\\/fi\\\/#website\"},\"primaryImageOfPage\":{\"@id\":\"https:\\\/\\\/holyland-olivewood.com\\\/fi\\\/tuote\\\/oliivi-puu-maljakko\\\/#primaryimage\"},\"image\":{\"@id\":\"https:\\\/\\\/holyland-olivewood.com\\\/fi\\\/tuote\\\/oliivi-puu-maljakko\\\/#primaryimage\"},\"thumbnailUrl\":\"https:\\\/\\\/holyland-olivewood.com\\\/wp-content\\\/uploads\\\/2016\\\/05\\\/vase_holy_land_olive_wood_bethlehem_t107_1.jpg\",\"datePublished\":\"2022-02-10T17:01:48+00:00\",\"description\":\"Betlehem oliivipuun k\u00e4sity\u00f6t (eli astiat, kupit, viimeinen,illallinen,helmet) maljakot, kynttil\u00e4, pidikkeet, pidikkeet ja raaka-aine vakio- ja mittasalttiina.\",\"breadcrumb\":{\"@id\":\"https:\\\/\\\/holyland-olivewood.com\\\/fi\\\/tuote\\\/oliivi-puu-maljakko\\\/#breadcrumb\"},\"inLanguage\":\"fi\",\"potentialAction\":[{\"@type\":\"ReadAction\",\"target\":[\"https:\\\/\\\/holyland-olivewood.com\\\/fi\\\/tuote\\\/oliivi-puu-maljakko\\\/\"]}]},{\"@type\":\"ImageObject\",\"inLanguage\":\"fi\",\"@id\":\"https:\\\/\\\/holyland-olivewood.com\\\/fi\\\/tuote\\\/oliivi-puu-maljakko\\\/#primaryimage\",\"url\":\"https:\\\/\\\/holyland-olivewood.com\\\/wp-content\\\/uploads\\\/2016\\\/05\\\/vase_holy_land_olive_wood_bethlehem_t107_1.jpg\",\"contentUrl\":\"https:\\\/\\\/holyland-olivewood.com\\\/wp-content\\\/uploads\\\/2016\\\/05\\\/vase_holy_land_olive_wood_bethlehem_t107_1.jpg\",\"width\":1550,\"height\":1200},{\"@type\":\"BreadcrumbList\",\"@id\":\"https:\\\/\\\/holyland-olivewood.com\\\/fi\\\/tuote\\\/oliivi-puu-maljakko\\\/#breadcrumb\",\"itemListElement\":[{\"@type\":\"ListItem\",\"position\":1,\"name\":\"Home\",\"item\":\"https:\\\/\\\/holyland-olivewood.com\\\/fi\\\/koti-2\\\/\"},{\"@type\":\"ListItem\",\"position\":2,\"name\":\"N\u00e4yt\u00e4 kaikki tuotteet\",\"item\":\"https:\\\/\\\/holyland-olivewood.com\\\/fi\\\/shop\\\/\"},{\"@type\":\"ListItem\",\"position\":3,\"name\":\"Oliivipuun maljakko #T107\"}]},{\"@type\":\"WebSite\",\"@id\":\"https:\\\/\\\/holyland-olivewood.com\\\/fi\\\/#website\",\"url\":\"https:\\\/\\\/holyland-olivewood.com\\\/fi\\\/\",\"name\":\"Holy Land Olive Wood - Bethlehem Olive Wood Factory\",\"description\":\"Holy Land Olivewood Bethlehem\",\"publisher\":{\"@id\":\"https:\\\/\\\/holyland-olivewood.com\\\/fi\\\/#organization\"},\"potentialAction\":[{\"@type\":\"SearchAction\",\"target\":{\"@type\":\"EntryPoint\",\"urlTemplate\":\"https:\\\/\\\/holyland-olivewood.com\\\/fi\\\/?s={search_term_string}\"},\"query-input\":{\"@type\":\"PropertyValueSpecification\",\"valueRequired\":true,\"valueName\":\"search_term_string\"}}],\"inLanguage\":\"fi\"},{\"@type\":\"Organization\",\"@id\":\"https:\\\/\\\/holyland-olivewood.com\\\/fi\\\/#organization\",\"name\":\"Holy Land Olivewood\",\"url\":\"https:\\\/\\\/holyland-olivewood.com\\\/fi\\\/\",\"logo\":{\"@type\":\"ImageObject\",\"inLanguage\":\"fi\",\"@id\":\"https:\\\/\\\/holyland-olivewood.com\\\/fi\\\/#\\\/schema\\\/logo\\\/image\\\/\",\"url\":\"\",\"contentUrl\":\"\",\"caption\":\"Holy Land Olivewood\"},\"image\":{\"@id\":\"https:\\\/\\\/holyland-olivewood.com\\\/fi\\\/#\\\/schema\\\/logo\\\/image\\\/\"},\"sameAs\":[\"https:\\\/\\\/www.facebook.com\\\/holylandolivewood.bethlehem\\\/\",\"http:\\\/\\\/instagram.com\\\/holy.land.olive.wood\"]}]}<\/script>\n<!-- \/ Yoast SEO plugin. -->","yoast_head_json":{"title":"Oliivipuun maljakko #T107 - Holy Land Olive Wood - Bethlehem Olive Wood Factory","description":"Betlehem oliivipuun k\u00e4sity\u00f6t (eli astiat, kupit, viimeinen,illallinen,helmet) maljakot, kynttil\u00e4, pidikkeet, pidikkeet ja raaka-aine vakio- ja mittasalttiina.","robots":{"index":"index","follow":"follow","max-snippet":"max-snippet:-1","max-image-preview":"max-image-preview:large","max-video-preview":"max-video-preview:-1"},"canonical":"https:\/\/holyland-olivewood.com\/fi\/tuote\/oliivi-puu-maljakko\/","og_locale":"fi_FI","og_type":"article","og_title":"Oliivipuun maljakko #T107 - Holy Land Olive Wood - Bethlehem Olive Wood Factory","og_description":"Betlehem oliivipuun k\u00e4sity\u00f6t (eli astiat, kupit, viimeinen,illallinen,helmet) maljakot, kynttil\u00e4, pidikkeet, pidikkeet ja raaka-aine vakio- ja mittasalttiina.","og_url":"https:\/\/holyland-olivewood.com\/fi\/tuote\/oliivi-puu-maljakko\/","og_site_name":"Holy Land Olive Wood - Bethlehem Olive Wood Factory","article_publisher":"https:\/\/www.facebook.com\/holylandolivewood.bethlehem\/","og_image":[{"width":1550,"height":1200,"url":"https:\/\/holyland-olivewood.com\/wp-content\/uploads\/2016\/05\/vase_holy_land_olive_wood_bethlehem_t107_1.jpg","type":"image\/jpeg"}],"twitter_card":"summary_large_image","schema":{"@context":"https:\/\/schema.org","@graph":[{"@type":"WebPage","@id":"https:\/\/holyland-olivewood.com\/fi\/tuote\/oliivi-puu-maljakko\/","url":"https:\/\/holyland-olivewood.com\/fi\/tuote\/oliivi-puu-maljakko\/","name":"Oliivipuun maljakko #T107 - Holy Land Olive Wood - Bethlehem Olive Wood Factory","isPartOf":{"@id":"https:\/\/holyland-olivewood.com\/fi\/#website"},"primaryImageOfPage":{"@id":"https:\/\/holyland-olivewood.com\/fi\/tuote\/oliivi-puu-maljakko\/#primaryimage"},"image":{"@id":"https:\/\/holyland-olivewood.com\/fi\/tuote\/oliivi-puu-maljakko\/#primaryimage"},"thumbnailUrl":"https:\/\/holyland-olivewood.com\/wp-content\/uploads\/2016\/05\/vase_holy_land_olive_wood_bethlehem_t107_1.jpg","datePublished":"2022-02-10T17:01:48+00:00","description":"Betlehem oliivipuun k\u00e4sity\u00f6t (eli astiat, kupit, viimeinen,illallinen,helmet) maljakot, kynttil\u00e4, pidikkeet, pidikkeet ja raaka-aine vakio- ja mittasalttiina.","breadcrumb":{"@id":"https:\/\/holyland-olivewood.com\/fi\/tuote\/oliivi-puu-maljakko\/#breadcrumb"},"inLanguage":"fi","potentialAction":[{"@type":"ReadAction","target":["https:\/\/holyland-olivewood.com\/fi\/tuote\/oliivi-puu-maljakko\/"]}]},{"@type":"ImageObject","inLanguage":"fi","@id":"https:\/\/holyland-olivewood.com\/fi\/tuote\/oliivi-puu-maljakko\/#primaryimage","url":"https:\/\/holyland-olivewood.com\/wp-content\/uploads\/2016\/05\/vase_holy_land_olive_wood_bethlehem_t107_1.jpg","contentUrl":"https:\/\/holyland-olivewood.com\/wp-content\/uploads\/2016\/05\/vase_holy_land_olive_wood_bethlehem_t107_1.jpg","width":1550,"height":1200},{"@type":"BreadcrumbList","@id":"https:\/\/holyland-olivewood.com\/fi\/tuote\/oliivi-puu-maljakko\/#breadcrumb","itemListElement":[{"@type":"ListItem","position":1,"name":"Home","item":"https:\/\/holyland-olivewood.com\/fi\/koti-2\/"},{"@type":"ListItem","position":2,"name":"N\u00e4yt\u00e4 kaikki tuotteet","item":"https:\/\/holyland-olivewood.com\/fi\/shop\/"},{"@type":"ListItem","position":3,"name":"Oliivipuun maljakko #T107"}]},{"@type":"WebSite","@id":"https:\/\/holyland-olivewood.com\/fi\/#website","url":"https:\/\/holyland-olivewood.com\/fi\/","name":"Holy Land Olive Wood - Bethlehem Olive Wood Factory","description":"Holy Land Olivewood Bethlehem","publisher":{"@id":"https:\/\/holyland-olivewood.com\/fi\/#organization"},"potentialAction":[{"@type":"SearchAction","target":{"@type":"EntryPoint","urlTemplate":"https:\/\/holyland-olivewood.com\/fi\/?s={search_term_string}"},"query-input":{"@type":"PropertyValueSpecification","valueRequired":true,"valueName":"search_term_string"}}],"inLanguage":"fi"},{"@type":"Organization","@id":"https:\/\/holyland-olivewood.com\/fi\/#organization","name":"Holy Land Olivewood","url":"https:\/\/holyland-olivewood.com\/fi\/","logo":{"@type":"ImageObject","inLanguage":"fi","@id":"https:\/\/holyland-olivewood.com\/fi\/#\/schema\/logo\/image\/","url":"","contentUrl":"","caption":"Holy Land Olivewood"},"image":{"@id":"https:\/\/holyland-olivewood.com\/fi\/#\/schema\/logo\/image\/"},"sameAs":["https:\/\/www.facebook.com\/holylandolivewood.bethlehem\/","http:\/\/instagram.com\/holy.land.olive.wood"]}]}},"_links":{"self":[{"href":"https:\/\/holyland-olivewood.com\/fi\/wp-json\/wp\/v2\/product\/44279","targetHints":{"allow":["GET"]}}],"collection":[{"href":"https:\/\/holyland-olivewood.com\/fi\/wp-json\/wp\/v2\/product"}],"about":[{"href":"https:\/\/holyland-olivewood.com\/fi\/wp-json\/wp\/v2\/types\/product"}],"replies":[{"embeddable":true,"href":"https:\/\/holyland-olivewood.com\/fi\/wp-json\/wp\/v2\/comments?post=44279"}],"version-history":[{"count":0,"href":"https:\/\/holyland-olivewood.com\/fi\/wp-json\/wp\/v2\/product\/44279\/revisions"}],"wp:featuredmedia":[{"embeddable":true,"href":"https:\/\/holyland-olivewood.com\/fi\/wp-json\/wp\/v2\/media\/30093"}],"wp:attachment":[{"href":"https:\/\/holyland-olivewood.com\/fi\/wp-json\/wp\/v2\/media?parent=44279"}],"wp:term":[{"taxonomy":"product_brand","embeddable":true,"href":"https:\/\/holyland-olivewood.com\/fi\/wp-json\/wp\/v2\/product_brand?post=44279"},{"taxonomy":"product_cat","embeddable":true,"href":"https:\/\/holyland-olivewood.com\/fi\/wp-json\/wp\/v2\/product_cat?post=44279"},{"taxonomy":"product_tag","embeddable":true,"href":"https:\/\/holyland-olivewood.com\/fi\/wp-json\/wp\/v2\/product_tag?post=44279"}],"curies":[{"name":"wp","href":"https:\/\/api.w.org\/{rel}","templated":true}]}}