{"id":41923,"date":"2018-09-06T12:56:59","date_gmt":"2022-02-09T05:43:43","guid":{"rendered":"https:\/\/holyland-olivewood.com\/product\/kuolleenmeren-mineraalisuola-vanilja-300g-d114\/"},"modified":"2022-02-09T05:43:43","modified_gmt":"2022-02-09T05:43:43","slug":"kuollut-meri-mineraali-suola-vanilja-300g-d114","status":"publish","type":"product","link":"https:\/\/holyland-olivewood.com\/fi\/tuote\/kuollut-meri-mineraali-suola-vanilja-300g-d114\/","title":{"rendered":"Kuolleenmeren mineraalisuola &#8211; vanilja (300g) #D114"},"content":{"rendered":"<p>Kuolleenmeren mineraalisuola<\/p>\n","protected":false},"excerpt":{"rendered":"<p><strong>Kuolleenmeren mineraalisuola \u2013 Ruusu (300g)<\/strong><\/p>\n<p>Kuolleenmeren suola sis\u00e4lt\u00e4\u00e4 runsaasti luonnollisia mineraaleja, kuten magnesiumia, kalsiumia, kaliumia, sinkki\u00e4, rautaa, natriumia ja mangaania.<\/p>\n<p>Uimisen Kuolleenmeren suolassa on osoitettu edist\u00e4v\u00e4n verenkiertoa, lihasten rentoutumista, toksiinien vet\u00e4ytymist\u00e4 ja lievitt\u00e4v\u00e4n iho-olosuhteita, kuten psoriaasia, ekseemaa ja ihottumaa.<\/p>\n<p>T\u00e4ll\u00e4 tuotteella on my\u00f6s aroma-terapeuttisia ominaisuuksia, koska se infusoidaan luonnollisella ruusuuutteella.<\/p>\n<p><strong>Ohjeet:<\/strong> Mineraalien maksimaalisen imeytymisen saavuttamiseksi liuotetaan suolaliuospussin sis\u00e4lt\u00f6 l\u00e4mpim\u00e4\u00e4n kylpyammeeseen. Kylpe t\u00e4ss\u00e4 vedess\u00e4 noin 15-20 minuuttia ja pese sitten l\u00e4mpim\u00e4ll\u00e4 vedell\u00e4 ilman saippuaa.<\/p>\n<p><strong>M\u00e4\u00e4r\u00e4 :<\/strong> 300 Grammaa<\/p>\n","protected":false},"featured_media":51803,"comment_status":"closed","ping_status":"closed","template":"","meta":[],"product_brand":[],"product_cat":[2656,1678],"product_tag":[2664,2666,2660,2658,2668,2662],"class_list":{"0":"post-41923","1":"product","2":"type-product","3":"status-publish","4":"has-post-thumbnail","6":"product_cat-kuolleenmeren-tuotteet","7":"product_cat-sekalainen","8":"product_tag-kerma","9":"product_tag-kuolleen-meren-ruumiiden-kuorinta","10":"product_tag-kuolleenmeren-mineraalisuola","11":"product_tag-kuolleenmeren-muta","12":"product_tag-mineraalisuola","13":"product_tag-musta-muta-soab","15":"first","16":"outofstock","17":"shipping-taxable","18":"purchasable","19":"product-type-simple"},"yoast_head":"<!-- This site is optimized with the Yoast SEO plugin v27.3 - https:\/\/yoast.com\/product\/yoast-seo-wordpress\/ -->\n<title>Kuolleenmeren mineraalisuola - vanilja (300g) #D114 - Holy Land Olive Wood - Bethlehem Olive Wood Factory<\/title>\n<meta name=\"description\" content=\"Kuolleenmeren mineraalisuola ( kuolleenmeren muta, kuolleenmeren mineraalisuola ) Musta muta soab, kerma, kuolleen meren vartalon kuorinta, muta, mineraalisuola, Pyh\u00e4n maan oliivipuusta.\" \/>\n<meta name=\"robots\" content=\"index, follow, max-snippet:-1, max-image-preview:large, max-video-preview:-1\" \/>\n<link rel=\"canonical\" href=\"https:\/\/holyland-olivewood.com\/fi\/tuote\/kuollut-meri-mineraali-suola-vanilja-300g-d114\/\" \/>\n<meta property=\"og:locale\" content=\"fi_FI\" \/>\n<meta property=\"og:type\" content=\"article\" \/>\n<meta property=\"og:title\" content=\"Kuolleenmeren mineraalisuola - vanilja (300g) #D114 - Holy Land Olive Wood - Bethlehem Olive Wood Factory\" \/>\n<meta property=\"og:description\" content=\"Kuolleenmeren mineraalisuola ( kuolleenmeren muta, kuolleenmeren mineraalisuola ) Musta muta soab, kerma, kuolleen meren vartalon kuorinta, muta, mineraalisuola, Pyh\u00e4n maan oliivipuusta.\" \/>\n<meta property=\"og:url\" content=\"https:\/\/holyland-olivewood.com\/fi\/tuote\/kuollut-meri-mineraali-suola-vanilja-300g-d114\/\" \/>\n<meta property=\"og:site_name\" content=\"Holy Land Olive Wood - Bethlehem Olive Wood Factory\" \/>\n<meta property=\"article:publisher\" content=\"https:\/\/www.facebook.com\/holylandolivewood.bethlehem\/\" \/>\n<meta property=\"og:image\" content=\"https:\/\/holyland-olivewood.com\/wp-content\/uploads\/2018\/09\/dead_sea_salt_product_d113_114.jpg\" \/>\n\t<meta property=\"og:image:width\" content=\"1550\" \/>\n\t<meta property=\"og:image:height\" content=\"1200\" \/>\n\t<meta property=\"og:image:type\" content=\"image\/jpeg\" \/>\n<meta name=\"twitter:card\" content=\"summary_large_image\" \/>\n<script type=\"application\/ld+json\" class=\"yoast-schema-graph\">{\"@context\":\"https:\\\/\\\/schema.org\",\"@graph\":[{\"@type\":\"WebPage\",\"@id\":\"https:\\\/\\\/holyland-olivewood.com\\\/fi\\\/tuote\\\/kuollut-meri-mineraali-suola-vanilja-300g-d114\\\/\",\"url\":\"https:\\\/\\\/holyland-olivewood.com\\\/fi\\\/tuote\\\/kuollut-meri-mineraali-suola-vanilja-300g-d114\\\/\",\"name\":\"Kuolleenmeren mineraalisuola - vanilja (300g) #D114 - Holy Land Olive Wood - Bethlehem Olive Wood Factory\",\"isPartOf\":{\"@id\":\"https:\\\/\\\/holyland-olivewood.com\\\/fi\\\/#website\"},\"primaryImageOfPage\":{\"@id\":\"https:\\\/\\\/holyland-olivewood.com\\\/fi\\\/tuote\\\/kuollut-meri-mineraali-suola-vanilja-300g-d114\\\/#primaryimage\"},\"image\":{\"@id\":\"https:\\\/\\\/holyland-olivewood.com\\\/fi\\\/tuote\\\/kuollut-meri-mineraali-suola-vanilja-300g-d114\\\/#primaryimage\"},\"thumbnailUrl\":\"https:\\\/\\\/holyland-olivewood.com\\\/wp-content\\\/uploads\\\/2018\\\/09\\\/dead_sea_salt_product_d113_114.jpg\",\"datePublished\":\"2022-02-09T05:43:43+00:00\",\"description\":\"Kuolleenmeren mineraalisuola ( kuolleenmeren muta, kuolleenmeren mineraalisuola ) Musta muta soab, kerma, kuolleen meren vartalon kuorinta, muta, mineraalisuola, Pyh\u00e4n maan oliivipuusta.\",\"breadcrumb\":{\"@id\":\"https:\\\/\\\/holyland-olivewood.com\\\/fi\\\/tuote\\\/kuollut-meri-mineraali-suola-vanilja-300g-d114\\\/#breadcrumb\"},\"inLanguage\":\"fi\",\"potentialAction\":[{\"@type\":\"ReadAction\",\"target\":[\"https:\\\/\\\/holyland-olivewood.com\\\/fi\\\/tuote\\\/kuollut-meri-mineraali-suola-vanilja-300g-d114\\\/\"]}]},{\"@type\":\"ImageObject\",\"inLanguage\":\"fi\",\"@id\":\"https:\\\/\\\/holyland-olivewood.com\\\/fi\\\/tuote\\\/kuollut-meri-mineraali-suola-vanilja-300g-d114\\\/#primaryimage\",\"url\":\"https:\\\/\\\/holyland-olivewood.com\\\/wp-content\\\/uploads\\\/2018\\\/09\\\/dead_sea_salt_product_d113_114.jpg\",\"contentUrl\":\"https:\\\/\\\/holyland-olivewood.com\\\/wp-content\\\/uploads\\\/2018\\\/09\\\/dead_sea_salt_product_d113_114.jpg\",\"width\":1550,\"height\":1200},{\"@type\":\"BreadcrumbList\",\"@id\":\"https:\\\/\\\/holyland-olivewood.com\\\/fi\\\/tuote\\\/kuollut-meri-mineraali-suola-vanilja-300g-d114\\\/#breadcrumb\",\"itemListElement\":[{\"@type\":\"ListItem\",\"position\":1,\"name\":\"Home\",\"item\":\"https:\\\/\\\/holyland-olivewood.com\\\/fi\\\/koti-2\\\/\"},{\"@type\":\"ListItem\",\"position\":2,\"name\":\"N\u00e4yt\u00e4 kaikki tuotteet\",\"item\":\"https:\\\/\\\/holyland-olivewood.com\\\/fi\\\/shop\\\/\"},{\"@type\":\"ListItem\",\"position\":3,\"name\":\"Kuolleenmeren mineraalisuola &#8211; vanilja (300g) #D114\"}]},{\"@type\":\"WebSite\",\"@id\":\"https:\\\/\\\/holyland-olivewood.com\\\/fi\\\/#website\",\"url\":\"https:\\\/\\\/holyland-olivewood.com\\\/fi\\\/\",\"name\":\"Holy Land Olive Wood - Bethlehem Olive Wood Factory\",\"description\":\"Holy Land Olivewood Bethlehem\",\"publisher\":{\"@id\":\"https:\\\/\\\/holyland-olivewood.com\\\/fi\\\/#organization\"},\"potentialAction\":[{\"@type\":\"SearchAction\",\"target\":{\"@type\":\"EntryPoint\",\"urlTemplate\":\"https:\\\/\\\/holyland-olivewood.com\\\/fi\\\/?s={search_term_string}\"},\"query-input\":{\"@type\":\"PropertyValueSpecification\",\"valueRequired\":true,\"valueName\":\"search_term_string\"}}],\"inLanguage\":\"fi\"},{\"@type\":\"Organization\",\"@id\":\"https:\\\/\\\/holyland-olivewood.com\\\/fi\\\/#organization\",\"name\":\"Holy Land Olivewood\",\"url\":\"https:\\\/\\\/holyland-olivewood.com\\\/fi\\\/\",\"logo\":{\"@type\":\"ImageObject\",\"inLanguage\":\"fi\",\"@id\":\"https:\\\/\\\/holyland-olivewood.com\\\/fi\\\/#\\\/schema\\\/logo\\\/image\\\/\",\"url\":\"\",\"contentUrl\":\"\",\"caption\":\"Holy Land Olivewood\"},\"image\":{\"@id\":\"https:\\\/\\\/holyland-olivewood.com\\\/fi\\\/#\\\/schema\\\/logo\\\/image\\\/\"},\"sameAs\":[\"https:\\\/\\\/www.facebook.com\\\/holylandolivewood.bethlehem\\\/\",\"http:\\\/\\\/instagram.com\\\/holy.land.olive.wood\"]}]}<\/script>\n<!-- \/ Yoast SEO plugin. -->","yoast_head_json":{"title":"Kuolleenmeren mineraalisuola - vanilja (300g) #D114 - Holy Land Olive Wood - Bethlehem Olive Wood Factory","description":"Kuolleenmeren mineraalisuola ( kuolleenmeren muta, kuolleenmeren mineraalisuola ) Musta muta soab, kerma, kuolleen meren vartalon kuorinta, muta, mineraalisuola, Pyh\u00e4n maan oliivipuusta.","robots":{"index":"index","follow":"follow","max-snippet":"max-snippet:-1","max-image-preview":"max-image-preview:large","max-video-preview":"max-video-preview:-1"},"canonical":"https:\/\/holyland-olivewood.com\/fi\/tuote\/kuollut-meri-mineraali-suola-vanilja-300g-d114\/","og_locale":"fi_FI","og_type":"article","og_title":"Kuolleenmeren mineraalisuola - vanilja (300g) #D114 - Holy Land Olive Wood - Bethlehem Olive Wood Factory","og_description":"Kuolleenmeren mineraalisuola ( kuolleenmeren muta, kuolleenmeren mineraalisuola ) Musta muta soab, kerma, kuolleen meren vartalon kuorinta, muta, mineraalisuola, Pyh\u00e4n maan oliivipuusta.","og_url":"https:\/\/holyland-olivewood.com\/fi\/tuote\/kuollut-meri-mineraali-suola-vanilja-300g-d114\/","og_site_name":"Holy Land Olive Wood - Bethlehem Olive Wood Factory","article_publisher":"https:\/\/www.facebook.com\/holylandolivewood.bethlehem\/","og_image":[{"width":1550,"height":1200,"url":"https:\/\/holyland-olivewood.com\/wp-content\/uploads\/2018\/09\/dead_sea_salt_product_d113_114.jpg","type":"image\/jpeg"}],"twitter_card":"summary_large_image","schema":{"@context":"https:\/\/schema.org","@graph":[{"@type":"WebPage","@id":"https:\/\/holyland-olivewood.com\/fi\/tuote\/kuollut-meri-mineraali-suola-vanilja-300g-d114\/","url":"https:\/\/holyland-olivewood.com\/fi\/tuote\/kuollut-meri-mineraali-suola-vanilja-300g-d114\/","name":"Kuolleenmeren mineraalisuola - vanilja (300g) #D114 - Holy Land Olive Wood - Bethlehem Olive Wood Factory","isPartOf":{"@id":"https:\/\/holyland-olivewood.com\/fi\/#website"},"primaryImageOfPage":{"@id":"https:\/\/holyland-olivewood.com\/fi\/tuote\/kuollut-meri-mineraali-suola-vanilja-300g-d114\/#primaryimage"},"image":{"@id":"https:\/\/holyland-olivewood.com\/fi\/tuote\/kuollut-meri-mineraali-suola-vanilja-300g-d114\/#primaryimage"},"thumbnailUrl":"https:\/\/holyland-olivewood.com\/wp-content\/uploads\/2018\/09\/dead_sea_salt_product_d113_114.jpg","datePublished":"2022-02-09T05:43:43+00:00","description":"Kuolleenmeren mineraalisuola ( kuolleenmeren muta, kuolleenmeren mineraalisuola ) Musta muta soab, kerma, kuolleen meren vartalon kuorinta, muta, mineraalisuola, Pyh\u00e4n maan oliivipuusta.","breadcrumb":{"@id":"https:\/\/holyland-olivewood.com\/fi\/tuote\/kuollut-meri-mineraali-suola-vanilja-300g-d114\/#breadcrumb"},"inLanguage":"fi","potentialAction":[{"@type":"ReadAction","target":["https:\/\/holyland-olivewood.com\/fi\/tuote\/kuollut-meri-mineraali-suola-vanilja-300g-d114\/"]}]},{"@type":"ImageObject","inLanguage":"fi","@id":"https:\/\/holyland-olivewood.com\/fi\/tuote\/kuollut-meri-mineraali-suola-vanilja-300g-d114\/#primaryimage","url":"https:\/\/holyland-olivewood.com\/wp-content\/uploads\/2018\/09\/dead_sea_salt_product_d113_114.jpg","contentUrl":"https:\/\/holyland-olivewood.com\/wp-content\/uploads\/2018\/09\/dead_sea_salt_product_d113_114.jpg","width":1550,"height":1200},{"@type":"BreadcrumbList","@id":"https:\/\/holyland-olivewood.com\/fi\/tuote\/kuollut-meri-mineraali-suola-vanilja-300g-d114\/#breadcrumb","itemListElement":[{"@type":"ListItem","position":1,"name":"Home","item":"https:\/\/holyland-olivewood.com\/fi\/koti-2\/"},{"@type":"ListItem","position":2,"name":"N\u00e4yt\u00e4 kaikki tuotteet","item":"https:\/\/holyland-olivewood.com\/fi\/shop\/"},{"@type":"ListItem","position":3,"name":"Kuolleenmeren mineraalisuola &#8211; vanilja (300g) #D114"}]},{"@type":"WebSite","@id":"https:\/\/holyland-olivewood.com\/fi\/#website","url":"https:\/\/holyland-olivewood.com\/fi\/","name":"Holy Land Olive Wood - Bethlehem Olive Wood Factory","description":"Holy Land Olivewood Bethlehem","publisher":{"@id":"https:\/\/holyland-olivewood.com\/fi\/#organization"},"potentialAction":[{"@type":"SearchAction","target":{"@type":"EntryPoint","urlTemplate":"https:\/\/holyland-olivewood.com\/fi\/?s={search_term_string}"},"query-input":{"@type":"PropertyValueSpecification","valueRequired":true,"valueName":"search_term_string"}}],"inLanguage":"fi"},{"@type":"Organization","@id":"https:\/\/holyland-olivewood.com\/fi\/#organization","name":"Holy Land Olivewood","url":"https:\/\/holyland-olivewood.com\/fi\/","logo":{"@type":"ImageObject","inLanguage":"fi","@id":"https:\/\/holyland-olivewood.com\/fi\/#\/schema\/logo\/image\/","url":"","contentUrl":"","caption":"Holy Land Olivewood"},"image":{"@id":"https:\/\/holyland-olivewood.com\/fi\/#\/schema\/logo\/image\/"},"sameAs":["https:\/\/www.facebook.com\/holylandolivewood.bethlehem\/","http:\/\/instagram.com\/holy.land.olive.wood"]}]}},"_links":{"self":[{"href":"https:\/\/holyland-olivewood.com\/fi\/wp-json\/wp\/v2\/product\/41923","targetHints":{"allow":["GET"]}}],"collection":[{"href":"https:\/\/holyland-olivewood.com\/fi\/wp-json\/wp\/v2\/product"}],"about":[{"href":"https:\/\/holyland-olivewood.com\/fi\/wp-json\/wp\/v2\/types\/product"}],"replies":[{"embeddable":true,"href":"https:\/\/holyland-olivewood.com\/fi\/wp-json\/wp\/v2\/comments?post=41923"}],"version-history":[{"count":0,"href":"https:\/\/holyland-olivewood.com\/fi\/wp-json\/wp\/v2\/product\/41923\/revisions"}],"wp:featuredmedia":[{"embeddable":true,"href":"https:\/\/holyland-olivewood.com\/fi\/wp-json\/wp\/v2\/media\/51803"}],"wp:attachment":[{"href":"https:\/\/holyland-olivewood.com\/fi\/wp-json\/wp\/v2\/media?parent=41923"}],"wp:term":[{"taxonomy":"product_brand","embeddable":true,"href":"https:\/\/holyland-olivewood.com\/fi\/wp-json\/wp\/v2\/product_brand?post=41923"},{"taxonomy":"product_cat","embeddable":true,"href":"https:\/\/holyland-olivewood.com\/fi\/wp-json\/wp\/v2\/product_cat?post=41923"},{"taxonomy":"product_tag","embeddable":true,"href":"https:\/\/holyland-olivewood.com\/fi\/wp-json\/wp\/v2\/product_tag?post=41923"}],"curies":[{"name":"wp","href":"https:\/\/api.w.org\/{rel}","templated":true}]}}