{"id":55865,"date":"2024-10-17T08:57:13","date_gmt":"2024-10-18T12:17:20","guid":{"rendered":"https:\/\/holyland-olivewood.com\/product\/adornos-navidenos-colgantes-de-madera-de-olivo-con-forma-de-corazon-set-de-6-or122\/"},"modified":"2024-10-18T12:17:20","modified_gmt":"2024-10-18T12:17:20","slug":"adornos-navidenos-colgantes-de-madera-de-olivo-con-forma-de-corazon-set-de-6-or122","status":"publish","type":"product","link":"https:\/\/holyland-olivewood.com\/es\/producto\/adornos-navidenos-colgantes-de-madera-de-olivo-con-forma-de-corazon-set-de-6-or122\/","title":{"rendered":"Adornos navide\u00f1os colgantes de madera de olivo con forma de coraz\u00f3n &#8211; Set de 6 #OR122"},"content":{"rendered":"","protected":false},"excerpt":{"rendered":"<p>Este hermoso conjunto de 6 adornos navide\u00f1os en forma de coraz\u00f3n est\u00e1 hecho a mano en Tierra Santa con aut\u00e9ntica madera de olivo de Bel\u00e9n, recolectada de forma sostenible. Cada adorno capta la calidez y el amor de la Navidad, por lo que es un complemento perfecto para tu decoraci\u00f3n navide\u00f1a. <\/p>\n<p>Este art\u00edculo incluye un certificado de autenticidad que verifica los materiales y las t\u00e9cnicas utilizadas para fabricar este producto.<\/p>\n<p>Tama\u00f1o: 5 cm (2&#8243;)<\/p>\n","protected":false},"featured_media":55866,"comment_status":"closed","ping_status":"closed","template":"","meta":[],"product_brand":[],"product_cat":[783,2644],"product_tag":[789,1736,875,906,911,891,4137,2646,2647,4138],"class_list":{"0":"post-55865","1":"product","2":"type-product","3":"status-publish","4":"has-post-thumbnail","6":"product_cat-kunsthaandvaerk-es","7":"product_cat-ornamentos","8":"product_tag-belen","9":"product_tag-corazon","10":"product_tag-jul-es","11":"product_tag-kors-es","12":"product_tag-krucifiks-es","13":"product_tag-kunsthaandvaerk-es","14":"product_tag-madera-de-olivo","15":"product_tag-ornamento-es","16":"product_tag-ornamentos","17":"product_tag-sosteniendo-la-cruz","19":"first","20":"instock","21":"shipping-taxable","22":"purchasable","23":"product-type-simple"},"yoast_head":"<!-- This site is optimized with the Yoast SEO plugin v27.4 - https:\/\/yoast.com\/product\/yoast-seo-wordpress\/ -->\n<title>Adornos navide\u00f1os colgantes de madera de olivo con forma de coraz\u00f3n - Set de 6 #OR122 - Holy Land Olive Wood - Bethlehem Olive Wood Factory<\/title>\n<meta name=\"description\" content=\"Adornos navide\u00f1os Coraz\u00f3n colgante de madera de olivo tallados a mano de Bel\u00e9n. Bellamente elaborados, perfectos para a\u00f1adir un toque significativo a tu decoraci\u00f3n navide\u00f1a.\" \/>\n<meta name=\"robots\" content=\"index, follow, max-snippet:-1, max-image-preview:large, max-video-preview:-1\" \/>\n<link rel=\"canonical\" href=\"https:\/\/holyland-olivewood.com\/es\/producto\/adornos-navidenos-colgantes-de-madera-de-olivo-con-forma-de-corazon-set-de-6-or122\/\" \/>\n<meta property=\"og:locale\" content=\"es_ES\" \/>\n<meta property=\"og:type\" content=\"article\" \/>\n<meta property=\"og:title\" content=\"Adornos navide\u00f1os colgantes de madera de olivo con forma de coraz\u00f3n - Set de 6 #OR122 - Holy Land Olive Wood - Bethlehem Olive Wood Factory\" \/>\n<meta property=\"og:description\" content=\"Adornos navide\u00f1os Coraz\u00f3n colgante de madera de olivo tallados a mano de Bel\u00e9n. Bellamente elaborados, perfectos para a\u00f1adir un toque significativo a tu decoraci\u00f3n navide\u00f1a.\" \/>\n<meta property=\"og:url\" content=\"https:\/\/holyland-olivewood.com\/es\/producto\/adornos-navidenos-colgantes-de-madera-de-olivo-con-forma-de-corazon-set-de-6-or122\/\" \/>\n<meta property=\"og:site_name\" content=\"Holy Land Olive Wood - Bethlehem Olive Wood Factory\" \/>\n<meta property=\"article:publisher\" content=\"https:\/\/www.facebook.com\/holylandolivewood.bethlehem\/\" \/>\n<meta property=\"og:image\" content=\"https:\/\/holyland-olivewood.com\/wp-content\/uploads\/2024\/10\/olive-wood-hanging-heart-christmas-ornament-or122-1.jpg\" \/>\n\t<meta property=\"og:image:width\" content=\"1550\" \/>\n\t<meta property=\"og:image:height\" content=\"1200\" \/>\n\t<meta property=\"og:image:type\" content=\"image\/jpeg\" \/>\n<meta name=\"twitter:card\" content=\"summary_large_image\" \/>\n<script type=\"application\/ld+json\" class=\"yoast-schema-graph\">{\"@context\":\"https:\\\/\\\/schema.org\",\"@graph\":[{\"@type\":\"WebPage\",\"@id\":\"https:\\\/\\\/holyland-olivewood.com\\\/es\\\/producto\\\/adornos-navidenos-colgantes-de-madera-de-olivo-con-forma-de-corazon-set-de-6-or122\\\/\",\"url\":\"https:\\\/\\\/holyland-olivewood.com\\\/es\\\/producto\\\/adornos-navidenos-colgantes-de-madera-de-olivo-con-forma-de-corazon-set-de-6-or122\\\/\",\"name\":\"Adornos navide\u00f1os colgantes de madera de olivo con forma de coraz\u00f3n - Set de 6 #OR122 - Holy Land Olive Wood - Bethlehem Olive Wood Factory\",\"isPartOf\":{\"@id\":\"https:\\\/\\\/holyland-olivewood.com\\\/es\\\/#website\"},\"primaryImageOfPage\":{\"@id\":\"https:\\\/\\\/holyland-olivewood.com\\\/es\\\/producto\\\/adornos-navidenos-colgantes-de-madera-de-olivo-con-forma-de-corazon-set-de-6-or122\\\/#primaryimage\"},\"image\":{\"@id\":\"https:\\\/\\\/holyland-olivewood.com\\\/es\\\/producto\\\/adornos-navidenos-colgantes-de-madera-de-olivo-con-forma-de-corazon-set-de-6-or122\\\/#primaryimage\"},\"thumbnailUrl\":\"https:\\\/\\\/holyland-olivewood.com\\\/wp-content\\\/uploads\\\/2024\\\/10\\\/olive-wood-hanging-heart-christmas-ornament-or122-1.jpg\",\"datePublished\":\"2024-10-18T12:17:20+00:00\",\"description\":\"Adornos navide\u00f1os Coraz\u00f3n colgante de madera de olivo tallados a mano de Bel\u00e9n. Bellamente elaborados, perfectos para a\u00f1adir un toque significativo a tu decoraci\u00f3n navide\u00f1a.\",\"breadcrumb\":{\"@id\":\"https:\\\/\\\/holyland-olivewood.com\\\/es\\\/producto\\\/adornos-navidenos-colgantes-de-madera-de-olivo-con-forma-de-corazon-set-de-6-or122\\\/#breadcrumb\"},\"inLanguage\":\"es\",\"potentialAction\":[{\"@type\":\"ReadAction\",\"target\":[\"https:\\\/\\\/holyland-olivewood.com\\\/es\\\/producto\\\/adornos-navidenos-colgantes-de-madera-de-olivo-con-forma-de-corazon-set-de-6-or122\\\/\"]}]},{\"@type\":\"ImageObject\",\"inLanguage\":\"es\",\"@id\":\"https:\\\/\\\/holyland-olivewood.com\\\/es\\\/producto\\\/adornos-navidenos-colgantes-de-madera-de-olivo-con-forma-de-corazon-set-de-6-or122\\\/#primaryimage\",\"url\":\"https:\\\/\\\/holyland-olivewood.com\\\/wp-content\\\/uploads\\\/2024\\\/10\\\/olive-wood-hanging-heart-christmas-ornament-or122-1.jpg\",\"contentUrl\":\"https:\\\/\\\/holyland-olivewood.com\\\/wp-content\\\/uploads\\\/2024\\\/10\\\/olive-wood-hanging-heart-christmas-ornament-or122-1.jpg\",\"width\":1550,\"height\":1200},{\"@type\":\"BreadcrumbList\",\"@id\":\"https:\\\/\\\/holyland-olivewood.com\\\/es\\\/producto\\\/adornos-navidenos-colgantes-de-madera-de-olivo-con-forma-de-corazon-set-de-6-or122\\\/#breadcrumb\",\"itemListElement\":[{\"@type\":\"ListItem\",\"position\":1,\"name\":\"Home\",\"item\":\"https:\\\/\\\/holyland-olivewood.com\\\/es\\\/home\\\/\"},{\"@type\":\"ListItem\",\"position\":2,\"name\":\"Ver todos los productos\",\"item\":\"https:\\\/\\\/holyland-olivewood.com\\\/es\\\/shop\\\/\"},{\"@type\":\"ListItem\",\"position\":3,\"name\":\"Adornos navide\u00f1os colgantes de madera de olivo con forma de coraz\u00f3n &#8211; Set de 6 #OR122\"}]},{\"@type\":\"WebSite\",\"@id\":\"https:\\\/\\\/holyland-olivewood.com\\\/es\\\/#website\",\"url\":\"https:\\\/\\\/holyland-olivewood.com\\\/es\\\/\",\"name\":\"Holy Land Olive Wood - Bethlehem Olive Wood Factory\",\"description\":\"Holy Land Olivewood Bethlehem\",\"publisher\":{\"@id\":\"https:\\\/\\\/holyland-olivewood.com\\\/es\\\/#organization\"},\"potentialAction\":[{\"@type\":\"SearchAction\",\"target\":{\"@type\":\"EntryPoint\",\"urlTemplate\":\"https:\\\/\\\/holyland-olivewood.com\\\/es\\\/?s={search_term_string}\"},\"query-input\":{\"@type\":\"PropertyValueSpecification\",\"valueRequired\":true,\"valueName\":\"search_term_string\"}}],\"inLanguage\":\"es\"},{\"@type\":\"Organization\",\"@id\":\"https:\\\/\\\/holyland-olivewood.com\\\/es\\\/#organization\",\"name\":\"Holy Land Olivewood\",\"url\":\"https:\\\/\\\/holyland-olivewood.com\\\/es\\\/\",\"logo\":{\"@type\":\"ImageObject\",\"inLanguage\":\"es\",\"@id\":\"https:\\\/\\\/holyland-olivewood.com\\\/es\\\/#\\\/schema\\\/logo\\\/image\\\/\",\"url\":\"\",\"contentUrl\":\"\",\"caption\":\"Holy Land Olivewood\"},\"image\":{\"@id\":\"https:\\\/\\\/holyland-olivewood.com\\\/es\\\/#\\\/schema\\\/logo\\\/image\\\/\"},\"sameAs\":[\"https:\\\/\\\/www.facebook.com\\\/holylandolivewood.bethlehem\\\/\",\"http:\\\/\\\/instagram.com\\\/holy.land.olive.wood\"]}]}<\/script>\n<!-- \/ Yoast SEO plugin. -->","yoast_head_json":{"title":"Adornos navide\u00f1os colgantes de madera de olivo con forma de coraz\u00f3n - Set de 6 #OR122 - Holy Land Olive Wood - Bethlehem Olive Wood Factory","description":"Adornos navide\u00f1os Coraz\u00f3n colgante de madera de olivo tallados a mano de Bel\u00e9n. Bellamente elaborados, perfectos para a\u00f1adir un toque significativo a tu decoraci\u00f3n navide\u00f1a.","robots":{"index":"index","follow":"follow","max-snippet":"max-snippet:-1","max-image-preview":"max-image-preview:large","max-video-preview":"max-video-preview:-1"},"canonical":"https:\/\/holyland-olivewood.com\/es\/producto\/adornos-navidenos-colgantes-de-madera-de-olivo-con-forma-de-corazon-set-de-6-or122\/","og_locale":"es_ES","og_type":"article","og_title":"Adornos navide\u00f1os colgantes de madera de olivo con forma de coraz\u00f3n - Set de 6 #OR122 - Holy Land Olive Wood - Bethlehem Olive Wood Factory","og_description":"Adornos navide\u00f1os Coraz\u00f3n colgante de madera de olivo tallados a mano de Bel\u00e9n. Bellamente elaborados, perfectos para a\u00f1adir un toque significativo a tu decoraci\u00f3n navide\u00f1a.","og_url":"https:\/\/holyland-olivewood.com\/es\/producto\/adornos-navidenos-colgantes-de-madera-de-olivo-con-forma-de-corazon-set-de-6-or122\/","og_site_name":"Holy Land Olive Wood - Bethlehem Olive Wood Factory","article_publisher":"https:\/\/www.facebook.com\/holylandolivewood.bethlehem\/","og_image":[{"width":1550,"height":1200,"url":"https:\/\/holyland-olivewood.com\/wp-content\/uploads\/2024\/10\/olive-wood-hanging-heart-christmas-ornament-or122-1.jpg","type":"image\/jpeg"}],"twitter_card":"summary_large_image","schema":{"@context":"https:\/\/schema.org","@graph":[{"@type":"WebPage","@id":"https:\/\/holyland-olivewood.com\/es\/producto\/adornos-navidenos-colgantes-de-madera-de-olivo-con-forma-de-corazon-set-de-6-or122\/","url":"https:\/\/holyland-olivewood.com\/es\/producto\/adornos-navidenos-colgantes-de-madera-de-olivo-con-forma-de-corazon-set-de-6-or122\/","name":"Adornos navide\u00f1os colgantes de madera de olivo con forma de coraz\u00f3n - Set de 6 #OR122 - Holy Land Olive Wood - Bethlehem Olive Wood Factory","isPartOf":{"@id":"https:\/\/holyland-olivewood.com\/es\/#website"},"primaryImageOfPage":{"@id":"https:\/\/holyland-olivewood.com\/es\/producto\/adornos-navidenos-colgantes-de-madera-de-olivo-con-forma-de-corazon-set-de-6-or122\/#primaryimage"},"image":{"@id":"https:\/\/holyland-olivewood.com\/es\/producto\/adornos-navidenos-colgantes-de-madera-de-olivo-con-forma-de-corazon-set-de-6-or122\/#primaryimage"},"thumbnailUrl":"https:\/\/holyland-olivewood.com\/wp-content\/uploads\/2024\/10\/olive-wood-hanging-heart-christmas-ornament-or122-1.jpg","datePublished":"2024-10-18T12:17:20+00:00","description":"Adornos navide\u00f1os Coraz\u00f3n colgante de madera de olivo tallados a mano de Bel\u00e9n. Bellamente elaborados, perfectos para a\u00f1adir un toque significativo a tu decoraci\u00f3n navide\u00f1a.","breadcrumb":{"@id":"https:\/\/holyland-olivewood.com\/es\/producto\/adornos-navidenos-colgantes-de-madera-de-olivo-con-forma-de-corazon-set-de-6-or122\/#breadcrumb"},"inLanguage":"es","potentialAction":[{"@type":"ReadAction","target":["https:\/\/holyland-olivewood.com\/es\/producto\/adornos-navidenos-colgantes-de-madera-de-olivo-con-forma-de-corazon-set-de-6-or122\/"]}]},{"@type":"ImageObject","inLanguage":"es","@id":"https:\/\/holyland-olivewood.com\/es\/producto\/adornos-navidenos-colgantes-de-madera-de-olivo-con-forma-de-corazon-set-de-6-or122\/#primaryimage","url":"https:\/\/holyland-olivewood.com\/wp-content\/uploads\/2024\/10\/olive-wood-hanging-heart-christmas-ornament-or122-1.jpg","contentUrl":"https:\/\/holyland-olivewood.com\/wp-content\/uploads\/2024\/10\/olive-wood-hanging-heart-christmas-ornament-or122-1.jpg","width":1550,"height":1200},{"@type":"BreadcrumbList","@id":"https:\/\/holyland-olivewood.com\/es\/producto\/adornos-navidenos-colgantes-de-madera-de-olivo-con-forma-de-corazon-set-de-6-or122\/#breadcrumb","itemListElement":[{"@type":"ListItem","position":1,"name":"Home","item":"https:\/\/holyland-olivewood.com\/es\/home\/"},{"@type":"ListItem","position":2,"name":"Ver todos los productos","item":"https:\/\/holyland-olivewood.com\/es\/shop\/"},{"@type":"ListItem","position":3,"name":"Adornos navide\u00f1os colgantes de madera de olivo con forma de coraz\u00f3n &#8211; Set de 6 #OR122"}]},{"@type":"WebSite","@id":"https:\/\/holyland-olivewood.com\/es\/#website","url":"https:\/\/holyland-olivewood.com\/es\/","name":"Holy Land Olive Wood - Bethlehem Olive Wood Factory","description":"Holy Land Olivewood Bethlehem","publisher":{"@id":"https:\/\/holyland-olivewood.com\/es\/#organization"},"potentialAction":[{"@type":"SearchAction","target":{"@type":"EntryPoint","urlTemplate":"https:\/\/holyland-olivewood.com\/es\/?s={search_term_string}"},"query-input":{"@type":"PropertyValueSpecification","valueRequired":true,"valueName":"search_term_string"}}],"inLanguage":"es"},{"@type":"Organization","@id":"https:\/\/holyland-olivewood.com\/es\/#organization","name":"Holy Land Olivewood","url":"https:\/\/holyland-olivewood.com\/es\/","logo":{"@type":"ImageObject","inLanguage":"es","@id":"https:\/\/holyland-olivewood.com\/es\/#\/schema\/logo\/image\/","url":"","contentUrl":"","caption":"Holy Land Olivewood"},"image":{"@id":"https:\/\/holyland-olivewood.com\/es\/#\/schema\/logo\/image\/"},"sameAs":["https:\/\/www.facebook.com\/holylandolivewood.bethlehem\/","http:\/\/instagram.com\/holy.land.olive.wood"]}]}},"_links":{"self":[{"href":"https:\/\/holyland-olivewood.com\/es\/wp-json\/wp\/v2\/product\/55865","targetHints":{"allow":["GET"]}}],"collection":[{"href":"https:\/\/holyland-olivewood.com\/es\/wp-json\/wp\/v2\/product"}],"about":[{"href":"https:\/\/holyland-olivewood.com\/es\/wp-json\/wp\/v2\/types\/product"}],"replies":[{"embeddable":true,"href":"https:\/\/holyland-olivewood.com\/es\/wp-json\/wp\/v2\/comments?post=55865"}],"version-history":[{"count":0,"href":"https:\/\/holyland-olivewood.com\/es\/wp-json\/wp\/v2\/product\/55865\/revisions"}],"wp:featuredmedia":[{"embeddable":true,"href":"https:\/\/holyland-olivewood.com\/es\/wp-json\/wp\/v2\/media\/55866"}],"wp:attachment":[{"href":"https:\/\/holyland-olivewood.com\/es\/wp-json\/wp\/v2\/media?parent=55865"}],"wp:term":[{"taxonomy":"product_brand","embeddable":true,"href":"https:\/\/holyland-olivewood.com\/es\/wp-json\/wp\/v2\/product_brand?post=55865"},{"taxonomy":"product_cat","embeddable":true,"href":"https:\/\/holyland-olivewood.com\/es\/wp-json\/wp\/v2\/product_cat?post=55865"},{"taxonomy":"product_tag","embeddable":true,"href":"https:\/\/holyland-olivewood.com\/es\/wp-json\/wp\/v2\/product_tag?post=55865"}],"curies":[{"name":"wp","href":"https:\/\/api.w.org\/{rel}","templated":true}]}}