{"id":53930,"date":"2023-06-25T04:32:16","date_gmt":"2023-06-25T18:30:34","guid":{"rendered":"https:\/\/holyland-olivewood.com\/product\/bethlehem-handicrafts-holy-land-olive-wood-pieta-statue-fi122\/"},"modified":"2023-06-25T18:45:56","modified_gmt":"2023-06-25T18:45:56","slug":"bethlehem-artesania-ley-santa-pieta-estatua-de-madera-de-olivo-fi122","status":"publish","type":"product","link":"https:\/\/holyland-olivewood.com\/es\/producto\/bethlehem-artesania-ley-santa-pieta-estatua-de-madera-de-olivo-fi122\/","title":{"rendered":"Bethlehem Handicrafts Holy Land Olive Wood Pieta Statue #FI122"},"content":{"rendered":"","protected":false},"excerpt":{"rendered":"<p>Esta hermosa Piedad est\u00e1 tallada a mano en Tierra Santa en aut\u00e9ntica madera de olivo de Bel\u00e9n, recolectada de forma sostenible. Esta preciosa estatua de la Piedad est\u00e1 hecha a mano con madera de olivo de un \u00e1rbol que crece en Tierra Santa desde hace cientos de a\u00f1os. Un objeto significativo porque procede directamente de Tierra Santa.<\/p>\n<p>Este art\u00edculo incluye un certificado de autenticidad que verifica los materiales y las t\u00e9cnicas utilizadas para fabricar este producto.<\/p>\n<p>Tama\u00f1o: 26 cm x 35 cm x 34 cm (10,25&#8243; x 14&#8243; x 13,25&#8243;)<\/p>\n","protected":false},"featured_media":53931,"comment_status":"closed","ping_status":"closed","template":"","meta":[],"product_brand":[],"product_cat":[783,1970],"product_tag":[],"class_list":{"0":"post-53930","1":"product","2":"type-product","3":"status-publish","4":"has-post-thumbnail","6":"product_cat-kunsthaandvaerk-es","7":"product_cat-figuras","9":"first","10":"instock","11":"shipping-taxable","12":"purchasable","13":"product-type-simple"},"yoast_head":"<!-- This site is optimized with the Yoast SEO plugin v27.4 - https:\/\/yoast.com\/product\/yoast-seo-wordpress\/ -->\n<title>Bethlehem Handicrafts Holy Land Olive Wood Pieta Statue #FI122 - Holy Land Olive Wood - Bethlehem Olive Wood Factory<\/title>\n<meta name=\"description\" content=\"Wooden Carving of Olive Wood Pieta Statue Bethlehem olive wood handicrafts (i.e. figurines, nativity sets, statues, sculptures)\" \/>\n<meta name=\"robots\" content=\"index, follow, max-snippet:-1, max-image-preview:large, max-video-preview:-1\" \/>\n<link rel=\"canonical\" href=\"https:\/\/holyland-olivewood.com\/es\/producto\/bethlehem-artesania-ley-santa-pieta-estatua-de-madera-de-olivo-fi122\/\" \/>\n<meta property=\"og:locale\" content=\"es_ES\" \/>\n<meta property=\"og:type\" content=\"article\" \/>\n<meta property=\"og:title\" content=\"Bethlehem Handicrafts Holy Land Olive Wood Pieta Statue #FI122 - Holy Land Olive Wood - Bethlehem Olive Wood Factory\" \/>\n<meta property=\"og:description\" content=\"Wooden Carving of Olive Wood Pieta Statue Bethlehem olive wood handicrafts (i.e. figurines, nativity sets, statues, sculptures)\" \/>\n<meta property=\"og:url\" content=\"https:\/\/holyland-olivewood.com\/es\/producto\/bethlehem-artesania-ley-santa-pieta-estatua-de-madera-de-olivo-fi122\/\" \/>\n<meta property=\"og:site_name\" content=\"Holy Land Olive Wood - Bethlehem Olive Wood Factory\" \/>\n<meta property=\"article:publisher\" content=\"https:\/\/www.facebook.com\/holylandolivewood.bethlehem\/\" \/>\n<meta property=\"article:modified_time\" content=\"2023-06-25T18:45:56+00:00\" \/>\n<meta property=\"og:image\" content=\"https:\/\/holyland-olivewood.com\/wp-content\/uploads\/2023\/06\/pieta_holy_land_olive_wood_bethlehem_fi122-1.jpg\" \/>\n\t<meta property=\"og:image:width\" content=\"1550\" \/>\n\t<meta property=\"og:image:height\" content=\"1200\" \/>\n\t<meta property=\"og:image:type\" content=\"image\/jpeg\" \/>\n<meta name=\"twitter:card\" content=\"summary_large_image\" \/>\n<script type=\"application\/ld+json\" class=\"yoast-schema-graph\">{\"@context\":\"https:\\\/\\\/schema.org\",\"@graph\":[{\"@type\":\"WebPage\",\"@id\":\"https:\\\/\\\/holyland-olivewood.com\\\/es\\\/producto\\\/bethlehem-artesania-ley-santa-pieta-estatua-de-madera-de-olivo-fi122\\\/\",\"url\":\"https:\\\/\\\/holyland-olivewood.com\\\/es\\\/producto\\\/bethlehem-artesania-ley-santa-pieta-estatua-de-madera-de-olivo-fi122\\\/\",\"name\":\"Bethlehem Handicrafts Holy Land Olive Wood Pieta Statue #FI122 - Holy Land Olive Wood - Bethlehem Olive Wood Factory\",\"isPartOf\":{\"@id\":\"https:\\\/\\\/holyland-olivewood.com\\\/es\\\/#website\"},\"primaryImageOfPage\":{\"@id\":\"https:\\\/\\\/holyland-olivewood.com\\\/es\\\/producto\\\/bethlehem-artesania-ley-santa-pieta-estatua-de-madera-de-olivo-fi122\\\/#primaryimage\"},\"image\":{\"@id\":\"https:\\\/\\\/holyland-olivewood.com\\\/es\\\/producto\\\/bethlehem-artesania-ley-santa-pieta-estatua-de-madera-de-olivo-fi122\\\/#primaryimage\"},\"thumbnailUrl\":\"https:\\\/\\\/holyland-olivewood.com\\\/wp-content\\\/uploads\\\/2023\\\/06\\\/pieta_holy_land_olive_wood_bethlehem_fi122-1.jpg\",\"datePublished\":\"2023-06-25T18:30:34+00:00\",\"dateModified\":\"2023-06-25T18:45:56+00:00\",\"description\":\"Wooden Carving of Olive Wood Pieta Statue Bethlehem olive wood handicrafts (i.e. figurines, nativity sets, statues, sculptures)\",\"breadcrumb\":{\"@id\":\"https:\\\/\\\/holyland-olivewood.com\\\/es\\\/producto\\\/bethlehem-artesania-ley-santa-pieta-estatua-de-madera-de-olivo-fi122\\\/#breadcrumb\"},\"inLanguage\":\"es\",\"potentialAction\":[{\"@type\":\"ReadAction\",\"target\":[\"https:\\\/\\\/holyland-olivewood.com\\\/es\\\/producto\\\/bethlehem-artesania-ley-santa-pieta-estatua-de-madera-de-olivo-fi122\\\/\"]}]},{\"@type\":\"ImageObject\",\"inLanguage\":\"es\",\"@id\":\"https:\\\/\\\/holyland-olivewood.com\\\/es\\\/producto\\\/bethlehem-artesania-ley-santa-pieta-estatua-de-madera-de-olivo-fi122\\\/#primaryimage\",\"url\":\"https:\\\/\\\/holyland-olivewood.com\\\/wp-content\\\/uploads\\\/2023\\\/06\\\/pieta_holy_land_olive_wood_bethlehem_fi122-1.jpg\",\"contentUrl\":\"https:\\\/\\\/holyland-olivewood.com\\\/wp-content\\\/uploads\\\/2023\\\/06\\\/pieta_holy_land_olive_wood_bethlehem_fi122-1.jpg\",\"width\":1550,\"height\":1200},{\"@type\":\"BreadcrumbList\",\"@id\":\"https:\\\/\\\/holyland-olivewood.com\\\/es\\\/producto\\\/bethlehem-artesania-ley-santa-pieta-estatua-de-madera-de-olivo-fi122\\\/#breadcrumb\",\"itemListElement\":[{\"@type\":\"ListItem\",\"position\":1,\"name\":\"Home\",\"item\":\"https:\\\/\\\/holyland-olivewood.com\\\/es\\\/home\\\/\"},{\"@type\":\"ListItem\",\"position\":2,\"name\":\"Ver todos los productos\",\"item\":\"https:\\\/\\\/holyland-olivewood.com\\\/es\\\/shop\\\/\"},{\"@type\":\"ListItem\",\"position\":3,\"name\":\"Bethlehem Handicrafts Holy Land Olive Wood Pieta Statue #FI122\"}]},{\"@type\":\"WebSite\",\"@id\":\"https:\\\/\\\/holyland-olivewood.com\\\/es\\\/#website\",\"url\":\"https:\\\/\\\/holyland-olivewood.com\\\/es\\\/\",\"name\":\"Holy Land Olive Wood - Bethlehem Olive Wood Factory\",\"description\":\"Holy Land Olivewood Bethlehem\",\"publisher\":{\"@id\":\"https:\\\/\\\/holyland-olivewood.com\\\/es\\\/#organization\"},\"potentialAction\":[{\"@type\":\"SearchAction\",\"target\":{\"@type\":\"EntryPoint\",\"urlTemplate\":\"https:\\\/\\\/holyland-olivewood.com\\\/es\\\/?s={search_term_string}\"},\"query-input\":{\"@type\":\"PropertyValueSpecification\",\"valueRequired\":true,\"valueName\":\"search_term_string\"}}],\"inLanguage\":\"es\"},{\"@type\":\"Organization\",\"@id\":\"https:\\\/\\\/holyland-olivewood.com\\\/es\\\/#organization\",\"name\":\"Holy Land Olivewood\",\"url\":\"https:\\\/\\\/holyland-olivewood.com\\\/es\\\/\",\"logo\":{\"@type\":\"ImageObject\",\"inLanguage\":\"es\",\"@id\":\"https:\\\/\\\/holyland-olivewood.com\\\/es\\\/#\\\/schema\\\/logo\\\/image\\\/\",\"url\":\"\",\"contentUrl\":\"\",\"caption\":\"Holy Land Olivewood\"},\"image\":{\"@id\":\"https:\\\/\\\/holyland-olivewood.com\\\/es\\\/#\\\/schema\\\/logo\\\/image\\\/\"},\"sameAs\":[\"https:\\\/\\\/www.facebook.com\\\/holylandolivewood.bethlehem\\\/\",\"http:\\\/\\\/instagram.com\\\/holy.land.olive.wood\"]}]}<\/script>\n<!-- \/ Yoast SEO plugin. -->","yoast_head_json":{"title":"Bethlehem Handicrafts Holy Land Olive Wood Pieta Statue #FI122 - Holy Land Olive Wood - Bethlehem Olive Wood Factory","description":"Wooden Carving of Olive Wood Pieta Statue Bethlehem olive wood handicrafts (i.e. figurines, nativity sets, statues, sculptures)","robots":{"index":"index","follow":"follow","max-snippet":"max-snippet:-1","max-image-preview":"max-image-preview:large","max-video-preview":"max-video-preview:-1"},"canonical":"https:\/\/holyland-olivewood.com\/es\/producto\/bethlehem-artesania-ley-santa-pieta-estatua-de-madera-de-olivo-fi122\/","og_locale":"es_ES","og_type":"article","og_title":"Bethlehem Handicrafts Holy Land Olive Wood Pieta Statue #FI122 - Holy Land Olive Wood - Bethlehem Olive Wood Factory","og_description":"Wooden Carving of Olive Wood Pieta Statue Bethlehem olive wood handicrafts (i.e. figurines, nativity sets, statues, sculptures)","og_url":"https:\/\/holyland-olivewood.com\/es\/producto\/bethlehem-artesania-ley-santa-pieta-estatua-de-madera-de-olivo-fi122\/","og_site_name":"Holy Land Olive Wood - Bethlehem Olive Wood Factory","article_publisher":"https:\/\/www.facebook.com\/holylandolivewood.bethlehem\/","article_modified_time":"2023-06-25T18:45:56+00:00","og_image":[{"width":1550,"height":1200,"url":"https:\/\/holyland-olivewood.com\/wp-content\/uploads\/2023\/06\/pieta_holy_land_olive_wood_bethlehem_fi122-1.jpg","type":"image\/jpeg"}],"twitter_card":"summary_large_image","schema":{"@context":"https:\/\/schema.org","@graph":[{"@type":"WebPage","@id":"https:\/\/holyland-olivewood.com\/es\/producto\/bethlehem-artesania-ley-santa-pieta-estatua-de-madera-de-olivo-fi122\/","url":"https:\/\/holyland-olivewood.com\/es\/producto\/bethlehem-artesania-ley-santa-pieta-estatua-de-madera-de-olivo-fi122\/","name":"Bethlehem Handicrafts Holy Land Olive Wood Pieta Statue #FI122 - Holy Land Olive Wood - Bethlehem Olive Wood Factory","isPartOf":{"@id":"https:\/\/holyland-olivewood.com\/es\/#website"},"primaryImageOfPage":{"@id":"https:\/\/holyland-olivewood.com\/es\/producto\/bethlehem-artesania-ley-santa-pieta-estatua-de-madera-de-olivo-fi122\/#primaryimage"},"image":{"@id":"https:\/\/holyland-olivewood.com\/es\/producto\/bethlehem-artesania-ley-santa-pieta-estatua-de-madera-de-olivo-fi122\/#primaryimage"},"thumbnailUrl":"https:\/\/holyland-olivewood.com\/wp-content\/uploads\/2023\/06\/pieta_holy_land_olive_wood_bethlehem_fi122-1.jpg","datePublished":"2023-06-25T18:30:34+00:00","dateModified":"2023-06-25T18:45:56+00:00","description":"Wooden Carving of Olive Wood Pieta Statue Bethlehem olive wood handicrafts (i.e. figurines, nativity sets, statues, sculptures)","breadcrumb":{"@id":"https:\/\/holyland-olivewood.com\/es\/producto\/bethlehem-artesania-ley-santa-pieta-estatua-de-madera-de-olivo-fi122\/#breadcrumb"},"inLanguage":"es","potentialAction":[{"@type":"ReadAction","target":["https:\/\/holyland-olivewood.com\/es\/producto\/bethlehem-artesania-ley-santa-pieta-estatua-de-madera-de-olivo-fi122\/"]}]},{"@type":"ImageObject","inLanguage":"es","@id":"https:\/\/holyland-olivewood.com\/es\/producto\/bethlehem-artesania-ley-santa-pieta-estatua-de-madera-de-olivo-fi122\/#primaryimage","url":"https:\/\/holyland-olivewood.com\/wp-content\/uploads\/2023\/06\/pieta_holy_land_olive_wood_bethlehem_fi122-1.jpg","contentUrl":"https:\/\/holyland-olivewood.com\/wp-content\/uploads\/2023\/06\/pieta_holy_land_olive_wood_bethlehem_fi122-1.jpg","width":1550,"height":1200},{"@type":"BreadcrumbList","@id":"https:\/\/holyland-olivewood.com\/es\/producto\/bethlehem-artesania-ley-santa-pieta-estatua-de-madera-de-olivo-fi122\/#breadcrumb","itemListElement":[{"@type":"ListItem","position":1,"name":"Home","item":"https:\/\/holyland-olivewood.com\/es\/home\/"},{"@type":"ListItem","position":2,"name":"Ver todos los productos","item":"https:\/\/holyland-olivewood.com\/es\/shop\/"},{"@type":"ListItem","position":3,"name":"Bethlehem Handicrafts Holy Land Olive Wood Pieta Statue #FI122"}]},{"@type":"WebSite","@id":"https:\/\/holyland-olivewood.com\/es\/#website","url":"https:\/\/holyland-olivewood.com\/es\/","name":"Holy Land Olive Wood - Bethlehem Olive Wood Factory","description":"Holy Land Olivewood Bethlehem","publisher":{"@id":"https:\/\/holyland-olivewood.com\/es\/#organization"},"potentialAction":[{"@type":"SearchAction","target":{"@type":"EntryPoint","urlTemplate":"https:\/\/holyland-olivewood.com\/es\/?s={search_term_string}"},"query-input":{"@type":"PropertyValueSpecification","valueRequired":true,"valueName":"search_term_string"}}],"inLanguage":"es"},{"@type":"Organization","@id":"https:\/\/holyland-olivewood.com\/es\/#organization","name":"Holy Land Olivewood","url":"https:\/\/holyland-olivewood.com\/es\/","logo":{"@type":"ImageObject","inLanguage":"es","@id":"https:\/\/holyland-olivewood.com\/es\/#\/schema\/logo\/image\/","url":"","contentUrl":"","caption":"Holy Land Olivewood"},"image":{"@id":"https:\/\/holyland-olivewood.com\/es\/#\/schema\/logo\/image\/"},"sameAs":["https:\/\/www.facebook.com\/holylandolivewood.bethlehem\/","http:\/\/instagram.com\/holy.land.olive.wood"]}]}},"_links":{"self":[{"href":"https:\/\/holyland-olivewood.com\/es\/wp-json\/wp\/v2\/product\/53930","targetHints":{"allow":["GET"]}}],"collection":[{"href":"https:\/\/holyland-olivewood.com\/es\/wp-json\/wp\/v2\/product"}],"about":[{"href":"https:\/\/holyland-olivewood.com\/es\/wp-json\/wp\/v2\/types\/product"}],"replies":[{"embeddable":true,"href":"https:\/\/holyland-olivewood.com\/es\/wp-json\/wp\/v2\/comments?post=53930"}],"version-history":[{"count":0,"href":"https:\/\/holyland-olivewood.com\/es\/wp-json\/wp\/v2\/product\/53930\/revisions"}],"wp:featuredmedia":[{"embeddable":true,"href":"https:\/\/holyland-olivewood.com\/es\/wp-json\/wp\/v2\/media\/53931"}],"wp:attachment":[{"href":"https:\/\/holyland-olivewood.com\/es\/wp-json\/wp\/v2\/media?parent=53930"}],"wp:term":[{"taxonomy":"product_brand","embeddable":true,"href":"https:\/\/holyland-olivewood.com\/es\/wp-json\/wp\/v2\/product_brand?post=53930"},{"taxonomy":"product_cat","embeddable":true,"href":"https:\/\/holyland-olivewood.com\/es\/wp-json\/wp\/v2\/product_cat?post=53930"},{"taxonomy":"product_tag","embeddable":true,"href":"https:\/\/holyland-olivewood.com\/es\/wp-json\/wp\/v2\/product_tag?post=53930"}],"curies":[{"name":"wp","href":"https:\/\/api.w.org\/{rel}","templated":true}]}}