{"id":52786,"date":"2022-09-29T21:24:45","date_gmt":"2022-09-29T21:27:05","guid":{"rendered":"https:\/\/holyland-olivewood.com\/product\/madera-de-olivo-el-arca-de-la-alianza-fi116\/"},"modified":"2022-09-29T21:27:05","modified_gmt":"2022-09-29T21:27:05","slug":"madera-de-olivo-arco-de-la-alianza-fi116","status":"publish","type":"product","link":"https:\/\/holyland-olivewood.com\/es\/producto\/madera-de-olivo-arco-de-la-alianza-fi116\/","title":{"rendered":"Madera de olivo El Arca de la Alianza #FI116"},"content":{"rendered":"","protected":false},"excerpt":{"rendered":"<p>Esta impresionante escena de centro de mesa b\u00edblico est\u00e1 hecha a mano con madera de olivo de Tierra Santa. Cuatro sacerdotes llevan el Arca mientras un quinto sacerdote toca el Shofar (cuerno) abriendo el camino delante de ellos. El Arca misma tiene dos menorahs talladas a cada lado, sobre el arca dos querubines arrodillados en el propiciatorio y enfrentados. Las cinco figuras est\u00e1n fijadas en una base tallada ondulada sobre un pedestal de madera de caoba.<\/p>\n<p>Este art\u00edculo incluye un certificado de autenticidad que verifica los materiales y las t\u00e9cnicas utilizadas para fabricar este producto.<\/p>\n<p>Tama\u00f1o: 22 cm x 37 cm x 28 cm (8,5&#8243; x 14,5&#8243; x 11&#8243;)<\/p>\n","protected":false},"featured_media":52787,"comment_status":"closed","ping_status":"closed","template":"","meta":[],"product_brand":[],"product_cat":[783,1970],"product_tag":[],"class_list":{"0":"post-52786","1":"product","2":"type-product","3":"status-publish","4":"has-post-thumbnail","6":"product_cat-kunsthaandvaerk-es","7":"product_cat-figuras","9":"first","10":"outofstock","11":"shipping-taxable","12":"purchasable","13":"product-type-simple"},"yoast_head":"<!-- This site is optimized with the Yoast SEO plugin v27.4 - https:\/\/yoast.com\/product\/yoast-seo-wordpress\/ -->\n<title>Madera de olivo El Arca de la Alianza #FI116 - Holy Land Olive Wood - Bethlehem Olive Wood Factory<\/title>\n<meta name=\"robots\" content=\"index, follow, max-snippet:-1, max-image-preview:large, max-video-preview:-1\" \/>\n<link rel=\"canonical\" href=\"https:\/\/holyland-olivewood.com\/es\/producto\/madera-de-olivo-arco-de-la-alianza-fi116\/\" \/>\n<meta property=\"og:locale\" content=\"es_ES\" \/>\n<meta property=\"og:type\" content=\"article\" \/>\n<meta property=\"og:title\" content=\"Madera de olivo El Arca de la Alianza #FI116 - Holy Land Olive Wood - Bethlehem Olive Wood Factory\" \/>\n<meta property=\"og:description\" content=\"Esta impresionante escena de centro de mesa b\u00edblico est\u00e1 hecha a mano con madera de olivo de Tierra Santa. Cuatro sacerdotes llevan el Arca mientras un quinto sacerdote toca el Shofar (cuerno) abriendo el camino delante de ellos. El Arca misma tiene dos menorahs talladas a cada lado, sobre el arca dos querubines arrodillados en el propiciatorio y enfrentados. Las cinco figuras est\u00e1n fijadas en una base tallada ondulada sobre un pedestal de madera de caoba. Este art\u00edculo incluye un certificado de autenticidad que verifica los materiales y las t\u00e9cnicas utilizadas para fabricar este producto. Tama\u00f1o: 22 cm x 37 cm x 28 cm (8,5&quot; x 14,5&quot; x 11&quot;)\" \/>\n<meta property=\"og:url\" content=\"https:\/\/holyland-olivewood.com\/es\/producto\/madera-de-olivo-arco-de-la-alianza-fi116\/\" \/>\n<meta property=\"og:site_name\" content=\"Holy Land Olive Wood - Bethlehem Olive Wood Factory\" \/>\n<meta property=\"article:publisher\" content=\"https:\/\/www.facebook.com\/holylandolivewood.bethlehem\/\" \/>\n<meta property=\"og:image\" content=\"https:\/\/holyland-olivewood.com\/wp-content\/uploads\/2022\/09\/olive_wood_the_ark_of_the_covenant_fi116_1.jpg\" \/>\n\t<meta property=\"og:image:width\" content=\"1550\" \/>\n\t<meta property=\"og:image:height\" content=\"1200\" \/>\n\t<meta property=\"og:image:type\" content=\"image\/jpeg\" \/>\n<meta name=\"twitter:card\" content=\"summary_large_image\" \/>\n<script type=\"application\/ld+json\" class=\"yoast-schema-graph\">{\"@context\":\"https:\\\/\\\/schema.org\",\"@graph\":[{\"@type\":\"WebPage\",\"@id\":\"https:\\\/\\\/holyland-olivewood.com\\\/es\\\/producto\\\/madera-de-olivo-arco-de-la-alianza-fi116\\\/\",\"url\":\"https:\\\/\\\/holyland-olivewood.com\\\/es\\\/producto\\\/madera-de-olivo-arco-de-la-alianza-fi116\\\/\",\"name\":\"Madera de olivo El Arca de la Alianza #FI116 - Holy Land Olive Wood - Bethlehem Olive Wood Factory\",\"isPartOf\":{\"@id\":\"https:\\\/\\\/holyland-olivewood.com\\\/es\\\/#website\"},\"primaryImageOfPage\":{\"@id\":\"https:\\\/\\\/holyland-olivewood.com\\\/es\\\/producto\\\/madera-de-olivo-arco-de-la-alianza-fi116\\\/#primaryimage\"},\"image\":{\"@id\":\"https:\\\/\\\/holyland-olivewood.com\\\/es\\\/producto\\\/madera-de-olivo-arco-de-la-alianza-fi116\\\/#primaryimage\"},\"thumbnailUrl\":\"https:\\\/\\\/holyland-olivewood.com\\\/wp-content\\\/uploads\\\/2022\\\/09\\\/olive_wood_the_ark_of_the_covenant_fi116_1.jpg\",\"datePublished\":\"2022-09-29T21:27:05+00:00\",\"breadcrumb\":{\"@id\":\"https:\\\/\\\/holyland-olivewood.com\\\/es\\\/producto\\\/madera-de-olivo-arco-de-la-alianza-fi116\\\/#breadcrumb\"},\"inLanguage\":\"es\",\"potentialAction\":[{\"@type\":\"ReadAction\",\"target\":[\"https:\\\/\\\/holyland-olivewood.com\\\/es\\\/producto\\\/madera-de-olivo-arco-de-la-alianza-fi116\\\/\"]}]},{\"@type\":\"ImageObject\",\"inLanguage\":\"es\",\"@id\":\"https:\\\/\\\/holyland-olivewood.com\\\/es\\\/producto\\\/madera-de-olivo-arco-de-la-alianza-fi116\\\/#primaryimage\",\"url\":\"https:\\\/\\\/holyland-olivewood.com\\\/wp-content\\\/uploads\\\/2022\\\/09\\\/olive_wood_the_ark_of_the_covenant_fi116_1.jpg\",\"contentUrl\":\"https:\\\/\\\/holyland-olivewood.com\\\/wp-content\\\/uploads\\\/2022\\\/09\\\/olive_wood_the_ark_of_the_covenant_fi116_1.jpg\",\"width\":1550,\"height\":1200},{\"@type\":\"BreadcrumbList\",\"@id\":\"https:\\\/\\\/holyland-olivewood.com\\\/es\\\/producto\\\/madera-de-olivo-arco-de-la-alianza-fi116\\\/#breadcrumb\",\"itemListElement\":[{\"@type\":\"ListItem\",\"position\":1,\"name\":\"Home\",\"item\":\"https:\\\/\\\/holyland-olivewood.com\\\/es\\\/home\\\/\"},{\"@type\":\"ListItem\",\"position\":2,\"name\":\"Ver todos los productos\",\"item\":\"https:\\\/\\\/holyland-olivewood.com\\\/es\\\/shop\\\/\"},{\"@type\":\"ListItem\",\"position\":3,\"name\":\"Madera de olivo El Arca de la Alianza #FI116\"}]},{\"@type\":\"WebSite\",\"@id\":\"https:\\\/\\\/holyland-olivewood.com\\\/es\\\/#website\",\"url\":\"https:\\\/\\\/holyland-olivewood.com\\\/es\\\/\",\"name\":\"Holy Land Olive Wood - Bethlehem Olive Wood Factory\",\"description\":\"Holy Land Olivewood Bethlehem\",\"publisher\":{\"@id\":\"https:\\\/\\\/holyland-olivewood.com\\\/es\\\/#organization\"},\"potentialAction\":[{\"@type\":\"SearchAction\",\"target\":{\"@type\":\"EntryPoint\",\"urlTemplate\":\"https:\\\/\\\/holyland-olivewood.com\\\/es\\\/?s={search_term_string}\"},\"query-input\":{\"@type\":\"PropertyValueSpecification\",\"valueRequired\":true,\"valueName\":\"search_term_string\"}}],\"inLanguage\":\"es\"},{\"@type\":\"Organization\",\"@id\":\"https:\\\/\\\/holyland-olivewood.com\\\/es\\\/#organization\",\"name\":\"Holy Land Olivewood\",\"url\":\"https:\\\/\\\/holyland-olivewood.com\\\/es\\\/\",\"logo\":{\"@type\":\"ImageObject\",\"inLanguage\":\"es\",\"@id\":\"https:\\\/\\\/holyland-olivewood.com\\\/es\\\/#\\\/schema\\\/logo\\\/image\\\/\",\"url\":\"\",\"contentUrl\":\"\",\"caption\":\"Holy Land Olivewood\"},\"image\":{\"@id\":\"https:\\\/\\\/holyland-olivewood.com\\\/es\\\/#\\\/schema\\\/logo\\\/image\\\/\"},\"sameAs\":[\"https:\\\/\\\/www.facebook.com\\\/holylandolivewood.bethlehem\\\/\",\"http:\\\/\\\/instagram.com\\\/holy.land.olive.wood\"]}]}<\/script>\n<!-- \/ Yoast SEO plugin. -->","yoast_head_json":{"title":"Madera de olivo El Arca de la Alianza #FI116 - Holy Land Olive Wood - Bethlehem Olive Wood Factory","robots":{"index":"index","follow":"follow","max-snippet":"max-snippet:-1","max-image-preview":"max-image-preview:large","max-video-preview":"max-video-preview:-1"},"canonical":"https:\/\/holyland-olivewood.com\/es\/producto\/madera-de-olivo-arco-de-la-alianza-fi116\/","og_locale":"es_ES","og_type":"article","og_title":"Madera de olivo El Arca de la Alianza #FI116 - Holy Land Olive Wood - Bethlehem Olive Wood Factory","og_description":"Esta impresionante escena de centro de mesa b\u00edblico est\u00e1 hecha a mano con madera de olivo de Tierra Santa. Cuatro sacerdotes llevan el Arca mientras un quinto sacerdote toca el Shofar (cuerno) abriendo el camino delante de ellos. El Arca misma tiene dos menorahs talladas a cada lado, sobre el arca dos querubines arrodillados en el propiciatorio y enfrentados. Las cinco figuras est\u00e1n fijadas en una base tallada ondulada sobre un pedestal de madera de caoba. Este art\u00edculo incluye un certificado de autenticidad que verifica los materiales y las t\u00e9cnicas utilizadas para fabricar este producto. Tama\u00f1o: 22 cm x 37 cm x 28 cm (8,5\" x 14,5\" x 11\")","og_url":"https:\/\/holyland-olivewood.com\/es\/producto\/madera-de-olivo-arco-de-la-alianza-fi116\/","og_site_name":"Holy Land Olive Wood - Bethlehem Olive Wood Factory","article_publisher":"https:\/\/www.facebook.com\/holylandolivewood.bethlehem\/","og_image":[{"width":1550,"height":1200,"url":"https:\/\/holyland-olivewood.com\/wp-content\/uploads\/2022\/09\/olive_wood_the_ark_of_the_covenant_fi116_1.jpg","type":"image\/jpeg"}],"twitter_card":"summary_large_image","schema":{"@context":"https:\/\/schema.org","@graph":[{"@type":"WebPage","@id":"https:\/\/holyland-olivewood.com\/es\/producto\/madera-de-olivo-arco-de-la-alianza-fi116\/","url":"https:\/\/holyland-olivewood.com\/es\/producto\/madera-de-olivo-arco-de-la-alianza-fi116\/","name":"Madera de olivo El Arca de la Alianza #FI116 - Holy Land Olive Wood - Bethlehem Olive Wood Factory","isPartOf":{"@id":"https:\/\/holyland-olivewood.com\/es\/#website"},"primaryImageOfPage":{"@id":"https:\/\/holyland-olivewood.com\/es\/producto\/madera-de-olivo-arco-de-la-alianza-fi116\/#primaryimage"},"image":{"@id":"https:\/\/holyland-olivewood.com\/es\/producto\/madera-de-olivo-arco-de-la-alianza-fi116\/#primaryimage"},"thumbnailUrl":"https:\/\/holyland-olivewood.com\/wp-content\/uploads\/2022\/09\/olive_wood_the_ark_of_the_covenant_fi116_1.jpg","datePublished":"2022-09-29T21:27:05+00:00","breadcrumb":{"@id":"https:\/\/holyland-olivewood.com\/es\/producto\/madera-de-olivo-arco-de-la-alianza-fi116\/#breadcrumb"},"inLanguage":"es","potentialAction":[{"@type":"ReadAction","target":["https:\/\/holyland-olivewood.com\/es\/producto\/madera-de-olivo-arco-de-la-alianza-fi116\/"]}]},{"@type":"ImageObject","inLanguage":"es","@id":"https:\/\/holyland-olivewood.com\/es\/producto\/madera-de-olivo-arco-de-la-alianza-fi116\/#primaryimage","url":"https:\/\/holyland-olivewood.com\/wp-content\/uploads\/2022\/09\/olive_wood_the_ark_of_the_covenant_fi116_1.jpg","contentUrl":"https:\/\/holyland-olivewood.com\/wp-content\/uploads\/2022\/09\/olive_wood_the_ark_of_the_covenant_fi116_1.jpg","width":1550,"height":1200},{"@type":"BreadcrumbList","@id":"https:\/\/holyland-olivewood.com\/es\/producto\/madera-de-olivo-arco-de-la-alianza-fi116\/#breadcrumb","itemListElement":[{"@type":"ListItem","position":1,"name":"Home","item":"https:\/\/holyland-olivewood.com\/es\/home\/"},{"@type":"ListItem","position":2,"name":"Ver todos los productos","item":"https:\/\/holyland-olivewood.com\/es\/shop\/"},{"@type":"ListItem","position":3,"name":"Madera de olivo El Arca de la Alianza #FI116"}]},{"@type":"WebSite","@id":"https:\/\/holyland-olivewood.com\/es\/#website","url":"https:\/\/holyland-olivewood.com\/es\/","name":"Holy Land Olive Wood - Bethlehem Olive Wood Factory","description":"Holy Land Olivewood Bethlehem","publisher":{"@id":"https:\/\/holyland-olivewood.com\/es\/#organization"},"potentialAction":[{"@type":"SearchAction","target":{"@type":"EntryPoint","urlTemplate":"https:\/\/holyland-olivewood.com\/es\/?s={search_term_string}"},"query-input":{"@type":"PropertyValueSpecification","valueRequired":true,"valueName":"search_term_string"}}],"inLanguage":"es"},{"@type":"Organization","@id":"https:\/\/holyland-olivewood.com\/es\/#organization","name":"Holy Land Olivewood","url":"https:\/\/holyland-olivewood.com\/es\/","logo":{"@type":"ImageObject","inLanguage":"es","@id":"https:\/\/holyland-olivewood.com\/es\/#\/schema\/logo\/image\/","url":"","contentUrl":"","caption":"Holy Land Olivewood"},"image":{"@id":"https:\/\/holyland-olivewood.com\/es\/#\/schema\/logo\/image\/"},"sameAs":["https:\/\/www.facebook.com\/holylandolivewood.bethlehem\/","http:\/\/instagram.com\/holy.land.olive.wood"]}]}},"_links":{"self":[{"href":"https:\/\/holyland-olivewood.com\/es\/wp-json\/wp\/v2\/product\/52786","targetHints":{"allow":["GET"]}}],"collection":[{"href":"https:\/\/holyland-olivewood.com\/es\/wp-json\/wp\/v2\/product"}],"about":[{"href":"https:\/\/holyland-olivewood.com\/es\/wp-json\/wp\/v2\/types\/product"}],"replies":[{"embeddable":true,"href":"https:\/\/holyland-olivewood.com\/es\/wp-json\/wp\/v2\/comments?post=52786"}],"version-history":[{"count":0,"href":"https:\/\/holyland-olivewood.com\/es\/wp-json\/wp\/v2\/product\/52786\/revisions"}],"wp:featuredmedia":[{"embeddable":true,"href":"https:\/\/holyland-olivewood.com\/es\/wp-json\/wp\/v2\/media\/52787"}],"wp:attachment":[{"href":"https:\/\/holyland-olivewood.com\/es\/wp-json\/wp\/v2\/media?parent=52786"}],"wp:term":[{"taxonomy":"product_brand","embeddable":true,"href":"https:\/\/holyland-olivewood.com\/es\/wp-json\/wp\/v2\/product_brand?post=52786"},{"taxonomy":"product_cat","embeddable":true,"href":"https:\/\/holyland-olivewood.com\/es\/wp-json\/wp\/v2\/product_cat?post=52786"},{"taxonomy":"product_tag","embeddable":true,"href":"https:\/\/holyland-olivewood.com\/es\/wp-json\/wp\/v2\/product_tag?post=52786"}],"curies":[{"name":"wp","href":"https:\/\/api.w.org\/{rel}","templated":true}]}}