{"id":52600,"date":"2022-09-29T15:41:10","date_gmt":"2022-09-29T20:24:38","guid":{"rendered":"https:\/\/holyland-olivewood.com\/product\/juego-de-gruta-de-nacimiento-de-madera-de-olivo-na141\/"},"modified":"2022-09-29T20:24:38","modified_gmt":"2022-09-29T20:24:38","slug":"olivo-madera-natividad-grotto-set-na141","status":"publish","type":"product","link":"https:\/\/holyland-olivewood.com\/es\/producto\/olivo-madera-natividad-grotto-set-na141\/","title":{"rendered":"Juego de Gruta de Nacimiento de Madera de Olivo #NA141"},"content":{"rendered":"","protected":false},"excerpt":{"rendered":"<p>Este bello bel\u00e9n con un establo \u00fanico est\u00e1 hecho a mano en Tierra Santa con aut\u00e9ntica madera de olivo de Bel\u00e9n recolectada de forma sostenible. Utilizando \u00fanicamente olivos no productivos de Tierra Santa, esta pieza hecha a mano revela las impresionantes vetas de la madera de olivo en bruto, sin aditivos ni sellantes. Las figuras incluyen a Mar\u00eda y Jos\u00e9 y a Jes\u00fas, los 3 reyes magos y el pastorcito. Entre los animales se encuentran el burro, la vaca ganadera y dos corderos, y 3 camellos. Est\u00e1 bellamente elaborado y constituye un maravilloso tema central en la celebraci\u00f3n de la Navidad.<\/p>\n<p>Este bel\u00e9n puede variar en tama\u00f1o, forma y apariencia debido a los diversos patrones encontrados en el grano de la madera de olivo y al hecho de que est\u00e1 hecho a mano, por lo que cada pieza es \u00fanica.<\/p>\n<p>Este art\u00edculo incluye un certificado de autenticidad que verifica los materiales y las t\u00e9cnicas utilizadas para fabricar este producto.<\/p>\n<p>Tama\u00f1o: 30,5 cm x 3,5 cm x 30,5 cm (12&#8243; x 12&#8243; x 12&#8243;)<\/p>\n","protected":false},"featured_media":56841,"comment_status":"closed","ping_status":"closed","template":"","meta":[],"product_brand":[],"product_cat":[783,1321],"product_tag":[],"class_list":{"0":"post-52600","1":"product","2":"type-product","3":"status-publish","4":"has-post-thumbnail","6":"product_cat-kunsthaandvaerk-es","7":"product_cat-juegos-de-natividad","9":"first","10":"instock","11":"shipping-taxable","12":"purchasable","13":"product-type-simple"},"yoast_head":"<!-- This site is optimized with the Yoast SEO plugin v27.4 - https:\/\/yoast.com\/product\/yoast-seo-wordpress\/ -->\n<title>Juego de Gruta de Nacimiento de Madera de Olivo #NA141 - Holy Land Olive Wood - Bethlehem Olive Wood Factory<\/title>\n<meta name=\"robots\" content=\"index, follow, max-snippet:-1, max-image-preview:large, max-video-preview:-1\" \/>\n<link rel=\"canonical\" href=\"https:\/\/holyland-olivewood.com\/es\/producto\/olivo-madera-natividad-grotto-set-na141\/\" \/>\n<meta property=\"og:locale\" content=\"es_ES\" \/>\n<meta property=\"og:type\" content=\"article\" \/>\n<meta property=\"og:title\" content=\"Juego de Gruta de Nacimiento de Madera de Olivo #NA141 - Holy Land Olive Wood - Bethlehem Olive Wood Factory\" \/>\n<meta property=\"og:description\" content=\"Este bello bel\u00e9n con un establo \u00fanico est\u00e1 hecho a mano en Tierra Santa con aut\u00e9ntica madera de olivo de Bel\u00e9n recolectada de forma sostenible. Utilizando \u00fanicamente olivos no productivos de Tierra Santa, esta pieza hecha a mano revela las impresionantes vetas de la madera de olivo en bruto, sin aditivos ni sellantes. Las figuras incluyen a Mar\u00eda y Jos\u00e9 y a Jes\u00fas, los 3 reyes magos y el pastorcito. Entre los animales se encuentran el burro, la vaca ganadera y dos corderos, y 3 camellos. Est\u00e1 bellamente elaborado y constituye un maravilloso tema central en la celebraci\u00f3n de la Navidad. Este bel\u00e9n puede variar en tama\u00f1o, forma y apariencia debido a los diversos patrones encontrados en el grano de la madera de olivo y al hecho de que est\u00e1 hecho a mano, por lo que cada pieza es \u00fanica. Este art\u00edculo incluye un certificado de autenticidad que verifica los materiales y las t\u00e9cnicas utilizadas para fabricar este producto. Tama\u00f1o: 30,5 cm x 3,5 cm x 30,5 cm (12&quot; x 12&quot; x 12&quot;)\" \/>\n<meta property=\"og:url\" content=\"https:\/\/holyland-olivewood.com\/es\/producto\/olivo-madera-natividad-grotto-set-na141\/\" \/>\n<meta property=\"og:site_name\" content=\"Holy Land Olive Wood - Bethlehem Olive Wood Factory\" \/>\n<meta property=\"article:publisher\" content=\"https:\/\/www.facebook.com\/holylandolivewood.bethlehem\/\" \/>\n<meta property=\"og:image\" content=\"https:\/\/holyland-olivewood.com\/wp-content\/uploads\/2021\/08\/holy-land_olive_wood_nativity_set_bethlehem_na141-1.jpg\" \/>\n\t<meta property=\"og:image:width\" content=\"1550\" \/>\n\t<meta property=\"og:image:height\" content=\"1200\" \/>\n\t<meta property=\"og:image:type\" content=\"image\/jpeg\" \/>\n<meta name=\"twitter:card\" content=\"summary_large_image\" \/>\n<script type=\"application\/ld+json\" class=\"yoast-schema-graph\">{\"@context\":\"https:\\\/\\\/schema.org\",\"@graph\":[{\"@type\":\"WebPage\",\"@id\":\"https:\\\/\\\/holyland-olivewood.com\\\/es\\\/producto\\\/olivo-madera-natividad-grotto-set-na141\\\/\",\"url\":\"https:\\\/\\\/holyland-olivewood.com\\\/es\\\/producto\\\/olivo-madera-natividad-grotto-set-na141\\\/\",\"name\":\"Juego de Gruta de Nacimiento de Madera de Olivo #NA141 - Holy Land Olive Wood - Bethlehem Olive Wood Factory\",\"isPartOf\":{\"@id\":\"https:\\\/\\\/holyland-olivewood.com\\\/es\\\/#website\"},\"primaryImageOfPage\":{\"@id\":\"https:\\\/\\\/holyland-olivewood.com\\\/es\\\/producto\\\/olivo-madera-natividad-grotto-set-na141\\\/#primaryimage\"},\"image\":{\"@id\":\"https:\\\/\\\/holyland-olivewood.com\\\/es\\\/producto\\\/olivo-madera-natividad-grotto-set-na141\\\/#primaryimage\"},\"thumbnailUrl\":\"https:\\\/\\\/holyland-olivewood.com\\\/wp-content\\\/uploads\\\/2021\\\/08\\\/holy-land_olive_wood_nativity_set_bethlehem_na141-1.jpg\",\"datePublished\":\"2022-09-29T20:24:38+00:00\",\"breadcrumb\":{\"@id\":\"https:\\\/\\\/holyland-olivewood.com\\\/es\\\/producto\\\/olivo-madera-natividad-grotto-set-na141\\\/#breadcrumb\"},\"inLanguage\":\"es\",\"potentialAction\":[{\"@type\":\"ReadAction\",\"target\":[\"https:\\\/\\\/holyland-olivewood.com\\\/es\\\/producto\\\/olivo-madera-natividad-grotto-set-na141\\\/\"]}]},{\"@type\":\"ImageObject\",\"inLanguage\":\"es\",\"@id\":\"https:\\\/\\\/holyland-olivewood.com\\\/es\\\/producto\\\/olivo-madera-natividad-grotto-set-na141\\\/#primaryimage\",\"url\":\"https:\\\/\\\/holyland-olivewood.com\\\/wp-content\\\/uploads\\\/2021\\\/08\\\/holy-land_olive_wood_nativity_set_bethlehem_na141-1.jpg\",\"contentUrl\":\"https:\\\/\\\/holyland-olivewood.com\\\/wp-content\\\/uploads\\\/2021\\\/08\\\/holy-land_olive_wood_nativity_set_bethlehem_na141-1.jpg\",\"width\":1550,\"height\":1200},{\"@type\":\"BreadcrumbList\",\"@id\":\"https:\\\/\\\/holyland-olivewood.com\\\/es\\\/producto\\\/olivo-madera-natividad-grotto-set-na141\\\/#breadcrumb\",\"itemListElement\":[{\"@type\":\"ListItem\",\"position\":1,\"name\":\"Home\",\"item\":\"https:\\\/\\\/holyland-olivewood.com\\\/es\\\/home\\\/\"},{\"@type\":\"ListItem\",\"position\":2,\"name\":\"Ver todos los productos\",\"item\":\"https:\\\/\\\/holyland-olivewood.com\\\/es\\\/shop\\\/\"},{\"@type\":\"ListItem\",\"position\":3,\"name\":\"Juego de Gruta de Nacimiento de Madera de Olivo #NA141\"}]},{\"@type\":\"WebSite\",\"@id\":\"https:\\\/\\\/holyland-olivewood.com\\\/es\\\/#website\",\"url\":\"https:\\\/\\\/holyland-olivewood.com\\\/es\\\/\",\"name\":\"Holy Land Olive Wood - Bethlehem Olive Wood Factory\",\"description\":\"Holy Land Olivewood Bethlehem\",\"publisher\":{\"@id\":\"https:\\\/\\\/holyland-olivewood.com\\\/es\\\/#organization\"},\"potentialAction\":[{\"@type\":\"SearchAction\",\"target\":{\"@type\":\"EntryPoint\",\"urlTemplate\":\"https:\\\/\\\/holyland-olivewood.com\\\/es\\\/?s={search_term_string}\"},\"query-input\":{\"@type\":\"PropertyValueSpecification\",\"valueRequired\":true,\"valueName\":\"search_term_string\"}}],\"inLanguage\":\"es\"},{\"@type\":\"Organization\",\"@id\":\"https:\\\/\\\/holyland-olivewood.com\\\/es\\\/#organization\",\"name\":\"Holy Land Olivewood\",\"url\":\"https:\\\/\\\/holyland-olivewood.com\\\/es\\\/\",\"logo\":{\"@type\":\"ImageObject\",\"inLanguage\":\"es\",\"@id\":\"https:\\\/\\\/holyland-olivewood.com\\\/es\\\/#\\\/schema\\\/logo\\\/image\\\/\",\"url\":\"\",\"contentUrl\":\"\",\"caption\":\"Holy Land Olivewood\"},\"image\":{\"@id\":\"https:\\\/\\\/holyland-olivewood.com\\\/es\\\/#\\\/schema\\\/logo\\\/image\\\/\"},\"sameAs\":[\"https:\\\/\\\/www.facebook.com\\\/holylandolivewood.bethlehem\\\/\",\"http:\\\/\\\/instagram.com\\\/holy.land.olive.wood\"]}]}<\/script>\n<!-- \/ Yoast SEO plugin. -->","yoast_head_json":{"title":"Juego de Gruta de Nacimiento de Madera de Olivo #NA141 - Holy Land Olive Wood - Bethlehem Olive Wood Factory","robots":{"index":"index","follow":"follow","max-snippet":"max-snippet:-1","max-image-preview":"max-image-preview:large","max-video-preview":"max-video-preview:-1"},"canonical":"https:\/\/holyland-olivewood.com\/es\/producto\/olivo-madera-natividad-grotto-set-na141\/","og_locale":"es_ES","og_type":"article","og_title":"Juego de Gruta de Nacimiento de Madera de Olivo #NA141 - Holy Land Olive Wood - Bethlehem Olive Wood Factory","og_description":"Este bello bel\u00e9n con un establo \u00fanico est\u00e1 hecho a mano en Tierra Santa con aut\u00e9ntica madera de olivo de Bel\u00e9n recolectada de forma sostenible. Utilizando \u00fanicamente olivos no productivos de Tierra Santa, esta pieza hecha a mano revela las impresionantes vetas de la madera de olivo en bruto, sin aditivos ni sellantes. Las figuras incluyen a Mar\u00eda y Jos\u00e9 y a Jes\u00fas, los 3 reyes magos y el pastorcito. Entre los animales se encuentran el burro, la vaca ganadera y dos corderos, y 3 camellos. Est\u00e1 bellamente elaborado y constituye un maravilloso tema central en la celebraci\u00f3n de la Navidad. Este bel\u00e9n puede variar en tama\u00f1o, forma y apariencia debido a los diversos patrones encontrados en el grano de la madera de olivo y al hecho de que est\u00e1 hecho a mano, por lo que cada pieza es \u00fanica. Este art\u00edculo incluye un certificado de autenticidad que verifica los materiales y las t\u00e9cnicas utilizadas para fabricar este producto. Tama\u00f1o: 30,5 cm x 3,5 cm x 30,5 cm (12\" x 12\" x 12\")","og_url":"https:\/\/holyland-olivewood.com\/es\/producto\/olivo-madera-natividad-grotto-set-na141\/","og_site_name":"Holy Land Olive Wood - Bethlehem Olive Wood Factory","article_publisher":"https:\/\/www.facebook.com\/holylandolivewood.bethlehem\/","og_image":[{"width":1550,"height":1200,"url":"https:\/\/holyland-olivewood.com\/wp-content\/uploads\/2021\/08\/holy-land_olive_wood_nativity_set_bethlehem_na141-1.jpg","type":"image\/jpeg"}],"twitter_card":"summary_large_image","schema":{"@context":"https:\/\/schema.org","@graph":[{"@type":"WebPage","@id":"https:\/\/holyland-olivewood.com\/es\/producto\/olivo-madera-natividad-grotto-set-na141\/","url":"https:\/\/holyland-olivewood.com\/es\/producto\/olivo-madera-natividad-grotto-set-na141\/","name":"Juego de Gruta de Nacimiento de Madera de Olivo #NA141 - Holy Land Olive Wood - Bethlehem Olive Wood Factory","isPartOf":{"@id":"https:\/\/holyland-olivewood.com\/es\/#website"},"primaryImageOfPage":{"@id":"https:\/\/holyland-olivewood.com\/es\/producto\/olivo-madera-natividad-grotto-set-na141\/#primaryimage"},"image":{"@id":"https:\/\/holyland-olivewood.com\/es\/producto\/olivo-madera-natividad-grotto-set-na141\/#primaryimage"},"thumbnailUrl":"https:\/\/holyland-olivewood.com\/wp-content\/uploads\/2021\/08\/holy-land_olive_wood_nativity_set_bethlehem_na141-1.jpg","datePublished":"2022-09-29T20:24:38+00:00","breadcrumb":{"@id":"https:\/\/holyland-olivewood.com\/es\/producto\/olivo-madera-natividad-grotto-set-na141\/#breadcrumb"},"inLanguage":"es","potentialAction":[{"@type":"ReadAction","target":["https:\/\/holyland-olivewood.com\/es\/producto\/olivo-madera-natividad-grotto-set-na141\/"]}]},{"@type":"ImageObject","inLanguage":"es","@id":"https:\/\/holyland-olivewood.com\/es\/producto\/olivo-madera-natividad-grotto-set-na141\/#primaryimage","url":"https:\/\/holyland-olivewood.com\/wp-content\/uploads\/2021\/08\/holy-land_olive_wood_nativity_set_bethlehem_na141-1.jpg","contentUrl":"https:\/\/holyland-olivewood.com\/wp-content\/uploads\/2021\/08\/holy-land_olive_wood_nativity_set_bethlehem_na141-1.jpg","width":1550,"height":1200},{"@type":"BreadcrumbList","@id":"https:\/\/holyland-olivewood.com\/es\/producto\/olivo-madera-natividad-grotto-set-na141\/#breadcrumb","itemListElement":[{"@type":"ListItem","position":1,"name":"Home","item":"https:\/\/holyland-olivewood.com\/es\/home\/"},{"@type":"ListItem","position":2,"name":"Ver todos los productos","item":"https:\/\/holyland-olivewood.com\/es\/shop\/"},{"@type":"ListItem","position":3,"name":"Juego de Gruta de Nacimiento de Madera de Olivo #NA141"}]},{"@type":"WebSite","@id":"https:\/\/holyland-olivewood.com\/es\/#website","url":"https:\/\/holyland-olivewood.com\/es\/","name":"Holy Land Olive Wood - Bethlehem Olive Wood Factory","description":"Holy Land Olivewood Bethlehem","publisher":{"@id":"https:\/\/holyland-olivewood.com\/es\/#organization"},"potentialAction":[{"@type":"SearchAction","target":{"@type":"EntryPoint","urlTemplate":"https:\/\/holyland-olivewood.com\/es\/?s={search_term_string}"},"query-input":{"@type":"PropertyValueSpecification","valueRequired":true,"valueName":"search_term_string"}}],"inLanguage":"es"},{"@type":"Organization","@id":"https:\/\/holyland-olivewood.com\/es\/#organization","name":"Holy Land Olivewood","url":"https:\/\/holyland-olivewood.com\/es\/","logo":{"@type":"ImageObject","inLanguage":"es","@id":"https:\/\/holyland-olivewood.com\/es\/#\/schema\/logo\/image\/","url":"","contentUrl":"","caption":"Holy Land Olivewood"},"image":{"@id":"https:\/\/holyland-olivewood.com\/es\/#\/schema\/logo\/image\/"},"sameAs":["https:\/\/www.facebook.com\/holylandolivewood.bethlehem\/","http:\/\/instagram.com\/holy.land.olive.wood"]}]}},"_links":{"self":[{"href":"https:\/\/holyland-olivewood.com\/es\/wp-json\/wp\/v2\/product\/52600","targetHints":{"allow":["GET"]}}],"collection":[{"href":"https:\/\/holyland-olivewood.com\/es\/wp-json\/wp\/v2\/product"}],"about":[{"href":"https:\/\/holyland-olivewood.com\/es\/wp-json\/wp\/v2\/types\/product"}],"replies":[{"embeddable":true,"href":"https:\/\/holyland-olivewood.com\/es\/wp-json\/wp\/v2\/comments?post=52600"}],"version-history":[{"count":0,"href":"https:\/\/holyland-olivewood.com\/es\/wp-json\/wp\/v2\/product\/52600\/revisions"}],"wp:featuredmedia":[{"embeddable":true,"href":"https:\/\/holyland-olivewood.com\/es\/wp-json\/wp\/v2\/media\/56841"}],"wp:attachment":[{"href":"https:\/\/holyland-olivewood.com\/es\/wp-json\/wp\/v2\/media?parent=52600"}],"wp:term":[{"taxonomy":"product_brand","embeddable":true,"href":"https:\/\/holyland-olivewood.com\/es\/wp-json\/wp\/v2\/product_brand?post=52600"},{"taxonomy":"product_cat","embeddable":true,"href":"https:\/\/holyland-olivewood.com\/es\/wp-json\/wp\/v2\/product_cat?post=52600"},{"taxonomy":"product_tag","embeddable":true,"href":"https:\/\/holyland-olivewood.com\/es\/wp-json\/wp\/v2\/product_tag?post=52600"}],"curies":[{"name":"wp","href":"https:\/\/api.w.org\/{rel}","templated":true}]}}