{"id":47112,"date":"2016-05-30T17:06:34","date_gmt":"2016-05-30T17:06:34","guid":{"rendered":"https:\/\/holyland-olivewood.com\/product\/losa-de-madera-de-olivo-gruesa-de-1-2-3-x-6-s116\/"},"modified":"2022-02-11T20:43:29","modified_gmt":"2022-02-11T20:43:29","slug":"12-espesor-oliva-madera-losa-3-x-6","status":"publish","type":"product","link":"https:\/\/holyland-olivewood.com\/es\/producto\/12-espesor-oliva-madera-losa-3-x-6\/","title":{"rendered":"Losa de madera de olivo gruesa de 1\/2&#8243; (3&#8243; x 6&#8243;) #S116"},"content":{"rendered":"","protected":false},"excerpt":{"rendered":"<p>Estas losas cortadas con precisi\u00f3n se fabrican en Tierra Santa a partir de olivos de Bel\u00e9n aut\u00e9nticos y cosechados de manera sostenible. Las losas muestran la madera interior del coraz\u00f3n de olivo, mostrando un deslumbrante patr\u00f3n de grano puntuado con una variedad de colores que fluyen. Tambi\u00e9n han sido seleccionados a mano para el mejor grano, colores y grietas significativas libres. Vendemos y exportamos nuestras losas de madera en forma recta, pero tambi\u00e9n es posible comprarlas en curva natural. Estas losas de madera de olivo se pueden utilizar para crear cualquier tipo de muebles, puertas, pisos y dem\u00e1s. Cada losa est\u00e1 libre de defectos.<\/p>\n<p>Este art\u00edculo incluye un certificado de autenticidad que verifica los materiales y t\u00e9cnicas utilizadas para fabricar este producto.<\/p>\n<p>Tama\u00f1o: 1.3 cm x 7.5 cm x 15.5 cm (0.5&#8243; x 3&#8243; x 6&#8243;)<\/p>\n","protected":false},"featured_media":33355,"comment_status":"closed","ping_status":"closed","template":"","meta":[],"product_brand":[],"product_cat":[2043,2047],"product_tag":[2099,2100,2090,2065,2096,2097,2074,2057,860,2070,2086,2098,813,2051,2093,2081,2060,2101,821,2095],"class_list":{"0":"post-47112","1":"product","2":"type-product","3":"status-publish","4":"has-post-thumbnail","6":"product_cat-losas","7":"product_cat-madera-de-olivo","8":"product_tag-artesania","9":"product_tag-belen-jerusalen","10":"product_tag-block-es","11":"product_tag-botiquin","12":"product_tag-bricolaje","13":"product_tag-casero","14":"product_tag-espacio-en-blanco","15":"product_tag-espacios","16":"product_tag-haandlavet-es","17":"product_tag-kits-es","18":"product_tag-losas","19":"product_tag-oficio","20":"product_tag-olivo","21":"product_tag-pluma","22":"product_tag-registro-es","23":"product_tag-tabla","24":"product_tag-tazon","25":"product_tag-tierra-santa","26":"product_tag-trae-es","27":"product_tag-trozas","29":"first","30":"instock","31":"shipping-taxable","32":"purchasable","33":"product-type-simple"},"yoast_head":"<!-- This site is optimized with the Yoast SEO plugin v27.3 - https:\/\/yoast.com\/product\/yoast-seo-wordpress\/ -->\n<title>Losa de madera de olivo gruesa de 1\/2&quot; (3&quot; x 6&quot;) #S116 - Holy Land Olive Wood - Bethlehem Olive Wood Factory<\/title>\n<meta name=\"description\" content=\"Artesan\u00edas de madera de olivo de Bel\u00e9n (es decir, rosarios, utensilios de cocina, natividad, conjuntos, cuentas) tallas de bol\u00edgrafos, losas, bloques y existencias en bruto en dimensiones est\u00e1ndar y personalizadas.\" \/>\n<meta name=\"robots\" content=\"index, follow, max-snippet:-1, max-image-preview:large, max-video-preview:-1\" \/>\n<link rel=\"canonical\" href=\"https:\/\/holyland-olivewood.com\/es\/producto\/12-espesor-oliva-madera-losa-3-x-6\/\" \/>\n<meta property=\"og:locale\" content=\"es_ES\" \/>\n<meta property=\"og:type\" content=\"article\" \/>\n<meta property=\"og:title\" content=\"Losa de madera de olivo gruesa de 1\/2&quot; (3&quot; x 6&quot;) #S116 - Holy Land Olive Wood - Bethlehem Olive Wood Factory\" \/>\n<meta property=\"og:description\" content=\"Artesan\u00edas de madera de olivo de Bel\u00e9n (es decir, rosarios, utensilios de cocina, natividad, conjuntos, cuentas) tallas de bol\u00edgrafos, losas, bloques y existencias en bruto en dimensiones est\u00e1ndar y personalizadas.\" \/>\n<meta property=\"og:url\" content=\"https:\/\/holyland-olivewood.com\/es\/producto\/12-espesor-oliva-madera-losa-3-x-6\/\" \/>\n<meta property=\"og:site_name\" content=\"Holy Land Olive Wood - Bethlehem Olive Wood Factory\" \/>\n<meta property=\"article:publisher\" content=\"https:\/\/www.facebook.com\/holylandolivewood.bethlehem\/\" \/>\n<meta property=\"article:modified_time\" content=\"2022-02-11T20:43:29+00:00\" \/>\n<meta property=\"og:image\" content=\"https:\/\/holyland-olivewood.com\/wp-content\/uploads\/2016\/05\/slabs_holy_land_olive_wood_bethlehem_s116_1.jpg\" \/>\n\t<meta property=\"og:image:width\" content=\"1550\" \/>\n\t<meta property=\"og:image:height\" content=\"1200\" \/>\n\t<meta property=\"og:image:type\" content=\"image\/jpeg\" \/>\n<meta name=\"twitter:card\" content=\"summary_large_image\" \/>\n<script type=\"application\/ld+json\" class=\"yoast-schema-graph\">{\"@context\":\"https:\\\/\\\/schema.org\",\"@graph\":[{\"@type\":\"WebPage\",\"@id\":\"https:\\\/\\\/holyland-olivewood.com\\\/es\\\/producto\\\/12-espesor-oliva-madera-losa-3-x-6\\\/\",\"url\":\"https:\\\/\\\/holyland-olivewood.com\\\/es\\\/producto\\\/12-espesor-oliva-madera-losa-3-x-6\\\/\",\"name\":\"Losa de madera de olivo gruesa de 1\\\/2\\\" (3\\\" x 6\\\") #S116 - Holy Land Olive Wood - Bethlehem Olive Wood Factory\",\"isPartOf\":{\"@id\":\"https:\\\/\\\/holyland-olivewood.com\\\/es\\\/#website\"},\"primaryImageOfPage\":{\"@id\":\"https:\\\/\\\/holyland-olivewood.com\\\/es\\\/producto\\\/12-espesor-oliva-madera-losa-3-x-6\\\/#primaryimage\"},\"image\":{\"@id\":\"https:\\\/\\\/holyland-olivewood.com\\\/es\\\/producto\\\/12-espesor-oliva-madera-losa-3-x-6\\\/#primaryimage\"},\"thumbnailUrl\":\"https:\\\/\\\/holyland-olivewood.com\\\/wp-content\\\/uploads\\\/2016\\\/05\\\/slabs_holy_land_olive_wood_bethlehem_s116_1.jpg\",\"datePublished\":\"2016-05-30T17:06:34+00:00\",\"dateModified\":\"2022-02-11T20:43:29+00:00\",\"description\":\"Artesan\u00edas de madera de olivo de Bel\u00e9n (es decir, rosarios, utensilios de cocina, natividad, conjuntos, cuentas) tallas de bol\u00edgrafos, losas, bloques y existencias en bruto en dimensiones est\u00e1ndar y personalizadas.\",\"breadcrumb\":{\"@id\":\"https:\\\/\\\/holyland-olivewood.com\\\/es\\\/producto\\\/12-espesor-oliva-madera-losa-3-x-6\\\/#breadcrumb\"},\"inLanguage\":\"es\",\"potentialAction\":[{\"@type\":\"ReadAction\",\"target\":[\"https:\\\/\\\/holyland-olivewood.com\\\/es\\\/producto\\\/12-espesor-oliva-madera-losa-3-x-6\\\/\"]}]},{\"@type\":\"ImageObject\",\"inLanguage\":\"es\",\"@id\":\"https:\\\/\\\/holyland-olivewood.com\\\/es\\\/producto\\\/12-espesor-oliva-madera-losa-3-x-6\\\/#primaryimage\",\"url\":\"https:\\\/\\\/holyland-olivewood.com\\\/wp-content\\\/uploads\\\/2016\\\/05\\\/slabs_holy_land_olive_wood_bethlehem_s116_1.jpg\",\"contentUrl\":\"https:\\\/\\\/holyland-olivewood.com\\\/wp-content\\\/uploads\\\/2016\\\/05\\\/slabs_holy_land_olive_wood_bethlehem_s116_1.jpg\",\"width\":1550,\"height\":1200},{\"@type\":\"BreadcrumbList\",\"@id\":\"https:\\\/\\\/holyland-olivewood.com\\\/es\\\/producto\\\/12-espesor-oliva-madera-losa-3-x-6\\\/#breadcrumb\",\"itemListElement\":[{\"@type\":\"ListItem\",\"position\":1,\"name\":\"Home\",\"item\":\"https:\\\/\\\/holyland-olivewood.com\\\/es\\\/home\\\/\"},{\"@type\":\"ListItem\",\"position\":2,\"name\":\"Ver todos los productos\",\"item\":\"https:\\\/\\\/holyland-olivewood.com\\\/es\\\/shop\\\/\"},{\"@type\":\"ListItem\",\"position\":3,\"name\":\"Losa de madera de olivo gruesa de 1\\\/2&#8243; (3&#8243; x 6&#8243;) #S116\"}]},{\"@type\":\"WebSite\",\"@id\":\"https:\\\/\\\/holyland-olivewood.com\\\/es\\\/#website\",\"url\":\"https:\\\/\\\/holyland-olivewood.com\\\/es\\\/\",\"name\":\"Holy Land Olive Wood - Bethlehem Olive Wood Factory\",\"description\":\"Holy Land Olivewood Bethlehem\",\"publisher\":{\"@id\":\"https:\\\/\\\/holyland-olivewood.com\\\/es\\\/#organization\"},\"potentialAction\":[{\"@type\":\"SearchAction\",\"target\":{\"@type\":\"EntryPoint\",\"urlTemplate\":\"https:\\\/\\\/holyland-olivewood.com\\\/es\\\/?s={search_term_string}\"},\"query-input\":{\"@type\":\"PropertyValueSpecification\",\"valueRequired\":true,\"valueName\":\"search_term_string\"}}],\"inLanguage\":\"es\"},{\"@type\":\"Organization\",\"@id\":\"https:\\\/\\\/holyland-olivewood.com\\\/es\\\/#organization\",\"name\":\"Holy Land Olivewood\",\"url\":\"https:\\\/\\\/holyland-olivewood.com\\\/es\\\/\",\"logo\":{\"@type\":\"ImageObject\",\"inLanguage\":\"es\",\"@id\":\"https:\\\/\\\/holyland-olivewood.com\\\/es\\\/#\\\/schema\\\/logo\\\/image\\\/\",\"url\":\"\",\"contentUrl\":\"\",\"caption\":\"Holy Land Olivewood\"},\"image\":{\"@id\":\"https:\\\/\\\/holyland-olivewood.com\\\/es\\\/#\\\/schema\\\/logo\\\/image\\\/\"},\"sameAs\":[\"https:\\\/\\\/www.facebook.com\\\/holylandolivewood.bethlehem\\\/\",\"http:\\\/\\\/instagram.com\\\/holy.land.olive.wood\"]}]}<\/script>\n<!-- \/ Yoast SEO plugin. -->","yoast_head_json":{"title":"Losa de madera de olivo gruesa de 1\/2\" (3\" x 6\") #S116 - Holy Land Olive Wood - Bethlehem Olive Wood Factory","description":"Artesan\u00edas de madera de olivo de Bel\u00e9n (es decir, rosarios, utensilios de cocina, natividad, conjuntos, cuentas) tallas de bol\u00edgrafos, losas, bloques y existencias en bruto en dimensiones est\u00e1ndar y personalizadas.","robots":{"index":"index","follow":"follow","max-snippet":"max-snippet:-1","max-image-preview":"max-image-preview:large","max-video-preview":"max-video-preview:-1"},"canonical":"https:\/\/holyland-olivewood.com\/es\/producto\/12-espesor-oliva-madera-losa-3-x-6\/","og_locale":"es_ES","og_type":"article","og_title":"Losa de madera de olivo gruesa de 1\/2\" (3\" x 6\") #S116 - Holy Land Olive Wood - Bethlehem Olive Wood Factory","og_description":"Artesan\u00edas de madera de olivo de Bel\u00e9n (es decir, rosarios, utensilios de cocina, natividad, conjuntos, cuentas) tallas de bol\u00edgrafos, losas, bloques y existencias en bruto en dimensiones est\u00e1ndar y personalizadas.","og_url":"https:\/\/holyland-olivewood.com\/es\/producto\/12-espesor-oliva-madera-losa-3-x-6\/","og_site_name":"Holy Land Olive Wood - Bethlehem Olive Wood Factory","article_publisher":"https:\/\/www.facebook.com\/holylandolivewood.bethlehem\/","article_modified_time":"2022-02-11T20:43:29+00:00","og_image":[{"width":1550,"height":1200,"url":"https:\/\/holyland-olivewood.com\/wp-content\/uploads\/2016\/05\/slabs_holy_land_olive_wood_bethlehem_s116_1.jpg","type":"image\/jpeg"}],"twitter_card":"summary_large_image","schema":{"@context":"https:\/\/schema.org","@graph":[{"@type":"WebPage","@id":"https:\/\/holyland-olivewood.com\/es\/producto\/12-espesor-oliva-madera-losa-3-x-6\/","url":"https:\/\/holyland-olivewood.com\/es\/producto\/12-espesor-oliva-madera-losa-3-x-6\/","name":"Losa de madera de olivo gruesa de 1\/2\" (3\" x 6\") #S116 - Holy Land Olive Wood - Bethlehem Olive Wood Factory","isPartOf":{"@id":"https:\/\/holyland-olivewood.com\/es\/#website"},"primaryImageOfPage":{"@id":"https:\/\/holyland-olivewood.com\/es\/producto\/12-espesor-oliva-madera-losa-3-x-6\/#primaryimage"},"image":{"@id":"https:\/\/holyland-olivewood.com\/es\/producto\/12-espesor-oliva-madera-losa-3-x-6\/#primaryimage"},"thumbnailUrl":"https:\/\/holyland-olivewood.com\/wp-content\/uploads\/2016\/05\/slabs_holy_land_olive_wood_bethlehem_s116_1.jpg","datePublished":"2016-05-30T17:06:34+00:00","dateModified":"2022-02-11T20:43:29+00:00","description":"Artesan\u00edas de madera de olivo de Bel\u00e9n (es decir, rosarios, utensilios de cocina, natividad, conjuntos, cuentas) tallas de bol\u00edgrafos, losas, bloques y existencias en bruto en dimensiones est\u00e1ndar y personalizadas.","breadcrumb":{"@id":"https:\/\/holyland-olivewood.com\/es\/producto\/12-espesor-oliva-madera-losa-3-x-6\/#breadcrumb"},"inLanguage":"es","potentialAction":[{"@type":"ReadAction","target":["https:\/\/holyland-olivewood.com\/es\/producto\/12-espesor-oliva-madera-losa-3-x-6\/"]}]},{"@type":"ImageObject","inLanguage":"es","@id":"https:\/\/holyland-olivewood.com\/es\/producto\/12-espesor-oliva-madera-losa-3-x-6\/#primaryimage","url":"https:\/\/holyland-olivewood.com\/wp-content\/uploads\/2016\/05\/slabs_holy_land_olive_wood_bethlehem_s116_1.jpg","contentUrl":"https:\/\/holyland-olivewood.com\/wp-content\/uploads\/2016\/05\/slabs_holy_land_olive_wood_bethlehem_s116_1.jpg","width":1550,"height":1200},{"@type":"BreadcrumbList","@id":"https:\/\/holyland-olivewood.com\/es\/producto\/12-espesor-oliva-madera-losa-3-x-6\/#breadcrumb","itemListElement":[{"@type":"ListItem","position":1,"name":"Home","item":"https:\/\/holyland-olivewood.com\/es\/home\/"},{"@type":"ListItem","position":2,"name":"Ver todos los productos","item":"https:\/\/holyland-olivewood.com\/es\/shop\/"},{"@type":"ListItem","position":3,"name":"Losa de madera de olivo gruesa de 1\/2&#8243; (3&#8243; x 6&#8243;) #S116"}]},{"@type":"WebSite","@id":"https:\/\/holyland-olivewood.com\/es\/#website","url":"https:\/\/holyland-olivewood.com\/es\/","name":"Holy Land Olive Wood - Bethlehem Olive Wood Factory","description":"Holy Land Olivewood Bethlehem","publisher":{"@id":"https:\/\/holyland-olivewood.com\/es\/#organization"},"potentialAction":[{"@type":"SearchAction","target":{"@type":"EntryPoint","urlTemplate":"https:\/\/holyland-olivewood.com\/es\/?s={search_term_string}"},"query-input":{"@type":"PropertyValueSpecification","valueRequired":true,"valueName":"search_term_string"}}],"inLanguage":"es"},{"@type":"Organization","@id":"https:\/\/holyland-olivewood.com\/es\/#organization","name":"Holy Land Olivewood","url":"https:\/\/holyland-olivewood.com\/es\/","logo":{"@type":"ImageObject","inLanguage":"es","@id":"https:\/\/holyland-olivewood.com\/es\/#\/schema\/logo\/image\/","url":"","contentUrl":"","caption":"Holy Land Olivewood"},"image":{"@id":"https:\/\/holyland-olivewood.com\/es\/#\/schema\/logo\/image\/"},"sameAs":["https:\/\/www.facebook.com\/holylandolivewood.bethlehem\/","http:\/\/instagram.com\/holy.land.olive.wood"]}]}},"_links":{"self":[{"href":"https:\/\/holyland-olivewood.com\/es\/wp-json\/wp\/v2\/product\/47112","targetHints":{"allow":["GET"]}}],"collection":[{"href":"https:\/\/holyland-olivewood.com\/es\/wp-json\/wp\/v2\/product"}],"about":[{"href":"https:\/\/holyland-olivewood.com\/es\/wp-json\/wp\/v2\/types\/product"}],"replies":[{"embeddable":true,"href":"https:\/\/holyland-olivewood.com\/es\/wp-json\/wp\/v2\/comments?post=47112"}],"version-history":[{"count":0,"href":"https:\/\/holyland-olivewood.com\/es\/wp-json\/wp\/v2\/product\/47112\/revisions"}],"wp:featuredmedia":[{"embeddable":true,"href":"https:\/\/holyland-olivewood.com\/es\/wp-json\/wp\/v2\/media\/33355"}],"wp:attachment":[{"href":"https:\/\/holyland-olivewood.com\/es\/wp-json\/wp\/v2\/media?parent=47112"}],"wp:term":[{"taxonomy":"product_brand","embeddable":true,"href":"https:\/\/holyland-olivewood.com\/es\/wp-json\/wp\/v2\/product_brand?post=47112"},{"taxonomy":"product_cat","embeddable":true,"href":"https:\/\/holyland-olivewood.com\/es\/wp-json\/wp\/v2\/product_cat?post=47112"},{"taxonomy":"product_tag","embeddable":true,"href":"https:\/\/holyland-olivewood.com\/es\/wp-json\/wp\/v2\/product_tag?post=47112"}],"curies":[{"name":"wp","href":"https:\/\/api.w.org\/{rel}","templated":true}]}}