{"id":46410,"date":"2016-05-30T20:22:15","date_gmt":"2016-05-30T20:22:15","guid":{"rendered":"https:\/\/holyland-olivewood.com\/product\/crucifijo-de-jesucristo-para-cruces-tamano-alrededor-de-16-cm-6-50-ch106\/"},"modified":"2022-02-11T17:23:33","modified_gmt":"2022-02-11T17:23:33","slug":"jesucristo-crucifijo-para-cruces-tamano-alrededor-16-cm-6-50","status":"publish","type":"product","link":"https:\/\/holyland-olivewood.com\/es\/producto\/jesucristo-crucifijo-para-cruces-tamano-alrededor-16-cm-6-50\/","title":{"rendered":"Crucifijo de Jesucristo para cruces Tama\u00f1o alrededor de (16 cm \/ 6.50\u00bb) #CH106"},"content":{"rendered":"","protected":false},"excerpt":{"rendered":"<p>Crucifijo de Jes\u00fas de Metal incluyendo el signo INRI (Iesus Nazarenus Rex Iudaeorum = Jes\u00fas de Nazaret Rey de los Jud\u00edos), que viene con los clavos y se ajusta a las Cruces de Madera de Olivo tama\u00f1o aproximado 16 cm (6.5&#8243;).<br \/>\nHermoso detalle en 3D con orificios de montaje perfectos para crear sus propios crucifijos. Alta calidad hecha en Italia y bendecida en la Iglesia de la Natividad en Bel\u00e9n.<\/p>\n<p>Tama\u00f1o: 8.5 cm (3.25&#8243;)<\/p>\n","protected":false},"featured_media":27979,"comment_status":"closed","ping_status":"closed","template":"","meta":[],"product_brand":[],"product_cat":[3809,1726],"product_tag":[789,3820,1732,880,930,860,885,2231,846,3825,855,4083,849,875,958,924,906,898,911,808,891,3801,937,2230,826,813,965,3829,1329,870,795,821,832,3813],"class_list":{"0":"post-46410","1":"product","2":"type-product","3":"status-publish","4":"has-post-thumbnail","6":"product_cat-hardware-de-crucifijo","7":"product_cat-miscelaneo","8":"product_tag-belen","9":"product_tag-clavos","10":"product_tag-cristo","11":"product_tag-dio","12":"product_tag-foedselskirken-es","13":"product_tag-haandlavet-es","14":"product_tag-haandvaerk-es","15":"product_tag-hardware-es","16":"product_tag-hellig-es-2","17":"product_tag-inri-es","18":"product_tag-jerusalen","19":"product_tag-jesus-es-2","20":"product_tag-jord-es","21":"product_tag-jul-es","22":"product_tag-katolsk-es","23":"product_tag-kirke-es","24":"product_tag-kors-es","25":"product_tag-kristen-es","26":"product_tag-krucifiks-es","27":"product_tag-krucifikser-es-2","28":"product_tag-kunsthaandvaerk-es","29":"product_tag-metal-es","30":"product_tag-mor-es","31":"product_tag-nino","32":"product_tag-oliventrae-es","33":"product_tag-olivo","34":"product_tag-ortodoks-es","35":"product_tag-placa","36":"product_tag-regalos","37":"product_tag-rosenkrans-es","38":"product_tag-rosenkranse-es","39":"product_tag-trae-es","40":"product_tag-udskaering-es","41":"product_tag-una","43":"first","44":"instock","45":"shipping-taxable","46":"purchasable","47":"product-type-simple"},"yoast_head":"<!-- This site is optimized with the Yoast SEO plugin v27.3 - https:\/\/yoast.com\/product\/yoast-seo-wordpress\/ -->\n<title>Crucifijo de Jesucristo para cruces Tama\u00f1o alrededor de (16 cm \/ 6.50&#039;&#039;) #CH106 - Holy Land Olive Wood - Bethlehem Olive Wood Factory<\/title>\n<meta name=\"description\" content=\"Artesan\u00edas de madera de olivo de Bel\u00e9n (es decir, rosarios, jerusal\u00e9n, cruces, crucifijos, cuentas) bol\u00edgrafos en blanco, bloques y existencias en bruto en dimensiones est\u00e1ndar y personalizadas.\" \/>\n<meta name=\"robots\" content=\"index, follow, max-snippet:-1, max-image-preview:large, max-video-preview:-1\" \/>\n<link rel=\"canonical\" href=\"https:\/\/holyland-olivewood.com\/es\/producto\/jesucristo-crucifijo-para-cruces-tamano-alrededor-16-cm-6-50\/\" \/>\n<meta property=\"og:locale\" content=\"es_ES\" \/>\n<meta property=\"og:type\" content=\"article\" \/>\n<meta property=\"og:title\" content=\"Crucifijo de Jesucristo para cruces Tama\u00f1o alrededor de (16 cm \/ 6.50&#039;&#039;) #CH106 - Holy Land Olive Wood - Bethlehem Olive Wood Factory\" \/>\n<meta property=\"og:description\" content=\"Artesan\u00edas de madera de olivo de Bel\u00e9n (es decir, rosarios, jerusal\u00e9n, cruces, crucifijos, cuentas) bol\u00edgrafos en blanco, bloques y existencias en bruto en dimensiones est\u00e1ndar y personalizadas.\" \/>\n<meta property=\"og:url\" content=\"https:\/\/holyland-olivewood.com\/es\/producto\/jesucristo-crucifijo-para-cruces-tamano-alrededor-16-cm-6-50\/\" \/>\n<meta property=\"og:site_name\" content=\"Holy Land Olive Wood - Bethlehem Olive Wood Factory\" \/>\n<meta property=\"article:publisher\" content=\"https:\/\/www.facebook.com\/holylandolivewood.bethlehem\/\" \/>\n<meta property=\"article:modified_time\" content=\"2022-02-11T17:23:33+00:00\" \/>\n<meta property=\"og:image\" content=\"https:\/\/holyland-olivewood.com\/wp-content\/uploads\/2016\/05\/jesus_christ_holy_land_olive_wood_bethlehem_ch103.jpg\" \/>\n\t<meta property=\"og:image:width\" content=\"1550\" \/>\n\t<meta property=\"og:image:height\" content=\"1200\" \/>\n\t<meta property=\"og:image:type\" content=\"image\/jpeg\" \/>\n<meta name=\"twitter:card\" content=\"summary_large_image\" \/>\n<script type=\"application\/ld+json\" class=\"yoast-schema-graph\">{\"@context\":\"https:\\\/\\\/schema.org\",\"@graph\":[{\"@type\":\"WebPage\",\"@id\":\"https:\\\/\\\/holyland-olivewood.com\\\/es\\\/producto\\\/jesucristo-crucifijo-para-cruces-tamano-alrededor-16-cm-6-50\\\/\",\"url\":\"https:\\\/\\\/holyland-olivewood.com\\\/es\\\/producto\\\/jesucristo-crucifijo-para-cruces-tamano-alrededor-16-cm-6-50\\\/\",\"name\":\"Crucifijo de Jesucristo para cruces Tama\u00f1o alrededor de (16 cm \\\/ 6.50'') #CH106 - Holy Land Olive Wood - Bethlehem Olive Wood Factory\",\"isPartOf\":{\"@id\":\"https:\\\/\\\/holyland-olivewood.com\\\/es\\\/#website\"},\"primaryImageOfPage\":{\"@id\":\"https:\\\/\\\/holyland-olivewood.com\\\/es\\\/producto\\\/jesucristo-crucifijo-para-cruces-tamano-alrededor-16-cm-6-50\\\/#primaryimage\"},\"image\":{\"@id\":\"https:\\\/\\\/holyland-olivewood.com\\\/es\\\/producto\\\/jesucristo-crucifijo-para-cruces-tamano-alrededor-16-cm-6-50\\\/#primaryimage\"},\"thumbnailUrl\":\"https:\\\/\\\/holyland-olivewood.com\\\/wp-content\\\/uploads\\\/2016\\\/05\\\/jesus_christ_holy_land_olive_wood_bethlehem_ch103.jpg\",\"datePublished\":\"2016-05-30T20:22:15+00:00\",\"dateModified\":\"2022-02-11T17:23:33+00:00\",\"description\":\"Artesan\u00edas de madera de olivo de Bel\u00e9n (es decir, rosarios, jerusal\u00e9n, cruces, crucifijos, cuentas) bol\u00edgrafos en blanco, bloques y existencias en bruto en dimensiones est\u00e1ndar y personalizadas.\",\"breadcrumb\":{\"@id\":\"https:\\\/\\\/holyland-olivewood.com\\\/es\\\/producto\\\/jesucristo-crucifijo-para-cruces-tamano-alrededor-16-cm-6-50\\\/#breadcrumb\"},\"inLanguage\":\"es\",\"potentialAction\":[{\"@type\":\"ReadAction\",\"target\":[\"https:\\\/\\\/holyland-olivewood.com\\\/es\\\/producto\\\/jesucristo-crucifijo-para-cruces-tamano-alrededor-16-cm-6-50\\\/\"]}]},{\"@type\":\"ImageObject\",\"inLanguage\":\"es\",\"@id\":\"https:\\\/\\\/holyland-olivewood.com\\\/es\\\/producto\\\/jesucristo-crucifijo-para-cruces-tamano-alrededor-16-cm-6-50\\\/#primaryimage\",\"url\":\"https:\\\/\\\/holyland-olivewood.com\\\/wp-content\\\/uploads\\\/2016\\\/05\\\/jesus_christ_holy_land_olive_wood_bethlehem_ch103.jpg\",\"contentUrl\":\"https:\\\/\\\/holyland-olivewood.com\\\/wp-content\\\/uploads\\\/2016\\\/05\\\/jesus_christ_holy_land_olive_wood_bethlehem_ch103.jpg\",\"width\":1550,\"height\":1200},{\"@type\":\"BreadcrumbList\",\"@id\":\"https:\\\/\\\/holyland-olivewood.com\\\/es\\\/producto\\\/jesucristo-crucifijo-para-cruces-tamano-alrededor-16-cm-6-50\\\/#breadcrumb\",\"itemListElement\":[{\"@type\":\"ListItem\",\"position\":1,\"name\":\"Home\",\"item\":\"https:\\\/\\\/holyland-olivewood.com\\\/es\\\/home\\\/\"},{\"@type\":\"ListItem\",\"position\":2,\"name\":\"Ver todos los productos\",\"item\":\"https:\\\/\\\/holyland-olivewood.com\\\/es\\\/shop\\\/\"},{\"@type\":\"ListItem\",\"position\":3,\"name\":\"Crucifijo de Jesucristo para cruces Tama\u00f1o alrededor de (16 cm \\\/ 6.50&#8221;) #CH106\"}]},{\"@type\":\"WebSite\",\"@id\":\"https:\\\/\\\/holyland-olivewood.com\\\/es\\\/#website\",\"url\":\"https:\\\/\\\/holyland-olivewood.com\\\/es\\\/\",\"name\":\"Holy Land Olive Wood - Bethlehem Olive Wood Factory\",\"description\":\"Holy Land Olivewood Bethlehem\",\"publisher\":{\"@id\":\"https:\\\/\\\/holyland-olivewood.com\\\/es\\\/#organization\"},\"potentialAction\":[{\"@type\":\"SearchAction\",\"target\":{\"@type\":\"EntryPoint\",\"urlTemplate\":\"https:\\\/\\\/holyland-olivewood.com\\\/es\\\/?s={search_term_string}\"},\"query-input\":{\"@type\":\"PropertyValueSpecification\",\"valueRequired\":true,\"valueName\":\"search_term_string\"}}],\"inLanguage\":\"es\"},{\"@type\":\"Organization\",\"@id\":\"https:\\\/\\\/holyland-olivewood.com\\\/es\\\/#organization\",\"name\":\"Holy Land Olivewood\",\"url\":\"https:\\\/\\\/holyland-olivewood.com\\\/es\\\/\",\"logo\":{\"@type\":\"ImageObject\",\"inLanguage\":\"es\",\"@id\":\"https:\\\/\\\/holyland-olivewood.com\\\/es\\\/#\\\/schema\\\/logo\\\/image\\\/\",\"url\":\"\",\"contentUrl\":\"\",\"caption\":\"Holy Land Olivewood\"},\"image\":{\"@id\":\"https:\\\/\\\/holyland-olivewood.com\\\/es\\\/#\\\/schema\\\/logo\\\/image\\\/\"},\"sameAs\":[\"https:\\\/\\\/www.facebook.com\\\/holylandolivewood.bethlehem\\\/\",\"http:\\\/\\\/instagram.com\\\/holy.land.olive.wood\"]}]}<\/script>\n<!-- \/ Yoast SEO plugin. -->","yoast_head_json":{"title":"Crucifijo de Jesucristo para cruces Tama\u00f1o alrededor de (16 cm \/ 6.50'') #CH106 - Holy Land Olive Wood - Bethlehem Olive Wood Factory","description":"Artesan\u00edas de madera de olivo de Bel\u00e9n (es decir, rosarios, jerusal\u00e9n, cruces, crucifijos, cuentas) bol\u00edgrafos en blanco, bloques y existencias en bruto en dimensiones est\u00e1ndar y personalizadas.","robots":{"index":"index","follow":"follow","max-snippet":"max-snippet:-1","max-image-preview":"max-image-preview:large","max-video-preview":"max-video-preview:-1"},"canonical":"https:\/\/holyland-olivewood.com\/es\/producto\/jesucristo-crucifijo-para-cruces-tamano-alrededor-16-cm-6-50\/","og_locale":"es_ES","og_type":"article","og_title":"Crucifijo de Jesucristo para cruces Tama\u00f1o alrededor de (16 cm \/ 6.50'') #CH106 - Holy Land Olive Wood - Bethlehem Olive Wood Factory","og_description":"Artesan\u00edas de madera de olivo de Bel\u00e9n (es decir, rosarios, jerusal\u00e9n, cruces, crucifijos, cuentas) bol\u00edgrafos en blanco, bloques y existencias en bruto en dimensiones est\u00e1ndar y personalizadas.","og_url":"https:\/\/holyland-olivewood.com\/es\/producto\/jesucristo-crucifijo-para-cruces-tamano-alrededor-16-cm-6-50\/","og_site_name":"Holy Land Olive Wood - Bethlehem Olive Wood Factory","article_publisher":"https:\/\/www.facebook.com\/holylandolivewood.bethlehem\/","article_modified_time":"2022-02-11T17:23:33+00:00","og_image":[{"width":1550,"height":1200,"url":"https:\/\/holyland-olivewood.com\/wp-content\/uploads\/2016\/05\/jesus_christ_holy_land_olive_wood_bethlehem_ch103.jpg","type":"image\/jpeg"}],"twitter_card":"summary_large_image","schema":{"@context":"https:\/\/schema.org","@graph":[{"@type":"WebPage","@id":"https:\/\/holyland-olivewood.com\/es\/producto\/jesucristo-crucifijo-para-cruces-tamano-alrededor-16-cm-6-50\/","url":"https:\/\/holyland-olivewood.com\/es\/producto\/jesucristo-crucifijo-para-cruces-tamano-alrededor-16-cm-6-50\/","name":"Crucifijo de Jesucristo para cruces Tama\u00f1o alrededor de (16 cm \/ 6.50'') #CH106 - Holy Land Olive Wood - Bethlehem Olive Wood Factory","isPartOf":{"@id":"https:\/\/holyland-olivewood.com\/es\/#website"},"primaryImageOfPage":{"@id":"https:\/\/holyland-olivewood.com\/es\/producto\/jesucristo-crucifijo-para-cruces-tamano-alrededor-16-cm-6-50\/#primaryimage"},"image":{"@id":"https:\/\/holyland-olivewood.com\/es\/producto\/jesucristo-crucifijo-para-cruces-tamano-alrededor-16-cm-6-50\/#primaryimage"},"thumbnailUrl":"https:\/\/holyland-olivewood.com\/wp-content\/uploads\/2016\/05\/jesus_christ_holy_land_olive_wood_bethlehem_ch103.jpg","datePublished":"2016-05-30T20:22:15+00:00","dateModified":"2022-02-11T17:23:33+00:00","description":"Artesan\u00edas de madera de olivo de Bel\u00e9n (es decir, rosarios, jerusal\u00e9n, cruces, crucifijos, cuentas) bol\u00edgrafos en blanco, bloques y existencias en bruto en dimensiones est\u00e1ndar y personalizadas.","breadcrumb":{"@id":"https:\/\/holyland-olivewood.com\/es\/producto\/jesucristo-crucifijo-para-cruces-tamano-alrededor-16-cm-6-50\/#breadcrumb"},"inLanguage":"es","potentialAction":[{"@type":"ReadAction","target":["https:\/\/holyland-olivewood.com\/es\/producto\/jesucristo-crucifijo-para-cruces-tamano-alrededor-16-cm-6-50\/"]}]},{"@type":"ImageObject","inLanguage":"es","@id":"https:\/\/holyland-olivewood.com\/es\/producto\/jesucristo-crucifijo-para-cruces-tamano-alrededor-16-cm-6-50\/#primaryimage","url":"https:\/\/holyland-olivewood.com\/wp-content\/uploads\/2016\/05\/jesus_christ_holy_land_olive_wood_bethlehem_ch103.jpg","contentUrl":"https:\/\/holyland-olivewood.com\/wp-content\/uploads\/2016\/05\/jesus_christ_holy_land_olive_wood_bethlehem_ch103.jpg","width":1550,"height":1200},{"@type":"BreadcrumbList","@id":"https:\/\/holyland-olivewood.com\/es\/producto\/jesucristo-crucifijo-para-cruces-tamano-alrededor-16-cm-6-50\/#breadcrumb","itemListElement":[{"@type":"ListItem","position":1,"name":"Home","item":"https:\/\/holyland-olivewood.com\/es\/home\/"},{"@type":"ListItem","position":2,"name":"Ver todos los productos","item":"https:\/\/holyland-olivewood.com\/es\/shop\/"},{"@type":"ListItem","position":3,"name":"Crucifijo de Jesucristo para cruces Tama\u00f1o alrededor de (16 cm \/ 6.50&#8221;) #CH106"}]},{"@type":"WebSite","@id":"https:\/\/holyland-olivewood.com\/es\/#website","url":"https:\/\/holyland-olivewood.com\/es\/","name":"Holy Land Olive Wood - Bethlehem Olive Wood Factory","description":"Holy Land Olivewood Bethlehem","publisher":{"@id":"https:\/\/holyland-olivewood.com\/es\/#organization"},"potentialAction":[{"@type":"SearchAction","target":{"@type":"EntryPoint","urlTemplate":"https:\/\/holyland-olivewood.com\/es\/?s={search_term_string}"},"query-input":{"@type":"PropertyValueSpecification","valueRequired":true,"valueName":"search_term_string"}}],"inLanguage":"es"},{"@type":"Organization","@id":"https:\/\/holyland-olivewood.com\/es\/#organization","name":"Holy Land Olivewood","url":"https:\/\/holyland-olivewood.com\/es\/","logo":{"@type":"ImageObject","inLanguage":"es","@id":"https:\/\/holyland-olivewood.com\/es\/#\/schema\/logo\/image\/","url":"","contentUrl":"","caption":"Holy Land Olivewood"},"image":{"@id":"https:\/\/holyland-olivewood.com\/es\/#\/schema\/logo\/image\/"},"sameAs":["https:\/\/www.facebook.com\/holylandolivewood.bethlehem\/","http:\/\/instagram.com\/holy.land.olive.wood"]}]}},"_links":{"self":[{"href":"https:\/\/holyland-olivewood.com\/es\/wp-json\/wp\/v2\/product\/46410","targetHints":{"allow":["GET"]}}],"collection":[{"href":"https:\/\/holyland-olivewood.com\/es\/wp-json\/wp\/v2\/product"}],"about":[{"href":"https:\/\/holyland-olivewood.com\/es\/wp-json\/wp\/v2\/types\/product"}],"replies":[{"embeddable":true,"href":"https:\/\/holyland-olivewood.com\/es\/wp-json\/wp\/v2\/comments?post=46410"}],"version-history":[{"count":0,"href":"https:\/\/holyland-olivewood.com\/es\/wp-json\/wp\/v2\/product\/46410\/revisions"}],"wp:featuredmedia":[{"embeddable":true,"href":"https:\/\/holyland-olivewood.com\/es\/wp-json\/wp\/v2\/media\/27979"}],"wp:attachment":[{"href":"https:\/\/holyland-olivewood.com\/es\/wp-json\/wp\/v2\/media?parent=46410"}],"wp:term":[{"taxonomy":"product_brand","embeddable":true,"href":"https:\/\/holyland-olivewood.com\/es\/wp-json\/wp\/v2\/product_brand?post=46410"},{"taxonomy":"product_cat","embeddable":true,"href":"https:\/\/holyland-olivewood.com\/es\/wp-json\/wp\/v2\/product_cat?post=46410"},{"taxonomy":"product_tag","embeddable":true,"href":"https:\/\/holyland-olivewood.com\/es\/wp-json\/wp\/v2\/product_tag?post=46410"}],"curies":[{"name":"wp","href":"https:\/\/api.w.org\/{rel}","templated":true}]}}