{"id":46316,"date":"2016-05-30T20:29:59","date_gmt":"2016-05-30T20:29:59","guid":{"rendered":"https:\/\/holyland-olivewood.com\/product\/cruz-de-madera-de-olivo-con-guion-jesus-20-cm-7-75-cr126\/"},"modified":"2022-02-11T17:18:45","modified_gmt":"2022-02-11T17:18:45","slug":"olivo-madera-cruz-w-jesus-script-20-cm-7-75","status":"publish","type":"product","link":"https:\/\/holyland-olivewood.com\/es\/producto\/olivo-madera-cruz-w-jesus-script-20-cm-7-75\/","title":{"rendered":"Cruz de Madera de Olivo con Gui\u00f3n \u00abJes\u00fas\u00bb (20 cm \/ 7.75\u00bb) #CR126"},"content":{"rendered":"","protected":false},"excerpt":{"rendered":"<p>Esta cruz moderna est\u00e1 art\u00edsticamente cortada para deletrear \u00abJes\u00fas\u00bb. Est\u00e1 hecho a mano en Tierra Santa a partir de un aut\u00e9ntico olivo de Bel\u00e9n cosechado de manera sostenible. Contiene una c\u00e1psula de vidrio incrustada en la parte inferior del brazo con adornos de lat\u00f3n que contiene tierra de Bel\u00e9n.<\/p>\n<p>Este art\u00edculo incluye un certificado de autenticidad que verifica los materiales y t\u00e9cnicas utilizadas para fabricar este producto.<\/p>\n<p>Tama\u00f1o: 20 cm (7.75&#8243;)<\/p>\n","protected":false},"featured_media":27991,"comment_status":"closed","ping_status":"closed","template":"","meta":[],"product_brand":[],"product_cat":[783,779],"product_tag":[983,943,789,919,992,880,930,860,885,846,855,4083,849,875,958,974,924,906,898,911,808,801,891,937,826,813,965,990,951,870,795,821,832],"class_list":{"0":"post-46316","1":"product","2":"type-product","3":"status-publish","4":"has-post-thumbnail","6":"product_cat-kunsthaandvaerk-es","7":"product_cat-kors-og-krucifikser-es","8":"product_tag-14-es-2","9":"product_tag-af-es","10":"product_tag-belen","11":"product_tag-boen-es","12":"product_tag-cubil","13":"product_tag-dio","14":"product_tag-foedselskirken-es","15":"product_tag-haandlavet-es","16":"product_tag-haandvaerk-es","17":"product_tag-hellig-es-2","18":"product_tag-jerusalen","19":"product_tag-jesus-es-2","20":"product_tag-jord-es","21":"product_tag-jul-es","22":"product_tag-katolsk-es","23":"product_tag-keltisk-es-2","24":"product_tag-kirke-es","25":"product_tag-kors-es","26":"product_tag-kristen-es","27":"product_tag-krucifiks-es","28":"product_tag-krucifikser-es-2","29":"product_tag-krydser-es","30":"product_tag-kunsthaandvaerk-es","31":"product_tag-mor-es","32":"product_tag-oliventrae-es","33":"product_tag-olivo","34":"product_tag-ortodoks-es","35":"product_tag-papelero","36":"product_tag-perle-es","37":"product_tag-rosenkrans-es","38":"product_tag-rosenkranse-es","39":"product_tag-trae-es","40":"product_tag-udskaering-es","42":"first","43":"instock","44":"shipping-taxable","45":"purchasable","46":"product-type-simple"},"yoast_head":"<!-- This site is optimized with the Yoast SEO plugin v27.3 - https:\/\/yoast.com\/product\/yoast-seo-wordpress\/ -->\n<title>Cruz de Madera de Olivo con Gui\u00f3n &quot;Jes\u00fas&quot; (20 cm \/ 7.75&#039;&#039;) #CR126 - Holy Land Olive Wood - Bethlehem Olive Wood Factory<\/title>\n<meta name=\"description\" content=\"Artesan\u00edas de madera de olivo de Bel\u00e9n (es decir, rosarios, jerusal\u00e9n, cruces, crucifijos, cuentas) bol\u00edgrafos en blanco, bloques y existencias en bruto en dimensiones est\u00e1ndar y personalizadas.\" \/>\n<meta name=\"robots\" content=\"index, follow, max-snippet:-1, max-image-preview:large, max-video-preview:-1\" \/>\n<link rel=\"canonical\" href=\"https:\/\/holyland-olivewood.com\/es\/producto\/olivo-madera-cruz-w-jesus-script-20-cm-7-75\/\" \/>\n<meta property=\"og:locale\" content=\"es_ES\" \/>\n<meta property=\"og:type\" content=\"article\" \/>\n<meta property=\"og:title\" content=\"Cruz de Madera de Olivo con Gui\u00f3n &quot;Jes\u00fas&quot; (20 cm \/ 7.75&#039;&#039;) #CR126 - Holy Land Olive Wood - Bethlehem Olive Wood Factory\" \/>\n<meta property=\"og:description\" content=\"Artesan\u00edas de madera de olivo de Bel\u00e9n (es decir, rosarios, jerusal\u00e9n, cruces, crucifijos, cuentas) bol\u00edgrafos en blanco, bloques y existencias en bruto en dimensiones est\u00e1ndar y personalizadas.\" \/>\n<meta property=\"og:url\" content=\"https:\/\/holyland-olivewood.com\/es\/producto\/olivo-madera-cruz-w-jesus-script-20-cm-7-75\/\" \/>\n<meta property=\"og:site_name\" content=\"Holy Land Olive Wood - Bethlehem Olive Wood Factory\" \/>\n<meta property=\"article:publisher\" content=\"https:\/\/www.facebook.com\/holylandolivewood.bethlehem\/\" \/>\n<meta property=\"article:modified_time\" content=\"2022-02-11T17:18:45+00:00\" \/>\n<meta property=\"og:image\" content=\"https:\/\/holyland-olivewood.com\/wp-content\/uploads\/2016\/05\/jesus_cross_holy_land_olive_wood_bethlehem_cr124tcr127.jpg\" \/>\n\t<meta property=\"og:image:width\" content=\"1550\" \/>\n\t<meta property=\"og:image:height\" content=\"1200\" \/>\n\t<meta property=\"og:image:type\" content=\"image\/jpeg\" \/>\n<meta name=\"twitter:card\" content=\"summary_large_image\" \/>\n<script type=\"application\/ld+json\" class=\"yoast-schema-graph\">{\"@context\":\"https:\\\/\\\/schema.org\",\"@graph\":[{\"@type\":\"WebPage\",\"@id\":\"https:\\\/\\\/holyland-olivewood.com\\\/es\\\/producto\\\/olivo-madera-cruz-w-jesus-script-20-cm-7-75\\\/\",\"url\":\"https:\\\/\\\/holyland-olivewood.com\\\/es\\\/producto\\\/olivo-madera-cruz-w-jesus-script-20-cm-7-75\\\/\",\"name\":\"Cruz de Madera de Olivo con Gui\u00f3n \\\"Jes\u00fas\\\" (20 cm \\\/ 7.75'') #CR126 - Holy Land Olive Wood - Bethlehem Olive Wood Factory\",\"isPartOf\":{\"@id\":\"https:\\\/\\\/holyland-olivewood.com\\\/es\\\/#website\"},\"primaryImageOfPage\":{\"@id\":\"https:\\\/\\\/holyland-olivewood.com\\\/es\\\/producto\\\/olivo-madera-cruz-w-jesus-script-20-cm-7-75\\\/#primaryimage\"},\"image\":{\"@id\":\"https:\\\/\\\/holyland-olivewood.com\\\/es\\\/producto\\\/olivo-madera-cruz-w-jesus-script-20-cm-7-75\\\/#primaryimage\"},\"thumbnailUrl\":\"https:\\\/\\\/holyland-olivewood.com\\\/wp-content\\\/uploads\\\/2016\\\/05\\\/jesus_cross_holy_land_olive_wood_bethlehem_cr124tcr127.jpg\",\"datePublished\":\"2016-05-30T20:29:59+00:00\",\"dateModified\":\"2022-02-11T17:18:45+00:00\",\"description\":\"Artesan\u00edas de madera de olivo de Bel\u00e9n (es decir, rosarios, jerusal\u00e9n, cruces, crucifijos, cuentas) bol\u00edgrafos en blanco, bloques y existencias en bruto en dimensiones est\u00e1ndar y personalizadas.\",\"breadcrumb\":{\"@id\":\"https:\\\/\\\/holyland-olivewood.com\\\/es\\\/producto\\\/olivo-madera-cruz-w-jesus-script-20-cm-7-75\\\/#breadcrumb\"},\"inLanguage\":\"es\",\"potentialAction\":[{\"@type\":\"ReadAction\",\"target\":[\"https:\\\/\\\/holyland-olivewood.com\\\/es\\\/producto\\\/olivo-madera-cruz-w-jesus-script-20-cm-7-75\\\/\"]}]},{\"@type\":\"ImageObject\",\"inLanguage\":\"es\",\"@id\":\"https:\\\/\\\/holyland-olivewood.com\\\/es\\\/producto\\\/olivo-madera-cruz-w-jesus-script-20-cm-7-75\\\/#primaryimage\",\"url\":\"https:\\\/\\\/holyland-olivewood.com\\\/wp-content\\\/uploads\\\/2016\\\/05\\\/jesus_cross_holy_land_olive_wood_bethlehem_cr124tcr127.jpg\",\"contentUrl\":\"https:\\\/\\\/holyland-olivewood.com\\\/wp-content\\\/uploads\\\/2016\\\/05\\\/jesus_cross_holy_land_olive_wood_bethlehem_cr124tcr127.jpg\",\"width\":1550,\"height\":1200},{\"@type\":\"BreadcrumbList\",\"@id\":\"https:\\\/\\\/holyland-olivewood.com\\\/es\\\/producto\\\/olivo-madera-cruz-w-jesus-script-20-cm-7-75\\\/#breadcrumb\",\"itemListElement\":[{\"@type\":\"ListItem\",\"position\":1,\"name\":\"Home\",\"item\":\"https:\\\/\\\/holyland-olivewood.com\\\/es\\\/home\\\/\"},{\"@type\":\"ListItem\",\"position\":2,\"name\":\"Ver todos los productos\",\"item\":\"https:\\\/\\\/holyland-olivewood.com\\\/es\\\/shop\\\/\"},{\"@type\":\"ListItem\",\"position\":3,\"name\":\"Cruz de Madera de Olivo con Gui\u00f3n &#8220;Jes\u00fas&#8221; (20 cm \\\/ 7.75&#8221;) #CR126\"}]},{\"@type\":\"WebSite\",\"@id\":\"https:\\\/\\\/holyland-olivewood.com\\\/es\\\/#website\",\"url\":\"https:\\\/\\\/holyland-olivewood.com\\\/es\\\/\",\"name\":\"Holy Land Olive Wood - Bethlehem Olive Wood Factory\",\"description\":\"Holy Land Olivewood Bethlehem\",\"publisher\":{\"@id\":\"https:\\\/\\\/holyland-olivewood.com\\\/es\\\/#organization\"},\"potentialAction\":[{\"@type\":\"SearchAction\",\"target\":{\"@type\":\"EntryPoint\",\"urlTemplate\":\"https:\\\/\\\/holyland-olivewood.com\\\/es\\\/?s={search_term_string}\"},\"query-input\":{\"@type\":\"PropertyValueSpecification\",\"valueRequired\":true,\"valueName\":\"search_term_string\"}}],\"inLanguage\":\"es\"},{\"@type\":\"Organization\",\"@id\":\"https:\\\/\\\/holyland-olivewood.com\\\/es\\\/#organization\",\"name\":\"Holy Land Olivewood\",\"url\":\"https:\\\/\\\/holyland-olivewood.com\\\/es\\\/\",\"logo\":{\"@type\":\"ImageObject\",\"inLanguage\":\"es\",\"@id\":\"https:\\\/\\\/holyland-olivewood.com\\\/es\\\/#\\\/schema\\\/logo\\\/image\\\/\",\"url\":\"\",\"contentUrl\":\"\",\"caption\":\"Holy Land Olivewood\"},\"image\":{\"@id\":\"https:\\\/\\\/holyland-olivewood.com\\\/es\\\/#\\\/schema\\\/logo\\\/image\\\/\"},\"sameAs\":[\"https:\\\/\\\/www.facebook.com\\\/holylandolivewood.bethlehem\\\/\",\"http:\\\/\\\/instagram.com\\\/holy.land.olive.wood\"]}]}<\/script>\n<!-- \/ Yoast SEO plugin. -->","yoast_head_json":{"title":"Cruz de Madera de Olivo con Gui\u00f3n \"Jes\u00fas\" (20 cm \/ 7.75'') #CR126 - Holy Land Olive Wood - Bethlehem Olive Wood Factory","description":"Artesan\u00edas de madera de olivo de Bel\u00e9n (es decir, rosarios, jerusal\u00e9n, cruces, crucifijos, cuentas) bol\u00edgrafos en blanco, bloques y existencias en bruto en dimensiones est\u00e1ndar y personalizadas.","robots":{"index":"index","follow":"follow","max-snippet":"max-snippet:-1","max-image-preview":"max-image-preview:large","max-video-preview":"max-video-preview:-1"},"canonical":"https:\/\/holyland-olivewood.com\/es\/producto\/olivo-madera-cruz-w-jesus-script-20-cm-7-75\/","og_locale":"es_ES","og_type":"article","og_title":"Cruz de Madera de Olivo con Gui\u00f3n \"Jes\u00fas\" (20 cm \/ 7.75'') #CR126 - Holy Land Olive Wood - Bethlehem Olive Wood Factory","og_description":"Artesan\u00edas de madera de olivo de Bel\u00e9n (es decir, rosarios, jerusal\u00e9n, cruces, crucifijos, cuentas) bol\u00edgrafos en blanco, bloques y existencias en bruto en dimensiones est\u00e1ndar y personalizadas.","og_url":"https:\/\/holyland-olivewood.com\/es\/producto\/olivo-madera-cruz-w-jesus-script-20-cm-7-75\/","og_site_name":"Holy Land Olive Wood - Bethlehem Olive Wood Factory","article_publisher":"https:\/\/www.facebook.com\/holylandolivewood.bethlehem\/","article_modified_time":"2022-02-11T17:18:45+00:00","og_image":[{"width":1550,"height":1200,"url":"https:\/\/holyland-olivewood.com\/wp-content\/uploads\/2016\/05\/jesus_cross_holy_land_olive_wood_bethlehem_cr124tcr127.jpg","type":"image\/jpeg"}],"twitter_card":"summary_large_image","schema":{"@context":"https:\/\/schema.org","@graph":[{"@type":"WebPage","@id":"https:\/\/holyland-olivewood.com\/es\/producto\/olivo-madera-cruz-w-jesus-script-20-cm-7-75\/","url":"https:\/\/holyland-olivewood.com\/es\/producto\/olivo-madera-cruz-w-jesus-script-20-cm-7-75\/","name":"Cruz de Madera de Olivo con Gui\u00f3n \"Jes\u00fas\" (20 cm \/ 7.75'') #CR126 - Holy Land Olive Wood - Bethlehem Olive Wood Factory","isPartOf":{"@id":"https:\/\/holyland-olivewood.com\/es\/#website"},"primaryImageOfPage":{"@id":"https:\/\/holyland-olivewood.com\/es\/producto\/olivo-madera-cruz-w-jesus-script-20-cm-7-75\/#primaryimage"},"image":{"@id":"https:\/\/holyland-olivewood.com\/es\/producto\/olivo-madera-cruz-w-jesus-script-20-cm-7-75\/#primaryimage"},"thumbnailUrl":"https:\/\/holyland-olivewood.com\/wp-content\/uploads\/2016\/05\/jesus_cross_holy_land_olive_wood_bethlehem_cr124tcr127.jpg","datePublished":"2016-05-30T20:29:59+00:00","dateModified":"2022-02-11T17:18:45+00:00","description":"Artesan\u00edas de madera de olivo de Bel\u00e9n (es decir, rosarios, jerusal\u00e9n, cruces, crucifijos, cuentas) bol\u00edgrafos en blanco, bloques y existencias en bruto en dimensiones est\u00e1ndar y personalizadas.","breadcrumb":{"@id":"https:\/\/holyland-olivewood.com\/es\/producto\/olivo-madera-cruz-w-jesus-script-20-cm-7-75\/#breadcrumb"},"inLanguage":"es","potentialAction":[{"@type":"ReadAction","target":["https:\/\/holyland-olivewood.com\/es\/producto\/olivo-madera-cruz-w-jesus-script-20-cm-7-75\/"]}]},{"@type":"ImageObject","inLanguage":"es","@id":"https:\/\/holyland-olivewood.com\/es\/producto\/olivo-madera-cruz-w-jesus-script-20-cm-7-75\/#primaryimage","url":"https:\/\/holyland-olivewood.com\/wp-content\/uploads\/2016\/05\/jesus_cross_holy_land_olive_wood_bethlehem_cr124tcr127.jpg","contentUrl":"https:\/\/holyland-olivewood.com\/wp-content\/uploads\/2016\/05\/jesus_cross_holy_land_olive_wood_bethlehem_cr124tcr127.jpg","width":1550,"height":1200},{"@type":"BreadcrumbList","@id":"https:\/\/holyland-olivewood.com\/es\/producto\/olivo-madera-cruz-w-jesus-script-20-cm-7-75\/#breadcrumb","itemListElement":[{"@type":"ListItem","position":1,"name":"Home","item":"https:\/\/holyland-olivewood.com\/es\/home\/"},{"@type":"ListItem","position":2,"name":"Ver todos los productos","item":"https:\/\/holyland-olivewood.com\/es\/shop\/"},{"@type":"ListItem","position":3,"name":"Cruz de Madera de Olivo con Gui\u00f3n &#8220;Jes\u00fas&#8221; (20 cm \/ 7.75&#8221;) #CR126"}]},{"@type":"WebSite","@id":"https:\/\/holyland-olivewood.com\/es\/#website","url":"https:\/\/holyland-olivewood.com\/es\/","name":"Holy Land Olive Wood - Bethlehem Olive Wood Factory","description":"Holy Land Olivewood Bethlehem","publisher":{"@id":"https:\/\/holyland-olivewood.com\/es\/#organization"},"potentialAction":[{"@type":"SearchAction","target":{"@type":"EntryPoint","urlTemplate":"https:\/\/holyland-olivewood.com\/es\/?s={search_term_string}"},"query-input":{"@type":"PropertyValueSpecification","valueRequired":true,"valueName":"search_term_string"}}],"inLanguage":"es"},{"@type":"Organization","@id":"https:\/\/holyland-olivewood.com\/es\/#organization","name":"Holy Land Olivewood","url":"https:\/\/holyland-olivewood.com\/es\/","logo":{"@type":"ImageObject","inLanguage":"es","@id":"https:\/\/holyland-olivewood.com\/es\/#\/schema\/logo\/image\/","url":"","contentUrl":"","caption":"Holy Land Olivewood"},"image":{"@id":"https:\/\/holyland-olivewood.com\/es\/#\/schema\/logo\/image\/"},"sameAs":["https:\/\/www.facebook.com\/holylandolivewood.bethlehem\/","http:\/\/instagram.com\/holy.land.olive.wood"]}]}},"_links":{"self":[{"href":"https:\/\/holyland-olivewood.com\/es\/wp-json\/wp\/v2\/product\/46316","targetHints":{"allow":["GET"]}}],"collection":[{"href":"https:\/\/holyland-olivewood.com\/es\/wp-json\/wp\/v2\/product"}],"about":[{"href":"https:\/\/holyland-olivewood.com\/es\/wp-json\/wp\/v2\/types\/product"}],"replies":[{"embeddable":true,"href":"https:\/\/holyland-olivewood.com\/es\/wp-json\/wp\/v2\/comments?post=46316"}],"version-history":[{"count":0,"href":"https:\/\/holyland-olivewood.com\/es\/wp-json\/wp\/v2\/product\/46316\/revisions"}],"wp:featuredmedia":[{"embeddable":true,"href":"https:\/\/holyland-olivewood.com\/es\/wp-json\/wp\/v2\/media\/27991"}],"wp:attachment":[{"href":"https:\/\/holyland-olivewood.com\/es\/wp-json\/wp\/v2\/media?parent=46316"}],"wp:term":[{"taxonomy":"product_brand","embeddable":true,"href":"https:\/\/holyland-olivewood.com\/es\/wp-json\/wp\/v2\/product_brand?post=46316"},{"taxonomy":"product_cat","embeddable":true,"href":"https:\/\/holyland-olivewood.com\/es\/wp-json\/wp\/v2\/product_cat?post=46316"},{"taxonomy":"product_tag","embeddable":true,"href":"https:\/\/holyland-olivewood.com\/es\/wp-json\/wp\/v2\/product_tag?post=46316"}],"curies":[{"name":"wp","href":"https:\/\/api.w.org\/{rel}","templated":true}]}}