{"id":46140,"date":"2016-05-30T20:32:52","date_gmt":"2016-05-30T20:32:52","guid":{"rendered":"https:\/\/holyland-olivewood.com\/product\/llavero-de-madera-de-olivo-ke102\/"},"modified":"2025-11-01T18:12:12","modified_gmt":"2025-11-01T18:12:12","slug":"oliva-madera-llavero-2","status":"publish","type":"product","link":"https:\/\/holyland-olivewood.com\/es\/producto\/oliva-madera-llavero-2\/","title":{"rendered":"Llavero artesanal de madera de olivo &#8211; 4,5 cm (1,8&#8243;) #KE102"},"content":{"rendered":"","protected":false},"excerpt":{"rendered":"<p>Este hermoso coraz\u00f3n tallado a mano se fabrica en Tierra Santa con aut\u00e9ntica madera de olivo de Bel\u00e9n, recolectada de forma sostenible. El veteado natural de la madera crea un asombroso dibujo, pulido hasta conseguir un suave brillo con un acabado liso y elegante. <\/p>\n<p>Puede sostenerse en la mano como recordatorio de amor y consuelo, o regalarse como detalle a alguien que necesite \u00e1nimo. Cada pieza incluye un certificado de autenticidad que verifica los materiales y las t\u00e9cnicas tradicionales utilizadas. <\/p>\n<p>Tama\u00f1o: 4,5 cm (1,8&#8243;) &#8211; se refiere s\u00f3lo a la parte de madera, no al llavero.<\/p>\n","protected":false},"featured_media":62343,"comment_status":"closed","ping_status":"closed","template":"","meta":[],"product_brand":[],"product_cat":[2532,1726],"product_tag":[4387,4633,4627,4624,4625,4630,4626,4629,4632,4369,4634,4631,4628],"class_list":{"0":"post-46140","1":"product","2":"type-product","3":"status-publish","4":"has-post-thumbnail","6":"product_cat-llaveros","7":"product_cat-miscelaneo","8":"product_tag-don-espiritual","9":"product_tag-llavero-corazon","10":"product_tag-llavero-corazon-de-madera","11":"product_tag-llavero-corazon-de-madera-de-olivo","12":"product_tag-llavero-de-tierra-santa","13":"product_tag-llavero-fe","14":"product_tag-llavero-hecho-a-mano","15":"product_tag-llavero-religioso","16":"product_tag-madera-de-olivo-artesanal","17":"product_tag-madera-de-olivo-de-belen","18":"product_tag-madera-de-olivo-de-tierra-santa","19":"product_tag-recuerdo-de-madera-de-olivo","20":"product_tag-regalo-cristiano","22":"first","23":"instock","24":"shipping-taxable","25":"purchasable","26":"product-type-simple"},"yoast_head":"<!-- This site is optimized with the Yoast SEO plugin v27.4 - https:\/\/yoast.com\/product\/yoast-seo-wordpress\/ -->\n<title>Llavero artesanal de madera de olivo - 4,5 cm (1,8&quot;) #KE102 - Holy Land Olive Wood - Bethlehem Olive Wood Factory<\/title>\n<meta name=\"description\" content=\"Llavero coraz\u00f3n artesanal de madera de olivo de Tierra Santa: hecho de aut\u00e9ntica madera de olivo de Bel\u00e9n, un regalo cristiano encantador y lleno de significado.\" \/>\n<meta name=\"robots\" content=\"index, follow, max-snippet:-1, max-image-preview:large, max-video-preview:-1\" \/>\n<link rel=\"canonical\" href=\"https:\/\/holyland-olivewood.com\/es\/producto\/oliva-madera-llavero-2\/\" \/>\n<meta property=\"og:locale\" content=\"es_ES\" \/>\n<meta property=\"og:type\" content=\"article\" \/>\n<meta property=\"og:title\" content=\"Llavero artesanal de madera de olivo - 4,5 cm (1,8&quot;) #KE102 - Holy Land Olive Wood - Bethlehem Olive Wood Factory\" \/>\n<meta property=\"og:description\" content=\"Llavero coraz\u00f3n artesanal de madera de olivo de Tierra Santa: hecho de aut\u00e9ntica madera de olivo de Bel\u00e9n, un regalo cristiano encantador y lleno de significado.\" \/>\n<meta property=\"og:url\" content=\"https:\/\/holyland-olivewood.com\/es\/producto\/oliva-madera-llavero-2\/\" \/>\n<meta property=\"og:site_name\" content=\"Holy Land Olive Wood - Bethlehem Olive Wood Factory\" \/>\n<meta property=\"article:publisher\" content=\"https:\/\/www.facebook.com\/holylandolivewood.bethlehem\/\" \/>\n<meta property=\"article:modified_time\" content=\"2025-11-01T18:12:12+00:00\" \/>\n<meta property=\"og:image\" content=\"https:\/\/holyland-olivewood.com\/wp-content\/uploads\/2016\/05\/olive_wood_heart_keychain_bethlehem_holy-land_ke102.jpg\" \/>\n\t<meta property=\"og:image:width\" content=\"1550\" \/>\n\t<meta property=\"og:image:height\" content=\"1200\" \/>\n\t<meta property=\"og:image:type\" content=\"image\/jpeg\" \/>\n<meta name=\"twitter:card\" content=\"summary_large_image\" \/>\n<script type=\"application\/ld+json\" class=\"yoast-schema-graph\">{\"@context\":\"https:\\\/\\\/schema.org\",\"@graph\":[{\"@type\":\"WebPage\",\"@id\":\"https:\\\/\\\/holyland-olivewood.com\\\/es\\\/producto\\\/oliva-madera-llavero-2\\\/\",\"url\":\"https:\\\/\\\/holyland-olivewood.com\\\/es\\\/producto\\\/oliva-madera-llavero-2\\\/\",\"name\":\"Llavero artesanal de madera de olivo - 4,5 cm (1,8\\\") #KE102 - Holy Land Olive Wood - Bethlehem Olive Wood Factory\",\"isPartOf\":{\"@id\":\"https:\\\/\\\/holyland-olivewood.com\\\/es\\\/#website\"},\"primaryImageOfPage\":{\"@id\":\"https:\\\/\\\/holyland-olivewood.com\\\/es\\\/producto\\\/oliva-madera-llavero-2\\\/#primaryimage\"},\"image\":{\"@id\":\"https:\\\/\\\/holyland-olivewood.com\\\/es\\\/producto\\\/oliva-madera-llavero-2\\\/#primaryimage\"},\"thumbnailUrl\":\"https:\\\/\\\/holyland-olivewood.com\\\/wp-content\\\/uploads\\\/2016\\\/05\\\/olive_wood_heart_keychain_bethlehem_holy-land_ke102.jpg\",\"datePublished\":\"2016-05-30T20:32:52+00:00\",\"dateModified\":\"2025-11-01T18:12:12+00:00\",\"description\":\"Llavero coraz\u00f3n artesanal de madera de olivo de Tierra Santa: hecho de aut\u00e9ntica madera de olivo de Bel\u00e9n, un regalo cristiano encantador y lleno de significado.\",\"breadcrumb\":{\"@id\":\"https:\\\/\\\/holyland-olivewood.com\\\/es\\\/producto\\\/oliva-madera-llavero-2\\\/#breadcrumb\"},\"inLanguage\":\"es\",\"potentialAction\":[{\"@type\":\"ReadAction\",\"target\":[\"https:\\\/\\\/holyland-olivewood.com\\\/es\\\/producto\\\/oliva-madera-llavero-2\\\/\"]}]},{\"@type\":\"ImageObject\",\"inLanguage\":\"es\",\"@id\":\"https:\\\/\\\/holyland-olivewood.com\\\/es\\\/producto\\\/oliva-madera-llavero-2\\\/#primaryimage\",\"url\":\"https:\\\/\\\/holyland-olivewood.com\\\/wp-content\\\/uploads\\\/2016\\\/05\\\/olive_wood_heart_keychain_bethlehem_holy-land_ke102.jpg\",\"contentUrl\":\"https:\\\/\\\/holyland-olivewood.com\\\/wp-content\\\/uploads\\\/2016\\\/05\\\/olive_wood_heart_keychain_bethlehem_holy-land_ke102.jpg\",\"width\":1550,\"height\":1200},{\"@type\":\"BreadcrumbList\",\"@id\":\"https:\\\/\\\/holyland-olivewood.com\\\/es\\\/producto\\\/oliva-madera-llavero-2\\\/#breadcrumb\",\"itemListElement\":[{\"@type\":\"ListItem\",\"position\":1,\"name\":\"Home\",\"item\":\"https:\\\/\\\/holyland-olivewood.com\\\/es\\\/home\\\/\"},{\"@type\":\"ListItem\",\"position\":2,\"name\":\"Ver todos los productos\",\"item\":\"https:\\\/\\\/holyland-olivewood.com\\\/es\\\/shop\\\/\"},{\"@type\":\"ListItem\",\"position\":3,\"name\":\"Llavero artesanal de madera de olivo &#8211; 4,5 cm (1,8&#8243;) #KE102\"}]},{\"@type\":\"WebSite\",\"@id\":\"https:\\\/\\\/holyland-olivewood.com\\\/es\\\/#website\",\"url\":\"https:\\\/\\\/holyland-olivewood.com\\\/es\\\/\",\"name\":\"Holy Land Olive Wood - Bethlehem Olive Wood Factory\",\"description\":\"Holy Land Olivewood Bethlehem\",\"publisher\":{\"@id\":\"https:\\\/\\\/holyland-olivewood.com\\\/es\\\/#organization\"},\"potentialAction\":[{\"@type\":\"SearchAction\",\"target\":{\"@type\":\"EntryPoint\",\"urlTemplate\":\"https:\\\/\\\/holyland-olivewood.com\\\/es\\\/?s={search_term_string}\"},\"query-input\":{\"@type\":\"PropertyValueSpecification\",\"valueRequired\":true,\"valueName\":\"search_term_string\"}}],\"inLanguage\":\"es\"},{\"@type\":\"Organization\",\"@id\":\"https:\\\/\\\/holyland-olivewood.com\\\/es\\\/#organization\",\"name\":\"Holy Land Olivewood\",\"url\":\"https:\\\/\\\/holyland-olivewood.com\\\/es\\\/\",\"logo\":{\"@type\":\"ImageObject\",\"inLanguage\":\"es\",\"@id\":\"https:\\\/\\\/holyland-olivewood.com\\\/es\\\/#\\\/schema\\\/logo\\\/image\\\/\",\"url\":\"\",\"contentUrl\":\"\",\"caption\":\"Holy Land Olivewood\"},\"image\":{\"@id\":\"https:\\\/\\\/holyland-olivewood.com\\\/es\\\/#\\\/schema\\\/logo\\\/image\\\/\"},\"sameAs\":[\"https:\\\/\\\/www.facebook.com\\\/holylandolivewood.bethlehem\\\/\",\"http:\\\/\\\/instagram.com\\\/holy.land.olive.wood\"]}]}<\/script>\n<!-- \/ Yoast SEO plugin. -->","yoast_head_json":{"title":"Llavero artesanal de madera de olivo - 4,5 cm (1,8\") #KE102 - Holy Land Olive Wood - Bethlehem Olive Wood Factory","description":"Llavero coraz\u00f3n artesanal de madera de olivo de Tierra Santa: hecho de aut\u00e9ntica madera de olivo de Bel\u00e9n, un regalo cristiano encantador y lleno de significado.","robots":{"index":"index","follow":"follow","max-snippet":"max-snippet:-1","max-image-preview":"max-image-preview:large","max-video-preview":"max-video-preview:-1"},"canonical":"https:\/\/holyland-olivewood.com\/es\/producto\/oliva-madera-llavero-2\/","og_locale":"es_ES","og_type":"article","og_title":"Llavero artesanal de madera de olivo - 4,5 cm (1,8\") #KE102 - Holy Land Olive Wood - Bethlehem Olive Wood Factory","og_description":"Llavero coraz\u00f3n artesanal de madera de olivo de Tierra Santa: hecho de aut\u00e9ntica madera de olivo de Bel\u00e9n, un regalo cristiano encantador y lleno de significado.","og_url":"https:\/\/holyland-olivewood.com\/es\/producto\/oliva-madera-llavero-2\/","og_site_name":"Holy Land Olive Wood - Bethlehem Olive Wood Factory","article_publisher":"https:\/\/www.facebook.com\/holylandolivewood.bethlehem\/","article_modified_time":"2025-11-01T18:12:12+00:00","og_image":[{"width":1550,"height":1200,"url":"https:\/\/holyland-olivewood.com\/wp-content\/uploads\/2016\/05\/olive_wood_heart_keychain_bethlehem_holy-land_ke102.jpg","type":"image\/jpeg"}],"twitter_card":"summary_large_image","schema":{"@context":"https:\/\/schema.org","@graph":[{"@type":"WebPage","@id":"https:\/\/holyland-olivewood.com\/es\/producto\/oliva-madera-llavero-2\/","url":"https:\/\/holyland-olivewood.com\/es\/producto\/oliva-madera-llavero-2\/","name":"Llavero artesanal de madera de olivo - 4,5 cm (1,8\") #KE102 - Holy Land Olive Wood - Bethlehem Olive Wood Factory","isPartOf":{"@id":"https:\/\/holyland-olivewood.com\/es\/#website"},"primaryImageOfPage":{"@id":"https:\/\/holyland-olivewood.com\/es\/producto\/oliva-madera-llavero-2\/#primaryimage"},"image":{"@id":"https:\/\/holyland-olivewood.com\/es\/producto\/oliva-madera-llavero-2\/#primaryimage"},"thumbnailUrl":"https:\/\/holyland-olivewood.com\/wp-content\/uploads\/2016\/05\/olive_wood_heart_keychain_bethlehem_holy-land_ke102.jpg","datePublished":"2016-05-30T20:32:52+00:00","dateModified":"2025-11-01T18:12:12+00:00","description":"Llavero coraz\u00f3n artesanal de madera de olivo de Tierra Santa: hecho de aut\u00e9ntica madera de olivo de Bel\u00e9n, un regalo cristiano encantador y lleno de significado.","breadcrumb":{"@id":"https:\/\/holyland-olivewood.com\/es\/producto\/oliva-madera-llavero-2\/#breadcrumb"},"inLanguage":"es","potentialAction":[{"@type":"ReadAction","target":["https:\/\/holyland-olivewood.com\/es\/producto\/oliva-madera-llavero-2\/"]}]},{"@type":"ImageObject","inLanguage":"es","@id":"https:\/\/holyland-olivewood.com\/es\/producto\/oliva-madera-llavero-2\/#primaryimage","url":"https:\/\/holyland-olivewood.com\/wp-content\/uploads\/2016\/05\/olive_wood_heart_keychain_bethlehem_holy-land_ke102.jpg","contentUrl":"https:\/\/holyland-olivewood.com\/wp-content\/uploads\/2016\/05\/olive_wood_heart_keychain_bethlehem_holy-land_ke102.jpg","width":1550,"height":1200},{"@type":"BreadcrumbList","@id":"https:\/\/holyland-olivewood.com\/es\/producto\/oliva-madera-llavero-2\/#breadcrumb","itemListElement":[{"@type":"ListItem","position":1,"name":"Home","item":"https:\/\/holyland-olivewood.com\/es\/home\/"},{"@type":"ListItem","position":2,"name":"Ver todos los productos","item":"https:\/\/holyland-olivewood.com\/es\/shop\/"},{"@type":"ListItem","position":3,"name":"Llavero artesanal de madera de olivo &#8211; 4,5 cm (1,8&#8243;) #KE102"}]},{"@type":"WebSite","@id":"https:\/\/holyland-olivewood.com\/es\/#website","url":"https:\/\/holyland-olivewood.com\/es\/","name":"Holy Land Olive Wood - Bethlehem Olive Wood Factory","description":"Holy Land Olivewood Bethlehem","publisher":{"@id":"https:\/\/holyland-olivewood.com\/es\/#organization"},"potentialAction":[{"@type":"SearchAction","target":{"@type":"EntryPoint","urlTemplate":"https:\/\/holyland-olivewood.com\/es\/?s={search_term_string}"},"query-input":{"@type":"PropertyValueSpecification","valueRequired":true,"valueName":"search_term_string"}}],"inLanguage":"es"},{"@type":"Organization","@id":"https:\/\/holyland-olivewood.com\/es\/#organization","name":"Holy Land Olivewood","url":"https:\/\/holyland-olivewood.com\/es\/","logo":{"@type":"ImageObject","inLanguage":"es","@id":"https:\/\/holyland-olivewood.com\/es\/#\/schema\/logo\/image\/","url":"","contentUrl":"","caption":"Holy Land Olivewood"},"image":{"@id":"https:\/\/holyland-olivewood.com\/es\/#\/schema\/logo\/image\/"},"sameAs":["https:\/\/www.facebook.com\/holylandolivewood.bethlehem\/","http:\/\/instagram.com\/holy.land.olive.wood"]}]}},"_links":{"self":[{"href":"https:\/\/holyland-olivewood.com\/es\/wp-json\/wp\/v2\/product\/46140","targetHints":{"allow":["GET"]}}],"collection":[{"href":"https:\/\/holyland-olivewood.com\/es\/wp-json\/wp\/v2\/product"}],"about":[{"href":"https:\/\/holyland-olivewood.com\/es\/wp-json\/wp\/v2\/types\/product"}],"replies":[{"embeddable":true,"href":"https:\/\/holyland-olivewood.com\/es\/wp-json\/wp\/v2\/comments?post=46140"}],"version-history":[{"count":1,"href":"https:\/\/holyland-olivewood.com\/es\/wp-json\/wp\/v2\/product\/46140\/revisions"}],"predecessor-version":[{"id":62523,"href":"https:\/\/holyland-olivewood.com\/es\/wp-json\/wp\/v2\/product\/46140\/revisions\/62523"}],"wp:featuredmedia":[{"embeddable":true,"href":"https:\/\/holyland-olivewood.com\/es\/wp-json\/wp\/v2\/media\/62343"}],"wp:attachment":[{"href":"https:\/\/holyland-olivewood.com\/es\/wp-json\/wp\/v2\/media?parent=46140"}],"wp:term":[{"taxonomy":"product_brand","embeddable":true,"href":"https:\/\/holyland-olivewood.com\/es\/wp-json\/wp\/v2\/product_brand?post=46140"},{"taxonomy":"product_cat","embeddable":true,"href":"https:\/\/holyland-olivewood.com\/es\/wp-json\/wp\/v2\/product_cat?post=46140"},{"taxonomy":"product_tag","embeddable":true,"href":"https:\/\/holyland-olivewood.com\/es\/wp-json\/wp\/v2\/product_tag?post=46140"}],"curies":[{"name":"wp","href":"https:\/\/api.w.org\/{rel}","templated":true}]}}