{"id":43877,"date":"2016-05-31T12:21:07","date_gmt":"2022-02-10T14:42:04","guid":{"rendered":"https:\/\/holyland-olivewood.com\/product\/gruta-de-la-natividad-de-madera-de-olivo-set-na110\/"},"modified":"2022-02-10T14:42:04","modified_gmt":"2022-02-10T14:42:04","slug":"olivo-madera-natividad-set-3","status":"publish","type":"product","link":"https:\/\/holyland-olivewood.com\/es\/producto\/olivo-madera-natividad-set-3\/","title":{"rendered":"Gruta de la Natividad de Madera de Olivo Set #NA110"},"content":{"rendered":"","protected":false},"excerpt":{"rendered":"<p>Este hermoso conjunto de natividad est\u00e1 hecho a mano en Tierra Santa a partir de un aut\u00e9ntico olivo de Bel\u00e9n cosechado de manera sostenible. Utilizando solo olivos no productivos de Tierra Santa, esta pieza hecha a mano revela los impresionantes patrones de grano de la madera de olivo cruda, libre de aditivos o selladores. Las figuras incluyen a Mar\u00eda, Jos\u00e9 y Jes\u00fas, los tres reyes magos y el buen pastor. Los animales incluyen el burro, la vaca de ganado y tres corderos y tres camellos. Est\u00e1 bellamente elaborado y es un maravilloso tema central en la celebraci\u00f3n de la Navidad.<br \/>\nEste art\u00edculo incluye un certificado de autenticidad que verifica los materiales y t\u00e9cnicas utilizadas para fabricar este producto.<\/p>\n<p>Tama\u00f1o: 28.5 cm x 39 cm x 28.5 cm (11.25&#8243; x 15.35&#8243; x 11.25&#8243;)<\/p>\n<p>Tama\u00f1o de las figuras: 21 cm (8.25&#8243;)<\/p>\n","protected":false},"featured_media":38000,"comment_status":"closed","ping_status":"closed","template":"","meta":[],"product_brand":[],"product_cat":[783,1321],"product_tag":[1371,789,1385,1381,880,1338,1352,1354,1363,1359,930,1343,860,885,846,1377,855,837,849,1367,875,958,924,906,898,891,1324,1389,826,813,965,1334,1329,1375,821,832],"class_list":{"0":"post-43877","1":"product","2":"type-product","3":"status-publish","4":"has-post-thumbnail","6":"product_cat-kunsthaandvaerk-es","7":"product_cat-juegos-de-natividad","8":"product_tag-3-es","9":"product_tag-belen","10":"product_tag-burro","11":"product_tag-cordero","12":"product_tag-dio","13":"product_tag-establece","14":"product_tag-establo","15":"product_tag-establos","16":"product_tag-estatuilla","17":"product_tag-figuras","18":"product_tag-foedselskirken-es","19":"product_tag-gruta","20":"product_tag-haandlavet-es","21":"product_tag-haandvaerk-es","22":"product_tag-hellig-es-2","23":"product_tag-hombres","24":"product_tag-jerusalen","25":"product_tag-jesus-es","26":"product_tag-jord-es","27":"product_tag-joseph-es","28":"product_tag-jul-es","29":"product_tag-katolsk-es","30":"product_tag-kirke-es","31":"product_tag-kors-es","32":"product_tag-kristen-es","33":"product_tag-kunsthaandvaerk-es","34":"product_tag-maria-es","35":"product_tag-nacimiento","36":"product_tag-oliventrae-es","37":"product_tag-olivo","38":"product_tag-ortodoks-es","39":"product_tag-poner","40":"product_tag-regalos","41":"product_tag-sabio","42":"product_tag-trae-es","43":"product_tag-udskaering-es","45":"first","46":"outofstock","47":"shipping-taxable","48":"purchasable","49":"product-type-simple"},"yoast_head":"<!-- This site is optimized with the Yoast SEO plugin v27.3 - https:\/\/yoast.com\/product\/yoast-seo-wordpress\/ -->\n<title>Gruta de la Natividad de Madera de Olivo Set #NA110 - Holy Land Olive Wood - Bethlehem Olive Wood Factory<\/title>\n<meta name=\"description\" content=\"Artesan\u00edas de madera de olivo de Bel\u00e9n (es decir, rosarios, estatuas, natividad, conjuntos, gruta), sagrada familia, Navidad, figurillas, y stock crudo en dimensiones est\u00e1ndar y personalizadas.\" \/>\n<meta name=\"robots\" content=\"index, follow, max-snippet:-1, max-image-preview:large, max-video-preview:-1\" \/>\n<link rel=\"canonical\" href=\"https:\/\/holyland-olivewood.com\/es\/producto\/olivo-madera-natividad-set-3\/\" \/>\n<meta property=\"og:locale\" content=\"es_ES\" \/>\n<meta property=\"og:type\" content=\"article\" \/>\n<meta property=\"og:title\" content=\"Gruta de la Natividad de Madera de Olivo Set #NA110 - Holy Land Olive Wood - Bethlehem Olive Wood Factory\" \/>\n<meta property=\"og:description\" content=\"Artesan\u00edas de madera de olivo de Bel\u00e9n (es decir, rosarios, estatuas, natividad, conjuntos, gruta), sagrada familia, Navidad, figurillas, y stock crudo en dimensiones est\u00e1ndar y personalizadas.\" \/>\n<meta property=\"og:url\" content=\"https:\/\/holyland-olivewood.com\/es\/producto\/olivo-madera-natividad-set-3\/\" \/>\n<meta property=\"og:site_name\" content=\"Holy Land Olive Wood - Bethlehem Olive Wood Factory\" \/>\n<meta property=\"article:publisher\" content=\"https:\/\/www.facebook.com\/holylandolivewood.bethlehem\/\" \/>\n<meta property=\"og:image\" content=\"https:\/\/holyland-olivewood.com\/wp-content\/uploads\/2016\/05\/olivewood_nativity_grotto_set_na110-1.jpg\" \/>\n\t<meta property=\"og:image:width\" content=\"1550\" \/>\n\t<meta property=\"og:image:height\" content=\"1200\" \/>\n\t<meta property=\"og:image:type\" content=\"image\/jpeg\" \/>\n<meta name=\"twitter:card\" content=\"summary_large_image\" \/>\n<script type=\"application\/ld+json\" class=\"yoast-schema-graph\">{\"@context\":\"https:\\\/\\\/schema.org\",\"@graph\":[{\"@type\":\"WebPage\",\"@id\":\"https:\\\/\\\/holyland-olivewood.com\\\/es\\\/producto\\\/olivo-madera-natividad-set-3\\\/\",\"url\":\"https:\\\/\\\/holyland-olivewood.com\\\/es\\\/producto\\\/olivo-madera-natividad-set-3\\\/\",\"name\":\"Gruta de la Natividad de Madera de Olivo Set #NA110 - Holy Land Olive Wood - Bethlehem Olive Wood Factory\",\"isPartOf\":{\"@id\":\"https:\\\/\\\/holyland-olivewood.com\\\/es\\\/#website\"},\"primaryImageOfPage\":{\"@id\":\"https:\\\/\\\/holyland-olivewood.com\\\/es\\\/producto\\\/olivo-madera-natividad-set-3\\\/#primaryimage\"},\"image\":{\"@id\":\"https:\\\/\\\/holyland-olivewood.com\\\/es\\\/producto\\\/olivo-madera-natividad-set-3\\\/#primaryimage\"},\"thumbnailUrl\":\"https:\\\/\\\/holyland-olivewood.com\\\/wp-content\\\/uploads\\\/2016\\\/05\\\/olivewood_nativity_grotto_set_na110-1.jpg\",\"datePublished\":\"2022-02-10T14:42:04+00:00\",\"description\":\"Artesan\u00edas de madera de olivo de Bel\u00e9n (es decir, rosarios, estatuas, natividad, conjuntos, gruta), sagrada familia, Navidad, figurillas, y stock crudo en dimensiones est\u00e1ndar y personalizadas.\",\"breadcrumb\":{\"@id\":\"https:\\\/\\\/holyland-olivewood.com\\\/es\\\/producto\\\/olivo-madera-natividad-set-3\\\/#breadcrumb\"},\"inLanguage\":\"es\",\"potentialAction\":[{\"@type\":\"ReadAction\",\"target\":[\"https:\\\/\\\/holyland-olivewood.com\\\/es\\\/producto\\\/olivo-madera-natividad-set-3\\\/\"]}]},{\"@type\":\"ImageObject\",\"inLanguage\":\"es\",\"@id\":\"https:\\\/\\\/holyland-olivewood.com\\\/es\\\/producto\\\/olivo-madera-natividad-set-3\\\/#primaryimage\",\"url\":\"https:\\\/\\\/holyland-olivewood.com\\\/wp-content\\\/uploads\\\/2016\\\/05\\\/olivewood_nativity_grotto_set_na110-1.jpg\",\"contentUrl\":\"https:\\\/\\\/holyland-olivewood.com\\\/wp-content\\\/uploads\\\/2016\\\/05\\\/olivewood_nativity_grotto_set_na110-1.jpg\",\"width\":1550,\"height\":1200},{\"@type\":\"BreadcrumbList\",\"@id\":\"https:\\\/\\\/holyland-olivewood.com\\\/es\\\/producto\\\/olivo-madera-natividad-set-3\\\/#breadcrumb\",\"itemListElement\":[{\"@type\":\"ListItem\",\"position\":1,\"name\":\"Home\",\"item\":\"https:\\\/\\\/holyland-olivewood.com\\\/es\\\/home\\\/\"},{\"@type\":\"ListItem\",\"position\":2,\"name\":\"Ver todos los productos\",\"item\":\"https:\\\/\\\/holyland-olivewood.com\\\/es\\\/shop\\\/\"},{\"@type\":\"ListItem\",\"position\":3,\"name\":\"Gruta de la Natividad de Madera de Olivo Set #NA110\"}]},{\"@type\":\"WebSite\",\"@id\":\"https:\\\/\\\/holyland-olivewood.com\\\/es\\\/#website\",\"url\":\"https:\\\/\\\/holyland-olivewood.com\\\/es\\\/\",\"name\":\"Holy Land Olive Wood - Bethlehem Olive Wood Factory\",\"description\":\"Holy Land Olivewood Bethlehem\",\"publisher\":{\"@id\":\"https:\\\/\\\/holyland-olivewood.com\\\/es\\\/#organization\"},\"potentialAction\":[{\"@type\":\"SearchAction\",\"target\":{\"@type\":\"EntryPoint\",\"urlTemplate\":\"https:\\\/\\\/holyland-olivewood.com\\\/es\\\/?s={search_term_string}\"},\"query-input\":{\"@type\":\"PropertyValueSpecification\",\"valueRequired\":true,\"valueName\":\"search_term_string\"}}],\"inLanguage\":\"es\"},{\"@type\":\"Organization\",\"@id\":\"https:\\\/\\\/holyland-olivewood.com\\\/es\\\/#organization\",\"name\":\"Holy Land Olivewood\",\"url\":\"https:\\\/\\\/holyland-olivewood.com\\\/es\\\/\",\"logo\":{\"@type\":\"ImageObject\",\"inLanguage\":\"es\",\"@id\":\"https:\\\/\\\/holyland-olivewood.com\\\/es\\\/#\\\/schema\\\/logo\\\/image\\\/\",\"url\":\"\",\"contentUrl\":\"\",\"caption\":\"Holy Land Olivewood\"},\"image\":{\"@id\":\"https:\\\/\\\/holyland-olivewood.com\\\/es\\\/#\\\/schema\\\/logo\\\/image\\\/\"},\"sameAs\":[\"https:\\\/\\\/www.facebook.com\\\/holylandolivewood.bethlehem\\\/\",\"http:\\\/\\\/instagram.com\\\/holy.land.olive.wood\"]}]}<\/script>\n<!-- \/ Yoast SEO plugin. -->","yoast_head_json":{"title":"Gruta de la Natividad de Madera de Olivo Set #NA110 - Holy Land Olive Wood - Bethlehem Olive Wood Factory","description":"Artesan\u00edas de madera de olivo de Bel\u00e9n (es decir, rosarios, estatuas, natividad, conjuntos, gruta), sagrada familia, Navidad, figurillas, y stock crudo en dimensiones est\u00e1ndar y personalizadas.","robots":{"index":"index","follow":"follow","max-snippet":"max-snippet:-1","max-image-preview":"max-image-preview:large","max-video-preview":"max-video-preview:-1"},"canonical":"https:\/\/holyland-olivewood.com\/es\/producto\/olivo-madera-natividad-set-3\/","og_locale":"es_ES","og_type":"article","og_title":"Gruta de la Natividad de Madera de Olivo Set #NA110 - Holy Land Olive Wood - Bethlehem Olive Wood Factory","og_description":"Artesan\u00edas de madera de olivo de Bel\u00e9n (es decir, rosarios, estatuas, natividad, conjuntos, gruta), sagrada familia, Navidad, figurillas, y stock crudo en dimensiones est\u00e1ndar y personalizadas.","og_url":"https:\/\/holyland-olivewood.com\/es\/producto\/olivo-madera-natividad-set-3\/","og_site_name":"Holy Land Olive Wood - Bethlehem Olive Wood Factory","article_publisher":"https:\/\/www.facebook.com\/holylandolivewood.bethlehem\/","og_image":[{"width":1550,"height":1200,"url":"https:\/\/holyland-olivewood.com\/wp-content\/uploads\/2016\/05\/olivewood_nativity_grotto_set_na110-1.jpg","type":"image\/jpeg"}],"twitter_card":"summary_large_image","schema":{"@context":"https:\/\/schema.org","@graph":[{"@type":"WebPage","@id":"https:\/\/holyland-olivewood.com\/es\/producto\/olivo-madera-natividad-set-3\/","url":"https:\/\/holyland-olivewood.com\/es\/producto\/olivo-madera-natividad-set-3\/","name":"Gruta de la Natividad de Madera de Olivo Set #NA110 - Holy Land Olive Wood - Bethlehem Olive Wood Factory","isPartOf":{"@id":"https:\/\/holyland-olivewood.com\/es\/#website"},"primaryImageOfPage":{"@id":"https:\/\/holyland-olivewood.com\/es\/producto\/olivo-madera-natividad-set-3\/#primaryimage"},"image":{"@id":"https:\/\/holyland-olivewood.com\/es\/producto\/olivo-madera-natividad-set-3\/#primaryimage"},"thumbnailUrl":"https:\/\/holyland-olivewood.com\/wp-content\/uploads\/2016\/05\/olivewood_nativity_grotto_set_na110-1.jpg","datePublished":"2022-02-10T14:42:04+00:00","description":"Artesan\u00edas de madera de olivo de Bel\u00e9n (es decir, rosarios, estatuas, natividad, conjuntos, gruta), sagrada familia, Navidad, figurillas, y stock crudo en dimensiones est\u00e1ndar y personalizadas.","breadcrumb":{"@id":"https:\/\/holyland-olivewood.com\/es\/producto\/olivo-madera-natividad-set-3\/#breadcrumb"},"inLanguage":"es","potentialAction":[{"@type":"ReadAction","target":["https:\/\/holyland-olivewood.com\/es\/producto\/olivo-madera-natividad-set-3\/"]}]},{"@type":"ImageObject","inLanguage":"es","@id":"https:\/\/holyland-olivewood.com\/es\/producto\/olivo-madera-natividad-set-3\/#primaryimage","url":"https:\/\/holyland-olivewood.com\/wp-content\/uploads\/2016\/05\/olivewood_nativity_grotto_set_na110-1.jpg","contentUrl":"https:\/\/holyland-olivewood.com\/wp-content\/uploads\/2016\/05\/olivewood_nativity_grotto_set_na110-1.jpg","width":1550,"height":1200},{"@type":"BreadcrumbList","@id":"https:\/\/holyland-olivewood.com\/es\/producto\/olivo-madera-natividad-set-3\/#breadcrumb","itemListElement":[{"@type":"ListItem","position":1,"name":"Home","item":"https:\/\/holyland-olivewood.com\/es\/home\/"},{"@type":"ListItem","position":2,"name":"Ver todos los productos","item":"https:\/\/holyland-olivewood.com\/es\/shop\/"},{"@type":"ListItem","position":3,"name":"Gruta de la Natividad de Madera de Olivo Set #NA110"}]},{"@type":"WebSite","@id":"https:\/\/holyland-olivewood.com\/es\/#website","url":"https:\/\/holyland-olivewood.com\/es\/","name":"Holy Land Olive Wood - Bethlehem Olive Wood Factory","description":"Holy Land Olivewood Bethlehem","publisher":{"@id":"https:\/\/holyland-olivewood.com\/es\/#organization"},"potentialAction":[{"@type":"SearchAction","target":{"@type":"EntryPoint","urlTemplate":"https:\/\/holyland-olivewood.com\/es\/?s={search_term_string}"},"query-input":{"@type":"PropertyValueSpecification","valueRequired":true,"valueName":"search_term_string"}}],"inLanguage":"es"},{"@type":"Organization","@id":"https:\/\/holyland-olivewood.com\/es\/#organization","name":"Holy Land Olivewood","url":"https:\/\/holyland-olivewood.com\/es\/","logo":{"@type":"ImageObject","inLanguage":"es","@id":"https:\/\/holyland-olivewood.com\/es\/#\/schema\/logo\/image\/","url":"","contentUrl":"","caption":"Holy Land Olivewood"},"image":{"@id":"https:\/\/holyland-olivewood.com\/es\/#\/schema\/logo\/image\/"},"sameAs":["https:\/\/www.facebook.com\/holylandolivewood.bethlehem\/","http:\/\/instagram.com\/holy.land.olive.wood"]}]}},"_links":{"self":[{"href":"https:\/\/holyland-olivewood.com\/es\/wp-json\/wp\/v2\/product\/43877","targetHints":{"allow":["GET"]}}],"collection":[{"href":"https:\/\/holyland-olivewood.com\/es\/wp-json\/wp\/v2\/product"}],"about":[{"href":"https:\/\/holyland-olivewood.com\/es\/wp-json\/wp\/v2\/types\/product"}],"replies":[{"embeddable":true,"href":"https:\/\/holyland-olivewood.com\/es\/wp-json\/wp\/v2\/comments?post=43877"}],"version-history":[{"count":0,"href":"https:\/\/holyland-olivewood.com\/es\/wp-json\/wp\/v2\/product\/43877\/revisions"}],"wp:featuredmedia":[{"embeddable":true,"href":"https:\/\/holyland-olivewood.com\/es\/wp-json\/wp\/v2\/media\/38000"}],"wp:attachment":[{"href":"https:\/\/holyland-olivewood.com\/es\/wp-json\/wp\/v2\/media?parent=43877"}],"wp:term":[{"taxonomy":"product_brand","embeddable":true,"href":"https:\/\/holyland-olivewood.com\/es\/wp-json\/wp\/v2\/product_brand?post=43877"},{"taxonomy":"product_cat","embeddable":true,"href":"https:\/\/holyland-olivewood.com\/es\/wp-json\/wp\/v2\/product_cat?post=43877"},{"taxonomy":"product_tag","embeddable":true,"href":"https:\/\/holyland-olivewood.com\/es\/wp-json\/wp\/v2\/product_tag?post=43877"}],"curies":[{"name":"wp","href":"https:\/\/api.w.org\/{rel}","templated":true}]}}