{"id":41886,"date":"2018-09-06T13:17:43","date_gmt":"2022-02-09T05:43:29","guid":{"rendered":"https:\/\/holyland-olivewood.com\/product\/crema-de-dia-antiedad-intensiva-50ml-d117\/"},"modified":"2022-02-09T05:43:29","modified_gmt":"2022-02-09T05:43:29","slug":"crema-de-dia-intensiva-antiedad-50ml-d117","status":"publish","type":"product","link":"https:\/\/holyland-olivewood.com\/es\/producto\/crema-de-dia-intensiva-antiedad-50ml-d117\/","title":{"rendered":"Crema de D\u00eda AntiEdad Intensiva (50ml) #D117"},"content":{"rendered":"<p>Crema de d\u00eda intensiva antienvejecimiento<\/p>\n","protected":false},"excerpt":{"rendered":"<p><strong>Crema de D\u00eda AntiEdad Intensiva (50ml)<\/strong><br \/>\n<strong>Con minerales del Mar Muerto y aceite de macadamia<\/strong><\/p>\n<p>Esta crema facial totalmente natural y diaria contiene una fusi\u00f3n de sal del Mar Muerto y aceite de macadamia. Esta potente combinaci\u00f3n mejora la elasticidad de la piel para suavizar las arrugas existentes y prevenir la aparici\u00f3n de otras nuevas.<\/p>\n","protected":false},"featured_media":51778,"comment_status":"closed","ping_status":"closed","template":"","meta":[],"product_brand":[],"product_cat":[1726,2714],"product_tag":[2724,2715,2722,2725,2718,2720],"class_list":{"0":"post-41886","1":"product","2":"type-product","3":"status-publish","4":"has-post-thumbnail","6":"product_cat-miscelaneo","7":"product_cat-productos-del-mar-muerto","8":"product_tag-exfoliante-corporal-del-mar-muerto","9":"product_tag-lodo-del-mar-muerto","10":"product_tag-nata","11":"product_tag-sal-mineral","12":"product_tag-sal-mineral-del-mar-muerto","13":"product_tag-soab-de-barro-negro","15":"first","16":"outofstock","17":"shipping-taxable","18":"purchasable","19":"product-type-simple"},"yoast_head":"<!-- This site is optimized with the Yoast SEO plugin v27.4 - https:\/\/yoast.com\/product\/yoast-seo-wordpress\/ -->\n<title>Crema de D\u00eda AntiEdad Intensiva (50ml) #D117 - Holy Land Olive Wood - Bethlehem Olive Wood Factory<\/title>\n<meta name=\"description\" content=\"Crema de d\u00eda intensiva antienvejecimiento (barro del Mar Muerto, sal mineral del Mar Muerto) Soab de barro negro, crema, exfoliaci\u00f3n corporal del Mar Muerto, barro, sal mineral, de madera de olivo de Tierra Santa.\" \/>\n<meta name=\"robots\" content=\"index, follow, max-snippet:-1, max-image-preview:large, max-video-preview:-1\" \/>\n<link rel=\"canonical\" href=\"https:\/\/holyland-olivewood.com\/es\/producto\/crema-de-dia-intensiva-antiedad-50ml-d117\/\" \/>\n<meta property=\"og:locale\" content=\"es_ES\" \/>\n<meta property=\"og:type\" content=\"article\" \/>\n<meta property=\"og:title\" content=\"Crema de D\u00eda AntiEdad Intensiva (50ml) #D117 - Holy Land Olive Wood - Bethlehem Olive Wood Factory\" \/>\n<meta property=\"og:description\" content=\"Crema de d\u00eda intensiva antienvejecimiento (barro del Mar Muerto, sal mineral del Mar Muerto) Soab de barro negro, crema, exfoliaci\u00f3n corporal del Mar Muerto, barro, sal mineral, de madera de olivo de Tierra Santa.\" \/>\n<meta property=\"og:url\" content=\"https:\/\/holyland-olivewood.com\/es\/producto\/crema-de-dia-intensiva-antiedad-50ml-d117\/\" \/>\n<meta property=\"og:site_name\" content=\"Holy Land Olive Wood - Bethlehem Olive Wood Factory\" \/>\n<meta property=\"article:publisher\" content=\"https:\/\/www.facebook.com\/holylandolivewood.bethlehem\/\" \/>\n<meta property=\"og:image\" content=\"https:\/\/holyland-olivewood.com\/wp-content\/uploads\/2018\/09\/dead_sea_product_d117.jpg\" \/>\n\t<meta property=\"og:image:width\" content=\"1550\" \/>\n\t<meta property=\"og:image:height\" content=\"1200\" \/>\n\t<meta property=\"og:image:type\" content=\"image\/jpeg\" \/>\n<meta name=\"twitter:card\" content=\"summary_large_image\" \/>\n<script type=\"application\/ld+json\" class=\"yoast-schema-graph\">{\"@context\":\"https:\\\/\\\/schema.org\",\"@graph\":[{\"@type\":\"WebPage\",\"@id\":\"https:\\\/\\\/holyland-olivewood.com\\\/es\\\/producto\\\/crema-de-dia-intensiva-antiedad-50ml-d117\\\/\",\"url\":\"https:\\\/\\\/holyland-olivewood.com\\\/es\\\/producto\\\/crema-de-dia-intensiva-antiedad-50ml-d117\\\/\",\"name\":\"Crema de D\u00eda AntiEdad Intensiva (50ml) #D117 - Holy Land Olive Wood - Bethlehem Olive Wood Factory\",\"isPartOf\":{\"@id\":\"https:\\\/\\\/holyland-olivewood.com\\\/es\\\/#website\"},\"primaryImageOfPage\":{\"@id\":\"https:\\\/\\\/holyland-olivewood.com\\\/es\\\/producto\\\/crema-de-dia-intensiva-antiedad-50ml-d117\\\/#primaryimage\"},\"image\":{\"@id\":\"https:\\\/\\\/holyland-olivewood.com\\\/es\\\/producto\\\/crema-de-dia-intensiva-antiedad-50ml-d117\\\/#primaryimage\"},\"thumbnailUrl\":\"https:\\\/\\\/holyland-olivewood.com\\\/wp-content\\\/uploads\\\/2018\\\/09\\\/dead_sea_product_d117.jpg\",\"datePublished\":\"2022-02-09T05:43:29+00:00\",\"description\":\"Crema de d\u00eda intensiva antienvejecimiento (barro del Mar Muerto, sal mineral del Mar Muerto) Soab de barro negro, crema, exfoliaci\u00f3n corporal del Mar Muerto, barro, sal mineral, de madera de olivo de Tierra Santa.\",\"breadcrumb\":{\"@id\":\"https:\\\/\\\/holyland-olivewood.com\\\/es\\\/producto\\\/crema-de-dia-intensiva-antiedad-50ml-d117\\\/#breadcrumb\"},\"inLanguage\":\"es\",\"potentialAction\":[{\"@type\":\"ReadAction\",\"target\":[\"https:\\\/\\\/holyland-olivewood.com\\\/es\\\/producto\\\/crema-de-dia-intensiva-antiedad-50ml-d117\\\/\"]}]},{\"@type\":\"ImageObject\",\"inLanguage\":\"es\",\"@id\":\"https:\\\/\\\/holyland-olivewood.com\\\/es\\\/producto\\\/crema-de-dia-intensiva-antiedad-50ml-d117\\\/#primaryimage\",\"url\":\"https:\\\/\\\/holyland-olivewood.com\\\/wp-content\\\/uploads\\\/2018\\\/09\\\/dead_sea_product_d117.jpg\",\"contentUrl\":\"https:\\\/\\\/holyland-olivewood.com\\\/wp-content\\\/uploads\\\/2018\\\/09\\\/dead_sea_product_d117.jpg\",\"width\":1550,\"height\":1200},{\"@type\":\"BreadcrumbList\",\"@id\":\"https:\\\/\\\/holyland-olivewood.com\\\/es\\\/producto\\\/crema-de-dia-intensiva-antiedad-50ml-d117\\\/#breadcrumb\",\"itemListElement\":[{\"@type\":\"ListItem\",\"position\":1,\"name\":\"Home\",\"item\":\"https:\\\/\\\/holyland-olivewood.com\\\/es\\\/home\\\/\"},{\"@type\":\"ListItem\",\"position\":2,\"name\":\"Ver todos los productos\",\"item\":\"https:\\\/\\\/holyland-olivewood.com\\\/es\\\/shop\\\/\"},{\"@type\":\"ListItem\",\"position\":3,\"name\":\"Crema de D\u00eda AntiEdad Intensiva (50ml) #D117\"}]},{\"@type\":\"WebSite\",\"@id\":\"https:\\\/\\\/holyland-olivewood.com\\\/es\\\/#website\",\"url\":\"https:\\\/\\\/holyland-olivewood.com\\\/es\\\/\",\"name\":\"Holy Land Olive Wood - Bethlehem Olive Wood Factory\",\"description\":\"Holy Land Olivewood Bethlehem\",\"publisher\":{\"@id\":\"https:\\\/\\\/holyland-olivewood.com\\\/es\\\/#organization\"},\"potentialAction\":[{\"@type\":\"SearchAction\",\"target\":{\"@type\":\"EntryPoint\",\"urlTemplate\":\"https:\\\/\\\/holyland-olivewood.com\\\/es\\\/?s={search_term_string}\"},\"query-input\":{\"@type\":\"PropertyValueSpecification\",\"valueRequired\":true,\"valueName\":\"search_term_string\"}}],\"inLanguage\":\"es\"},{\"@type\":\"Organization\",\"@id\":\"https:\\\/\\\/holyland-olivewood.com\\\/es\\\/#organization\",\"name\":\"Holy Land Olivewood\",\"url\":\"https:\\\/\\\/holyland-olivewood.com\\\/es\\\/\",\"logo\":{\"@type\":\"ImageObject\",\"inLanguage\":\"es\",\"@id\":\"https:\\\/\\\/holyland-olivewood.com\\\/es\\\/#\\\/schema\\\/logo\\\/image\\\/\",\"url\":\"\",\"contentUrl\":\"\",\"caption\":\"Holy Land Olivewood\"},\"image\":{\"@id\":\"https:\\\/\\\/holyland-olivewood.com\\\/es\\\/#\\\/schema\\\/logo\\\/image\\\/\"},\"sameAs\":[\"https:\\\/\\\/www.facebook.com\\\/holylandolivewood.bethlehem\\\/\",\"http:\\\/\\\/instagram.com\\\/holy.land.olive.wood\"]}]}<\/script>\n<!-- \/ Yoast SEO plugin. -->","yoast_head_json":{"title":"Crema de D\u00eda AntiEdad Intensiva (50ml) #D117 - Holy Land Olive Wood - Bethlehem Olive Wood Factory","description":"Crema de d\u00eda intensiva antienvejecimiento (barro del Mar Muerto, sal mineral del Mar Muerto) Soab de barro negro, crema, exfoliaci\u00f3n corporal del Mar Muerto, barro, sal mineral, de madera de olivo de Tierra Santa.","robots":{"index":"index","follow":"follow","max-snippet":"max-snippet:-1","max-image-preview":"max-image-preview:large","max-video-preview":"max-video-preview:-1"},"canonical":"https:\/\/holyland-olivewood.com\/es\/producto\/crema-de-dia-intensiva-antiedad-50ml-d117\/","og_locale":"es_ES","og_type":"article","og_title":"Crema de D\u00eda AntiEdad Intensiva (50ml) #D117 - Holy Land Olive Wood - Bethlehem Olive Wood Factory","og_description":"Crema de d\u00eda intensiva antienvejecimiento (barro del Mar Muerto, sal mineral del Mar Muerto) Soab de barro negro, crema, exfoliaci\u00f3n corporal del Mar Muerto, barro, sal mineral, de madera de olivo de Tierra Santa.","og_url":"https:\/\/holyland-olivewood.com\/es\/producto\/crema-de-dia-intensiva-antiedad-50ml-d117\/","og_site_name":"Holy Land Olive Wood - Bethlehem Olive Wood Factory","article_publisher":"https:\/\/www.facebook.com\/holylandolivewood.bethlehem\/","og_image":[{"width":1550,"height":1200,"url":"https:\/\/holyland-olivewood.com\/wp-content\/uploads\/2018\/09\/dead_sea_product_d117.jpg","type":"image\/jpeg"}],"twitter_card":"summary_large_image","schema":{"@context":"https:\/\/schema.org","@graph":[{"@type":"WebPage","@id":"https:\/\/holyland-olivewood.com\/es\/producto\/crema-de-dia-intensiva-antiedad-50ml-d117\/","url":"https:\/\/holyland-olivewood.com\/es\/producto\/crema-de-dia-intensiva-antiedad-50ml-d117\/","name":"Crema de D\u00eda AntiEdad Intensiva (50ml) #D117 - Holy Land Olive Wood - Bethlehem Olive Wood Factory","isPartOf":{"@id":"https:\/\/holyland-olivewood.com\/es\/#website"},"primaryImageOfPage":{"@id":"https:\/\/holyland-olivewood.com\/es\/producto\/crema-de-dia-intensiva-antiedad-50ml-d117\/#primaryimage"},"image":{"@id":"https:\/\/holyland-olivewood.com\/es\/producto\/crema-de-dia-intensiva-antiedad-50ml-d117\/#primaryimage"},"thumbnailUrl":"https:\/\/holyland-olivewood.com\/wp-content\/uploads\/2018\/09\/dead_sea_product_d117.jpg","datePublished":"2022-02-09T05:43:29+00:00","description":"Crema de d\u00eda intensiva antienvejecimiento (barro del Mar Muerto, sal mineral del Mar Muerto) Soab de barro negro, crema, exfoliaci\u00f3n corporal del Mar Muerto, barro, sal mineral, de madera de olivo de Tierra Santa.","breadcrumb":{"@id":"https:\/\/holyland-olivewood.com\/es\/producto\/crema-de-dia-intensiva-antiedad-50ml-d117\/#breadcrumb"},"inLanguage":"es","potentialAction":[{"@type":"ReadAction","target":["https:\/\/holyland-olivewood.com\/es\/producto\/crema-de-dia-intensiva-antiedad-50ml-d117\/"]}]},{"@type":"ImageObject","inLanguage":"es","@id":"https:\/\/holyland-olivewood.com\/es\/producto\/crema-de-dia-intensiva-antiedad-50ml-d117\/#primaryimage","url":"https:\/\/holyland-olivewood.com\/wp-content\/uploads\/2018\/09\/dead_sea_product_d117.jpg","contentUrl":"https:\/\/holyland-olivewood.com\/wp-content\/uploads\/2018\/09\/dead_sea_product_d117.jpg","width":1550,"height":1200},{"@type":"BreadcrumbList","@id":"https:\/\/holyland-olivewood.com\/es\/producto\/crema-de-dia-intensiva-antiedad-50ml-d117\/#breadcrumb","itemListElement":[{"@type":"ListItem","position":1,"name":"Home","item":"https:\/\/holyland-olivewood.com\/es\/home\/"},{"@type":"ListItem","position":2,"name":"Ver todos los productos","item":"https:\/\/holyland-olivewood.com\/es\/shop\/"},{"@type":"ListItem","position":3,"name":"Crema de D\u00eda AntiEdad Intensiva (50ml) #D117"}]},{"@type":"WebSite","@id":"https:\/\/holyland-olivewood.com\/es\/#website","url":"https:\/\/holyland-olivewood.com\/es\/","name":"Holy Land Olive Wood - Bethlehem Olive Wood Factory","description":"Holy Land Olivewood Bethlehem","publisher":{"@id":"https:\/\/holyland-olivewood.com\/es\/#organization"},"potentialAction":[{"@type":"SearchAction","target":{"@type":"EntryPoint","urlTemplate":"https:\/\/holyland-olivewood.com\/es\/?s={search_term_string}"},"query-input":{"@type":"PropertyValueSpecification","valueRequired":true,"valueName":"search_term_string"}}],"inLanguage":"es"},{"@type":"Organization","@id":"https:\/\/holyland-olivewood.com\/es\/#organization","name":"Holy Land Olivewood","url":"https:\/\/holyland-olivewood.com\/es\/","logo":{"@type":"ImageObject","inLanguage":"es","@id":"https:\/\/holyland-olivewood.com\/es\/#\/schema\/logo\/image\/","url":"","contentUrl":"","caption":"Holy Land Olivewood"},"image":{"@id":"https:\/\/holyland-olivewood.com\/es\/#\/schema\/logo\/image\/"},"sameAs":["https:\/\/www.facebook.com\/holylandolivewood.bethlehem\/","http:\/\/instagram.com\/holy.land.olive.wood"]}]}},"_links":{"self":[{"href":"https:\/\/holyland-olivewood.com\/es\/wp-json\/wp\/v2\/product\/41886","targetHints":{"allow":["GET"]}}],"collection":[{"href":"https:\/\/holyland-olivewood.com\/es\/wp-json\/wp\/v2\/product"}],"about":[{"href":"https:\/\/holyland-olivewood.com\/es\/wp-json\/wp\/v2\/types\/product"}],"replies":[{"embeddable":true,"href":"https:\/\/holyland-olivewood.com\/es\/wp-json\/wp\/v2\/comments?post=41886"}],"version-history":[{"count":0,"href":"https:\/\/holyland-olivewood.com\/es\/wp-json\/wp\/v2\/product\/41886\/revisions"}],"wp:featuredmedia":[{"embeddable":true,"href":"https:\/\/holyland-olivewood.com\/es\/wp-json\/wp\/v2\/media\/51778"}],"wp:attachment":[{"href":"https:\/\/holyland-olivewood.com\/es\/wp-json\/wp\/v2\/media?parent=41886"}],"wp:term":[{"taxonomy":"product_brand","embeddable":true,"href":"https:\/\/holyland-olivewood.com\/es\/wp-json\/wp\/v2\/product_brand?post=41886"},{"taxonomy":"product_cat","embeddable":true,"href":"https:\/\/holyland-olivewood.com\/es\/wp-json\/wp\/v2\/product_cat?post=41886"},{"taxonomy":"product_tag","embeddable":true,"href":"https:\/\/holyland-olivewood.com\/es\/wp-json\/wp\/v2\/product_tag?post=41886"}],"curies":[{"name":"wp","href":"https:\/\/api.w.org\/{rel}","templated":true}]}}