{"id":41787,"date":"2018-09-06T13:33:40","date_gmt":"2022-02-09T05:39:27","guid":{"rendered":"https:\/\/holyland-olivewood.com\/product\/dead-sea-body-scrub-milk-honey-400g-d122\/"},"modified":"2022-02-09T05:39:27","modified_gmt":"2022-02-09T05:39:27","slug":"mar-muerto-cuerpo-exfoliante-leche-miel-400g-d122","status":"publish","type":"product","link":"https:\/\/holyland-olivewood.com\/es\/producto\/mar-muerto-cuerpo-exfoliante-leche-miel-400g-d122\/","title":{"rendered":"Dead Sea Body Scrub -Milk &amp; Honey (400g) #D122"},"content":{"rendered":"<p>Exfoliante corporal del Mar Muerto<\/p>\n","protected":false},"excerpt":{"rendered":"<p><strong>Exfoliante Corporal del Mar Muerto -Leche y Miel (400g)<\/strong><\/p>\n<p>Este exfoliante corporal totalmente natural est\u00e1 hecho de sal del Mar Muerto rica en minerales que est\u00e1 enriquecida con aceite de germen de trigo, aceite de jojoba, aceite de oliva, aceite de aguacate, aceite de parafina, aceite de girasol org\u00e1nico, aceite de semilla de uva, vitamina E y extracto de rosa.<\/p>\n<p>Esta combinaci\u00f3n regenerativa de vitaminas, minerales y antioxidantes mejora la circulaci\u00f3n sangu\u00ednea, reduce la celulitis, hidrata y alivia las afecciones de la piel, como la psoriasis, el eccema y las erupciones cut\u00e1neas.<\/p>\n<p><strong>Instrucciones:<\/strong> Masajee el exfoliante en su piel en un movimiento circular hasta que su piel est\u00e9 saturada con sus aceites. Masajee las \u00e1reas que est\u00e1n particularmente secas y \/ o da\u00f1adas, y luego l\u00e1vese con agua sin usar jab\u00f3n. Para obtener resultados \u00f3ptimos, repita este proceso 2-3 veces por semana.<\/p>\n<p><strong>Cantidad :<\/strong> 400 Gramos<\/p>\n","protected":false},"featured_media":51705,"comment_status":"closed","ping_status":"closed","template":"","meta":[],"product_brand":[],"product_cat":[1726,2714],"product_tag":[2724,2715,2722,2725,2718,2720],"class_list":{"0":"post-41787","1":"product","2":"type-product","3":"status-publish","4":"has-post-thumbnail","6":"product_cat-miscelaneo","7":"product_cat-productos-del-mar-muerto","8":"product_tag-exfoliante-corporal-del-mar-muerto","9":"product_tag-lodo-del-mar-muerto","10":"product_tag-nata","11":"product_tag-sal-mineral","12":"product_tag-sal-mineral-del-mar-muerto","13":"product_tag-soab-de-barro-negro","15":"first","16":"outofstock","17":"shipping-taxable","18":"purchasable","19":"product-type-simple"},"yoast_head":"<!-- This site is optimized with the Yoast SEO plugin v27.4 - https:\/\/yoast.com\/product\/yoast-seo-wordpress\/ -->\n<title>Dead Sea Body Scrub -Milk &amp; Honey (400g) #D122 - Holy Land Olive Wood - Bethlehem Olive Wood Factory<\/title>\n<meta name=\"description\" content=\"Exfoliante corporal del Mar Muerto (Barro del Mar Muerto, Sal Mineral del Mar Muerto) Soab de Barro Negro, Crema, Exfoliante Corporal del Mar Muerto, Barro, Sal Mineral, de Madera de Olivo de Tierra Santa.\" \/>\n<meta name=\"robots\" content=\"index, follow, max-snippet:-1, max-image-preview:large, max-video-preview:-1\" \/>\n<link rel=\"canonical\" href=\"https:\/\/holyland-olivewood.com\/es\/producto\/mar-muerto-cuerpo-exfoliante-leche-miel-400g-d122\/\" \/>\n<meta property=\"og:locale\" content=\"es_ES\" \/>\n<meta property=\"og:type\" content=\"article\" \/>\n<meta property=\"og:title\" content=\"Dead Sea Body Scrub -Milk &amp; Honey (400g) #D122 - Holy Land Olive Wood - Bethlehem Olive Wood Factory\" \/>\n<meta property=\"og:description\" content=\"Exfoliante corporal del Mar Muerto (Barro del Mar Muerto, Sal Mineral del Mar Muerto) Soab de Barro Negro, Crema, Exfoliante Corporal del Mar Muerto, Barro, Sal Mineral, de Madera de Olivo de Tierra Santa.\" \/>\n<meta property=\"og:url\" content=\"https:\/\/holyland-olivewood.com\/es\/producto\/mar-muerto-cuerpo-exfoliante-leche-miel-400g-d122\/\" \/>\n<meta property=\"og:site_name\" content=\"Holy Land Olive Wood - Bethlehem Olive Wood Factory\" \/>\n<meta property=\"article:publisher\" content=\"https:\/\/www.facebook.com\/holylandolivewood.bethlehem\/\" \/>\n<meta property=\"og:image\" content=\"https:\/\/holyland-olivewood.com\/wp-content\/uploads\/2018\/09\/dead_sea_product_d122.jpg\" \/>\n\t<meta property=\"og:image:width\" content=\"1550\" \/>\n\t<meta property=\"og:image:height\" content=\"1200\" \/>\n\t<meta property=\"og:image:type\" content=\"image\/jpeg\" \/>\n<meta name=\"twitter:card\" content=\"summary_large_image\" \/>\n<script type=\"application\/ld+json\" class=\"yoast-schema-graph\">{\"@context\":\"https:\\\/\\\/schema.org\",\"@graph\":[{\"@type\":\"WebPage\",\"@id\":\"https:\\\/\\\/holyland-olivewood.com\\\/es\\\/producto\\\/mar-muerto-cuerpo-exfoliante-leche-miel-400g-d122\\\/\",\"url\":\"https:\\\/\\\/holyland-olivewood.com\\\/es\\\/producto\\\/mar-muerto-cuerpo-exfoliante-leche-miel-400g-d122\\\/\",\"name\":\"Dead Sea Body Scrub -Milk &amp; Honey (400g) #D122 - Holy Land Olive Wood - Bethlehem Olive Wood Factory\",\"isPartOf\":{\"@id\":\"https:\\\/\\\/holyland-olivewood.com\\\/es\\\/#website\"},\"primaryImageOfPage\":{\"@id\":\"https:\\\/\\\/holyland-olivewood.com\\\/es\\\/producto\\\/mar-muerto-cuerpo-exfoliante-leche-miel-400g-d122\\\/#primaryimage\"},\"image\":{\"@id\":\"https:\\\/\\\/holyland-olivewood.com\\\/es\\\/producto\\\/mar-muerto-cuerpo-exfoliante-leche-miel-400g-d122\\\/#primaryimage\"},\"thumbnailUrl\":\"https:\\\/\\\/holyland-olivewood.com\\\/wp-content\\\/uploads\\\/2018\\\/09\\\/dead_sea_product_d122.jpg\",\"datePublished\":\"2022-02-09T05:39:27+00:00\",\"description\":\"Exfoliante corporal del Mar Muerto (Barro del Mar Muerto, Sal Mineral del Mar Muerto) Soab de Barro Negro, Crema, Exfoliante Corporal del Mar Muerto, Barro, Sal Mineral, de Madera de Olivo de Tierra Santa.\",\"breadcrumb\":{\"@id\":\"https:\\\/\\\/holyland-olivewood.com\\\/es\\\/producto\\\/mar-muerto-cuerpo-exfoliante-leche-miel-400g-d122\\\/#breadcrumb\"},\"inLanguage\":\"es\",\"potentialAction\":[{\"@type\":\"ReadAction\",\"target\":[\"https:\\\/\\\/holyland-olivewood.com\\\/es\\\/producto\\\/mar-muerto-cuerpo-exfoliante-leche-miel-400g-d122\\\/\"]}]},{\"@type\":\"ImageObject\",\"inLanguage\":\"es\",\"@id\":\"https:\\\/\\\/holyland-olivewood.com\\\/es\\\/producto\\\/mar-muerto-cuerpo-exfoliante-leche-miel-400g-d122\\\/#primaryimage\",\"url\":\"https:\\\/\\\/holyland-olivewood.com\\\/wp-content\\\/uploads\\\/2018\\\/09\\\/dead_sea_product_d122.jpg\",\"contentUrl\":\"https:\\\/\\\/holyland-olivewood.com\\\/wp-content\\\/uploads\\\/2018\\\/09\\\/dead_sea_product_d122.jpg\",\"width\":1550,\"height\":1200},{\"@type\":\"BreadcrumbList\",\"@id\":\"https:\\\/\\\/holyland-olivewood.com\\\/es\\\/producto\\\/mar-muerto-cuerpo-exfoliante-leche-miel-400g-d122\\\/#breadcrumb\",\"itemListElement\":[{\"@type\":\"ListItem\",\"position\":1,\"name\":\"Home\",\"item\":\"https:\\\/\\\/holyland-olivewood.com\\\/es\\\/home\\\/\"},{\"@type\":\"ListItem\",\"position\":2,\"name\":\"Ver todos los productos\",\"item\":\"https:\\\/\\\/holyland-olivewood.com\\\/es\\\/shop\\\/\"},{\"@type\":\"ListItem\",\"position\":3,\"name\":\"Dead Sea Body Scrub -Milk &amp; Honey (400g) #D122\"}]},{\"@type\":\"WebSite\",\"@id\":\"https:\\\/\\\/holyland-olivewood.com\\\/es\\\/#website\",\"url\":\"https:\\\/\\\/holyland-olivewood.com\\\/es\\\/\",\"name\":\"Holy Land Olive Wood - Bethlehem Olive Wood Factory\",\"description\":\"Holy Land Olivewood Bethlehem\",\"publisher\":{\"@id\":\"https:\\\/\\\/holyland-olivewood.com\\\/es\\\/#organization\"},\"potentialAction\":[{\"@type\":\"SearchAction\",\"target\":{\"@type\":\"EntryPoint\",\"urlTemplate\":\"https:\\\/\\\/holyland-olivewood.com\\\/es\\\/?s={search_term_string}\"},\"query-input\":{\"@type\":\"PropertyValueSpecification\",\"valueRequired\":true,\"valueName\":\"search_term_string\"}}],\"inLanguage\":\"es\"},{\"@type\":\"Organization\",\"@id\":\"https:\\\/\\\/holyland-olivewood.com\\\/es\\\/#organization\",\"name\":\"Holy Land Olivewood\",\"url\":\"https:\\\/\\\/holyland-olivewood.com\\\/es\\\/\",\"logo\":{\"@type\":\"ImageObject\",\"inLanguage\":\"es\",\"@id\":\"https:\\\/\\\/holyland-olivewood.com\\\/es\\\/#\\\/schema\\\/logo\\\/image\\\/\",\"url\":\"\",\"contentUrl\":\"\",\"caption\":\"Holy Land Olivewood\"},\"image\":{\"@id\":\"https:\\\/\\\/holyland-olivewood.com\\\/es\\\/#\\\/schema\\\/logo\\\/image\\\/\"},\"sameAs\":[\"https:\\\/\\\/www.facebook.com\\\/holylandolivewood.bethlehem\\\/\",\"http:\\\/\\\/instagram.com\\\/holy.land.olive.wood\"]}]}<\/script>\n<!-- \/ Yoast SEO plugin. -->","yoast_head_json":{"title":"Dead Sea Body Scrub -Milk &amp; Honey (400g) #D122 - Holy Land Olive Wood - Bethlehem Olive Wood Factory","description":"Exfoliante corporal del Mar Muerto (Barro del Mar Muerto, Sal Mineral del Mar Muerto) Soab de Barro Negro, Crema, Exfoliante Corporal del Mar Muerto, Barro, Sal Mineral, de Madera de Olivo de Tierra Santa.","robots":{"index":"index","follow":"follow","max-snippet":"max-snippet:-1","max-image-preview":"max-image-preview:large","max-video-preview":"max-video-preview:-1"},"canonical":"https:\/\/holyland-olivewood.com\/es\/producto\/mar-muerto-cuerpo-exfoliante-leche-miel-400g-d122\/","og_locale":"es_ES","og_type":"article","og_title":"Dead Sea Body Scrub -Milk &amp; Honey (400g) #D122 - Holy Land Olive Wood - Bethlehem Olive Wood Factory","og_description":"Exfoliante corporal del Mar Muerto (Barro del Mar Muerto, Sal Mineral del Mar Muerto) Soab de Barro Negro, Crema, Exfoliante Corporal del Mar Muerto, Barro, Sal Mineral, de Madera de Olivo de Tierra Santa.","og_url":"https:\/\/holyland-olivewood.com\/es\/producto\/mar-muerto-cuerpo-exfoliante-leche-miel-400g-d122\/","og_site_name":"Holy Land Olive Wood - Bethlehem Olive Wood Factory","article_publisher":"https:\/\/www.facebook.com\/holylandolivewood.bethlehem\/","og_image":[{"width":1550,"height":1200,"url":"https:\/\/holyland-olivewood.com\/wp-content\/uploads\/2018\/09\/dead_sea_product_d122.jpg","type":"image\/jpeg"}],"twitter_card":"summary_large_image","schema":{"@context":"https:\/\/schema.org","@graph":[{"@type":"WebPage","@id":"https:\/\/holyland-olivewood.com\/es\/producto\/mar-muerto-cuerpo-exfoliante-leche-miel-400g-d122\/","url":"https:\/\/holyland-olivewood.com\/es\/producto\/mar-muerto-cuerpo-exfoliante-leche-miel-400g-d122\/","name":"Dead Sea Body Scrub -Milk &amp; Honey (400g) #D122 - Holy Land Olive Wood - Bethlehem Olive Wood Factory","isPartOf":{"@id":"https:\/\/holyland-olivewood.com\/es\/#website"},"primaryImageOfPage":{"@id":"https:\/\/holyland-olivewood.com\/es\/producto\/mar-muerto-cuerpo-exfoliante-leche-miel-400g-d122\/#primaryimage"},"image":{"@id":"https:\/\/holyland-olivewood.com\/es\/producto\/mar-muerto-cuerpo-exfoliante-leche-miel-400g-d122\/#primaryimage"},"thumbnailUrl":"https:\/\/holyland-olivewood.com\/wp-content\/uploads\/2018\/09\/dead_sea_product_d122.jpg","datePublished":"2022-02-09T05:39:27+00:00","description":"Exfoliante corporal del Mar Muerto (Barro del Mar Muerto, Sal Mineral del Mar Muerto) Soab de Barro Negro, Crema, Exfoliante Corporal del Mar Muerto, Barro, Sal Mineral, de Madera de Olivo de Tierra Santa.","breadcrumb":{"@id":"https:\/\/holyland-olivewood.com\/es\/producto\/mar-muerto-cuerpo-exfoliante-leche-miel-400g-d122\/#breadcrumb"},"inLanguage":"es","potentialAction":[{"@type":"ReadAction","target":["https:\/\/holyland-olivewood.com\/es\/producto\/mar-muerto-cuerpo-exfoliante-leche-miel-400g-d122\/"]}]},{"@type":"ImageObject","inLanguage":"es","@id":"https:\/\/holyland-olivewood.com\/es\/producto\/mar-muerto-cuerpo-exfoliante-leche-miel-400g-d122\/#primaryimage","url":"https:\/\/holyland-olivewood.com\/wp-content\/uploads\/2018\/09\/dead_sea_product_d122.jpg","contentUrl":"https:\/\/holyland-olivewood.com\/wp-content\/uploads\/2018\/09\/dead_sea_product_d122.jpg","width":1550,"height":1200},{"@type":"BreadcrumbList","@id":"https:\/\/holyland-olivewood.com\/es\/producto\/mar-muerto-cuerpo-exfoliante-leche-miel-400g-d122\/#breadcrumb","itemListElement":[{"@type":"ListItem","position":1,"name":"Home","item":"https:\/\/holyland-olivewood.com\/es\/home\/"},{"@type":"ListItem","position":2,"name":"Ver todos los productos","item":"https:\/\/holyland-olivewood.com\/es\/shop\/"},{"@type":"ListItem","position":3,"name":"Dead Sea Body Scrub -Milk &amp; Honey (400g) #D122"}]},{"@type":"WebSite","@id":"https:\/\/holyland-olivewood.com\/es\/#website","url":"https:\/\/holyland-olivewood.com\/es\/","name":"Holy Land Olive Wood - Bethlehem Olive Wood Factory","description":"Holy Land Olivewood Bethlehem","publisher":{"@id":"https:\/\/holyland-olivewood.com\/es\/#organization"},"potentialAction":[{"@type":"SearchAction","target":{"@type":"EntryPoint","urlTemplate":"https:\/\/holyland-olivewood.com\/es\/?s={search_term_string}"},"query-input":{"@type":"PropertyValueSpecification","valueRequired":true,"valueName":"search_term_string"}}],"inLanguage":"es"},{"@type":"Organization","@id":"https:\/\/holyland-olivewood.com\/es\/#organization","name":"Holy Land Olivewood","url":"https:\/\/holyland-olivewood.com\/es\/","logo":{"@type":"ImageObject","inLanguage":"es","@id":"https:\/\/holyland-olivewood.com\/es\/#\/schema\/logo\/image\/","url":"","contentUrl":"","caption":"Holy Land Olivewood"},"image":{"@id":"https:\/\/holyland-olivewood.com\/es\/#\/schema\/logo\/image\/"},"sameAs":["https:\/\/www.facebook.com\/holylandolivewood.bethlehem\/","http:\/\/instagram.com\/holy.land.olive.wood"]}]}},"_links":{"self":[{"href":"https:\/\/holyland-olivewood.com\/es\/wp-json\/wp\/v2\/product\/41787","targetHints":{"allow":["GET"]}}],"collection":[{"href":"https:\/\/holyland-olivewood.com\/es\/wp-json\/wp\/v2\/product"}],"about":[{"href":"https:\/\/holyland-olivewood.com\/es\/wp-json\/wp\/v2\/types\/product"}],"replies":[{"embeddable":true,"href":"https:\/\/holyland-olivewood.com\/es\/wp-json\/wp\/v2\/comments?post=41787"}],"version-history":[{"count":0,"href":"https:\/\/holyland-olivewood.com\/es\/wp-json\/wp\/v2\/product\/41787\/revisions"}],"wp:featuredmedia":[{"embeddable":true,"href":"https:\/\/holyland-olivewood.com\/es\/wp-json\/wp\/v2\/media\/51705"}],"wp:attachment":[{"href":"https:\/\/holyland-olivewood.com\/es\/wp-json\/wp\/v2\/media?parent=41787"}],"wp:term":[{"taxonomy":"product_brand","embeddable":true,"href":"https:\/\/holyland-olivewood.com\/es\/wp-json\/wp\/v2\/product_brand?post=41787"},{"taxonomy":"product_cat","embeddable":true,"href":"https:\/\/holyland-olivewood.com\/es\/wp-json\/wp\/v2\/product_cat?post=41787"},{"taxonomy":"product_tag","embeddable":true,"href":"https:\/\/holyland-olivewood.com\/es\/wp-json\/wp\/v2\/product_tag?post=41787"}],"curies":[{"name":"wp","href":"https:\/\/api.w.org\/{rel}","templated":true}]}}