{"id":41023,"date":"2020-06-20T19:25:33","date_gmt":"2022-02-07T05:13:06","guid":{"rendered":"https:\/\/holyland-olivewood.com\/product\/belen-artesanal-madera-de-olivo-psi-nouveau-sceptre-boligrafo-con-cromo-pe127\/"},"modified":"2022-02-07T05:13:06","modified_gmt":"2022-02-07T05:13:06","slug":"hecho-a-mano-belen-olivo-madera-psi-nouveau-cetro-boligrafo-boligrafo-w-cromo-pe127","status":"publish","type":"product","link":"https:\/\/holyland-olivewood.com\/es\/producto\/hecho-a-mano-belen-olivo-madera-psi-nouveau-cetro-boligrafo-boligrafo-w-cromo-pe127\/","title":{"rendered":"Bel\u00e9n artesanal Madera de olivo PSI Nouveau Sceptre Bol\u00edgrafo con cromo #PE127"},"content":{"rendered":"","protected":false},"excerpt":{"rendered":"<p>Este bol\u00edgrafo de recuerdo girado a mano durar\u00e1 toda la vida y es un gran regalo para cualquiera que aprecie la artesan\u00eda y la belleza cruda de los materiales naturales. El agarre de este bol\u00edgrafo est\u00e1 hecho de oliva de Bel\u00e9n genuino y cosechado de manera sostenible.<\/p>\n<p>Este material ex\u00f3tico tiene un acabado m\u00e1s suave que casi cualquier otra madera, y su patr\u00f3n de grano marcadamente contrastante nunca deja de impresionar.<\/p>\n<p>Cada bol\u00edgrafo viene con una vitrina y un certificado de autenticidad, verificando los materiales y t\u00e9cnicas utilizadas para hacer este producto.<\/p>\n<p><strong>Modelo:<\/strong> Bol\u00edgrafo Nouveau Sceptre \u00abTwist Pen\u00bb<br \/>\n<strong>Tipo:<\/strong> Recarga estilo Parker\u00ae<br \/>\n<strong>Color:<\/strong> Negro<br \/>\n<strong>Recargables:<\/strong> S\u00ed<br \/>\n<strong>Agarrar:<\/strong> Bel\u00e9n Olivewood<br \/>\n<strong>Accesorios:<\/strong> Cromo\/24k Oro<br \/>\n<strong>Terminar:<\/strong> Laca de bajo brillo<br \/>\n<strong>Tama\u00f1o:<\/strong> 1.3 cm x 13 cm (1\/2&#8243; x 5&#8243;)<\/p>\n","protected":false},"featured_media":37461,"comment_status":"closed","ping_status":"closed","template":"","meta":[],"product_brand":[],"product_cat":[783,2389],"product_tag":[789,826,2051,2390],"class_list":{"0":"post-41023","1":"product","2":"type-product","3":"status-publish","4":"has-post-thumbnail","6":"product_cat-kunsthaandvaerk-es","7":"product_cat-boligrafos-y-articulos-de-escritorio","8":"product_tag-belen","9":"product_tag-oliventrae-es","10":"product_tag-pluma","11":"product_tag-plumas","13":"first","14":"outofstock","15":"shipping-taxable","16":"purchasable","17":"product-type-simple"},"yoast_head":"<!-- This site is optimized with the Yoast SEO plugin v27.3 - https:\/\/yoast.com\/product\/yoast-seo-wordpress\/ -->\n<title>Bel\u00e9n artesanal Madera de olivo PSI Nouveau Sceptre Bol\u00edgrafo con cromo #PE127 - Holy Land Olive Wood - Bethlehem Olive Wood Factory<\/title>\n<meta name=\"description\" content=\"Plumas de madera de olivo de Bel\u00e9n y art\u00edculos de escritorio (es decir, soporte para bol\u00edgrafos, cajas de bol\u00edgrafos), espacios en blanco, tallas y m\u00e1s de tierra santa y existencias en bruto en dimensiones est\u00e1ndar y personalizadas.\" \/>\n<meta name=\"robots\" content=\"index, follow, max-snippet:-1, max-image-preview:large, max-video-preview:-1\" \/>\n<link rel=\"canonical\" href=\"https:\/\/holyland-olivewood.com\/es\/producto\/hecho-a-mano-belen-olivo-madera-psi-nouveau-cetro-boligrafo-boligrafo-w-cromo-pe127\/\" \/>\n<meta property=\"og:locale\" content=\"es_ES\" \/>\n<meta property=\"og:type\" content=\"article\" \/>\n<meta property=\"og:title\" content=\"Bel\u00e9n artesanal Madera de olivo PSI Nouveau Sceptre Bol\u00edgrafo con cromo #PE127 - Holy Land Olive Wood - Bethlehem Olive Wood Factory\" \/>\n<meta property=\"og:description\" content=\"Plumas de madera de olivo de Bel\u00e9n y art\u00edculos de escritorio (es decir, soporte para bol\u00edgrafos, cajas de bol\u00edgrafos), espacios en blanco, tallas y m\u00e1s de tierra santa y existencias en bruto en dimensiones est\u00e1ndar y personalizadas.\" \/>\n<meta property=\"og:url\" content=\"https:\/\/holyland-olivewood.com\/es\/producto\/hecho-a-mano-belen-olivo-madera-psi-nouveau-cetro-boligrafo-boligrafo-w-cromo-pe127\/\" \/>\n<meta property=\"og:site_name\" content=\"Holy Land Olive Wood - Bethlehem Olive Wood Factory\" \/>\n<meta property=\"article:publisher\" content=\"https:\/\/www.facebook.com\/holylandolivewood.bethlehem\/\" \/>\n<meta property=\"og:image\" content=\"https:\/\/holyland-olivewood.com\/wp-content\/uploads\/2018\/01\/pen_holy_land_olive_wood_bethlehem_pe127_1.jpg\" \/>\n\t<meta property=\"og:image:width\" content=\"1550\" \/>\n\t<meta property=\"og:image:height\" content=\"1200\" \/>\n\t<meta property=\"og:image:type\" content=\"image\/jpeg\" \/>\n<meta name=\"twitter:card\" content=\"summary_large_image\" \/>\n<script type=\"application\/ld+json\" class=\"yoast-schema-graph\">{\"@context\":\"https:\\\/\\\/schema.org\",\"@graph\":[{\"@type\":\"WebPage\",\"@id\":\"https:\\\/\\\/holyland-olivewood.com\\\/es\\\/producto\\\/hecho-a-mano-belen-olivo-madera-psi-nouveau-cetro-boligrafo-boligrafo-w-cromo-pe127\\\/\",\"url\":\"https:\\\/\\\/holyland-olivewood.com\\\/es\\\/producto\\\/hecho-a-mano-belen-olivo-madera-psi-nouveau-cetro-boligrafo-boligrafo-w-cromo-pe127\\\/\",\"name\":\"Bel\u00e9n artesanal Madera de olivo PSI Nouveau Sceptre Bol\u00edgrafo con cromo #PE127 - Holy Land Olive Wood - Bethlehem Olive Wood Factory\",\"isPartOf\":{\"@id\":\"https:\\\/\\\/holyland-olivewood.com\\\/es\\\/#website\"},\"primaryImageOfPage\":{\"@id\":\"https:\\\/\\\/holyland-olivewood.com\\\/es\\\/producto\\\/hecho-a-mano-belen-olivo-madera-psi-nouveau-cetro-boligrafo-boligrafo-w-cromo-pe127\\\/#primaryimage\"},\"image\":{\"@id\":\"https:\\\/\\\/holyland-olivewood.com\\\/es\\\/producto\\\/hecho-a-mano-belen-olivo-madera-psi-nouveau-cetro-boligrafo-boligrafo-w-cromo-pe127\\\/#primaryimage\"},\"thumbnailUrl\":\"https:\\\/\\\/holyland-olivewood.com\\\/wp-content\\\/uploads\\\/2018\\\/01\\\/pen_holy_land_olive_wood_bethlehem_pe127_1.jpg\",\"datePublished\":\"2022-02-07T05:13:06+00:00\",\"description\":\"Plumas de madera de olivo de Bel\u00e9n y art\u00edculos de escritorio (es decir, soporte para bol\u00edgrafos, cajas de bol\u00edgrafos), espacios en blanco, tallas y m\u00e1s de tierra santa y existencias en bruto en dimensiones est\u00e1ndar y personalizadas.\",\"breadcrumb\":{\"@id\":\"https:\\\/\\\/holyland-olivewood.com\\\/es\\\/producto\\\/hecho-a-mano-belen-olivo-madera-psi-nouveau-cetro-boligrafo-boligrafo-w-cromo-pe127\\\/#breadcrumb\"},\"inLanguage\":\"es\",\"potentialAction\":[{\"@type\":\"ReadAction\",\"target\":[\"https:\\\/\\\/holyland-olivewood.com\\\/es\\\/producto\\\/hecho-a-mano-belen-olivo-madera-psi-nouveau-cetro-boligrafo-boligrafo-w-cromo-pe127\\\/\"]}]},{\"@type\":\"ImageObject\",\"inLanguage\":\"es\",\"@id\":\"https:\\\/\\\/holyland-olivewood.com\\\/es\\\/producto\\\/hecho-a-mano-belen-olivo-madera-psi-nouveau-cetro-boligrafo-boligrafo-w-cromo-pe127\\\/#primaryimage\",\"url\":\"https:\\\/\\\/holyland-olivewood.com\\\/wp-content\\\/uploads\\\/2018\\\/01\\\/pen_holy_land_olive_wood_bethlehem_pe127_1.jpg\",\"contentUrl\":\"https:\\\/\\\/holyland-olivewood.com\\\/wp-content\\\/uploads\\\/2018\\\/01\\\/pen_holy_land_olive_wood_bethlehem_pe127_1.jpg\",\"width\":1550,\"height\":1200},{\"@type\":\"BreadcrumbList\",\"@id\":\"https:\\\/\\\/holyland-olivewood.com\\\/es\\\/producto\\\/hecho-a-mano-belen-olivo-madera-psi-nouveau-cetro-boligrafo-boligrafo-w-cromo-pe127\\\/#breadcrumb\",\"itemListElement\":[{\"@type\":\"ListItem\",\"position\":1,\"name\":\"Home\",\"item\":\"https:\\\/\\\/holyland-olivewood.com\\\/es\\\/home\\\/\"},{\"@type\":\"ListItem\",\"position\":2,\"name\":\"Ver todos los productos\",\"item\":\"https:\\\/\\\/holyland-olivewood.com\\\/es\\\/shop\\\/\"},{\"@type\":\"ListItem\",\"position\":3,\"name\":\"Bel\u00e9n artesanal Madera de olivo PSI Nouveau Sceptre Bol\u00edgrafo con cromo #PE127\"}]},{\"@type\":\"WebSite\",\"@id\":\"https:\\\/\\\/holyland-olivewood.com\\\/es\\\/#website\",\"url\":\"https:\\\/\\\/holyland-olivewood.com\\\/es\\\/\",\"name\":\"Holy Land Olive Wood - Bethlehem Olive Wood Factory\",\"description\":\"Holy Land Olivewood Bethlehem\",\"publisher\":{\"@id\":\"https:\\\/\\\/holyland-olivewood.com\\\/es\\\/#organization\"},\"potentialAction\":[{\"@type\":\"SearchAction\",\"target\":{\"@type\":\"EntryPoint\",\"urlTemplate\":\"https:\\\/\\\/holyland-olivewood.com\\\/es\\\/?s={search_term_string}\"},\"query-input\":{\"@type\":\"PropertyValueSpecification\",\"valueRequired\":true,\"valueName\":\"search_term_string\"}}],\"inLanguage\":\"es\"},{\"@type\":\"Organization\",\"@id\":\"https:\\\/\\\/holyland-olivewood.com\\\/es\\\/#organization\",\"name\":\"Holy Land Olivewood\",\"url\":\"https:\\\/\\\/holyland-olivewood.com\\\/es\\\/\",\"logo\":{\"@type\":\"ImageObject\",\"inLanguage\":\"es\",\"@id\":\"https:\\\/\\\/holyland-olivewood.com\\\/es\\\/#\\\/schema\\\/logo\\\/image\\\/\",\"url\":\"\",\"contentUrl\":\"\",\"caption\":\"Holy Land Olivewood\"},\"image\":{\"@id\":\"https:\\\/\\\/holyland-olivewood.com\\\/es\\\/#\\\/schema\\\/logo\\\/image\\\/\"},\"sameAs\":[\"https:\\\/\\\/www.facebook.com\\\/holylandolivewood.bethlehem\\\/\",\"http:\\\/\\\/instagram.com\\\/holy.land.olive.wood\"]}]}<\/script>\n<!-- \/ Yoast SEO plugin. -->","yoast_head_json":{"title":"Bel\u00e9n artesanal Madera de olivo PSI Nouveau Sceptre Bol\u00edgrafo con cromo #PE127 - Holy Land Olive Wood - Bethlehem Olive Wood Factory","description":"Plumas de madera de olivo de Bel\u00e9n y art\u00edculos de escritorio (es decir, soporte para bol\u00edgrafos, cajas de bol\u00edgrafos), espacios en blanco, tallas y m\u00e1s de tierra santa y existencias en bruto en dimensiones est\u00e1ndar y personalizadas.","robots":{"index":"index","follow":"follow","max-snippet":"max-snippet:-1","max-image-preview":"max-image-preview:large","max-video-preview":"max-video-preview:-1"},"canonical":"https:\/\/holyland-olivewood.com\/es\/producto\/hecho-a-mano-belen-olivo-madera-psi-nouveau-cetro-boligrafo-boligrafo-w-cromo-pe127\/","og_locale":"es_ES","og_type":"article","og_title":"Bel\u00e9n artesanal Madera de olivo PSI Nouveau Sceptre Bol\u00edgrafo con cromo #PE127 - Holy Land Olive Wood - Bethlehem Olive Wood Factory","og_description":"Plumas de madera de olivo de Bel\u00e9n y art\u00edculos de escritorio (es decir, soporte para bol\u00edgrafos, cajas de bol\u00edgrafos), espacios en blanco, tallas y m\u00e1s de tierra santa y existencias en bruto en dimensiones est\u00e1ndar y personalizadas.","og_url":"https:\/\/holyland-olivewood.com\/es\/producto\/hecho-a-mano-belen-olivo-madera-psi-nouveau-cetro-boligrafo-boligrafo-w-cromo-pe127\/","og_site_name":"Holy Land Olive Wood - Bethlehem Olive Wood Factory","article_publisher":"https:\/\/www.facebook.com\/holylandolivewood.bethlehem\/","og_image":[{"width":1550,"height":1200,"url":"https:\/\/holyland-olivewood.com\/wp-content\/uploads\/2018\/01\/pen_holy_land_olive_wood_bethlehem_pe127_1.jpg","type":"image\/jpeg"}],"twitter_card":"summary_large_image","schema":{"@context":"https:\/\/schema.org","@graph":[{"@type":"WebPage","@id":"https:\/\/holyland-olivewood.com\/es\/producto\/hecho-a-mano-belen-olivo-madera-psi-nouveau-cetro-boligrafo-boligrafo-w-cromo-pe127\/","url":"https:\/\/holyland-olivewood.com\/es\/producto\/hecho-a-mano-belen-olivo-madera-psi-nouveau-cetro-boligrafo-boligrafo-w-cromo-pe127\/","name":"Bel\u00e9n artesanal Madera de olivo PSI Nouveau Sceptre Bol\u00edgrafo con cromo #PE127 - Holy Land Olive Wood - Bethlehem Olive Wood Factory","isPartOf":{"@id":"https:\/\/holyland-olivewood.com\/es\/#website"},"primaryImageOfPage":{"@id":"https:\/\/holyland-olivewood.com\/es\/producto\/hecho-a-mano-belen-olivo-madera-psi-nouveau-cetro-boligrafo-boligrafo-w-cromo-pe127\/#primaryimage"},"image":{"@id":"https:\/\/holyland-olivewood.com\/es\/producto\/hecho-a-mano-belen-olivo-madera-psi-nouveau-cetro-boligrafo-boligrafo-w-cromo-pe127\/#primaryimage"},"thumbnailUrl":"https:\/\/holyland-olivewood.com\/wp-content\/uploads\/2018\/01\/pen_holy_land_olive_wood_bethlehem_pe127_1.jpg","datePublished":"2022-02-07T05:13:06+00:00","description":"Plumas de madera de olivo de Bel\u00e9n y art\u00edculos de escritorio (es decir, soporte para bol\u00edgrafos, cajas de bol\u00edgrafos), espacios en blanco, tallas y m\u00e1s de tierra santa y existencias en bruto en dimensiones est\u00e1ndar y personalizadas.","breadcrumb":{"@id":"https:\/\/holyland-olivewood.com\/es\/producto\/hecho-a-mano-belen-olivo-madera-psi-nouveau-cetro-boligrafo-boligrafo-w-cromo-pe127\/#breadcrumb"},"inLanguage":"es","potentialAction":[{"@type":"ReadAction","target":["https:\/\/holyland-olivewood.com\/es\/producto\/hecho-a-mano-belen-olivo-madera-psi-nouveau-cetro-boligrafo-boligrafo-w-cromo-pe127\/"]}]},{"@type":"ImageObject","inLanguage":"es","@id":"https:\/\/holyland-olivewood.com\/es\/producto\/hecho-a-mano-belen-olivo-madera-psi-nouveau-cetro-boligrafo-boligrafo-w-cromo-pe127\/#primaryimage","url":"https:\/\/holyland-olivewood.com\/wp-content\/uploads\/2018\/01\/pen_holy_land_olive_wood_bethlehem_pe127_1.jpg","contentUrl":"https:\/\/holyland-olivewood.com\/wp-content\/uploads\/2018\/01\/pen_holy_land_olive_wood_bethlehem_pe127_1.jpg","width":1550,"height":1200},{"@type":"BreadcrumbList","@id":"https:\/\/holyland-olivewood.com\/es\/producto\/hecho-a-mano-belen-olivo-madera-psi-nouveau-cetro-boligrafo-boligrafo-w-cromo-pe127\/#breadcrumb","itemListElement":[{"@type":"ListItem","position":1,"name":"Home","item":"https:\/\/holyland-olivewood.com\/es\/home\/"},{"@type":"ListItem","position":2,"name":"Ver todos los productos","item":"https:\/\/holyland-olivewood.com\/es\/shop\/"},{"@type":"ListItem","position":3,"name":"Bel\u00e9n artesanal Madera de olivo PSI Nouveau Sceptre Bol\u00edgrafo con cromo #PE127"}]},{"@type":"WebSite","@id":"https:\/\/holyland-olivewood.com\/es\/#website","url":"https:\/\/holyland-olivewood.com\/es\/","name":"Holy Land Olive Wood - Bethlehem Olive Wood Factory","description":"Holy Land Olivewood Bethlehem","publisher":{"@id":"https:\/\/holyland-olivewood.com\/es\/#organization"},"potentialAction":[{"@type":"SearchAction","target":{"@type":"EntryPoint","urlTemplate":"https:\/\/holyland-olivewood.com\/es\/?s={search_term_string}"},"query-input":{"@type":"PropertyValueSpecification","valueRequired":true,"valueName":"search_term_string"}}],"inLanguage":"es"},{"@type":"Organization","@id":"https:\/\/holyland-olivewood.com\/es\/#organization","name":"Holy Land Olivewood","url":"https:\/\/holyland-olivewood.com\/es\/","logo":{"@type":"ImageObject","inLanguage":"es","@id":"https:\/\/holyland-olivewood.com\/es\/#\/schema\/logo\/image\/","url":"","contentUrl":"","caption":"Holy Land Olivewood"},"image":{"@id":"https:\/\/holyland-olivewood.com\/es\/#\/schema\/logo\/image\/"},"sameAs":["https:\/\/www.facebook.com\/holylandolivewood.bethlehem\/","http:\/\/instagram.com\/holy.land.olive.wood"]}]}},"_links":{"self":[{"href":"https:\/\/holyland-olivewood.com\/es\/wp-json\/wp\/v2\/product\/41023","targetHints":{"allow":["GET"]}}],"collection":[{"href":"https:\/\/holyland-olivewood.com\/es\/wp-json\/wp\/v2\/product"}],"about":[{"href":"https:\/\/holyland-olivewood.com\/es\/wp-json\/wp\/v2\/types\/product"}],"replies":[{"embeddable":true,"href":"https:\/\/holyland-olivewood.com\/es\/wp-json\/wp\/v2\/comments?post=41023"}],"version-history":[{"count":0,"href":"https:\/\/holyland-olivewood.com\/es\/wp-json\/wp\/v2\/product\/41023\/revisions"}],"wp:featuredmedia":[{"embeddable":true,"href":"https:\/\/holyland-olivewood.com\/es\/wp-json\/wp\/v2\/media\/37461"}],"wp:attachment":[{"href":"https:\/\/holyland-olivewood.com\/es\/wp-json\/wp\/v2\/media?parent=41023"}],"wp:term":[{"taxonomy":"product_brand","embeddable":true,"href":"https:\/\/holyland-olivewood.com\/es\/wp-json\/wp\/v2\/product_brand?post=41023"},{"taxonomy":"product_cat","embeddable":true,"href":"https:\/\/holyland-olivewood.com\/es\/wp-json\/wp\/v2\/product_cat?post=41023"},{"taxonomy":"product_tag","embeddable":true,"href":"https:\/\/holyland-olivewood.com\/es\/wp-json\/wp\/v2\/product_tag?post=41023"}],"curies":[{"name":"wp","href":"https:\/\/api.w.org\/{rel}","templated":true}]}}