{"id":40573,"date":"2020-10-20T12:33:11","date_gmt":"2020-10-20T12:33:11","guid":{"rendered":"https:\/\/holyland-olivewood.com\/product\/5-mezcla-de-aceite-de-uncion-rollon-bottels-10-ml-ot118\/"},"modified":"2022-02-06T13:39:40","modified_gmt":"2022-02-06T13:39:40","slug":"5-mezcla-uncion-aceite-rollon-botteles-10-ml-ot118","status":"publish","type":"product","link":"https:\/\/holyland-olivewood.com\/es\/producto\/5-mezcla-uncion-aceite-rollon-botteles-10-ml-ot118\/","title":{"rendered":"5 Mezcla de Aceite de Unci\u00f3n &#8211; RollOn Bottels 10. Ml. #OT118"},"content":{"rendered":"","protected":false},"excerpt":{"rendered":"<p>Este aceite de unci\u00f3n est\u00e1 hecho en Tierra Santa, la tierra que Jes\u00fas camin\u00f3. Utilizando aceites de oliva naturales, puros de Galilea y Jerusal\u00e9n virgen, estos elementos se perfuman con cassia, incienso, mirra y flores b\u00edblicas con esencia de hierba caracter\u00edstica de Tierra Santa.<br \/>\nEl prop\u00f3sito principal de la unci\u00f3n con el aceite santo de unci\u00f3n es santificar, \u00abapartar\u00bb a la persona ungida para el trabajo ministerial y guiado por SU Esp\u00edritu Santo.<br \/>\nLa unci\u00f3n con aceite bajo la gu\u00eda del Esp\u00edritu Santo, junto con el arrepentimiento conduce a una \u00abseparaci\u00f3n\u00bb del creyente para los prop\u00f3sitos de Dios.<\/p>\n<p>Tama\u00f1o: 10 ml cada frasco.<br \/>\nAceite de oraci\u00f3n santa.<\/p>\n","protected":false},"featured_media":38203,"comment_status":"closed","ping_status":"closed","template":"","meta":[],"product_brand":[],"product_cat":[1726,1727],"product_tag":[1766,943,1729,789,1748,1736,1752,1732,880,1756,930,1758,860,885,846,1742,855,4083,849,1738,875,958,924,906,898,891,826,813,965,1334,1329,1728,821,832,1762],"class_list":{"0":"post-40573","1":"product","2":"type-product","3":"status-publish","4":"has-post-thumbnail","6":"product_cat-miscelaneo","7":"product_cat-otros-articulos","8":"product_tag-aceite","9":"product_tag-af-es","10":"product_tag-agua","11":"product_tag-belen","12":"product_tag-bendicion","13":"product_tag-corazon","14":"product_tag-corona","15":"product_tag-cristo","16":"product_tag-dio","17":"product_tag-espinas","18":"product_tag-foedselskirken-es","19":"product_tag-genuino","20":"product_tag-haandlavet-es","21":"product_tag-haandvaerk-es","22":"product_tag-hellig-es-2","23":"product_tag-incienso","24":"product_tag-jerusalen","25":"product_tag-jesus-es-2","26":"product_tag-jord-es","27":"product_tag-jordania-es","28":"product_tag-jul-es","29":"product_tag-katolsk-es","30":"product_tag-kirke-es","31":"product_tag-kors-es","32":"product_tag-kristen-es","33":"product_tag-kunsthaandvaerk-es","34":"product_tag-oliventrae-es","35":"product_tag-olivo","36":"product_tag-ortodoks-es","37":"product_tag-poner","38":"product_tag-regalos","39":"product_tag-rio","40":"product_tag-trae-es","41":"product_tag-udskaering-es","42":"product_tag-uncion","44":"first","45":"instock","46":"shipping-taxable","47":"purchasable","48":"product-type-simple"},"yoast_head":"<!-- This site is optimized with the Yoast SEO plugin v27.3 - https:\/\/yoast.com\/product\/yoast-seo-wordpress\/ -->\n<title>5 Mezcla de Aceite de Unci\u00f3n - RollOn Bottels 10. Ml. #OT118 - Holy Land Olive Wood - Bethlehem Olive Wood Factory<\/title>\n<meta name=\"description\" content=\"Artesan\u00edas de madera de olivo de Bel\u00e9n (es decir, jab\u00f3n de aceite de oliva, agua, coraz\u00f3n) tallas de bol\u00edgrafos, madera de olivo, y stock crudo en dimensiones est\u00e1ndar y personalizadas\" \/>\n<meta name=\"robots\" content=\"index, follow, max-snippet:-1, max-image-preview:large, max-video-preview:-1\" \/>\n<link rel=\"canonical\" href=\"https:\/\/holyland-olivewood.com\/es\/producto\/5-mezcla-uncion-aceite-rollon-botteles-10-ml-ot118\/\" \/>\n<meta property=\"og:locale\" content=\"es_ES\" \/>\n<meta property=\"og:type\" content=\"article\" \/>\n<meta property=\"og:title\" content=\"5 Mezcla de Aceite de Unci\u00f3n - RollOn Bottels 10. Ml. #OT118 - Holy Land Olive Wood - Bethlehem Olive Wood Factory\" \/>\n<meta property=\"og:description\" content=\"Artesan\u00edas de madera de olivo de Bel\u00e9n (es decir, jab\u00f3n de aceite de oliva, agua, coraz\u00f3n) tallas de bol\u00edgrafos, madera de olivo, y stock crudo en dimensiones est\u00e1ndar y personalizadas\" \/>\n<meta property=\"og:url\" content=\"https:\/\/holyland-olivewood.com\/es\/producto\/5-mezcla-uncion-aceite-rollon-botteles-10-ml-ot118\/\" \/>\n<meta property=\"og:site_name\" content=\"Holy Land Olive Wood - Bethlehem Olive Wood Factory\" \/>\n<meta property=\"article:publisher\" content=\"https:\/\/www.facebook.com\/holylandolivewood.bethlehem\/\" \/>\n<meta property=\"article:modified_time\" content=\"2022-02-06T13:39:40+00:00\" \/>\n<meta property=\"og:image\" content=\"https:\/\/holyland-olivewood.com\/wp-content\/uploads\/2016\/05\/anointing_oil_jerusalem_holy_land_ot108.jpg\" \/>\n\t<meta property=\"og:image:width\" content=\"1550\" \/>\n\t<meta property=\"og:image:height\" content=\"1200\" \/>\n\t<meta property=\"og:image:type\" content=\"image\/jpeg\" \/>\n<meta name=\"twitter:card\" content=\"summary_large_image\" \/>\n<script type=\"application\/ld+json\" class=\"yoast-schema-graph\">{\"@context\":\"https:\\\/\\\/schema.org\",\"@graph\":[{\"@type\":\"WebPage\",\"@id\":\"https:\\\/\\\/holyland-olivewood.com\\\/es\\\/producto\\\/5-mezcla-uncion-aceite-rollon-botteles-10-ml-ot118\\\/\",\"url\":\"https:\\\/\\\/holyland-olivewood.com\\\/es\\\/producto\\\/5-mezcla-uncion-aceite-rollon-botteles-10-ml-ot118\\\/\",\"name\":\"5 Mezcla de Aceite de Unci\u00f3n - RollOn Bottels 10. Ml. #OT118 - Holy Land Olive Wood - Bethlehem Olive Wood Factory\",\"isPartOf\":{\"@id\":\"https:\\\/\\\/holyland-olivewood.com\\\/es\\\/#website\"},\"primaryImageOfPage\":{\"@id\":\"https:\\\/\\\/holyland-olivewood.com\\\/es\\\/producto\\\/5-mezcla-uncion-aceite-rollon-botteles-10-ml-ot118\\\/#primaryimage\"},\"image\":{\"@id\":\"https:\\\/\\\/holyland-olivewood.com\\\/es\\\/producto\\\/5-mezcla-uncion-aceite-rollon-botteles-10-ml-ot118\\\/#primaryimage\"},\"thumbnailUrl\":\"https:\\\/\\\/holyland-olivewood.com\\\/wp-content\\\/uploads\\\/2016\\\/05\\\/anointing_oil_jerusalem_holy_land_ot108.jpg\",\"datePublished\":\"2020-10-20T12:33:11+00:00\",\"dateModified\":\"2022-02-06T13:39:40+00:00\",\"description\":\"Artesan\u00edas de madera de olivo de Bel\u00e9n (es decir, jab\u00f3n de aceite de oliva, agua, coraz\u00f3n) tallas de bol\u00edgrafos, madera de olivo, y stock crudo en dimensiones est\u00e1ndar y personalizadas\",\"breadcrumb\":{\"@id\":\"https:\\\/\\\/holyland-olivewood.com\\\/es\\\/producto\\\/5-mezcla-uncion-aceite-rollon-botteles-10-ml-ot118\\\/#breadcrumb\"},\"inLanguage\":\"es\",\"potentialAction\":[{\"@type\":\"ReadAction\",\"target\":[\"https:\\\/\\\/holyland-olivewood.com\\\/es\\\/producto\\\/5-mezcla-uncion-aceite-rollon-botteles-10-ml-ot118\\\/\"]}]},{\"@type\":\"ImageObject\",\"inLanguage\":\"es\",\"@id\":\"https:\\\/\\\/holyland-olivewood.com\\\/es\\\/producto\\\/5-mezcla-uncion-aceite-rollon-botteles-10-ml-ot118\\\/#primaryimage\",\"url\":\"https:\\\/\\\/holyland-olivewood.com\\\/wp-content\\\/uploads\\\/2016\\\/05\\\/anointing_oil_jerusalem_holy_land_ot108.jpg\",\"contentUrl\":\"https:\\\/\\\/holyland-olivewood.com\\\/wp-content\\\/uploads\\\/2016\\\/05\\\/anointing_oil_jerusalem_holy_land_ot108.jpg\",\"width\":1550,\"height\":1200},{\"@type\":\"BreadcrumbList\",\"@id\":\"https:\\\/\\\/holyland-olivewood.com\\\/es\\\/producto\\\/5-mezcla-uncion-aceite-rollon-botteles-10-ml-ot118\\\/#breadcrumb\",\"itemListElement\":[{\"@type\":\"ListItem\",\"position\":1,\"name\":\"Home\",\"item\":\"https:\\\/\\\/holyland-olivewood.com\\\/es\\\/home\\\/\"},{\"@type\":\"ListItem\",\"position\":2,\"name\":\"Ver todos los productos\",\"item\":\"https:\\\/\\\/holyland-olivewood.com\\\/es\\\/shop\\\/\"},{\"@type\":\"ListItem\",\"position\":3,\"name\":\"5 Mezcla de Aceite de Unci\u00f3n &#8211; RollOn Bottels 10. Ml. #OT118\"}]},{\"@type\":\"WebSite\",\"@id\":\"https:\\\/\\\/holyland-olivewood.com\\\/es\\\/#website\",\"url\":\"https:\\\/\\\/holyland-olivewood.com\\\/es\\\/\",\"name\":\"Holy Land Olive Wood - Bethlehem Olive Wood Factory\",\"description\":\"Holy Land Olivewood Bethlehem\",\"publisher\":{\"@id\":\"https:\\\/\\\/holyland-olivewood.com\\\/es\\\/#organization\"},\"potentialAction\":[{\"@type\":\"SearchAction\",\"target\":{\"@type\":\"EntryPoint\",\"urlTemplate\":\"https:\\\/\\\/holyland-olivewood.com\\\/es\\\/?s={search_term_string}\"},\"query-input\":{\"@type\":\"PropertyValueSpecification\",\"valueRequired\":true,\"valueName\":\"search_term_string\"}}],\"inLanguage\":\"es\"},{\"@type\":\"Organization\",\"@id\":\"https:\\\/\\\/holyland-olivewood.com\\\/es\\\/#organization\",\"name\":\"Holy Land Olivewood\",\"url\":\"https:\\\/\\\/holyland-olivewood.com\\\/es\\\/\",\"logo\":{\"@type\":\"ImageObject\",\"inLanguage\":\"es\",\"@id\":\"https:\\\/\\\/holyland-olivewood.com\\\/es\\\/#\\\/schema\\\/logo\\\/image\\\/\",\"url\":\"\",\"contentUrl\":\"\",\"caption\":\"Holy Land Olivewood\"},\"image\":{\"@id\":\"https:\\\/\\\/holyland-olivewood.com\\\/es\\\/#\\\/schema\\\/logo\\\/image\\\/\"},\"sameAs\":[\"https:\\\/\\\/www.facebook.com\\\/holylandolivewood.bethlehem\\\/\",\"http:\\\/\\\/instagram.com\\\/holy.land.olive.wood\"]}]}<\/script>\n<!-- \/ Yoast SEO plugin. -->","yoast_head_json":{"title":"5 Mezcla de Aceite de Unci\u00f3n - RollOn Bottels 10. Ml. #OT118 - Holy Land Olive Wood - Bethlehem Olive Wood Factory","description":"Artesan\u00edas de madera de olivo de Bel\u00e9n (es decir, jab\u00f3n de aceite de oliva, agua, coraz\u00f3n) tallas de bol\u00edgrafos, madera de olivo, y stock crudo en dimensiones est\u00e1ndar y personalizadas","robots":{"index":"index","follow":"follow","max-snippet":"max-snippet:-1","max-image-preview":"max-image-preview:large","max-video-preview":"max-video-preview:-1"},"canonical":"https:\/\/holyland-olivewood.com\/es\/producto\/5-mezcla-uncion-aceite-rollon-botteles-10-ml-ot118\/","og_locale":"es_ES","og_type":"article","og_title":"5 Mezcla de Aceite de Unci\u00f3n - RollOn Bottels 10. Ml. #OT118 - Holy Land Olive Wood - Bethlehem Olive Wood Factory","og_description":"Artesan\u00edas de madera de olivo de Bel\u00e9n (es decir, jab\u00f3n de aceite de oliva, agua, coraz\u00f3n) tallas de bol\u00edgrafos, madera de olivo, y stock crudo en dimensiones est\u00e1ndar y personalizadas","og_url":"https:\/\/holyland-olivewood.com\/es\/producto\/5-mezcla-uncion-aceite-rollon-botteles-10-ml-ot118\/","og_site_name":"Holy Land Olive Wood - Bethlehem Olive Wood Factory","article_publisher":"https:\/\/www.facebook.com\/holylandolivewood.bethlehem\/","article_modified_time":"2022-02-06T13:39:40+00:00","og_image":[{"width":1550,"height":1200,"url":"https:\/\/holyland-olivewood.com\/wp-content\/uploads\/2016\/05\/anointing_oil_jerusalem_holy_land_ot108.jpg","type":"image\/jpeg"}],"twitter_card":"summary_large_image","schema":{"@context":"https:\/\/schema.org","@graph":[{"@type":"WebPage","@id":"https:\/\/holyland-olivewood.com\/es\/producto\/5-mezcla-uncion-aceite-rollon-botteles-10-ml-ot118\/","url":"https:\/\/holyland-olivewood.com\/es\/producto\/5-mezcla-uncion-aceite-rollon-botteles-10-ml-ot118\/","name":"5 Mezcla de Aceite de Unci\u00f3n - RollOn Bottels 10. Ml. #OT118 - Holy Land Olive Wood - Bethlehem Olive Wood Factory","isPartOf":{"@id":"https:\/\/holyland-olivewood.com\/es\/#website"},"primaryImageOfPage":{"@id":"https:\/\/holyland-olivewood.com\/es\/producto\/5-mezcla-uncion-aceite-rollon-botteles-10-ml-ot118\/#primaryimage"},"image":{"@id":"https:\/\/holyland-olivewood.com\/es\/producto\/5-mezcla-uncion-aceite-rollon-botteles-10-ml-ot118\/#primaryimage"},"thumbnailUrl":"https:\/\/holyland-olivewood.com\/wp-content\/uploads\/2016\/05\/anointing_oil_jerusalem_holy_land_ot108.jpg","datePublished":"2020-10-20T12:33:11+00:00","dateModified":"2022-02-06T13:39:40+00:00","description":"Artesan\u00edas de madera de olivo de Bel\u00e9n (es decir, jab\u00f3n de aceite de oliva, agua, coraz\u00f3n) tallas de bol\u00edgrafos, madera de olivo, y stock crudo en dimensiones est\u00e1ndar y personalizadas","breadcrumb":{"@id":"https:\/\/holyland-olivewood.com\/es\/producto\/5-mezcla-uncion-aceite-rollon-botteles-10-ml-ot118\/#breadcrumb"},"inLanguage":"es","potentialAction":[{"@type":"ReadAction","target":["https:\/\/holyland-olivewood.com\/es\/producto\/5-mezcla-uncion-aceite-rollon-botteles-10-ml-ot118\/"]}]},{"@type":"ImageObject","inLanguage":"es","@id":"https:\/\/holyland-olivewood.com\/es\/producto\/5-mezcla-uncion-aceite-rollon-botteles-10-ml-ot118\/#primaryimage","url":"https:\/\/holyland-olivewood.com\/wp-content\/uploads\/2016\/05\/anointing_oil_jerusalem_holy_land_ot108.jpg","contentUrl":"https:\/\/holyland-olivewood.com\/wp-content\/uploads\/2016\/05\/anointing_oil_jerusalem_holy_land_ot108.jpg","width":1550,"height":1200},{"@type":"BreadcrumbList","@id":"https:\/\/holyland-olivewood.com\/es\/producto\/5-mezcla-uncion-aceite-rollon-botteles-10-ml-ot118\/#breadcrumb","itemListElement":[{"@type":"ListItem","position":1,"name":"Home","item":"https:\/\/holyland-olivewood.com\/es\/home\/"},{"@type":"ListItem","position":2,"name":"Ver todos los productos","item":"https:\/\/holyland-olivewood.com\/es\/shop\/"},{"@type":"ListItem","position":3,"name":"5 Mezcla de Aceite de Unci\u00f3n &#8211; RollOn Bottels 10. Ml. #OT118"}]},{"@type":"WebSite","@id":"https:\/\/holyland-olivewood.com\/es\/#website","url":"https:\/\/holyland-olivewood.com\/es\/","name":"Holy Land Olive Wood - Bethlehem Olive Wood Factory","description":"Holy Land Olivewood Bethlehem","publisher":{"@id":"https:\/\/holyland-olivewood.com\/es\/#organization"},"potentialAction":[{"@type":"SearchAction","target":{"@type":"EntryPoint","urlTemplate":"https:\/\/holyland-olivewood.com\/es\/?s={search_term_string}"},"query-input":{"@type":"PropertyValueSpecification","valueRequired":true,"valueName":"search_term_string"}}],"inLanguage":"es"},{"@type":"Organization","@id":"https:\/\/holyland-olivewood.com\/es\/#organization","name":"Holy Land Olivewood","url":"https:\/\/holyland-olivewood.com\/es\/","logo":{"@type":"ImageObject","inLanguage":"es","@id":"https:\/\/holyland-olivewood.com\/es\/#\/schema\/logo\/image\/","url":"","contentUrl":"","caption":"Holy Land Olivewood"},"image":{"@id":"https:\/\/holyland-olivewood.com\/es\/#\/schema\/logo\/image\/"},"sameAs":["https:\/\/www.facebook.com\/holylandolivewood.bethlehem\/","http:\/\/instagram.com\/holy.land.olive.wood"]}]}},"_links":{"self":[{"href":"https:\/\/holyland-olivewood.com\/es\/wp-json\/wp\/v2\/product\/40573","targetHints":{"allow":["GET"]}}],"collection":[{"href":"https:\/\/holyland-olivewood.com\/es\/wp-json\/wp\/v2\/product"}],"about":[{"href":"https:\/\/holyland-olivewood.com\/es\/wp-json\/wp\/v2\/types\/product"}],"replies":[{"embeddable":true,"href":"https:\/\/holyland-olivewood.com\/es\/wp-json\/wp\/v2\/comments?post=40573"}],"version-history":[{"count":0,"href":"https:\/\/holyland-olivewood.com\/es\/wp-json\/wp\/v2\/product\/40573\/revisions"}],"wp:featuredmedia":[{"embeddable":true,"href":"https:\/\/holyland-olivewood.com\/es\/wp-json\/wp\/v2\/media\/38203"}],"wp:attachment":[{"href":"https:\/\/holyland-olivewood.com\/es\/wp-json\/wp\/v2\/media?parent=40573"}],"wp:term":[{"taxonomy":"product_brand","embeddable":true,"href":"https:\/\/holyland-olivewood.com\/es\/wp-json\/wp\/v2\/product_brand?post=40573"},{"taxonomy":"product_cat","embeddable":true,"href":"https:\/\/holyland-olivewood.com\/es\/wp-json\/wp\/v2\/product_cat?post=40573"},{"taxonomy":"product_tag","embeddable":true,"href":"https:\/\/holyland-olivewood.com\/es\/wp-json\/wp\/v2\/product_tag?post=40573"}],"curies":[{"name":"wp","href":"https:\/\/api.w.org\/{rel}","templated":true}]}}