{"id":47675,"date":"2018-08-28T17:25:04","date_gmt":"2018-08-28T17:25:04","guid":{"rendered":"https:\/\/holyland-olivewood.com\/handicrafts-3\/"},"modified":"2025-02-23T11:34:00","modified_gmt":"2025-02-23T11:34:00","slug":"handicrafts-3","status":"publish","type":"page","link":"https:\/\/holyland-olivewood.com\/es\/handicrafts-3\/","title":{"rendered":"Artesan\u00eda"},"content":{"rendered":"\t\t<div data-elementor-type=\"wp-page\" data-elementor-id=\"47675\" class=\"elementor elementor-47675 elementor-17169\">\n\t\t\t\t<div class=\"wd-negative-gap elementor-element elementor-element-95e8e6d e-flex e-con-boxed e-con e-parent\" data-id=\"95e8e6d\" data-element_type=\"container\" data-e-type=\"container\">\n\t\t\t\t\t<div class=\"e-con-inner\">\n\t\t\t\t<div class=\"elementor-element elementor-element-9855323 elementor-widget elementor-widget-wd_text_block\" data-id=\"9855323\" data-element_type=\"widget\" data-e-type=\"widget\" data-widget_type=\"wd_text_block.default\">\n\t\t\t\t<div class=\"elementor-widget-container\">\n\t\t\t\t\t\t\t<div class=\"wd-text-block reset-last-child text-left\">\n\t\t\t\n\t\t\t<p>Bel\u00e9n es famosa por su artesan\u00edas <a href=\"https:\/\/holyland-olivewood.com\/es\/olivewood\/\">de madera de olivo<\/a>, que incluyen <a href=\"https:\/\/holyland-olivewood.com\/handicrafts\/\">diferentes<\/a> <a href=\"https:\/\/holyland-olivewood.com\/es\/categoria-producto\/kors-og-krucifikser-es\/\">cruces y crucifijos<\/a>, <a href=\"https:\/\/holyland-olivewood.com\/es\/categoria-producto\/rosarios\/\">rosarios<\/a>, <a href=\"https:\/\/holyland-olivewood.com\/es\/categoria-producto\/joyeria\/\">joyer\u00eda<\/a>, <a href=\"https:\/\/holyland-olivewood.com\/es\/categoria-producto\/vajilla\/\">vajilla<\/a>, <a href=\"https:\/\/holyland-olivewood.com\/es\/categoria-producto\/boligrafos-y-articulos-de-escritorio\/\">bol\u00edgrafos y art\u00edculos de escritorio<\/a>, <a href=\"https:\/\/holyland-olivewood.com\/es\/categoria-producto\/imanes\/\">imanes<\/a>, <a href=\"https:\/\/holyland-olivewood.com\/es\/categoria-producto\/juegos-de-natividad\/\">juegos de natividad<\/a>, <a href=\"https:\/\/holyland-olivewood.com\/es\/categoria-producto\/figuras\/\">figurillas<\/a>, <a href=\"https:\/\/holyland-olivewood.com\/es\/categoria-producto\/ornamentos\/\">adornos<\/a>, <a href=\"https:\/\/holyland-olivewood.com\/es\/categoria-producto\/utensilios-de-cocina\/\">menaje de cocina<\/a>, <a href=\"https:\/\/holyland-olivewood.com\/es\/categoria-producto\/buzones\/\">cajas<\/a>, y <a href=\"https:\/\/holyland-olivewood.com\/es\/categoria-producto\/placas\/\">placas<\/a>. <a href=\"https:\/\/holyland-olivewood.com\/es\/\">Tierra Santa Olivewood<\/a>, sigue practicando este oficio tradicional, y produce exquisitos <a href=\"https:\/\/holyland-olivewood.com\/handicrafts\/\">artesan\u00edas<\/a> que son conocidas por sus contrastantes vetas de madera y acabado de alta calidad. Todos nuestros <a href=\"https:\/\/holyland-olivewood.com\/handicrafts\/\">Las artesan\u00edas son hechas<\/a> a mano en Tierra Santa por artesanos locales, utilizando solo el mejor Bel\u00e9n <a href=\"https:\/\/holyland-olivewood.com\/es\/olivewood\/\">madera de olivo<\/a> y m\u00e9todos tradicionales que se han practicado durante generaciones. <a href=\"https:\/\/holyland-olivewood.com\/es\/\">Tierra Santa La madera de olivo<\/a> es \u00fanica porque todos nuestros <a href=\"https:\/\/holyland-olivewood.com\/handicrafts\/\">Las artesan\u00edas<\/a> vienen con un Certificado de Autenticidad y est\u00e1n respaldadas con una garant\u00eda de satisfacci\u00f3n de devoluci\u00f3n del 100% del dinero.<\/p><p>La tradici\u00f3n de hacer las artesan\u00edas comenz\u00f3 en el siglo 4 CE bajo el dominio bizantino en Bel\u00e9n, que sigue siendo la principal ciudad que produce el oficio, despu\u00e9s de la construcci\u00f3n de la Iglesia de la Natividad. Los monjes ortodoxos griegos ense\u00f1aron a los residentes locales c\u00f3mo tallar madera <a href=\"https:\/\/en.wikipedia.org\/wiki\/Olive\">de olivo<\/a> . El arte se desarroll\u00f3 y se convirti\u00f3 en una industria importante en Bel\u00e9n y las ciudades cercanas en los siglos 16 y 17 cuando los artesanos italianos y franciscanos en peregrinaci\u00f3n a la zona, ahora bajo el gobierno de los otomanos, ense\u00f1aron a los residentes a tallar. Desde entonces, la tradici\u00f3n se ha transmitido generaci\u00f3n tras generaci\u00f3n y est\u00e1 dominada por los descendientes de los talladores locales originales.<\/p>\n\t\t\t\t\t<\/div>\n\t\t\t\t\t\t<\/div>\n\t\t\t\t<\/div>\n\t\t\t\t\t<\/div>\n\t\t\t\t<\/div>\n\t\t\t\t<\/div>\n\t\t","protected":false},"excerpt":{"rendered":"<p>Bel\u00e9n es famosa por su artesan\u00edas de madera de olivo, que incluyen diferentes cruces y crucifijos, rosarios, joyer\u00eda, vajilla, bol\u00edgrafos<\/p>\n","protected":false},"author":1,"featured_media":0,"parent":0,"menu_order":0,"comment_status":"closed","ping_status":"closed","template":"","meta":{"footnotes":""},"class_list":["post-47675","page","type-page","status-publish","hentry"],"yoast_head":"<!-- This site is optimized with the Yoast SEO plugin v27.4 - https:\/\/yoast.com\/product\/yoast-seo-wordpress\/ -->\n<title>Artesan\u00eda - Holy Land Olive Wood - Bethlehem Olive Wood Factory<\/title>\n<meta name=\"robots\" content=\"index, follow, max-snippet:-1, max-image-preview:large, max-video-preview:-1\" \/>\n<link rel=\"canonical\" href=\"https:\/\/holyland-olivewood.com\/es\/handicrafts-3\/\" \/>\n<meta property=\"og:locale\" content=\"es_ES\" \/>\n<meta property=\"og:type\" content=\"article\" \/>\n<meta property=\"og:title\" content=\"Artesan\u00eda - Holy Land Olive Wood - Bethlehem Olive Wood Factory\" \/>\n<meta property=\"og:description\" content=\"Bel\u00e9n es famosa por su artesan\u00edas de madera de olivo, que incluyen diferentes cruces y crucifijos, rosarios, joyer\u00eda, vajilla, bol\u00edgrafos\" \/>\n<meta property=\"og:url\" content=\"https:\/\/holyland-olivewood.com\/es\/handicrafts-3\/\" \/>\n<meta property=\"og:site_name\" content=\"Holy Land Olive Wood - Bethlehem Olive Wood Factory\" \/>\n<meta property=\"article:publisher\" content=\"https:\/\/www.facebook.com\/holylandolivewood.bethlehem\/\" \/>\n<meta property=\"article:modified_time\" content=\"2025-02-23T11:34:00+00:00\" \/>\n<meta name=\"twitter:card\" content=\"summary_large_image\" \/>\n<meta name=\"twitter:label1\" content=\"Tiempo de lectura\" \/>\n\t<meta name=\"twitter:data1\" content=\"2 minutos\" \/>\n<script type=\"application\/ld+json\" class=\"yoast-schema-graph\">{\"@context\":\"https:\\\/\\\/schema.org\",\"@graph\":[{\"@type\":\"WebPage\",\"@id\":\"https:\\\/\\\/holyland-olivewood.com\\\/es\\\/handicrafts-3\\\/\",\"url\":\"https:\\\/\\\/holyland-olivewood.com\\\/es\\\/handicrafts-3\\\/\",\"name\":\"Artesan\u00eda - Holy Land Olive Wood - Bethlehem Olive Wood Factory\",\"isPartOf\":{\"@id\":\"https:\\\/\\\/holyland-olivewood.com\\\/es\\\/#website\"},\"datePublished\":\"2018-08-28T17:25:04+00:00\",\"dateModified\":\"2025-02-23T11:34:00+00:00\",\"breadcrumb\":{\"@id\":\"https:\\\/\\\/holyland-olivewood.com\\\/es\\\/handicrafts-3\\\/#breadcrumb\"},\"inLanguage\":\"es\",\"potentialAction\":[{\"@type\":\"ReadAction\",\"target\":[\"https:\\\/\\\/holyland-olivewood.com\\\/es\\\/handicrafts-3\\\/\"]}]},{\"@type\":\"BreadcrumbList\",\"@id\":\"https:\\\/\\\/holyland-olivewood.com\\\/es\\\/handicrafts-3\\\/#breadcrumb\",\"itemListElement\":[{\"@type\":\"ListItem\",\"position\":1,\"name\":\"Home\",\"item\":\"https:\\\/\\\/holyland-olivewood.com\\\/es\\\/home\\\/\"},{\"@type\":\"ListItem\",\"position\":2,\"name\":\"Artesan\u00eda\"}]},{\"@type\":\"WebSite\",\"@id\":\"https:\\\/\\\/holyland-olivewood.com\\\/es\\\/#website\",\"url\":\"https:\\\/\\\/holyland-olivewood.com\\\/es\\\/\",\"name\":\"Holy Land Olive Wood - Bethlehem Olive Wood Factory\",\"description\":\"Holy Land Olivewood Bethlehem\",\"publisher\":{\"@id\":\"https:\\\/\\\/holyland-olivewood.com\\\/es\\\/#organization\"},\"potentialAction\":[{\"@type\":\"SearchAction\",\"target\":{\"@type\":\"EntryPoint\",\"urlTemplate\":\"https:\\\/\\\/holyland-olivewood.com\\\/es\\\/?s={search_term_string}\"},\"query-input\":{\"@type\":\"PropertyValueSpecification\",\"valueRequired\":true,\"valueName\":\"search_term_string\"}}],\"inLanguage\":\"es\"},{\"@type\":\"Organization\",\"@id\":\"https:\\\/\\\/holyland-olivewood.com\\\/es\\\/#organization\",\"name\":\"Holy Land Olivewood\",\"url\":\"https:\\\/\\\/holyland-olivewood.com\\\/es\\\/\",\"logo\":{\"@type\":\"ImageObject\",\"inLanguage\":\"es\",\"@id\":\"https:\\\/\\\/holyland-olivewood.com\\\/es\\\/#\\\/schema\\\/logo\\\/image\\\/\",\"url\":\"\",\"contentUrl\":\"\",\"caption\":\"Holy Land Olivewood\"},\"image\":{\"@id\":\"https:\\\/\\\/holyland-olivewood.com\\\/es\\\/#\\\/schema\\\/logo\\\/image\\\/\"},\"sameAs\":[\"https:\\\/\\\/www.facebook.com\\\/holylandolivewood.bethlehem\\\/\",\"http:\\\/\\\/instagram.com\\\/holy.land.olive.wood\"]}]}<\/script>\n<!-- \/ Yoast SEO plugin. -->","yoast_head_json":{"title":"Artesan\u00eda - Holy Land Olive Wood - Bethlehem Olive Wood Factory","robots":{"index":"index","follow":"follow","max-snippet":"max-snippet:-1","max-image-preview":"max-image-preview:large","max-video-preview":"max-video-preview:-1"},"canonical":"https:\/\/holyland-olivewood.com\/es\/handicrafts-3\/","og_locale":"es_ES","og_type":"article","og_title":"Artesan\u00eda - Holy Land Olive Wood - Bethlehem Olive Wood Factory","og_description":"Bel\u00e9n es famosa por su artesan\u00edas de madera de olivo, que incluyen diferentes cruces y crucifijos, rosarios, joyer\u00eda, vajilla, bol\u00edgrafos","og_url":"https:\/\/holyland-olivewood.com\/es\/handicrafts-3\/","og_site_name":"Holy Land Olive Wood - Bethlehem Olive Wood Factory","article_publisher":"https:\/\/www.facebook.com\/holylandolivewood.bethlehem\/","article_modified_time":"2025-02-23T11:34:00+00:00","twitter_card":"summary_large_image","twitter_misc":{"Tiempo de lectura":"2 minutos"},"schema":{"@context":"https:\/\/schema.org","@graph":[{"@type":"WebPage","@id":"https:\/\/holyland-olivewood.com\/es\/handicrafts-3\/","url":"https:\/\/holyland-olivewood.com\/es\/handicrafts-3\/","name":"Artesan\u00eda - Holy Land Olive Wood - Bethlehem Olive Wood Factory","isPartOf":{"@id":"https:\/\/holyland-olivewood.com\/es\/#website"},"datePublished":"2018-08-28T17:25:04+00:00","dateModified":"2025-02-23T11:34:00+00:00","breadcrumb":{"@id":"https:\/\/holyland-olivewood.com\/es\/handicrafts-3\/#breadcrumb"},"inLanguage":"es","potentialAction":[{"@type":"ReadAction","target":["https:\/\/holyland-olivewood.com\/es\/handicrafts-3\/"]}]},{"@type":"BreadcrumbList","@id":"https:\/\/holyland-olivewood.com\/es\/handicrafts-3\/#breadcrumb","itemListElement":[{"@type":"ListItem","position":1,"name":"Home","item":"https:\/\/holyland-olivewood.com\/es\/home\/"},{"@type":"ListItem","position":2,"name":"Artesan\u00eda"}]},{"@type":"WebSite","@id":"https:\/\/holyland-olivewood.com\/es\/#website","url":"https:\/\/holyland-olivewood.com\/es\/","name":"Holy Land Olive Wood - Bethlehem Olive Wood Factory","description":"Holy Land Olivewood Bethlehem","publisher":{"@id":"https:\/\/holyland-olivewood.com\/es\/#organization"},"potentialAction":[{"@type":"SearchAction","target":{"@type":"EntryPoint","urlTemplate":"https:\/\/holyland-olivewood.com\/es\/?s={search_term_string}"},"query-input":{"@type":"PropertyValueSpecification","valueRequired":true,"valueName":"search_term_string"}}],"inLanguage":"es"},{"@type":"Organization","@id":"https:\/\/holyland-olivewood.com\/es\/#organization","name":"Holy Land Olivewood","url":"https:\/\/holyland-olivewood.com\/es\/","logo":{"@type":"ImageObject","inLanguage":"es","@id":"https:\/\/holyland-olivewood.com\/es\/#\/schema\/logo\/image\/","url":"","contentUrl":"","caption":"Holy Land Olivewood"},"image":{"@id":"https:\/\/holyland-olivewood.com\/es\/#\/schema\/logo\/image\/"},"sameAs":["https:\/\/www.facebook.com\/holylandolivewood.bethlehem\/","http:\/\/instagram.com\/holy.land.olive.wood"]}]}},"_links":{"self":[{"href":"https:\/\/holyland-olivewood.com\/es\/wp-json\/wp\/v2\/pages\/47675","targetHints":{"allow":["GET"]}}],"collection":[{"href":"https:\/\/holyland-olivewood.com\/es\/wp-json\/wp\/v2\/pages"}],"about":[{"href":"https:\/\/holyland-olivewood.com\/es\/wp-json\/wp\/v2\/types\/page"}],"author":[{"embeddable":true,"href":"https:\/\/holyland-olivewood.com\/es\/wp-json\/wp\/v2\/users\/1"}],"replies":[{"embeddable":true,"href":"https:\/\/holyland-olivewood.com\/es\/wp-json\/wp\/v2\/comments?post=47675"}],"version-history":[{"count":0,"href":"https:\/\/holyland-olivewood.com\/es\/wp-json\/wp\/v2\/pages\/47675\/revisions"}],"wp:attachment":[{"href":"https:\/\/holyland-olivewood.com\/es\/wp-json\/wp\/v2\/media?parent=47675"}],"curies":[{"name":"wp","href":"https:\/\/api.w.org\/{rel}","templated":true}]}}