{"id":63286,"date":"2025-11-02T21:24:37","date_gmt":"2025-11-02T21:24:37","guid":{"rendered":"https:\/\/holyland-olivewood.com\/product\/handgefertigtes-kruzifix-aus-olivenholz-aufsteigender-christus-cr186\/"},"modified":"2025-11-02T21:36:54","modified_gmt":"2025-11-02T21:36:54","slug":"handgefertigtes-kruzifix-aus-olivenholz-aufsteigender-christus-cr186","status":"publish","type":"product","link":"https:\/\/holyland-olivewood.com\/de\/produkt\/handgefertigtes-kruzifix-aus-olivenholz-aufsteigender-christus-cr186\/","title":{"rendered":"Handgefertigtes Kruzifix aus Olivenholz &#8211; Aufsteigender Christus #CR186"},"content":{"rendered":"","protected":false},"excerpt":{"rendered":"<p>Dieses atemberaubende, handgeschnitzte Kruzifix aus Olivenholz stellt Christus dar, der aufsteigt und Hoffnung, Glauben und spirituelle Inspiration symbolisiert. Das Kruzifix wurde im Heiligen Land aus nachhaltig geerntetem, authentischem Olivenholz aus Bethlehem handgeschnitzt. Die feinen Details unterstreichen die nat\u00fcrliche Sch\u00f6nheit und die Handwerkskunst und machen es zu einem bemerkenswerten St\u00fcck f\u00fcr die pers\u00f6nliche Andacht, zum Ausstellen zu Hause oder als bedeutungsvolles Geschenk. <\/p>\n<p>Dieses Kruzifix ist mit oder ohne St\u00e4nder erh\u00e4ltlich, so dass Sie die Pr\u00e4sentationsm\u00f6glichkeit w\u00e4hlen k\u00f6nnen, die am besten in Ihren Raum passt. Jedes St\u00fcck wird mit einem Echtheitszertifikat geliefert, das die verwendeten Materialien und traditionellen Techniken best\u00e4tigt. <\/p>\n<p>Gr\u00f6\u00dfe:<\/p>\n<p>Wandaufh\u00e4nger: 32,5 cm (12,8\u2033)<\/p>\n<p>St\u00e4nder: 39 cm (15,4\u2033)<\/p>\n","protected":false},"featured_media":62844,"comment_status":"closed","ping_status":"closed","template":"","meta":[],"product_brand":[],"product_cat":[1786,774,775],"product_tag":[5247,4595,5258,4418,5257,4599,5251,5250,5253,5245,4402,5255],"class_list":{"0":"post-63286","1":"product","2":"type-product","3":"status-publish","4":"has-post-thumbnail","6":"product_cat-figuren","7":"product_cat-kors-og-krucifikser-de","8":"product_cat-kunsthaandvaerk","9":"product_tag-aufsteigendes-christus-kruzifix","10":"product_tag-christliches-geschenk","11":"product_tag-display-kruzifix-fur-zuhause","12":"product_tag-geistesgabe","13":"product_tag-glaube-kruzifix","14":"product_tag-handgefertigtes-olivenholz","15":"product_tag-handgeschnitztes-kruzifix","16":"product_tag-heiliges-land-kruzifix","17":"product_tag-holzkruzifix","18":"product_tag-kruzifix-aus-olivenholz","19":"product_tag-olivenholz-aus-bethlehem","20":"product_tag-religioser-dekor","22":"first","23":"instock","24":"shipping-taxable","25":"purchasable","26":"product-type-variable"},"yoast_head":"<!-- This site is optimized with the Yoast SEO plugin v27.4 - https:\/\/yoast.com\/product\/yoast-seo-wordpress\/ -->\n<title>Handgefertigtes Kruzifix aus Olivenholz - Aufsteigender Christus #CR186 - Holy Land Olive Wood - Bethlehem Olive Wood Factory<\/title>\n<meta name=\"description\" content=\"Handgefertigtes Kruzifix aus Olivenholz mit der Darstellung des aufsteigenden Christus, hergestellt in Bethlehem. Perfekt f\u00fcr die Wand oder den Stand, ein bedeutungsvolles christliches Geschenk.\" \/>\n<meta name=\"robots\" content=\"index, follow, max-snippet:-1, max-image-preview:large, max-video-preview:-1\" \/>\n<link rel=\"canonical\" href=\"https:\/\/holyland-olivewood.com\/de\/produkt\/handgefertigtes-kruzifix-aus-olivenholz-aufsteigender-christus-cr186\/\" \/>\n<meta property=\"og:locale\" content=\"de_DE\" \/>\n<meta property=\"og:type\" content=\"article\" \/>\n<meta property=\"og:title\" content=\"Handgefertigtes Kruzifix aus Olivenholz - Aufsteigender Christus #CR186 - Holy Land Olive Wood - Bethlehem Olive Wood Factory\" \/>\n<meta property=\"og:description\" content=\"Handgefertigtes Kruzifix aus Olivenholz mit der Darstellung des aufsteigenden Christus, hergestellt in Bethlehem. Perfekt f\u00fcr die Wand oder den Stand, ein bedeutungsvolles christliches Geschenk.\" \/>\n<meta property=\"og:url\" content=\"https:\/\/holyland-olivewood.com\/de\/produkt\/handgefertigtes-kruzifix-aus-olivenholz-aufsteigender-christus-cr186\/\" \/>\n<meta property=\"og:site_name\" content=\"Holy Land Olive Wood - Bethlehem Olive Wood Factory\" \/>\n<meta property=\"article:publisher\" content=\"https:\/\/www.facebook.com\/holylandolivewood.bethlehem\/\" \/>\n<meta property=\"article:modified_time\" content=\"2025-11-02T21:36:54+00:00\" \/>\n<meta property=\"og:image\" content=\"https:\/\/holyland-olivewood.com\/wp-content\/uploads\/2025\/11\/olive-wood-crucifix-ascending-christ_cr186-1.jpg\" \/>\n\t<meta property=\"og:image:width\" content=\"1550\" \/>\n\t<meta property=\"og:image:height\" content=\"1200\" \/>\n\t<meta property=\"og:image:type\" content=\"image\/jpeg\" \/>\n<meta name=\"twitter:card\" content=\"summary_large_image\" \/>\n<script type=\"application\/ld+json\" class=\"yoast-schema-graph\">{\"@context\":\"https:\\\/\\\/schema.org\",\"@graph\":[{\"@type\":\"WebPage\",\"@id\":\"https:\\\/\\\/holyland-olivewood.com\\\/de\\\/produkt\\\/handgefertigtes-kruzifix-aus-olivenholz-aufsteigender-christus-cr186\\\/\",\"url\":\"https:\\\/\\\/holyland-olivewood.com\\\/de\\\/produkt\\\/handgefertigtes-kruzifix-aus-olivenholz-aufsteigender-christus-cr186\\\/\",\"name\":\"Handgefertigtes Kruzifix aus Olivenholz - Aufsteigender Christus #CR186 - Holy Land Olive Wood - Bethlehem Olive Wood Factory\",\"isPartOf\":{\"@id\":\"https:\\\/\\\/holyland-olivewood.com\\\/de\\\/#website\"},\"primaryImageOfPage\":{\"@id\":\"https:\\\/\\\/holyland-olivewood.com\\\/de\\\/produkt\\\/handgefertigtes-kruzifix-aus-olivenholz-aufsteigender-christus-cr186\\\/#primaryimage\"},\"image\":{\"@id\":\"https:\\\/\\\/holyland-olivewood.com\\\/de\\\/produkt\\\/handgefertigtes-kruzifix-aus-olivenholz-aufsteigender-christus-cr186\\\/#primaryimage\"},\"thumbnailUrl\":\"https:\\\/\\\/holyland-olivewood.com\\\/wp-content\\\/uploads\\\/2025\\\/11\\\/olive-wood-crucifix-ascending-christ_cr186-1.jpg\",\"datePublished\":\"2025-11-02T21:24:37+00:00\",\"dateModified\":\"2025-11-02T21:36:54+00:00\",\"description\":\"Handgefertigtes Kruzifix aus Olivenholz mit der Darstellung des aufsteigenden Christus, hergestellt in Bethlehem. Perfekt f\u00fcr die Wand oder den Stand, ein bedeutungsvolles christliches Geschenk.\",\"breadcrumb\":{\"@id\":\"https:\\\/\\\/holyland-olivewood.com\\\/de\\\/produkt\\\/handgefertigtes-kruzifix-aus-olivenholz-aufsteigender-christus-cr186\\\/#breadcrumb\"},\"inLanguage\":\"de\",\"potentialAction\":[{\"@type\":\"ReadAction\",\"target\":[\"https:\\\/\\\/holyland-olivewood.com\\\/de\\\/produkt\\\/handgefertigtes-kruzifix-aus-olivenholz-aufsteigender-christus-cr186\\\/\"]}]},{\"@type\":\"ImageObject\",\"inLanguage\":\"de\",\"@id\":\"https:\\\/\\\/holyland-olivewood.com\\\/de\\\/produkt\\\/handgefertigtes-kruzifix-aus-olivenholz-aufsteigender-christus-cr186\\\/#primaryimage\",\"url\":\"https:\\\/\\\/holyland-olivewood.com\\\/wp-content\\\/uploads\\\/2025\\\/11\\\/olive-wood-crucifix-ascending-christ_cr186-1.jpg\",\"contentUrl\":\"https:\\\/\\\/holyland-olivewood.com\\\/wp-content\\\/uploads\\\/2025\\\/11\\\/olive-wood-crucifix-ascending-christ_cr186-1.jpg\",\"width\":1550,\"height\":1200},{\"@type\":\"BreadcrumbList\",\"@id\":\"https:\\\/\\\/holyland-olivewood.com\\\/de\\\/produkt\\\/handgefertigtes-kruzifix-aus-olivenholz-aufsteigender-christus-cr186\\\/#breadcrumb\",\"itemListElement\":[{\"@type\":\"ListItem\",\"position\":1,\"name\":\"Home\",\"item\":\"https:\\\/\\\/holyland-olivewood.com\\\/de\\\/home\\\/\"},{\"@type\":\"ListItem\",\"position\":2,\"name\":\"Alle Produkte ansehen\",\"item\":\"https:\\\/\\\/holyland-olivewood.com\\\/de\\\/shop\\\/\"},{\"@type\":\"ListItem\",\"position\":3,\"name\":\"Handgefertigtes Kruzifix aus Olivenholz &#8211; Aufsteigender Christus #CR186\"}]},{\"@type\":\"WebSite\",\"@id\":\"https:\\\/\\\/holyland-olivewood.com\\\/de\\\/#website\",\"url\":\"https:\\\/\\\/holyland-olivewood.com\\\/de\\\/\",\"name\":\"Holy Land Olive Wood - Bethlehem Olive Wood Factory\",\"description\":\"Holy Land Olivewood Bethlehem\",\"publisher\":{\"@id\":\"https:\\\/\\\/holyland-olivewood.com\\\/de\\\/#organization\"},\"potentialAction\":[{\"@type\":\"SearchAction\",\"target\":{\"@type\":\"EntryPoint\",\"urlTemplate\":\"https:\\\/\\\/holyland-olivewood.com\\\/de\\\/?s={search_term_string}\"},\"query-input\":{\"@type\":\"PropertyValueSpecification\",\"valueRequired\":true,\"valueName\":\"search_term_string\"}}],\"inLanguage\":\"de\"},{\"@type\":\"Organization\",\"@id\":\"https:\\\/\\\/holyland-olivewood.com\\\/de\\\/#organization\",\"name\":\"Holy Land Olivewood\",\"url\":\"https:\\\/\\\/holyland-olivewood.com\\\/de\\\/\",\"logo\":{\"@type\":\"ImageObject\",\"inLanguage\":\"de\",\"@id\":\"https:\\\/\\\/holyland-olivewood.com\\\/de\\\/#\\\/schema\\\/logo\\\/image\\\/\",\"url\":\"\",\"contentUrl\":\"\",\"caption\":\"Holy Land Olivewood\"},\"image\":{\"@id\":\"https:\\\/\\\/holyland-olivewood.com\\\/de\\\/#\\\/schema\\\/logo\\\/image\\\/\"},\"sameAs\":[\"https:\\\/\\\/www.facebook.com\\\/holylandolivewood.bethlehem\\\/\",\"http:\\\/\\\/instagram.com\\\/holy.land.olive.wood\"]}]}<\/script>\n<!-- \/ Yoast SEO plugin. -->","yoast_head_json":{"title":"Handgefertigtes Kruzifix aus Olivenholz - Aufsteigender Christus #CR186 - Holy Land Olive Wood - Bethlehem Olive Wood Factory","description":"Handgefertigtes Kruzifix aus Olivenholz mit der Darstellung des aufsteigenden Christus, hergestellt in Bethlehem. Perfekt f\u00fcr die Wand oder den Stand, ein bedeutungsvolles christliches Geschenk.","robots":{"index":"index","follow":"follow","max-snippet":"max-snippet:-1","max-image-preview":"max-image-preview:large","max-video-preview":"max-video-preview:-1"},"canonical":"https:\/\/holyland-olivewood.com\/de\/produkt\/handgefertigtes-kruzifix-aus-olivenholz-aufsteigender-christus-cr186\/","og_locale":"de_DE","og_type":"article","og_title":"Handgefertigtes Kruzifix aus Olivenholz - Aufsteigender Christus #CR186 - Holy Land Olive Wood - Bethlehem Olive Wood Factory","og_description":"Handgefertigtes Kruzifix aus Olivenholz mit der Darstellung des aufsteigenden Christus, hergestellt in Bethlehem. Perfekt f\u00fcr die Wand oder den Stand, ein bedeutungsvolles christliches Geschenk.","og_url":"https:\/\/holyland-olivewood.com\/de\/produkt\/handgefertigtes-kruzifix-aus-olivenholz-aufsteigender-christus-cr186\/","og_site_name":"Holy Land Olive Wood - Bethlehem Olive Wood Factory","article_publisher":"https:\/\/www.facebook.com\/holylandolivewood.bethlehem\/","article_modified_time":"2025-11-02T21:36:54+00:00","og_image":[{"width":1550,"height":1200,"url":"https:\/\/holyland-olivewood.com\/wp-content\/uploads\/2025\/11\/olive-wood-crucifix-ascending-christ_cr186-1.jpg","type":"image\/jpeg"}],"twitter_card":"summary_large_image","schema":{"@context":"https:\/\/schema.org","@graph":[{"@type":"WebPage","@id":"https:\/\/holyland-olivewood.com\/de\/produkt\/handgefertigtes-kruzifix-aus-olivenholz-aufsteigender-christus-cr186\/","url":"https:\/\/holyland-olivewood.com\/de\/produkt\/handgefertigtes-kruzifix-aus-olivenholz-aufsteigender-christus-cr186\/","name":"Handgefertigtes Kruzifix aus Olivenholz - Aufsteigender Christus #CR186 - Holy Land Olive Wood - Bethlehem Olive Wood Factory","isPartOf":{"@id":"https:\/\/holyland-olivewood.com\/de\/#website"},"primaryImageOfPage":{"@id":"https:\/\/holyland-olivewood.com\/de\/produkt\/handgefertigtes-kruzifix-aus-olivenholz-aufsteigender-christus-cr186\/#primaryimage"},"image":{"@id":"https:\/\/holyland-olivewood.com\/de\/produkt\/handgefertigtes-kruzifix-aus-olivenholz-aufsteigender-christus-cr186\/#primaryimage"},"thumbnailUrl":"https:\/\/holyland-olivewood.com\/wp-content\/uploads\/2025\/11\/olive-wood-crucifix-ascending-christ_cr186-1.jpg","datePublished":"2025-11-02T21:24:37+00:00","dateModified":"2025-11-02T21:36:54+00:00","description":"Handgefertigtes Kruzifix aus Olivenholz mit der Darstellung des aufsteigenden Christus, hergestellt in Bethlehem. Perfekt f\u00fcr die Wand oder den Stand, ein bedeutungsvolles christliches Geschenk.","breadcrumb":{"@id":"https:\/\/holyland-olivewood.com\/de\/produkt\/handgefertigtes-kruzifix-aus-olivenholz-aufsteigender-christus-cr186\/#breadcrumb"},"inLanguage":"de","potentialAction":[{"@type":"ReadAction","target":["https:\/\/holyland-olivewood.com\/de\/produkt\/handgefertigtes-kruzifix-aus-olivenholz-aufsteigender-christus-cr186\/"]}]},{"@type":"ImageObject","inLanguage":"de","@id":"https:\/\/holyland-olivewood.com\/de\/produkt\/handgefertigtes-kruzifix-aus-olivenholz-aufsteigender-christus-cr186\/#primaryimage","url":"https:\/\/holyland-olivewood.com\/wp-content\/uploads\/2025\/11\/olive-wood-crucifix-ascending-christ_cr186-1.jpg","contentUrl":"https:\/\/holyland-olivewood.com\/wp-content\/uploads\/2025\/11\/olive-wood-crucifix-ascending-christ_cr186-1.jpg","width":1550,"height":1200},{"@type":"BreadcrumbList","@id":"https:\/\/holyland-olivewood.com\/de\/produkt\/handgefertigtes-kruzifix-aus-olivenholz-aufsteigender-christus-cr186\/#breadcrumb","itemListElement":[{"@type":"ListItem","position":1,"name":"Home","item":"https:\/\/holyland-olivewood.com\/de\/home\/"},{"@type":"ListItem","position":2,"name":"Alle Produkte ansehen","item":"https:\/\/holyland-olivewood.com\/de\/shop\/"},{"@type":"ListItem","position":3,"name":"Handgefertigtes Kruzifix aus Olivenholz &#8211; Aufsteigender Christus #CR186"}]},{"@type":"WebSite","@id":"https:\/\/holyland-olivewood.com\/de\/#website","url":"https:\/\/holyland-olivewood.com\/de\/","name":"Holy Land Olive Wood - Bethlehem Olive Wood Factory","description":"Holy Land Olivewood Bethlehem","publisher":{"@id":"https:\/\/holyland-olivewood.com\/de\/#organization"},"potentialAction":[{"@type":"SearchAction","target":{"@type":"EntryPoint","urlTemplate":"https:\/\/holyland-olivewood.com\/de\/?s={search_term_string}"},"query-input":{"@type":"PropertyValueSpecification","valueRequired":true,"valueName":"search_term_string"}}],"inLanguage":"de"},{"@type":"Organization","@id":"https:\/\/holyland-olivewood.com\/de\/#organization","name":"Holy Land Olivewood","url":"https:\/\/holyland-olivewood.com\/de\/","logo":{"@type":"ImageObject","inLanguage":"de","@id":"https:\/\/holyland-olivewood.com\/de\/#\/schema\/logo\/image\/","url":"","contentUrl":"","caption":"Holy Land Olivewood"},"image":{"@id":"https:\/\/holyland-olivewood.com\/de\/#\/schema\/logo\/image\/"},"sameAs":["https:\/\/www.facebook.com\/holylandolivewood.bethlehem\/","http:\/\/instagram.com\/holy.land.olive.wood"]}]}},"_links":{"self":[{"href":"https:\/\/holyland-olivewood.com\/de\/wp-json\/wp\/v2\/product\/63286","targetHints":{"allow":["GET"]}}],"collection":[{"href":"https:\/\/holyland-olivewood.com\/de\/wp-json\/wp\/v2\/product"}],"about":[{"href":"https:\/\/holyland-olivewood.com\/de\/wp-json\/wp\/v2\/types\/product"}],"replies":[{"embeddable":true,"href":"https:\/\/holyland-olivewood.com\/de\/wp-json\/wp\/v2\/comments?post=63286"}],"version-history":[{"count":0,"href":"https:\/\/holyland-olivewood.com\/de\/wp-json\/wp\/v2\/product\/63286\/revisions"}],"wp:featuredmedia":[{"embeddable":true,"href":"https:\/\/holyland-olivewood.com\/de\/wp-json\/wp\/v2\/media\/62844"}],"wp:attachment":[{"href":"https:\/\/holyland-olivewood.com\/de\/wp-json\/wp\/v2\/media?parent=63286"}],"wp:term":[{"taxonomy":"product_brand","embeddable":true,"href":"https:\/\/holyland-olivewood.com\/de\/wp-json\/wp\/v2\/product_brand?post=63286"},{"taxonomy":"product_cat","embeddable":true,"href":"https:\/\/holyland-olivewood.com\/de\/wp-json\/wp\/v2\/product_cat?post=63286"},{"taxonomy":"product_tag","embeddable":true,"href":"https:\/\/holyland-olivewood.com\/de\/wp-json\/wp\/v2\/product_tag?post=63286"}],"curies":[{"name":"wp","href":"https:\/\/api.w.org\/{rel}","templated":true}]}}