{"id":54859,"date":"2024-03-14T20:29:49","date_gmt":"2024-03-14T20:39:20","guid":{"rendered":"https:\/\/holyland-olivewood.com\/product\/10-mm-olivenholz-geschnitzt-runde-perlen-125-perlen-b157\/"},"modified":"2024-03-14T20:39:20","modified_gmt":"2024-03-14T20:39:20","slug":"10-mm-olivenholz-geschnitzt-runde-perlen-125-perlen-b157","status":"publish","type":"product","link":"https:\/\/holyland-olivewood.com\/de\/produkt\/10-mm-olivenholz-geschnitzt-runde-perlen-125-perlen-b157\/","title":{"rendered":"10 mm Olivenholz geschnitzt Runde Perlen (125 Perlen) #B157"},"content":{"rendered":"","protected":false},"excerpt":{"rendered":"<p>Diese hochwertigen Olivenholz-Rosenkr\u00e4nze werden im Heiligen Land aus nachhaltig geerntetem, authentischem Bethlehemer Olivenholz handgefertigt. Alle Perlen werden gereinigt, getrocknet und auf Farbe und Maserung sowie auf Fehler und Risse gepr\u00fcft. Diese Olivenholzperlen eignen sich perfekt f\u00fcr die Herstellung von Rosenkr\u00e4nzen und allen anderen Arten von Schmuck. Das Olivenholz ist sehr hart, widerstandsf\u00e4hig und sch\u00f6n. Der sch\u00f6ne Kontrast zwischen Blond und Braun der gewellten Maserung und die Haltbarkeit machen Olivenholz besonders geeignet f\u00fcr Rosenkranzperlen.<br \/>\nWir k\u00f6nnen Ihnen auch die hochwertigen Rosenkranzteile wie Mittelst\u00fccke und Kruzifixe liefern.<\/p>\n<p>Dieser Artikel enth\u00e4lt ein Echtheitszertifikat, das die zur Herstellung dieses Produkts verwendeten Materialien und Techniken best\u00e4tigt.<\/p>\n<p>Gr\u00f6\u00dfe: ( 10 mm )<\/p>\n","protected":false},"featured_media":30743,"comment_status":"closed","ping_status":"closed","template":"","meta":[],"product_brand":[],"product_cat":[2190,1793],"product_tag":[778,926,872,1210,2194,1188,879,2198,838,852,4078,844,865,961,2197,922,900,894,887,2199,2200,935,807,822,968,2192,2191,859,784,2193,2196,816,827,1803,2195],"class_list":{"0":"post-54859","1":"product","2":"type-product","3":"status-publish","4":"has-post-thumbnail","6":"product_cat-perlen-rosenkranz-hardware","7":"product_cat-verschiedenes","8":"product_tag-betlehem-de","9":"product_tag-foedselskirken","10":"product_tag-gab","11":"product_tag-geschenke","12":"product_tag-geschnitzt","13":"product_tag-haandlavet-de","14":"product_tag-haandvaerk","15":"product_tag-hardware-de","16":"product_tag-hellig-de","17":"product_tag-jerusalem-de","18":"product_tag-jesus-de-2","19":"product_tag-jord-de","20":"product_tag-juli","21":"product_tag-katolsk-de","22":"product_tag-kind-de","23":"product_tag-kirke-de","24":"product_tag-kors-de","25":"product_tag-kristen-de","26":"product_tag-kunsthaandvaerk","27":"product_tag-mittelstuck","28":"product_tag-mittelstucke","29":"product_tag-mor-de","30":"product_tag-oliv","31":"product_tag-oliventrae-de","32":"product_tag-ortodoks-de","33":"product_tag-oval-de","34":"product_tag-perlen","35":"product_tag-rosenkrans-de","36":"product_tag-rosenkranse-de","37":"product_tag-rund-de","38":"product_tag-schnur-de","39":"product_tag-trae-de","40":"product_tag-udskaering-de","41":"product_tag-wasser","42":"product_tag-zwirnen","44":"first","45":"instock","46":"shipping-taxable","47":"purchasable","48":"product-type-simple"},"yoast_head":"<!-- This site is optimized with the Yoast SEO plugin v27.4 - https:\/\/yoast.com\/product\/yoast-seo-wordpress\/ -->\n<title>10 mm Olivenholz geschnitzt Runde Perlen (125 Perlen) #B157 - Holy Land Olive Wood - Bethlehem Olive Wood Factory<\/title>\n<meta name=\"description\" content=\"Bethlehem-Olivenholz-Kunsthandwerk (Rosenkranz, oval, geschnitzt, rund, Perlen), Schnitzereien, Mittelst\u00fccke und Rohmaterial in Standard- und kundenspezifischen Abmessungen.\" \/>\n<meta name=\"robots\" content=\"index, follow, max-snippet:-1, max-image-preview:large, max-video-preview:-1\" \/>\n<link rel=\"canonical\" href=\"https:\/\/holyland-olivewood.com\/de\/produkt\/10-mm-olivenholz-geschnitzt-runde-perlen-125-perlen-b157\/\" \/>\n<meta property=\"og:locale\" content=\"de_DE\" \/>\n<meta property=\"og:type\" content=\"article\" \/>\n<meta property=\"og:title\" content=\"10 mm Olivenholz geschnitzt Runde Perlen (125 Perlen) #B157 - Holy Land Olive Wood - Bethlehem Olive Wood Factory\" \/>\n<meta property=\"og:description\" content=\"Bethlehem-Olivenholz-Kunsthandwerk (Rosenkranz, oval, geschnitzt, rund, Perlen), Schnitzereien, Mittelst\u00fccke und Rohmaterial in Standard- und kundenspezifischen Abmessungen.\" \/>\n<meta property=\"og:url\" content=\"https:\/\/holyland-olivewood.com\/de\/produkt\/10-mm-olivenholz-geschnitzt-runde-perlen-125-perlen-b157\/\" \/>\n<meta property=\"og:site_name\" content=\"Holy Land Olive Wood - Bethlehem Olive Wood Factory\" \/>\n<meta property=\"article:publisher\" content=\"https:\/\/www.facebook.com\/holylandolivewood.bethlehem\/\" \/>\n<meta property=\"og:image\" content=\"https:\/\/holyland-olivewood.com\/wp-content\/uploads\/2016\/05\/k.jpg\" \/>\n\t<meta property=\"og:image:width\" content=\"1550\" \/>\n\t<meta property=\"og:image:height\" content=\"1200\" \/>\n\t<meta property=\"og:image:type\" content=\"image\/jpeg\" \/>\n<meta name=\"twitter:card\" content=\"summary_large_image\" \/>\n<script type=\"application\/ld+json\" class=\"yoast-schema-graph\">{\"@context\":\"https:\\\/\\\/schema.org\",\"@graph\":[{\"@type\":\"WebPage\",\"@id\":\"https:\\\/\\\/holyland-olivewood.com\\\/de\\\/produkt\\\/10-mm-olivenholz-geschnitzt-runde-perlen-125-perlen-b157\\\/\",\"url\":\"https:\\\/\\\/holyland-olivewood.com\\\/de\\\/produkt\\\/10-mm-olivenholz-geschnitzt-runde-perlen-125-perlen-b157\\\/\",\"name\":\"10 mm Olivenholz geschnitzt Runde Perlen (125 Perlen) #B157 - Holy Land Olive Wood - Bethlehem Olive Wood Factory\",\"isPartOf\":{\"@id\":\"https:\\\/\\\/holyland-olivewood.com\\\/de\\\/#website\"},\"primaryImageOfPage\":{\"@id\":\"https:\\\/\\\/holyland-olivewood.com\\\/de\\\/produkt\\\/10-mm-olivenholz-geschnitzt-runde-perlen-125-perlen-b157\\\/#primaryimage\"},\"image\":{\"@id\":\"https:\\\/\\\/holyland-olivewood.com\\\/de\\\/produkt\\\/10-mm-olivenholz-geschnitzt-runde-perlen-125-perlen-b157\\\/#primaryimage\"},\"thumbnailUrl\":\"https:\\\/\\\/holyland-olivewood.com\\\/wp-content\\\/uploads\\\/2016\\\/05\\\/k.jpg\",\"datePublished\":\"2024-03-14T20:39:20+00:00\",\"description\":\"Bethlehem-Olivenholz-Kunsthandwerk (Rosenkranz, oval, geschnitzt, rund, Perlen), Schnitzereien, Mittelst\u00fccke und Rohmaterial in Standard- und kundenspezifischen Abmessungen.\",\"breadcrumb\":{\"@id\":\"https:\\\/\\\/holyland-olivewood.com\\\/de\\\/produkt\\\/10-mm-olivenholz-geschnitzt-runde-perlen-125-perlen-b157\\\/#breadcrumb\"},\"inLanguage\":\"de\",\"potentialAction\":[{\"@type\":\"ReadAction\",\"target\":[\"https:\\\/\\\/holyland-olivewood.com\\\/de\\\/produkt\\\/10-mm-olivenholz-geschnitzt-runde-perlen-125-perlen-b157\\\/\"]}]},{\"@type\":\"ImageObject\",\"inLanguage\":\"de\",\"@id\":\"https:\\\/\\\/holyland-olivewood.com\\\/de\\\/produkt\\\/10-mm-olivenholz-geschnitzt-runde-perlen-125-perlen-b157\\\/#primaryimage\",\"url\":\"https:\\\/\\\/holyland-olivewood.com\\\/wp-content\\\/uploads\\\/2016\\\/05\\\/k.jpg\",\"contentUrl\":\"https:\\\/\\\/holyland-olivewood.com\\\/wp-content\\\/uploads\\\/2016\\\/05\\\/k.jpg\",\"width\":1550,\"height\":1200},{\"@type\":\"BreadcrumbList\",\"@id\":\"https:\\\/\\\/holyland-olivewood.com\\\/de\\\/produkt\\\/10-mm-olivenholz-geschnitzt-runde-perlen-125-perlen-b157\\\/#breadcrumb\",\"itemListElement\":[{\"@type\":\"ListItem\",\"position\":1,\"name\":\"Home\",\"item\":\"https:\\\/\\\/holyland-olivewood.com\\\/de\\\/home\\\/\"},{\"@type\":\"ListItem\",\"position\":2,\"name\":\"Alle Produkte ansehen\",\"item\":\"https:\\\/\\\/holyland-olivewood.com\\\/de\\\/shop\\\/\"},{\"@type\":\"ListItem\",\"position\":3,\"name\":\"10 mm Olivenholz geschnitzt Runde Perlen (125 Perlen) #B157\"}]},{\"@type\":\"WebSite\",\"@id\":\"https:\\\/\\\/holyland-olivewood.com\\\/de\\\/#website\",\"url\":\"https:\\\/\\\/holyland-olivewood.com\\\/de\\\/\",\"name\":\"Holy Land Olive Wood - Bethlehem Olive Wood Factory\",\"description\":\"Holy Land Olivewood Bethlehem\",\"publisher\":{\"@id\":\"https:\\\/\\\/holyland-olivewood.com\\\/de\\\/#organization\"},\"potentialAction\":[{\"@type\":\"SearchAction\",\"target\":{\"@type\":\"EntryPoint\",\"urlTemplate\":\"https:\\\/\\\/holyland-olivewood.com\\\/de\\\/?s={search_term_string}\"},\"query-input\":{\"@type\":\"PropertyValueSpecification\",\"valueRequired\":true,\"valueName\":\"search_term_string\"}}],\"inLanguage\":\"de\"},{\"@type\":\"Organization\",\"@id\":\"https:\\\/\\\/holyland-olivewood.com\\\/de\\\/#organization\",\"name\":\"Holy Land Olivewood\",\"url\":\"https:\\\/\\\/holyland-olivewood.com\\\/de\\\/\",\"logo\":{\"@type\":\"ImageObject\",\"inLanguage\":\"de\",\"@id\":\"https:\\\/\\\/holyland-olivewood.com\\\/de\\\/#\\\/schema\\\/logo\\\/image\\\/\",\"url\":\"\",\"contentUrl\":\"\",\"caption\":\"Holy Land Olivewood\"},\"image\":{\"@id\":\"https:\\\/\\\/holyland-olivewood.com\\\/de\\\/#\\\/schema\\\/logo\\\/image\\\/\"},\"sameAs\":[\"https:\\\/\\\/www.facebook.com\\\/holylandolivewood.bethlehem\\\/\",\"http:\\\/\\\/instagram.com\\\/holy.land.olive.wood\"]}]}<\/script>\n<!-- \/ Yoast SEO plugin. -->","yoast_head_json":{"title":"10 mm Olivenholz geschnitzt Runde Perlen (125 Perlen) #B157 - Holy Land Olive Wood - Bethlehem Olive Wood Factory","description":"Bethlehem-Olivenholz-Kunsthandwerk (Rosenkranz, oval, geschnitzt, rund, Perlen), Schnitzereien, Mittelst\u00fccke und Rohmaterial in Standard- und kundenspezifischen Abmessungen.","robots":{"index":"index","follow":"follow","max-snippet":"max-snippet:-1","max-image-preview":"max-image-preview:large","max-video-preview":"max-video-preview:-1"},"canonical":"https:\/\/holyland-olivewood.com\/de\/produkt\/10-mm-olivenholz-geschnitzt-runde-perlen-125-perlen-b157\/","og_locale":"de_DE","og_type":"article","og_title":"10 mm Olivenholz geschnitzt Runde Perlen (125 Perlen) #B157 - Holy Land Olive Wood - Bethlehem Olive Wood Factory","og_description":"Bethlehem-Olivenholz-Kunsthandwerk (Rosenkranz, oval, geschnitzt, rund, Perlen), Schnitzereien, Mittelst\u00fccke und Rohmaterial in Standard- und kundenspezifischen Abmessungen.","og_url":"https:\/\/holyland-olivewood.com\/de\/produkt\/10-mm-olivenholz-geschnitzt-runde-perlen-125-perlen-b157\/","og_site_name":"Holy Land Olive Wood - Bethlehem Olive Wood Factory","article_publisher":"https:\/\/www.facebook.com\/holylandolivewood.bethlehem\/","og_image":[{"width":1550,"height":1200,"url":"https:\/\/holyland-olivewood.com\/wp-content\/uploads\/2016\/05\/k.jpg","type":"image\/jpeg"}],"twitter_card":"summary_large_image","schema":{"@context":"https:\/\/schema.org","@graph":[{"@type":"WebPage","@id":"https:\/\/holyland-olivewood.com\/de\/produkt\/10-mm-olivenholz-geschnitzt-runde-perlen-125-perlen-b157\/","url":"https:\/\/holyland-olivewood.com\/de\/produkt\/10-mm-olivenholz-geschnitzt-runde-perlen-125-perlen-b157\/","name":"10 mm Olivenholz geschnitzt Runde Perlen (125 Perlen) #B157 - Holy Land Olive Wood - Bethlehem Olive Wood Factory","isPartOf":{"@id":"https:\/\/holyland-olivewood.com\/de\/#website"},"primaryImageOfPage":{"@id":"https:\/\/holyland-olivewood.com\/de\/produkt\/10-mm-olivenholz-geschnitzt-runde-perlen-125-perlen-b157\/#primaryimage"},"image":{"@id":"https:\/\/holyland-olivewood.com\/de\/produkt\/10-mm-olivenholz-geschnitzt-runde-perlen-125-perlen-b157\/#primaryimage"},"thumbnailUrl":"https:\/\/holyland-olivewood.com\/wp-content\/uploads\/2016\/05\/k.jpg","datePublished":"2024-03-14T20:39:20+00:00","description":"Bethlehem-Olivenholz-Kunsthandwerk (Rosenkranz, oval, geschnitzt, rund, Perlen), Schnitzereien, Mittelst\u00fccke und Rohmaterial in Standard- und kundenspezifischen Abmessungen.","breadcrumb":{"@id":"https:\/\/holyland-olivewood.com\/de\/produkt\/10-mm-olivenholz-geschnitzt-runde-perlen-125-perlen-b157\/#breadcrumb"},"inLanguage":"de","potentialAction":[{"@type":"ReadAction","target":["https:\/\/holyland-olivewood.com\/de\/produkt\/10-mm-olivenholz-geschnitzt-runde-perlen-125-perlen-b157\/"]}]},{"@type":"ImageObject","inLanguage":"de","@id":"https:\/\/holyland-olivewood.com\/de\/produkt\/10-mm-olivenholz-geschnitzt-runde-perlen-125-perlen-b157\/#primaryimage","url":"https:\/\/holyland-olivewood.com\/wp-content\/uploads\/2016\/05\/k.jpg","contentUrl":"https:\/\/holyland-olivewood.com\/wp-content\/uploads\/2016\/05\/k.jpg","width":1550,"height":1200},{"@type":"BreadcrumbList","@id":"https:\/\/holyland-olivewood.com\/de\/produkt\/10-mm-olivenholz-geschnitzt-runde-perlen-125-perlen-b157\/#breadcrumb","itemListElement":[{"@type":"ListItem","position":1,"name":"Home","item":"https:\/\/holyland-olivewood.com\/de\/home\/"},{"@type":"ListItem","position":2,"name":"Alle Produkte ansehen","item":"https:\/\/holyland-olivewood.com\/de\/shop\/"},{"@type":"ListItem","position":3,"name":"10 mm Olivenholz geschnitzt Runde Perlen (125 Perlen) #B157"}]},{"@type":"WebSite","@id":"https:\/\/holyland-olivewood.com\/de\/#website","url":"https:\/\/holyland-olivewood.com\/de\/","name":"Holy Land Olive Wood - Bethlehem Olive Wood Factory","description":"Holy Land Olivewood Bethlehem","publisher":{"@id":"https:\/\/holyland-olivewood.com\/de\/#organization"},"potentialAction":[{"@type":"SearchAction","target":{"@type":"EntryPoint","urlTemplate":"https:\/\/holyland-olivewood.com\/de\/?s={search_term_string}"},"query-input":{"@type":"PropertyValueSpecification","valueRequired":true,"valueName":"search_term_string"}}],"inLanguage":"de"},{"@type":"Organization","@id":"https:\/\/holyland-olivewood.com\/de\/#organization","name":"Holy Land Olivewood","url":"https:\/\/holyland-olivewood.com\/de\/","logo":{"@type":"ImageObject","inLanguage":"de","@id":"https:\/\/holyland-olivewood.com\/de\/#\/schema\/logo\/image\/","url":"","contentUrl":"","caption":"Holy Land Olivewood"},"image":{"@id":"https:\/\/holyland-olivewood.com\/de\/#\/schema\/logo\/image\/"},"sameAs":["https:\/\/www.facebook.com\/holylandolivewood.bethlehem\/","http:\/\/instagram.com\/holy.land.olive.wood"]}]}},"_links":{"self":[{"href":"https:\/\/holyland-olivewood.com\/de\/wp-json\/wp\/v2\/product\/54859","targetHints":{"allow":["GET"]}}],"collection":[{"href":"https:\/\/holyland-olivewood.com\/de\/wp-json\/wp\/v2\/product"}],"about":[{"href":"https:\/\/holyland-olivewood.com\/de\/wp-json\/wp\/v2\/types\/product"}],"replies":[{"embeddable":true,"href":"https:\/\/holyland-olivewood.com\/de\/wp-json\/wp\/v2\/comments?post=54859"}],"version-history":[{"count":0,"href":"https:\/\/holyland-olivewood.com\/de\/wp-json\/wp\/v2\/product\/54859\/revisions"}],"wp:featuredmedia":[{"embeddable":true,"href":"https:\/\/holyland-olivewood.com\/de\/wp-json\/wp\/v2\/media\/30743"}],"wp:attachment":[{"href":"https:\/\/holyland-olivewood.com\/de\/wp-json\/wp\/v2\/media?parent=54859"}],"wp:term":[{"taxonomy":"product_brand","embeddable":true,"href":"https:\/\/holyland-olivewood.com\/de\/wp-json\/wp\/v2\/product_brand?post=54859"},{"taxonomy":"product_cat","embeddable":true,"href":"https:\/\/holyland-olivewood.com\/de\/wp-json\/wp\/v2\/product_cat?post=54859"},{"taxonomy":"product_tag","embeddable":true,"href":"https:\/\/holyland-olivewood.com\/de\/wp-json\/wp\/v2\/product_tag?post=54859"}],"curies":[{"name":"wp","href":"https:\/\/api.w.org\/{rel}","templated":true}]}}