{"id":53410,"date":"2022-10-02T19:39:07","date_gmt":"2023-02-14T16:44:41","guid":{"rendered":"https:\/\/holyland-olivewood.com\/product\/unvollendete-statuen-jesus-kopf-u101\/"},"modified":"2023-02-14T16:44:41","modified_gmt":"2023-02-14T16:44:41","slug":"unvollendete-statuen-jesus-kopf-u101","status":"publish","type":"product","link":"https:\/\/holyland-olivewood.com\/de\/produkt\/unvollendete-statuen-jesus-kopf-u101\/","title":{"rendered":"Unvollendete Statuen Jesus Kopf #U101"},"content":{"rendered":"","protected":false},"excerpt":{"rendered":"<p>Diese Jesusb\u00fcste aus Bethlehem-Olivenholz ist zu 70% fertiggestellt.<\/p>\n<p>Sie k\u00f6nnen die endg\u00fcltigen Merkmale von Hand schnitzen, abschleifen, lackieren und einen eigenen St\u00e4nder\/eine eigene Halterung daf\u00fcr anfertigen. Wenn Sie diese Statue selbst fertigstellen, k\u00f6nnen Sie sicher sein, dass es sich um ein ma\u00dfgeschneidertes St\u00fcck handelt, das sich hervorragend als Gespr\u00e4chsgegenstand oder Geschenk f\u00fcr einen geliebten Menschen eignet.<\/p>\n<p>Dieser Artikel enth\u00e4lt ein Echtheitszertifikat, das die zur Herstellung dieses Produkts verwendeten Materialien und Techniken best\u00e4tigt.<\/p>\n<p>Gr\u00f6\u00dfe: 7 cm x 7 cm x 12,5 cm (2,75&#8243; x 2,75&#8243; x 2,75&#8243;)<\/p>\n<p>Sie k\u00f6nnen den vorbereiteten Artikel \u00fcber den folgenden Link einsehen:<\/p>\n<p>https:\/\/holyland-olivewood.com\/product\/olive-wood-jesus-christ-bust\/<\/p>\n<p>&nbsp;<\/p>\n","protected":false},"featured_media":53411,"comment_status":"closed","ping_status":"closed","template":"","meta":[],"product_brand":[],"product_cat":[1546,4095],"product_tag":[],"class_list":{"0":"post-53410","1":"product","2":"type-product","3":"status-publish","4":"has-post-thumbnail","6":"product_cat-olivenholz","7":"product_cat-unvollendete-statuen","9":"first","10":"instock","11":"shipping-taxable","12":"purchasable","13":"product-type-simple"},"yoast_head":"<!-- This site is optimized with the Yoast SEO plugin v27.4 - https:\/\/yoast.com\/product\/yoast-seo-wordpress\/ -->\n<title>Unvollendete Statuen Jesus Kopf #U101 - Holy Land Olive Wood - Bethlehem Olive Wood Factory<\/title>\n<meta name=\"robots\" content=\"index, follow, max-snippet:-1, max-image-preview:large, max-video-preview:-1\" \/>\n<link rel=\"canonical\" href=\"https:\/\/holyland-olivewood.com\/de\/produkt\/unvollendete-statuen-jesus-kopf-u101\/\" \/>\n<meta property=\"og:locale\" content=\"de_DE\" \/>\n<meta property=\"og:type\" content=\"article\" \/>\n<meta property=\"og:title\" content=\"Unvollendete Statuen Jesus Kopf #U101 - Holy Land Olive Wood - Bethlehem Olive Wood Factory\" \/>\n<meta property=\"og:description\" content=\"Diese Jesusb\u00fcste aus Bethlehem-Olivenholz ist zu 70% fertiggestellt. Sie k\u00f6nnen die endg\u00fcltigen Merkmale von Hand schnitzen, abschleifen, lackieren und einen eigenen St\u00e4nder\/eine eigene Halterung daf\u00fcr anfertigen. Wenn Sie diese Statue selbst fertigstellen, k\u00f6nnen Sie sicher sein, dass es sich um ein ma\u00dfgeschneidertes St\u00fcck handelt, das sich hervorragend als Gespr\u00e4chsgegenstand oder Geschenk f\u00fcr einen geliebten Menschen eignet. Dieser Artikel enth\u00e4lt ein Echtheitszertifikat, das die zur Herstellung dieses Produkts verwendeten Materialien und Techniken best\u00e4tigt. Gr\u00f6\u00dfe: 7 cm x 7 cm x 12,5 cm (2,75&quot; x 2,75&quot; x 2,75&quot;) Sie k\u00f6nnen den vorbereiteten Artikel \u00fcber den folgenden Link einsehen: https:\/\/holyland-olivewood.com\/product\/olive-wood-jesus-christ-bust\/ &nbsp;\" \/>\n<meta property=\"og:url\" content=\"https:\/\/holyland-olivewood.com\/de\/produkt\/unvollendete-statuen-jesus-kopf-u101\/\" \/>\n<meta property=\"og:site_name\" content=\"Holy Land Olive Wood - Bethlehem Olive Wood Factory\" \/>\n<meta property=\"article:publisher\" content=\"https:\/\/www.facebook.com\/holylandolivewood.bethlehem\/\" \/>\n<meta property=\"og:image\" content=\"https:\/\/holyland-olivewood.com\/wp-content\/uploads\/2022\/10\/unfinished_statues_wooden_diy_wood_u101.jpg\" \/>\n\t<meta property=\"og:image:width\" content=\"1550\" \/>\n\t<meta property=\"og:image:height\" content=\"1200\" \/>\n\t<meta property=\"og:image:type\" content=\"image\/jpeg\" \/>\n<meta name=\"twitter:card\" content=\"summary_large_image\" \/>\n<script type=\"application\/ld+json\" class=\"yoast-schema-graph\">{\"@context\":\"https:\\\/\\\/schema.org\",\"@graph\":[{\"@type\":\"WebPage\",\"@id\":\"https:\\\/\\\/holyland-olivewood.com\\\/de\\\/produkt\\\/unvollendete-statuen-jesus-kopf-u101\\\/\",\"url\":\"https:\\\/\\\/holyland-olivewood.com\\\/de\\\/produkt\\\/unvollendete-statuen-jesus-kopf-u101\\\/\",\"name\":\"Unvollendete Statuen Jesus Kopf #U101 - Holy Land Olive Wood - Bethlehem Olive Wood Factory\",\"isPartOf\":{\"@id\":\"https:\\\/\\\/holyland-olivewood.com\\\/de\\\/#website\"},\"primaryImageOfPage\":{\"@id\":\"https:\\\/\\\/holyland-olivewood.com\\\/de\\\/produkt\\\/unvollendete-statuen-jesus-kopf-u101\\\/#primaryimage\"},\"image\":{\"@id\":\"https:\\\/\\\/holyland-olivewood.com\\\/de\\\/produkt\\\/unvollendete-statuen-jesus-kopf-u101\\\/#primaryimage\"},\"thumbnailUrl\":\"https:\\\/\\\/holyland-olivewood.com\\\/wp-content\\\/uploads\\\/2022\\\/10\\\/unfinished_statues_wooden_diy_wood_u101.jpg\",\"datePublished\":\"2023-02-14T16:44:41+00:00\",\"breadcrumb\":{\"@id\":\"https:\\\/\\\/holyland-olivewood.com\\\/de\\\/produkt\\\/unvollendete-statuen-jesus-kopf-u101\\\/#breadcrumb\"},\"inLanguage\":\"de\",\"potentialAction\":[{\"@type\":\"ReadAction\",\"target\":[\"https:\\\/\\\/holyland-olivewood.com\\\/de\\\/produkt\\\/unvollendete-statuen-jesus-kopf-u101\\\/\"]}]},{\"@type\":\"ImageObject\",\"inLanguage\":\"de\",\"@id\":\"https:\\\/\\\/holyland-olivewood.com\\\/de\\\/produkt\\\/unvollendete-statuen-jesus-kopf-u101\\\/#primaryimage\",\"url\":\"https:\\\/\\\/holyland-olivewood.com\\\/wp-content\\\/uploads\\\/2022\\\/10\\\/unfinished_statues_wooden_diy_wood_u101.jpg\",\"contentUrl\":\"https:\\\/\\\/holyland-olivewood.com\\\/wp-content\\\/uploads\\\/2022\\\/10\\\/unfinished_statues_wooden_diy_wood_u101.jpg\",\"width\":1550,\"height\":1200},{\"@type\":\"BreadcrumbList\",\"@id\":\"https:\\\/\\\/holyland-olivewood.com\\\/de\\\/produkt\\\/unvollendete-statuen-jesus-kopf-u101\\\/#breadcrumb\",\"itemListElement\":[{\"@type\":\"ListItem\",\"position\":1,\"name\":\"Home\",\"item\":\"https:\\\/\\\/holyland-olivewood.com\\\/de\\\/home\\\/\"},{\"@type\":\"ListItem\",\"position\":2,\"name\":\"Alle Produkte ansehen\",\"item\":\"https:\\\/\\\/holyland-olivewood.com\\\/de\\\/shop\\\/\"},{\"@type\":\"ListItem\",\"position\":3,\"name\":\"Unvollendete Statuen Jesus Kopf #U101\"}]},{\"@type\":\"WebSite\",\"@id\":\"https:\\\/\\\/holyland-olivewood.com\\\/de\\\/#website\",\"url\":\"https:\\\/\\\/holyland-olivewood.com\\\/de\\\/\",\"name\":\"Holy Land Olive Wood - Bethlehem Olive Wood Factory\",\"description\":\"Holy Land Olivewood Bethlehem\",\"publisher\":{\"@id\":\"https:\\\/\\\/holyland-olivewood.com\\\/de\\\/#organization\"},\"potentialAction\":[{\"@type\":\"SearchAction\",\"target\":{\"@type\":\"EntryPoint\",\"urlTemplate\":\"https:\\\/\\\/holyland-olivewood.com\\\/de\\\/?s={search_term_string}\"},\"query-input\":{\"@type\":\"PropertyValueSpecification\",\"valueRequired\":true,\"valueName\":\"search_term_string\"}}],\"inLanguage\":\"de\"},{\"@type\":\"Organization\",\"@id\":\"https:\\\/\\\/holyland-olivewood.com\\\/de\\\/#organization\",\"name\":\"Holy Land Olivewood\",\"url\":\"https:\\\/\\\/holyland-olivewood.com\\\/de\\\/\",\"logo\":{\"@type\":\"ImageObject\",\"inLanguage\":\"de\",\"@id\":\"https:\\\/\\\/holyland-olivewood.com\\\/de\\\/#\\\/schema\\\/logo\\\/image\\\/\",\"url\":\"\",\"contentUrl\":\"\",\"caption\":\"Holy Land Olivewood\"},\"image\":{\"@id\":\"https:\\\/\\\/holyland-olivewood.com\\\/de\\\/#\\\/schema\\\/logo\\\/image\\\/\"},\"sameAs\":[\"https:\\\/\\\/www.facebook.com\\\/holylandolivewood.bethlehem\\\/\",\"http:\\\/\\\/instagram.com\\\/holy.land.olive.wood\"]}]}<\/script>\n<!-- \/ Yoast SEO plugin. -->","yoast_head_json":{"title":"Unvollendete Statuen Jesus Kopf #U101 - Holy Land Olive Wood - Bethlehem Olive Wood Factory","robots":{"index":"index","follow":"follow","max-snippet":"max-snippet:-1","max-image-preview":"max-image-preview:large","max-video-preview":"max-video-preview:-1"},"canonical":"https:\/\/holyland-olivewood.com\/de\/produkt\/unvollendete-statuen-jesus-kopf-u101\/","og_locale":"de_DE","og_type":"article","og_title":"Unvollendete Statuen Jesus Kopf #U101 - Holy Land Olive Wood - Bethlehem Olive Wood Factory","og_description":"Diese Jesusb\u00fcste aus Bethlehem-Olivenholz ist zu 70% fertiggestellt. Sie k\u00f6nnen die endg\u00fcltigen Merkmale von Hand schnitzen, abschleifen, lackieren und einen eigenen St\u00e4nder\/eine eigene Halterung daf\u00fcr anfertigen. Wenn Sie diese Statue selbst fertigstellen, k\u00f6nnen Sie sicher sein, dass es sich um ein ma\u00dfgeschneidertes St\u00fcck handelt, das sich hervorragend als Gespr\u00e4chsgegenstand oder Geschenk f\u00fcr einen geliebten Menschen eignet. Dieser Artikel enth\u00e4lt ein Echtheitszertifikat, das die zur Herstellung dieses Produkts verwendeten Materialien und Techniken best\u00e4tigt. Gr\u00f6\u00dfe: 7 cm x 7 cm x 12,5 cm (2,75\" x 2,75\" x 2,75\") Sie k\u00f6nnen den vorbereiteten Artikel \u00fcber den folgenden Link einsehen: https:\/\/holyland-olivewood.com\/product\/olive-wood-jesus-christ-bust\/ &nbsp;","og_url":"https:\/\/holyland-olivewood.com\/de\/produkt\/unvollendete-statuen-jesus-kopf-u101\/","og_site_name":"Holy Land Olive Wood - Bethlehem Olive Wood Factory","article_publisher":"https:\/\/www.facebook.com\/holylandolivewood.bethlehem\/","og_image":[{"width":1550,"height":1200,"url":"https:\/\/holyland-olivewood.com\/wp-content\/uploads\/2022\/10\/unfinished_statues_wooden_diy_wood_u101.jpg","type":"image\/jpeg"}],"twitter_card":"summary_large_image","schema":{"@context":"https:\/\/schema.org","@graph":[{"@type":"WebPage","@id":"https:\/\/holyland-olivewood.com\/de\/produkt\/unvollendete-statuen-jesus-kopf-u101\/","url":"https:\/\/holyland-olivewood.com\/de\/produkt\/unvollendete-statuen-jesus-kopf-u101\/","name":"Unvollendete Statuen Jesus Kopf #U101 - Holy Land Olive Wood - Bethlehem Olive Wood Factory","isPartOf":{"@id":"https:\/\/holyland-olivewood.com\/de\/#website"},"primaryImageOfPage":{"@id":"https:\/\/holyland-olivewood.com\/de\/produkt\/unvollendete-statuen-jesus-kopf-u101\/#primaryimage"},"image":{"@id":"https:\/\/holyland-olivewood.com\/de\/produkt\/unvollendete-statuen-jesus-kopf-u101\/#primaryimage"},"thumbnailUrl":"https:\/\/holyland-olivewood.com\/wp-content\/uploads\/2022\/10\/unfinished_statues_wooden_diy_wood_u101.jpg","datePublished":"2023-02-14T16:44:41+00:00","breadcrumb":{"@id":"https:\/\/holyland-olivewood.com\/de\/produkt\/unvollendete-statuen-jesus-kopf-u101\/#breadcrumb"},"inLanguage":"de","potentialAction":[{"@type":"ReadAction","target":["https:\/\/holyland-olivewood.com\/de\/produkt\/unvollendete-statuen-jesus-kopf-u101\/"]}]},{"@type":"ImageObject","inLanguage":"de","@id":"https:\/\/holyland-olivewood.com\/de\/produkt\/unvollendete-statuen-jesus-kopf-u101\/#primaryimage","url":"https:\/\/holyland-olivewood.com\/wp-content\/uploads\/2022\/10\/unfinished_statues_wooden_diy_wood_u101.jpg","contentUrl":"https:\/\/holyland-olivewood.com\/wp-content\/uploads\/2022\/10\/unfinished_statues_wooden_diy_wood_u101.jpg","width":1550,"height":1200},{"@type":"BreadcrumbList","@id":"https:\/\/holyland-olivewood.com\/de\/produkt\/unvollendete-statuen-jesus-kopf-u101\/#breadcrumb","itemListElement":[{"@type":"ListItem","position":1,"name":"Home","item":"https:\/\/holyland-olivewood.com\/de\/home\/"},{"@type":"ListItem","position":2,"name":"Alle Produkte ansehen","item":"https:\/\/holyland-olivewood.com\/de\/shop\/"},{"@type":"ListItem","position":3,"name":"Unvollendete Statuen Jesus Kopf #U101"}]},{"@type":"WebSite","@id":"https:\/\/holyland-olivewood.com\/de\/#website","url":"https:\/\/holyland-olivewood.com\/de\/","name":"Holy Land Olive Wood - Bethlehem Olive Wood Factory","description":"Holy Land Olivewood Bethlehem","publisher":{"@id":"https:\/\/holyland-olivewood.com\/de\/#organization"},"potentialAction":[{"@type":"SearchAction","target":{"@type":"EntryPoint","urlTemplate":"https:\/\/holyland-olivewood.com\/de\/?s={search_term_string}"},"query-input":{"@type":"PropertyValueSpecification","valueRequired":true,"valueName":"search_term_string"}}],"inLanguage":"de"},{"@type":"Organization","@id":"https:\/\/holyland-olivewood.com\/de\/#organization","name":"Holy Land Olivewood","url":"https:\/\/holyland-olivewood.com\/de\/","logo":{"@type":"ImageObject","inLanguage":"de","@id":"https:\/\/holyland-olivewood.com\/de\/#\/schema\/logo\/image\/","url":"","contentUrl":"","caption":"Holy Land Olivewood"},"image":{"@id":"https:\/\/holyland-olivewood.com\/de\/#\/schema\/logo\/image\/"},"sameAs":["https:\/\/www.facebook.com\/holylandolivewood.bethlehem\/","http:\/\/instagram.com\/holy.land.olive.wood"]}]}},"_links":{"self":[{"href":"https:\/\/holyland-olivewood.com\/de\/wp-json\/wp\/v2\/product\/53410","targetHints":{"allow":["GET"]}}],"collection":[{"href":"https:\/\/holyland-olivewood.com\/de\/wp-json\/wp\/v2\/product"}],"about":[{"href":"https:\/\/holyland-olivewood.com\/de\/wp-json\/wp\/v2\/types\/product"}],"replies":[{"embeddable":true,"href":"https:\/\/holyland-olivewood.com\/de\/wp-json\/wp\/v2\/comments?post=53410"}],"version-history":[{"count":0,"href":"https:\/\/holyland-olivewood.com\/de\/wp-json\/wp\/v2\/product\/53410\/revisions"}],"wp:featuredmedia":[{"embeddable":true,"href":"https:\/\/holyland-olivewood.com\/de\/wp-json\/wp\/v2\/media\/53411"}],"wp:attachment":[{"href":"https:\/\/holyland-olivewood.com\/de\/wp-json\/wp\/v2\/media?parent=53410"}],"wp:term":[{"taxonomy":"product_brand","embeddable":true,"href":"https:\/\/holyland-olivewood.com\/de\/wp-json\/wp\/v2\/product_brand?post=53410"},{"taxonomy":"product_cat","embeddable":true,"href":"https:\/\/holyland-olivewood.com\/de\/wp-json\/wp\/v2\/product_cat?post=53410"},{"taxonomy":"product_tag","embeddable":true,"href":"https:\/\/holyland-olivewood.com\/de\/wp-json\/wp\/v2\/product_tag?post=53410"}],"curies":[{"name":"wp","href":"https:\/\/api.w.org\/{rel}","templated":true}]}}