{"id":52767,"date":"2022-09-29T21:24:45","date_gmt":"2022-09-29T21:26:03","guid":{"rendered":"https:\/\/holyland-olivewood.com\/product\/olivenholz-die-bundeslade-fi116\/"},"modified":"2022-09-29T21:26:03","modified_gmt":"2022-09-29T21:26:03","slug":"olivenholz-die-arke-des-bundes-fi116","status":"publish","type":"product","link":"https:\/\/holyland-olivewood.com\/de\/produkt\/olivenholz-die-arke-des-bundes-fi116\/","title":{"rendered":"Olivenholz Die Bundeslade #FI116"},"content":{"rendered":"","protected":false},"excerpt":{"rendered":"<p>Diese atemberaubende biblische Statue ist aus Olivenholz aus dem Heiligen Land handgefertigt. Vier Priester tragen die Lade, w\u00e4hrend ein f\u00fcnfter Priester das Schofar (Horn) bl\u00e4st und den Weg vor ihnen weist. Die Lade selbst hat zwei geschnitzte Menoras auf jeder Seite, \u00fcber der Lade knien zwei Cherubim auf dem Gnadensitz und stehen sich gegen\u00fcber. Die f\u00fcnf Figuren sind auf einem wellenf\u00f6rmig geschnitzten Sockel \u00fcber einem Sockel aus Mahagoniholz befestigt.<\/p>\n<p>Dieser Artikel enth\u00e4lt ein Echtheitszertifikat, das die zur Herstellung dieses Produkts verwendeten Materialien und Techniken best\u00e4tigt.<\/p>\n<p>Gr\u00f6\u00dfe: 22 cm x 37 cm x 28 cm (8,5&#8243; x 14,5&#8243; x 11&#8243;)<\/p>\n","protected":false},"featured_media":52768,"comment_status":"closed","ping_status":"closed","template":"","meta":[],"product_brand":[],"product_cat":[1786,775],"product_tag":[],"class_list":{"0":"post-52767","1":"product","2":"type-product","3":"status-publish","4":"has-post-thumbnail","6":"product_cat-figuren","7":"product_cat-kunsthaandvaerk","9":"first","10":"outofstock","11":"shipping-taxable","12":"purchasable","13":"product-type-simple"},"yoast_head":"<!-- This site is optimized with the Yoast SEO plugin v27.4 - https:\/\/yoast.com\/product\/yoast-seo-wordpress\/ -->\n<title>Olivenholz Die Bundeslade #FI116 - Holy Land Olive Wood - Bethlehem Olive Wood Factory<\/title>\n<meta name=\"robots\" content=\"index, follow, max-snippet:-1, max-image-preview:large, max-video-preview:-1\" \/>\n<link rel=\"canonical\" href=\"https:\/\/holyland-olivewood.com\/de\/produkt\/olivenholz-die-arke-des-bundes-fi116\/\" \/>\n<meta property=\"og:locale\" content=\"de_DE\" \/>\n<meta property=\"og:type\" content=\"article\" \/>\n<meta property=\"og:title\" content=\"Olivenholz Die Bundeslade #FI116 - Holy Land Olive Wood - Bethlehem Olive Wood Factory\" \/>\n<meta property=\"og:description\" content=\"Diese atemberaubende biblische Statue ist aus Olivenholz aus dem Heiligen Land handgefertigt. Vier Priester tragen die Lade, w\u00e4hrend ein f\u00fcnfter Priester das Schofar (Horn) bl\u00e4st und den Weg vor ihnen weist. Die Lade selbst hat zwei geschnitzte Menoras auf jeder Seite, \u00fcber der Lade knien zwei Cherubim auf dem Gnadensitz und stehen sich gegen\u00fcber. Die f\u00fcnf Figuren sind auf einem wellenf\u00f6rmig geschnitzten Sockel \u00fcber einem Sockel aus Mahagoniholz befestigt. Dieser Artikel enth\u00e4lt ein Echtheitszertifikat, das die zur Herstellung dieses Produkts verwendeten Materialien und Techniken best\u00e4tigt. Gr\u00f6\u00dfe: 22 cm x 37 cm x 28 cm (8,5&quot; x 14,5&quot; x 11&quot;)\" \/>\n<meta property=\"og:url\" content=\"https:\/\/holyland-olivewood.com\/de\/produkt\/olivenholz-die-arke-des-bundes-fi116\/\" \/>\n<meta property=\"og:site_name\" content=\"Holy Land Olive Wood - Bethlehem Olive Wood Factory\" \/>\n<meta property=\"article:publisher\" content=\"https:\/\/www.facebook.com\/holylandolivewood.bethlehem\/\" \/>\n<meta property=\"og:image\" content=\"https:\/\/holyland-olivewood.com\/wp-content\/uploads\/2022\/09\/olive_wood_the_ark_of_the_covenant_fi116_1.jpg\" \/>\n\t<meta property=\"og:image:width\" content=\"1550\" \/>\n\t<meta property=\"og:image:height\" content=\"1200\" \/>\n\t<meta property=\"og:image:type\" content=\"image\/jpeg\" \/>\n<meta name=\"twitter:card\" content=\"summary_large_image\" \/>\n<script type=\"application\/ld+json\" class=\"yoast-schema-graph\">{\"@context\":\"https:\\\/\\\/schema.org\",\"@graph\":[{\"@type\":\"WebPage\",\"@id\":\"https:\\\/\\\/holyland-olivewood.com\\\/de\\\/produkt\\\/olivenholz-die-arke-des-bundes-fi116\\\/\",\"url\":\"https:\\\/\\\/holyland-olivewood.com\\\/de\\\/produkt\\\/olivenholz-die-arke-des-bundes-fi116\\\/\",\"name\":\"Olivenholz Die Bundeslade #FI116 - Holy Land Olive Wood - Bethlehem Olive Wood Factory\",\"isPartOf\":{\"@id\":\"https:\\\/\\\/holyland-olivewood.com\\\/de\\\/#website\"},\"primaryImageOfPage\":{\"@id\":\"https:\\\/\\\/holyland-olivewood.com\\\/de\\\/produkt\\\/olivenholz-die-arke-des-bundes-fi116\\\/#primaryimage\"},\"image\":{\"@id\":\"https:\\\/\\\/holyland-olivewood.com\\\/de\\\/produkt\\\/olivenholz-die-arke-des-bundes-fi116\\\/#primaryimage\"},\"thumbnailUrl\":\"https:\\\/\\\/holyland-olivewood.com\\\/wp-content\\\/uploads\\\/2022\\\/09\\\/olive_wood_the_ark_of_the_covenant_fi116_1.jpg\",\"datePublished\":\"2022-09-29T21:26:03+00:00\",\"breadcrumb\":{\"@id\":\"https:\\\/\\\/holyland-olivewood.com\\\/de\\\/produkt\\\/olivenholz-die-arke-des-bundes-fi116\\\/#breadcrumb\"},\"inLanguage\":\"de\",\"potentialAction\":[{\"@type\":\"ReadAction\",\"target\":[\"https:\\\/\\\/holyland-olivewood.com\\\/de\\\/produkt\\\/olivenholz-die-arke-des-bundes-fi116\\\/\"]}]},{\"@type\":\"ImageObject\",\"inLanguage\":\"de\",\"@id\":\"https:\\\/\\\/holyland-olivewood.com\\\/de\\\/produkt\\\/olivenholz-die-arke-des-bundes-fi116\\\/#primaryimage\",\"url\":\"https:\\\/\\\/holyland-olivewood.com\\\/wp-content\\\/uploads\\\/2022\\\/09\\\/olive_wood_the_ark_of_the_covenant_fi116_1.jpg\",\"contentUrl\":\"https:\\\/\\\/holyland-olivewood.com\\\/wp-content\\\/uploads\\\/2022\\\/09\\\/olive_wood_the_ark_of_the_covenant_fi116_1.jpg\",\"width\":1550,\"height\":1200},{\"@type\":\"BreadcrumbList\",\"@id\":\"https:\\\/\\\/holyland-olivewood.com\\\/de\\\/produkt\\\/olivenholz-die-arke-des-bundes-fi116\\\/#breadcrumb\",\"itemListElement\":[{\"@type\":\"ListItem\",\"position\":1,\"name\":\"Home\",\"item\":\"https:\\\/\\\/holyland-olivewood.com\\\/de\\\/home\\\/\"},{\"@type\":\"ListItem\",\"position\":2,\"name\":\"Alle Produkte ansehen\",\"item\":\"https:\\\/\\\/holyland-olivewood.com\\\/de\\\/shop\\\/\"},{\"@type\":\"ListItem\",\"position\":3,\"name\":\"Olivenholz Die Bundeslade #FI116\"}]},{\"@type\":\"WebSite\",\"@id\":\"https:\\\/\\\/holyland-olivewood.com\\\/de\\\/#website\",\"url\":\"https:\\\/\\\/holyland-olivewood.com\\\/de\\\/\",\"name\":\"Holy Land Olive Wood - Bethlehem Olive Wood Factory\",\"description\":\"Holy Land Olivewood Bethlehem\",\"publisher\":{\"@id\":\"https:\\\/\\\/holyland-olivewood.com\\\/de\\\/#organization\"},\"potentialAction\":[{\"@type\":\"SearchAction\",\"target\":{\"@type\":\"EntryPoint\",\"urlTemplate\":\"https:\\\/\\\/holyland-olivewood.com\\\/de\\\/?s={search_term_string}\"},\"query-input\":{\"@type\":\"PropertyValueSpecification\",\"valueRequired\":true,\"valueName\":\"search_term_string\"}}],\"inLanguage\":\"de\"},{\"@type\":\"Organization\",\"@id\":\"https:\\\/\\\/holyland-olivewood.com\\\/de\\\/#organization\",\"name\":\"Holy Land Olivewood\",\"url\":\"https:\\\/\\\/holyland-olivewood.com\\\/de\\\/\",\"logo\":{\"@type\":\"ImageObject\",\"inLanguage\":\"de\",\"@id\":\"https:\\\/\\\/holyland-olivewood.com\\\/de\\\/#\\\/schema\\\/logo\\\/image\\\/\",\"url\":\"\",\"contentUrl\":\"\",\"caption\":\"Holy Land Olivewood\"},\"image\":{\"@id\":\"https:\\\/\\\/holyland-olivewood.com\\\/de\\\/#\\\/schema\\\/logo\\\/image\\\/\"},\"sameAs\":[\"https:\\\/\\\/www.facebook.com\\\/holylandolivewood.bethlehem\\\/\",\"http:\\\/\\\/instagram.com\\\/holy.land.olive.wood\"]}]}<\/script>\n<!-- \/ Yoast SEO plugin. -->","yoast_head_json":{"title":"Olivenholz Die Bundeslade #FI116 - Holy Land Olive Wood - Bethlehem Olive Wood Factory","robots":{"index":"index","follow":"follow","max-snippet":"max-snippet:-1","max-image-preview":"max-image-preview:large","max-video-preview":"max-video-preview:-1"},"canonical":"https:\/\/holyland-olivewood.com\/de\/produkt\/olivenholz-die-arke-des-bundes-fi116\/","og_locale":"de_DE","og_type":"article","og_title":"Olivenholz Die Bundeslade #FI116 - Holy Land Olive Wood - Bethlehem Olive Wood Factory","og_description":"Diese atemberaubende biblische Statue ist aus Olivenholz aus dem Heiligen Land handgefertigt. Vier Priester tragen die Lade, w\u00e4hrend ein f\u00fcnfter Priester das Schofar (Horn) bl\u00e4st und den Weg vor ihnen weist. Die Lade selbst hat zwei geschnitzte Menoras auf jeder Seite, \u00fcber der Lade knien zwei Cherubim auf dem Gnadensitz und stehen sich gegen\u00fcber. Die f\u00fcnf Figuren sind auf einem wellenf\u00f6rmig geschnitzten Sockel \u00fcber einem Sockel aus Mahagoniholz befestigt. Dieser Artikel enth\u00e4lt ein Echtheitszertifikat, das die zur Herstellung dieses Produkts verwendeten Materialien und Techniken best\u00e4tigt. Gr\u00f6\u00dfe: 22 cm x 37 cm x 28 cm (8,5\" x 14,5\" x 11\")","og_url":"https:\/\/holyland-olivewood.com\/de\/produkt\/olivenholz-die-arke-des-bundes-fi116\/","og_site_name":"Holy Land Olive Wood - Bethlehem Olive Wood Factory","article_publisher":"https:\/\/www.facebook.com\/holylandolivewood.bethlehem\/","og_image":[{"width":1550,"height":1200,"url":"https:\/\/holyland-olivewood.com\/wp-content\/uploads\/2022\/09\/olive_wood_the_ark_of_the_covenant_fi116_1.jpg","type":"image\/jpeg"}],"twitter_card":"summary_large_image","schema":{"@context":"https:\/\/schema.org","@graph":[{"@type":"WebPage","@id":"https:\/\/holyland-olivewood.com\/de\/produkt\/olivenholz-die-arke-des-bundes-fi116\/","url":"https:\/\/holyland-olivewood.com\/de\/produkt\/olivenholz-die-arke-des-bundes-fi116\/","name":"Olivenholz Die Bundeslade #FI116 - Holy Land Olive Wood - Bethlehem Olive Wood Factory","isPartOf":{"@id":"https:\/\/holyland-olivewood.com\/de\/#website"},"primaryImageOfPage":{"@id":"https:\/\/holyland-olivewood.com\/de\/produkt\/olivenholz-die-arke-des-bundes-fi116\/#primaryimage"},"image":{"@id":"https:\/\/holyland-olivewood.com\/de\/produkt\/olivenholz-die-arke-des-bundes-fi116\/#primaryimage"},"thumbnailUrl":"https:\/\/holyland-olivewood.com\/wp-content\/uploads\/2022\/09\/olive_wood_the_ark_of_the_covenant_fi116_1.jpg","datePublished":"2022-09-29T21:26:03+00:00","breadcrumb":{"@id":"https:\/\/holyland-olivewood.com\/de\/produkt\/olivenholz-die-arke-des-bundes-fi116\/#breadcrumb"},"inLanguage":"de","potentialAction":[{"@type":"ReadAction","target":["https:\/\/holyland-olivewood.com\/de\/produkt\/olivenholz-die-arke-des-bundes-fi116\/"]}]},{"@type":"ImageObject","inLanguage":"de","@id":"https:\/\/holyland-olivewood.com\/de\/produkt\/olivenholz-die-arke-des-bundes-fi116\/#primaryimage","url":"https:\/\/holyland-olivewood.com\/wp-content\/uploads\/2022\/09\/olive_wood_the_ark_of_the_covenant_fi116_1.jpg","contentUrl":"https:\/\/holyland-olivewood.com\/wp-content\/uploads\/2022\/09\/olive_wood_the_ark_of_the_covenant_fi116_1.jpg","width":1550,"height":1200},{"@type":"BreadcrumbList","@id":"https:\/\/holyland-olivewood.com\/de\/produkt\/olivenholz-die-arke-des-bundes-fi116\/#breadcrumb","itemListElement":[{"@type":"ListItem","position":1,"name":"Home","item":"https:\/\/holyland-olivewood.com\/de\/home\/"},{"@type":"ListItem","position":2,"name":"Alle Produkte ansehen","item":"https:\/\/holyland-olivewood.com\/de\/shop\/"},{"@type":"ListItem","position":3,"name":"Olivenholz Die Bundeslade #FI116"}]},{"@type":"WebSite","@id":"https:\/\/holyland-olivewood.com\/de\/#website","url":"https:\/\/holyland-olivewood.com\/de\/","name":"Holy Land Olive Wood - Bethlehem Olive Wood Factory","description":"Holy Land Olivewood Bethlehem","publisher":{"@id":"https:\/\/holyland-olivewood.com\/de\/#organization"},"potentialAction":[{"@type":"SearchAction","target":{"@type":"EntryPoint","urlTemplate":"https:\/\/holyland-olivewood.com\/de\/?s={search_term_string}"},"query-input":{"@type":"PropertyValueSpecification","valueRequired":true,"valueName":"search_term_string"}}],"inLanguage":"de"},{"@type":"Organization","@id":"https:\/\/holyland-olivewood.com\/de\/#organization","name":"Holy Land Olivewood","url":"https:\/\/holyland-olivewood.com\/de\/","logo":{"@type":"ImageObject","inLanguage":"de","@id":"https:\/\/holyland-olivewood.com\/de\/#\/schema\/logo\/image\/","url":"","contentUrl":"","caption":"Holy Land Olivewood"},"image":{"@id":"https:\/\/holyland-olivewood.com\/de\/#\/schema\/logo\/image\/"},"sameAs":["https:\/\/www.facebook.com\/holylandolivewood.bethlehem\/","http:\/\/instagram.com\/holy.land.olive.wood"]}]}},"_links":{"self":[{"href":"https:\/\/holyland-olivewood.com\/de\/wp-json\/wp\/v2\/product\/52767","targetHints":{"allow":["GET"]}}],"collection":[{"href":"https:\/\/holyland-olivewood.com\/de\/wp-json\/wp\/v2\/product"}],"about":[{"href":"https:\/\/holyland-olivewood.com\/de\/wp-json\/wp\/v2\/types\/product"}],"replies":[{"embeddable":true,"href":"https:\/\/holyland-olivewood.com\/de\/wp-json\/wp\/v2\/comments?post=52767"}],"version-history":[{"count":0,"href":"https:\/\/holyland-olivewood.com\/de\/wp-json\/wp\/v2\/product\/52767\/revisions"}],"wp:featuredmedia":[{"embeddable":true,"href":"https:\/\/holyland-olivewood.com\/de\/wp-json\/wp\/v2\/media\/52768"}],"wp:attachment":[{"href":"https:\/\/holyland-olivewood.com\/de\/wp-json\/wp\/v2\/media?parent=52767"}],"wp:term":[{"taxonomy":"product_brand","embeddable":true,"href":"https:\/\/holyland-olivewood.com\/de\/wp-json\/wp\/v2\/product_brand?post=52767"},{"taxonomy":"product_cat","embeddable":true,"href":"https:\/\/holyland-olivewood.com\/de\/wp-json\/wp\/v2\/product_cat?post=52767"},{"taxonomy":"product_tag","embeddable":true,"href":"https:\/\/holyland-olivewood.com\/de\/wp-json\/wp\/v2\/product_tag?post=52767"}],"curies":[{"name":"wp","href":"https:\/\/api.w.org\/{rel}","templated":true}]}}