{"id":51959,"date":"2022-05-27T11:58:09","date_gmt":"2022-05-31T15:41:54","guid":{"rendered":"https:\/\/holyland-olivewood.com\/product\/1%e2%80%b3-dicke-olivenholzplatte-5%e2%80%b3-x-24%e2%80%b3-s148\/"},"modified":"2022-05-31T15:41:54","modified_gmt":"2022-05-31T15:41:54","slug":"1%e2%80%b3-dicke-olivenholzplatte-5%e2%80%b3-x-24%e2%80%b3-s148","status":"publish","type":"product","link":"https:\/\/holyland-olivewood.com\/de\/produkt\/1%e2%80%b3-dicke-olivenholzplatte-5%e2%80%b3-x-24%e2%80%b3-s148\/","title":{"rendered":"1\u2033 Dicke Olivenholzplatte (5\u2033 x 24\u2033) #S148"},"content":{"rendered":"","protected":false},"excerpt":{"rendered":"<p>Diese pr\u00e4zisionsgeschnittenen, in voller L\u00e4nge verbundenen Platten werden im Heiligen Land aus nachhaltig geerntetem, authentischem Bethlehem-Olivenholz handgefertigt. Sie werden von Hand ausgew\u00e4hlt, um sicherzustellen, dass sie das Herz des Olivenholzes zur Geltung bringen, das f\u00fcr seine stark kontrastierende Maserung bekannt ist. Alle unsere Platten sind frei von Rissen oder M\u00e4ngeln jeglicher Art und k\u00f6nnen f\u00fcr die Herstellung einer Vielzahl von Artikeln verwendet werden.<br \/>\nDieser Artikel enth\u00e4lt ein Echtheitszertifikat, das die zur Herstellung dieses Produkts verwendeten Materialien und Techniken best\u00e4tigt.<\/p>\n<p>Gr\u00f6\u00dfe: 2,5 cm x 12,5 cm x 61 cm (1\u2033 x 5\u2033 x 24\u2033)<\/p>\n","protected":false},"featured_media":51960,"comment_status":"closed","ping_status":"closed","template":"","meta":[],"product_brand":[],"product_cat":[1546,1545],"product_tag":[],"class_list":{"0":"post-51959","1":"product","2":"type-product","3":"status-publish","4":"has-post-thumbnail","6":"product_cat-olivenholz","7":"product_cat-scheiben","9":"first","10":"outofstock","11":"shipping-taxable","12":"purchasable","13":"product-type-simple"},"yoast_head":"<!-- This site is optimized with the Yoast SEO plugin v27.4 - https:\/\/yoast.com\/product\/yoast-seo-wordpress\/ -->\n<title>1\u2033 Dicke Olivenholzplatte (5\u2033 x 24\u2033) #S148 - Holy Land Olive Wood - Bethlehem Olive Wood Factory<\/title>\n<meta name=\"description\" content=\"Kunsthandwerk aus Bethlehem-Olivenholz (Rosenkr\u00e4nze, K\u00fcchengeschirr, Krippen, Sets, Perlen), Stiftrohlinge, Schnitzereien, Platten, Bl\u00f6cke und Rohmaterial in Standard- und kundenspezifischen Abmessungen.\" \/>\n<meta name=\"robots\" content=\"index, follow, max-snippet:-1, max-image-preview:large, max-video-preview:-1\" \/>\n<link rel=\"canonical\" href=\"https:\/\/holyland-olivewood.com\/de\/produkt\/1%e2%80%b3-dicke-olivenholzplatte-5%e2%80%b3-x-24%e2%80%b3-s148\/\" \/>\n<meta property=\"og:locale\" content=\"de_DE\" \/>\n<meta property=\"og:type\" content=\"article\" \/>\n<meta property=\"og:title\" content=\"1\u2033 Dicke Olivenholzplatte (5\u2033 x 24\u2033) #S148 - Holy Land Olive Wood - Bethlehem Olive Wood Factory\" \/>\n<meta property=\"og:description\" content=\"Kunsthandwerk aus Bethlehem-Olivenholz (Rosenkr\u00e4nze, K\u00fcchengeschirr, Krippen, Sets, Perlen), Stiftrohlinge, Schnitzereien, Platten, Bl\u00f6cke und Rohmaterial in Standard- und kundenspezifischen Abmessungen.\" \/>\n<meta property=\"og:url\" content=\"https:\/\/holyland-olivewood.com\/de\/produkt\/1%e2%80%b3-dicke-olivenholzplatte-5%e2%80%b3-x-24%e2%80%b3-s148\/\" \/>\n<meta property=\"og:site_name\" content=\"Holy Land Olive Wood - Bethlehem Olive Wood Factory\" \/>\n<meta property=\"article:publisher\" content=\"https:\/\/www.facebook.com\/holylandolivewood.bethlehem\/\" \/>\n<meta property=\"og:image\" content=\"https:\/\/holyland-olivewood.com\/wp-content\/uploads\/2022\/05\/slabs_holy_land_olive_wood_bethlehem_s148_3-2.jpg\" \/>\n\t<meta property=\"og:image:width\" content=\"1550\" \/>\n\t<meta property=\"og:image:height\" content=\"1200\" \/>\n\t<meta property=\"og:image:type\" content=\"image\/jpeg\" \/>\n<meta name=\"twitter:card\" content=\"summary_large_image\" \/>\n<script type=\"application\/ld+json\" class=\"yoast-schema-graph\">{\"@context\":\"https:\\\/\\\/schema.org\",\"@graph\":[{\"@type\":\"WebPage\",\"@id\":\"https:\\\/\\\/holyland-olivewood.com\\\/de\\\/produkt\\\/1%e2%80%b3-dicke-olivenholzplatte-5%e2%80%b3-x-24%e2%80%b3-s148\\\/\",\"url\":\"https:\\\/\\\/holyland-olivewood.com\\\/de\\\/produkt\\\/1%e2%80%b3-dicke-olivenholzplatte-5%e2%80%b3-x-24%e2%80%b3-s148\\\/\",\"name\":\"1\u2033 Dicke Olivenholzplatte (5\u2033 x 24\u2033) #S148 - Holy Land Olive Wood - Bethlehem Olive Wood Factory\",\"isPartOf\":{\"@id\":\"https:\\\/\\\/holyland-olivewood.com\\\/de\\\/#website\"},\"primaryImageOfPage\":{\"@id\":\"https:\\\/\\\/holyland-olivewood.com\\\/de\\\/produkt\\\/1%e2%80%b3-dicke-olivenholzplatte-5%e2%80%b3-x-24%e2%80%b3-s148\\\/#primaryimage\"},\"image\":{\"@id\":\"https:\\\/\\\/holyland-olivewood.com\\\/de\\\/produkt\\\/1%e2%80%b3-dicke-olivenholzplatte-5%e2%80%b3-x-24%e2%80%b3-s148\\\/#primaryimage\"},\"thumbnailUrl\":\"https:\\\/\\\/holyland-olivewood.com\\\/wp-content\\\/uploads\\\/2022\\\/05\\\/slabs_holy_land_olive_wood_bethlehem_s148_3-2.jpg\",\"datePublished\":\"2022-05-31T15:41:54+00:00\",\"description\":\"Kunsthandwerk aus Bethlehem-Olivenholz (Rosenkr\u00e4nze, K\u00fcchengeschirr, Krippen, Sets, Perlen), Stiftrohlinge, Schnitzereien, Platten, Bl\u00f6cke und Rohmaterial in Standard- und kundenspezifischen Abmessungen.\",\"breadcrumb\":{\"@id\":\"https:\\\/\\\/holyland-olivewood.com\\\/de\\\/produkt\\\/1%e2%80%b3-dicke-olivenholzplatte-5%e2%80%b3-x-24%e2%80%b3-s148\\\/#breadcrumb\"},\"inLanguage\":\"de\",\"potentialAction\":[{\"@type\":\"ReadAction\",\"target\":[\"https:\\\/\\\/holyland-olivewood.com\\\/de\\\/produkt\\\/1%e2%80%b3-dicke-olivenholzplatte-5%e2%80%b3-x-24%e2%80%b3-s148\\\/\"]}]},{\"@type\":\"ImageObject\",\"inLanguage\":\"de\",\"@id\":\"https:\\\/\\\/holyland-olivewood.com\\\/de\\\/produkt\\\/1%e2%80%b3-dicke-olivenholzplatte-5%e2%80%b3-x-24%e2%80%b3-s148\\\/#primaryimage\",\"url\":\"https:\\\/\\\/holyland-olivewood.com\\\/wp-content\\\/uploads\\\/2022\\\/05\\\/slabs_holy_land_olive_wood_bethlehem_s148_3-2.jpg\",\"contentUrl\":\"https:\\\/\\\/holyland-olivewood.com\\\/wp-content\\\/uploads\\\/2022\\\/05\\\/slabs_holy_land_olive_wood_bethlehem_s148_3-2.jpg\",\"width\":1550,\"height\":1200},{\"@type\":\"BreadcrumbList\",\"@id\":\"https:\\\/\\\/holyland-olivewood.com\\\/de\\\/produkt\\\/1%e2%80%b3-dicke-olivenholzplatte-5%e2%80%b3-x-24%e2%80%b3-s148\\\/#breadcrumb\",\"itemListElement\":[{\"@type\":\"ListItem\",\"position\":1,\"name\":\"Home\",\"item\":\"https:\\\/\\\/holyland-olivewood.com\\\/de\\\/home\\\/\"},{\"@type\":\"ListItem\",\"position\":2,\"name\":\"Alle Produkte ansehen\",\"item\":\"https:\\\/\\\/holyland-olivewood.com\\\/de\\\/shop\\\/\"},{\"@type\":\"ListItem\",\"position\":3,\"name\":\"1\u2033 Dicke Olivenholzplatte (5\u2033 x 24\u2033) #S148\"}]},{\"@type\":\"WebSite\",\"@id\":\"https:\\\/\\\/holyland-olivewood.com\\\/de\\\/#website\",\"url\":\"https:\\\/\\\/holyland-olivewood.com\\\/de\\\/\",\"name\":\"Holy Land Olive Wood - Bethlehem Olive Wood Factory\",\"description\":\"Holy Land Olivewood Bethlehem\",\"publisher\":{\"@id\":\"https:\\\/\\\/holyland-olivewood.com\\\/de\\\/#organization\"},\"potentialAction\":[{\"@type\":\"SearchAction\",\"target\":{\"@type\":\"EntryPoint\",\"urlTemplate\":\"https:\\\/\\\/holyland-olivewood.com\\\/de\\\/?s={search_term_string}\"},\"query-input\":{\"@type\":\"PropertyValueSpecification\",\"valueRequired\":true,\"valueName\":\"search_term_string\"}}],\"inLanguage\":\"de\"},{\"@type\":\"Organization\",\"@id\":\"https:\\\/\\\/holyland-olivewood.com\\\/de\\\/#organization\",\"name\":\"Holy Land Olivewood\",\"url\":\"https:\\\/\\\/holyland-olivewood.com\\\/de\\\/\",\"logo\":{\"@type\":\"ImageObject\",\"inLanguage\":\"de\",\"@id\":\"https:\\\/\\\/holyland-olivewood.com\\\/de\\\/#\\\/schema\\\/logo\\\/image\\\/\",\"url\":\"\",\"contentUrl\":\"\",\"caption\":\"Holy Land Olivewood\"},\"image\":{\"@id\":\"https:\\\/\\\/holyland-olivewood.com\\\/de\\\/#\\\/schema\\\/logo\\\/image\\\/\"},\"sameAs\":[\"https:\\\/\\\/www.facebook.com\\\/holylandolivewood.bethlehem\\\/\",\"http:\\\/\\\/instagram.com\\\/holy.land.olive.wood\"]}]}<\/script>\n<!-- \/ Yoast SEO plugin. -->","yoast_head_json":{"title":"1\u2033 Dicke Olivenholzplatte (5\u2033 x 24\u2033) #S148 - Holy Land Olive Wood - Bethlehem Olive Wood Factory","description":"Kunsthandwerk aus Bethlehem-Olivenholz (Rosenkr\u00e4nze, K\u00fcchengeschirr, Krippen, Sets, Perlen), Stiftrohlinge, Schnitzereien, Platten, Bl\u00f6cke und Rohmaterial in Standard- und kundenspezifischen Abmessungen.","robots":{"index":"index","follow":"follow","max-snippet":"max-snippet:-1","max-image-preview":"max-image-preview:large","max-video-preview":"max-video-preview:-1"},"canonical":"https:\/\/holyland-olivewood.com\/de\/produkt\/1%e2%80%b3-dicke-olivenholzplatte-5%e2%80%b3-x-24%e2%80%b3-s148\/","og_locale":"de_DE","og_type":"article","og_title":"1\u2033 Dicke Olivenholzplatte (5\u2033 x 24\u2033) #S148 - Holy Land Olive Wood - Bethlehem Olive Wood Factory","og_description":"Kunsthandwerk aus Bethlehem-Olivenholz (Rosenkr\u00e4nze, K\u00fcchengeschirr, Krippen, Sets, Perlen), Stiftrohlinge, Schnitzereien, Platten, Bl\u00f6cke und Rohmaterial in Standard- und kundenspezifischen Abmessungen.","og_url":"https:\/\/holyland-olivewood.com\/de\/produkt\/1%e2%80%b3-dicke-olivenholzplatte-5%e2%80%b3-x-24%e2%80%b3-s148\/","og_site_name":"Holy Land Olive Wood - Bethlehem Olive Wood Factory","article_publisher":"https:\/\/www.facebook.com\/holylandolivewood.bethlehem\/","og_image":[{"width":1550,"height":1200,"url":"https:\/\/holyland-olivewood.com\/wp-content\/uploads\/2022\/05\/slabs_holy_land_olive_wood_bethlehem_s148_3-2.jpg","type":"image\/jpeg"}],"twitter_card":"summary_large_image","schema":{"@context":"https:\/\/schema.org","@graph":[{"@type":"WebPage","@id":"https:\/\/holyland-olivewood.com\/de\/produkt\/1%e2%80%b3-dicke-olivenholzplatte-5%e2%80%b3-x-24%e2%80%b3-s148\/","url":"https:\/\/holyland-olivewood.com\/de\/produkt\/1%e2%80%b3-dicke-olivenholzplatte-5%e2%80%b3-x-24%e2%80%b3-s148\/","name":"1\u2033 Dicke Olivenholzplatte (5\u2033 x 24\u2033) #S148 - Holy Land Olive Wood - Bethlehem Olive Wood Factory","isPartOf":{"@id":"https:\/\/holyland-olivewood.com\/de\/#website"},"primaryImageOfPage":{"@id":"https:\/\/holyland-olivewood.com\/de\/produkt\/1%e2%80%b3-dicke-olivenholzplatte-5%e2%80%b3-x-24%e2%80%b3-s148\/#primaryimage"},"image":{"@id":"https:\/\/holyland-olivewood.com\/de\/produkt\/1%e2%80%b3-dicke-olivenholzplatte-5%e2%80%b3-x-24%e2%80%b3-s148\/#primaryimage"},"thumbnailUrl":"https:\/\/holyland-olivewood.com\/wp-content\/uploads\/2022\/05\/slabs_holy_land_olive_wood_bethlehem_s148_3-2.jpg","datePublished":"2022-05-31T15:41:54+00:00","description":"Kunsthandwerk aus Bethlehem-Olivenholz (Rosenkr\u00e4nze, K\u00fcchengeschirr, Krippen, Sets, Perlen), Stiftrohlinge, Schnitzereien, Platten, Bl\u00f6cke und Rohmaterial in Standard- und kundenspezifischen Abmessungen.","breadcrumb":{"@id":"https:\/\/holyland-olivewood.com\/de\/produkt\/1%e2%80%b3-dicke-olivenholzplatte-5%e2%80%b3-x-24%e2%80%b3-s148\/#breadcrumb"},"inLanguage":"de","potentialAction":[{"@type":"ReadAction","target":["https:\/\/holyland-olivewood.com\/de\/produkt\/1%e2%80%b3-dicke-olivenholzplatte-5%e2%80%b3-x-24%e2%80%b3-s148\/"]}]},{"@type":"ImageObject","inLanguage":"de","@id":"https:\/\/holyland-olivewood.com\/de\/produkt\/1%e2%80%b3-dicke-olivenholzplatte-5%e2%80%b3-x-24%e2%80%b3-s148\/#primaryimage","url":"https:\/\/holyland-olivewood.com\/wp-content\/uploads\/2022\/05\/slabs_holy_land_olive_wood_bethlehem_s148_3-2.jpg","contentUrl":"https:\/\/holyland-olivewood.com\/wp-content\/uploads\/2022\/05\/slabs_holy_land_olive_wood_bethlehem_s148_3-2.jpg","width":1550,"height":1200},{"@type":"BreadcrumbList","@id":"https:\/\/holyland-olivewood.com\/de\/produkt\/1%e2%80%b3-dicke-olivenholzplatte-5%e2%80%b3-x-24%e2%80%b3-s148\/#breadcrumb","itemListElement":[{"@type":"ListItem","position":1,"name":"Home","item":"https:\/\/holyland-olivewood.com\/de\/home\/"},{"@type":"ListItem","position":2,"name":"Alle Produkte ansehen","item":"https:\/\/holyland-olivewood.com\/de\/shop\/"},{"@type":"ListItem","position":3,"name":"1\u2033 Dicke Olivenholzplatte (5\u2033 x 24\u2033) #S148"}]},{"@type":"WebSite","@id":"https:\/\/holyland-olivewood.com\/de\/#website","url":"https:\/\/holyland-olivewood.com\/de\/","name":"Holy Land Olive Wood - Bethlehem Olive Wood Factory","description":"Holy Land Olivewood Bethlehem","publisher":{"@id":"https:\/\/holyland-olivewood.com\/de\/#organization"},"potentialAction":[{"@type":"SearchAction","target":{"@type":"EntryPoint","urlTemplate":"https:\/\/holyland-olivewood.com\/de\/?s={search_term_string}"},"query-input":{"@type":"PropertyValueSpecification","valueRequired":true,"valueName":"search_term_string"}}],"inLanguage":"de"},{"@type":"Organization","@id":"https:\/\/holyland-olivewood.com\/de\/#organization","name":"Holy Land Olivewood","url":"https:\/\/holyland-olivewood.com\/de\/","logo":{"@type":"ImageObject","inLanguage":"de","@id":"https:\/\/holyland-olivewood.com\/de\/#\/schema\/logo\/image\/","url":"","contentUrl":"","caption":"Holy Land Olivewood"},"image":{"@id":"https:\/\/holyland-olivewood.com\/de\/#\/schema\/logo\/image\/"},"sameAs":["https:\/\/www.facebook.com\/holylandolivewood.bethlehem\/","http:\/\/instagram.com\/holy.land.olive.wood"]}]}},"_links":{"self":[{"href":"https:\/\/holyland-olivewood.com\/de\/wp-json\/wp\/v2\/product\/51959","targetHints":{"allow":["GET"]}}],"collection":[{"href":"https:\/\/holyland-olivewood.com\/de\/wp-json\/wp\/v2\/product"}],"about":[{"href":"https:\/\/holyland-olivewood.com\/de\/wp-json\/wp\/v2\/types\/product"}],"replies":[{"embeddable":true,"href":"https:\/\/holyland-olivewood.com\/de\/wp-json\/wp\/v2\/comments?post=51959"}],"version-history":[{"count":0,"href":"https:\/\/holyland-olivewood.com\/de\/wp-json\/wp\/v2\/product\/51959\/revisions"}],"wp:featuredmedia":[{"embeddable":true,"href":"https:\/\/holyland-olivewood.com\/de\/wp-json\/wp\/v2\/media\/51960"}],"wp:attachment":[{"href":"https:\/\/holyland-olivewood.com\/de\/wp-json\/wp\/v2\/media?parent=51959"}],"wp:term":[{"taxonomy":"product_brand","embeddable":true,"href":"https:\/\/holyland-olivewood.com\/de\/wp-json\/wp\/v2\/product_brand?post=51959"},{"taxonomy":"product_cat","embeddable":true,"href":"https:\/\/holyland-olivewood.com\/de\/wp-json\/wp\/v2\/product_cat?post=51959"},{"taxonomy":"product_tag","embeddable":true,"href":"https:\/\/holyland-olivewood.com\/de\/wp-json\/wp\/v2\/product_tag?post=51959"}],"curies":[{"name":"wp","href":"https:\/\/api.w.org\/{rel}","templated":true}]}}