{"id":47069,"date":"2016-05-30T17:32:36","date_gmt":"2016-05-30T17:32:36","guid":{"rendered":"https:\/\/holyland-olivewood.com\/product\/olivenholz-log-15-x-15-x-8-l103\/"},"modified":"2025-08-22T11:37:42","modified_gmt":"2025-08-22T11:37:42","slug":"olivenholz-rundholz-1-5-x-1-5-x-8","status":"publish","type":"product","link":"https:\/\/holyland-olivewood.com\/de\/produkt\/olivenholz-rundholz-1-5-x-1-5-x-8\/","title":{"rendered":"Olivenholz-Block (1,5&#8243; x 1,5&#8243; x 8&#8243;) #L103"},"content":{"rendered":"","protected":false},"excerpt":{"rendered":"<p>Diese rohen Bethlehemer Olivenholzst\u00e4mme werden nachhaltig aus den Olivenhainen in den umliegenden H\u00fcgeln von Bethlehem w\u00e4hrend der j\u00e4hrlichen Beschneidungssaison gewonnen und vor dem Versand mindestens ein Jahr lang zum Trocknen gelagert, so dass sie f\u00fcr die Holzbearbeitung bereit sind.<\/p>\n<p>Dieser Artikel enth\u00e4lt ein Echtheitszertifikat, das die f\u00fcr die Herstellung dieses Produkts verwendeten Materialien und Techniken best\u00e4tigt.<\/p>\n<p>Gr\u00f6\u00dfe: 4 cm x 4 cm x 20,5 cm (1,5\u2033 x 1,5\u2033 x 8\u2033)<\/p>\n","protected":false},"featured_media":27588,"comment_status":"closed","ping_status":"closed","template":"","meta":[],"product_brand":[],"product_cat":[3884,1546],"product_tag":[1551,1557,1550,1562,1555,1558,1547,1188,1560,1563,1561,1552,1548,1556,807,1553,1554,1549,1559,816],"class_list":{"0":"post-47069","1":"product","2":"type-product","3":"status-publish","4":"has-post-thumbnail","6":"product_cat-baumstamme","7":"product_cat-olivenholz","8":"product_tag-ausrustungen","9":"product_tag-baumstamme","10":"product_tag-bausatz","11":"product_tag-bethlehem-jerusalem-de","12":"product_tag-block-de","13":"product_tag-diy-de","14":"product_tag-feder","15":"product_tag-haandlavet-de","16":"product_tag-handwerk","17":"product_tag-heiliges-land","18":"product_tag-kunsthandwerk","19":"product_tag-leer","20":"product_tag-leerzeichen","21":"product_tag-log-de","22":"product_tag-oliv","23":"product_tag-platte","24":"product_tag-scheiben","25":"product_tag-schussel","26":"product_tag-selbstgemacht","27":"product_tag-trae-de","29":"first","30":"instock","31":"shipping-taxable","32":"purchasable","33":"product-type-simple"},"yoast_head":"<!-- This site is optimized with the Yoast SEO plugin v27.3 - https:\/\/yoast.com\/product\/yoast-seo-wordpress\/ -->\n<title>Olivenholz-Block (1,5&quot; x 1,5&quot; x 8&quot;) #L103 - Holy Land Olive Wood - Bethlehem Olive Wood Factory<\/title>\n<meta name=\"description\" content=\"Kunsthandwerk aus Bethlehem-Olivenholz (z.B. Baumst\u00e4mme, K\u00fcchenger\u00e4te, Krippen, Sets, Perlen), Schnitzereien, Platten, Bl\u00f6cke und Rohmaterial in Standard- und kundenspezifischen Abmessungen.\" \/>\n<meta name=\"robots\" content=\"index, follow, max-snippet:-1, max-image-preview:large, max-video-preview:-1\" \/>\n<link rel=\"canonical\" href=\"https:\/\/holyland-olivewood.com\/de\/produkt\/olivenholz-rundholz-1-5-x-1-5-x-8\/\" \/>\n<meta property=\"og:locale\" content=\"de_DE\" \/>\n<meta property=\"og:type\" content=\"article\" \/>\n<meta property=\"og:title\" content=\"Olivenholz-Block (1,5&quot; x 1,5&quot; x 8&quot;) #L103 - Holy Land Olive Wood - Bethlehem Olive Wood Factory\" \/>\n<meta property=\"og:description\" content=\"Kunsthandwerk aus Bethlehem-Olivenholz (z.B. Baumst\u00e4mme, K\u00fcchenger\u00e4te, Krippen, Sets, Perlen), Schnitzereien, Platten, Bl\u00f6cke und Rohmaterial in Standard- und kundenspezifischen Abmessungen.\" \/>\n<meta property=\"og:url\" content=\"https:\/\/holyland-olivewood.com\/de\/produkt\/olivenholz-rundholz-1-5-x-1-5-x-8\/\" \/>\n<meta property=\"og:site_name\" content=\"Holy Land Olive Wood - Bethlehem Olive Wood Factory\" \/>\n<meta property=\"article:publisher\" content=\"https:\/\/www.facebook.com\/holylandolivewood.bethlehem\/\" \/>\n<meta property=\"article:modified_time\" content=\"2025-08-22T11:37:42+00:00\" \/>\n<meta property=\"og:image\" content=\"https:\/\/holyland-olivewood.com\/wp-content\/uploads\/2016\/05\/logs_holy_land_olive_wood_bethlehem.jpg\" \/>\n\t<meta property=\"og:image:width\" content=\"1550\" \/>\n\t<meta property=\"og:image:height\" content=\"1200\" \/>\n\t<meta property=\"og:image:type\" content=\"image\/jpeg\" \/>\n<meta name=\"twitter:card\" content=\"summary_large_image\" \/>\n<script type=\"application\/ld+json\" class=\"yoast-schema-graph\">{\"@context\":\"https:\\\/\\\/schema.org\",\"@graph\":[{\"@type\":\"WebPage\",\"@id\":\"https:\\\/\\\/holyland-olivewood.com\\\/de\\\/produkt\\\/olivenholz-rundholz-1-5-x-1-5-x-8\\\/\",\"url\":\"https:\\\/\\\/holyland-olivewood.com\\\/de\\\/produkt\\\/olivenholz-rundholz-1-5-x-1-5-x-8\\\/\",\"name\":\"Olivenholz-Block (1,5\\\" x 1,5\\\" x 8\\\") #L103 - Holy Land Olive Wood - Bethlehem Olive Wood Factory\",\"isPartOf\":{\"@id\":\"https:\\\/\\\/holyland-olivewood.com\\\/de\\\/#website\"},\"primaryImageOfPage\":{\"@id\":\"https:\\\/\\\/holyland-olivewood.com\\\/de\\\/produkt\\\/olivenholz-rundholz-1-5-x-1-5-x-8\\\/#primaryimage\"},\"image\":{\"@id\":\"https:\\\/\\\/holyland-olivewood.com\\\/de\\\/produkt\\\/olivenholz-rundholz-1-5-x-1-5-x-8\\\/#primaryimage\"},\"thumbnailUrl\":\"https:\\\/\\\/holyland-olivewood.com\\\/wp-content\\\/uploads\\\/2016\\\/05\\\/logs_holy_land_olive_wood_bethlehem.jpg\",\"datePublished\":\"2016-05-30T17:32:36+00:00\",\"dateModified\":\"2025-08-22T11:37:42+00:00\",\"description\":\"Kunsthandwerk aus Bethlehem-Olivenholz (z.B. Baumst\u00e4mme, K\u00fcchenger\u00e4te, Krippen, Sets, Perlen), Schnitzereien, Platten, Bl\u00f6cke und Rohmaterial in Standard- und kundenspezifischen Abmessungen.\",\"breadcrumb\":{\"@id\":\"https:\\\/\\\/holyland-olivewood.com\\\/de\\\/produkt\\\/olivenholz-rundholz-1-5-x-1-5-x-8\\\/#breadcrumb\"},\"inLanguage\":\"de\",\"potentialAction\":[{\"@type\":\"ReadAction\",\"target\":[\"https:\\\/\\\/holyland-olivewood.com\\\/de\\\/produkt\\\/olivenholz-rundholz-1-5-x-1-5-x-8\\\/\"]}]},{\"@type\":\"ImageObject\",\"inLanguage\":\"de\",\"@id\":\"https:\\\/\\\/holyland-olivewood.com\\\/de\\\/produkt\\\/olivenholz-rundholz-1-5-x-1-5-x-8\\\/#primaryimage\",\"url\":\"https:\\\/\\\/holyland-olivewood.com\\\/wp-content\\\/uploads\\\/2016\\\/05\\\/logs_holy_land_olive_wood_bethlehem.jpg\",\"contentUrl\":\"https:\\\/\\\/holyland-olivewood.com\\\/wp-content\\\/uploads\\\/2016\\\/05\\\/logs_holy_land_olive_wood_bethlehem.jpg\",\"width\":1550,\"height\":1200},{\"@type\":\"BreadcrumbList\",\"@id\":\"https:\\\/\\\/holyland-olivewood.com\\\/de\\\/produkt\\\/olivenholz-rundholz-1-5-x-1-5-x-8\\\/#breadcrumb\",\"itemListElement\":[{\"@type\":\"ListItem\",\"position\":1,\"name\":\"Home\",\"item\":\"https:\\\/\\\/holyland-olivewood.com\\\/de\\\/home\\\/\"},{\"@type\":\"ListItem\",\"position\":2,\"name\":\"Alle Produkte ansehen\",\"item\":\"https:\\\/\\\/holyland-olivewood.com\\\/de\\\/shop\\\/\"},{\"@type\":\"ListItem\",\"position\":3,\"name\":\"Olivenholz-Block (1,5&#8243; x 1,5&#8243; x 8&#8243;) #L103\"}]},{\"@type\":\"WebSite\",\"@id\":\"https:\\\/\\\/holyland-olivewood.com\\\/de\\\/#website\",\"url\":\"https:\\\/\\\/holyland-olivewood.com\\\/de\\\/\",\"name\":\"Holy Land Olive Wood - Bethlehem Olive Wood Factory\",\"description\":\"Holy Land Olivewood Bethlehem\",\"publisher\":{\"@id\":\"https:\\\/\\\/holyland-olivewood.com\\\/de\\\/#organization\"},\"potentialAction\":[{\"@type\":\"SearchAction\",\"target\":{\"@type\":\"EntryPoint\",\"urlTemplate\":\"https:\\\/\\\/holyland-olivewood.com\\\/de\\\/?s={search_term_string}\"},\"query-input\":{\"@type\":\"PropertyValueSpecification\",\"valueRequired\":true,\"valueName\":\"search_term_string\"}}],\"inLanguage\":\"de\"},{\"@type\":\"Organization\",\"@id\":\"https:\\\/\\\/holyland-olivewood.com\\\/de\\\/#organization\",\"name\":\"Holy Land Olivewood\",\"url\":\"https:\\\/\\\/holyland-olivewood.com\\\/de\\\/\",\"logo\":{\"@type\":\"ImageObject\",\"inLanguage\":\"de\",\"@id\":\"https:\\\/\\\/holyland-olivewood.com\\\/de\\\/#\\\/schema\\\/logo\\\/image\\\/\",\"url\":\"\",\"contentUrl\":\"\",\"caption\":\"Holy Land Olivewood\"},\"image\":{\"@id\":\"https:\\\/\\\/holyland-olivewood.com\\\/de\\\/#\\\/schema\\\/logo\\\/image\\\/\"},\"sameAs\":[\"https:\\\/\\\/www.facebook.com\\\/holylandolivewood.bethlehem\\\/\",\"http:\\\/\\\/instagram.com\\\/holy.land.olive.wood\"]}]}<\/script>\n<!-- \/ Yoast SEO plugin. -->","yoast_head_json":{"title":"Olivenholz-Block (1,5\" x 1,5\" x 8\") #L103 - Holy Land Olive Wood - Bethlehem Olive Wood Factory","description":"Kunsthandwerk aus Bethlehem-Olivenholz (z.B. Baumst\u00e4mme, K\u00fcchenger\u00e4te, Krippen, Sets, Perlen), Schnitzereien, Platten, Bl\u00f6cke und Rohmaterial in Standard- und kundenspezifischen Abmessungen.","robots":{"index":"index","follow":"follow","max-snippet":"max-snippet:-1","max-image-preview":"max-image-preview:large","max-video-preview":"max-video-preview:-1"},"canonical":"https:\/\/holyland-olivewood.com\/de\/produkt\/olivenholz-rundholz-1-5-x-1-5-x-8\/","og_locale":"de_DE","og_type":"article","og_title":"Olivenholz-Block (1,5\" x 1,5\" x 8\") #L103 - Holy Land Olive Wood - Bethlehem Olive Wood Factory","og_description":"Kunsthandwerk aus Bethlehem-Olivenholz (z.B. Baumst\u00e4mme, K\u00fcchenger\u00e4te, Krippen, Sets, Perlen), Schnitzereien, Platten, Bl\u00f6cke und Rohmaterial in Standard- und kundenspezifischen Abmessungen.","og_url":"https:\/\/holyland-olivewood.com\/de\/produkt\/olivenholz-rundholz-1-5-x-1-5-x-8\/","og_site_name":"Holy Land Olive Wood - Bethlehem Olive Wood Factory","article_publisher":"https:\/\/www.facebook.com\/holylandolivewood.bethlehem\/","article_modified_time":"2025-08-22T11:37:42+00:00","og_image":[{"width":1550,"height":1200,"url":"https:\/\/holyland-olivewood.com\/wp-content\/uploads\/2016\/05\/logs_holy_land_olive_wood_bethlehem.jpg","type":"image\/jpeg"}],"twitter_card":"summary_large_image","schema":{"@context":"https:\/\/schema.org","@graph":[{"@type":"WebPage","@id":"https:\/\/holyland-olivewood.com\/de\/produkt\/olivenholz-rundholz-1-5-x-1-5-x-8\/","url":"https:\/\/holyland-olivewood.com\/de\/produkt\/olivenholz-rundholz-1-5-x-1-5-x-8\/","name":"Olivenholz-Block (1,5\" x 1,5\" x 8\") #L103 - Holy Land Olive Wood - Bethlehem Olive Wood Factory","isPartOf":{"@id":"https:\/\/holyland-olivewood.com\/de\/#website"},"primaryImageOfPage":{"@id":"https:\/\/holyland-olivewood.com\/de\/produkt\/olivenholz-rundholz-1-5-x-1-5-x-8\/#primaryimage"},"image":{"@id":"https:\/\/holyland-olivewood.com\/de\/produkt\/olivenholz-rundholz-1-5-x-1-5-x-8\/#primaryimage"},"thumbnailUrl":"https:\/\/holyland-olivewood.com\/wp-content\/uploads\/2016\/05\/logs_holy_land_olive_wood_bethlehem.jpg","datePublished":"2016-05-30T17:32:36+00:00","dateModified":"2025-08-22T11:37:42+00:00","description":"Kunsthandwerk aus Bethlehem-Olivenholz (z.B. Baumst\u00e4mme, K\u00fcchenger\u00e4te, Krippen, Sets, Perlen), Schnitzereien, Platten, Bl\u00f6cke und Rohmaterial in Standard- und kundenspezifischen Abmessungen.","breadcrumb":{"@id":"https:\/\/holyland-olivewood.com\/de\/produkt\/olivenholz-rundholz-1-5-x-1-5-x-8\/#breadcrumb"},"inLanguage":"de","potentialAction":[{"@type":"ReadAction","target":["https:\/\/holyland-olivewood.com\/de\/produkt\/olivenholz-rundholz-1-5-x-1-5-x-8\/"]}]},{"@type":"ImageObject","inLanguage":"de","@id":"https:\/\/holyland-olivewood.com\/de\/produkt\/olivenholz-rundholz-1-5-x-1-5-x-8\/#primaryimage","url":"https:\/\/holyland-olivewood.com\/wp-content\/uploads\/2016\/05\/logs_holy_land_olive_wood_bethlehem.jpg","contentUrl":"https:\/\/holyland-olivewood.com\/wp-content\/uploads\/2016\/05\/logs_holy_land_olive_wood_bethlehem.jpg","width":1550,"height":1200},{"@type":"BreadcrumbList","@id":"https:\/\/holyland-olivewood.com\/de\/produkt\/olivenholz-rundholz-1-5-x-1-5-x-8\/#breadcrumb","itemListElement":[{"@type":"ListItem","position":1,"name":"Home","item":"https:\/\/holyland-olivewood.com\/de\/home\/"},{"@type":"ListItem","position":2,"name":"Alle Produkte ansehen","item":"https:\/\/holyland-olivewood.com\/de\/shop\/"},{"@type":"ListItem","position":3,"name":"Olivenholz-Block (1,5&#8243; x 1,5&#8243; x 8&#8243;) #L103"}]},{"@type":"WebSite","@id":"https:\/\/holyland-olivewood.com\/de\/#website","url":"https:\/\/holyland-olivewood.com\/de\/","name":"Holy Land Olive Wood - Bethlehem Olive Wood Factory","description":"Holy Land Olivewood Bethlehem","publisher":{"@id":"https:\/\/holyland-olivewood.com\/de\/#organization"},"potentialAction":[{"@type":"SearchAction","target":{"@type":"EntryPoint","urlTemplate":"https:\/\/holyland-olivewood.com\/de\/?s={search_term_string}"},"query-input":{"@type":"PropertyValueSpecification","valueRequired":true,"valueName":"search_term_string"}}],"inLanguage":"de"},{"@type":"Organization","@id":"https:\/\/holyland-olivewood.com\/de\/#organization","name":"Holy Land Olivewood","url":"https:\/\/holyland-olivewood.com\/de\/","logo":{"@type":"ImageObject","inLanguage":"de","@id":"https:\/\/holyland-olivewood.com\/de\/#\/schema\/logo\/image\/","url":"","contentUrl":"","caption":"Holy Land Olivewood"},"image":{"@id":"https:\/\/holyland-olivewood.com\/de\/#\/schema\/logo\/image\/"},"sameAs":["https:\/\/www.facebook.com\/holylandolivewood.bethlehem\/","http:\/\/instagram.com\/holy.land.olive.wood"]}]}},"_links":{"self":[{"href":"https:\/\/holyland-olivewood.com\/de\/wp-json\/wp\/v2\/product\/47069","targetHints":{"allow":["GET"]}}],"collection":[{"href":"https:\/\/holyland-olivewood.com\/de\/wp-json\/wp\/v2\/product"}],"about":[{"href":"https:\/\/holyland-olivewood.com\/de\/wp-json\/wp\/v2\/types\/product"}],"replies":[{"embeddable":true,"href":"https:\/\/holyland-olivewood.com\/de\/wp-json\/wp\/v2\/comments?post=47069"}],"version-history":[{"count":1,"href":"https:\/\/holyland-olivewood.com\/de\/wp-json\/wp\/v2\/product\/47069\/revisions"}],"predecessor-version":[{"id":61685,"href":"https:\/\/holyland-olivewood.com\/de\/wp-json\/wp\/v2\/product\/47069\/revisions\/61685"}],"wp:featuredmedia":[{"embeddable":true,"href":"https:\/\/holyland-olivewood.com\/de\/wp-json\/wp\/v2\/media\/27588"}],"wp:attachment":[{"href":"https:\/\/holyland-olivewood.com\/de\/wp-json\/wp\/v2\/media?parent=47069"}],"wp:term":[{"taxonomy":"product_brand","embeddable":true,"href":"https:\/\/holyland-olivewood.com\/de\/wp-json\/wp\/v2\/product_brand?post=47069"},{"taxonomy":"product_cat","embeddable":true,"href":"https:\/\/holyland-olivewood.com\/de\/wp-json\/wp\/v2\/product_cat?post=47069"},{"taxonomy":"product_tag","embeddable":true,"href":"https:\/\/holyland-olivewood.com\/de\/wp-json\/wp\/v2\/product_tag?post=47069"}],"curies":[{"name":"wp","href":"https:\/\/api.w.org\/{rel}","templated":true}]}}