{"id":44999,"date":"2016-05-31T00:22:08","date_gmt":"2022-02-10T19:54:22","guid":{"rendered":"https:\/\/holyland-olivewood.com\/product\/olivenholz-spatel-ki112\/"},"modified":"2022-02-10T20:10:33","modified_gmt":"2022-02-10T20:10:33","slug":"olivenholz-spatel-2","status":"publish","type":"product","link":"https:\/\/holyland-olivewood.com\/de\/produkt\/olivenholz-spatel-2\/","title":{"rendered":"Olivenholz Spatel #KI112"},"content":{"rendered":"","protected":false},"excerpt":{"rendered":"<p>Dieser Spatel ist handgefertigt aus Olivenholz aus dem Heiligen Land Bethlehem. Das sch\u00f6ne blonde Holz weist die dunkleren Linien der Maserung auf, die \u00fcber die gesamte L\u00e4nge jedes Utensils gewirbelt werden. Dieses handgefertigte St\u00fcck, das nur unproduktive Olivenb\u00e4ume aus dem Heiligen Land verwendet, zeigt die atemberaubenden Maserungsmuster von rohem Olivenholz, frei von Jeglichen Zusatzstoffen oder Versiegelungen. Sein Oliven\u00f6l-Finish h\u00e4lt das Holz auf nat\u00fcrliche Weise mit Feuchtigkeit versorgt. Die Gabel ist handgeschnitzt, geschliffen und f\u00fcr den kulinarischen Gebrauch veredelt.<\/p>\n<p>Dieser Artikel enth\u00e4lt ein Echtheitszertifikat, das die zur Herstellung dieses Produkts verwendeten Materialien und Techniken \u00fcberpr\u00fcft.<\/p>\n<p>Gr\u00f6\u00dfe: 35 cm (13.75&#8243;)<\/p>\n","protected":false},"featured_media":33405,"comment_status":"closed","ping_status":"closed","template":"","meta":[],"product_brand":[],"product_cat":[2909,775],"product_tag":[3618,778,3622,3667,872,3652,3656,1217,1210,3660,1188,879,838,3099,852,844,865,2910,3648,887,3636,3640,3625,807,822,3628,3663,3632,3644,816,827,3098],"class_list":{"0":"post-44999","1":"product","2":"type-product","3":"status-publish","4":"has-post-thumbnail","6":"product_cat-kuchengeschirr","7":"product_cat-kunsthaandvaerk","8":"product_tag-abhackend","9":"product_tag-betlehem-de","10":"product_tag-brett","11":"product_tag-ergreifend","12":"product_tag-gab","13":"product_tag-gabel","14":"product_tag-gabeln","15":"product_tag-garnitur","16":"product_tag-geschenke","17":"product_tag-geschlitzt","18":"product_tag-haandlavet-de","19":"product_tag-haandvaerk","20":"product_tag-hellig-de","21":"product_tag-honig","22":"product_tag-jerusalem-de","23":"product_tag-jord-de","24":"product_tag-juli","25":"product_tag-kuchengeschirr","26":"product_tag-kult-de","27":"product_tag-kunsthaandvaerk","28":"product_tag-loffel","29":"product_tag-loffel-de","30":"product_tag-mortel-de","31":"product_tag-oliv","32":"product_tag-oliventrae-de","33":"product_tag-presse","34":"product_tag-salat-de","35":"product_tag-schopfloffel","36":"product_tag-spatel-de","37":"product_tag-trae-de","38":"product_tag-udskaering-de","39":"product_tag-zitrone","41":"first","42":"instock","43":"shipping-taxable","44":"purchasable","45":"product-type-simple"},"yoast_head":"<!-- This site is optimized with the Yoast SEO plugin v27.3 - https:\/\/yoast.com\/product\/yoast-seo-wordpress\/ -->\n<title>Olivenholz Spatel #KI112 - Holy Land Olive Wood - Bethlehem Olive Wood Factory<\/title>\n<meta name=\"description\" content=\"Bethlehem Olivenholz Kunsthandwerk (dh K\u00fcchenutensilien, L\u00f6ffel, Schneidebrett) Honigl\u00f6ffel, Spatel, Gabel, M\u00f6rtel und Rohmaterial in Standard- und kundenspezifischen Abmessungen\" \/>\n<meta name=\"robots\" content=\"index, follow, max-snippet:-1, max-image-preview:large, max-video-preview:-1\" \/>\n<link rel=\"canonical\" href=\"https:\/\/holyland-olivewood.com\/de\/produkt\/olivenholz-spatel-2\/\" \/>\n<meta property=\"og:locale\" content=\"de_DE\" \/>\n<meta property=\"og:type\" content=\"article\" \/>\n<meta property=\"og:title\" content=\"Olivenholz Spatel #KI112 - Holy Land Olive Wood - Bethlehem Olive Wood Factory\" \/>\n<meta property=\"og:description\" content=\"Bethlehem Olivenholz Kunsthandwerk (dh K\u00fcchenutensilien, L\u00f6ffel, Schneidebrett) Honigl\u00f6ffel, Spatel, Gabel, M\u00f6rtel und Rohmaterial in Standard- und kundenspezifischen Abmessungen\" \/>\n<meta property=\"og:url\" content=\"https:\/\/holyland-olivewood.com\/de\/produkt\/olivenholz-spatel-2\/\" \/>\n<meta property=\"og:site_name\" content=\"Holy Land Olive Wood - Bethlehem Olive Wood Factory\" \/>\n<meta property=\"article:publisher\" content=\"https:\/\/www.facebook.com\/holylandolivewood.bethlehem\/\" \/>\n<meta property=\"article:modified_time\" content=\"2022-02-10T20:10:33+00:00\" \/>\n<meta property=\"og:image\" content=\"https:\/\/holyland-olivewood.com\/wp-content\/uploads\/2016\/05\/kitchenware_holy_land_olive_wood_bethlehem_ki112.jpg\" \/>\n\t<meta property=\"og:image:width\" content=\"1550\" \/>\n\t<meta property=\"og:image:height\" content=\"1200\" \/>\n\t<meta property=\"og:image:type\" content=\"image\/jpeg\" \/>\n<meta name=\"twitter:card\" content=\"summary_large_image\" \/>\n<script type=\"application\/ld+json\" class=\"yoast-schema-graph\">{\"@context\":\"https:\\\/\\\/schema.org\",\"@graph\":[{\"@type\":\"WebPage\",\"@id\":\"https:\\\/\\\/holyland-olivewood.com\\\/de\\\/produkt\\\/olivenholz-spatel-2\\\/\",\"url\":\"https:\\\/\\\/holyland-olivewood.com\\\/de\\\/produkt\\\/olivenholz-spatel-2\\\/\",\"name\":\"Olivenholz Spatel #KI112 - Holy Land Olive Wood - Bethlehem Olive Wood Factory\",\"isPartOf\":{\"@id\":\"https:\\\/\\\/holyland-olivewood.com\\\/de\\\/#website\"},\"primaryImageOfPage\":{\"@id\":\"https:\\\/\\\/holyland-olivewood.com\\\/de\\\/produkt\\\/olivenholz-spatel-2\\\/#primaryimage\"},\"image\":{\"@id\":\"https:\\\/\\\/holyland-olivewood.com\\\/de\\\/produkt\\\/olivenholz-spatel-2\\\/#primaryimage\"},\"thumbnailUrl\":\"https:\\\/\\\/holyland-olivewood.com\\\/wp-content\\\/uploads\\\/2016\\\/05\\\/kitchenware_holy_land_olive_wood_bethlehem_ki112.jpg\",\"datePublished\":\"2022-02-10T19:54:22+00:00\",\"dateModified\":\"2022-02-10T20:10:33+00:00\",\"description\":\"Bethlehem Olivenholz Kunsthandwerk (dh K\u00fcchenutensilien, L\u00f6ffel, Schneidebrett) Honigl\u00f6ffel, Spatel, Gabel, M\u00f6rtel und Rohmaterial in Standard- und kundenspezifischen Abmessungen\",\"breadcrumb\":{\"@id\":\"https:\\\/\\\/holyland-olivewood.com\\\/de\\\/produkt\\\/olivenholz-spatel-2\\\/#breadcrumb\"},\"inLanguage\":\"de\",\"potentialAction\":[{\"@type\":\"ReadAction\",\"target\":[\"https:\\\/\\\/holyland-olivewood.com\\\/de\\\/produkt\\\/olivenholz-spatel-2\\\/\"]}]},{\"@type\":\"ImageObject\",\"inLanguage\":\"de\",\"@id\":\"https:\\\/\\\/holyland-olivewood.com\\\/de\\\/produkt\\\/olivenholz-spatel-2\\\/#primaryimage\",\"url\":\"https:\\\/\\\/holyland-olivewood.com\\\/wp-content\\\/uploads\\\/2016\\\/05\\\/kitchenware_holy_land_olive_wood_bethlehem_ki112.jpg\",\"contentUrl\":\"https:\\\/\\\/holyland-olivewood.com\\\/wp-content\\\/uploads\\\/2016\\\/05\\\/kitchenware_holy_land_olive_wood_bethlehem_ki112.jpg\",\"width\":1550,\"height\":1200},{\"@type\":\"BreadcrumbList\",\"@id\":\"https:\\\/\\\/holyland-olivewood.com\\\/de\\\/produkt\\\/olivenholz-spatel-2\\\/#breadcrumb\",\"itemListElement\":[{\"@type\":\"ListItem\",\"position\":1,\"name\":\"Home\",\"item\":\"https:\\\/\\\/holyland-olivewood.com\\\/de\\\/home\\\/\"},{\"@type\":\"ListItem\",\"position\":2,\"name\":\"Alle Produkte ansehen\",\"item\":\"https:\\\/\\\/holyland-olivewood.com\\\/de\\\/shop\\\/\"},{\"@type\":\"ListItem\",\"position\":3,\"name\":\"Olivenholz Spatel #KI112\"}]},{\"@type\":\"WebSite\",\"@id\":\"https:\\\/\\\/holyland-olivewood.com\\\/de\\\/#website\",\"url\":\"https:\\\/\\\/holyland-olivewood.com\\\/de\\\/\",\"name\":\"Holy Land Olive Wood - Bethlehem Olive Wood Factory\",\"description\":\"Holy Land Olivewood Bethlehem\",\"publisher\":{\"@id\":\"https:\\\/\\\/holyland-olivewood.com\\\/de\\\/#organization\"},\"potentialAction\":[{\"@type\":\"SearchAction\",\"target\":{\"@type\":\"EntryPoint\",\"urlTemplate\":\"https:\\\/\\\/holyland-olivewood.com\\\/de\\\/?s={search_term_string}\"},\"query-input\":{\"@type\":\"PropertyValueSpecification\",\"valueRequired\":true,\"valueName\":\"search_term_string\"}}],\"inLanguage\":\"de\"},{\"@type\":\"Organization\",\"@id\":\"https:\\\/\\\/holyland-olivewood.com\\\/de\\\/#organization\",\"name\":\"Holy Land Olivewood\",\"url\":\"https:\\\/\\\/holyland-olivewood.com\\\/de\\\/\",\"logo\":{\"@type\":\"ImageObject\",\"inLanguage\":\"de\",\"@id\":\"https:\\\/\\\/holyland-olivewood.com\\\/de\\\/#\\\/schema\\\/logo\\\/image\\\/\",\"url\":\"\",\"contentUrl\":\"\",\"caption\":\"Holy Land Olivewood\"},\"image\":{\"@id\":\"https:\\\/\\\/holyland-olivewood.com\\\/de\\\/#\\\/schema\\\/logo\\\/image\\\/\"},\"sameAs\":[\"https:\\\/\\\/www.facebook.com\\\/holylandolivewood.bethlehem\\\/\",\"http:\\\/\\\/instagram.com\\\/holy.land.olive.wood\"]}]}<\/script>\n<!-- \/ Yoast SEO plugin. -->","yoast_head_json":{"title":"Olivenholz Spatel #KI112 - Holy Land Olive Wood - Bethlehem Olive Wood Factory","description":"Bethlehem Olivenholz Kunsthandwerk (dh K\u00fcchenutensilien, L\u00f6ffel, Schneidebrett) Honigl\u00f6ffel, Spatel, Gabel, M\u00f6rtel und Rohmaterial in Standard- und kundenspezifischen Abmessungen","robots":{"index":"index","follow":"follow","max-snippet":"max-snippet:-1","max-image-preview":"max-image-preview:large","max-video-preview":"max-video-preview:-1"},"canonical":"https:\/\/holyland-olivewood.com\/de\/produkt\/olivenholz-spatel-2\/","og_locale":"de_DE","og_type":"article","og_title":"Olivenholz Spatel #KI112 - Holy Land Olive Wood - Bethlehem Olive Wood Factory","og_description":"Bethlehem Olivenholz Kunsthandwerk (dh K\u00fcchenutensilien, L\u00f6ffel, Schneidebrett) Honigl\u00f6ffel, Spatel, Gabel, M\u00f6rtel und Rohmaterial in Standard- und kundenspezifischen Abmessungen","og_url":"https:\/\/holyland-olivewood.com\/de\/produkt\/olivenholz-spatel-2\/","og_site_name":"Holy Land Olive Wood - Bethlehem Olive Wood Factory","article_publisher":"https:\/\/www.facebook.com\/holylandolivewood.bethlehem\/","article_modified_time":"2022-02-10T20:10:33+00:00","og_image":[{"width":1550,"height":1200,"url":"https:\/\/holyland-olivewood.com\/wp-content\/uploads\/2016\/05\/kitchenware_holy_land_olive_wood_bethlehem_ki112.jpg","type":"image\/jpeg"}],"twitter_card":"summary_large_image","schema":{"@context":"https:\/\/schema.org","@graph":[{"@type":"WebPage","@id":"https:\/\/holyland-olivewood.com\/de\/produkt\/olivenholz-spatel-2\/","url":"https:\/\/holyland-olivewood.com\/de\/produkt\/olivenholz-spatel-2\/","name":"Olivenholz Spatel #KI112 - Holy Land Olive Wood - Bethlehem Olive Wood Factory","isPartOf":{"@id":"https:\/\/holyland-olivewood.com\/de\/#website"},"primaryImageOfPage":{"@id":"https:\/\/holyland-olivewood.com\/de\/produkt\/olivenholz-spatel-2\/#primaryimage"},"image":{"@id":"https:\/\/holyland-olivewood.com\/de\/produkt\/olivenholz-spatel-2\/#primaryimage"},"thumbnailUrl":"https:\/\/holyland-olivewood.com\/wp-content\/uploads\/2016\/05\/kitchenware_holy_land_olive_wood_bethlehem_ki112.jpg","datePublished":"2022-02-10T19:54:22+00:00","dateModified":"2022-02-10T20:10:33+00:00","description":"Bethlehem Olivenholz Kunsthandwerk (dh K\u00fcchenutensilien, L\u00f6ffel, Schneidebrett) Honigl\u00f6ffel, Spatel, Gabel, M\u00f6rtel und Rohmaterial in Standard- und kundenspezifischen Abmessungen","breadcrumb":{"@id":"https:\/\/holyland-olivewood.com\/de\/produkt\/olivenholz-spatel-2\/#breadcrumb"},"inLanguage":"de","potentialAction":[{"@type":"ReadAction","target":["https:\/\/holyland-olivewood.com\/de\/produkt\/olivenholz-spatel-2\/"]}]},{"@type":"ImageObject","inLanguage":"de","@id":"https:\/\/holyland-olivewood.com\/de\/produkt\/olivenholz-spatel-2\/#primaryimage","url":"https:\/\/holyland-olivewood.com\/wp-content\/uploads\/2016\/05\/kitchenware_holy_land_olive_wood_bethlehem_ki112.jpg","contentUrl":"https:\/\/holyland-olivewood.com\/wp-content\/uploads\/2016\/05\/kitchenware_holy_land_olive_wood_bethlehem_ki112.jpg","width":1550,"height":1200},{"@type":"BreadcrumbList","@id":"https:\/\/holyland-olivewood.com\/de\/produkt\/olivenholz-spatel-2\/#breadcrumb","itemListElement":[{"@type":"ListItem","position":1,"name":"Home","item":"https:\/\/holyland-olivewood.com\/de\/home\/"},{"@type":"ListItem","position":2,"name":"Alle Produkte ansehen","item":"https:\/\/holyland-olivewood.com\/de\/shop\/"},{"@type":"ListItem","position":3,"name":"Olivenholz Spatel #KI112"}]},{"@type":"WebSite","@id":"https:\/\/holyland-olivewood.com\/de\/#website","url":"https:\/\/holyland-olivewood.com\/de\/","name":"Holy Land Olive Wood - Bethlehem Olive Wood Factory","description":"Holy Land Olivewood Bethlehem","publisher":{"@id":"https:\/\/holyland-olivewood.com\/de\/#organization"},"potentialAction":[{"@type":"SearchAction","target":{"@type":"EntryPoint","urlTemplate":"https:\/\/holyland-olivewood.com\/de\/?s={search_term_string}"},"query-input":{"@type":"PropertyValueSpecification","valueRequired":true,"valueName":"search_term_string"}}],"inLanguage":"de"},{"@type":"Organization","@id":"https:\/\/holyland-olivewood.com\/de\/#organization","name":"Holy Land Olivewood","url":"https:\/\/holyland-olivewood.com\/de\/","logo":{"@type":"ImageObject","inLanguage":"de","@id":"https:\/\/holyland-olivewood.com\/de\/#\/schema\/logo\/image\/","url":"","contentUrl":"","caption":"Holy Land Olivewood"},"image":{"@id":"https:\/\/holyland-olivewood.com\/de\/#\/schema\/logo\/image\/"},"sameAs":["https:\/\/www.facebook.com\/holylandolivewood.bethlehem\/","http:\/\/instagram.com\/holy.land.olive.wood"]}]}},"_links":{"self":[{"href":"https:\/\/holyland-olivewood.com\/de\/wp-json\/wp\/v2\/product\/44999","targetHints":{"allow":["GET"]}}],"collection":[{"href":"https:\/\/holyland-olivewood.com\/de\/wp-json\/wp\/v2\/product"}],"about":[{"href":"https:\/\/holyland-olivewood.com\/de\/wp-json\/wp\/v2\/types\/product"}],"replies":[{"embeddable":true,"href":"https:\/\/holyland-olivewood.com\/de\/wp-json\/wp\/v2\/comments?post=44999"}],"version-history":[{"count":0,"href":"https:\/\/holyland-olivewood.com\/de\/wp-json\/wp\/v2\/product\/44999\/revisions"}],"wp:featuredmedia":[{"embeddable":true,"href":"https:\/\/holyland-olivewood.com\/de\/wp-json\/wp\/v2\/media\/33405"}],"wp:attachment":[{"href":"https:\/\/holyland-olivewood.com\/de\/wp-json\/wp\/v2\/media?parent=44999"}],"wp:term":[{"taxonomy":"product_brand","embeddable":true,"href":"https:\/\/holyland-olivewood.com\/de\/wp-json\/wp\/v2\/product_brand?post=44999"},{"taxonomy":"product_cat","embeddable":true,"href":"https:\/\/holyland-olivewood.com\/de\/wp-json\/wp\/v2\/product_cat?post=44999"},{"taxonomy":"product_tag","embeddable":true,"href":"https:\/\/holyland-olivewood.com\/de\/wp-json\/wp\/v2\/product_tag?post=44999"}],"curies":[{"name":"wp","href":"https:\/\/api.w.org\/{rel}","templated":true}]}}