{"id":44024,"date":"2016-05-31T12:06:29","date_gmt":"2022-02-10T14:47:50","guid":{"rendered":"https:\/\/holyland-olivewood.com\/product\/olivenholz-kind-in-einer-hand-gottes-fi106\/"},"modified":"2022-02-10T14:47:50","modified_gmt":"2022-02-10T14:47:50","slug":"olivenholz-kind-in-einer-hand-gottes","status":"publish","type":"product","link":"https:\/\/holyland-olivewood.com\/de\/produkt\/olivenholz-kind-in-einer-hand-gottes\/","title":{"rendered":"Olivenholz Kind in einer Hand Gottes FI106"},"content":{"rendered":"","protected":false},"excerpt":{"rendered":"<p>Dieses wundersch\u00f6ne Kind in einer Hand Gottes wird im Heiligen Land aus nachhaltig geerntetem, authentischem Bethlehem Olivewood von Hand geschnitzt. Der nat\u00fcrliche Wirbel und Kontrast der Olivenholzmaserung ist in jedem St\u00fcck anders und einzigartig. Es ist ein wunderbares Geschenk, das Sie dieser besonderen Person in Ihrem Leben oder in Ihrem Zuhause machen k\u00f6nnen.<\/p>\n<p>Dieser Artikel enth\u00e4lt ein Echtheitszertifikat, das die zur Herstellung dieses Produkts verwendeten Materialien und Techniken \u00fcberpr\u00fcft.<\/p>\n<p>Gr\u00f6\u00dfe: 5 cm x 6,5 cm x 11 cm (2&#8243; x 2,5&#8243; x 4,25&#8243;)<\/p>\n","protected":false},"featured_media":30562,"comment_status":"closed","ping_status":"closed","template":"","meta":[],"product_brand":[],"product_cat":[1786,775],"product_tag":[1821,1797,778,1807,915,1825,1828,1830,1814,926,872,1802,1188,879,1202,838,852,4078,844,865,961,976,922,900,894,909,887,1817,807,822,968,1789,1809,1792,816,827],"class_list":{"0":"post-44024","1":"product","2":"type-product","3":"status-publish","4":"has-post-thumbnail","6":"product_cat-figuren","7":"product_cat-kunsthaandvaerk","8":"product_tag-arche-de","9":"product_tag-betend","10":"product_tag-betlehem-de","11":"product_tag-bildhauerei","12":"product_tag-boen","13":"product_tag-buste-de","14":"product_tag-engel-de","15":"product_tag-engel-de-2","16":"product_tag-familie-de","17":"product_tag-foedselskirken","18":"product_tag-gab","19":"product_tag-hande","20":"product_tag-haandlavet-de","21":"product_tag-haandvaerk","22":"product_tag-heiraten","23":"product_tag-hellig-de","24":"product_tag-jerusalem-de","25":"product_tag-jesus-de-2","26":"product_tag-jord-de","27":"product_tag-juli","28":"product_tag-katolsk-de","29":"product_tag-keltisk-de","30":"product_tag-kirke-de","31":"product_tag-kors-de","32":"product_tag-kristen-de","33":"product_tag-krucifiks-de","34":"product_tag-kunsthaandvaerk","35":"product_tag-noach-de","36":"product_tag-oliv","37":"product_tag-oliventrae-de","38":"product_tag-ortodoks-de","39":"product_tag-skulpturen","40":"product_tag-standbilder","41":"product_tag-statue-de","42":"product_tag-trae-de","43":"product_tag-udskaering-de","45":"first","46":"instock","47":"shipping-taxable","48":"purchasable","49":"product-type-simple"},"yoast_head":"<!-- This site is optimized with the Yoast SEO plugin v27.3 - https:\/\/yoast.com\/product\/yoast-seo-wordpress\/ -->\n<title>Olivenholz Kind in einer Hand Gottes FI106 - Holy Land Olive Wood - Bethlehem Olive Wood Factory<\/title>\n<meta name=\"description\" content=\"Bethlehem Olivenholz Kunsthandwerk (dh Figuren, Krippen, Statuen, Skulpturen) Kind in einem Handstift -Rohlinge &amp; Rohbestand in Standard- und Sonderabmessungen.\" \/>\n<meta name=\"robots\" content=\"index, follow, max-snippet:-1, max-image-preview:large, max-video-preview:-1\" \/>\n<link rel=\"canonical\" href=\"https:\/\/holyland-olivewood.com\/de\/produkt\/olivenholz-kind-in-einer-hand-gottes\/\" \/>\n<meta property=\"og:locale\" content=\"de_DE\" \/>\n<meta property=\"og:type\" content=\"article\" \/>\n<meta property=\"og:title\" content=\"Olivenholz Kind in einer Hand Gottes FI106 - Holy Land Olive Wood - Bethlehem Olive Wood Factory\" \/>\n<meta property=\"og:description\" content=\"Bethlehem Olivenholz Kunsthandwerk (dh Figuren, Krippen, Statuen, Skulpturen) Kind in einem Handstift -Rohlinge &amp; Rohbestand in Standard- und Sonderabmessungen.\" \/>\n<meta property=\"og:url\" content=\"https:\/\/holyland-olivewood.com\/de\/produkt\/olivenholz-kind-in-einer-hand-gottes\/\" \/>\n<meta property=\"og:site_name\" content=\"Holy Land Olive Wood - Bethlehem Olive Wood Factory\" \/>\n<meta property=\"article:publisher\" content=\"https:\/\/www.facebook.com\/holylandolivewood.bethlehem\/\" \/>\n<meta property=\"og:image\" content=\"https:\/\/holyland-olivewood.com\/wp-content\/uploads\/2016\/05\/angel_holy_land_olive_wood_bethlehem_fi106.jpg\" \/>\n\t<meta property=\"og:image:width\" content=\"1550\" \/>\n\t<meta property=\"og:image:height\" content=\"1200\" \/>\n\t<meta property=\"og:image:type\" content=\"image\/jpeg\" \/>\n<meta name=\"twitter:card\" content=\"summary_large_image\" \/>\n<script type=\"application\/ld+json\" class=\"yoast-schema-graph\">{\"@context\":\"https:\\\/\\\/schema.org\",\"@graph\":[{\"@type\":\"WebPage\",\"@id\":\"https:\\\/\\\/holyland-olivewood.com\\\/de\\\/produkt\\\/olivenholz-kind-in-einer-hand-gottes\\\/\",\"url\":\"https:\\\/\\\/holyland-olivewood.com\\\/de\\\/produkt\\\/olivenholz-kind-in-einer-hand-gottes\\\/\",\"name\":\"Olivenholz Kind in einer Hand Gottes FI106 - Holy Land Olive Wood - Bethlehem Olive Wood Factory\",\"isPartOf\":{\"@id\":\"https:\\\/\\\/holyland-olivewood.com\\\/de\\\/#website\"},\"primaryImageOfPage\":{\"@id\":\"https:\\\/\\\/holyland-olivewood.com\\\/de\\\/produkt\\\/olivenholz-kind-in-einer-hand-gottes\\\/#primaryimage\"},\"image\":{\"@id\":\"https:\\\/\\\/holyland-olivewood.com\\\/de\\\/produkt\\\/olivenholz-kind-in-einer-hand-gottes\\\/#primaryimage\"},\"thumbnailUrl\":\"https:\\\/\\\/holyland-olivewood.com\\\/wp-content\\\/uploads\\\/2016\\\/05\\\/angel_holy_land_olive_wood_bethlehem_fi106.jpg\",\"datePublished\":\"2022-02-10T14:47:50+00:00\",\"description\":\"Bethlehem Olivenholz Kunsthandwerk (dh Figuren, Krippen, Statuen, Skulpturen) Kind in einem Handstift -Rohlinge & Rohbestand in Standard- und Sonderabmessungen.\",\"breadcrumb\":{\"@id\":\"https:\\\/\\\/holyland-olivewood.com\\\/de\\\/produkt\\\/olivenholz-kind-in-einer-hand-gottes\\\/#breadcrumb\"},\"inLanguage\":\"de\",\"potentialAction\":[{\"@type\":\"ReadAction\",\"target\":[\"https:\\\/\\\/holyland-olivewood.com\\\/de\\\/produkt\\\/olivenholz-kind-in-einer-hand-gottes\\\/\"]}]},{\"@type\":\"ImageObject\",\"inLanguage\":\"de\",\"@id\":\"https:\\\/\\\/holyland-olivewood.com\\\/de\\\/produkt\\\/olivenholz-kind-in-einer-hand-gottes\\\/#primaryimage\",\"url\":\"https:\\\/\\\/holyland-olivewood.com\\\/wp-content\\\/uploads\\\/2016\\\/05\\\/angel_holy_land_olive_wood_bethlehem_fi106.jpg\",\"contentUrl\":\"https:\\\/\\\/holyland-olivewood.com\\\/wp-content\\\/uploads\\\/2016\\\/05\\\/angel_holy_land_olive_wood_bethlehem_fi106.jpg\",\"width\":1550,\"height\":1200},{\"@type\":\"BreadcrumbList\",\"@id\":\"https:\\\/\\\/holyland-olivewood.com\\\/de\\\/produkt\\\/olivenholz-kind-in-einer-hand-gottes\\\/#breadcrumb\",\"itemListElement\":[{\"@type\":\"ListItem\",\"position\":1,\"name\":\"Home\",\"item\":\"https:\\\/\\\/holyland-olivewood.com\\\/de\\\/home\\\/\"},{\"@type\":\"ListItem\",\"position\":2,\"name\":\"Alle Produkte ansehen\",\"item\":\"https:\\\/\\\/holyland-olivewood.com\\\/de\\\/shop\\\/\"},{\"@type\":\"ListItem\",\"position\":3,\"name\":\"Olivenholz Kind in einer Hand Gottes FI106\"}]},{\"@type\":\"WebSite\",\"@id\":\"https:\\\/\\\/holyland-olivewood.com\\\/de\\\/#website\",\"url\":\"https:\\\/\\\/holyland-olivewood.com\\\/de\\\/\",\"name\":\"Holy Land Olive Wood - Bethlehem Olive Wood Factory\",\"description\":\"Holy Land Olivewood Bethlehem\",\"publisher\":{\"@id\":\"https:\\\/\\\/holyland-olivewood.com\\\/de\\\/#organization\"},\"potentialAction\":[{\"@type\":\"SearchAction\",\"target\":{\"@type\":\"EntryPoint\",\"urlTemplate\":\"https:\\\/\\\/holyland-olivewood.com\\\/de\\\/?s={search_term_string}\"},\"query-input\":{\"@type\":\"PropertyValueSpecification\",\"valueRequired\":true,\"valueName\":\"search_term_string\"}}],\"inLanguage\":\"de\"},{\"@type\":\"Organization\",\"@id\":\"https:\\\/\\\/holyland-olivewood.com\\\/de\\\/#organization\",\"name\":\"Holy Land Olivewood\",\"url\":\"https:\\\/\\\/holyland-olivewood.com\\\/de\\\/\",\"logo\":{\"@type\":\"ImageObject\",\"inLanguage\":\"de\",\"@id\":\"https:\\\/\\\/holyland-olivewood.com\\\/de\\\/#\\\/schema\\\/logo\\\/image\\\/\",\"url\":\"\",\"contentUrl\":\"\",\"caption\":\"Holy Land Olivewood\"},\"image\":{\"@id\":\"https:\\\/\\\/holyland-olivewood.com\\\/de\\\/#\\\/schema\\\/logo\\\/image\\\/\"},\"sameAs\":[\"https:\\\/\\\/www.facebook.com\\\/holylandolivewood.bethlehem\\\/\",\"http:\\\/\\\/instagram.com\\\/holy.land.olive.wood\"]}]}<\/script>\n<!-- \/ Yoast SEO plugin. -->","yoast_head_json":{"title":"Olivenholz Kind in einer Hand Gottes FI106 - Holy Land Olive Wood - Bethlehem Olive Wood Factory","description":"Bethlehem Olivenholz Kunsthandwerk (dh Figuren, Krippen, Statuen, Skulpturen) Kind in einem Handstift -Rohlinge & Rohbestand in Standard- und Sonderabmessungen.","robots":{"index":"index","follow":"follow","max-snippet":"max-snippet:-1","max-image-preview":"max-image-preview:large","max-video-preview":"max-video-preview:-1"},"canonical":"https:\/\/holyland-olivewood.com\/de\/produkt\/olivenholz-kind-in-einer-hand-gottes\/","og_locale":"de_DE","og_type":"article","og_title":"Olivenholz Kind in einer Hand Gottes FI106 - Holy Land Olive Wood - Bethlehem Olive Wood Factory","og_description":"Bethlehem Olivenholz Kunsthandwerk (dh Figuren, Krippen, Statuen, Skulpturen) Kind in einem Handstift -Rohlinge & Rohbestand in Standard- und Sonderabmessungen.","og_url":"https:\/\/holyland-olivewood.com\/de\/produkt\/olivenholz-kind-in-einer-hand-gottes\/","og_site_name":"Holy Land Olive Wood - Bethlehem Olive Wood Factory","article_publisher":"https:\/\/www.facebook.com\/holylandolivewood.bethlehem\/","og_image":[{"width":1550,"height":1200,"url":"https:\/\/holyland-olivewood.com\/wp-content\/uploads\/2016\/05\/angel_holy_land_olive_wood_bethlehem_fi106.jpg","type":"image\/jpeg"}],"twitter_card":"summary_large_image","schema":{"@context":"https:\/\/schema.org","@graph":[{"@type":"WebPage","@id":"https:\/\/holyland-olivewood.com\/de\/produkt\/olivenholz-kind-in-einer-hand-gottes\/","url":"https:\/\/holyland-olivewood.com\/de\/produkt\/olivenholz-kind-in-einer-hand-gottes\/","name":"Olivenholz Kind in einer Hand Gottes FI106 - Holy Land Olive Wood - Bethlehem Olive Wood Factory","isPartOf":{"@id":"https:\/\/holyland-olivewood.com\/de\/#website"},"primaryImageOfPage":{"@id":"https:\/\/holyland-olivewood.com\/de\/produkt\/olivenholz-kind-in-einer-hand-gottes\/#primaryimage"},"image":{"@id":"https:\/\/holyland-olivewood.com\/de\/produkt\/olivenholz-kind-in-einer-hand-gottes\/#primaryimage"},"thumbnailUrl":"https:\/\/holyland-olivewood.com\/wp-content\/uploads\/2016\/05\/angel_holy_land_olive_wood_bethlehem_fi106.jpg","datePublished":"2022-02-10T14:47:50+00:00","description":"Bethlehem Olivenholz Kunsthandwerk (dh Figuren, Krippen, Statuen, Skulpturen) Kind in einem Handstift -Rohlinge & Rohbestand in Standard- und Sonderabmessungen.","breadcrumb":{"@id":"https:\/\/holyland-olivewood.com\/de\/produkt\/olivenholz-kind-in-einer-hand-gottes\/#breadcrumb"},"inLanguage":"de","potentialAction":[{"@type":"ReadAction","target":["https:\/\/holyland-olivewood.com\/de\/produkt\/olivenholz-kind-in-einer-hand-gottes\/"]}]},{"@type":"ImageObject","inLanguage":"de","@id":"https:\/\/holyland-olivewood.com\/de\/produkt\/olivenholz-kind-in-einer-hand-gottes\/#primaryimage","url":"https:\/\/holyland-olivewood.com\/wp-content\/uploads\/2016\/05\/angel_holy_land_olive_wood_bethlehem_fi106.jpg","contentUrl":"https:\/\/holyland-olivewood.com\/wp-content\/uploads\/2016\/05\/angel_holy_land_olive_wood_bethlehem_fi106.jpg","width":1550,"height":1200},{"@type":"BreadcrumbList","@id":"https:\/\/holyland-olivewood.com\/de\/produkt\/olivenholz-kind-in-einer-hand-gottes\/#breadcrumb","itemListElement":[{"@type":"ListItem","position":1,"name":"Home","item":"https:\/\/holyland-olivewood.com\/de\/home\/"},{"@type":"ListItem","position":2,"name":"Alle Produkte ansehen","item":"https:\/\/holyland-olivewood.com\/de\/shop\/"},{"@type":"ListItem","position":3,"name":"Olivenholz Kind in einer Hand Gottes FI106"}]},{"@type":"WebSite","@id":"https:\/\/holyland-olivewood.com\/de\/#website","url":"https:\/\/holyland-olivewood.com\/de\/","name":"Holy Land Olive Wood - Bethlehem Olive Wood Factory","description":"Holy Land Olivewood Bethlehem","publisher":{"@id":"https:\/\/holyland-olivewood.com\/de\/#organization"},"potentialAction":[{"@type":"SearchAction","target":{"@type":"EntryPoint","urlTemplate":"https:\/\/holyland-olivewood.com\/de\/?s={search_term_string}"},"query-input":{"@type":"PropertyValueSpecification","valueRequired":true,"valueName":"search_term_string"}}],"inLanguage":"de"},{"@type":"Organization","@id":"https:\/\/holyland-olivewood.com\/de\/#organization","name":"Holy Land Olivewood","url":"https:\/\/holyland-olivewood.com\/de\/","logo":{"@type":"ImageObject","inLanguage":"de","@id":"https:\/\/holyland-olivewood.com\/de\/#\/schema\/logo\/image\/","url":"","contentUrl":"","caption":"Holy Land Olivewood"},"image":{"@id":"https:\/\/holyland-olivewood.com\/de\/#\/schema\/logo\/image\/"},"sameAs":["https:\/\/www.facebook.com\/holylandolivewood.bethlehem\/","http:\/\/instagram.com\/holy.land.olive.wood"]}]}},"_links":{"self":[{"href":"https:\/\/holyland-olivewood.com\/de\/wp-json\/wp\/v2\/product\/44024","targetHints":{"allow":["GET"]}}],"collection":[{"href":"https:\/\/holyland-olivewood.com\/de\/wp-json\/wp\/v2\/product"}],"about":[{"href":"https:\/\/holyland-olivewood.com\/de\/wp-json\/wp\/v2\/types\/product"}],"replies":[{"embeddable":true,"href":"https:\/\/holyland-olivewood.com\/de\/wp-json\/wp\/v2\/comments?post=44024"}],"version-history":[{"count":0,"href":"https:\/\/holyland-olivewood.com\/de\/wp-json\/wp\/v2\/product\/44024\/revisions"}],"wp:featuredmedia":[{"embeddable":true,"href":"https:\/\/holyland-olivewood.com\/de\/wp-json\/wp\/v2\/media\/30562"}],"wp:attachment":[{"href":"https:\/\/holyland-olivewood.com\/de\/wp-json\/wp\/v2\/media?parent=44024"}],"wp:term":[{"taxonomy":"product_brand","embeddable":true,"href":"https:\/\/holyland-olivewood.com\/de\/wp-json\/wp\/v2\/product_brand?post=44024"},{"taxonomy":"product_cat","embeddable":true,"href":"https:\/\/holyland-olivewood.com\/de\/wp-json\/wp\/v2\/product_cat?post=44024"},{"taxonomy":"product_tag","embeddable":true,"href":"https:\/\/holyland-olivewood.com\/de\/wp-json\/wp\/v2\/product_tag?post=44024"}],"curies":[{"name":"wp","href":"https:\/\/api.w.org\/{rel}","templated":true}]}}