{"id":42793,"date":"2018-01-23T16:38:16","date_gmt":"2022-02-09T08:11:52","guid":{"rendered":"https:\/\/holyland-olivewood.com\/product\/single-block-olivewood-messergriff-rohlinge-05-x-15-x-4-vier-paare\/"},"modified":"2022-02-09T08:11:52","modified_gmt":"2022-02-09T08:11:52","slug":"einzelblock-olivenholz-messer-griff-rohlinge-0-25-x-1-x-3-4-paar","status":"publish","type":"product","link":"https:\/\/holyland-olivewood.com\/de\/produkt\/einzelblock-olivenholz-messer-griff-rohlinge-0-25-x-1-x-3-4-paar\/","title":{"rendered":"Single Block Olivewood Messergriff Rohlinge (0,5 &#8222;x 1,5&#8243; x 4&#8220;) Vier Paare"},"content":{"rendered":"","protected":false},"excerpt":{"rendered":"<p>Dieser Artikel enth\u00e4lt vier Paar pr\u00e4zisionsgeschnittene Messergriffrohlinge, die im Heiligen Land aus nachhaltig geerntetem, authentischem Bethlehem-Olivenholz hergestellt werden.<\/p>\n<p>Dieses exotische Material hat ein glatteres Finish als fast jedes andere Holz, und sein stark kontrastierendes Narbenmuster beeindruckt immer wieder, was es zur perfekten Wahl f\u00fcr jeden Klingenschmied macht, der auff\u00e4lliges, ultra-hochwertiges Besteck herstellen m\u00f6chte.<\/p>\n<p>Da Bethlehem Olivewood ein Produkt der Natur ist, sind keine zwei St\u00fccke gleich. Unsere &#8222;Single Block&#8220; Bethlehem Olivewood Messergriffrohlinge sind jedoch aus dem gleichen, individuellen St\u00fcck Olivenholz geschnitten, so dass das Maserungsmuster auf beiden Messergriffen den gleichen Konturen folgt und auf beiden Seiten Ihres Messergriffs perfekt zusammenpasst.<\/p>\n<p>Dieser Artikel enth\u00e4lt ein Echtheitszertifikat, das die zur Herstellung dieses Produkts verwendeten Materialien und Techniken \u00fcberpr\u00fcft.<\/p>\n<p>Gr\u00f6\u00dfe: 1,3 cm x 4 cm x 10,5 cm (1\/2&#8243; x 1,5&#8243; x 4&#8243;)<\/p>\n","protected":false},"featured_media":33881,"comment_status":"closed","ping_status":"closed","template":"","meta":[],"product_brand":[],"product_cat":[1546,1545],"product_tag":[1551,1557,1550,1562,1555,1558,1547,1188,1560,1563,1561,1552,1548,1556,2939,807,1553,1554,1549,1559,816],"class_list":{"0":"post-42793","1":"product","2":"type-product","3":"status-publish","4":"has-post-thumbnail","6":"product_cat-olivenholz","7":"product_cat-scheiben","8":"product_tag-ausrustungen","9":"product_tag-baumstamme","10":"product_tag-bausatz","11":"product_tag-bethlehem-jerusalem-de","12":"product_tag-block-de","13":"product_tag-diy-de","14":"product_tag-feder","15":"product_tag-haandlavet-de","16":"product_tag-handwerk","17":"product_tag-heiliges-land","18":"product_tag-kunsthandwerk","19":"product_tag-leer","20":"product_tag-leerzeichen","21":"product_tag-log-de","22":"product_tag-messerheft","23":"product_tag-oliv","24":"product_tag-platte","25":"product_tag-scheiben","26":"product_tag-schussel","27":"product_tag-selbstgemacht","28":"product_tag-trae-de","30":"first","31":"instock","32":"shipping-taxable","33":"purchasable","34":"product-type-simple"},"yoast_head":"<!-- This site is optimized with the Yoast SEO plugin v27.4 - https:\/\/yoast.com\/product\/yoast-seo-wordpress\/ -->\n<title>Single Block Olivewood Messergriff Rohlinge (0,5 &quot;x 1,5&quot; x 4&quot;) Vier Paare - Holy Land Olive Wood - Bethlehem Olive Wood Factory<\/title>\n<meta name=\"description\" content=\"Bethlehem Olivenholz Kunsthandwerk (dh Rosenkr\u00e4nze, K\u00fcchenutensilien, Krippen, Sets, Perlen) Stift-Rohlinge Schnitzereien, Platten, Bl\u00f6cke und Rohmaterial in Standard- und kundenspezifischen Abmessungen.\" \/>\n<meta name=\"robots\" content=\"index, follow, max-snippet:-1, max-image-preview:large, max-video-preview:-1\" \/>\n<link rel=\"canonical\" href=\"https:\/\/holyland-olivewood.com\/de\/produkt\/einzelblock-olivenholz-messer-griff-rohlinge-0-25-x-1-x-3-4-paar\/\" \/>\n<meta property=\"og:locale\" content=\"de_DE\" \/>\n<meta property=\"og:type\" content=\"article\" \/>\n<meta property=\"og:title\" content=\"Single Block Olivewood Messergriff Rohlinge (0,5 &quot;x 1,5&quot; x 4&quot;) Vier Paare - Holy Land Olive Wood - Bethlehem Olive Wood Factory\" \/>\n<meta property=\"og:description\" content=\"Bethlehem Olivenholz Kunsthandwerk (dh Rosenkr\u00e4nze, K\u00fcchenutensilien, Krippen, Sets, Perlen) Stift-Rohlinge Schnitzereien, Platten, Bl\u00f6cke und Rohmaterial in Standard- und kundenspezifischen Abmessungen.\" \/>\n<meta property=\"og:url\" content=\"https:\/\/holyland-olivewood.com\/de\/produkt\/einzelblock-olivenholz-messer-griff-rohlinge-0-25-x-1-x-3-4-paar\/\" \/>\n<meta property=\"og:site_name\" content=\"Holy Land Olive Wood - Bethlehem Olive Wood Factory\" \/>\n<meta property=\"article:publisher\" content=\"https:\/\/www.facebook.com\/holylandolivewood.bethlehem\/\" \/>\n<meta property=\"og:image\" content=\"https:\/\/holyland-olivewood.com\/wp-content\/uploads\/2018\/01\/knife_handle_holy_land_olive_wood_bethlehem_3.jpg\" \/>\n\t<meta property=\"og:image:width\" content=\"1550\" \/>\n\t<meta property=\"og:image:height\" content=\"1200\" \/>\n\t<meta property=\"og:image:type\" content=\"image\/jpeg\" \/>\n<meta name=\"twitter:card\" content=\"summary_large_image\" \/>\n<script type=\"application\/ld+json\" class=\"yoast-schema-graph\">{\"@context\":\"https:\\\/\\\/schema.org\",\"@graph\":[{\"@type\":\"WebPage\",\"@id\":\"https:\\\/\\\/holyland-olivewood.com\\\/de\\\/produkt\\\/einzelblock-olivenholz-messer-griff-rohlinge-0-25-x-1-x-3-4-paar\\\/\",\"url\":\"https:\\\/\\\/holyland-olivewood.com\\\/de\\\/produkt\\\/einzelblock-olivenholz-messer-griff-rohlinge-0-25-x-1-x-3-4-paar\\\/\",\"name\":\"Single Block Olivewood Messergriff Rohlinge (0,5 \\\"x 1,5\\\" x 4\\\") Vier Paare - Holy Land Olive Wood - Bethlehem Olive Wood Factory\",\"isPartOf\":{\"@id\":\"https:\\\/\\\/holyland-olivewood.com\\\/de\\\/#website\"},\"primaryImageOfPage\":{\"@id\":\"https:\\\/\\\/holyland-olivewood.com\\\/de\\\/produkt\\\/einzelblock-olivenholz-messer-griff-rohlinge-0-25-x-1-x-3-4-paar\\\/#primaryimage\"},\"image\":{\"@id\":\"https:\\\/\\\/holyland-olivewood.com\\\/de\\\/produkt\\\/einzelblock-olivenholz-messer-griff-rohlinge-0-25-x-1-x-3-4-paar\\\/#primaryimage\"},\"thumbnailUrl\":\"https:\\\/\\\/holyland-olivewood.com\\\/wp-content\\\/uploads\\\/2018\\\/01\\\/knife_handle_holy_land_olive_wood_bethlehem_3.jpg\",\"datePublished\":\"2022-02-09T08:11:52+00:00\",\"description\":\"Bethlehem Olivenholz Kunsthandwerk (dh Rosenkr\u00e4nze, K\u00fcchenutensilien, Krippen, Sets, Perlen) Stift-Rohlinge Schnitzereien, Platten, Bl\u00f6cke und Rohmaterial in Standard- und kundenspezifischen Abmessungen.\",\"breadcrumb\":{\"@id\":\"https:\\\/\\\/holyland-olivewood.com\\\/de\\\/produkt\\\/einzelblock-olivenholz-messer-griff-rohlinge-0-25-x-1-x-3-4-paar\\\/#breadcrumb\"},\"inLanguage\":\"de\",\"potentialAction\":[{\"@type\":\"ReadAction\",\"target\":[\"https:\\\/\\\/holyland-olivewood.com\\\/de\\\/produkt\\\/einzelblock-olivenholz-messer-griff-rohlinge-0-25-x-1-x-3-4-paar\\\/\"]}]},{\"@type\":\"ImageObject\",\"inLanguage\":\"de\",\"@id\":\"https:\\\/\\\/holyland-olivewood.com\\\/de\\\/produkt\\\/einzelblock-olivenholz-messer-griff-rohlinge-0-25-x-1-x-3-4-paar\\\/#primaryimage\",\"url\":\"https:\\\/\\\/holyland-olivewood.com\\\/wp-content\\\/uploads\\\/2018\\\/01\\\/knife_handle_holy_land_olive_wood_bethlehem_3.jpg\",\"contentUrl\":\"https:\\\/\\\/holyland-olivewood.com\\\/wp-content\\\/uploads\\\/2018\\\/01\\\/knife_handle_holy_land_olive_wood_bethlehem_3.jpg\",\"width\":1550,\"height\":1200},{\"@type\":\"BreadcrumbList\",\"@id\":\"https:\\\/\\\/holyland-olivewood.com\\\/de\\\/produkt\\\/einzelblock-olivenholz-messer-griff-rohlinge-0-25-x-1-x-3-4-paar\\\/#breadcrumb\",\"itemListElement\":[{\"@type\":\"ListItem\",\"position\":1,\"name\":\"Home\",\"item\":\"https:\\\/\\\/holyland-olivewood.com\\\/de\\\/home\\\/\"},{\"@type\":\"ListItem\",\"position\":2,\"name\":\"Alle Produkte ansehen\",\"item\":\"https:\\\/\\\/holyland-olivewood.com\\\/de\\\/shop\\\/\"},{\"@type\":\"ListItem\",\"position\":3,\"name\":\"Single Block Olivewood Messergriff Rohlinge (0,5 &#8222;x 1,5&#8243; x 4&#8220;) Vier Paare\"}]},{\"@type\":\"WebSite\",\"@id\":\"https:\\\/\\\/holyland-olivewood.com\\\/de\\\/#website\",\"url\":\"https:\\\/\\\/holyland-olivewood.com\\\/de\\\/\",\"name\":\"Holy Land Olive Wood - Bethlehem Olive Wood Factory\",\"description\":\"Holy Land Olivewood Bethlehem\",\"publisher\":{\"@id\":\"https:\\\/\\\/holyland-olivewood.com\\\/de\\\/#organization\"},\"potentialAction\":[{\"@type\":\"SearchAction\",\"target\":{\"@type\":\"EntryPoint\",\"urlTemplate\":\"https:\\\/\\\/holyland-olivewood.com\\\/de\\\/?s={search_term_string}\"},\"query-input\":{\"@type\":\"PropertyValueSpecification\",\"valueRequired\":true,\"valueName\":\"search_term_string\"}}],\"inLanguage\":\"de\"},{\"@type\":\"Organization\",\"@id\":\"https:\\\/\\\/holyland-olivewood.com\\\/de\\\/#organization\",\"name\":\"Holy Land Olivewood\",\"url\":\"https:\\\/\\\/holyland-olivewood.com\\\/de\\\/\",\"logo\":{\"@type\":\"ImageObject\",\"inLanguage\":\"de\",\"@id\":\"https:\\\/\\\/holyland-olivewood.com\\\/de\\\/#\\\/schema\\\/logo\\\/image\\\/\",\"url\":\"\",\"contentUrl\":\"\",\"caption\":\"Holy Land Olivewood\"},\"image\":{\"@id\":\"https:\\\/\\\/holyland-olivewood.com\\\/de\\\/#\\\/schema\\\/logo\\\/image\\\/\"},\"sameAs\":[\"https:\\\/\\\/www.facebook.com\\\/holylandolivewood.bethlehem\\\/\",\"http:\\\/\\\/instagram.com\\\/holy.land.olive.wood\"]}]}<\/script>\n<!-- \/ Yoast SEO plugin. -->","yoast_head_json":{"title":"Single Block Olivewood Messergriff Rohlinge (0,5 \"x 1,5\" x 4\") Vier Paare - Holy Land Olive Wood - Bethlehem Olive Wood Factory","description":"Bethlehem Olivenholz Kunsthandwerk (dh Rosenkr\u00e4nze, K\u00fcchenutensilien, Krippen, Sets, Perlen) Stift-Rohlinge Schnitzereien, Platten, Bl\u00f6cke und Rohmaterial in Standard- und kundenspezifischen Abmessungen.","robots":{"index":"index","follow":"follow","max-snippet":"max-snippet:-1","max-image-preview":"max-image-preview:large","max-video-preview":"max-video-preview:-1"},"canonical":"https:\/\/holyland-olivewood.com\/de\/produkt\/einzelblock-olivenholz-messer-griff-rohlinge-0-25-x-1-x-3-4-paar\/","og_locale":"de_DE","og_type":"article","og_title":"Single Block Olivewood Messergriff Rohlinge (0,5 \"x 1,5\" x 4\") Vier Paare - Holy Land Olive Wood - Bethlehem Olive Wood Factory","og_description":"Bethlehem Olivenholz Kunsthandwerk (dh Rosenkr\u00e4nze, K\u00fcchenutensilien, Krippen, Sets, Perlen) Stift-Rohlinge Schnitzereien, Platten, Bl\u00f6cke und Rohmaterial in Standard- und kundenspezifischen Abmessungen.","og_url":"https:\/\/holyland-olivewood.com\/de\/produkt\/einzelblock-olivenholz-messer-griff-rohlinge-0-25-x-1-x-3-4-paar\/","og_site_name":"Holy Land Olive Wood - Bethlehem Olive Wood Factory","article_publisher":"https:\/\/www.facebook.com\/holylandolivewood.bethlehem\/","og_image":[{"width":1550,"height":1200,"url":"https:\/\/holyland-olivewood.com\/wp-content\/uploads\/2018\/01\/knife_handle_holy_land_olive_wood_bethlehem_3.jpg","type":"image\/jpeg"}],"twitter_card":"summary_large_image","schema":{"@context":"https:\/\/schema.org","@graph":[{"@type":"WebPage","@id":"https:\/\/holyland-olivewood.com\/de\/produkt\/einzelblock-olivenholz-messer-griff-rohlinge-0-25-x-1-x-3-4-paar\/","url":"https:\/\/holyland-olivewood.com\/de\/produkt\/einzelblock-olivenholz-messer-griff-rohlinge-0-25-x-1-x-3-4-paar\/","name":"Single Block Olivewood Messergriff Rohlinge (0,5 \"x 1,5\" x 4\") Vier Paare - Holy Land Olive Wood - Bethlehem Olive Wood Factory","isPartOf":{"@id":"https:\/\/holyland-olivewood.com\/de\/#website"},"primaryImageOfPage":{"@id":"https:\/\/holyland-olivewood.com\/de\/produkt\/einzelblock-olivenholz-messer-griff-rohlinge-0-25-x-1-x-3-4-paar\/#primaryimage"},"image":{"@id":"https:\/\/holyland-olivewood.com\/de\/produkt\/einzelblock-olivenholz-messer-griff-rohlinge-0-25-x-1-x-3-4-paar\/#primaryimage"},"thumbnailUrl":"https:\/\/holyland-olivewood.com\/wp-content\/uploads\/2018\/01\/knife_handle_holy_land_olive_wood_bethlehem_3.jpg","datePublished":"2022-02-09T08:11:52+00:00","description":"Bethlehem Olivenholz Kunsthandwerk (dh Rosenkr\u00e4nze, K\u00fcchenutensilien, Krippen, Sets, Perlen) Stift-Rohlinge Schnitzereien, Platten, Bl\u00f6cke und Rohmaterial in Standard- und kundenspezifischen Abmessungen.","breadcrumb":{"@id":"https:\/\/holyland-olivewood.com\/de\/produkt\/einzelblock-olivenholz-messer-griff-rohlinge-0-25-x-1-x-3-4-paar\/#breadcrumb"},"inLanguage":"de","potentialAction":[{"@type":"ReadAction","target":["https:\/\/holyland-olivewood.com\/de\/produkt\/einzelblock-olivenholz-messer-griff-rohlinge-0-25-x-1-x-3-4-paar\/"]}]},{"@type":"ImageObject","inLanguage":"de","@id":"https:\/\/holyland-olivewood.com\/de\/produkt\/einzelblock-olivenholz-messer-griff-rohlinge-0-25-x-1-x-3-4-paar\/#primaryimage","url":"https:\/\/holyland-olivewood.com\/wp-content\/uploads\/2018\/01\/knife_handle_holy_land_olive_wood_bethlehem_3.jpg","contentUrl":"https:\/\/holyland-olivewood.com\/wp-content\/uploads\/2018\/01\/knife_handle_holy_land_olive_wood_bethlehem_3.jpg","width":1550,"height":1200},{"@type":"BreadcrumbList","@id":"https:\/\/holyland-olivewood.com\/de\/produkt\/einzelblock-olivenholz-messer-griff-rohlinge-0-25-x-1-x-3-4-paar\/#breadcrumb","itemListElement":[{"@type":"ListItem","position":1,"name":"Home","item":"https:\/\/holyland-olivewood.com\/de\/home\/"},{"@type":"ListItem","position":2,"name":"Alle Produkte ansehen","item":"https:\/\/holyland-olivewood.com\/de\/shop\/"},{"@type":"ListItem","position":3,"name":"Single Block Olivewood Messergriff Rohlinge (0,5 &#8222;x 1,5&#8243; x 4&#8220;) Vier Paare"}]},{"@type":"WebSite","@id":"https:\/\/holyland-olivewood.com\/de\/#website","url":"https:\/\/holyland-olivewood.com\/de\/","name":"Holy Land Olive Wood - Bethlehem Olive Wood Factory","description":"Holy Land Olivewood Bethlehem","publisher":{"@id":"https:\/\/holyland-olivewood.com\/de\/#organization"},"potentialAction":[{"@type":"SearchAction","target":{"@type":"EntryPoint","urlTemplate":"https:\/\/holyland-olivewood.com\/de\/?s={search_term_string}"},"query-input":{"@type":"PropertyValueSpecification","valueRequired":true,"valueName":"search_term_string"}}],"inLanguage":"de"},{"@type":"Organization","@id":"https:\/\/holyland-olivewood.com\/de\/#organization","name":"Holy Land Olivewood","url":"https:\/\/holyland-olivewood.com\/de\/","logo":{"@type":"ImageObject","inLanguage":"de","@id":"https:\/\/holyland-olivewood.com\/de\/#\/schema\/logo\/image\/","url":"","contentUrl":"","caption":"Holy Land Olivewood"},"image":{"@id":"https:\/\/holyland-olivewood.com\/de\/#\/schema\/logo\/image\/"},"sameAs":["https:\/\/www.facebook.com\/holylandolivewood.bethlehem\/","http:\/\/instagram.com\/holy.land.olive.wood"]}]}},"_links":{"self":[{"href":"https:\/\/holyland-olivewood.com\/de\/wp-json\/wp\/v2\/product\/42793","targetHints":{"allow":["GET"]}}],"collection":[{"href":"https:\/\/holyland-olivewood.com\/de\/wp-json\/wp\/v2\/product"}],"about":[{"href":"https:\/\/holyland-olivewood.com\/de\/wp-json\/wp\/v2\/types\/product"}],"replies":[{"embeddable":true,"href":"https:\/\/holyland-olivewood.com\/de\/wp-json\/wp\/v2\/comments?post=42793"}],"version-history":[{"count":0,"href":"https:\/\/holyland-olivewood.com\/de\/wp-json\/wp\/v2\/product\/42793\/revisions"}],"wp:featuredmedia":[{"embeddable":true,"href":"https:\/\/holyland-olivewood.com\/de\/wp-json\/wp\/v2\/media\/33881"}],"wp:attachment":[{"href":"https:\/\/holyland-olivewood.com\/de\/wp-json\/wp\/v2\/media?parent=42793"}],"wp:term":[{"taxonomy":"product_brand","embeddable":true,"href":"https:\/\/holyland-olivewood.com\/de\/wp-json\/wp\/v2\/product_brand?post=42793"},{"taxonomy":"product_cat","embeddable":true,"href":"https:\/\/holyland-olivewood.com\/de\/wp-json\/wp\/v2\/product_cat?post=42793"},{"taxonomy":"product_tag","embeddable":true,"href":"https:\/\/holyland-olivewood.com\/de\/wp-json\/wp\/v2\/product_tag?post=42793"}],"curies":[{"name":"wp","href":"https:\/\/api.w.org\/{rel}","templated":true}]}}