{"id":42326,"date":"2018-08-27T16:45:49","date_gmt":"2022-02-09T07:37:12","guid":{"rendered":"https:\/\/holyland-olivewood.com\/product\/handgefertigte-bethlehem-olivenholz-fliege-diamond-style-w103\/"},"modified":"2022-02-09T07:37:12","modified_gmt":"2022-02-09T07:37:12","slug":"handgefertigt-bethlehem-olive-wood-bow-tie-diamond-style-w103","status":"publish","type":"product","link":"https:\/\/holyland-olivewood.com\/de\/produkt\/handgefertigt-bethlehem-olive-wood-bow-tie-diamond-style-w103\/","title":{"rendered":"Handgefertigte Bethlehem Olivenholz Fliege [Diamond Style] #W103"},"content":{"rendered":"","protected":false},"excerpt":{"rendered":"<p>Diese wundersch\u00f6ne Fliege wird im Heiligen Land aus einem einzigen St\u00fcck nachhaltig geerntetem, authentischem Bethlehem Olivenholz handgefertigt. Dieses St\u00fcck ist sehr langlebig und hat ein feines Finish, das sich seidig glatt anf\u00fchlt. Es ist auf einem sehr strapazierf\u00e4higen 2 Zentimeter breiten elastischen Band mit strapazierf\u00e4higen Stahlclips montiert. Diese Fliege passt auch zu jedem Outfit, da ihre 100{2f9fea33a2c142858c406f70e8527ba43513ec75a7d01dae5601b00fab7679f6}  das Mittelst\u00fcck aus reinem Satin ist in den folgenden 11 Farben erh\u00e4ltlich: A.) Lavendar, B.) Lila, C.) Rot, D.) Burgund, E.) Pistazie, F.) Gold, G.) Silber, H.) Schwarz, I.) Wei\u00df, J.) Cremefarben &amp; K.) Marineblau<\/p>\n<p>Dieser Artikel enth\u00e4lt ein Echtheitszertifikat, das die zur Herstellung dieses Produkts verwendeten Materialien und Techniken \u00fcberpr\u00fcft.<\/p>\n<p><strong>Gr\u00f6\u00dfe:<\/strong> 12 cm x 5 cm (4.75&#8243; x 2&#8243;)<\/p>\n","protected":false},"featured_media":51529,"comment_status":"closed","ping_status":"closed","template":"","meta":[],"product_brand":[],"product_cat":[2831],"product_tag":[],"class_list":{"0":"post-42326","1":"product","2":"type-product","3":"status-publish","4":"has-post-thumbnail","6":"product_cat-holzfliege","8":"first","9":"instock","10":"shipping-taxable","11":"purchasable","12":"product-type-variable"},"yoast_head":"<!-- This site is optimized with the Yoast SEO plugin v27.4 - https:\/\/yoast.com\/product\/yoast-seo-wordpress\/ -->\n<title>Handgefertigte Bethlehem Olivenholz Fliege [Diamond Style] #W103 - Holy Land Olive Wood - Bethlehem Olive Wood Factory<\/title>\n<meta name=\"description\" content=\"Holzfliege Olivenholz Kunsthandwerk (dh Olivenholz Fliege) heilige Familie, Weihnachten, Figuren, &amp; Rohmaterial in Standard- und kundenspezifischen Abmessungen.\" \/>\n<meta name=\"robots\" content=\"index, follow, max-snippet:-1, max-image-preview:large, max-video-preview:-1\" \/>\n<link rel=\"canonical\" href=\"https:\/\/holyland-olivewood.com\/de\/produkt\/handgefertigt-bethlehem-olive-wood-bow-tie-diamond-style-w103\/\" \/>\n<meta property=\"og:locale\" content=\"de_DE\" \/>\n<meta property=\"og:type\" content=\"article\" \/>\n<meta property=\"og:title\" content=\"Handgefertigte Bethlehem Olivenholz Fliege [Diamond Style] #W103 - Holy Land Olive Wood - Bethlehem Olive Wood Factory\" \/>\n<meta property=\"og:description\" content=\"Holzfliege Olivenholz Kunsthandwerk (dh Olivenholz Fliege) heilige Familie, Weihnachten, Figuren, &amp; Rohmaterial in Standard- und kundenspezifischen Abmessungen.\" \/>\n<meta property=\"og:url\" content=\"https:\/\/holyland-olivewood.com\/de\/produkt\/handgefertigt-bethlehem-olive-wood-bow-tie-diamond-style-w103\/\" \/>\n<meta property=\"og:site_name\" content=\"Holy Land Olive Wood - Bethlehem Olive Wood Factory\" \/>\n<meta property=\"article:publisher\" content=\"https:\/\/www.facebook.com\/holylandolivewood.bethlehem\/\" \/>\n<meta property=\"og:image\" content=\"https:\/\/holyland-olivewood.com\/wp-content\/uploads\/2018\/08\/wooden_bow_tie_olive_wood_handmade_holy_land_bethlehem_w103-1.jpg\" \/>\n\t<meta property=\"og:image:width\" content=\"1550\" \/>\n\t<meta property=\"og:image:height\" content=\"1200\" \/>\n\t<meta property=\"og:image:type\" content=\"image\/jpeg\" \/>\n<meta name=\"twitter:card\" content=\"summary_large_image\" \/>\n<script type=\"application\/ld+json\" class=\"yoast-schema-graph\">{\"@context\":\"https:\\\/\\\/schema.org\",\"@graph\":[{\"@type\":\"WebPage\",\"@id\":\"https:\\\/\\\/holyland-olivewood.com\\\/de\\\/produkt\\\/handgefertigt-bethlehem-olive-wood-bow-tie-diamond-style-w103\\\/\",\"url\":\"https:\\\/\\\/holyland-olivewood.com\\\/de\\\/produkt\\\/handgefertigt-bethlehem-olive-wood-bow-tie-diamond-style-w103\\\/\",\"name\":\"Handgefertigte Bethlehem Olivenholz Fliege [Diamond Style] #W103 - Holy Land Olive Wood - Bethlehem Olive Wood Factory\",\"isPartOf\":{\"@id\":\"https:\\\/\\\/holyland-olivewood.com\\\/de\\\/#website\"},\"primaryImageOfPage\":{\"@id\":\"https:\\\/\\\/holyland-olivewood.com\\\/de\\\/produkt\\\/handgefertigt-bethlehem-olive-wood-bow-tie-diamond-style-w103\\\/#primaryimage\"},\"image\":{\"@id\":\"https:\\\/\\\/holyland-olivewood.com\\\/de\\\/produkt\\\/handgefertigt-bethlehem-olive-wood-bow-tie-diamond-style-w103\\\/#primaryimage\"},\"thumbnailUrl\":\"https:\\\/\\\/holyland-olivewood.com\\\/wp-content\\\/uploads\\\/2018\\\/08\\\/wooden_bow_tie_olive_wood_handmade_holy_land_bethlehem_w103-1.jpg\",\"datePublished\":\"2022-02-09T07:37:12+00:00\",\"description\":\"Holzfliege Olivenholz Kunsthandwerk (dh Olivenholz Fliege) heilige Familie, Weihnachten, Figuren, & Rohmaterial in Standard- und kundenspezifischen Abmessungen.\",\"breadcrumb\":{\"@id\":\"https:\\\/\\\/holyland-olivewood.com\\\/de\\\/produkt\\\/handgefertigt-bethlehem-olive-wood-bow-tie-diamond-style-w103\\\/#breadcrumb\"},\"inLanguage\":\"de\",\"potentialAction\":[{\"@type\":\"ReadAction\",\"target\":[\"https:\\\/\\\/holyland-olivewood.com\\\/de\\\/produkt\\\/handgefertigt-bethlehem-olive-wood-bow-tie-diamond-style-w103\\\/\"]}]},{\"@type\":\"ImageObject\",\"inLanguage\":\"de\",\"@id\":\"https:\\\/\\\/holyland-olivewood.com\\\/de\\\/produkt\\\/handgefertigt-bethlehem-olive-wood-bow-tie-diamond-style-w103\\\/#primaryimage\",\"url\":\"https:\\\/\\\/holyland-olivewood.com\\\/wp-content\\\/uploads\\\/2018\\\/08\\\/wooden_bow_tie_olive_wood_handmade_holy_land_bethlehem_w103-1.jpg\",\"contentUrl\":\"https:\\\/\\\/holyland-olivewood.com\\\/wp-content\\\/uploads\\\/2018\\\/08\\\/wooden_bow_tie_olive_wood_handmade_holy_land_bethlehem_w103-1.jpg\",\"width\":1550,\"height\":1200},{\"@type\":\"BreadcrumbList\",\"@id\":\"https:\\\/\\\/holyland-olivewood.com\\\/de\\\/produkt\\\/handgefertigt-bethlehem-olive-wood-bow-tie-diamond-style-w103\\\/#breadcrumb\",\"itemListElement\":[{\"@type\":\"ListItem\",\"position\":1,\"name\":\"Home\",\"item\":\"https:\\\/\\\/holyland-olivewood.com\\\/de\\\/home\\\/\"},{\"@type\":\"ListItem\",\"position\":2,\"name\":\"Alle Produkte ansehen\",\"item\":\"https:\\\/\\\/holyland-olivewood.com\\\/de\\\/shop\\\/\"},{\"@type\":\"ListItem\",\"position\":3,\"name\":\"Handgefertigte Bethlehem Olivenholz Fliege [Diamond Style] #W103\"}]},{\"@type\":\"WebSite\",\"@id\":\"https:\\\/\\\/holyland-olivewood.com\\\/de\\\/#website\",\"url\":\"https:\\\/\\\/holyland-olivewood.com\\\/de\\\/\",\"name\":\"Holy Land Olive Wood - Bethlehem Olive Wood Factory\",\"description\":\"Holy Land Olivewood Bethlehem\",\"publisher\":{\"@id\":\"https:\\\/\\\/holyland-olivewood.com\\\/de\\\/#organization\"},\"potentialAction\":[{\"@type\":\"SearchAction\",\"target\":{\"@type\":\"EntryPoint\",\"urlTemplate\":\"https:\\\/\\\/holyland-olivewood.com\\\/de\\\/?s={search_term_string}\"},\"query-input\":{\"@type\":\"PropertyValueSpecification\",\"valueRequired\":true,\"valueName\":\"search_term_string\"}}],\"inLanguage\":\"de\"},{\"@type\":\"Organization\",\"@id\":\"https:\\\/\\\/holyland-olivewood.com\\\/de\\\/#organization\",\"name\":\"Holy Land Olivewood\",\"url\":\"https:\\\/\\\/holyland-olivewood.com\\\/de\\\/\",\"logo\":{\"@type\":\"ImageObject\",\"inLanguage\":\"de\",\"@id\":\"https:\\\/\\\/holyland-olivewood.com\\\/de\\\/#\\\/schema\\\/logo\\\/image\\\/\",\"url\":\"\",\"contentUrl\":\"\",\"caption\":\"Holy Land Olivewood\"},\"image\":{\"@id\":\"https:\\\/\\\/holyland-olivewood.com\\\/de\\\/#\\\/schema\\\/logo\\\/image\\\/\"},\"sameAs\":[\"https:\\\/\\\/www.facebook.com\\\/holylandolivewood.bethlehem\\\/\",\"http:\\\/\\\/instagram.com\\\/holy.land.olive.wood\"]}]}<\/script>\n<!-- \/ Yoast SEO plugin. -->","yoast_head_json":{"title":"Handgefertigte Bethlehem Olivenholz Fliege [Diamond Style] #W103 - Holy Land Olive Wood - Bethlehem Olive Wood Factory","description":"Holzfliege Olivenholz Kunsthandwerk (dh Olivenholz Fliege) heilige Familie, Weihnachten, Figuren, & Rohmaterial in Standard- und kundenspezifischen Abmessungen.","robots":{"index":"index","follow":"follow","max-snippet":"max-snippet:-1","max-image-preview":"max-image-preview:large","max-video-preview":"max-video-preview:-1"},"canonical":"https:\/\/holyland-olivewood.com\/de\/produkt\/handgefertigt-bethlehem-olive-wood-bow-tie-diamond-style-w103\/","og_locale":"de_DE","og_type":"article","og_title":"Handgefertigte Bethlehem Olivenholz Fliege [Diamond Style] #W103 - Holy Land Olive Wood - Bethlehem Olive Wood Factory","og_description":"Holzfliege Olivenholz Kunsthandwerk (dh Olivenholz Fliege) heilige Familie, Weihnachten, Figuren, & Rohmaterial in Standard- und kundenspezifischen Abmessungen.","og_url":"https:\/\/holyland-olivewood.com\/de\/produkt\/handgefertigt-bethlehem-olive-wood-bow-tie-diamond-style-w103\/","og_site_name":"Holy Land Olive Wood - Bethlehem Olive Wood Factory","article_publisher":"https:\/\/www.facebook.com\/holylandolivewood.bethlehem\/","og_image":[{"width":1550,"height":1200,"url":"https:\/\/holyland-olivewood.com\/wp-content\/uploads\/2018\/08\/wooden_bow_tie_olive_wood_handmade_holy_land_bethlehem_w103-1.jpg","type":"image\/jpeg"}],"twitter_card":"summary_large_image","schema":{"@context":"https:\/\/schema.org","@graph":[{"@type":"WebPage","@id":"https:\/\/holyland-olivewood.com\/de\/produkt\/handgefertigt-bethlehem-olive-wood-bow-tie-diamond-style-w103\/","url":"https:\/\/holyland-olivewood.com\/de\/produkt\/handgefertigt-bethlehem-olive-wood-bow-tie-diamond-style-w103\/","name":"Handgefertigte Bethlehem Olivenholz Fliege [Diamond Style] #W103 - Holy Land Olive Wood - Bethlehem Olive Wood Factory","isPartOf":{"@id":"https:\/\/holyland-olivewood.com\/de\/#website"},"primaryImageOfPage":{"@id":"https:\/\/holyland-olivewood.com\/de\/produkt\/handgefertigt-bethlehem-olive-wood-bow-tie-diamond-style-w103\/#primaryimage"},"image":{"@id":"https:\/\/holyland-olivewood.com\/de\/produkt\/handgefertigt-bethlehem-olive-wood-bow-tie-diamond-style-w103\/#primaryimage"},"thumbnailUrl":"https:\/\/holyland-olivewood.com\/wp-content\/uploads\/2018\/08\/wooden_bow_tie_olive_wood_handmade_holy_land_bethlehem_w103-1.jpg","datePublished":"2022-02-09T07:37:12+00:00","description":"Holzfliege Olivenholz Kunsthandwerk (dh Olivenholz Fliege) heilige Familie, Weihnachten, Figuren, & Rohmaterial in Standard- und kundenspezifischen Abmessungen.","breadcrumb":{"@id":"https:\/\/holyland-olivewood.com\/de\/produkt\/handgefertigt-bethlehem-olive-wood-bow-tie-diamond-style-w103\/#breadcrumb"},"inLanguage":"de","potentialAction":[{"@type":"ReadAction","target":["https:\/\/holyland-olivewood.com\/de\/produkt\/handgefertigt-bethlehem-olive-wood-bow-tie-diamond-style-w103\/"]}]},{"@type":"ImageObject","inLanguage":"de","@id":"https:\/\/holyland-olivewood.com\/de\/produkt\/handgefertigt-bethlehem-olive-wood-bow-tie-diamond-style-w103\/#primaryimage","url":"https:\/\/holyland-olivewood.com\/wp-content\/uploads\/2018\/08\/wooden_bow_tie_olive_wood_handmade_holy_land_bethlehem_w103-1.jpg","contentUrl":"https:\/\/holyland-olivewood.com\/wp-content\/uploads\/2018\/08\/wooden_bow_tie_olive_wood_handmade_holy_land_bethlehem_w103-1.jpg","width":1550,"height":1200},{"@type":"BreadcrumbList","@id":"https:\/\/holyland-olivewood.com\/de\/produkt\/handgefertigt-bethlehem-olive-wood-bow-tie-diamond-style-w103\/#breadcrumb","itemListElement":[{"@type":"ListItem","position":1,"name":"Home","item":"https:\/\/holyland-olivewood.com\/de\/home\/"},{"@type":"ListItem","position":2,"name":"Alle Produkte ansehen","item":"https:\/\/holyland-olivewood.com\/de\/shop\/"},{"@type":"ListItem","position":3,"name":"Handgefertigte Bethlehem Olivenholz Fliege [Diamond Style] #W103"}]},{"@type":"WebSite","@id":"https:\/\/holyland-olivewood.com\/de\/#website","url":"https:\/\/holyland-olivewood.com\/de\/","name":"Holy Land Olive Wood - Bethlehem Olive Wood Factory","description":"Holy Land Olivewood Bethlehem","publisher":{"@id":"https:\/\/holyland-olivewood.com\/de\/#organization"},"potentialAction":[{"@type":"SearchAction","target":{"@type":"EntryPoint","urlTemplate":"https:\/\/holyland-olivewood.com\/de\/?s={search_term_string}"},"query-input":{"@type":"PropertyValueSpecification","valueRequired":true,"valueName":"search_term_string"}}],"inLanguage":"de"},{"@type":"Organization","@id":"https:\/\/holyland-olivewood.com\/de\/#organization","name":"Holy Land Olivewood","url":"https:\/\/holyland-olivewood.com\/de\/","logo":{"@type":"ImageObject","inLanguage":"de","@id":"https:\/\/holyland-olivewood.com\/de\/#\/schema\/logo\/image\/","url":"","contentUrl":"","caption":"Holy Land Olivewood"},"image":{"@id":"https:\/\/holyland-olivewood.com\/de\/#\/schema\/logo\/image\/"},"sameAs":["https:\/\/www.facebook.com\/holylandolivewood.bethlehem\/","http:\/\/instagram.com\/holy.land.olive.wood"]}]}},"_links":{"self":[{"href":"https:\/\/holyland-olivewood.com\/de\/wp-json\/wp\/v2\/product\/42326","targetHints":{"allow":["GET"]}}],"collection":[{"href":"https:\/\/holyland-olivewood.com\/de\/wp-json\/wp\/v2\/product"}],"about":[{"href":"https:\/\/holyland-olivewood.com\/de\/wp-json\/wp\/v2\/types\/product"}],"replies":[{"embeddable":true,"href":"https:\/\/holyland-olivewood.com\/de\/wp-json\/wp\/v2\/comments?post=42326"}],"version-history":[{"count":0,"href":"https:\/\/holyland-olivewood.com\/de\/wp-json\/wp\/v2\/product\/42326\/revisions"}],"wp:featuredmedia":[{"embeddable":true,"href":"https:\/\/holyland-olivewood.com\/de\/wp-json\/wp\/v2\/media\/51529"}],"wp:attachment":[{"href":"https:\/\/holyland-olivewood.com\/de\/wp-json\/wp\/v2\/media?parent=42326"}],"wp:term":[{"taxonomy":"product_brand","embeddable":true,"href":"https:\/\/holyland-olivewood.com\/de\/wp-json\/wp\/v2\/product_brand?post=42326"},{"taxonomy":"product_cat","embeddable":true,"href":"https:\/\/holyland-olivewood.com\/de\/wp-json\/wp\/v2\/product_cat?post=42326"},{"taxonomy":"product_tag","embeddable":true,"href":"https:\/\/holyland-olivewood.com\/de\/wp-json\/wp\/v2\/product_tag?post=42326"}],"curies":[{"name":"wp","href":"https:\/\/api.w.org\/{rel}","templated":true}]}}