{"id":63547,"date":"2025-11-03T17:08:26","date_gmt":"2025-11-03T17:08:26","guid":{"rendered":"https:\/\/holyland-olivewood.com\/product\/haandlavet-vaegophaeng-af-oliventrae-til-den-sidste-nadver-fi148\/"},"modified":"2025-11-04T04:19:33","modified_gmt":"2025-11-04T04:19:33","slug":"haandlavet-vaegophaeng-af-oliventrae-til-den-sidste-nadver-fi148","status":"publish","type":"product","link":"https:\/\/holyland-olivewood.com\/da\/vare\/haandlavet-vaegophaeng-af-oliventrae-til-den-sidste-nadver-fi148\/","title":{"rendered":"H\u00e5ndlavet v\u00e6goph\u00e6ng af oliventr\u00e6 til den sidste nadver #FI148"},"content":{"rendered":"","protected":false},"excerpt":{"rendered":"<p>Dette smukke Last Supper Wall Hanging er h\u00e5ndsk\u00e5ret i Det Hellige Land af b\u00e6redygtigt h\u00f8stet, autentisk oliventr\u00e6 fra Betlehem. De indviklede detaljer af Jesus og hans disciple, der er samlet ved bordet, er dygtigt udformet og fremh\u00e6ver oliventr\u00e6ets naturlige \u00e5rer og varme. Et meningsfuldt stykke kristen kunst, perfekt til boligindretning, kirker eller som en \u00e5ndelig gave, der b\u00e6rer essensen af Betlehem.  <\/p>\n<p>Hvert stykke leveres med et \u00e6gthedscertifikat, der bekr\u00e6fter de materialer og det traditionelle h\u00e5ndv\u00e6rk, der er brugt til at skabe det.<\/p>\n<p>St\u00f8rrelse: 12,5 cm x 30,5 cm x 44 cm (4,9&#8243; x 12&#8243; x 17,3&#8243;)<\/p>\n","protected":false},"featured_media":63549,"comment_status":"closed","ping_status":"closed","template":"","meta":[],"product_brand":[],"product_cat":[1564,740],"product_tag":[4502,5200,5517,5521,753,2485,4075,4576,5519,4107,5520,5523,5518],"class_list":{"0":"post-63547","1":"product","2":"type-product","3":"status-publish","4":"has-post-thumbnail","6":"product_cat-figurer","7":"product_cat-kunsthandvaerk","8":"product_tag-betlehems-oliventrae","9":"product_tag-boligindretning","10":"product_tag-den-sidste-nadver","11":"product_tag-disciple","12":"product_tag-handlavet","13":"product_tag-helligt-land","14":"product_tag-jesus-da-2","15":"product_tag-kristen-gave","16":"product_tag-kristen-indretning","17":"product_tag-oliventrae-da","18":"product_tag-religios-kunst","19":"product_tag-udskaering-i-oliventrae","20":"product_tag-vaegophaeng","22":"first","23":"instock","24":"shipping-taxable","25":"purchasable","26":"product-type-simple"},"yoast_head":"<!-- This site is optimized with the Yoast SEO plugin v27.4 - https:\/\/yoast.com\/product\/yoast-seo-wordpress\/ -->\n<title>H\u00e5ndlavet v\u00e6goph\u00e6ng af oliventr\u00e6 til den sidste nadver #FI148 - Holy Land Olive Wood - Bethlehem Olive Wood Factory<\/title>\n<meta name=\"description\" content=\"H\u00e5ndlavet v\u00e6goph\u00e6ng i oliventr\u00e6 med sidste nadver fra Betlehem. En meningsfuld kristen dekoration lavet i Det Hellige Land.\" \/>\n<meta name=\"robots\" content=\"index, follow, max-snippet:-1, max-image-preview:large, max-video-preview:-1\" \/>\n<link rel=\"canonical\" href=\"https:\/\/holyland-olivewood.com\/da\/vare\/haandlavet-vaegophaeng-af-oliventrae-til-den-sidste-nadver-fi148\/\" \/>\n<meta property=\"og:locale\" content=\"da_DK\" \/>\n<meta property=\"og:type\" content=\"article\" \/>\n<meta property=\"og:title\" content=\"H\u00e5ndlavet v\u00e6goph\u00e6ng af oliventr\u00e6 til den sidste nadver #FI148 - Holy Land Olive Wood - Bethlehem Olive Wood Factory\" \/>\n<meta property=\"og:description\" content=\"H\u00e5ndlavet v\u00e6goph\u00e6ng i oliventr\u00e6 med sidste nadver fra Betlehem. En meningsfuld kristen dekoration lavet i Det Hellige Land.\" \/>\n<meta property=\"og:url\" content=\"https:\/\/holyland-olivewood.com\/da\/vare\/haandlavet-vaegophaeng-af-oliventrae-til-den-sidste-nadver-fi148\/\" \/>\n<meta property=\"og:site_name\" content=\"Holy Land Olive Wood - Bethlehem Olive Wood Factory\" \/>\n<meta property=\"article:publisher\" content=\"https:\/\/www.facebook.com\/holylandolivewood.bethlehem\/\" \/>\n<meta property=\"article:modified_time\" content=\"2025-11-04T04:19:33+00:00\" \/>\n<meta property=\"og:image\" content=\"https:\/\/holyland-olivewood.com\/wp-content\/uploads\/2025\/11\/bethlehem-olive-wood-last-supper-wall-hanging-fi148-1.jpg\" \/>\n\t<meta property=\"og:image:width\" content=\"1550\" \/>\n\t<meta property=\"og:image:height\" content=\"1200\" \/>\n\t<meta property=\"og:image:type\" content=\"image\/jpeg\" \/>\n<meta name=\"twitter:card\" content=\"summary_large_image\" \/>\n<script type=\"application\/ld+json\" class=\"yoast-schema-graph\">{\"@context\":\"https:\\\/\\\/schema.org\",\"@graph\":[{\"@type\":\"WebPage\",\"@id\":\"https:\\\/\\\/holyland-olivewood.com\\\/da\\\/vare\\\/haandlavet-vaegophaeng-af-oliventrae-til-den-sidste-nadver-fi148\\\/\",\"url\":\"https:\\\/\\\/holyland-olivewood.com\\\/da\\\/vare\\\/haandlavet-vaegophaeng-af-oliventrae-til-den-sidste-nadver-fi148\\\/\",\"name\":\"H\u00e5ndlavet v\u00e6goph\u00e6ng af oliventr\u00e6 til den sidste nadver #FI148 - Holy Land Olive Wood - Bethlehem Olive Wood Factory\",\"isPartOf\":{\"@id\":\"https:\\\/\\\/holyland-olivewood.com\\\/da\\\/#website\"},\"primaryImageOfPage\":{\"@id\":\"https:\\\/\\\/holyland-olivewood.com\\\/da\\\/vare\\\/haandlavet-vaegophaeng-af-oliventrae-til-den-sidste-nadver-fi148\\\/#primaryimage\"},\"image\":{\"@id\":\"https:\\\/\\\/holyland-olivewood.com\\\/da\\\/vare\\\/haandlavet-vaegophaeng-af-oliventrae-til-den-sidste-nadver-fi148\\\/#primaryimage\"},\"thumbnailUrl\":\"https:\\\/\\\/holyland-olivewood.com\\\/wp-content\\\/uploads\\\/2025\\\/11\\\/bethlehem-olive-wood-last-supper-wall-hanging-fi148-1.jpg\",\"datePublished\":\"2025-11-03T17:08:26+00:00\",\"dateModified\":\"2025-11-04T04:19:33+00:00\",\"description\":\"H\u00e5ndlavet v\u00e6goph\u00e6ng i oliventr\u00e6 med sidste nadver fra Betlehem. En meningsfuld kristen dekoration lavet i Det Hellige Land.\",\"breadcrumb\":{\"@id\":\"https:\\\/\\\/holyland-olivewood.com\\\/da\\\/vare\\\/haandlavet-vaegophaeng-af-oliventrae-til-den-sidste-nadver-fi148\\\/#breadcrumb\"},\"inLanguage\":\"da-DK\",\"potentialAction\":[{\"@type\":\"ReadAction\",\"target\":[\"https:\\\/\\\/holyland-olivewood.com\\\/da\\\/vare\\\/haandlavet-vaegophaeng-af-oliventrae-til-den-sidste-nadver-fi148\\\/\"]}]},{\"@type\":\"ImageObject\",\"inLanguage\":\"da-DK\",\"@id\":\"https:\\\/\\\/holyland-olivewood.com\\\/da\\\/vare\\\/haandlavet-vaegophaeng-af-oliventrae-til-den-sidste-nadver-fi148\\\/#primaryimage\",\"url\":\"https:\\\/\\\/holyland-olivewood.com\\\/wp-content\\\/uploads\\\/2025\\\/11\\\/bethlehem-olive-wood-last-supper-wall-hanging-fi148-1.jpg\",\"contentUrl\":\"https:\\\/\\\/holyland-olivewood.com\\\/wp-content\\\/uploads\\\/2025\\\/11\\\/bethlehem-olive-wood-last-supper-wall-hanging-fi148-1.jpg\",\"width\":1550,\"height\":1200},{\"@type\":\"BreadcrumbList\",\"@id\":\"https:\\\/\\\/holyland-olivewood.com\\\/da\\\/vare\\\/haandlavet-vaegophaeng-af-oliventrae-til-den-sidste-nadver-fi148\\\/#breadcrumb\",\"itemListElement\":[{\"@type\":\"ListItem\",\"position\":1,\"name\":\"Home\",\"item\":\"https:\\\/\\\/holyland-olivewood.com\\\/da\\\/home\\\/\"},{\"@type\":\"ListItem\",\"position\":2,\"name\":\"Se alle produkter\",\"item\":\"https:\\\/\\\/holyland-olivewood.com\\\/da\\\/shop\\\/\"},{\"@type\":\"ListItem\",\"position\":3,\"name\":\"H\u00e5ndlavet v\u00e6goph\u00e6ng af oliventr\u00e6 til den sidste nadver #FI148\"}]},{\"@type\":\"WebSite\",\"@id\":\"https:\\\/\\\/holyland-olivewood.com\\\/da\\\/#website\",\"url\":\"https:\\\/\\\/holyland-olivewood.com\\\/da\\\/\",\"name\":\"Holy Land Olive Wood - Bethlehem Olive Wood Factory\",\"description\":\"Holy Land Olivewood Bethlehem\",\"publisher\":{\"@id\":\"https:\\\/\\\/holyland-olivewood.com\\\/da\\\/#organization\"},\"potentialAction\":[{\"@type\":\"SearchAction\",\"target\":{\"@type\":\"EntryPoint\",\"urlTemplate\":\"https:\\\/\\\/holyland-olivewood.com\\\/da\\\/?s={search_term_string}\"},\"query-input\":{\"@type\":\"PropertyValueSpecification\",\"valueRequired\":true,\"valueName\":\"search_term_string\"}}],\"inLanguage\":\"da-DK\"},{\"@type\":\"Organization\",\"@id\":\"https:\\\/\\\/holyland-olivewood.com\\\/da\\\/#organization\",\"name\":\"Holy Land Olivewood\",\"url\":\"https:\\\/\\\/holyland-olivewood.com\\\/da\\\/\",\"logo\":{\"@type\":\"ImageObject\",\"inLanguage\":\"da-DK\",\"@id\":\"https:\\\/\\\/holyland-olivewood.com\\\/da\\\/#\\\/schema\\\/logo\\\/image\\\/\",\"url\":\"\",\"contentUrl\":\"\",\"caption\":\"Holy Land Olivewood\"},\"image\":{\"@id\":\"https:\\\/\\\/holyland-olivewood.com\\\/da\\\/#\\\/schema\\\/logo\\\/image\\\/\"},\"sameAs\":[\"https:\\\/\\\/www.facebook.com\\\/holylandolivewood.bethlehem\\\/\",\"http:\\\/\\\/instagram.com\\\/holy.land.olive.wood\"]}]}<\/script>\n<!-- \/ Yoast SEO plugin. -->","yoast_head_json":{"title":"H\u00e5ndlavet v\u00e6goph\u00e6ng af oliventr\u00e6 til den sidste nadver #FI148 - Holy Land Olive Wood - Bethlehem Olive Wood Factory","description":"H\u00e5ndlavet v\u00e6goph\u00e6ng i oliventr\u00e6 med sidste nadver fra Betlehem. En meningsfuld kristen dekoration lavet i Det Hellige Land.","robots":{"index":"index","follow":"follow","max-snippet":"max-snippet:-1","max-image-preview":"max-image-preview:large","max-video-preview":"max-video-preview:-1"},"canonical":"https:\/\/holyland-olivewood.com\/da\/vare\/haandlavet-vaegophaeng-af-oliventrae-til-den-sidste-nadver-fi148\/","og_locale":"da_DK","og_type":"article","og_title":"H\u00e5ndlavet v\u00e6goph\u00e6ng af oliventr\u00e6 til den sidste nadver #FI148 - Holy Land Olive Wood - Bethlehem Olive Wood Factory","og_description":"H\u00e5ndlavet v\u00e6goph\u00e6ng i oliventr\u00e6 med sidste nadver fra Betlehem. En meningsfuld kristen dekoration lavet i Det Hellige Land.","og_url":"https:\/\/holyland-olivewood.com\/da\/vare\/haandlavet-vaegophaeng-af-oliventrae-til-den-sidste-nadver-fi148\/","og_site_name":"Holy Land Olive Wood - Bethlehem Olive Wood Factory","article_publisher":"https:\/\/www.facebook.com\/holylandolivewood.bethlehem\/","article_modified_time":"2025-11-04T04:19:33+00:00","og_image":[{"width":1550,"height":1200,"url":"https:\/\/holyland-olivewood.com\/wp-content\/uploads\/2025\/11\/bethlehem-olive-wood-last-supper-wall-hanging-fi148-1.jpg","type":"image\/jpeg"}],"twitter_card":"summary_large_image","schema":{"@context":"https:\/\/schema.org","@graph":[{"@type":"WebPage","@id":"https:\/\/holyland-olivewood.com\/da\/vare\/haandlavet-vaegophaeng-af-oliventrae-til-den-sidste-nadver-fi148\/","url":"https:\/\/holyland-olivewood.com\/da\/vare\/haandlavet-vaegophaeng-af-oliventrae-til-den-sidste-nadver-fi148\/","name":"H\u00e5ndlavet v\u00e6goph\u00e6ng af oliventr\u00e6 til den sidste nadver #FI148 - Holy Land Olive Wood - Bethlehem Olive Wood Factory","isPartOf":{"@id":"https:\/\/holyland-olivewood.com\/da\/#website"},"primaryImageOfPage":{"@id":"https:\/\/holyland-olivewood.com\/da\/vare\/haandlavet-vaegophaeng-af-oliventrae-til-den-sidste-nadver-fi148\/#primaryimage"},"image":{"@id":"https:\/\/holyland-olivewood.com\/da\/vare\/haandlavet-vaegophaeng-af-oliventrae-til-den-sidste-nadver-fi148\/#primaryimage"},"thumbnailUrl":"https:\/\/holyland-olivewood.com\/wp-content\/uploads\/2025\/11\/bethlehem-olive-wood-last-supper-wall-hanging-fi148-1.jpg","datePublished":"2025-11-03T17:08:26+00:00","dateModified":"2025-11-04T04:19:33+00:00","description":"H\u00e5ndlavet v\u00e6goph\u00e6ng i oliventr\u00e6 med sidste nadver fra Betlehem. En meningsfuld kristen dekoration lavet i Det Hellige Land.","breadcrumb":{"@id":"https:\/\/holyland-olivewood.com\/da\/vare\/haandlavet-vaegophaeng-af-oliventrae-til-den-sidste-nadver-fi148\/#breadcrumb"},"inLanguage":"da-DK","potentialAction":[{"@type":"ReadAction","target":["https:\/\/holyland-olivewood.com\/da\/vare\/haandlavet-vaegophaeng-af-oliventrae-til-den-sidste-nadver-fi148\/"]}]},{"@type":"ImageObject","inLanguage":"da-DK","@id":"https:\/\/holyland-olivewood.com\/da\/vare\/haandlavet-vaegophaeng-af-oliventrae-til-den-sidste-nadver-fi148\/#primaryimage","url":"https:\/\/holyland-olivewood.com\/wp-content\/uploads\/2025\/11\/bethlehem-olive-wood-last-supper-wall-hanging-fi148-1.jpg","contentUrl":"https:\/\/holyland-olivewood.com\/wp-content\/uploads\/2025\/11\/bethlehem-olive-wood-last-supper-wall-hanging-fi148-1.jpg","width":1550,"height":1200},{"@type":"BreadcrumbList","@id":"https:\/\/holyland-olivewood.com\/da\/vare\/haandlavet-vaegophaeng-af-oliventrae-til-den-sidste-nadver-fi148\/#breadcrumb","itemListElement":[{"@type":"ListItem","position":1,"name":"Home","item":"https:\/\/holyland-olivewood.com\/da\/home\/"},{"@type":"ListItem","position":2,"name":"Se alle produkter","item":"https:\/\/holyland-olivewood.com\/da\/shop\/"},{"@type":"ListItem","position":3,"name":"H\u00e5ndlavet v\u00e6goph\u00e6ng af oliventr\u00e6 til den sidste nadver #FI148"}]},{"@type":"WebSite","@id":"https:\/\/holyland-olivewood.com\/da\/#website","url":"https:\/\/holyland-olivewood.com\/da\/","name":"Holy Land Olive Wood - Bethlehem Olive Wood Factory","description":"Holy Land Olivewood Bethlehem","publisher":{"@id":"https:\/\/holyland-olivewood.com\/da\/#organization"},"potentialAction":[{"@type":"SearchAction","target":{"@type":"EntryPoint","urlTemplate":"https:\/\/holyland-olivewood.com\/da\/?s={search_term_string}"},"query-input":{"@type":"PropertyValueSpecification","valueRequired":true,"valueName":"search_term_string"}}],"inLanguage":"da-DK"},{"@type":"Organization","@id":"https:\/\/holyland-olivewood.com\/da\/#organization","name":"Holy Land Olivewood","url":"https:\/\/holyland-olivewood.com\/da\/","logo":{"@type":"ImageObject","inLanguage":"da-DK","@id":"https:\/\/holyland-olivewood.com\/da\/#\/schema\/logo\/image\/","url":"","contentUrl":"","caption":"Holy Land Olivewood"},"image":{"@id":"https:\/\/holyland-olivewood.com\/da\/#\/schema\/logo\/image\/"},"sameAs":["https:\/\/www.facebook.com\/holylandolivewood.bethlehem\/","http:\/\/instagram.com\/holy.land.olive.wood"]}]}},"_links":{"self":[{"href":"https:\/\/holyland-olivewood.com\/da\/wp-json\/wp\/v2\/product\/63547","targetHints":{"allow":["GET"]}}],"collection":[{"href":"https:\/\/holyland-olivewood.com\/da\/wp-json\/wp\/v2\/product"}],"about":[{"href":"https:\/\/holyland-olivewood.com\/da\/wp-json\/wp\/v2\/types\/product"}],"replies":[{"embeddable":true,"href":"https:\/\/holyland-olivewood.com\/da\/wp-json\/wp\/v2\/comments?post=63547"}],"version-history":[{"count":0,"href":"https:\/\/holyland-olivewood.com\/da\/wp-json\/wp\/v2\/product\/63547\/revisions"}],"wp:featuredmedia":[{"embeddable":true,"href":"https:\/\/holyland-olivewood.com\/da\/wp-json\/wp\/v2\/media\/63549"}],"wp:attachment":[{"href":"https:\/\/holyland-olivewood.com\/da\/wp-json\/wp\/v2\/media?parent=63547"}],"wp:term":[{"taxonomy":"product_brand","embeddable":true,"href":"https:\/\/holyland-olivewood.com\/da\/wp-json\/wp\/v2\/product_brand?post=63547"},{"taxonomy":"product_cat","embeddable":true,"href":"https:\/\/holyland-olivewood.com\/da\/wp-json\/wp\/v2\/product_cat?post=63547"},{"taxonomy":"product_tag","embeddable":true,"href":"https:\/\/holyland-olivewood.com\/da\/wp-json\/wp\/v2\/product_tag?post=63547"}],"curies":[{"name":"wp","href":"https:\/\/api.w.org\/{rel}","templated":true}]}}