{"id":62653,"date":"2025-11-01T19:11:31","date_gmt":"2025-11-01T19:11:31","guid":{"rendered":"https:\/\/holyland-olivewood.com\/product\/haandlavet-noeglering-i-oliventrae-ke116\/"},"modified":"2025-11-02T04:17:13","modified_gmt":"2025-11-02T04:17:13","slug":"haandlavet-noeglering-i-oliventrae-ke116","status":"publish","type":"product","link":"https:\/\/holyland-olivewood.com\/da\/vare\/haandlavet-noeglering-i-oliventrae-ke116\/","title":{"rendered":"H\u00e5ndlavet n\u00f8glering i oliventr\u00e6 #KE116"},"content":{"rendered":"","protected":false},"excerpt":{"rendered":"<p>Denne smukke korsn\u00f8glering er h\u00e5ndlavet i Det Hellige Land af b\u00e6redygtigt h\u00f8stet, autentisk oliventr\u00e6 fra Betlehem. Denne enest\u00e5ende, elegant h\u00e5ndsk\u00e5rne n\u00f8glering er lavet af de fineste afklip fra oliventr\u00e6er i Det Hellige Land. Korset er designet, s\u00e5 det passer godt i din h\u00e5ndflade, hvilket g\u00f8r det ideelt til b\u00f8n eller meditation.  <\/p>\n<p>Denne vare indeholder et \u00e6gthedscertifikat, der bekr\u00e6fter de materialer og teknikker, der er brugt til at fremstille dette produkt.<\/p>\n<p>St\u00f8rrelse: 6,5 cm (2,5&#8243;) &#8211; henviser kun til tr\u00e6delen, ikke til n\u00f8gleringen.<\/p>\n","protected":false},"featured_media":62431,"comment_status":"closed","ping_status":"closed","template":"","meta":[],"product_brand":[],"product_cat":[1604,2531],"product_tag":[4502,4572,4584,4707,4576,4703,4705,4580,4571,4588,4578,4708],"class_list":{"0":"post-62653","1":"product","2":"type-product","3":"status-publish","4":"has-post-thumbnail","6":"product_cat-diverse","7":"product_cat-nogleringe","8":"product_tag-betlehems-oliventrae","9":"product_tag-handlavet-noglering","10":"product_tag-handlavet-oliventrae","11":"product_tag-jesus-noglering","12":"product_tag-kristen-gave","13":"product_tag-noglering-med-kors-i-oliventrae","14":"product_tag-noglering-med-traekors","15":"product_tag-noglering-med-tro","16":"product_tag-noglering-til-det-hellige-land","17":"product_tag-oliventrae-fra-det-hellige-land","18":"product_tag-religios-noglering","19":"product_tag-spirituelt-tilbehor","21":"first","22":"instock","23":"shipping-taxable","24":"purchasable","25":"product-type-simple"},"yoast_head":"<!-- This site is optimized with the Yoast SEO plugin v27.4 - https:\/\/yoast.com\/product\/yoast-seo-wordpress\/ -->\n<title>H\u00e5ndlavet n\u00f8glering i oliventr\u00e6 #KE116 - Holy Land Olive Wood - Bethlehem Olive Wood Factory<\/title>\n<meta name=\"description\" content=\"H\u00e5ndlavet n\u00f8glering med oliventr\u00e6skors fra Det Hellige Land - lavet af autentisk oliventr\u00e6 fra Betlehem, en meningsfuld kristen gave.\" \/>\n<meta name=\"robots\" content=\"index, follow, max-snippet:-1, max-image-preview:large, max-video-preview:-1\" \/>\n<link rel=\"canonical\" href=\"https:\/\/holyland-olivewood.com\/da\/vare\/haandlavet-noeglering-i-oliventrae-ke116\/\" \/>\n<meta property=\"og:locale\" content=\"da_DK\" \/>\n<meta property=\"og:type\" content=\"article\" \/>\n<meta property=\"og:title\" content=\"H\u00e5ndlavet n\u00f8glering i oliventr\u00e6 #KE116 - Holy Land Olive Wood - Bethlehem Olive Wood Factory\" \/>\n<meta property=\"og:description\" content=\"H\u00e5ndlavet n\u00f8glering med oliventr\u00e6skors fra Det Hellige Land - lavet af autentisk oliventr\u00e6 fra Betlehem, en meningsfuld kristen gave.\" \/>\n<meta property=\"og:url\" content=\"https:\/\/holyland-olivewood.com\/da\/vare\/haandlavet-noeglering-i-oliventrae-ke116\/\" \/>\n<meta property=\"og:site_name\" content=\"Holy Land Olive Wood - Bethlehem Olive Wood Factory\" \/>\n<meta property=\"article:publisher\" content=\"https:\/\/www.facebook.com\/holylandolivewood.bethlehem\/\" \/>\n<meta property=\"article:modified_time\" content=\"2025-11-02T04:17:13+00:00\" \/>\n<meta property=\"og:image\" content=\"https:\/\/holyland-olivewood.com\/wp-content\/uploads\/2016\/05\/olive-wood-comfort-cross-keychain_ke116-1.jpg\" \/>\n\t<meta property=\"og:image:width\" content=\"1550\" \/>\n\t<meta property=\"og:image:height\" content=\"1200\" \/>\n\t<meta property=\"og:image:type\" content=\"image\/jpeg\" \/>\n<meta name=\"twitter:card\" content=\"summary_large_image\" \/>\n<script type=\"application\/ld+json\" class=\"yoast-schema-graph\">{\"@context\":\"https:\\\/\\\/schema.org\",\"@graph\":[{\"@type\":\"WebPage\",\"@id\":\"https:\\\/\\\/holyland-olivewood.com\\\/da\\\/vare\\\/haandlavet-noeglering-i-oliventrae-ke116\\\/\",\"url\":\"https:\\\/\\\/holyland-olivewood.com\\\/da\\\/vare\\\/haandlavet-noeglering-i-oliventrae-ke116\\\/\",\"name\":\"H\u00e5ndlavet n\u00f8glering i oliventr\u00e6 #KE116 - Holy Land Olive Wood - Bethlehem Olive Wood Factory\",\"isPartOf\":{\"@id\":\"https:\\\/\\\/holyland-olivewood.com\\\/da\\\/#website\"},\"primaryImageOfPage\":{\"@id\":\"https:\\\/\\\/holyland-olivewood.com\\\/da\\\/vare\\\/haandlavet-noeglering-i-oliventrae-ke116\\\/#primaryimage\"},\"image\":{\"@id\":\"https:\\\/\\\/holyland-olivewood.com\\\/da\\\/vare\\\/haandlavet-noeglering-i-oliventrae-ke116\\\/#primaryimage\"},\"thumbnailUrl\":\"https:\\\/\\\/holyland-olivewood.com\\\/wp-content\\\/uploads\\\/2016\\\/05\\\/olive-wood-comfort-cross-keychain_ke116-1.jpg\",\"datePublished\":\"2025-11-01T19:11:31+00:00\",\"dateModified\":\"2025-11-02T04:17:13+00:00\",\"description\":\"H\u00e5ndlavet n\u00f8glering med oliventr\u00e6skors fra Det Hellige Land - lavet af autentisk oliventr\u00e6 fra Betlehem, en meningsfuld kristen gave.\",\"breadcrumb\":{\"@id\":\"https:\\\/\\\/holyland-olivewood.com\\\/da\\\/vare\\\/haandlavet-noeglering-i-oliventrae-ke116\\\/#breadcrumb\"},\"inLanguage\":\"da-DK\",\"potentialAction\":[{\"@type\":\"ReadAction\",\"target\":[\"https:\\\/\\\/holyland-olivewood.com\\\/da\\\/vare\\\/haandlavet-noeglering-i-oliventrae-ke116\\\/\"]}]},{\"@type\":\"ImageObject\",\"inLanguage\":\"da-DK\",\"@id\":\"https:\\\/\\\/holyland-olivewood.com\\\/da\\\/vare\\\/haandlavet-noeglering-i-oliventrae-ke116\\\/#primaryimage\",\"url\":\"https:\\\/\\\/holyland-olivewood.com\\\/wp-content\\\/uploads\\\/2016\\\/05\\\/olive-wood-comfort-cross-keychain_ke116-1.jpg\",\"contentUrl\":\"https:\\\/\\\/holyland-olivewood.com\\\/wp-content\\\/uploads\\\/2016\\\/05\\\/olive-wood-comfort-cross-keychain_ke116-1.jpg\",\"width\":1550,\"height\":1200},{\"@type\":\"BreadcrumbList\",\"@id\":\"https:\\\/\\\/holyland-olivewood.com\\\/da\\\/vare\\\/haandlavet-noeglering-i-oliventrae-ke116\\\/#breadcrumb\",\"itemListElement\":[{\"@type\":\"ListItem\",\"position\":1,\"name\":\"Home\",\"item\":\"https:\\\/\\\/holyland-olivewood.com\\\/da\\\/home\\\/\"},{\"@type\":\"ListItem\",\"position\":2,\"name\":\"Se alle produkter\",\"item\":\"https:\\\/\\\/holyland-olivewood.com\\\/da\\\/shop\\\/\"},{\"@type\":\"ListItem\",\"position\":3,\"name\":\"H\u00e5ndlavet n\u00f8glering i oliventr\u00e6 #KE116\"}]},{\"@type\":\"WebSite\",\"@id\":\"https:\\\/\\\/holyland-olivewood.com\\\/da\\\/#website\",\"url\":\"https:\\\/\\\/holyland-olivewood.com\\\/da\\\/\",\"name\":\"Holy Land Olive Wood - Bethlehem Olive Wood Factory\",\"description\":\"Holy Land Olivewood Bethlehem\",\"publisher\":{\"@id\":\"https:\\\/\\\/holyland-olivewood.com\\\/da\\\/#organization\"},\"potentialAction\":[{\"@type\":\"SearchAction\",\"target\":{\"@type\":\"EntryPoint\",\"urlTemplate\":\"https:\\\/\\\/holyland-olivewood.com\\\/da\\\/?s={search_term_string}\"},\"query-input\":{\"@type\":\"PropertyValueSpecification\",\"valueRequired\":true,\"valueName\":\"search_term_string\"}}],\"inLanguage\":\"da-DK\"},{\"@type\":\"Organization\",\"@id\":\"https:\\\/\\\/holyland-olivewood.com\\\/da\\\/#organization\",\"name\":\"Holy Land Olivewood\",\"url\":\"https:\\\/\\\/holyland-olivewood.com\\\/da\\\/\",\"logo\":{\"@type\":\"ImageObject\",\"inLanguage\":\"da-DK\",\"@id\":\"https:\\\/\\\/holyland-olivewood.com\\\/da\\\/#\\\/schema\\\/logo\\\/image\\\/\",\"url\":\"\",\"contentUrl\":\"\",\"caption\":\"Holy Land Olivewood\"},\"image\":{\"@id\":\"https:\\\/\\\/holyland-olivewood.com\\\/da\\\/#\\\/schema\\\/logo\\\/image\\\/\"},\"sameAs\":[\"https:\\\/\\\/www.facebook.com\\\/holylandolivewood.bethlehem\\\/\",\"http:\\\/\\\/instagram.com\\\/holy.land.olive.wood\"]}]}<\/script>\n<!-- \/ Yoast SEO plugin. -->","yoast_head_json":{"title":"H\u00e5ndlavet n\u00f8glering i oliventr\u00e6 #KE116 - Holy Land Olive Wood - Bethlehem Olive Wood Factory","description":"H\u00e5ndlavet n\u00f8glering med oliventr\u00e6skors fra Det Hellige Land - lavet af autentisk oliventr\u00e6 fra Betlehem, en meningsfuld kristen gave.","robots":{"index":"index","follow":"follow","max-snippet":"max-snippet:-1","max-image-preview":"max-image-preview:large","max-video-preview":"max-video-preview:-1"},"canonical":"https:\/\/holyland-olivewood.com\/da\/vare\/haandlavet-noeglering-i-oliventrae-ke116\/","og_locale":"da_DK","og_type":"article","og_title":"H\u00e5ndlavet n\u00f8glering i oliventr\u00e6 #KE116 - Holy Land Olive Wood - Bethlehem Olive Wood Factory","og_description":"H\u00e5ndlavet n\u00f8glering med oliventr\u00e6skors fra Det Hellige Land - lavet af autentisk oliventr\u00e6 fra Betlehem, en meningsfuld kristen gave.","og_url":"https:\/\/holyland-olivewood.com\/da\/vare\/haandlavet-noeglering-i-oliventrae-ke116\/","og_site_name":"Holy Land Olive Wood - Bethlehem Olive Wood Factory","article_publisher":"https:\/\/www.facebook.com\/holylandolivewood.bethlehem\/","article_modified_time":"2025-11-02T04:17:13+00:00","og_image":[{"width":1550,"height":1200,"url":"https:\/\/holyland-olivewood.com\/wp-content\/uploads\/2016\/05\/olive-wood-comfort-cross-keychain_ke116-1.jpg","type":"image\/jpeg"}],"twitter_card":"summary_large_image","schema":{"@context":"https:\/\/schema.org","@graph":[{"@type":"WebPage","@id":"https:\/\/holyland-olivewood.com\/da\/vare\/haandlavet-noeglering-i-oliventrae-ke116\/","url":"https:\/\/holyland-olivewood.com\/da\/vare\/haandlavet-noeglering-i-oliventrae-ke116\/","name":"H\u00e5ndlavet n\u00f8glering i oliventr\u00e6 #KE116 - Holy Land Olive Wood - Bethlehem Olive Wood Factory","isPartOf":{"@id":"https:\/\/holyland-olivewood.com\/da\/#website"},"primaryImageOfPage":{"@id":"https:\/\/holyland-olivewood.com\/da\/vare\/haandlavet-noeglering-i-oliventrae-ke116\/#primaryimage"},"image":{"@id":"https:\/\/holyland-olivewood.com\/da\/vare\/haandlavet-noeglering-i-oliventrae-ke116\/#primaryimage"},"thumbnailUrl":"https:\/\/holyland-olivewood.com\/wp-content\/uploads\/2016\/05\/olive-wood-comfort-cross-keychain_ke116-1.jpg","datePublished":"2025-11-01T19:11:31+00:00","dateModified":"2025-11-02T04:17:13+00:00","description":"H\u00e5ndlavet n\u00f8glering med oliventr\u00e6skors fra Det Hellige Land - lavet af autentisk oliventr\u00e6 fra Betlehem, en meningsfuld kristen gave.","breadcrumb":{"@id":"https:\/\/holyland-olivewood.com\/da\/vare\/haandlavet-noeglering-i-oliventrae-ke116\/#breadcrumb"},"inLanguage":"da-DK","potentialAction":[{"@type":"ReadAction","target":["https:\/\/holyland-olivewood.com\/da\/vare\/haandlavet-noeglering-i-oliventrae-ke116\/"]}]},{"@type":"ImageObject","inLanguage":"da-DK","@id":"https:\/\/holyland-olivewood.com\/da\/vare\/haandlavet-noeglering-i-oliventrae-ke116\/#primaryimage","url":"https:\/\/holyland-olivewood.com\/wp-content\/uploads\/2016\/05\/olive-wood-comfort-cross-keychain_ke116-1.jpg","contentUrl":"https:\/\/holyland-olivewood.com\/wp-content\/uploads\/2016\/05\/olive-wood-comfort-cross-keychain_ke116-1.jpg","width":1550,"height":1200},{"@type":"BreadcrumbList","@id":"https:\/\/holyland-olivewood.com\/da\/vare\/haandlavet-noeglering-i-oliventrae-ke116\/#breadcrumb","itemListElement":[{"@type":"ListItem","position":1,"name":"Home","item":"https:\/\/holyland-olivewood.com\/da\/home\/"},{"@type":"ListItem","position":2,"name":"Se alle produkter","item":"https:\/\/holyland-olivewood.com\/da\/shop\/"},{"@type":"ListItem","position":3,"name":"H\u00e5ndlavet n\u00f8glering i oliventr\u00e6 #KE116"}]},{"@type":"WebSite","@id":"https:\/\/holyland-olivewood.com\/da\/#website","url":"https:\/\/holyland-olivewood.com\/da\/","name":"Holy Land Olive Wood - Bethlehem Olive Wood Factory","description":"Holy Land Olivewood Bethlehem","publisher":{"@id":"https:\/\/holyland-olivewood.com\/da\/#organization"},"potentialAction":[{"@type":"SearchAction","target":{"@type":"EntryPoint","urlTemplate":"https:\/\/holyland-olivewood.com\/da\/?s={search_term_string}"},"query-input":{"@type":"PropertyValueSpecification","valueRequired":true,"valueName":"search_term_string"}}],"inLanguage":"da-DK"},{"@type":"Organization","@id":"https:\/\/holyland-olivewood.com\/da\/#organization","name":"Holy Land Olivewood","url":"https:\/\/holyland-olivewood.com\/da\/","logo":{"@type":"ImageObject","inLanguage":"da-DK","@id":"https:\/\/holyland-olivewood.com\/da\/#\/schema\/logo\/image\/","url":"","contentUrl":"","caption":"Holy Land Olivewood"},"image":{"@id":"https:\/\/holyland-olivewood.com\/da\/#\/schema\/logo\/image\/"},"sameAs":["https:\/\/www.facebook.com\/holylandolivewood.bethlehem\/","http:\/\/instagram.com\/holy.land.olive.wood"]}]}},"_links":{"self":[{"href":"https:\/\/holyland-olivewood.com\/da\/wp-json\/wp\/v2\/product\/62653","targetHints":{"allow":["GET"]}}],"collection":[{"href":"https:\/\/holyland-olivewood.com\/da\/wp-json\/wp\/v2\/product"}],"about":[{"href":"https:\/\/holyland-olivewood.com\/da\/wp-json\/wp\/v2\/types\/product"}],"replies":[{"embeddable":true,"href":"https:\/\/holyland-olivewood.com\/da\/wp-json\/wp\/v2\/comments?post=62653"}],"version-history":[{"count":0,"href":"https:\/\/holyland-olivewood.com\/da\/wp-json\/wp\/v2\/product\/62653\/revisions"}],"wp:featuredmedia":[{"embeddable":true,"href":"https:\/\/holyland-olivewood.com\/da\/wp-json\/wp\/v2\/media\/62431"}],"wp:attachment":[{"href":"https:\/\/holyland-olivewood.com\/da\/wp-json\/wp\/v2\/media?parent=62653"}],"wp:term":[{"taxonomy":"product_brand","embeddable":true,"href":"https:\/\/holyland-olivewood.com\/da\/wp-json\/wp\/v2\/product_brand?post=62653"},{"taxonomy":"product_cat","embeddable":true,"href":"https:\/\/holyland-olivewood.com\/da\/wp-json\/wp\/v2\/product_cat?post=62653"},{"taxonomy":"product_tag","embeddable":true,"href":"https:\/\/holyland-olivewood.com\/da\/wp-json\/wp\/v2\/product_tag?post=62653"}],"curies":[{"name":"wp","href":"https:\/\/api.w.org\/{rel}","templated":true}]}}