{"id":56120,"date":"2024-10-17T08:19:29","date_gmt":"2024-10-17T08:19:29","guid":{"rendered":"https:\/\/holyland-olivewood.com\/product\/olive-wood-comfort-holding-cross-med-hjerte-10-cm-4-cr175\/"},"modified":"2026-02-14T12:42:47","modified_gmt":"2026-02-14T12:42:47","slug":"olive-wood-comfort-holding-cross-med-hjerte-10-cm-4-cr175","status":"publish","type":"product","link":"https:\/\/holyland-olivewood.com\/da\/vare\/olive-wood-comfort-holding-cross-med-hjerte-10-cm-4-cr175\/","title":{"rendered":"Olive Wood Comfort Holding Cross med hjerte (10 CM \/ 4&#8221;) #CR175"},"content":{"rendered":"","protected":false},"excerpt":{"rendered":"<p>Dette smukt h\u00e5ndsk\u00e5rne kors i oliventr\u00e6 har et fint udsk\u00e5ret hjerte i midten, der symboliserer k\u00e6rlighed og tro. Korset er fremstillet af autentisk oliventr\u00e6 fra Betlehem og er designet til at blive holdt i h\u00e5nden, hvilket giver tr\u00f8st under b\u00f8n, meditation eller \u00f8jeblikke med refleksion. Det er ogs\u00e5 en meningsfuld gave til dine k\u00e6re.  <\/p>\n<p>Denne vare indeholder et \u00e6gthedscertifikat, der bekr\u00e6fter de materialer og teknikker, der er brugt til at fremstille dette produkt.<\/p>\n<p>St\u00f8rrelse: 10 cm (4&#8243;)<\/p>\n","protected":false},"featured_media":56121,"comment_status":"closed","ping_status":"closed","template":"","meta":[],"product_brand":[],"product_cat":[739,740],"product_tag":[741,4109,4108,4192,760,761,758,4107],"class_list":{"0":"post-56120","1":"product","2":"type-product","3":"status-publish","4":"has-post-thumbnail","6":"product_cat-kors-og-krucifikser","7":"product_cat-kunsthandvaerk","8":"product_tag-betlehem","9":"product_tag-comfort-cross-da","10":"product_tag-holder-kors","11":"product_tag-holder-kors-med-hjerte-da","12":"product_tag-kors","13":"product_tag-krucifiks","14":"product_tag-kunsthandvaerk","15":"product_tag-oliventrae-da","17":"first","18":"instock","19":"shipping-taxable","20":"purchasable","21":"product-type-simple"},"yoast_head":"<!-- This site is optimized with the Yoast SEO plugin v27.4 - https:\/\/yoast.com\/product\/yoast-seo-wordpress\/ -->\n<title>Olive Wood Comfort Holding Cross med hjerte (10 CM \/ 4&#039;&#039;) #CR175 - Holy Land Olive Wood - Bethlehem Olive Wood Factory<\/title>\n<meta name=\"description\" content=\"H\u00e5ndsk\u00e5ret Comfort Holding Cross i oliventr\u00e6 med &#039;hjerte&#039;-design. Fremstillet i Betlehem, perfekt til b\u00f8n eller som en meningsfuld gave. (10 cm \/ 4&quot;)\" \/>\n<meta name=\"robots\" content=\"index, follow, max-snippet:-1, max-image-preview:large, max-video-preview:-1\" \/>\n<link rel=\"canonical\" href=\"https:\/\/holyland-olivewood.com\/da\/vare\/olive-wood-comfort-holding-cross-med-hjerte-10-cm-4-cr175\/\" \/>\n<meta property=\"og:locale\" content=\"da_DK\" \/>\n<meta property=\"og:type\" content=\"article\" \/>\n<meta property=\"og:title\" content=\"Olive Wood Comfort Holding Cross med hjerte (10 CM \/ 4&#039;&#039;) #CR175 - Holy Land Olive Wood - Bethlehem Olive Wood Factory\" \/>\n<meta property=\"og:description\" content=\"H\u00e5ndsk\u00e5ret Comfort Holding Cross i oliventr\u00e6 med &#039;hjerte&#039;-design. Fremstillet i Betlehem, perfekt til b\u00f8n eller som en meningsfuld gave. (10 cm \/ 4&quot;)\" \/>\n<meta property=\"og:url\" content=\"https:\/\/holyland-olivewood.com\/da\/vare\/olive-wood-comfort-holding-cross-med-hjerte-10-cm-4-cr175\/\" \/>\n<meta property=\"og:site_name\" content=\"Holy Land Olive Wood - Bethlehem Olive Wood Factory\" \/>\n<meta property=\"article:publisher\" content=\"https:\/\/www.facebook.com\/holylandolivewood.bethlehem\/\" \/>\n<meta property=\"article:modified_time\" content=\"2026-02-14T12:42:47+00:00\" \/>\n<meta property=\"og:image\" content=\"https:\/\/holyland-olivewood.com\/wp-content\/uploads\/2024\/10\/olive-wood-comfort-holding-cross-bethlehem-cr175-1.jpg\" \/>\n\t<meta property=\"og:image:width\" content=\"1550\" \/>\n\t<meta property=\"og:image:height\" content=\"1200\" \/>\n\t<meta property=\"og:image:type\" content=\"image\/jpeg\" \/>\n<meta name=\"twitter:card\" content=\"summary_large_image\" \/>\n<script type=\"application\/ld+json\" class=\"yoast-schema-graph\">{\"@context\":\"https:\\\/\\\/schema.org\",\"@graph\":[{\"@type\":\"WebPage\",\"@id\":\"https:\\\/\\\/holyland-olivewood.com\\\/da\\\/vare\\\/olive-wood-comfort-holding-cross-med-hjerte-10-cm-4-cr175\\\/\",\"url\":\"https:\\\/\\\/holyland-olivewood.com\\\/da\\\/vare\\\/olive-wood-comfort-holding-cross-med-hjerte-10-cm-4-cr175\\\/\",\"name\":\"Olive Wood Comfort Holding Cross med hjerte (10 CM \\\/ 4'') #CR175 - Holy Land Olive Wood - Bethlehem Olive Wood Factory\",\"isPartOf\":{\"@id\":\"https:\\\/\\\/holyland-olivewood.com\\\/da\\\/#website\"},\"primaryImageOfPage\":{\"@id\":\"https:\\\/\\\/holyland-olivewood.com\\\/da\\\/vare\\\/olive-wood-comfort-holding-cross-med-hjerte-10-cm-4-cr175\\\/#primaryimage\"},\"image\":{\"@id\":\"https:\\\/\\\/holyland-olivewood.com\\\/da\\\/vare\\\/olive-wood-comfort-holding-cross-med-hjerte-10-cm-4-cr175\\\/#primaryimage\"},\"thumbnailUrl\":\"https:\\\/\\\/holyland-olivewood.com\\\/wp-content\\\/uploads\\\/2024\\\/10\\\/olive-wood-comfort-holding-cross-bethlehem-cr175-1.jpg\",\"datePublished\":\"2024-10-17T08:19:29+00:00\",\"dateModified\":\"2026-02-14T12:42:47+00:00\",\"description\":\"H\u00e5ndsk\u00e5ret Comfort Holding Cross i oliventr\u00e6 med 'hjerte'-design. Fremstillet i Betlehem, perfekt til b\u00f8n eller som en meningsfuld gave. (10 cm \\\/ 4\\\")\",\"breadcrumb\":{\"@id\":\"https:\\\/\\\/holyland-olivewood.com\\\/da\\\/vare\\\/olive-wood-comfort-holding-cross-med-hjerte-10-cm-4-cr175\\\/#breadcrumb\"},\"inLanguage\":\"da-DK\",\"potentialAction\":[{\"@type\":\"ReadAction\",\"target\":[\"https:\\\/\\\/holyland-olivewood.com\\\/da\\\/vare\\\/olive-wood-comfort-holding-cross-med-hjerte-10-cm-4-cr175\\\/\"]}]},{\"@type\":\"ImageObject\",\"inLanguage\":\"da-DK\",\"@id\":\"https:\\\/\\\/holyland-olivewood.com\\\/da\\\/vare\\\/olive-wood-comfort-holding-cross-med-hjerte-10-cm-4-cr175\\\/#primaryimage\",\"url\":\"https:\\\/\\\/holyland-olivewood.com\\\/wp-content\\\/uploads\\\/2024\\\/10\\\/olive-wood-comfort-holding-cross-bethlehem-cr175-1.jpg\",\"contentUrl\":\"https:\\\/\\\/holyland-olivewood.com\\\/wp-content\\\/uploads\\\/2024\\\/10\\\/olive-wood-comfort-holding-cross-bethlehem-cr175-1.jpg\",\"width\":1550,\"height\":1200},{\"@type\":\"BreadcrumbList\",\"@id\":\"https:\\\/\\\/holyland-olivewood.com\\\/da\\\/vare\\\/olive-wood-comfort-holding-cross-med-hjerte-10-cm-4-cr175\\\/#breadcrumb\",\"itemListElement\":[{\"@type\":\"ListItem\",\"position\":1,\"name\":\"Home\",\"item\":\"https:\\\/\\\/holyland-olivewood.com\\\/da\\\/home\\\/\"},{\"@type\":\"ListItem\",\"position\":2,\"name\":\"Se alle produkter\",\"item\":\"https:\\\/\\\/holyland-olivewood.com\\\/da\\\/shop\\\/\"},{\"@type\":\"ListItem\",\"position\":3,\"name\":\"Olive Wood Comfort Holding Cross med hjerte (10 CM \\\/ 4&#8221;) #CR175\"}]},{\"@type\":\"WebSite\",\"@id\":\"https:\\\/\\\/holyland-olivewood.com\\\/da\\\/#website\",\"url\":\"https:\\\/\\\/holyland-olivewood.com\\\/da\\\/\",\"name\":\"Holy Land Olive Wood - Bethlehem Olive Wood Factory\",\"description\":\"Holy Land Olivewood Bethlehem\",\"publisher\":{\"@id\":\"https:\\\/\\\/holyland-olivewood.com\\\/da\\\/#organization\"},\"potentialAction\":[{\"@type\":\"SearchAction\",\"target\":{\"@type\":\"EntryPoint\",\"urlTemplate\":\"https:\\\/\\\/holyland-olivewood.com\\\/da\\\/?s={search_term_string}\"},\"query-input\":{\"@type\":\"PropertyValueSpecification\",\"valueRequired\":true,\"valueName\":\"search_term_string\"}}],\"inLanguage\":\"da-DK\"},{\"@type\":\"Organization\",\"@id\":\"https:\\\/\\\/holyland-olivewood.com\\\/da\\\/#organization\",\"name\":\"Holy Land Olivewood\",\"url\":\"https:\\\/\\\/holyland-olivewood.com\\\/da\\\/\",\"logo\":{\"@type\":\"ImageObject\",\"inLanguage\":\"da-DK\",\"@id\":\"https:\\\/\\\/holyland-olivewood.com\\\/da\\\/#\\\/schema\\\/logo\\\/image\\\/\",\"url\":\"\",\"contentUrl\":\"\",\"caption\":\"Holy Land Olivewood\"},\"image\":{\"@id\":\"https:\\\/\\\/holyland-olivewood.com\\\/da\\\/#\\\/schema\\\/logo\\\/image\\\/\"},\"sameAs\":[\"https:\\\/\\\/www.facebook.com\\\/holylandolivewood.bethlehem\\\/\",\"http:\\\/\\\/instagram.com\\\/holy.land.olive.wood\"]}]}<\/script>\n<!-- \/ Yoast SEO plugin. -->","yoast_head_json":{"title":"Olive Wood Comfort Holding Cross med hjerte (10 CM \/ 4'') #CR175 - Holy Land Olive Wood - Bethlehem Olive Wood Factory","description":"H\u00e5ndsk\u00e5ret Comfort Holding Cross i oliventr\u00e6 med 'hjerte'-design. Fremstillet i Betlehem, perfekt til b\u00f8n eller som en meningsfuld gave. (10 cm \/ 4\")","robots":{"index":"index","follow":"follow","max-snippet":"max-snippet:-1","max-image-preview":"max-image-preview:large","max-video-preview":"max-video-preview:-1"},"canonical":"https:\/\/holyland-olivewood.com\/da\/vare\/olive-wood-comfort-holding-cross-med-hjerte-10-cm-4-cr175\/","og_locale":"da_DK","og_type":"article","og_title":"Olive Wood Comfort Holding Cross med hjerte (10 CM \/ 4'') #CR175 - Holy Land Olive Wood - Bethlehem Olive Wood Factory","og_description":"H\u00e5ndsk\u00e5ret Comfort Holding Cross i oliventr\u00e6 med 'hjerte'-design. Fremstillet i Betlehem, perfekt til b\u00f8n eller som en meningsfuld gave. (10 cm \/ 4\")","og_url":"https:\/\/holyland-olivewood.com\/da\/vare\/olive-wood-comfort-holding-cross-med-hjerte-10-cm-4-cr175\/","og_site_name":"Holy Land Olive Wood - Bethlehem Olive Wood Factory","article_publisher":"https:\/\/www.facebook.com\/holylandolivewood.bethlehem\/","article_modified_time":"2026-02-14T12:42:47+00:00","og_image":[{"width":1550,"height":1200,"url":"https:\/\/holyland-olivewood.com\/wp-content\/uploads\/2024\/10\/olive-wood-comfort-holding-cross-bethlehem-cr175-1.jpg","type":"image\/jpeg"}],"twitter_card":"summary_large_image","schema":{"@context":"https:\/\/schema.org","@graph":[{"@type":"WebPage","@id":"https:\/\/holyland-olivewood.com\/da\/vare\/olive-wood-comfort-holding-cross-med-hjerte-10-cm-4-cr175\/","url":"https:\/\/holyland-olivewood.com\/da\/vare\/olive-wood-comfort-holding-cross-med-hjerte-10-cm-4-cr175\/","name":"Olive Wood Comfort Holding Cross med hjerte (10 CM \/ 4'') #CR175 - Holy Land Olive Wood - Bethlehem Olive Wood Factory","isPartOf":{"@id":"https:\/\/holyland-olivewood.com\/da\/#website"},"primaryImageOfPage":{"@id":"https:\/\/holyland-olivewood.com\/da\/vare\/olive-wood-comfort-holding-cross-med-hjerte-10-cm-4-cr175\/#primaryimage"},"image":{"@id":"https:\/\/holyland-olivewood.com\/da\/vare\/olive-wood-comfort-holding-cross-med-hjerte-10-cm-4-cr175\/#primaryimage"},"thumbnailUrl":"https:\/\/holyland-olivewood.com\/wp-content\/uploads\/2024\/10\/olive-wood-comfort-holding-cross-bethlehem-cr175-1.jpg","datePublished":"2024-10-17T08:19:29+00:00","dateModified":"2026-02-14T12:42:47+00:00","description":"H\u00e5ndsk\u00e5ret Comfort Holding Cross i oliventr\u00e6 med 'hjerte'-design. Fremstillet i Betlehem, perfekt til b\u00f8n eller som en meningsfuld gave. (10 cm \/ 4\")","breadcrumb":{"@id":"https:\/\/holyland-olivewood.com\/da\/vare\/olive-wood-comfort-holding-cross-med-hjerte-10-cm-4-cr175\/#breadcrumb"},"inLanguage":"da-DK","potentialAction":[{"@type":"ReadAction","target":["https:\/\/holyland-olivewood.com\/da\/vare\/olive-wood-comfort-holding-cross-med-hjerte-10-cm-4-cr175\/"]}]},{"@type":"ImageObject","inLanguage":"da-DK","@id":"https:\/\/holyland-olivewood.com\/da\/vare\/olive-wood-comfort-holding-cross-med-hjerte-10-cm-4-cr175\/#primaryimage","url":"https:\/\/holyland-olivewood.com\/wp-content\/uploads\/2024\/10\/olive-wood-comfort-holding-cross-bethlehem-cr175-1.jpg","contentUrl":"https:\/\/holyland-olivewood.com\/wp-content\/uploads\/2024\/10\/olive-wood-comfort-holding-cross-bethlehem-cr175-1.jpg","width":1550,"height":1200},{"@type":"BreadcrumbList","@id":"https:\/\/holyland-olivewood.com\/da\/vare\/olive-wood-comfort-holding-cross-med-hjerte-10-cm-4-cr175\/#breadcrumb","itemListElement":[{"@type":"ListItem","position":1,"name":"Home","item":"https:\/\/holyland-olivewood.com\/da\/home\/"},{"@type":"ListItem","position":2,"name":"Se alle produkter","item":"https:\/\/holyland-olivewood.com\/da\/shop\/"},{"@type":"ListItem","position":3,"name":"Olive Wood Comfort Holding Cross med hjerte (10 CM \/ 4&#8221;) #CR175"}]},{"@type":"WebSite","@id":"https:\/\/holyland-olivewood.com\/da\/#website","url":"https:\/\/holyland-olivewood.com\/da\/","name":"Holy Land Olive Wood - Bethlehem Olive Wood Factory","description":"Holy Land Olivewood Bethlehem","publisher":{"@id":"https:\/\/holyland-olivewood.com\/da\/#organization"},"potentialAction":[{"@type":"SearchAction","target":{"@type":"EntryPoint","urlTemplate":"https:\/\/holyland-olivewood.com\/da\/?s={search_term_string}"},"query-input":{"@type":"PropertyValueSpecification","valueRequired":true,"valueName":"search_term_string"}}],"inLanguage":"da-DK"},{"@type":"Organization","@id":"https:\/\/holyland-olivewood.com\/da\/#organization","name":"Holy Land Olivewood","url":"https:\/\/holyland-olivewood.com\/da\/","logo":{"@type":"ImageObject","inLanguage":"da-DK","@id":"https:\/\/holyland-olivewood.com\/da\/#\/schema\/logo\/image\/","url":"","contentUrl":"","caption":"Holy Land Olivewood"},"image":{"@id":"https:\/\/holyland-olivewood.com\/da\/#\/schema\/logo\/image\/"},"sameAs":["https:\/\/www.facebook.com\/holylandolivewood.bethlehem\/","http:\/\/instagram.com\/holy.land.olive.wood"]}]}},"_links":{"self":[{"href":"https:\/\/holyland-olivewood.com\/da\/wp-json\/wp\/v2\/product\/56120","targetHints":{"allow":["GET"]}}],"collection":[{"href":"https:\/\/holyland-olivewood.com\/da\/wp-json\/wp\/v2\/product"}],"about":[{"href":"https:\/\/holyland-olivewood.com\/da\/wp-json\/wp\/v2\/types\/product"}],"replies":[{"embeddable":true,"href":"https:\/\/holyland-olivewood.com\/da\/wp-json\/wp\/v2\/comments?post=56120"}],"version-history":[{"count":1,"href":"https:\/\/holyland-olivewood.com\/da\/wp-json\/wp\/v2\/product\/56120\/revisions"}],"predecessor-version":[{"id":64068,"href":"https:\/\/holyland-olivewood.com\/da\/wp-json\/wp\/v2\/product\/56120\/revisions\/64068"}],"wp:featuredmedia":[{"embeddable":true,"href":"https:\/\/holyland-olivewood.com\/da\/wp-json\/wp\/v2\/media\/56121"}],"wp:attachment":[{"href":"https:\/\/holyland-olivewood.com\/da\/wp-json\/wp\/v2\/media?parent=56120"}],"wp:term":[{"taxonomy":"product_brand","embeddable":true,"href":"https:\/\/holyland-olivewood.com\/da\/wp-json\/wp\/v2\/product_brand?post=56120"},{"taxonomy":"product_cat","embeddable":true,"href":"https:\/\/holyland-olivewood.com\/da\/wp-json\/wp\/v2\/product_cat?post=56120"},{"taxonomy":"product_tag","embeddable":true,"href":"https:\/\/holyland-olivewood.com\/da\/wp-json\/wp\/v2\/product_tag?post=56120"}],"curies":[{"name":"wp","href":"https:\/\/api.w.org\/{rel}","templated":true}]}}