{"id":55740,"date":"2024-10-17T09:57:12","date_gmt":"2024-10-17T18:46:32","guid":{"rendered":"https:\/\/holyland-olivewood.com\/product\/haandskaarne-sammenflettede-hjerter-af-oliventrae-5-cm-2-ot120\/"},"modified":"2024-10-17T18:54:10","modified_gmt":"2024-10-17T18:54:10","slug":"haandskaarne-sammenflettede-hjerter-af-oliventrae-5-cm-2-ot120","status":"publish","type":"product","link":"https:\/\/holyland-olivewood.com\/da\/vare\/haandskaarne-sammenflettede-hjerter-af-oliventrae-5-cm-2-ot120\/","title":{"rendered":"H\u00e5ndsk\u00e5rne sammenflettede hjerter af oliventr\u00e6 5 cm \/ 2&#8243; #OT120"},"content":{"rendered":"","protected":false},"excerpt":{"rendered":"<p>Disse smukt sammenflettede hjerter er h\u00e5ndsk\u00e5ret i Det Hellige Land af b\u00e6redygtigt h\u00f8stet, autentisk oliventr\u00e6 fra Betlehem. De naturlige \u00e5rer skaber en fantastisk kontrast, og den glatte, elegante finish er bejdset for at give en varm, bl\u00f8d gl\u00f8d. Dette stykke er lavet af det fineste oliventr\u00e6 og er en meningsfuld gave til par, som symboliserer k\u00e6rlighed og enhed.  <\/p>\n<p>Denne vare indeholder et \u00e6gthedscertifikat, der bekr\u00e6fter de materialer og teknikker, der er brugt til at fremstille dette produkt.<\/p>\n<p>Hjertest\u00f8rrelse: 5 cm (2&#8243;)<\/p>\n","protected":false},"featured_media":55741,"comment_status":"closed","ping_status":"closed","template":"","meta":[],"product_brand":[],"product_cat":[1605,1604],"product_tag":[741,2601,1609,4108,755,760,761,758,4107,2605],"class_list":{"0":"post-55740","1":"product","2":"type-product","3":"status-publish","4":"has-post-thumbnail","6":"product_cat-andre-elementer","7":"product_cat-diverse","8":"product_tag-betlehem","9":"product_tag-dekoration","10":"product_tag-hjerte","11":"product_tag-holder-kors","12":"product_tag-jul","13":"product_tag-kors","14":"product_tag-krucifiks","15":"product_tag-kunsthandvaerk","16":"product_tag-oliventrae-da","17":"product_tag-ornamenter-da","19":"first","20":"instock","21":"shipping-taxable","22":"purchasable","23":"product-type-simple"},"yoast_head":"<!-- This site is optimized with the Yoast SEO plugin v27.4 - https:\/\/yoast.com\/product\/yoast-seo-wordpress\/ -->\n<title>H\u00e5ndsk\u00e5rne sammenflettede hjerter af oliventr\u00e6 5 cm \/ 2&quot; #OT120 - Holy Land Olive Wood - Bethlehem Olive Wood Factory<\/title>\n<meta name=\"description\" content=\"Sammenflettede hjerter af oliventr\u00e6 fra Betlehem. Et smukt symbol p\u00e5 k\u00e6rlighed og sammenhold, perfekt som en bet\u00e6nksom gave til par eller s\u00e6rlige lejligheder.\" \/>\n<meta name=\"robots\" content=\"index, follow, max-snippet:-1, max-image-preview:large, max-video-preview:-1\" \/>\n<link rel=\"canonical\" href=\"https:\/\/holyland-olivewood.com\/da\/vare\/haandskaarne-sammenflettede-hjerter-af-oliventrae-5-cm-2-ot120\/\" \/>\n<meta property=\"og:locale\" content=\"da_DK\" \/>\n<meta property=\"og:type\" content=\"article\" \/>\n<meta property=\"og:title\" content=\"H\u00e5ndsk\u00e5rne sammenflettede hjerter af oliventr\u00e6 5 cm \/ 2&quot; #OT120 - Holy Land Olive Wood - Bethlehem Olive Wood Factory\" \/>\n<meta property=\"og:description\" content=\"Sammenflettede hjerter af oliventr\u00e6 fra Betlehem. Et smukt symbol p\u00e5 k\u00e6rlighed og sammenhold, perfekt som en bet\u00e6nksom gave til par eller s\u00e6rlige lejligheder.\" \/>\n<meta property=\"og:url\" content=\"https:\/\/holyland-olivewood.com\/da\/vare\/haandskaarne-sammenflettede-hjerter-af-oliventrae-5-cm-2-ot120\/\" \/>\n<meta property=\"og:site_name\" content=\"Holy Land Olive Wood - Bethlehem Olive Wood Factory\" \/>\n<meta property=\"article:publisher\" content=\"https:\/\/www.facebook.com\/holylandolivewood.bethlehem\/\" \/>\n<meta property=\"article:modified_time\" content=\"2024-10-17T18:54:10+00:00\" \/>\n<meta property=\"og:image\" content=\"https:\/\/holyland-olivewood.com\/wp-content\/uploads\/2024\/10\/olive-wood-heart-bethlehem-holy-land-ot120.jpg\" \/>\n\t<meta property=\"og:image:width\" content=\"1550\" \/>\n\t<meta property=\"og:image:height\" content=\"1200\" \/>\n\t<meta property=\"og:image:type\" content=\"image\/jpeg\" \/>\n<meta name=\"twitter:card\" content=\"summary_large_image\" \/>\n<script type=\"application\/ld+json\" class=\"yoast-schema-graph\">{\"@context\":\"https:\\\/\\\/schema.org\",\"@graph\":[{\"@type\":\"WebPage\",\"@id\":\"https:\\\/\\\/holyland-olivewood.com\\\/da\\\/vare\\\/haandskaarne-sammenflettede-hjerter-af-oliventrae-5-cm-2-ot120\\\/\",\"url\":\"https:\\\/\\\/holyland-olivewood.com\\\/da\\\/vare\\\/haandskaarne-sammenflettede-hjerter-af-oliventrae-5-cm-2-ot120\\\/\",\"name\":\"H\u00e5ndsk\u00e5rne sammenflettede hjerter af oliventr\u00e6 5 cm \\\/ 2\\\" #OT120 - Holy Land Olive Wood - Bethlehem Olive Wood Factory\",\"isPartOf\":{\"@id\":\"https:\\\/\\\/holyland-olivewood.com\\\/da\\\/#website\"},\"primaryImageOfPage\":{\"@id\":\"https:\\\/\\\/holyland-olivewood.com\\\/da\\\/vare\\\/haandskaarne-sammenflettede-hjerter-af-oliventrae-5-cm-2-ot120\\\/#primaryimage\"},\"image\":{\"@id\":\"https:\\\/\\\/holyland-olivewood.com\\\/da\\\/vare\\\/haandskaarne-sammenflettede-hjerter-af-oliventrae-5-cm-2-ot120\\\/#primaryimage\"},\"thumbnailUrl\":\"https:\\\/\\\/holyland-olivewood.com\\\/wp-content\\\/uploads\\\/2024\\\/10\\\/olive-wood-heart-bethlehem-holy-land-ot120.jpg\",\"datePublished\":\"2024-10-17T18:46:32+00:00\",\"dateModified\":\"2024-10-17T18:54:10+00:00\",\"description\":\"Sammenflettede hjerter af oliventr\u00e6 fra Betlehem. Et smukt symbol p\u00e5 k\u00e6rlighed og sammenhold, perfekt som en bet\u00e6nksom gave til par eller s\u00e6rlige lejligheder.\",\"breadcrumb\":{\"@id\":\"https:\\\/\\\/holyland-olivewood.com\\\/da\\\/vare\\\/haandskaarne-sammenflettede-hjerter-af-oliventrae-5-cm-2-ot120\\\/#breadcrumb\"},\"inLanguage\":\"da-DK\",\"potentialAction\":[{\"@type\":\"ReadAction\",\"target\":[\"https:\\\/\\\/holyland-olivewood.com\\\/da\\\/vare\\\/haandskaarne-sammenflettede-hjerter-af-oliventrae-5-cm-2-ot120\\\/\"]}]},{\"@type\":\"ImageObject\",\"inLanguage\":\"da-DK\",\"@id\":\"https:\\\/\\\/holyland-olivewood.com\\\/da\\\/vare\\\/haandskaarne-sammenflettede-hjerter-af-oliventrae-5-cm-2-ot120\\\/#primaryimage\",\"url\":\"https:\\\/\\\/holyland-olivewood.com\\\/wp-content\\\/uploads\\\/2024\\\/10\\\/olive-wood-heart-bethlehem-holy-land-ot120.jpg\",\"contentUrl\":\"https:\\\/\\\/holyland-olivewood.com\\\/wp-content\\\/uploads\\\/2024\\\/10\\\/olive-wood-heart-bethlehem-holy-land-ot120.jpg\",\"width\":1550,\"height\":1200},{\"@type\":\"BreadcrumbList\",\"@id\":\"https:\\\/\\\/holyland-olivewood.com\\\/da\\\/vare\\\/haandskaarne-sammenflettede-hjerter-af-oliventrae-5-cm-2-ot120\\\/#breadcrumb\",\"itemListElement\":[{\"@type\":\"ListItem\",\"position\":1,\"name\":\"Home\",\"item\":\"https:\\\/\\\/holyland-olivewood.com\\\/da\\\/home\\\/\"},{\"@type\":\"ListItem\",\"position\":2,\"name\":\"Se alle produkter\",\"item\":\"https:\\\/\\\/holyland-olivewood.com\\\/da\\\/shop\\\/\"},{\"@type\":\"ListItem\",\"position\":3,\"name\":\"H\u00e5ndsk\u00e5rne sammenflettede hjerter af oliventr\u00e6 5 cm \\\/ 2&#8243; #OT120\"}]},{\"@type\":\"WebSite\",\"@id\":\"https:\\\/\\\/holyland-olivewood.com\\\/da\\\/#website\",\"url\":\"https:\\\/\\\/holyland-olivewood.com\\\/da\\\/\",\"name\":\"Holy Land Olive Wood - Bethlehem Olive Wood Factory\",\"description\":\"Holy Land Olivewood Bethlehem\",\"publisher\":{\"@id\":\"https:\\\/\\\/holyland-olivewood.com\\\/da\\\/#organization\"},\"potentialAction\":[{\"@type\":\"SearchAction\",\"target\":{\"@type\":\"EntryPoint\",\"urlTemplate\":\"https:\\\/\\\/holyland-olivewood.com\\\/da\\\/?s={search_term_string}\"},\"query-input\":{\"@type\":\"PropertyValueSpecification\",\"valueRequired\":true,\"valueName\":\"search_term_string\"}}],\"inLanguage\":\"da-DK\"},{\"@type\":\"Organization\",\"@id\":\"https:\\\/\\\/holyland-olivewood.com\\\/da\\\/#organization\",\"name\":\"Holy Land Olivewood\",\"url\":\"https:\\\/\\\/holyland-olivewood.com\\\/da\\\/\",\"logo\":{\"@type\":\"ImageObject\",\"inLanguage\":\"da-DK\",\"@id\":\"https:\\\/\\\/holyland-olivewood.com\\\/da\\\/#\\\/schema\\\/logo\\\/image\\\/\",\"url\":\"\",\"contentUrl\":\"\",\"caption\":\"Holy Land Olivewood\"},\"image\":{\"@id\":\"https:\\\/\\\/holyland-olivewood.com\\\/da\\\/#\\\/schema\\\/logo\\\/image\\\/\"},\"sameAs\":[\"https:\\\/\\\/www.facebook.com\\\/holylandolivewood.bethlehem\\\/\",\"http:\\\/\\\/instagram.com\\\/holy.land.olive.wood\"]}]}<\/script>\n<!-- \/ Yoast SEO plugin. -->","yoast_head_json":{"title":"H\u00e5ndsk\u00e5rne sammenflettede hjerter af oliventr\u00e6 5 cm \/ 2\" #OT120 - Holy Land Olive Wood - Bethlehem Olive Wood Factory","description":"Sammenflettede hjerter af oliventr\u00e6 fra Betlehem. Et smukt symbol p\u00e5 k\u00e6rlighed og sammenhold, perfekt som en bet\u00e6nksom gave til par eller s\u00e6rlige lejligheder.","robots":{"index":"index","follow":"follow","max-snippet":"max-snippet:-1","max-image-preview":"max-image-preview:large","max-video-preview":"max-video-preview:-1"},"canonical":"https:\/\/holyland-olivewood.com\/da\/vare\/haandskaarne-sammenflettede-hjerter-af-oliventrae-5-cm-2-ot120\/","og_locale":"da_DK","og_type":"article","og_title":"H\u00e5ndsk\u00e5rne sammenflettede hjerter af oliventr\u00e6 5 cm \/ 2\" #OT120 - Holy Land Olive Wood - Bethlehem Olive Wood Factory","og_description":"Sammenflettede hjerter af oliventr\u00e6 fra Betlehem. Et smukt symbol p\u00e5 k\u00e6rlighed og sammenhold, perfekt som en bet\u00e6nksom gave til par eller s\u00e6rlige lejligheder.","og_url":"https:\/\/holyland-olivewood.com\/da\/vare\/haandskaarne-sammenflettede-hjerter-af-oliventrae-5-cm-2-ot120\/","og_site_name":"Holy Land Olive Wood - Bethlehem Olive Wood Factory","article_publisher":"https:\/\/www.facebook.com\/holylandolivewood.bethlehem\/","article_modified_time":"2024-10-17T18:54:10+00:00","og_image":[{"width":1550,"height":1200,"url":"https:\/\/holyland-olivewood.com\/wp-content\/uploads\/2024\/10\/olive-wood-heart-bethlehem-holy-land-ot120.jpg","type":"image\/jpeg"}],"twitter_card":"summary_large_image","schema":{"@context":"https:\/\/schema.org","@graph":[{"@type":"WebPage","@id":"https:\/\/holyland-olivewood.com\/da\/vare\/haandskaarne-sammenflettede-hjerter-af-oliventrae-5-cm-2-ot120\/","url":"https:\/\/holyland-olivewood.com\/da\/vare\/haandskaarne-sammenflettede-hjerter-af-oliventrae-5-cm-2-ot120\/","name":"H\u00e5ndsk\u00e5rne sammenflettede hjerter af oliventr\u00e6 5 cm \/ 2\" #OT120 - Holy Land Olive Wood - Bethlehem Olive Wood Factory","isPartOf":{"@id":"https:\/\/holyland-olivewood.com\/da\/#website"},"primaryImageOfPage":{"@id":"https:\/\/holyland-olivewood.com\/da\/vare\/haandskaarne-sammenflettede-hjerter-af-oliventrae-5-cm-2-ot120\/#primaryimage"},"image":{"@id":"https:\/\/holyland-olivewood.com\/da\/vare\/haandskaarne-sammenflettede-hjerter-af-oliventrae-5-cm-2-ot120\/#primaryimage"},"thumbnailUrl":"https:\/\/holyland-olivewood.com\/wp-content\/uploads\/2024\/10\/olive-wood-heart-bethlehem-holy-land-ot120.jpg","datePublished":"2024-10-17T18:46:32+00:00","dateModified":"2024-10-17T18:54:10+00:00","description":"Sammenflettede hjerter af oliventr\u00e6 fra Betlehem. Et smukt symbol p\u00e5 k\u00e6rlighed og sammenhold, perfekt som en bet\u00e6nksom gave til par eller s\u00e6rlige lejligheder.","breadcrumb":{"@id":"https:\/\/holyland-olivewood.com\/da\/vare\/haandskaarne-sammenflettede-hjerter-af-oliventrae-5-cm-2-ot120\/#breadcrumb"},"inLanguage":"da-DK","potentialAction":[{"@type":"ReadAction","target":["https:\/\/holyland-olivewood.com\/da\/vare\/haandskaarne-sammenflettede-hjerter-af-oliventrae-5-cm-2-ot120\/"]}]},{"@type":"ImageObject","inLanguage":"da-DK","@id":"https:\/\/holyland-olivewood.com\/da\/vare\/haandskaarne-sammenflettede-hjerter-af-oliventrae-5-cm-2-ot120\/#primaryimage","url":"https:\/\/holyland-olivewood.com\/wp-content\/uploads\/2024\/10\/olive-wood-heart-bethlehem-holy-land-ot120.jpg","contentUrl":"https:\/\/holyland-olivewood.com\/wp-content\/uploads\/2024\/10\/olive-wood-heart-bethlehem-holy-land-ot120.jpg","width":1550,"height":1200},{"@type":"BreadcrumbList","@id":"https:\/\/holyland-olivewood.com\/da\/vare\/haandskaarne-sammenflettede-hjerter-af-oliventrae-5-cm-2-ot120\/#breadcrumb","itemListElement":[{"@type":"ListItem","position":1,"name":"Home","item":"https:\/\/holyland-olivewood.com\/da\/home\/"},{"@type":"ListItem","position":2,"name":"Se alle produkter","item":"https:\/\/holyland-olivewood.com\/da\/shop\/"},{"@type":"ListItem","position":3,"name":"H\u00e5ndsk\u00e5rne sammenflettede hjerter af oliventr\u00e6 5 cm \/ 2&#8243; #OT120"}]},{"@type":"WebSite","@id":"https:\/\/holyland-olivewood.com\/da\/#website","url":"https:\/\/holyland-olivewood.com\/da\/","name":"Holy Land Olive Wood - Bethlehem Olive Wood Factory","description":"Holy Land Olivewood Bethlehem","publisher":{"@id":"https:\/\/holyland-olivewood.com\/da\/#organization"},"potentialAction":[{"@type":"SearchAction","target":{"@type":"EntryPoint","urlTemplate":"https:\/\/holyland-olivewood.com\/da\/?s={search_term_string}"},"query-input":{"@type":"PropertyValueSpecification","valueRequired":true,"valueName":"search_term_string"}}],"inLanguage":"da-DK"},{"@type":"Organization","@id":"https:\/\/holyland-olivewood.com\/da\/#organization","name":"Holy Land Olivewood","url":"https:\/\/holyland-olivewood.com\/da\/","logo":{"@type":"ImageObject","inLanguage":"da-DK","@id":"https:\/\/holyland-olivewood.com\/da\/#\/schema\/logo\/image\/","url":"","contentUrl":"","caption":"Holy Land Olivewood"},"image":{"@id":"https:\/\/holyland-olivewood.com\/da\/#\/schema\/logo\/image\/"},"sameAs":["https:\/\/www.facebook.com\/holylandolivewood.bethlehem\/","http:\/\/instagram.com\/holy.land.olive.wood"]}]}},"_links":{"self":[{"href":"https:\/\/holyland-olivewood.com\/da\/wp-json\/wp\/v2\/product\/55740","targetHints":{"allow":["GET"]}}],"collection":[{"href":"https:\/\/holyland-olivewood.com\/da\/wp-json\/wp\/v2\/product"}],"about":[{"href":"https:\/\/holyland-olivewood.com\/da\/wp-json\/wp\/v2\/types\/product"}],"replies":[{"embeddable":true,"href":"https:\/\/holyland-olivewood.com\/da\/wp-json\/wp\/v2\/comments?post=55740"}],"version-history":[{"count":0,"href":"https:\/\/holyland-olivewood.com\/da\/wp-json\/wp\/v2\/product\/55740\/revisions"}],"wp:featuredmedia":[{"embeddable":true,"href":"https:\/\/holyland-olivewood.com\/da\/wp-json\/wp\/v2\/media\/55741"}],"wp:attachment":[{"href":"https:\/\/holyland-olivewood.com\/da\/wp-json\/wp\/v2\/media?parent=55740"}],"wp:term":[{"taxonomy":"product_brand","embeddable":true,"href":"https:\/\/holyland-olivewood.com\/da\/wp-json\/wp\/v2\/product_brand?post=55740"},{"taxonomy":"product_cat","embeddable":true,"href":"https:\/\/holyland-olivewood.com\/da\/wp-json\/wp\/v2\/product_cat?post=55740"},{"taxonomy":"product_tag","embeddable":true,"href":"https:\/\/holyland-olivewood.com\/da\/wp-json\/wp\/v2\/product_tag?post=55740"}],"curies":[{"name":"wp","href":"https:\/\/api.w.org\/{rel}","templated":true}]}}