{"id":47002,"date":"2016-05-30T17:36:50","date_gmt":"2016-05-30T17:36:50","guid":{"rendered":"https:\/\/holyland-olivewood.com\/product\/oliventrae-log-2-x-2-x-6-l105\/"},"modified":"2025-08-22T11:38:13","modified_gmt":"2025-08-22T11:38:13","slug":"oliven-trae-log-2-x-2-x-6","status":"publish","type":"product","link":"https:\/\/holyland-olivewood.com\/da\/vare\/oliven-trae-log-2-x-2-x-6\/","title":{"rendered":"Oliven tr\u00e6stamme (2&#8243; x 2&#8243; x 6&#8243;) #L105"},"content":{"rendered":"","protected":false},"excerpt":{"rendered":"<p>Disse r\u00e5 Betlehem oliventr\u00e6stammer er b\u00e6redygtigt hentet fra olivenlunde i de omkringliggende bakker i Betlehem i den \u00e5rlige besk\u00e6ringss\u00e6son og opbevares til t\u00f8rring i mindst et \u00e5r inden afsendelse, hvilket g\u00f8r dem klar til tr\u00e6bearbejdning.<\/p>\n<p>Denne vare inkluderer et \u00e6gthedscertifikat, der bekr\u00e6fter de materialer og teknikker, der er brugt til at fremstille dette produkt.<\/p>\n<p>St\u00f8rrelse: 5 cm x 5 cm x 15,5 cm (2\u2033 x 2\u2033 x 6\u2033).<\/p>\n","protected":false},"featured_media":27584,"comment_status":"closed","ping_status":"closed","template":"","meta":[],"product_brand":[],"product_cat":[3880,1397],"product_tag":[1448,1426,1436,753,1442,1446,1437,1449,1415,1410,1412,1429,1433,745,1400,1422,1406,1419,1403,746],"class_list":{"0":"post-47002","1":"product","2":"type-product","3":"status-publish","4":"has-post-thumbnail","6":"product_cat-logfiler","7":"product_cat-oliventrae","8":"product_tag-bethlehem-jerusalem-da","9":"product_tag-block-da","10":"product_tag-diy-da","11":"product_tag-handlavet","12":"product_tag-handvaerk-da","13":"product_tag-handvaerk-da-2","14":"product_tag-hjemmelavet","15":"product_tag-holyland-da","16":"product_tag-hvid","17":"product_tag-kit-da","18":"product_tag-kits-da","19":"product_tag-log-da","20":"product_tag-logfiler","21":"product_tag-oliven","22":"product_tag-pen-da","23":"product_tag-plader","24":"product_tag-skal","25":"product_tag-tavle","26":"product_tag-tomme","27":"product_tag-trae","29":"first","30":"instock","31":"shipping-taxable","32":"purchasable","33":"product-type-simple"},"yoast_head":"<!-- This site is optimized with the Yoast SEO plugin v27.3 - https:\/\/yoast.com\/product\/yoast-seo-wordpress\/ -->\n<title>Oliven tr\u00e6stamme (2&quot; x 2&quot; x 6&quot;) #L105 - Holy Land Olive Wood - Bethlehem Olive Wood Factory<\/title>\n<meta name=\"description\" content=\"Kunsth\u00e5ndv\u00e6rk i oliventr\u00e6 fra Betlehem (f.eks. tr\u00e6stammer, k\u00f8kkenudstyr, krybbespil, s\u00e6t, perler) penneemner, udsk\u00e6ringer, plader, blokke og r\u00e5materiale i standard- og specialm\u00e5l.\" \/>\n<meta name=\"robots\" content=\"index, follow, max-snippet:-1, max-image-preview:large, max-video-preview:-1\" \/>\n<link rel=\"canonical\" href=\"https:\/\/holyland-olivewood.com\/da\/vare\/oliven-trae-log-2-x-2-x-6\/\" \/>\n<meta property=\"og:locale\" content=\"da_DK\" \/>\n<meta property=\"og:type\" content=\"article\" \/>\n<meta property=\"og:title\" content=\"Oliven tr\u00e6stamme (2&quot; x 2&quot; x 6&quot;) #L105 - Holy Land Olive Wood - Bethlehem Olive Wood Factory\" \/>\n<meta property=\"og:description\" content=\"Kunsth\u00e5ndv\u00e6rk i oliventr\u00e6 fra Betlehem (f.eks. tr\u00e6stammer, k\u00f8kkenudstyr, krybbespil, s\u00e6t, perler) penneemner, udsk\u00e6ringer, plader, blokke og r\u00e5materiale i standard- og specialm\u00e5l.\" \/>\n<meta property=\"og:url\" content=\"https:\/\/holyland-olivewood.com\/da\/vare\/oliven-trae-log-2-x-2-x-6\/\" \/>\n<meta property=\"og:site_name\" content=\"Holy Land Olive Wood - Bethlehem Olive Wood Factory\" \/>\n<meta property=\"article:publisher\" content=\"https:\/\/www.facebook.com\/holylandolivewood.bethlehem\/\" \/>\n<meta property=\"article:modified_time\" content=\"2025-08-22T11:38:13+00:00\" \/>\n<meta property=\"og:image\" content=\"https:\/\/holyland-olivewood.com\/wp-content\/uploads\/2016\/05\/logs_holy_land_olive_wood_bethlehem.jpg\" \/>\n\t<meta property=\"og:image:width\" content=\"1550\" \/>\n\t<meta property=\"og:image:height\" content=\"1200\" \/>\n\t<meta property=\"og:image:type\" content=\"image\/jpeg\" \/>\n<meta name=\"twitter:card\" content=\"summary_large_image\" \/>\n<script type=\"application\/ld+json\" class=\"yoast-schema-graph\">{\"@context\":\"https:\\\/\\\/schema.org\",\"@graph\":[{\"@type\":\"WebPage\",\"@id\":\"https:\\\/\\\/holyland-olivewood.com\\\/da\\\/vare\\\/oliven-trae-log-2-x-2-x-6\\\/\",\"url\":\"https:\\\/\\\/holyland-olivewood.com\\\/da\\\/vare\\\/oliven-trae-log-2-x-2-x-6\\\/\",\"name\":\"Oliven tr\u00e6stamme (2\\\" x 2\\\" x 6\\\") #L105 - Holy Land Olive Wood - Bethlehem Olive Wood Factory\",\"isPartOf\":{\"@id\":\"https:\\\/\\\/holyland-olivewood.com\\\/da\\\/#website\"},\"primaryImageOfPage\":{\"@id\":\"https:\\\/\\\/holyland-olivewood.com\\\/da\\\/vare\\\/oliven-trae-log-2-x-2-x-6\\\/#primaryimage\"},\"image\":{\"@id\":\"https:\\\/\\\/holyland-olivewood.com\\\/da\\\/vare\\\/oliven-trae-log-2-x-2-x-6\\\/#primaryimage\"},\"thumbnailUrl\":\"https:\\\/\\\/holyland-olivewood.com\\\/wp-content\\\/uploads\\\/2016\\\/05\\\/logs_holy_land_olive_wood_bethlehem.jpg\",\"datePublished\":\"2016-05-30T17:36:50+00:00\",\"dateModified\":\"2025-08-22T11:38:13+00:00\",\"description\":\"Kunsth\u00e5ndv\u00e6rk i oliventr\u00e6 fra Betlehem (f.eks. tr\u00e6stammer, k\u00f8kkenudstyr, krybbespil, s\u00e6t, perler) penneemner, udsk\u00e6ringer, plader, blokke og r\u00e5materiale i standard- og specialm\u00e5l.\",\"breadcrumb\":{\"@id\":\"https:\\\/\\\/holyland-olivewood.com\\\/da\\\/vare\\\/oliven-trae-log-2-x-2-x-6\\\/#breadcrumb\"},\"inLanguage\":\"da-DK\",\"potentialAction\":[{\"@type\":\"ReadAction\",\"target\":[\"https:\\\/\\\/holyland-olivewood.com\\\/da\\\/vare\\\/oliven-trae-log-2-x-2-x-6\\\/\"]}]},{\"@type\":\"ImageObject\",\"inLanguage\":\"da-DK\",\"@id\":\"https:\\\/\\\/holyland-olivewood.com\\\/da\\\/vare\\\/oliven-trae-log-2-x-2-x-6\\\/#primaryimage\",\"url\":\"https:\\\/\\\/holyland-olivewood.com\\\/wp-content\\\/uploads\\\/2016\\\/05\\\/logs_holy_land_olive_wood_bethlehem.jpg\",\"contentUrl\":\"https:\\\/\\\/holyland-olivewood.com\\\/wp-content\\\/uploads\\\/2016\\\/05\\\/logs_holy_land_olive_wood_bethlehem.jpg\",\"width\":1550,\"height\":1200},{\"@type\":\"BreadcrumbList\",\"@id\":\"https:\\\/\\\/holyland-olivewood.com\\\/da\\\/vare\\\/oliven-trae-log-2-x-2-x-6\\\/#breadcrumb\",\"itemListElement\":[{\"@type\":\"ListItem\",\"position\":1,\"name\":\"Home\",\"item\":\"https:\\\/\\\/holyland-olivewood.com\\\/da\\\/home\\\/\"},{\"@type\":\"ListItem\",\"position\":2,\"name\":\"Se alle produkter\",\"item\":\"https:\\\/\\\/holyland-olivewood.com\\\/da\\\/shop\\\/\"},{\"@type\":\"ListItem\",\"position\":3,\"name\":\"Oliven tr\u00e6stamme (2&#8243; x 2&#8243; x 6&#8243;) #L105\"}]},{\"@type\":\"WebSite\",\"@id\":\"https:\\\/\\\/holyland-olivewood.com\\\/da\\\/#website\",\"url\":\"https:\\\/\\\/holyland-olivewood.com\\\/da\\\/\",\"name\":\"Holy Land Olive Wood - Bethlehem Olive Wood Factory\",\"description\":\"Holy Land Olivewood Bethlehem\",\"publisher\":{\"@id\":\"https:\\\/\\\/holyland-olivewood.com\\\/da\\\/#organization\"},\"potentialAction\":[{\"@type\":\"SearchAction\",\"target\":{\"@type\":\"EntryPoint\",\"urlTemplate\":\"https:\\\/\\\/holyland-olivewood.com\\\/da\\\/?s={search_term_string}\"},\"query-input\":{\"@type\":\"PropertyValueSpecification\",\"valueRequired\":true,\"valueName\":\"search_term_string\"}}],\"inLanguage\":\"da-DK\"},{\"@type\":\"Organization\",\"@id\":\"https:\\\/\\\/holyland-olivewood.com\\\/da\\\/#organization\",\"name\":\"Holy Land Olivewood\",\"url\":\"https:\\\/\\\/holyland-olivewood.com\\\/da\\\/\",\"logo\":{\"@type\":\"ImageObject\",\"inLanguage\":\"da-DK\",\"@id\":\"https:\\\/\\\/holyland-olivewood.com\\\/da\\\/#\\\/schema\\\/logo\\\/image\\\/\",\"url\":\"\",\"contentUrl\":\"\",\"caption\":\"Holy Land Olivewood\"},\"image\":{\"@id\":\"https:\\\/\\\/holyland-olivewood.com\\\/da\\\/#\\\/schema\\\/logo\\\/image\\\/\"},\"sameAs\":[\"https:\\\/\\\/www.facebook.com\\\/holylandolivewood.bethlehem\\\/\",\"http:\\\/\\\/instagram.com\\\/holy.land.olive.wood\"]}]}<\/script>\n<!-- \/ Yoast SEO plugin. -->","yoast_head_json":{"title":"Oliven tr\u00e6stamme (2\" x 2\" x 6\") #L105 - Holy Land Olive Wood - Bethlehem Olive Wood Factory","description":"Kunsth\u00e5ndv\u00e6rk i oliventr\u00e6 fra Betlehem (f.eks. tr\u00e6stammer, k\u00f8kkenudstyr, krybbespil, s\u00e6t, perler) penneemner, udsk\u00e6ringer, plader, blokke og r\u00e5materiale i standard- og specialm\u00e5l.","robots":{"index":"index","follow":"follow","max-snippet":"max-snippet:-1","max-image-preview":"max-image-preview:large","max-video-preview":"max-video-preview:-1"},"canonical":"https:\/\/holyland-olivewood.com\/da\/vare\/oliven-trae-log-2-x-2-x-6\/","og_locale":"da_DK","og_type":"article","og_title":"Oliven tr\u00e6stamme (2\" x 2\" x 6\") #L105 - Holy Land Olive Wood - Bethlehem Olive Wood Factory","og_description":"Kunsth\u00e5ndv\u00e6rk i oliventr\u00e6 fra Betlehem (f.eks. tr\u00e6stammer, k\u00f8kkenudstyr, krybbespil, s\u00e6t, perler) penneemner, udsk\u00e6ringer, plader, blokke og r\u00e5materiale i standard- og specialm\u00e5l.","og_url":"https:\/\/holyland-olivewood.com\/da\/vare\/oliven-trae-log-2-x-2-x-6\/","og_site_name":"Holy Land Olive Wood - Bethlehem Olive Wood Factory","article_publisher":"https:\/\/www.facebook.com\/holylandolivewood.bethlehem\/","article_modified_time":"2025-08-22T11:38:13+00:00","og_image":[{"width":1550,"height":1200,"url":"https:\/\/holyland-olivewood.com\/wp-content\/uploads\/2016\/05\/logs_holy_land_olive_wood_bethlehem.jpg","type":"image\/jpeg"}],"twitter_card":"summary_large_image","schema":{"@context":"https:\/\/schema.org","@graph":[{"@type":"WebPage","@id":"https:\/\/holyland-olivewood.com\/da\/vare\/oliven-trae-log-2-x-2-x-6\/","url":"https:\/\/holyland-olivewood.com\/da\/vare\/oliven-trae-log-2-x-2-x-6\/","name":"Oliven tr\u00e6stamme (2\" x 2\" x 6\") #L105 - Holy Land Olive Wood - Bethlehem Olive Wood Factory","isPartOf":{"@id":"https:\/\/holyland-olivewood.com\/da\/#website"},"primaryImageOfPage":{"@id":"https:\/\/holyland-olivewood.com\/da\/vare\/oliven-trae-log-2-x-2-x-6\/#primaryimage"},"image":{"@id":"https:\/\/holyland-olivewood.com\/da\/vare\/oliven-trae-log-2-x-2-x-6\/#primaryimage"},"thumbnailUrl":"https:\/\/holyland-olivewood.com\/wp-content\/uploads\/2016\/05\/logs_holy_land_olive_wood_bethlehem.jpg","datePublished":"2016-05-30T17:36:50+00:00","dateModified":"2025-08-22T11:38:13+00:00","description":"Kunsth\u00e5ndv\u00e6rk i oliventr\u00e6 fra Betlehem (f.eks. tr\u00e6stammer, k\u00f8kkenudstyr, krybbespil, s\u00e6t, perler) penneemner, udsk\u00e6ringer, plader, blokke og r\u00e5materiale i standard- og specialm\u00e5l.","breadcrumb":{"@id":"https:\/\/holyland-olivewood.com\/da\/vare\/oliven-trae-log-2-x-2-x-6\/#breadcrumb"},"inLanguage":"da-DK","potentialAction":[{"@type":"ReadAction","target":["https:\/\/holyland-olivewood.com\/da\/vare\/oliven-trae-log-2-x-2-x-6\/"]}]},{"@type":"ImageObject","inLanguage":"da-DK","@id":"https:\/\/holyland-olivewood.com\/da\/vare\/oliven-trae-log-2-x-2-x-6\/#primaryimage","url":"https:\/\/holyland-olivewood.com\/wp-content\/uploads\/2016\/05\/logs_holy_land_olive_wood_bethlehem.jpg","contentUrl":"https:\/\/holyland-olivewood.com\/wp-content\/uploads\/2016\/05\/logs_holy_land_olive_wood_bethlehem.jpg","width":1550,"height":1200},{"@type":"BreadcrumbList","@id":"https:\/\/holyland-olivewood.com\/da\/vare\/oliven-trae-log-2-x-2-x-6\/#breadcrumb","itemListElement":[{"@type":"ListItem","position":1,"name":"Home","item":"https:\/\/holyland-olivewood.com\/da\/home\/"},{"@type":"ListItem","position":2,"name":"Se alle produkter","item":"https:\/\/holyland-olivewood.com\/da\/shop\/"},{"@type":"ListItem","position":3,"name":"Oliven tr\u00e6stamme (2&#8243; x 2&#8243; x 6&#8243;) #L105"}]},{"@type":"WebSite","@id":"https:\/\/holyland-olivewood.com\/da\/#website","url":"https:\/\/holyland-olivewood.com\/da\/","name":"Holy Land Olive Wood - Bethlehem Olive Wood Factory","description":"Holy Land Olivewood Bethlehem","publisher":{"@id":"https:\/\/holyland-olivewood.com\/da\/#organization"},"potentialAction":[{"@type":"SearchAction","target":{"@type":"EntryPoint","urlTemplate":"https:\/\/holyland-olivewood.com\/da\/?s={search_term_string}"},"query-input":{"@type":"PropertyValueSpecification","valueRequired":true,"valueName":"search_term_string"}}],"inLanguage":"da-DK"},{"@type":"Organization","@id":"https:\/\/holyland-olivewood.com\/da\/#organization","name":"Holy Land Olivewood","url":"https:\/\/holyland-olivewood.com\/da\/","logo":{"@type":"ImageObject","inLanguage":"da-DK","@id":"https:\/\/holyland-olivewood.com\/da\/#\/schema\/logo\/image\/","url":"","contentUrl":"","caption":"Holy Land Olivewood"},"image":{"@id":"https:\/\/holyland-olivewood.com\/da\/#\/schema\/logo\/image\/"},"sameAs":["https:\/\/www.facebook.com\/holylandolivewood.bethlehem\/","http:\/\/instagram.com\/holy.land.olive.wood"]}]}},"_links":{"self":[{"href":"https:\/\/holyland-olivewood.com\/da\/wp-json\/wp\/v2\/product\/47002","targetHints":{"allow":["GET"]}}],"collection":[{"href":"https:\/\/holyland-olivewood.com\/da\/wp-json\/wp\/v2\/product"}],"about":[{"href":"https:\/\/holyland-olivewood.com\/da\/wp-json\/wp\/v2\/types\/product"}],"replies":[{"embeddable":true,"href":"https:\/\/holyland-olivewood.com\/da\/wp-json\/wp\/v2\/comments?post=47002"}],"version-history":[{"count":1,"href":"https:\/\/holyland-olivewood.com\/da\/wp-json\/wp\/v2\/product\/47002\/revisions"}],"predecessor-version":[{"id":61692,"href":"https:\/\/holyland-olivewood.com\/da\/wp-json\/wp\/v2\/product\/47002\/revisions\/61692"}],"wp:featuredmedia":[{"embeddable":true,"href":"https:\/\/holyland-olivewood.com\/da\/wp-json\/wp\/v2\/media\/27584"}],"wp:attachment":[{"href":"https:\/\/holyland-olivewood.com\/da\/wp-json\/wp\/v2\/media?parent=47002"}],"wp:term":[{"taxonomy":"product_brand","embeddable":true,"href":"https:\/\/holyland-olivewood.com\/da\/wp-json\/wp\/v2\/product_brand?post=47002"},{"taxonomy":"product_cat","embeddable":true,"href":"https:\/\/holyland-olivewood.com\/da\/wp-json\/wp\/v2\/product_cat?post=47002"},{"taxonomy":"product_tag","embeddable":true,"href":"https:\/\/holyland-olivewood.com\/da\/wp-json\/wp\/v2\/product_tag?post=47002"}],"curies":[{"name":"wp","href":"https:\/\/api.w.org\/{rel}","templated":true}]}}