{"id":46259,"date":"2016-05-30T20:17:31","date_gmt":"2016-05-30T20:17:31","guid":{"rendered":"https:\/\/holyland-olivewood.com\/product\/jesus-kristus-krucifiks-for-kors-stoerrelse-omkring-25-cm-975-ch104\/"},"modified":"2022-02-11T15:21:48","modified_gmt":"2022-02-11T15:21:48","slug":"jesus-kristus-krucifiks-for-kors-storrelse-omkring-25-cm-9-75","status":"publish","type":"product","link":"https:\/\/holyland-olivewood.com\/da\/vare\/jesus-kristus-krucifiks-for-kors-storrelse-omkring-25-cm-9-75\/","title":{"rendered":"Jesus Kristus krucifiks for kors st\u00f8rrelse omkring (25 cm \/ 9,75&#8221;) #CH104"},"content":{"rendered":"","protected":false},"excerpt":{"rendered":"<p>Metal Jesus Krucifiks herunder INRI tegn (Iesus Nazarenus Rex Iudaeorum = Jesus af Nazareth konge af j\u00f8derne), der kommer med negle og passer Olive Wood Kors omtrentlig st\u00f8rrelse 25 cm (9,75&#8243;).<br \/>\nSmuk 3D-detalje med monteringshuller, der er perfekte til at skabe dine egne krucifikser. H\u00f8j kvalitet lavet i Italien og velsignet i F\u00f8dselskirken i Betlehem.<\/p>\n<p>St\u00f8rrelse: 14 cm (5,5&#8243;)<\/p>\n","protected":false},"featured_media":27969,"comment_status":"closed","ping_status":"closed","template":"","meta":[],"product_brand":[],"product_cat":[1604,3812],"product_tag":[2216,741,764,756,1310,753,757,2219,750,3826,752,4075,751,755,768,763,760,759,1608,761,744,758,3756,765,3816,3821,745,747,769,3830,754,742,746,748],"class_list":{"0":"post-46259","1":"product","2":"type-product","3":"status-publish","4":"has-post-thumbnail","6":"product_cat-diverse","7":"product_cat-krucifiks-hardware","8":"product_tag-barn-da","9":"product_tag-betlehem","10":"product_tag-fodselskirken","11":"product_tag-gave","12":"product_tag-gaver-da","13":"product_tag-handlavet","14":"product_tag-handvaerk","15":"product_tag-hardware-da","16":"product_tag-hellig","17":"product_tag-inri-da","18":"product_tag-jerusalem-da","19":"product_tag-jesus-da-2","20":"product_tag-jord","21":"product_tag-jul","22":"product_tag-katolsk","23":"product_tag-kirke","24":"product_tag-kors","25":"product_tag-kristen","26":"product_tag-kristus","27":"product_tag-krucifiks","28":"product_tag-krucifikser","29":"product_tag-kunsthandvaerk","30":"product_tag-metal-da","31":"product_tag-mor","32":"product_tag-negl","33":"product_tag-negle","34":"product_tag-oliven","35":"product_tag-oliventrae","36":"product_tag-ortodoks","37":"product_tag-plak-da","38":"product_tag-rosenkrans","39":"product_tag-rosenkranse","40":"product_tag-trae","41":"product_tag-udskaering","43":"first","44":"instock","45":"shipping-taxable","46":"purchasable","47":"product-type-simple"},"yoast_head":"<!-- This site is optimized with the Yoast SEO plugin v27.3 - https:\/\/yoast.com\/product\/yoast-seo-wordpress\/ -->\n<title>Jesus Kristus krucifiks for kors st\u00f8rrelse omkring (25 cm \/ 9,75&#039;&#039;) #CH104 - Holy Land Olive Wood - Bethlehem Olive Wood Factory<\/title>\n<meta name=\"description\" content=\"Bethlehem oliventr\u00e6 kunsth\u00e5ndv\u00e6rk (dvs. rosenkranse, jerusalem, kors, krucifikser, perler) pen-blanks, blokke &amp;r\u00e5 lager i standard og brugerdefinerede dimensioner.\" \/>\n<meta name=\"robots\" content=\"index, follow, max-snippet:-1, max-image-preview:large, max-video-preview:-1\" \/>\n<link rel=\"canonical\" href=\"https:\/\/holyland-olivewood.com\/da\/vare\/jesus-kristus-krucifiks-for-kors-storrelse-omkring-25-cm-9-75\/\" \/>\n<meta property=\"og:locale\" content=\"da_DK\" \/>\n<meta property=\"og:type\" content=\"article\" \/>\n<meta property=\"og:title\" content=\"Jesus Kristus krucifiks for kors st\u00f8rrelse omkring (25 cm \/ 9,75&#039;&#039;) #CH104 - Holy Land Olive Wood - Bethlehem Olive Wood Factory\" \/>\n<meta property=\"og:description\" content=\"Bethlehem oliventr\u00e6 kunsth\u00e5ndv\u00e6rk (dvs. rosenkranse, jerusalem, kors, krucifikser, perler) pen-blanks, blokke &amp;r\u00e5 lager i standard og brugerdefinerede dimensioner.\" \/>\n<meta property=\"og:url\" content=\"https:\/\/holyland-olivewood.com\/da\/vare\/jesus-kristus-krucifiks-for-kors-storrelse-omkring-25-cm-9-75\/\" \/>\n<meta property=\"og:site_name\" content=\"Holy Land Olive Wood - Bethlehem Olive Wood Factory\" \/>\n<meta property=\"article:publisher\" content=\"https:\/\/www.facebook.com\/holylandolivewood.bethlehem\/\" \/>\n<meta property=\"article:modified_time\" content=\"2022-02-11T15:21:48+00:00\" \/>\n<meta property=\"og:image\" content=\"https:\/\/holyland-olivewood.com\/wp-content\/uploads\/2016\/05\/jesus_christ_holy_land_olive_wood_bethlehem_ch103.jpg\" \/>\n\t<meta property=\"og:image:width\" content=\"1550\" \/>\n\t<meta property=\"og:image:height\" content=\"1200\" \/>\n\t<meta property=\"og:image:type\" content=\"image\/jpeg\" \/>\n<meta name=\"twitter:card\" content=\"summary_large_image\" \/>\n<script type=\"application\/ld+json\" class=\"yoast-schema-graph\">{\"@context\":\"https:\\\/\\\/schema.org\",\"@graph\":[{\"@type\":\"WebPage\",\"@id\":\"https:\\\/\\\/holyland-olivewood.com\\\/da\\\/vare\\\/jesus-kristus-krucifiks-for-kors-storrelse-omkring-25-cm-9-75\\\/\",\"url\":\"https:\\\/\\\/holyland-olivewood.com\\\/da\\\/vare\\\/jesus-kristus-krucifiks-for-kors-storrelse-omkring-25-cm-9-75\\\/\",\"name\":\"Jesus Kristus krucifiks for kors st\u00f8rrelse omkring (25 cm \\\/ 9,75'') #CH104 - Holy Land Olive Wood - Bethlehem Olive Wood Factory\",\"isPartOf\":{\"@id\":\"https:\\\/\\\/holyland-olivewood.com\\\/da\\\/#website\"},\"primaryImageOfPage\":{\"@id\":\"https:\\\/\\\/holyland-olivewood.com\\\/da\\\/vare\\\/jesus-kristus-krucifiks-for-kors-storrelse-omkring-25-cm-9-75\\\/#primaryimage\"},\"image\":{\"@id\":\"https:\\\/\\\/holyland-olivewood.com\\\/da\\\/vare\\\/jesus-kristus-krucifiks-for-kors-storrelse-omkring-25-cm-9-75\\\/#primaryimage\"},\"thumbnailUrl\":\"https:\\\/\\\/holyland-olivewood.com\\\/wp-content\\\/uploads\\\/2016\\\/05\\\/jesus_christ_holy_land_olive_wood_bethlehem_ch103.jpg\",\"datePublished\":\"2016-05-30T20:17:31+00:00\",\"dateModified\":\"2022-02-11T15:21:48+00:00\",\"description\":\"Bethlehem oliventr\u00e6 kunsth\u00e5ndv\u00e6rk (dvs. rosenkranse, jerusalem, kors, krucifikser, perler) pen-blanks, blokke &r\u00e5 lager i standard og brugerdefinerede dimensioner.\",\"breadcrumb\":{\"@id\":\"https:\\\/\\\/holyland-olivewood.com\\\/da\\\/vare\\\/jesus-kristus-krucifiks-for-kors-storrelse-omkring-25-cm-9-75\\\/#breadcrumb\"},\"inLanguage\":\"da-DK\",\"potentialAction\":[{\"@type\":\"ReadAction\",\"target\":[\"https:\\\/\\\/holyland-olivewood.com\\\/da\\\/vare\\\/jesus-kristus-krucifiks-for-kors-storrelse-omkring-25-cm-9-75\\\/\"]}]},{\"@type\":\"ImageObject\",\"inLanguage\":\"da-DK\",\"@id\":\"https:\\\/\\\/holyland-olivewood.com\\\/da\\\/vare\\\/jesus-kristus-krucifiks-for-kors-storrelse-omkring-25-cm-9-75\\\/#primaryimage\",\"url\":\"https:\\\/\\\/holyland-olivewood.com\\\/wp-content\\\/uploads\\\/2016\\\/05\\\/jesus_christ_holy_land_olive_wood_bethlehem_ch103.jpg\",\"contentUrl\":\"https:\\\/\\\/holyland-olivewood.com\\\/wp-content\\\/uploads\\\/2016\\\/05\\\/jesus_christ_holy_land_olive_wood_bethlehem_ch103.jpg\",\"width\":1550,\"height\":1200},{\"@type\":\"BreadcrumbList\",\"@id\":\"https:\\\/\\\/holyland-olivewood.com\\\/da\\\/vare\\\/jesus-kristus-krucifiks-for-kors-storrelse-omkring-25-cm-9-75\\\/#breadcrumb\",\"itemListElement\":[{\"@type\":\"ListItem\",\"position\":1,\"name\":\"Home\",\"item\":\"https:\\\/\\\/holyland-olivewood.com\\\/da\\\/home\\\/\"},{\"@type\":\"ListItem\",\"position\":2,\"name\":\"Se alle produkter\",\"item\":\"https:\\\/\\\/holyland-olivewood.com\\\/da\\\/shop\\\/\"},{\"@type\":\"ListItem\",\"position\":3,\"name\":\"Jesus Kristus krucifiks for kors st\u00f8rrelse omkring (25 cm \\\/ 9,75&#8221;) #CH104\"}]},{\"@type\":\"WebSite\",\"@id\":\"https:\\\/\\\/holyland-olivewood.com\\\/da\\\/#website\",\"url\":\"https:\\\/\\\/holyland-olivewood.com\\\/da\\\/\",\"name\":\"Holy Land Olive Wood - Bethlehem Olive Wood Factory\",\"description\":\"Holy Land Olivewood Bethlehem\",\"publisher\":{\"@id\":\"https:\\\/\\\/holyland-olivewood.com\\\/da\\\/#organization\"},\"potentialAction\":[{\"@type\":\"SearchAction\",\"target\":{\"@type\":\"EntryPoint\",\"urlTemplate\":\"https:\\\/\\\/holyland-olivewood.com\\\/da\\\/?s={search_term_string}\"},\"query-input\":{\"@type\":\"PropertyValueSpecification\",\"valueRequired\":true,\"valueName\":\"search_term_string\"}}],\"inLanguage\":\"da-DK\"},{\"@type\":\"Organization\",\"@id\":\"https:\\\/\\\/holyland-olivewood.com\\\/da\\\/#organization\",\"name\":\"Holy Land Olivewood\",\"url\":\"https:\\\/\\\/holyland-olivewood.com\\\/da\\\/\",\"logo\":{\"@type\":\"ImageObject\",\"inLanguage\":\"da-DK\",\"@id\":\"https:\\\/\\\/holyland-olivewood.com\\\/da\\\/#\\\/schema\\\/logo\\\/image\\\/\",\"url\":\"\",\"contentUrl\":\"\",\"caption\":\"Holy Land Olivewood\"},\"image\":{\"@id\":\"https:\\\/\\\/holyland-olivewood.com\\\/da\\\/#\\\/schema\\\/logo\\\/image\\\/\"},\"sameAs\":[\"https:\\\/\\\/www.facebook.com\\\/holylandolivewood.bethlehem\\\/\",\"http:\\\/\\\/instagram.com\\\/holy.land.olive.wood\"]}]}<\/script>\n<!-- \/ Yoast SEO plugin. -->","yoast_head_json":{"title":"Jesus Kristus krucifiks for kors st\u00f8rrelse omkring (25 cm \/ 9,75'') #CH104 - Holy Land Olive Wood - Bethlehem Olive Wood Factory","description":"Bethlehem oliventr\u00e6 kunsth\u00e5ndv\u00e6rk (dvs. rosenkranse, jerusalem, kors, krucifikser, perler) pen-blanks, blokke &r\u00e5 lager i standard og brugerdefinerede dimensioner.","robots":{"index":"index","follow":"follow","max-snippet":"max-snippet:-1","max-image-preview":"max-image-preview:large","max-video-preview":"max-video-preview:-1"},"canonical":"https:\/\/holyland-olivewood.com\/da\/vare\/jesus-kristus-krucifiks-for-kors-storrelse-omkring-25-cm-9-75\/","og_locale":"da_DK","og_type":"article","og_title":"Jesus Kristus krucifiks for kors st\u00f8rrelse omkring (25 cm \/ 9,75'') #CH104 - Holy Land Olive Wood - Bethlehem Olive Wood Factory","og_description":"Bethlehem oliventr\u00e6 kunsth\u00e5ndv\u00e6rk (dvs. rosenkranse, jerusalem, kors, krucifikser, perler) pen-blanks, blokke &r\u00e5 lager i standard og brugerdefinerede dimensioner.","og_url":"https:\/\/holyland-olivewood.com\/da\/vare\/jesus-kristus-krucifiks-for-kors-storrelse-omkring-25-cm-9-75\/","og_site_name":"Holy Land Olive Wood - Bethlehem Olive Wood Factory","article_publisher":"https:\/\/www.facebook.com\/holylandolivewood.bethlehem\/","article_modified_time":"2022-02-11T15:21:48+00:00","og_image":[{"width":1550,"height":1200,"url":"https:\/\/holyland-olivewood.com\/wp-content\/uploads\/2016\/05\/jesus_christ_holy_land_olive_wood_bethlehem_ch103.jpg","type":"image\/jpeg"}],"twitter_card":"summary_large_image","schema":{"@context":"https:\/\/schema.org","@graph":[{"@type":"WebPage","@id":"https:\/\/holyland-olivewood.com\/da\/vare\/jesus-kristus-krucifiks-for-kors-storrelse-omkring-25-cm-9-75\/","url":"https:\/\/holyland-olivewood.com\/da\/vare\/jesus-kristus-krucifiks-for-kors-storrelse-omkring-25-cm-9-75\/","name":"Jesus Kristus krucifiks for kors st\u00f8rrelse omkring (25 cm \/ 9,75'') #CH104 - Holy Land Olive Wood - Bethlehem Olive Wood Factory","isPartOf":{"@id":"https:\/\/holyland-olivewood.com\/da\/#website"},"primaryImageOfPage":{"@id":"https:\/\/holyland-olivewood.com\/da\/vare\/jesus-kristus-krucifiks-for-kors-storrelse-omkring-25-cm-9-75\/#primaryimage"},"image":{"@id":"https:\/\/holyland-olivewood.com\/da\/vare\/jesus-kristus-krucifiks-for-kors-storrelse-omkring-25-cm-9-75\/#primaryimage"},"thumbnailUrl":"https:\/\/holyland-olivewood.com\/wp-content\/uploads\/2016\/05\/jesus_christ_holy_land_olive_wood_bethlehem_ch103.jpg","datePublished":"2016-05-30T20:17:31+00:00","dateModified":"2022-02-11T15:21:48+00:00","description":"Bethlehem oliventr\u00e6 kunsth\u00e5ndv\u00e6rk (dvs. rosenkranse, jerusalem, kors, krucifikser, perler) pen-blanks, blokke &r\u00e5 lager i standard og brugerdefinerede dimensioner.","breadcrumb":{"@id":"https:\/\/holyland-olivewood.com\/da\/vare\/jesus-kristus-krucifiks-for-kors-storrelse-omkring-25-cm-9-75\/#breadcrumb"},"inLanguage":"da-DK","potentialAction":[{"@type":"ReadAction","target":["https:\/\/holyland-olivewood.com\/da\/vare\/jesus-kristus-krucifiks-for-kors-storrelse-omkring-25-cm-9-75\/"]}]},{"@type":"ImageObject","inLanguage":"da-DK","@id":"https:\/\/holyland-olivewood.com\/da\/vare\/jesus-kristus-krucifiks-for-kors-storrelse-omkring-25-cm-9-75\/#primaryimage","url":"https:\/\/holyland-olivewood.com\/wp-content\/uploads\/2016\/05\/jesus_christ_holy_land_olive_wood_bethlehem_ch103.jpg","contentUrl":"https:\/\/holyland-olivewood.com\/wp-content\/uploads\/2016\/05\/jesus_christ_holy_land_olive_wood_bethlehem_ch103.jpg","width":1550,"height":1200},{"@type":"BreadcrumbList","@id":"https:\/\/holyland-olivewood.com\/da\/vare\/jesus-kristus-krucifiks-for-kors-storrelse-omkring-25-cm-9-75\/#breadcrumb","itemListElement":[{"@type":"ListItem","position":1,"name":"Home","item":"https:\/\/holyland-olivewood.com\/da\/home\/"},{"@type":"ListItem","position":2,"name":"Se alle produkter","item":"https:\/\/holyland-olivewood.com\/da\/shop\/"},{"@type":"ListItem","position":3,"name":"Jesus Kristus krucifiks for kors st\u00f8rrelse omkring (25 cm \/ 9,75&#8221;) #CH104"}]},{"@type":"WebSite","@id":"https:\/\/holyland-olivewood.com\/da\/#website","url":"https:\/\/holyland-olivewood.com\/da\/","name":"Holy Land Olive Wood - Bethlehem Olive Wood Factory","description":"Holy Land Olivewood Bethlehem","publisher":{"@id":"https:\/\/holyland-olivewood.com\/da\/#organization"},"potentialAction":[{"@type":"SearchAction","target":{"@type":"EntryPoint","urlTemplate":"https:\/\/holyland-olivewood.com\/da\/?s={search_term_string}"},"query-input":{"@type":"PropertyValueSpecification","valueRequired":true,"valueName":"search_term_string"}}],"inLanguage":"da-DK"},{"@type":"Organization","@id":"https:\/\/holyland-olivewood.com\/da\/#organization","name":"Holy Land Olivewood","url":"https:\/\/holyland-olivewood.com\/da\/","logo":{"@type":"ImageObject","inLanguage":"da-DK","@id":"https:\/\/holyland-olivewood.com\/da\/#\/schema\/logo\/image\/","url":"","contentUrl":"","caption":"Holy Land Olivewood"},"image":{"@id":"https:\/\/holyland-olivewood.com\/da\/#\/schema\/logo\/image\/"},"sameAs":["https:\/\/www.facebook.com\/holylandolivewood.bethlehem\/","http:\/\/instagram.com\/holy.land.olive.wood"]}]}},"_links":{"self":[{"href":"https:\/\/holyland-olivewood.com\/da\/wp-json\/wp\/v2\/product\/46259","targetHints":{"allow":["GET"]}}],"collection":[{"href":"https:\/\/holyland-olivewood.com\/da\/wp-json\/wp\/v2\/product"}],"about":[{"href":"https:\/\/holyland-olivewood.com\/da\/wp-json\/wp\/v2\/types\/product"}],"replies":[{"embeddable":true,"href":"https:\/\/holyland-olivewood.com\/da\/wp-json\/wp\/v2\/comments?post=46259"}],"version-history":[{"count":0,"href":"https:\/\/holyland-olivewood.com\/da\/wp-json\/wp\/v2\/product\/46259\/revisions"}],"wp:featuredmedia":[{"embeddable":true,"href":"https:\/\/holyland-olivewood.com\/da\/wp-json\/wp\/v2\/media\/27969"}],"wp:attachment":[{"href":"https:\/\/holyland-olivewood.com\/da\/wp-json\/wp\/v2\/media?parent=46259"}],"wp:term":[{"taxonomy":"product_brand","embeddable":true,"href":"https:\/\/holyland-olivewood.com\/da\/wp-json\/wp\/v2\/product_brand?post=46259"},{"taxonomy":"product_cat","embeddable":true,"href":"https:\/\/holyland-olivewood.com\/da\/wp-json\/wp\/v2\/product_cat?post=46259"},{"taxonomy":"product_tag","embeddable":true,"href":"https:\/\/holyland-olivewood.com\/da\/wp-json\/wp\/v2\/product_tag?post=46259"}],"curies":[{"name":"wp","href":"https:\/\/api.w.org\/{rel}","templated":true}]}}