{"id":44408,"date":"2016-05-31T08:24:31","date_gmt":"2022-02-10T18:01:39","guid":{"rendered":"https:\/\/holyland-olivewood.com\/product\/oliventrae-halskaede-tau-cross-j136\/"},"modified":"2022-02-10T18:01:39","modified_gmt":"2022-02-10T18:01:39","slug":"oliven-trae-halskaede-tau-cross","status":"publish","type":"product","link":"https:\/\/holyland-olivewood.com\/da\/vare\/oliven-trae-halskaede-tau-cross\/","title":{"rendered":"Oliventr\u00e6 halsk\u00e6de Tau Cross #J136"},"content":{"rendered":"","protected":false},"excerpt":{"rendered":"<p>Dette smukke vedh\u00e6ng sk\u00e5ret i form af et Tau Cross er h\u00e5ndlavet i det hellige land fra b\u00e6redygtigt h\u00f8stet, autentisk Bethlehem Olivewood. Den kommer p\u00e5 en st\u00e6rk sort ledning, som du kan justere til den l\u00e6ngde, du \u00f8nsker. Det symboliserer kors korsf\u00e6stelse. St. Francis af Assisi var is\u00e6r glad for det som et symbol.<\/p>\n<p>Denne vare indeholder et \u00e6gthedscertifikat, der kontrollerer de materialer og teknikker, der bruges til at fremstille dette produkt.<\/p>\n<p>St\u00f8rrelse: 2,5 cm (1&#8243;)<\/p>\n","protected":false},"featured_media":29713,"comment_status":"closed","ping_status":"closed","template":"","meta":[],"product_brand":[],"product_cat":[740,1918],"product_tag":[1948,1572,741,762,1929,764,756,1944,753,757,1575,750,752,751,755,768,770,763,1932,760,759,761,758,745,747,769,1937,1953,1921,1956,1925,746,748,1940],"class_list":{"0":"post-44408","1":"product","2":"type-product","3":"status-publish","4":"has-post-thumbnail","6":"product_cat-kunsthandvaerk","7":"product_cat-smykker-da","8":"product_tag-armband-da","9":"product_tag-bede","10":"product_tag-betlehem","11":"product_tag-bon","12":"product_tag-broche-da","13":"product_tag-fodselskirken","14":"product_tag-gave","15":"product_tag-halskaede","16":"product_tag-handlavet","17":"product_tag-handvaerk","18":"product_tag-haender","19":"product_tag-hellig","20":"product_tag-jerusalem-da","21":"product_tag-jord","22":"product_tag-jul","23":"product_tag-katolsk","24":"product_tag-keltisk","25":"product_tag-kirke","26":"product_tag-knappenal","27":"product_tag-kors","28":"product_tag-kristen","29":"product_tag-krucifiks","30":"product_tag-kunsthandvaerk","31":"product_tag-oliven","32":"product_tag-oliventrae","33":"product_tag-ortodoks","34":"product_tag-oreringe","35":"product_tag-reb","36":"product_tag-smykker-da","37":"product_tag-streng-da","38":"product_tag-tau-da","39":"product_tag-trae","40":"product_tag-udskaering","41":"product_tag-vedhaeng","43":"first","44":"instock","45":"shipping-taxable","46":"purchasable","47":"product-type-simple"},"yoast_head":"<!-- This site is optimized with the Yoast SEO plugin v27.4 - https:\/\/yoast.com\/product\/yoast-seo-wordpress\/ -->\n<title>Oliventr\u00e6 halsk\u00e6de Tau Cross #J136 - Holy Land Olive Wood - Bethlehem Olive Wood Factory<\/title>\n<meta name=\"description\" content=\"Bethlehem oliventr\u00e6 kunsth\u00e5ndv\u00e6rk (dvs. smykker, jerusalem, vedh\u00e6ng, \u00f8reringe, perler) pen-blanks, armb\u00e5nd &amp;r\u00e5 lager i standard og brugerdefinerede dimensioner.\" \/>\n<meta name=\"robots\" content=\"index, follow, max-snippet:-1, max-image-preview:large, max-video-preview:-1\" \/>\n<link rel=\"canonical\" href=\"https:\/\/holyland-olivewood.com\/da\/vare\/oliven-trae-halskaede-tau-cross\/\" \/>\n<meta property=\"og:locale\" content=\"da_DK\" \/>\n<meta property=\"og:type\" content=\"article\" \/>\n<meta property=\"og:title\" content=\"Oliventr\u00e6 halsk\u00e6de Tau Cross #J136 - Holy Land Olive Wood - Bethlehem Olive Wood Factory\" \/>\n<meta property=\"og:description\" content=\"Bethlehem oliventr\u00e6 kunsth\u00e5ndv\u00e6rk (dvs. smykker, jerusalem, vedh\u00e6ng, \u00f8reringe, perler) pen-blanks, armb\u00e5nd &amp;r\u00e5 lager i standard og brugerdefinerede dimensioner.\" \/>\n<meta property=\"og:url\" content=\"https:\/\/holyland-olivewood.com\/da\/vare\/oliven-trae-halskaede-tau-cross\/\" \/>\n<meta property=\"og:site_name\" content=\"Holy Land Olive Wood - Bethlehem Olive Wood Factory\" \/>\n<meta property=\"article:publisher\" content=\"https:\/\/www.facebook.com\/holylandolivewood.bethlehem\/\" \/>\n<meta property=\"og:image\" content=\"https:\/\/holyland-olivewood.com\/wp-content\/uploads\/2016\/05\/necklace_holy_land_olive_wood_bethlehem_j136.jpg\" \/>\n\t<meta property=\"og:image:width\" content=\"1550\" \/>\n\t<meta property=\"og:image:height\" content=\"1200\" \/>\n\t<meta property=\"og:image:type\" content=\"image\/jpeg\" \/>\n<meta name=\"twitter:card\" content=\"summary_large_image\" \/>\n<script type=\"application\/ld+json\" class=\"yoast-schema-graph\">{\"@context\":\"https:\\\/\\\/schema.org\",\"@graph\":[{\"@type\":\"WebPage\",\"@id\":\"https:\\\/\\\/holyland-olivewood.com\\\/da\\\/vare\\\/oliven-trae-halskaede-tau-cross\\\/\",\"url\":\"https:\\\/\\\/holyland-olivewood.com\\\/da\\\/vare\\\/oliven-trae-halskaede-tau-cross\\\/\",\"name\":\"Oliventr\u00e6 halsk\u00e6de Tau Cross #J136 - Holy Land Olive Wood - Bethlehem Olive Wood Factory\",\"isPartOf\":{\"@id\":\"https:\\\/\\\/holyland-olivewood.com\\\/da\\\/#website\"},\"primaryImageOfPage\":{\"@id\":\"https:\\\/\\\/holyland-olivewood.com\\\/da\\\/vare\\\/oliven-trae-halskaede-tau-cross\\\/#primaryimage\"},\"image\":{\"@id\":\"https:\\\/\\\/holyland-olivewood.com\\\/da\\\/vare\\\/oliven-trae-halskaede-tau-cross\\\/#primaryimage\"},\"thumbnailUrl\":\"https:\\\/\\\/holyland-olivewood.com\\\/wp-content\\\/uploads\\\/2016\\\/05\\\/necklace_holy_land_olive_wood_bethlehem_j136.jpg\",\"datePublished\":\"2022-02-10T18:01:39+00:00\",\"description\":\"Bethlehem oliventr\u00e6 kunsth\u00e5ndv\u00e6rk (dvs. smykker, jerusalem, vedh\u00e6ng, \u00f8reringe, perler) pen-blanks, armb\u00e5nd &r\u00e5 lager i standard og brugerdefinerede dimensioner.\",\"breadcrumb\":{\"@id\":\"https:\\\/\\\/holyland-olivewood.com\\\/da\\\/vare\\\/oliven-trae-halskaede-tau-cross\\\/#breadcrumb\"},\"inLanguage\":\"da-DK\",\"potentialAction\":[{\"@type\":\"ReadAction\",\"target\":[\"https:\\\/\\\/holyland-olivewood.com\\\/da\\\/vare\\\/oliven-trae-halskaede-tau-cross\\\/\"]}]},{\"@type\":\"ImageObject\",\"inLanguage\":\"da-DK\",\"@id\":\"https:\\\/\\\/holyland-olivewood.com\\\/da\\\/vare\\\/oliven-trae-halskaede-tau-cross\\\/#primaryimage\",\"url\":\"https:\\\/\\\/holyland-olivewood.com\\\/wp-content\\\/uploads\\\/2016\\\/05\\\/necklace_holy_land_olive_wood_bethlehem_j136.jpg\",\"contentUrl\":\"https:\\\/\\\/holyland-olivewood.com\\\/wp-content\\\/uploads\\\/2016\\\/05\\\/necklace_holy_land_olive_wood_bethlehem_j136.jpg\",\"width\":1550,\"height\":1200},{\"@type\":\"BreadcrumbList\",\"@id\":\"https:\\\/\\\/holyland-olivewood.com\\\/da\\\/vare\\\/oliven-trae-halskaede-tau-cross\\\/#breadcrumb\",\"itemListElement\":[{\"@type\":\"ListItem\",\"position\":1,\"name\":\"Home\",\"item\":\"https:\\\/\\\/holyland-olivewood.com\\\/da\\\/home\\\/\"},{\"@type\":\"ListItem\",\"position\":2,\"name\":\"Se alle produkter\",\"item\":\"https:\\\/\\\/holyland-olivewood.com\\\/da\\\/shop\\\/\"},{\"@type\":\"ListItem\",\"position\":3,\"name\":\"Oliventr\u00e6 halsk\u00e6de Tau Cross #J136\"}]},{\"@type\":\"WebSite\",\"@id\":\"https:\\\/\\\/holyland-olivewood.com\\\/da\\\/#website\",\"url\":\"https:\\\/\\\/holyland-olivewood.com\\\/da\\\/\",\"name\":\"Holy Land Olive Wood - Bethlehem Olive Wood Factory\",\"description\":\"Holy Land Olivewood Bethlehem\",\"publisher\":{\"@id\":\"https:\\\/\\\/holyland-olivewood.com\\\/da\\\/#organization\"},\"potentialAction\":[{\"@type\":\"SearchAction\",\"target\":{\"@type\":\"EntryPoint\",\"urlTemplate\":\"https:\\\/\\\/holyland-olivewood.com\\\/da\\\/?s={search_term_string}\"},\"query-input\":{\"@type\":\"PropertyValueSpecification\",\"valueRequired\":true,\"valueName\":\"search_term_string\"}}],\"inLanguage\":\"da-DK\"},{\"@type\":\"Organization\",\"@id\":\"https:\\\/\\\/holyland-olivewood.com\\\/da\\\/#organization\",\"name\":\"Holy Land Olivewood\",\"url\":\"https:\\\/\\\/holyland-olivewood.com\\\/da\\\/\",\"logo\":{\"@type\":\"ImageObject\",\"inLanguage\":\"da-DK\",\"@id\":\"https:\\\/\\\/holyland-olivewood.com\\\/da\\\/#\\\/schema\\\/logo\\\/image\\\/\",\"url\":\"\",\"contentUrl\":\"\",\"caption\":\"Holy Land Olivewood\"},\"image\":{\"@id\":\"https:\\\/\\\/holyland-olivewood.com\\\/da\\\/#\\\/schema\\\/logo\\\/image\\\/\"},\"sameAs\":[\"https:\\\/\\\/www.facebook.com\\\/holylandolivewood.bethlehem\\\/\",\"http:\\\/\\\/instagram.com\\\/holy.land.olive.wood\"]}]}<\/script>\n<!-- \/ Yoast SEO plugin. -->","yoast_head_json":{"title":"Oliventr\u00e6 halsk\u00e6de Tau Cross #J136 - Holy Land Olive Wood - Bethlehem Olive Wood Factory","description":"Bethlehem oliventr\u00e6 kunsth\u00e5ndv\u00e6rk (dvs. smykker, jerusalem, vedh\u00e6ng, \u00f8reringe, perler) pen-blanks, armb\u00e5nd &r\u00e5 lager i standard og brugerdefinerede dimensioner.","robots":{"index":"index","follow":"follow","max-snippet":"max-snippet:-1","max-image-preview":"max-image-preview:large","max-video-preview":"max-video-preview:-1"},"canonical":"https:\/\/holyland-olivewood.com\/da\/vare\/oliven-trae-halskaede-tau-cross\/","og_locale":"da_DK","og_type":"article","og_title":"Oliventr\u00e6 halsk\u00e6de Tau Cross #J136 - Holy Land Olive Wood - Bethlehem Olive Wood Factory","og_description":"Bethlehem oliventr\u00e6 kunsth\u00e5ndv\u00e6rk (dvs. smykker, jerusalem, vedh\u00e6ng, \u00f8reringe, perler) pen-blanks, armb\u00e5nd &r\u00e5 lager i standard og brugerdefinerede dimensioner.","og_url":"https:\/\/holyland-olivewood.com\/da\/vare\/oliven-trae-halskaede-tau-cross\/","og_site_name":"Holy Land Olive Wood - Bethlehem Olive Wood Factory","article_publisher":"https:\/\/www.facebook.com\/holylandolivewood.bethlehem\/","og_image":[{"width":1550,"height":1200,"url":"https:\/\/holyland-olivewood.com\/wp-content\/uploads\/2016\/05\/necklace_holy_land_olive_wood_bethlehem_j136.jpg","type":"image\/jpeg"}],"twitter_card":"summary_large_image","schema":{"@context":"https:\/\/schema.org","@graph":[{"@type":"WebPage","@id":"https:\/\/holyland-olivewood.com\/da\/vare\/oliven-trae-halskaede-tau-cross\/","url":"https:\/\/holyland-olivewood.com\/da\/vare\/oliven-trae-halskaede-tau-cross\/","name":"Oliventr\u00e6 halsk\u00e6de Tau Cross #J136 - Holy Land Olive Wood - Bethlehem Olive Wood Factory","isPartOf":{"@id":"https:\/\/holyland-olivewood.com\/da\/#website"},"primaryImageOfPage":{"@id":"https:\/\/holyland-olivewood.com\/da\/vare\/oliven-trae-halskaede-tau-cross\/#primaryimage"},"image":{"@id":"https:\/\/holyland-olivewood.com\/da\/vare\/oliven-trae-halskaede-tau-cross\/#primaryimage"},"thumbnailUrl":"https:\/\/holyland-olivewood.com\/wp-content\/uploads\/2016\/05\/necklace_holy_land_olive_wood_bethlehem_j136.jpg","datePublished":"2022-02-10T18:01:39+00:00","description":"Bethlehem oliventr\u00e6 kunsth\u00e5ndv\u00e6rk (dvs. smykker, jerusalem, vedh\u00e6ng, \u00f8reringe, perler) pen-blanks, armb\u00e5nd &r\u00e5 lager i standard og brugerdefinerede dimensioner.","breadcrumb":{"@id":"https:\/\/holyland-olivewood.com\/da\/vare\/oliven-trae-halskaede-tau-cross\/#breadcrumb"},"inLanguage":"da-DK","potentialAction":[{"@type":"ReadAction","target":["https:\/\/holyland-olivewood.com\/da\/vare\/oliven-trae-halskaede-tau-cross\/"]}]},{"@type":"ImageObject","inLanguage":"da-DK","@id":"https:\/\/holyland-olivewood.com\/da\/vare\/oliven-trae-halskaede-tau-cross\/#primaryimage","url":"https:\/\/holyland-olivewood.com\/wp-content\/uploads\/2016\/05\/necklace_holy_land_olive_wood_bethlehem_j136.jpg","contentUrl":"https:\/\/holyland-olivewood.com\/wp-content\/uploads\/2016\/05\/necklace_holy_land_olive_wood_bethlehem_j136.jpg","width":1550,"height":1200},{"@type":"BreadcrumbList","@id":"https:\/\/holyland-olivewood.com\/da\/vare\/oliven-trae-halskaede-tau-cross\/#breadcrumb","itemListElement":[{"@type":"ListItem","position":1,"name":"Home","item":"https:\/\/holyland-olivewood.com\/da\/home\/"},{"@type":"ListItem","position":2,"name":"Se alle produkter","item":"https:\/\/holyland-olivewood.com\/da\/shop\/"},{"@type":"ListItem","position":3,"name":"Oliventr\u00e6 halsk\u00e6de Tau Cross #J136"}]},{"@type":"WebSite","@id":"https:\/\/holyland-olivewood.com\/da\/#website","url":"https:\/\/holyland-olivewood.com\/da\/","name":"Holy Land Olive Wood - Bethlehem Olive Wood Factory","description":"Holy Land Olivewood Bethlehem","publisher":{"@id":"https:\/\/holyland-olivewood.com\/da\/#organization"},"potentialAction":[{"@type":"SearchAction","target":{"@type":"EntryPoint","urlTemplate":"https:\/\/holyland-olivewood.com\/da\/?s={search_term_string}"},"query-input":{"@type":"PropertyValueSpecification","valueRequired":true,"valueName":"search_term_string"}}],"inLanguage":"da-DK"},{"@type":"Organization","@id":"https:\/\/holyland-olivewood.com\/da\/#organization","name":"Holy Land Olivewood","url":"https:\/\/holyland-olivewood.com\/da\/","logo":{"@type":"ImageObject","inLanguage":"da-DK","@id":"https:\/\/holyland-olivewood.com\/da\/#\/schema\/logo\/image\/","url":"","contentUrl":"","caption":"Holy Land Olivewood"},"image":{"@id":"https:\/\/holyland-olivewood.com\/da\/#\/schema\/logo\/image\/"},"sameAs":["https:\/\/www.facebook.com\/holylandolivewood.bethlehem\/","http:\/\/instagram.com\/holy.land.olive.wood"]}]}},"_links":{"self":[{"href":"https:\/\/holyland-olivewood.com\/da\/wp-json\/wp\/v2\/product\/44408","targetHints":{"allow":["GET"]}}],"collection":[{"href":"https:\/\/holyland-olivewood.com\/da\/wp-json\/wp\/v2\/product"}],"about":[{"href":"https:\/\/holyland-olivewood.com\/da\/wp-json\/wp\/v2\/types\/product"}],"replies":[{"embeddable":true,"href":"https:\/\/holyland-olivewood.com\/da\/wp-json\/wp\/v2\/comments?post=44408"}],"version-history":[{"count":0,"href":"https:\/\/holyland-olivewood.com\/da\/wp-json\/wp\/v2\/product\/44408\/revisions"}],"wp:featuredmedia":[{"embeddable":true,"href":"https:\/\/holyland-olivewood.com\/da\/wp-json\/wp\/v2\/media\/29713"}],"wp:attachment":[{"href":"https:\/\/holyland-olivewood.com\/da\/wp-json\/wp\/v2\/media?parent=44408"}],"wp:term":[{"taxonomy":"product_brand","embeddable":true,"href":"https:\/\/holyland-olivewood.com\/da\/wp-json\/wp\/v2\/product_brand?post=44408"},{"taxonomy":"product_cat","embeddable":true,"href":"https:\/\/holyland-olivewood.com\/da\/wp-json\/wp\/v2\/product_cat?post=44408"},{"taxonomy":"product_tag","embeddable":true,"href":"https:\/\/holyland-olivewood.com\/da\/wp-json\/wp\/v2\/product_tag?post=44408"}],"curies":[{"name":"wp","href":"https:\/\/api.w.org\/{rel}","templated":true}]}}