{"id":43758,"date":"2016-05-31T13:48:25","date_gmt":"2022-02-10T14:00:44","guid":{"rendered":"https:\/\/holyland-olivewood.com\/product\/8-mm-oliventrae-udskaarne-ovale-perler-500-perler-b129\/"},"modified":"2024-05-12T18:13:24","modified_gmt":"2024-05-12T18:13:24","slug":"8-mm-oliven-trae-udskaret-oval-perler-500-perler","status":"publish","type":"product","link":"https:\/\/holyland-olivewood.com\/da\/vare\/8-mm-oliven-trae-udskaret-oval-perler-500-perler\/","title":{"rendered":"9 mm Olive Wood Carved Oval Beads (500 perler) #B129"},"content":{"rendered":"","protected":false},"excerpt":{"rendered":"<p>Disse rosenkransperler af oliventr\u00e6 i h\u00f8j kvalitet er h\u00e5ndlavede i Det Hellige Land af b\u00e6redygtigt h\u00f8stet, autentisk Betlehem-oliventr\u00e6. Alle perler renses, t\u00f8rres og inspiceres for farve og korn, fri for defekter og revner. Disse oliventr\u00e6sperler er perfekte til at lave rosenkranse og alle andre slags smykker. Oliventr\u00e6et er meget h\u00e5rdt, modstandsdygtigt og smukt. Den smukke kontrast mellem blond og brun i de kr\u00f8llede \u00e5rer, kombineret med holdbarheden, g\u00f8r oliventr\u00e6 s\u00e6rligt ideelt til rosenkransperler.<br \/>\nVi kan ogs\u00e5 forsyne dig med rosenkransdele af h\u00f8j kvalitet s\u00e5som midterstykker og krucifikser.<\/p>\n<p>Denne vare indeholder et \u00e6gthedscertifikat, der bekr\u00e6fter de materialer og teknikker, der er brugt til at fremstille dette produkt.<\/p>\n<p>St\u00f8rrelse: ( 9 mm )<\/p>\n","protected":false},"featured_media":30754,"comment_status":"closed","ping_status":"closed","template":"","meta":[],"product_brand":[],"product_cat":[1604,2202],"product_tag":[2216,741,2221,2222,764,756,1310,753,757,2219,750,752,4075,751,755,768,763,760,759,758,2214,765,745,747,769,2205,2204,754,742,2207,2212,746,2210,748,1607],"class_list":{"0":"post-43758","1":"product","2":"type-product","3":"status-publish","4":"has-post-thumbnail","6":"product_cat-diverse","7":"product_cat-perler-rosenkrans-hardware","8":"product_tag-barn-da","9":"product_tag-betlehem","10":"product_tag-centerpiece-da","11":"product_tag-centerpieces-da","12":"product_tag-fodselskirken","13":"product_tag-gave","14":"product_tag-gaver-da","15":"product_tag-handlavet","16":"product_tag-handvaerk","17":"product_tag-hardware-da","18":"product_tag-hellig","19":"product_tag-jerusalem-da","20":"product_tag-jesus-da-2","21":"product_tag-jord","22":"product_tag-jul","23":"product_tag-katolsk","24":"product_tag-kirke","25":"product_tag-kors","26":"product_tag-kristen","27":"product_tag-kunsthandvaerk","28":"product_tag-ledning-da","29":"product_tag-mor","30":"product_tag-oliven","31":"product_tag-oliventrae","32":"product_tag-ortodoks","33":"product_tag-oval-da","34":"product_tag-perler-da","35":"product_tag-rosenkrans","36":"product_tag-rosenkranse","37":"product_tag-rund-da","38":"product_tag-sejlgarn","39":"product_tag-trae","40":"product_tag-udskaret","41":"product_tag-udskaering","42":"product_tag-vand","44":"first","45":"instock","46":"shipping-taxable","47":"purchasable","48":"product-type-simple"},"yoast_head":"<!-- This site is optimized with the Yoast SEO plugin v27.4 - https:\/\/yoast.com\/product\/yoast-seo-wordpress\/ -->\n<title>9 mm Olive Wood Carved Oval Beads (500 perler) #B129 - Holy Land Olive Wood - Bethlehem Olive Wood Factory<\/title>\n<meta name=\"description\" content=\"Bethlehems kunsth\u00e5ndv\u00e6rk i oliventr\u00e6 (f.eks. rosenkranse, ovale, udsk\u00e5rne, runde, perler), udsk\u00e6ringer, midterstykker og r\u00e5materiale i standard- og specialm\u00e5l.\" \/>\n<meta name=\"robots\" content=\"index, follow, max-snippet:-1, max-image-preview:large, max-video-preview:-1\" \/>\n<link rel=\"canonical\" href=\"https:\/\/holyland-olivewood.com\/da\/vare\/8-mm-oliven-trae-udskaret-oval-perler-500-perler\/\" \/>\n<meta property=\"og:locale\" content=\"da_DK\" \/>\n<meta property=\"og:type\" content=\"article\" \/>\n<meta property=\"og:title\" content=\"9 mm Olive Wood Carved Oval Beads (500 perler) #B129 - Holy Land Olive Wood - Bethlehem Olive Wood Factory\" \/>\n<meta property=\"og:description\" content=\"Bethlehems kunsth\u00e5ndv\u00e6rk i oliventr\u00e6 (f.eks. rosenkranse, ovale, udsk\u00e5rne, runde, perler), udsk\u00e6ringer, midterstykker og r\u00e5materiale i standard- og specialm\u00e5l.\" \/>\n<meta property=\"og:url\" content=\"https:\/\/holyland-olivewood.com\/da\/vare\/8-mm-oliven-trae-udskaret-oval-perler-500-perler\/\" \/>\n<meta property=\"og:site_name\" content=\"Holy Land Olive Wood - Bethlehem Olive Wood Factory\" \/>\n<meta property=\"article:publisher\" content=\"https:\/\/www.facebook.com\/holylandolivewood.bethlehem\/\" \/>\n<meta property=\"article:modified_time\" content=\"2024-05-12T18:13:24+00:00\" \/>\n<meta property=\"og:image\" content=\"https:\/\/holyland-olivewood.com\/wp-content\/uploads\/2016\/05\/c1.jpg\" \/>\n\t<meta property=\"og:image:width\" content=\"1550\" \/>\n\t<meta property=\"og:image:height\" content=\"1200\" \/>\n\t<meta property=\"og:image:type\" content=\"image\/jpeg\" \/>\n<meta name=\"twitter:card\" content=\"summary_large_image\" \/>\n<script type=\"application\/ld+json\" class=\"yoast-schema-graph\">{\"@context\":\"https:\\\/\\\/schema.org\",\"@graph\":[{\"@type\":\"WebPage\",\"@id\":\"https:\\\/\\\/holyland-olivewood.com\\\/da\\\/vare\\\/8-mm-oliven-trae-udskaret-oval-perler-500-perler\\\/\",\"url\":\"https:\\\/\\\/holyland-olivewood.com\\\/da\\\/vare\\\/8-mm-oliven-trae-udskaret-oval-perler-500-perler\\\/\",\"name\":\"9 mm Olive Wood Carved Oval Beads (500 perler) #B129 - Holy Land Olive Wood - Bethlehem Olive Wood Factory\",\"isPartOf\":{\"@id\":\"https:\\\/\\\/holyland-olivewood.com\\\/da\\\/#website\"},\"primaryImageOfPage\":{\"@id\":\"https:\\\/\\\/holyland-olivewood.com\\\/da\\\/vare\\\/8-mm-oliven-trae-udskaret-oval-perler-500-perler\\\/#primaryimage\"},\"image\":{\"@id\":\"https:\\\/\\\/holyland-olivewood.com\\\/da\\\/vare\\\/8-mm-oliven-trae-udskaret-oval-perler-500-perler\\\/#primaryimage\"},\"thumbnailUrl\":\"https:\\\/\\\/holyland-olivewood.com\\\/wp-content\\\/uploads\\\/2016\\\/05\\\/c1.jpg\",\"datePublished\":\"2022-02-10T14:00:44+00:00\",\"dateModified\":\"2024-05-12T18:13:24+00:00\",\"description\":\"Bethlehems kunsth\u00e5ndv\u00e6rk i oliventr\u00e6 (f.eks. rosenkranse, ovale, udsk\u00e5rne, runde, perler), udsk\u00e6ringer, midterstykker og r\u00e5materiale i standard- og specialm\u00e5l.\",\"breadcrumb\":{\"@id\":\"https:\\\/\\\/holyland-olivewood.com\\\/da\\\/vare\\\/8-mm-oliven-trae-udskaret-oval-perler-500-perler\\\/#breadcrumb\"},\"inLanguage\":\"da-DK\",\"potentialAction\":[{\"@type\":\"ReadAction\",\"target\":[\"https:\\\/\\\/holyland-olivewood.com\\\/da\\\/vare\\\/8-mm-oliven-trae-udskaret-oval-perler-500-perler\\\/\"]}]},{\"@type\":\"ImageObject\",\"inLanguage\":\"da-DK\",\"@id\":\"https:\\\/\\\/holyland-olivewood.com\\\/da\\\/vare\\\/8-mm-oliven-trae-udskaret-oval-perler-500-perler\\\/#primaryimage\",\"url\":\"https:\\\/\\\/holyland-olivewood.com\\\/wp-content\\\/uploads\\\/2016\\\/05\\\/c1.jpg\",\"contentUrl\":\"https:\\\/\\\/holyland-olivewood.com\\\/wp-content\\\/uploads\\\/2016\\\/05\\\/c1.jpg\",\"width\":1550,\"height\":1200},{\"@type\":\"BreadcrumbList\",\"@id\":\"https:\\\/\\\/holyland-olivewood.com\\\/da\\\/vare\\\/8-mm-oliven-trae-udskaret-oval-perler-500-perler\\\/#breadcrumb\",\"itemListElement\":[{\"@type\":\"ListItem\",\"position\":1,\"name\":\"Home\",\"item\":\"https:\\\/\\\/holyland-olivewood.com\\\/da\\\/home\\\/\"},{\"@type\":\"ListItem\",\"position\":2,\"name\":\"Se alle produkter\",\"item\":\"https:\\\/\\\/holyland-olivewood.com\\\/da\\\/shop\\\/\"},{\"@type\":\"ListItem\",\"position\":3,\"name\":\"9 mm Olive Wood Carved Oval Beads (500 perler) #B129\"}]},{\"@type\":\"WebSite\",\"@id\":\"https:\\\/\\\/holyland-olivewood.com\\\/da\\\/#website\",\"url\":\"https:\\\/\\\/holyland-olivewood.com\\\/da\\\/\",\"name\":\"Holy Land Olive Wood - Bethlehem Olive Wood Factory\",\"description\":\"Holy Land Olivewood Bethlehem\",\"publisher\":{\"@id\":\"https:\\\/\\\/holyland-olivewood.com\\\/da\\\/#organization\"},\"potentialAction\":[{\"@type\":\"SearchAction\",\"target\":{\"@type\":\"EntryPoint\",\"urlTemplate\":\"https:\\\/\\\/holyland-olivewood.com\\\/da\\\/?s={search_term_string}\"},\"query-input\":{\"@type\":\"PropertyValueSpecification\",\"valueRequired\":true,\"valueName\":\"search_term_string\"}}],\"inLanguage\":\"da-DK\"},{\"@type\":\"Organization\",\"@id\":\"https:\\\/\\\/holyland-olivewood.com\\\/da\\\/#organization\",\"name\":\"Holy Land Olivewood\",\"url\":\"https:\\\/\\\/holyland-olivewood.com\\\/da\\\/\",\"logo\":{\"@type\":\"ImageObject\",\"inLanguage\":\"da-DK\",\"@id\":\"https:\\\/\\\/holyland-olivewood.com\\\/da\\\/#\\\/schema\\\/logo\\\/image\\\/\",\"url\":\"\",\"contentUrl\":\"\",\"caption\":\"Holy Land Olivewood\"},\"image\":{\"@id\":\"https:\\\/\\\/holyland-olivewood.com\\\/da\\\/#\\\/schema\\\/logo\\\/image\\\/\"},\"sameAs\":[\"https:\\\/\\\/www.facebook.com\\\/holylandolivewood.bethlehem\\\/\",\"http:\\\/\\\/instagram.com\\\/holy.land.olive.wood\"]}]}<\/script>\n<!-- \/ Yoast SEO plugin. -->","yoast_head_json":{"title":"9 mm Olive Wood Carved Oval Beads (500 perler) #B129 - Holy Land Olive Wood - Bethlehem Olive Wood Factory","description":"Bethlehems kunsth\u00e5ndv\u00e6rk i oliventr\u00e6 (f.eks. rosenkranse, ovale, udsk\u00e5rne, runde, perler), udsk\u00e6ringer, midterstykker og r\u00e5materiale i standard- og specialm\u00e5l.","robots":{"index":"index","follow":"follow","max-snippet":"max-snippet:-1","max-image-preview":"max-image-preview:large","max-video-preview":"max-video-preview:-1"},"canonical":"https:\/\/holyland-olivewood.com\/da\/vare\/8-mm-oliven-trae-udskaret-oval-perler-500-perler\/","og_locale":"da_DK","og_type":"article","og_title":"9 mm Olive Wood Carved Oval Beads (500 perler) #B129 - Holy Land Olive Wood - Bethlehem Olive Wood Factory","og_description":"Bethlehems kunsth\u00e5ndv\u00e6rk i oliventr\u00e6 (f.eks. rosenkranse, ovale, udsk\u00e5rne, runde, perler), udsk\u00e6ringer, midterstykker og r\u00e5materiale i standard- og specialm\u00e5l.","og_url":"https:\/\/holyland-olivewood.com\/da\/vare\/8-mm-oliven-trae-udskaret-oval-perler-500-perler\/","og_site_name":"Holy Land Olive Wood - Bethlehem Olive Wood Factory","article_publisher":"https:\/\/www.facebook.com\/holylandolivewood.bethlehem\/","article_modified_time":"2024-05-12T18:13:24+00:00","og_image":[{"width":1550,"height":1200,"url":"https:\/\/holyland-olivewood.com\/wp-content\/uploads\/2016\/05\/c1.jpg","type":"image\/jpeg"}],"twitter_card":"summary_large_image","schema":{"@context":"https:\/\/schema.org","@graph":[{"@type":"WebPage","@id":"https:\/\/holyland-olivewood.com\/da\/vare\/8-mm-oliven-trae-udskaret-oval-perler-500-perler\/","url":"https:\/\/holyland-olivewood.com\/da\/vare\/8-mm-oliven-trae-udskaret-oval-perler-500-perler\/","name":"9 mm Olive Wood Carved Oval Beads (500 perler) #B129 - Holy Land Olive Wood - Bethlehem Olive Wood Factory","isPartOf":{"@id":"https:\/\/holyland-olivewood.com\/da\/#website"},"primaryImageOfPage":{"@id":"https:\/\/holyland-olivewood.com\/da\/vare\/8-mm-oliven-trae-udskaret-oval-perler-500-perler\/#primaryimage"},"image":{"@id":"https:\/\/holyland-olivewood.com\/da\/vare\/8-mm-oliven-trae-udskaret-oval-perler-500-perler\/#primaryimage"},"thumbnailUrl":"https:\/\/holyland-olivewood.com\/wp-content\/uploads\/2016\/05\/c1.jpg","datePublished":"2022-02-10T14:00:44+00:00","dateModified":"2024-05-12T18:13:24+00:00","description":"Bethlehems kunsth\u00e5ndv\u00e6rk i oliventr\u00e6 (f.eks. rosenkranse, ovale, udsk\u00e5rne, runde, perler), udsk\u00e6ringer, midterstykker og r\u00e5materiale i standard- og specialm\u00e5l.","breadcrumb":{"@id":"https:\/\/holyland-olivewood.com\/da\/vare\/8-mm-oliven-trae-udskaret-oval-perler-500-perler\/#breadcrumb"},"inLanguage":"da-DK","potentialAction":[{"@type":"ReadAction","target":["https:\/\/holyland-olivewood.com\/da\/vare\/8-mm-oliven-trae-udskaret-oval-perler-500-perler\/"]}]},{"@type":"ImageObject","inLanguage":"da-DK","@id":"https:\/\/holyland-olivewood.com\/da\/vare\/8-mm-oliven-trae-udskaret-oval-perler-500-perler\/#primaryimage","url":"https:\/\/holyland-olivewood.com\/wp-content\/uploads\/2016\/05\/c1.jpg","contentUrl":"https:\/\/holyland-olivewood.com\/wp-content\/uploads\/2016\/05\/c1.jpg","width":1550,"height":1200},{"@type":"BreadcrumbList","@id":"https:\/\/holyland-olivewood.com\/da\/vare\/8-mm-oliven-trae-udskaret-oval-perler-500-perler\/#breadcrumb","itemListElement":[{"@type":"ListItem","position":1,"name":"Home","item":"https:\/\/holyland-olivewood.com\/da\/home\/"},{"@type":"ListItem","position":2,"name":"Se alle produkter","item":"https:\/\/holyland-olivewood.com\/da\/shop\/"},{"@type":"ListItem","position":3,"name":"9 mm Olive Wood Carved Oval Beads (500 perler) #B129"}]},{"@type":"WebSite","@id":"https:\/\/holyland-olivewood.com\/da\/#website","url":"https:\/\/holyland-olivewood.com\/da\/","name":"Holy Land Olive Wood - Bethlehem Olive Wood Factory","description":"Holy Land Olivewood Bethlehem","publisher":{"@id":"https:\/\/holyland-olivewood.com\/da\/#organization"},"potentialAction":[{"@type":"SearchAction","target":{"@type":"EntryPoint","urlTemplate":"https:\/\/holyland-olivewood.com\/da\/?s={search_term_string}"},"query-input":{"@type":"PropertyValueSpecification","valueRequired":true,"valueName":"search_term_string"}}],"inLanguage":"da-DK"},{"@type":"Organization","@id":"https:\/\/holyland-olivewood.com\/da\/#organization","name":"Holy Land Olivewood","url":"https:\/\/holyland-olivewood.com\/da\/","logo":{"@type":"ImageObject","inLanguage":"da-DK","@id":"https:\/\/holyland-olivewood.com\/da\/#\/schema\/logo\/image\/","url":"","contentUrl":"","caption":"Holy Land Olivewood"},"image":{"@id":"https:\/\/holyland-olivewood.com\/da\/#\/schema\/logo\/image\/"},"sameAs":["https:\/\/www.facebook.com\/holylandolivewood.bethlehem\/","http:\/\/instagram.com\/holy.land.olive.wood"]}]}},"_links":{"self":[{"href":"https:\/\/holyland-olivewood.com\/da\/wp-json\/wp\/v2\/product\/43758","targetHints":{"allow":["GET"]}}],"collection":[{"href":"https:\/\/holyland-olivewood.com\/da\/wp-json\/wp\/v2\/product"}],"about":[{"href":"https:\/\/holyland-olivewood.com\/da\/wp-json\/wp\/v2\/types\/product"}],"replies":[{"embeddable":true,"href":"https:\/\/holyland-olivewood.com\/da\/wp-json\/wp\/v2\/comments?post=43758"}],"version-history":[{"count":0,"href":"https:\/\/holyland-olivewood.com\/da\/wp-json\/wp\/v2\/product\/43758\/revisions"}],"wp:featuredmedia":[{"embeddable":true,"href":"https:\/\/holyland-olivewood.com\/da\/wp-json\/wp\/v2\/media\/30754"}],"wp:attachment":[{"href":"https:\/\/holyland-olivewood.com\/da\/wp-json\/wp\/v2\/media?parent=43758"}],"wp:term":[{"taxonomy":"product_brand","embeddable":true,"href":"https:\/\/holyland-olivewood.com\/da\/wp-json\/wp\/v2\/product_brand?post=43758"},{"taxonomy":"product_cat","embeddable":true,"href":"https:\/\/holyland-olivewood.com\/da\/wp-json\/wp\/v2\/product_cat?post=43758"},{"taxonomy":"product_tag","embeddable":true,"href":"https:\/\/holyland-olivewood.com\/da\/wp-json\/wp\/v2\/product_tag?post=43758"}],"curies":[{"name":"wp","href":"https:\/\/api.w.org\/{rel}","templated":true}]}}