{"id":42900,"date":"2018-01-19T15:09:03","date_gmt":"2022-02-09T08:26:18","guid":{"rendered":"https:\/\/holyland-olivewood.com\/product\/jerusalem-olivewood-slimline-twist-pen-m-laser-gravering-gun-metal-fixtures-pe104\/"},"modified":"2022-02-09T08:26:18","modified_gmt":"2022-02-09T08:26:18","slug":"handlavede-betlehem-oliven-trae-twist-pen","status":"publish","type":"product","link":"https:\/\/holyland-olivewood.com\/da\/vare\/handlavede-betlehem-oliven-trae-twist-pen\/","title":{"rendered":"Jerusalem Olivewood Slimline Twist Pen m \/ Laser Gravering &amp;Gun Metal Fixtures #PE104"},"content":{"rendered":"","protected":false},"excerpt":{"rendered":"<p>Denne h\u00e5nd-vendte souvenir pen vil vare hele livet, og g\u00f8r en stor gave til alle, der s\u00e6tter pris p\u00e5 h\u00e5ndv\u00e6rk og r\u00e5 sk\u00f8nhed naturlige materialer. <em>Denne pen greb er lavet af b\u00e6redygtigt h\u00f8stet, \u00e6gte <strong>Jerusalem Olivewood<\/strong>, indk\u00f8bt i besk\u00e6ringss\u00e6sonen fra gamle oliventr\u00e6er p\u00e5 Oliebjerget.<\/em><\/p>\n<p>Dette eksotiske materiale har en glattere finish end n\u00e6sten noget andet tr\u00e6, og dets st\u00e6rkt kontrasterende kornm\u00f8nster undlader aldrig at imponere.<\/p>\n<p><strong>For at skelne denne pen fra vores andre Slimline penne, vi laser indgraveret &#8220;Jerusalem&#8221; p\u00e5 den \u00f8verste halvdel af pennen.<\/strong><\/p>\n<p>Hver pen leveres med en montre og \u00e6gthedscertifikat, der kontrollerer de materialer og teknikker, der bruges til at fremstille dette produkt.<\/p>\n<p><strong><br \/>\nModel:<\/strong> Slimline Twist Pen<br \/>\n<strong>Slags:<\/strong> Genopfyldning af boldpunkt p\u00e5 tv\u00e6rs\u00ae af typen<br \/>\n<strong>Farve:<\/strong> Sort<br \/>\n<strong>Genopfyldning:<\/strong> Ja<br \/>\n<strong>Gribe:<\/strong> Jerusalem Oliventr\u00e6<br \/>\n<strong>Inventar:<\/strong> Kanonmetal<br \/>\n<strong>Finish:<\/strong> Lak med lav glans<br \/>\n<strong>St\u00f8rrelse:<\/strong> 1,0 cm x 14 cm (3\/8&#8243; x 5,1\/2&#8243;)<\/p>\n","protected":false},"featured_media":33653,"comment_status":"closed","ping_status":"closed","template":"","meta":[],"product_brand":[],"product_cat":[2399,740],"product_tag":[741,747,1400,2400],"class_list":{"0":"post-42900","1":"product","2":"type-product","3":"status-publish","4":"has-post-thumbnail","6":"product_cat-kuglepenne-og-skrivebordsartikler","7":"product_cat-kunsthandvaerk","8":"product_tag-betlehem","9":"product_tag-oliventrae","10":"product_tag-pen-da","11":"product_tag-penne-da","13":"first","14":"instock","15":"shipping-taxable","16":"purchasable","17":"product-type-simple"},"yoast_head":"<!-- This site is optimized with the Yoast SEO plugin v27.3 - https:\/\/yoast.com\/product\/yoast-seo-wordpress\/ -->\n<title>Jerusalem Olivewood Slimline Twist Pen m \/ Laser Gravering &amp;Gun Metal Fixtures #PE104 - Holy Land Olive Wood - Bethlehem Olive Wood Factory<\/title>\n<meta name=\"description\" content=\"Bethlehem oliventr\u00e6 penne og skrivebordsartikler (dvs. pen indehaveren, pen kasser) emner, udsk\u00e6ringer &amp;mere fra det hellige land &amp;r\u00e5 bestand i standard og brugerdefinerede dimensioner.\" \/>\n<meta name=\"robots\" content=\"index, follow, max-snippet:-1, max-image-preview:large, max-video-preview:-1\" \/>\n<link rel=\"canonical\" href=\"https:\/\/holyland-olivewood.com\/da\/vare\/handlavede-betlehem-oliven-trae-twist-pen\/\" \/>\n<meta property=\"og:locale\" content=\"da_DK\" \/>\n<meta property=\"og:type\" content=\"article\" \/>\n<meta property=\"og:title\" content=\"Jerusalem Olivewood Slimline Twist Pen m \/ Laser Gravering &amp;Gun Metal Fixtures #PE104 - Holy Land Olive Wood - Bethlehem Olive Wood Factory\" \/>\n<meta property=\"og:description\" content=\"Bethlehem oliventr\u00e6 penne og skrivebordsartikler (dvs. pen indehaveren, pen kasser) emner, udsk\u00e6ringer &amp;mere fra det hellige land &amp;r\u00e5 bestand i standard og brugerdefinerede dimensioner.\" \/>\n<meta property=\"og:url\" content=\"https:\/\/holyland-olivewood.com\/da\/vare\/handlavede-betlehem-oliven-trae-twist-pen\/\" \/>\n<meta property=\"og:site_name\" content=\"Holy Land Olive Wood - Bethlehem Olive Wood Factory\" \/>\n<meta property=\"article:publisher\" content=\"https:\/\/www.facebook.com\/holylandolivewood.bethlehem\/\" \/>\n<meta property=\"og:image\" content=\"https:\/\/holyland-olivewood.com\/wp-content\/uploads\/2018\/01\/pen_holy_land_olive_wood_bethlehem_pe104_1.jpg\" \/>\n\t<meta property=\"og:image:width\" content=\"1550\" \/>\n\t<meta property=\"og:image:height\" content=\"1200\" \/>\n\t<meta property=\"og:image:type\" content=\"image\/jpeg\" \/>\n<meta name=\"twitter:card\" content=\"summary_large_image\" \/>\n<script type=\"application\/ld+json\" class=\"yoast-schema-graph\">{\"@context\":\"https:\\\/\\\/schema.org\",\"@graph\":[{\"@type\":\"WebPage\",\"@id\":\"https:\\\/\\\/holyland-olivewood.com\\\/da\\\/vare\\\/handlavede-betlehem-oliven-trae-twist-pen\\\/\",\"url\":\"https:\\\/\\\/holyland-olivewood.com\\\/da\\\/vare\\\/handlavede-betlehem-oliven-trae-twist-pen\\\/\",\"name\":\"Jerusalem Olivewood Slimline Twist Pen m \\\/ Laser Gravering &amp;Gun Metal Fixtures #PE104 - Holy Land Olive Wood - Bethlehem Olive Wood Factory\",\"isPartOf\":{\"@id\":\"https:\\\/\\\/holyland-olivewood.com\\\/da\\\/#website\"},\"primaryImageOfPage\":{\"@id\":\"https:\\\/\\\/holyland-olivewood.com\\\/da\\\/vare\\\/handlavede-betlehem-oliven-trae-twist-pen\\\/#primaryimage\"},\"image\":{\"@id\":\"https:\\\/\\\/holyland-olivewood.com\\\/da\\\/vare\\\/handlavede-betlehem-oliven-trae-twist-pen\\\/#primaryimage\"},\"thumbnailUrl\":\"https:\\\/\\\/holyland-olivewood.com\\\/wp-content\\\/uploads\\\/2018\\\/01\\\/pen_holy_land_olive_wood_bethlehem_pe104_1.jpg\",\"datePublished\":\"2022-02-09T08:26:18+00:00\",\"description\":\"Bethlehem oliventr\u00e6 penne og skrivebordsartikler (dvs. pen indehaveren, pen kasser) emner, udsk\u00e6ringer &mere fra det hellige land &r\u00e5 bestand i standard og brugerdefinerede dimensioner.\",\"breadcrumb\":{\"@id\":\"https:\\\/\\\/holyland-olivewood.com\\\/da\\\/vare\\\/handlavede-betlehem-oliven-trae-twist-pen\\\/#breadcrumb\"},\"inLanguage\":\"da-DK\",\"potentialAction\":[{\"@type\":\"ReadAction\",\"target\":[\"https:\\\/\\\/holyland-olivewood.com\\\/da\\\/vare\\\/handlavede-betlehem-oliven-trae-twist-pen\\\/\"]}]},{\"@type\":\"ImageObject\",\"inLanguage\":\"da-DK\",\"@id\":\"https:\\\/\\\/holyland-olivewood.com\\\/da\\\/vare\\\/handlavede-betlehem-oliven-trae-twist-pen\\\/#primaryimage\",\"url\":\"https:\\\/\\\/holyland-olivewood.com\\\/wp-content\\\/uploads\\\/2018\\\/01\\\/pen_holy_land_olive_wood_bethlehem_pe104_1.jpg\",\"contentUrl\":\"https:\\\/\\\/holyland-olivewood.com\\\/wp-content\\\/uploads\\\/2018\\\/01\\\/pen_holy_land_olive_wood_bethlehem_pe104_1.jpg\",\"width\":1550,\"height\":1200},{\"@type\":\"BreadcrumbList\",\"@id\":\"https:\\\/\\\/holyland-olivewood.com\\\/da\\\/vare\\\/handlavede-betlehem-oliven-trae-twist-pen\\\/#breadcrumb\",\"itemListElement\":[{\"@type\":\"ListItem\",\"position\":1,\"name\":\"Home\",\"item\":\"https:\\\/\\\/holyland-olivewood.com\\\/da\\\/home\\\/\"},{\"@type\":\"ListItem\",\"position\":2,\"name\":\"Se alle produkter\",\"item\":\"https:\\\/\\\/holyland-olivewood.com\\\/da\\\/shop\\\/\"},{\"@type\":\"ListItem\",\"position\":3,\"name\":\"Jerusalem Olivewood Slimline Twist Pen m \\\/ Laser Gravering &amp;Gun Metal Fixtures #PE104\"}]},{\"@type\":\"WebSite\",\"@id\":\"https:\\\/\\\/holyland-olivewood.com\\\/da\\\/#website\",\"url\":\"https:\\\/\\\/holyland-olivewood.com\\\/da\\\/\",\"name\":\"Holy Land Olive Wood - Bethlehem Olive Wood Factory\",\"description\":\"Holy Land Olivewood Bethlehem\",\"publisher\":{\"@id\":\"https:\\\/\\\/holyland-olivewood.com\\\/da\\\/#organization\"},\"potentialAction\":[{\"@type\":\"SearchAction\",\"target\":{\"@type\":\"EntryPoint\",\"urlTemplate\":\"https:\\\/\\\/holyland-olivewood.com\\\/da\\\/?s={search_term_string}\"},\"query-input\":{\"@type\":\"PropertyValueSpecification\",\"valueRequired\":true,\"valueName\":\"search_term_string\"}}],\"inLanguage\":\"da-DK\"},{\"@type\":\"Organization\",\"@id\":\"https:\\\/\\\/holyland-olivewood.com\\\/da\\\/#organization\",\"name\":\"Holy Land Olivewood\",\"url\":\"https:\\\/\\\/holyland-olivewood.com\\\/da\\\/\",\"logo\":{\"@type\":\"ImageObject\",\"inLanguage\":\"da-DK\",\"@id\":\"https:\\\/\\\/holyland-olivewood.com\\\/da\\\/#\\\/schema\\\/logo\\\/image\\\/\",\"url\":\"\",\"contentUrl\":\"\",\"caption\":\"Holy Land Olivewood\"},\"image\":{\"@id\":\"https:\\\/\\\/holyland-olivewood.com\\\/da\\\/#\\\/schema\\\/logo\\\/image\\\/\"},\"sameAs\":[\"https:\\\/\\\/www.facebook.com\\\/holylandolivewood.bethlehem\\\/\",\"http:\\\/\\\/instagram.com\\\/holy.land.olive.wood\"]}]}<\/script>\n<!-- \/ Yoast SEO plugin. -->","yoast_head_json":{"title":"Jerusalem Olivewood Slimline Twist Pen m \/ Laser Gravering &amp;Gun Metal Fixtures #PE104 - Holy Land Olive Wood - Bethlehem Olive Wood Factory","description":"Bethlehem oliventr\u00e6 penne og skrivebordsartikler (dvs. pen indehaveren, pen kasser) emner, udsk\u00e6ringer &mere fra det hellige land &r\u00e5 bestand i standard og brugerdefinerede dimensioner.","robots":{"index":"index","follow":"follow","max-snippet":"max-snippet:-1","max-image-preview":"max-image-preview:large","max-video-preview":"max-video-preview:-1"},"canonical":"https:\/\/holyland-olivewood.com\/da\/vare\/handlavede-betlehem-oliven-trae-twist-pen\/","og_locale":"da_DK","og_type":"article","og_title":"Jerusalem Olivewood Slimline Twist Pen m \/ Laser Gravering &amp;Gun Metal Fixtures #PE104 - Holy Land Olive Wood - Bethlehem Olive Wood Factory","og_description":"Bethlehem oliventr\u00e6 penne og skrivebordsartikler (dvs. pen indehaveren, pen kasser) emner, udsk\u00e6ringer &mere fra det hellige land &r\u00e5 bestand i standard og brugerdefinerede dimensioner.","og_url":"https:\/\/holyland-olivewood.com\/da\/vare\/handlavede-betlehem-oliven-trae-twist-pen\/","og_site_name":"Holy Land Olive Wood - Bethlehem Olive Wood Factory","article_publisher":"https:\/\/www.facebook.com\/holylandolivewood.bethlehem\/","og_image":[{"width":1550,"height":1200,"url":"https:\/\/holyland-olivewood.com\/wp-content\/uploads\/2018\/01\/pen_holy_land_olive_wood_bethlehem_pe104_1.jpg","type":"image\/jpeg"}],"twitter_card":"summary_large_image","schema":{"@context":"https:\/\/schema.org","@graph":[{"@type":"WebPage","@id":"https:\/\/holyland-olivewood.com\/da\/vare\/handlavede-betlehem-oliven-trae-twist-pen\/","url":"https:\/\/holyland-olivewood.com\/da\/vare\/handlavede-betlehem-oliven-trae-twist-pen\/","name":"Jerusalem Olivewood Slimline Twist Pen m \/ Laser Gravering &amp;Gun Metal Fixtures #PE104 - Holy Land Olive Wood - Bethlehem Olive Wood Factory","isPartOf":{"@id":"https:\/\/holyland-olivewood.com\/da\/#website"},"primaryImageOfPage":{"@id":"https:\/\/holyland-olivewood.com\/da\/vare\/handlavede-betlehem-oliven-trae-twist-pen\/#primaryimage"},"image":{"@id":"https:\/\/holyland-olivewood.com\/da\/vare\/handlavede-betlehem-oliven-trae-twist-pen\/#primaryimage"},"thumbnailUrl":"https:\/\/holyland-olivewood.com\/wp-content\/uploads\/2018\/01\/pen_holy_land_olive_wood_bethlehem_pe104_1.jpg","datePublished":"2022-02-09T08:26:18+00:00","description":"Bethlehem oliventr\u00e6 penne og skrivebordsartikler (dvs. pen indehaveren, pen kasser) emner, udsk\u00e6ringer &mere fra det hellige land &r\u00e5 bestand i standard og brugerdefinerede dimensioner.","breadcrumb":{"@id":"https:\/\/holyland-olivewood.com\/da\/vare\/handlavede-betlehem-oliven-trae-twist-pen\/#breadcrumb"},"inLanguage":"da-DK","potentialAction":[{"@type":"ReadAction","target":["https:\/\/holyland-olivewood.com\/da\/vare\/handlavede-betlehem-oliven-trae-twist-pen\/"]}]},{"@type":"ImageObject","inLanguage":"da-DK","@id":"https:\/\/holyland-olivewood.com\/da\/vare\/handlavede-betlehem-oliven-trae-twist-pen\/#primaryimage","url":"https:\/\/holyland-olivewood.com\/wp-content\/uploads\/2018\/01\/pen_holy_land_olive_wood_bethlehem_pe104_1.jpg","contentUrl":"https:\/\/holyland-olivewood.com\/wp-content\/uploads\/2018\/01\/pen_holy_land_olive_wood_bethlehem_pe104_1.jpg","width":1550,"height":1200},{"@type":"BreadcrumbList","@id":"https:\/\/holyland-olivewood.com\/da\/vare\/handlavede-betlehem-oliven-trae-twist-pen\/#breadcrumb","itemListElement":[{"@type":"ListItem","position":1,"name":"Home","item":"https:\/\/holyland-olivewood.com\/da\/home\/"},{"@type":"ListItem","position":2,"name":"Se alle produkter","item":"https:\/\/holyland-olivewood.com\/da\/shop\/"},{"@type":"ListItem","position":3,"name":"Jerusalem Olivewood Slimline Twist Pen m \/ Laser Gravering &amp;Gun Metal Fixtures #PE104"}]},{"@type":"WebSite","@id":"https:\/\/holyland-olivewood.com\/da\/#website","url":"https:\/\/holyland-olivewood.com\/da\/","name":"Holy Land Olive Wood - Bethlehem Olive Wood Factory","description":"Holy Land Olivewood Bethlehem","publisher":{"@id":"https:\/\/holyland-olivewood.com\/da\/#organization"},"potentialAction":[{"@type":"SearchAction","target":{"@type":"EntryPoint","urlTemplate":"https:\/\/holyland-olivewood.com\/da\/?s={search_term_string}"},"query-input":{"@type":"PropertyValueSpecification","valueRequired":true,"valueName":"search_term_string"}}],"inLanguage":"da-DK"},{"@type":"Organization","@id":"https:\/\/holyland-olivewood.com\/da\/#organization","name":"Holy Land Olivewood","url":"https:\/\/holyland-olivewood.com\/da\/","logo":{"@type":"ImageObject","inLanguage":"da-DK","@id":"https:\/\/holyland-olivewood.com\/da\/#\/schema\/logo\/image\/","url":"","contentUrl":"","caption":"Holy Land Olivewood"},"image":{"@id":"https:\/\/holyland-olivewood.com\/da\/#\/schema\/logo\/image\/"},"sameAs":["https:\/\/www.facebook.com\/holylandolivewood.bethlehem\/","http:\/\/instagram.com\/holy.land.olive.wood"]}]}},"_links":{"self":[{"href":"https:\/\/holyland-olivewood.com\/da\/wp-json\/wp\/v2\/product\/42900","targetHints":{"allow":["GET"]}}],"collection":[{"href":"https:\/\/holyland-olivewood.com\/da\/wp-json\/wp\/v2\/product"}],"about":[{"href":"https:\/\/holyland-olivewood.com\/da\/wp-json\/wp\/v2\/types\/product"}],"replies":[{"embeddable":true,"href":"https:\/\/holyland-olivewood.com\/da\/wp-json\/wp\/v2\/comments?post=42900"}],"version-history":[{"count":0,"href":"https:\/\/holyland-olivewood.com\/da\/wp-json\/wp\/v2\/product\/42900\/revisions"}],"wp:featuredmedia":[{"embeddable":true,"href":"https:\/\/holyland-olivewood.com\/da\/wp-json\/wp\/v2\/media\/33653"}],"wp:attachment":[{"href":"https:\/\/holyland-olivewood.com\/da\/wp-json\/wp\/v2\/media?parent=42900"}],"wp:term":[{"taxonomy":"product_brand","embeddable":true,"href":"https:\/\/holyland-olivewood.com\/da\/wp-json\/wp\/v2\/product_brand?post=42900"},{"taxonomy":"product_cat","embeddable":true,"href":"https:\/\/holyland-olivewood.com\/da\/wp-json\/wp\/v2\/product_cat?post=42900"},{"taxonomy":"product_tag","embeddable":true,"href":"https:\/\/holyland-olivewood.com\/da\/wp-json\/wp\/v2\/product_tag?post=42900"}],"curies":[{"name":"wp","href":"https:\/\/api.w.org\/{rel}","templated":true}]}}