{"id":42176,"date":"2018-08-27T16:45:41","date_gmt":"2022-02-09T07:36:55","guid":{"rendered":"https:\/\/holyland-olivewood.com\/product\/haandlavede-bethlehem-olive-wood-butterfly-classic-style-w102\/"},"modified":"2022-02-09T07:36:55","modified_gmt":"2022-02-09T07:36:55","slug":"handlavede-betlehem-oliven-trae-butterfly-klassisk-stil-w102","status":"publish","type":"product","link":"https:\/\/holyland-olivewood.com\/da\/vare\/handlavede-betlehem-oliven-trae-butterfly-klassisk-stil-w102\/","title":{"rendered":"H\u00e5ndlavede Bethlehem Olive Wood Butterfly [Classic Style] #W102"},"content":{"rendered":"","protected":false},"excerpt":{"rendered":"<p>Denne smukke Bow Tie er h\u00e5ndlavet i det hellige land fra et enkelt stykke b\u00e6redygtigt h\u00f8stet, autentisk Bethlehem Olive Wood. Dette stykke er meget holdbart og har en fin finish, der er silkebl\u00f8d at r\u00f8re ved. Den er monteret p\u00e5 et meget holdbart 2 centimeter bredt elastikb\u00e5nd med tunge st\u00e5lklemmer. Denne butterfly er ogs\u00e5 sikker p\u00e5 at matche ethvert outfit, da dens 100{2f9fea33a2c142858c406f70e8527ba43513ec75a7d01dae5601b00fab7679f6}  ren satin center-stykke f\u00e5s i f\u00f8lgende 11 farver: A.) Lavendar, B.) Lilla, C.) R\u00f8d, D.) Bourgogne, E.) Pistacie, F.) Guld, G.) S\u00f8lv, H.) Sort, I.) Hvid, J.) Off-white &amp;K.) Marinebl\u00e5<br \/>\nDenne vare indeholder et \u00e6gthedscertifikat, der kontrollerer de materialer og teknikker, der bruges til at fremstille dette produkt.<\/p>\n<p><strong>St\u00f8rrelse:<\/strong> 12 cm x 5 cm (4,75&#8243; x 2&#8243;)<\/p>\n","protected":false},"featured_media":51540,"comment_status":"closed","ping_status":"closed","template":"","meta":[],"product_brand":[],"product_cat":[2785],"product_tag":[],"class_list":{"0":"post-42176","1":"product","2":"type-product","3":"status-publish","4":"has-post-thumbnail","6":"product_cat-trae-butterfly","8":"first","9":"instock","10":"shipping-taxable","11":"purchasable","12":"product-type-variable"},"yoast_head":"<!-- This site is optimized with the Yoast SEO plugin v27.4 - https:\/\/yoast.com\/product\/yoast-seo-wordpress\/ -->\n<title>H\u00e5ndlavede Bethlehem Olive Wood Butterfly [Classic Style] #W102 - Holy Land Olive Wood - Bethlehem Olive Wood Factory<\/title>\n<meta name=\"description\" content=\"Tr\u00e6 Bow Tie oliventr\u00e6 kunsth\u00e5ndv\u00e6rk (dvs. Olive Wood Bow Tie) hellige familie, jul, figurer, og r\u00e5 lager i standard og brugerdefinerede dimensioner.\" \/>\n<meta name=\"robots\" content=\"index, follow, max-snippet:-1, max-image-preview:large, max-video-preview:-1\" \/>\n<link rel=\"canonical\" href=\"https:\/\/holyland-olivewood.com\/da\/vare\/handlavede-betlehem-oliven-trae-butterfly-klassisk-stil-w102\/\" \/>\n<meta property=\"og:locale\" content=\"da_DK\" \/>\n<meta property=\"og:type\" content=\"article\" \/>\n<meta property=\"og:title\" content=\"H\u00e5ndlavede Bethlehem Olive Wood Butterfly [Classic Style] #W102 - Holy Land Olive Wood - Bethlehem Olive Wood Factory\" \/>\n<meta property=\"og:description\" content=\"Tr\u00e6 Bow Tie oliventr\u00e6 kunsth\u00e5ndv\u00e6rk (dvs. Olive Wood Bow Tie) hellige familie, jul, figurer, og r\u00e5 lager i standard og brugerdefinerede dimensioner.\" \/>\n<meta property=\"og:url\" content=\"https:\/\/holyland-olivewood.com\/da\/vare\/handlavede-betlehem-oliven-trae-butterfly-klassisk-stil-w102\/\" \/>\n<meta property=\"og:site_name\" content=\"Holy Land Olive Wood - Bethlehem Olive Wood Factory\" \/>\n<meta property=\"article:publisher\" content=\"https:\/\/www.facebook.com\/holylandolivewood.bethlehem\/\" \/>\n<meta property=\"og:image\" content=\"https:\/\/holyland-olivewood.com\/wp-content\/uploads\/2018\/08\/wooden_bow_tie_olive_wood_handmade_holy_land_bethlehem_w102-1.jpg\" \/>\n\t<meta property=\"og:image:width\" content=\"1550\" \/>\n\t<meta property=\"og:image:height\" content=\"1200\" \/>\n\t<meta property=\"og:image:type\" content=\"image\/jpeg\" \/>\n<meta name=\"twitter:card\" content=\"summary_large_image\" \/>\n<script type=\"application\/ld+json\" class=\"yoast-schema-graph\">{\"@context\":\"https:\\\/\\\/schema.org\",\"@graph\":[{\"@type\":\"WebPage\",\"@id\":\"https:\\\/\\\/holyland-olivewood.com\\\/da\\\/vare\\\/handlavede-betlehem-oliven-trae-butterfly-klassisk-stil-w102\\\/\",\"url\":\"https:\\\/\\\/holyland-olivewood.com\\\/da\\\/vare\\\/handlavede-betlehem-oliven-trae-butterfly-klassisk-stil-w102\\\/\",\"name\":\"H\u00e5ndlavede Bethlehem Olive Wood Butterfly [Classic Style] #W102 - Holy Land Olive Wood - Bethlehem Olive Wood Factory\",\"isPartOf\":{\"@id\":\"https:\\\/\\\/holyland-olivewood.com\\\/da\\\/#website\"},\"primaryImageOfPage\":{\"@id\":\"https:\\\/\\\/holyland-olivewood.com\\\/da\\\/vare\\\/handlavede-betlehem-oliven-trae-butterfly-klassisk-stil-w102\\\/#primaryimage\"},\"image\":{\"@id\":\"https:\\\/\\\/holyland-olivewood.com\\\/da\\\/vare\\\/handlavede-betlehem-oliven-trae-butterfly-klassisk-stil-w102\\\/#primaryimage\"},\"thumbnailUrl\":\"https:\\\/\\\/holyland-olivewood.com\\\/wp-content\\\/uploads\\\/2018\\\/08\\\/wooden_bow_tie_olive_wood_handmade_holy_land_bethlehem_w102-1.jpg\",\"datePublished\":\"2022-02-09T07:36:55+00:00\",\"description\":\"Tr\u00e6 Bow Tie oliventr\u00e6 kunsth\u00e5ndv\u00e6rk (dvs. Olive Wood Bow Tie) hellige familie, jul, figurer, og r\u00e5 lager i standard og brugerdefinerede dimensioner.\",\"breadcrumb\":{\"@id\":\"https:\\\/\\\/holyland-olivewood.com\\\/da\\\/vare\\\/handlavede-betlehem-oliven-trae-butterfly-klassisk-stil-w102\\\/#breadcrumb\"},\"inLanguage\":\"da-DK\",\"potentialAction\":[{\"@type\":\"ReadAction\",\"target\":[\"https:\\\/\\\/holyland-olivewood.com\\\/da\\\/vare\\\/handlavede-betlehem-oliven-trae-butterfly-klassisk-stil-w102\\\/\"]}]},{\"@type\":\"ImageObject\",\"inLanguage\":\"da-DK\",\"@id\":\"https:\\\/\\\/holyland-olivewood.com\\\/da\\\/vare\\\/handlavede-betlehem-oliven-trae-butterfly-klassisk-stil-w102\\\/#primaryimage\",\"url\":\"https:\\\/\\\/holyland-olivewood.com\\\/wp-content\\\/uploads\\\/2018\\\/08\\\/wooden_bow_tie_olive_wood_handmade_holy_land_bethlehem_w102-1.jpg\",\"contentUrl\":\"https:\\\/\\\/holyland-olivewood.com\\\/wp-content\\\/uploads\\\/2018\\\/08\\\/wooden_bow_tie_olive_wood_handmade_holy_land_bethlehem_w102-1.jpg\",\"width\":1550,\"height\":1200},{\"@type\":\"BreadcrumbList\",\"@id\":\"https:\\\/\\\/holyland-olivewood.com\\\/da\\\/vare\\\/handlavede-betlehem-oliven-trae-butterfly-klassisk-stil-w102\\\/#breadcrumb\",\"itemListElement\":[{\"@type\":\"ListItem\",\"position\":1,\"name\":\"Home\",\"item\":\"https:\\\/\\\/holyland-olivewood.com\\\/da\\\/home\\\/\"},{\"@type\":\"ListItem\",\"position\":2,\"name\":\"Se alle produkter\",\"item\":\"https:\\\/\\\/holyland-olivewood.com\\\/da\\\/shop\\\/\"},{\"@type\":\"ListItem\",\"position\":3,\"name\":\"H\u00e5ndlavede Bethlehem Olive Wood Butterfly [Classic Style] #W102\"}]},{\"@type\":\"WebSite\",\"@id\":\"https:\\\/\\\/holyland-olivewood.com\\\/da\\\/#website\",\"url\":\"https:\\\/\\\/holyland-olivewood.com\\\/da\\\/\",\"name\":\"Holy Land Olive Wood - Bethlehem Olive Wood Factory\",\"description\":\"Holy Land Olivewood Bethlehem\",\"publisher\":{\"@id\":\"https:\\\/\\\/holyland-olivewood.com\\\/da\\\/#organization\"},\"potentialAction\":[{\"@type\":\"SearchAction\",\"target\":{\"@type\":\"EntryPoint\",\"urlTemplate\":\"https:\\\/\\\/holyland-olivewood.com\\\/da\\\/?s={search_term_string}\"},\"query-input\":{\"@type\":\"PropertyValueSpecification\",\"valueRequired\":true,\"valueName\":\"search_term_string\"}}],\"inLanguage\":\"da-DK\"},{\"@type\":\"Organization\",\"@id\":\"https:\\\/\\\/holyland-olivewood.com\\\/da\\\/#organization\",\"name\":\"Holy Land Olivewood\",\"url\":\"https:\\\/\\\/holyland-olivewood.com\\\/da\\\/\",\"logo\":{\"@type\":\"ImageObject\",\"inLanguage\":\"da-DK\",\"@id\":\"https:\\\/\\\/holyland-olivewood.com\\\/da\\\/#\\\/schema\\\/logo\\\/image\\\/\",\"url\":\"\",\"contentUrl\":\"\",\"caption\":\"Holy Land Olivewood\"},\"image\":{\"@id\":\"https:\\\/\\\/holyland-olivewood.com\\\/da\\\/#\\\/schema\\\/logo\\\/image\\\/\"},\"sameAs\":[\"https:\\\/\\\/www.facebook.com\\\/holylandolivewood.bethlehem\\\/\",\"http:\\\/\\\/instagram.com\\\/holy.land.olive.wood\"]}]}<\/script>\n<!-- \/ Yoast SEO plugin. -->","yoast_head_json":{"title":"H\u00e5ndlavede Bethlehem Olive Wood Butterfly [Classic Style] #W102 - Holy Land Olive Wood - Bethlehem Olive Wood Factory","description":"Tr\u00e6 Bow Tie oliventr\u00e6 kunsth\u00e5ndv\u00e6rk (dvs. Olive Wood Bow Tie) hellige familie, jul, figurer, og r\u00e5 lager i standard og brugerdefinerede dimensioner.","robots":{"index":"index","follow":"follow","max-snippet":"max-snippet:-1","max-image-preview":"max-image-preview:large","max-video-preview":"max-video-preview:-1"},"canonical":"https:\/\/holyland-olivewood.com\/da\/vare\/handlavede-betlehem-oliven-trae-butterfly-klassisk-stil-w102\/","og_locale":"da_DK","og_type":"article","og_title":"H\u00e5ndlavede Bethlehem Olive Wood Butterfly [Classic Style] #W102 - Holy Land Olive Wood - Bethlehem Olive Wood Factory","og_description":"Tr\u00e6 Bow Tie oliventr\u00e6 kunsth\u00e5ndv\u00e6rk (dvs. Olive Wood Bow Tie) hellige familie, jul, figurer, og r\u00e5 lager i standard og brugerdefinerede dimensioner.","og_url":"https:\/\/holyland-olivewood.com\/da\/vare\/handlavede-betlehem-oliven-trae-butterfly-klassisk-stil-w102\/","og_site_name":"Holy Land Olive Wood - Bethlehem Olive Wood Factory","article_publisher":"https:\/\/www.facebook.com\/holylandolivewood.bethlehem\/","og_image":[{"width":1550,"height":1200,"url":"https:\/\/holyland-olivewood.com\/wp-content\/uploads\/2018\/08\/wooden_bow_tie_olive_wood_handmade_holy_land_bethlehem_w102-1.jpg","type":"image\/jpeg"}],"twitter_card":"summary_large_image","schema":{"@context":"https:\/\/schema.org","@graph":[{"@type":"WebPage","@id":"https:\/\/holyland-olivewood.com\/da\/vare\/handlavede-betlehem-oliven-trae-butterfly-klassisk-stil-w102\/","url":"https:\/\/holyland-olivewood.com\/da\/vare\/handlavede-betlehem-oliven-trae-butterfly-klassisk-stil-w102\/","name":"H\u00e5ndlavede Bethlehem Olive Wood Butterfly [Classic Style] #W102 - Holy Land Olive Wood - Bethlehem Olive Wood Factory","isPartOf":{"@id":"https:\/\/holyland-olivewood.com\/da\/#website"},"primaryImageOfPage":{"@id":"https:\/\/holyland-olivewood.com\/da\/vare\/handlavede-betlehem-oliven-trae-butterfly-klassisk-stil-w102\/#primaryimage"},"image":{"@id":"https:\/\/holyland-olivewood.com\/da\/vare\/handlavede-betlehem-oliven-trae-butterfly-klassisk-stil-w102\/#primaryimage"},"thumbnailUrl":"https:\/\/holyland-olivewood.com\/wp-content\/uploads\/2018\/08\/wooden_bow_tie_olive_wood_handmade_holy_land_bethlehem_w102-1.jpg","datePublished":"2022-02-09T07:36:55+00:00","description":"Tr\u00e6 Bow Tie oliventr\u00e6 kunsth\u00e5ndv\u00e6rk (dvs. Olive Wood Bow Tie) hellige familie, jul, figurer, og r\u00e5 lager i standard og brugerdefinerede dimensioner.","breadcrumb":{"@id":"https:\/\/holyland-olivewood.com\/da\/vare\/handlavede-betlehem-oliven-trae-butterfly-klassisk-stil-w102\/#breadcrumb"},"inLanguage":"da-DK","potentialAction":[{"@type":"ReadAction","target":["https:\/\/holyland-olivewood.com\/da\/vare\/handlavede-betlehem-oliven-trae-butterfly-klassisk-stil-w102\/"]}]},{"@type":"ImageObject","inLanguage":"da-DK","@id":"https:\/\/holyland-olivewood.com\/da\/vare\/handlavede-betlehem-oliven-trae-butterfly-klassisk-stil-w102\/#primaryimage","url":"https:\/\/holyland-olivewood.com\/wp-content\/uploads\/2018\/08\/wooden_bow_tie_olive_wood_handmade_holy_land_bethlehem_w102-1.jpg","contentUrl":"https:\/\/holyland-olivewood.com\/wp-content\/uploads\/2018\/08\/wooden_bow_tie_olive_wood_handmade_holy_land_bethlehem_w102-1.jpg","width":1550,"height":1200},{"@type":"BreadcrumbList","@id":"https:\/\/holyland-olivewood.com\/da\/vare\/handlavede-betlehem-oliven-trae-butterfly-klassisk-stil-w102\/#breadcrumb","itemListElement":[{"@type":"ListItem","position":1,"name":"Home","item":"https:\/\/holyland-olivewood.com\/da\/home\/"},{"@type":"ListItem","position":2,"name":"Se alle produkter","item":"https:\/\/holyland-olivewood.com\/da\/shop\/"},{"@type":"ListItem","position":3,"name":"H\u00e5ndlavede Bethlehem Olive Wood Butterfly [Classic Style] #W102"}]},{"@type":"WebSite","@id":"https:\/\/holyland-olivewood.com\/da\/#website","url":"https:\/\/holyland-olivewood.com\/da\/","name":"Holy Land Olive Wood - Bethlehem Olive Wood Factory","description":"Holy Land Olivewood Bethlehem","publisher":{"@id":"https:\/\/holyland-olivewood.com\/da\/#organization"},"potentialAction":[{"@type":"SearchAction","target":{"@type":"EntryPoint","urlTemplate":"https:\/\/holyland-olivewood.com\/da\/?s={search_term_string}"},"query-input":{"@type":"PropertyValueSpecification","valueRequired":true,"valueName":"search_term_string"}}],"inLanguage":"da-DK"},{"@type":"Organization","@id":"https:\/\/holyland-olivewood.com\/da\/#organization","name":"Holy Land Olivewood","url":"https:\/\/holyland-olivewood.com\/da\/","logo":{"@type":"ImageObject","inLanguage":"da-DK","@id":"https:\/\/holyland-olivewood.com\/da\/#\/schema\/logo\/image\/","url":"","contentUrl":"","caption":"Holy Land Olivewood"},"image":{"@id":"https:\/\/holyland-olivewood.com\/da\/#\/schema\/logo\/image\/"},"sameAs":["https:\/\/www.facebook.com\/holylandolivewood.bethlehem\/","http:\/\/instagram.com\/holy.land.olive.wood"]}]}},"_links":{"self":[{"href":"https:\/\/holyland-olivewood.com\/da\/wp-json\/wp\/v2\/product\/42176","targetHints":{"allow":["GET"]}}],"collection":[{"href":"https:\/\/holyland-olivewood.com\/da\/wp-json\/wp\/v2\/product"}],"about":[{"href":"https:\/\/holyland-olivewood.com\/da\/wp-json\/wp\/v2\/types\/product"}],"replies":[{"embeddable":true,"href":"https:\/\/holyland-olivewood.com\/da\/wp-json\/wp\/v2\/comments?post=42176"}],"version-history":[{"count":0,"href":"https:\/\/holyland-olivewood.com\/da\/wp-json\/wp\/v2\/product\/42176\/revisions"}],"wp:featuredmedia":[{"embeddable":true,"href":"https:\/\/holyland-olivewood.com\/da\/wp-json\/wp\/v2\/media\/51540"}],"wp:attachment":[{"href":"https:\/\/holyland-olivewood.com\/da\/wp-json\/wp\/v2\/media?parent=42176"}],"wp:term":[{"taxonomy":"product_brand","embeddable":true,"href":"https:\/\/holyland-olivewood.com\/da\/wp-json\/wp\/v2\/product_brand?post=42176"},{"taxonomy":"product_cat","embeddable":true,"href":"https:\/\/holyland-olivewood.com\/da\/wp-json\/wp\/v2\/product_cat?post=42176"},{"taxonomy":"product_tag","embeddable":true,"href":"https:\/\/holyland-olivewood.com\/da\/wp-json\/wp\/v2\/product_tag?post=42176"}],"curies":[{"name":"wp","href":"https:\/\/api.w.org\/{rel}","templated":true}]}}