{"id":41913,"date":"2018-09-06T13:14:54","date_gmt":"2022-02-09T05:43:41","guid":{"rendered":"https:\/\/holyland-olivewood.com\/product\/mineral-saebe-100g-d116\/"},"modified":"2022-02-09T05:43:41","modified_gmt":"2022-02-09T05:43:41","slug":"mineral-saebe-100g-d116","status":"publish","type":"product","link":"https:\/\/holyland-olivewood.com\/da\/vare\/mineral-saebe-100g-d116\/","title":{"rendered":"Mineral s\u00e6be (100g) #D116"},"content":{"rendered":"<p>Mineral s\u00e6be<\/p>\n","protected":false},"excerpt":{"rendered":"<p><strong>Mineral s\u00e6be (100g)<\/strong><\/p>\n<p>Denne castile s\u00e6be er lavet udelukkende af koldpresset, ekstra jomfru olivenolie fra Betlehem olivenlunde og D\u00f8de Hav salt, som fremmer blodcirkulationen, muskelafslapning, tilbagetr\u00e6kning af toksiner, og lindrer hudsygdomme, s\u00e5dan psoriasis, eksem og udsl\u00e6t.<\/p>\n","protected":false},"featured_media":51764,"comment_status":"closed","ping_status":"closed","template":"","meta":[],"product_brand":[],"product_cat":[1604,2684],"product_tag":[2686,2691,2689,2695,2685,2687],"class_list":{"0":"post-41913","1":"product","2":"type-product","3":"status-publish","4":"has-post-thumbnail","6":"product_cat-diverse","7":"product_cat-produkter-fra-det-dode-hav","8":"product_tag-det-dode-hav-mineral-salt","9":"product_tag-dode-hav-body-scrub","10":"product_tag-flode","11":"product_tag-mineralsalt-da","12":"product_tag-mudder-fra-det-dode-hav","13":"product_tag-sort-mudder-soab","15":"first","16":"outofstock","17":"shipping-taxable","18":"purchasable","19":"product-type-simple"},"yoast_head":"<!-- This site is optimized with the Yoast SEO plugin v27.4 - https:\/\/yoast.com\/product\/yoast-seo-wordpress\/ -->\n<title>Mineral s\u00e6be (100g) #D116 - Holy Land Olive Wood - Bethlehem Olive Wood Factory<\/title>\n<meta name=\"description\" content=\"Mineral s\u00e6be (D\u00f8de Hav Mudder, D\u00f8de Hav Mineral Salt ) Sort Mudder Soab, Fl\u00f8de, D\u00f8de Hav Body Scrub, Mudder, Mineral Salt, fra Holy Land Olive Wood.\" \/>\n<meta name=\"robots\" content=\"index, follow, max-snippet:-1, max-image-preview:large, max-video-preview:-1\" \/>\n<link rel=\"canonical\" href=\"https:\/\/holyland-olivewood.com\/da\/vare\/mineral-saebe-100g-d116\/\" \/>\n<meta property=\"og:locale\" content=\"da_DK\" \/>\n<meta property=\"og:type\" content=\"article\" \/>\n<meta property=\"og:title\" content=\"Mineral s\u00e6be (100g) #D116 - Holy Land Olive Wood - Bethlehem Olive Wood Factory\" \/>\n<meta property=\"og:description\" content=\"Mineral s\u00e6be (D\u00f8de Hav Mudder, D\u00f8de Hav Mineral Salt ) Sort Mudder Soab, Fl\u00f8de, D\u00f8de Hav Body Scrub, Mudder, Mineral Salt, fra Holy Land Olive Wood.\" \/>\n<meta property=\"og:url\" content=\"https:\/\/holyland-olivewood.com\/da\/vare\/mineral-saebe-100g-d116\/\" \/>\n<meta property=\"og:site_name\" content=\"Holy Land Olive Wood - Bethlehem Olive Wood Factory\" \/>\n<meta property=\"article:publisher\" content=\"https:\/\/www.facebook.com\/holylandolivewood.bethlehem\/\" \/>\n<meta property=\"og:image\" content=\"https:\/\/holyland-olivewood.com\/wp-content\/uploads\/2018\/09\/dead_sea_soap_product_d116.jpg\" \/>\n\t<meta property=\"og:image:width\" content=\"1550\" \/>\n\t<meta property=\"og:image:height\" content=\"1200\" \/>\n\t<meta property=\"og:image:type\" content=\"image\/jpeg\" \/>\n<meta name=\"twitter:card\" content=\"summary_large_image\" \/>\n<script type=\"application\/ld+json\" class=\"yoast-schema-graph\">{\"@context\":\"https:\\\/\\\/schema.org\",\"@graph\":[{\"@type\":\"WebPage\",\"@id\":\"https:\\\/\\\/holyland-olivewood.com\\\/da\\\/vare\\\/mineral-saebe-100g-d116\\\/\",\"url\":\"https:\\\/\\\/holyland-olivewood.com\\\/da\\\/vare\\\/mineral-saebe-100g-d116\\\/\",\"name\":\"Mineral s\u00e6be (100g) #D116 - Holy Land Olive Wood - Bethlehem Olive Wood Factory\",\"isPartOf\":{\"@id\":\"https:\\\/\\\/holyland-olivewood.com\\\/da\\\/#website\"},\"primaryImageOfPage\":{\"@id\":\"https:\\\/\\\/holyland-olivewood.com\\\/da\\\/vare\\\/mineral-saebe-100g-d116\\\/#primaryimage\"},\"image\":{\"@id\":\"https:\\\/\\\/holyland-olivewood.com\\\/da\\\/vare\\\/mineral-saebe-100g-d116\\\/#primaryimage\"},\"thumbnailUrl\":\"https:\\\/\\\/holyland-olivewood.com\\\/wp-content\\\/uploads\\\/2018\\\/09\\\/dead_sea_soap_product_d116.jpg\",\"datePublished\":\"2022-02-09T05:43:41+00:00\",\"description\":\"Mineral s\u00e6be (D\u00f8de Hav Mudder, D\u00f8de Hav Mineral Salt ) Sort Mudder Soab, Fl\u00f8de, D\u00f8de Hav Body Scrub, Mudder, Mineral Salt, fra Holy Land Olive Wood.\",\"breadcrumb\":{\"@id\":\"https:\\\/\\\/holyland-olivewood.com\\\/da\\\/vare\\\/mineral-saebe-100g-d116\\\/#breadcrumb\"},\"inLanguage\":\"da-DK\",\"potentialAction\":[{\"@type\":\"ReadAction\",\"target\":[\"https:\\\/\\\/holyland-olivewood.com\\\/da\\\/vare\\\/mineral-saebe-100g-d116\\\/\"]}]},{\"@type\":\"ImageObject\",\"inLanguage\":\"da-DK\",\"@id\":\"https:\\\/\\\/holyland-olivewood.com\\\/da\\\/vare\\\/mineral-saebe-100g-d116\\\/#primaryimage\",\"url\":\"https:\\\/\\\/holyland-olivewood.com\\\/wp-content\\\/uploads\\\/2018\\\/09\\\/dead_sea_soap_product_d116.jpg\",\"contentUrl\":\"https:\\\/\\\/holyland-olivewood.com\\\/wp-content\\\/uploads\\\/2018\\\/09\\\/dead_sea_soap_product_d116.jpg\",\"width\":1550,\"height\":1200},{\"@type\":\"BreadcrumbList\",\"@id\":\"https:\\\/\\\/holyland-olivewood.com\\\/da\\\/vare\\\/mineral-saebe-100g-d116\\\/#breadcrumb\",\"itemListElement\":[{\"@type\":\"ListItem\",\"position\":1,\"name\":\"Home\",\"item\":\"https:\\\/\\\/holyland-olivewood.com\\\/da\\\/home\\\/\"},{\"@type\":\"ListItem\",\"position\":2,\"name\":\"Se alle produkter\",\"item\":\"https:\\\/\\\/holyland-olivewood.com\\\/da\\\/shop\\\/\"},{\"@type\":\"ListItem\",\"position\":3,\"name\":\"Mineral s\u00e6be (100g) #D116\"}]},{\"@type\":\"WebSite\",\"@id\":\"https:\\\/\\\/holyland-olivewood.com\\\/da\\\/#website\",\"url\":\"https:\\\/\\\/holyland-olivewood.com\\\/da\\\/\",\"name\":\"Holy Land Olive Wood - Bethlehem Olive Wood Factory\",\"description\":\"Holy Land Olivewood Bethlehem\",\"publisher\":{\"@id\":\"https:\\\/\\\/holyland-olivewood.com\\\/da\\\/#organization\"},\"potentialAction\":[{\"@type\":\"SearchAction\",\"target\":{\"@type\":\"EntryPoint\",\"urlTemplate\":\"https:\\\/\\\/holyland-olivewood.com\\\/da\\\/?s={search_term_string}\"},\"query-input\":{\"@type\":\"PropertyValueSpecification\",\"valueRequired\":true,\"valueName\":\"search_term_string\"}}],\"inLanguage\":\"da-DK\"},{\"@type\":\"Organization\",\"@id\":\"https:\\\/\\\/holyland-olivewood.com\\\/da\\\/#organization\",\"name\":\"Holy Land Olivewood\",\"url\":\"https:\\\/\\\/holyland-olivewood.com\\\/da\\\/\",\"logo\":{\"@type\":\"ImageObject\",\"inLanguage\":\"da-DK\",\"@id\":\"https:\\\/\\\/holyland-olivewood.com\\\/da\\\/#\\\/schema\\\/logo\\\/image\\\/\",\"url\":\"\",\"contentUrl\":\"\",\"caption\":\"Holy Land Olivewood\"},\"image\":{\"@id\":\"https:\\\/\\\/holyland-olivewood.com\\\/da\\\/#\\\/schema\\\/logo\\\/image\\\/\"},\"sameAs\":[\"https:\\\/\\\/www.facebook.com\\\/holylandolivewood.bethlehem\\\/\",\"http:\\\/\\\/instagram.com\\\/holy.land.olive.wood\"]}]}<\/script>\n<!-- \/ Yoast SEO plugin. -->","yoast_head_json":{"title":"Mineral s\u00e6be (100g) #D116 - Holy Land Olive Wood - Bethlehem Olive Wood Factory","description":"Mineral s\u00e6be (D\u00f8de Hav Mudder, D\u00f8de Hav Mineral Salt ) Sort Mudder Soab, Fl\u00f8de, D\u00f8de Hav Body Scrub, Mudder, Mineral Salt, fra Holy Land Olive Wood.","robots":{"index":"index","follow":"follow","max-snippet":"max-snippet:-1","max-image-preview":"max-image-preview:large","max-video-preview":"max-video-preview:-1"},"canonical":"https:\/\/holyland-olivewood.com\/da\/vare\/mineral-saebe-100g-d116\/","og_locale":"da_DK","og_type":"article","og_title":"Mineral s\u00e6be (100g) #D116 - Holy Land Olive Wood - Bethlehem Olive Wood Factory","og_description":"Mineral s\u00e6be (D\u00f8de Hav Mudder, D\u00f8de Hav Mineral Salt ) Sort Mudder Soab, Fl\u00f8de, D\u00f8de Hav Body Scrub, Mudder, Mineral Salt, fra Holy Land Olive Wood.","og_url":"https:\/\/holyland-olivewood.com\/da\/vare\/mineral-saebe-100g-d116\/","og_site_name":"Holy Land Olive Wood - Bethlehem Olive Wood Factory","article_publisher":"https:\/\/www.facebook.com\/holylandolivewood.bethlehem\/","og_image":[{"width":1550,"height":1200,"url":"https:\/\/holyland-olivewood.com\/wp-content\/uploads\/2018\/09\/dead_sea_soap_product_d116.jpg","type":"image\/jpeg"}],"twitter_card":"summary_large_image","schema":{"@context":"https:\/\/schema.org","@graph":[{"@type":"WebPage","@id":"https:\/\/holyland-olivewood.com\/da\/vare\/mineral-saebe-100g-d116\/","url":"https:\/\/holyland-olivewood.com\/da\/vare\/mineral-saebe-100g-d116\/","name":"Mineral s\u00e6be (100g) #D116 - Holy Land Olive Wood - Bethlehem Olive Wood Factory","isPartOf":{"@id":"https:\/\/holyland-olivewood.com\/da\/#website"},"primaryImageOfPage":{"@id":"https:\/\/holyland-olivewood.com\/da\/vare\/mineral-saebe-100g-d116\/#primaryimage"},"image":{"@id":"https:\/\/holyland-olivewood.com\/da\/vare\/mineral-saebe-100g-d116\/#primaryimage"},"thumbnailUrl":"https:\/\/holyland-olivewood.com\/wp-content\/uploads\/2018\/09\/dead_sea_soap_product_d116.jpg","datePublished":"2022-02-09T05:43:41+00:00","description":"Mineral s\u00e6be (D\u00f8de Hav Mudder, D\u00f8de Hav Mineral Salt ) Sort Mudder Soab, Fl\u00f8de, D\u00f8de Hav Body Scrub, Mudder, Mineral Salt, fra Holy Land Olive Wood.","breadcrumb":{"@id":"https:\/\/holyland-olivewood.com\/da\/vare\/mineral-saebe-100g-d116\/#breadcrumb"},"inLanguage":"da-DK","potentialAction":[{"@type":"ReadAction","target":["https:\/\/holyland-olivewood.com\/da\/vare\/mineral-saebe-100g-d116\/"]}]},{"@type":"ImageObject","inLanguage":"da-DK","@id":"https:\/\/holyland-olivewood.com\/da\/vare\/mineral-saebe-100g-d116\/#primaryimage","url":"https:\/\/holyland-olivewood.com\/wp-content\/uploads\/2018\/09\/dead_sea_soap_product_d116.jpg","contentUrl":"https:\/\/holyland-olivewood.com\/wp-content\/uploads\/2018\/09\/dead_sea_soap_product_d116.jpg","width":1550,"height":1200},{"@type":"BreadcrumbList","@id":"https:\/\/holyland-olivewood.com\/da\/vare\/mineral-saebe-100g-d116\/#breadcrumb","itemListElement":[{"@type":"ListItem","position":1,"name":"Home","item":"https:\/\/holyland-olivewood.com\/da\/home\/"},{"@type":"ListItem","position":2,"name":"Se alle produkter","item":"https:\/\/holyland-olivewood.com\/da\/shop\/"},{"@type":"ListItem","position":3,"name":"Mineral s\u00e6be (100g) #D116"}]},{"@type":"WebSite","@id":"https:\/\/holyland-olivewood.com\/da\/#website","url":"https:\/\/holyland-olivewood.com\/da\/","name":"Holy Land Olive Wood - Bethlehem Olive Wood Factory","description":"Holy Land Olivewood Bethlehem","publisher":{"@id":"https:\/\/holyland-olivewood.com\/da\/#organization"},"potentialAction":[{"@type":"SearchAction","target":{"@type":"EntryPoint","urlTemplate":"https:\/\/holyland-olivewood.com\/da\/?s={search_term_string}"},"query-input":{"@type":"PropertyValueSpecification","valueRequired":true,"valueName":"search_term_string"}}],"inLanguage":"da-DK"},{"@type":"Organization","@id":"https:\/\/holyland-olivewood.com\/da\/#organization","name":"Holy Land Olivewood","url":"https:\/\/holyland-olivewood.com\/da\/","logo":{"@type":"ImageObject","inLanguage":"da-DK","@id":"https:\/\/holyland-olivewood.com\/da\/#\/schema\/logo\/image\/","url":"","contentUrl":"","caption":"Holy Land Olivewood"},"image":{"@id":"https:\/\/holyland-olivewood.com\/da\/#\/schema\/logo\/image\/"},"sameAs":["https:\/\/www.facebook.com\/holylandolivewood.bethlehem\/","http:\/\/instagram.com\/holy.land.olive.wood"]}]}},"_links":{"self":[{"href":"https:\/\/holyland-olivewood.com\/da\/wp-json\/wp\/v2\/product\/41913","targetHints":{"allow":["GET"]}}],"collection":[{"href":"https:\/\/holyland-olivewood.com\/da\/wp-json\/wp\/v2\/product"}],"about":[{"href":"https:\/\/holyland-olivewood.com\/da\/wp-json\/wp\/v2\/types\/product"}],"replies":[{"embeddable":true,"href":"https:\/\/holyland-olivewood.com\/da\/wp-json\/wp\/v2\/comments?post=41913"}],"version-history":[{"count":0,"href":"https:\/\/holyland-olivewood.com\/da\/wp-json\/wp\/v2\/product\/41913\/revisions"}],"wp:featuredmedia":[{"embeddable":true,"href":"https:\/\/holyland-olivewood.com\/da\/wp-json\/wp\/v2\/media\/51764"}],"wp:attachment":[{"href":"https:\/\/holyland-olivewood.com\/da\/wp-json\/wp\/v2\/media?parent=41913"}],"wp:term":[{"taxonomy":"product_brand","embeddable":true,"href":"https:\/\/holyland-olivewood.com\/da\/wp-json\/wp\/v2\/product_brand?post=41913"},{"taxonomy":"product_cat","embeddable":true,"href":"https:\/\/holyland-olivewood.com\/da\/wp-json\/wp\/v2\/product_cat?post=41913"},{"taxonomy":"product_tag","embeddable":true,"href":"https:\/\/holyland-olivewood.com\/da\/wp-json\/wp\/v2\/product_tag?post=41913"}],"curies":[{"name":"wp","href":"https:\/\/api.w.org\/{rel}","templated":true}]}}