{"id":41850,"date":"2018-09-06T13:22:36","date_gmt":"2022-02-09T05:41:09","guid":{"rendered":"https:\/\/holyland-olivewood.com\/product\/doede-hav-anti-aging-regenererende-night-cream-50ml-d119\/"},"modified":"2022-02-09T05:41:09","modified_gmt":"2022-02-09T05:41:09","slug":"dode-hav-anti-aging-regenererende-nat-flode-50ml-d119","status":"publish","type":"product","link":"https:\/\/holyland-olivewood.com\/da\/vare\/dode-hav-anti-aging-regenererende-nat-flode-50ml-d119\/","title":{"rendered":"D\u00f8de hav Anti Aging Regenererende Night Cream (50ml) #D119"},"content":{"rendered":"<p>D\u00f8de hav Anti Aging Regenererende Night Cream<\/p>\n","protected":false},"excerpt":{"rendered":"<p><strong>D\u00f8de hav Anti Aging Regenererende Night Cream (50ml)<\/strong><br \/>\n<strong>Med D\u00f8de Hav mineraler og Macadamia Oil<\/strong><\/p>\n<p>Denne helt naturlige, natlige ansigtscreme indeholder en fusion af D\u00f8de Havsalt og Macadamia olie. Denne potente kombination stimulerer regenerering af hudceller, for at hj\u00e6lpe dig med at opretholde et mere ungdommeligt udseende.<\/p>\n","protected":false},"featured_media":51728,"comment_status":"closed","ping_status":"closed","template":"","meta":[],"product_brand":[],"product_cat":[1604,2684],"product_tag":[2686,2691,2689,2695,2685,2687],"class_list":{"0":"post-41850","1":"product","2":"type-product","3":"status-publish","4":"has-post-thumbnail","6":"product_cat-diverse","7":"product_cat-produkter-fra-det-dode-hav","8":"product_tag-det-dode-hav-mineral-salt","9":"product_tag-dode-hav-body-scrub","10":"product_tag-flode","11":"product_tag-mineralsalt-da","12":"product_tag-mudder-fra-det-dode-hav","13":"product_tag-sort-mudder-soab","15":"first","16":"outofstock","17":"shipping-taxable","18":"purchasable","19":"product-type-simple"},"yoast_head":"<!-- This site is optimized with the Yoast SEO plugin v27.4 - https:\/\/yoast.com\/product\/yoast-seo-wordpress\/ -->\n<title>D\u00f8de hav Anti Aging Regenererende Night Cream (50ml) #D119 - Holy Land Olive Wood - Bethlehem Olive Wood Factory<\/title>\n<meta name=\"description\" content=\"D\u00f8de hav anti aging regenererende natcreme (D\u00f8de Hav mudder, D\u00f8de Hav mineral salt) Sort Mudder Soab, fl\u00f8de, D\u00f8de Hav Body Scrub, Mudder, Mineral Salt.\" \/>\n<meta name=\"robots\" content=\"index, follow, max-snippet:-1, max-image-preview:large, max-video-preview:-1\" \/>\n<link rel=\"canonical\" href=\"https:\/\/holyland-olivewood.com\/da\/vare\/dode-hav-anti-aging-regenererende-nat-flode-50ml-d119\/\" \/>\n<meta property=\"og:locale\" content=\"da_DK\" \/>\n<meta property=\"og:type\" content=\"article\" \/>\n<meta property=\"og:title\" content=\"D\u00f8de hav Anti Aging Regenererende Night Cream (50ml) #D119 - Holy Land Olive Wood - Bethlehem Olive Wood Factory\" \/>\n<meta property=\"og:description\" content=\"D\u00f8de hav anti aging regenererende natcreme (D\u00f8de Hav mudder, D\u00f8de Hav mineral salt) Sort Mudder Soab, fl\u00f8de, D\u00f8de Hav Body Scrub, Mudder, Mineral Salt.\" \/>\n<meta property=\"og:url\" content=\"https:\/\/holyland-olivewood.com\/da\/vare\/dode-hav-anti-aging-regenererende-nat-flode-50ml-d119\/\" \/>\n<meta property=\"og:site_name\" content=\"Holy Land Olive Wood - Bethlehem Olive Wood Factory\" \/>\n<meta property=\"article:publisher\" content=\"https:\/\/www.facebook.com\/holylandolivewood.bethlehem\/\" \/>\n<meta property=\"og:image\" content=\"https:\/\/holyland-olivewood.com\/wp-content\/uploads\/2018\/09\/dead_sea_product_d119.jpg\" \/>\n\t<meta property=\"og:image:width\" content=\"1550\" \/>\n\t<meta property=\"og:image:height\" content=\"1200\" \/>\n\t<meta property=\"og:image:type\" content=\"image\/jpeg\" \/>\n<meta name=\"twitter:card\" content=\"summary_large_image\" \/>\n<script type=\"application\/ld+json\" class=\"yoast-schema-graph\">{\"@context\":\"https:\\\/\\\/schema.org\",\"@graph\":[{\"@type\":\"WebPage\",\"@id\":\"https:\\\/\\\/holyland-olivewood.com\\\/da\\\/vare\\\/dode-hav-anti-aging-regenererende-nat-flode-50ml-d119\\\/\",\"url\":\"https:\\\/\\\/holyland-olivewood.com\\\/da\\\/vare\\\/dode-hav-anti-aging-regenererende-nat-flode-50ml-d119\\\/\",\"name\":\"D\u00f8de hav Anti Aging Regenererende Night Cream (50ml) #D119 - Holy Land Olive Wood - Bethlehem Olive Wood Factory\",\"isPartOf\":{\"@id\":\"https:\\\/\\\/holyland-olivewood.com\\\/da\\\/#website\"},\"primaryImageOfPage\":{\"@id\":\"https:\\\/\\\/holyland-olivewood.com\\\/da\\\/vare\\\/dode-hav-anti-aging-regenererende-nat-flode-50ml-d119\\\/#primaryimage\"},\"image\":{\"@id\":\"https:\\\/\\\/holyland-olivewood.com\\\/da\\\/vare\\\/dode-hav-anti-aging-regenererende-nat-flode-50ml-d119\\\/#primaryimage\"},\"thumbnailUrl\":\"https:\\\/\\\/holyland-olivewood.com\\\/wp-content\\\/uploads\\\/2018\\\/09\\\/dead_sea_product_d119.jpg\",\"datePublished\":\"2022-02-09T05:41:09+00:00\",\"description\":\"D\u00f8de hav anti aging regenererende natcreme (D\u00f8de Hav mudder, D\u00f8de Hav mineral salt) Sort Mudder Soab, fl\u00f8de, D\u00f8de Hav Body Scrub, Mudder, Mineral Salt.\",\"breadcrumb\":{\"@id\":\"https:\\\/\\\/holyland-olivewood.com\\\/da\\\/vare\\\/dode-hav-anti-aging-regenererende-nat-flode-50ml-d119\\\/#breadcrumb\"},\"inLanguage\":\"da-DK\",\"potentialAction\":[{\"@type\":\"ReadAction\",\"target\":[\"https:\\\/\\\/holyland-olivewood.com\\\/da\\\/vare\\\/dode-hav-anti-aging-regenererende-nat-flode-50ml-d119\\\/\"]}]},{\"@type\":\"ImageObject\",\"inLanguage\":\"da-DK\",\"@id\":\"https:\\\/\\\/holyland-olivewood.com\\\/da\\\/vare\\\/dode-hav-anti-aging-regenererende-nat-flode-50ml-d119\\\/#primaryimage\",\"url\":\"https:\\\/\\\/holyland-olivewood.com\\\/wp-content\\\/uploads\\\/2018\\\/09\\\/dead_sea_product_d119.jpg\",\"contentUrl\":\"https:\\\/\\\/holyland-olivewood.com\\\/wp-content\\\/uploads\\\/2018\\\/09\\\/dead_sea_product_d119.jpg\",\"width\":1550,\"height\":1200},{\"@type\":\"BreadcrumbList\",\"@id\":\"https:\\\/\\\/holyland-olivewood.com\\\/da\\\/vare\\\/dode-hav-anti-aging-regenererende-nat-flode-50ml-d119\\\/#breadcrumb\",\"itemListElement\":[{\"@type\":\"ListItem\",\"position\":1,\"name\":\"Home\",\"item\":\"https:\\\/\\\/holyland-olivewood.com\\\/da\\\/home\\\/\"},{\"@type\":\"ListItem\",\"position\":2,\"name\":\"Se alle produkter\",\"item\":\"https:\\\/\\\/holyland-olivewood.com\\\/da\\\/shop\\\/\"},{\"@type\":\"ListItem\",\"position\":3,\"name\":\"D\u00f8de hav Anti Aging Regenererende Night Cream (50ml) #D119\"}]},{\"@type\":\"WebSite\",\"@id\":\"https:\\\/\\\/holyland-olivewood.com\\\/da\\\/#website\",\"url\":\"https:\\\/\\\/holyland-olivewood.com\\\/da\\\/\",\"name\":\"Holy Land Olive Wood - Bethlehem Olive Wood Factory\",\"description\":\"Holy Land Olivewood Bethlehem\",\"publisher\":{\"@id\":\"https:\\\/\\\/holyland-olivewood.com\\\/da\\\/#organization\"},\"potentialAction\":[{\"@type\":\"SearchAction\",\"target\":{\"@type\":\"EntryPoint\",\"urlTemplate\":\"https:\\\/\\\/holyland-olivewood.com\\\/da\\\/?s={search_term_string}\"},\"query-input\":{\"@type\":\"PropertyValueSpecification\",\"valueRequired\":true,\"valueName\":\"search_term_string\"}}],\"inLanguage\":\"da-DK\"},{\"@type\":\"Organization\",\"@id\":\"https:\\\/\\\/holyland-olivewood.com\\\/da\\\/#organization\",\"name\":\"Holy Land Olivewood\",\"url\":\"https:\\\/\\\/holyland-olivewood.com\\\/da\\\/\",\"logo\":{\"@type\":\"ImageObject\",\"inLanguage\":\"da-DK\",\"@id\":\"https:\\\/\\\/holyland-olivewood.com\\\/da\\\/#\\\/schema\\\/logo\\\/image\\\/\",\"url\":\"\",\"contentUrl\":\"\",\"caption\":\"Holy Land Olivewood\"},\"image\":{\"@id\":\"https:\\\/\\\/holyland-olivewood.com\\\/da\\\/#\\\/schema\\\/logo\\\/image\\\/\"},\"sameAs\":[\"https:\\\/\\\/www.facebook.com\\\/holylandolivewood.bethlehem\\\/\",\"http:\\\/\\\/instagram.com\\\/holy.land.olive.wood\"]}]}<\/script>\n<!-- \/ Yoast SEO plugin. -->","yoast_head_json":{"title":"D\u00f8de hav Anti Aging Regenererende Night Cream (50ml) #D119 - Holy Land Olive Wood - Bethlehem Olive Wood Factory","description":"D\u00f8de hav anti aging regenererende natcreme (D\u00f8de Hav mudder, D\u00f8de Hav mineral salt) Sort Mudder Soab, fl\u00f8de, D\u00f8de Hav Body Scrub, Mudder, Mineral Salt.","robots":{"index":"index","follow":"follow","max-snippet":"max-snippet:-1","max-image-preview":"max-image-preview:large","max-video-preview":"max-video-preview:-1"},"canonical":"https:\/\/holyland-olivewood.com\/da\/vare\/dode-hav-anti-aging-regenererende-nat-flode-50ml-d119\/","og_locale":"da_DK","og_type":"article","og_title":"D\u00f8de hav Anti Aging Regenererende Night Cream (50ml) #D119 - Holy Land Olive Wood - Bethlehem Olive Wood Factory","og_description":"D\u00f8de hav anti aging regenererende natcreme (D\u00f8de Hav mudder, D\u00f8de Hav mineral salt) Sort Mudder Soab, fl\u00f8de, D\u00f8de Hav Body Scrub, Mudder, Mineral Salt.","og_url":"https:\/\/holyland-olivewood.com\/da\/vare\/dode-hav-anti-aging-regenererende-nat-flode-50ml-d119\/","og_site_name":"Holy Land Olive Wood - Bethlehem Olive Wood Factory","article_publisher":"https:\/\/www.facebook.com\/holylandolivewood.bethlehem\/","og_image":[{"width":1550,"height":1200,"url":"https:\/\/holyland-olivewood.com\/wp-content\/uploads\/2018\/09\/dead_sea_product_d119.jpg","type":"image\/jpeg"}],"twitter_card":"summary_large_image","schema":{"@context":"https:\/\/schema.org","@graph":[{"@type":"WebPage","@id":"https:\/\/holyland-olivewood.com\/da\/vare\/dode-hav-anti-aging-regenererende-nat-flode-50ml-d119\/","url":"https:\/\/holyland-olivewood.com\/da\/vare\/dode-hav-anti-aging-regenererende-nat-flode-50ml-d119\/","name":"D\u00f8de hav Anti Aging Regenererende Night Cream (50ml) #D119 - Holy Land Olive Wood - Bethlehem Olive Wood Factory","isPartOf":{"@id":"https:\/\/holyland-olivewood.com\/da\/#website"},"primaryImageOfPage":{"@id":"https:\/\/holyland-olivewood.com\/da\/vare\/dode-hav-anti-aging-regenererende-nat-flode-50ml-d119\/#primaryimage"},"image":{"@id":"https:\/\/holyland-olivewood.com\/da\/vare\/dode-hav-anti-aging-regenererende-nat-flode-50ml-d119\/#primaryimage"},"thumbnailUrl":"https:\/\/holyland-olivewood.com\/wp-content\/uploads\/2018\/09\/dead_sea_product_d119.jpg","datePublished":"2022-02-09T05:41:09+00:00","description":"D\u00f8de hav anti aging regenererende natcreme (D\u00f8de Hav mudder, D\u00f8de Hav mineral salt) Sort Mudder Soab, fl\u00f8de, D\u00f8de Hav Body Scrub, Mudder, Mineral Salt.","breadcrumb":{"@id":"https:\/\/holyland-olivewood.com\/da\/vare\/dode-hav-anti-aging-regenererende-nat-flode-50ml-d119\/#breadcrumb"},"inLanguage":"da-DK","potentialAction":[{"@type":"ReadAction","target":["https:\/\/holyland-olivewood.com\/da\/vare\/dode-hav-anti-aging-regenererende-nat-flode-50ml-d119\/"]}]},{"@type":"ImageObject","inLanguage":"da-DK","@id":"https:\/\/holyland-olivewood.com\/da\/vare\/dode-hav-anti-aging-regenererende-nat-flode-50ml-d119\/#primaryimage","url":"https:\/\/holyland-olivewood.com\/wp-content\/uploads\/2018\/09\/dead_sea_product_d119.jpg","contentUrl":"https:\/\/holyland-olivewood.com\/wp-content\/uploads\/2018\/09\/dead_sea_product_d119.jpg","width":1550,"height":1200},{"@type":"BreadcrumbList","@id":"https:\/\/holyland-olivewood.com\/da\/vare\/dode-hav-anti-aging-regenererende-nat-flode-50ml-d119\/#breadcrumb","itemListElement":[{"@type":"ListItem","position":1,"name":"Home","item":"https:\/\/holyland-olivewood.com\/da\/home\/"},{"@type":"ListItem","position":2,"name":"Se alle produkter","item":"https:\/\/holyland-olivewood.com\/da\/shop\/"},{"@type":"ListItem","position":3,"name":"D\u00f8de hav Anti Aging Regenererende Night Cream (50ml) #D119"}]},{"@type":"WebSite","@id":"https:\/\/holyland-olivewood.com\/da\/#website","url":"https:\/\/holyland-olivewood.com\/da\/","name":"Holy Land Olive Wood - Bethlehem Olive Wood Factory","description":"Holy Land Olivewood Bethlehem","publisher":{"@id":"https:\/\/holyland-olivewood.com\/da\/#organization"},"potentialAction":[{"@type":"SearchAction","target":{"@type":"EntryPoint","urlTemplate":"https:\/\/holyland-olivewood.com\/da\/?s={search_term_string}"},"query-input":{"@type":"PropertyValueSpecification","valueRequired":true,"valueName":"search_term_string"}}],"inLanguage":"da-DK"},{"@type":"Organization","@id":"https:\/\/holyland-olivewood.com\/da\/#organization","name":"Holy Land Olivewood","url":"https:\/\/holyland-olivewood.com\/da\/","logo":{"@type":"ImageObject","inLanguage":"da-DK","@id":"https:\/\/holyland-olivewood.com\/da\/#\/schema\/logo\/image\/","url":"","contentUrl":"","caption":"Holy Land Olivewood"},"image":{"@id":"https:\/\/holyland-olivewood.com\/da\/#\/schema\/logo\/image\/"},"sameAs":["https:\/\/www.facebook.com\/holylandolivewood.bethlehem\/","http:\/\/instagram.com\/holy.land.olive.wood"]}]}},"_links":{"self":[{"href":"https:\/\/holyland-olivewood.com\/da\/wp-json\/wp\/v2\/product\/41850","targetHints":{"allow":["GET"]}}],"collection":[{"href":"https:\/\/holyland-olivewood.com\/da\/wp-json\/wp\/v2\/product"}],"about":[{"href":"https:\/\/holyland-olivewood.com\/da\/wp-json\/wp\/v2\/types\/product"}],"replies":[{"embeddable":true,"href":"https:\/\/holyland-olivewood.com\/da\/wp-json\/wp\/v2\/comments?post=41850"}],"version-history":[{"count":0,"href":"https:\/\/holyland-olivewood.com\/da\/wp-json\/wp\/v2\/product\/41850\/revisions"}],"wp:featuredmedia":[{"embeddable":true,"href":"https:\/\/holyland-olivewood.com\/da\/wp-json\/wp\/v2\/media\/51728"}],"wp:attachment":[{"href":"https:\/\/holyland-olivewood.com\/da\/wp-json\/wp\/v2\/media?parent=41850"}],"wp:term":[{"taxonomy":"product_brand","embeddable":true,"href":"https:\/\/holyland-olivewood.com\/da\/wp-json\/wp\/v2\/product_brand?post=41850"},{"taxonomy":"product_cat","embeddable":true,"href":"https:\/\/holyland-olivewood.com\/da\/wp-json\/wp\/v2\/product_cat?post=41850"},{"taxonomy":"product_tag","embeddable":true,"href":"https:\/\/holyland-olivewood.com\/da\/wp-json\/wp\/v2\/product_tag?post=41850"}],"curies":[{"name":"wp","href":"https:\/\/api.w.org\/{rel}","templated":true}]}}