{"id":40593,"date":"2020-10-20T11:37:20","date_gmt":"2020-10-20T11:37:20","guid":{"rendered":"https:\/\/holyland-olivewood.com\/product\/velsignelser-fra-jerusalem-salveolie-10-ml-rose-ot114\/"},"modified":"2022-02-06T13:41:02","modified_gmt":"2022-02-06T13:41:02","slug":"velsignelser-fra-jerusalem-salvelse-olier-10-ml-rose-ot114","status":"publish","type":"product","link":"https:\/\/holyland-olivewood.com\/da\/vare\/velsignelser-fra-jerusalem-salvelse-olier-10-ml-rose-ot114\/","title":{"rendered":"Velsignelser fra Jerusalem salveolie 10 ml &#8220;Rose&#8221; #OT114"},"content":{"rendered":"","protected":false},"excerpt":{"rendered":"<p>Denne salvelse olie er lavet i det hellige land, det land Jesus vandrede. Ved hj\u00e6lp af naturlige, rene Galil\u00e6a og Jerusalem jomfruolier, er disse elementer derefter duftende med cassia, r\u00f8gelse, myrra og bibelske blomster med urt essens karakteristisk for det hellige land.<br \/>\nDet prim\u00e6re form\u00e5l med salvelse med den hellige salvelse olie er at helligg\u00f8re, at &#8220;adskille&#8221; den salvede person til tjenestearbejde og styret af HANS Hellige \u00c5nd.<br \/>\nSalvelse med olie under Hellig\u00e5ndens ledelse f\u00f8rer sammen med omvendelse til en &#8220;uds\u00e6t&#8221; af den troende til Guds form\u00e5l.<\/p>\n<p>St\u00f8rrelse: 10 ml.<br \/>\nHellig b\u00f8n olie.<\/p>\n","protected":false},"featured_media":38134,"comment_status":"closed","ping_status":"closed","template":"","meta":[],"product_brand":[],"product_cat":[1605,1604],"product_tag":[766,1635,741,1606,764,756,1310,753,757,750,1609,752,4075,751,1615,755,768,763,760,759,1608,1627,758,1643,745,747,769,1618,1639,1311,1631,746,748,1607,1622],"class_list":{"0":"post-40593","1":"product","2":"type-product","3":"status-publish","4":"has-post-thumbnail","6":"product_cat-andre-elementer","7":"product_cat-diverse","8":"product_tag-af","9":"product_tag-aegte","10":"product_tag-betlehem","11":"product_tag-flod","12":"product_tag-fodselskirken","13":"product_tag-gave","14":"product_tag-gaver-da","15":"product_tag-handlavet","16":"product_tag-handvaerk","17":"product_tag-hellig","18":"product_tag-hjerte","19":"product_tag-jerusalem-da","20":"product_tag-jesus-da-2","21":"product_tag-jord","22":"product_tag-jordan-da","23":"product_tag-jul","24":"product_tag-katolsk","25":"product_tag-kirke","26":"product_tag-kors","27":"product_tag-kristen","28":"product_tag-kristus","29":"product_tag-krone","30":"product_tag-kunsthandvaerk","31":"product_tag-olie","32":"product_tag-oliven","33":"product_tag-oliventrae","34":"product_tag-ortodoks","35":"product_tag-rogelse","36":"product_tag-salvelse","37":"product_tag-saet","38":"product_tag-torne","39":"product_tag-trae","40":"product_tag-udskaering","41":"product_tag-vand","42":"product_tag-velsignelse","44":"first","45":"instock","46":"shipping-taxable","47":"purchasable","48":"product-type-simple"},"yoast_head":"<!-- This site is optimized with the Yoast SEO plugin v27.3 - https:\/\/yoast.com\/product\/yoast-seo-wordpress\/ -->\n<title>Velsignelser fra Jerusalem salveolie 10 ml &quot;Rose&quot; #OT114 - Holy Land Olive Wood - Bethlehem Olive Wood Factory<\/title>\n<meta name=\"description\" content=\"H\u00e5ndv\u00e6rk i bethlehem oliventr\u00e6 (dvs. olivenolie s\u00e6be, vand, hjerte) penneemner udsk\u00e6ringer, oliventr\u00e6 og r\u00e5 bestand i standard og brugerdefinerede dimensioner\" \/>\n<meta name=\"robots\" content=\"index, follow, max-snippet:-1, max-image-preview:large, max-video-preview:-1\" \/>\n<link rel=\"canonical\" href=\"https:\/\/holyland-olivewood.com\/da\/vare\/velsignelser-fra-jerusalem-salvelse-olier-10-ml-rose-ot114\/\" \/>\n<meta property=\"og:locale\" content=\"da_DK\" \/>\n<meta property=\"og:type\" content=\"article\" \/>\n<meta property=\"og:title\" content=\"Velsignelser fra Jerusalem salveolie 10 ml &quot;Rose&quot; #OT114 - Holy Land Olive Wood - Bethlehem Olive Wood Factory\" \/>\n<meta property=\"og:description\" content=\"H\u00e5ndv\u00e6rk i bethlehem oliventr\u00e6 (dvs. olivenolie s\u00e6be, vand, hjerte) penneemner udsk\u00e6ringer, oliventr\u00e6 og r\u00e5 bestand i standard og brugerdefinerede dimensioner\" \/>\n<meta property=\"og:url\" content=\"https:\/\/holyland-olivewood.com\/da\/vare\/velsignelser-fra-jerusalem-salvelse-olier-10-ml-rose-ot114\/\" \/>\n<meta property=\"og:site_name\" content=\"Holy Land Olive Wood - Bethlehem Olive Wood Factory\" \/>\n<meta property=\"article:publisher\" content=\"https:\/\/www.facebook.com\/holylandolivewood.bethlehem\/\" \/>\n<meta property=\"article:modified_time\" content=\"2022-02-06T13:41:02+00:00\" \/>\n<meta property=\"og:image\" content=\"https:\/\/holyland-olivewood.com\/wp-content\/uploads\/2020\/10\/anointing_oil_jerusalem_holy_land_ot114.jpg\" \/>\n\t<meta property=\"og:image:width\" content=\"1550\" \/>\n\t<meta property=\"og:image:height\" content=\"1200\" \/>\n\t<meta property=\"og:image:type\" content=\"image\/jpeg\" \/>\n<meta name=\"twitter:card\" content=\"summary_large_image\" \/>\n<script type=\"application\/ld+json\" class=\"yoast-schema-graph\">{\"@context\":\"https:\\\/\\\/schema.org\",\"@graph\":[{\"@type\":\"WebPage\",\"@id\":\"https:\\\/\\\/holyland-olivewood.com\\\/da\\\/vare\\\/velsignelser-fra-jerusalem-salvelse-olier-10-ml-rose-ot114\\\/\",\"url\":\"https:\\\/\\\/holyland-olivewood.com\\\/da\\\/vare\\\/velsignelser-fra-jerusalem-salvelse-olier-10-ml-rose-ot114\\\/\",\"name\":\"Velsignelser fra Jerusalem salveolie 10 ml \\\"Rose\\\" #OT114 - Holy Land Olive Wood - Bethlehem Olive Wood Factory\",\"isPartOf\":{\"@id\":\"https:\\\/\\\/holyland-olivewood.com\\\/da\\\/#website\"},\"primaryImageOfPage\":{\"@id\":\"https:\\\/\\\/holyland-olivewood.com\\\/da\\\/vare\\\/velsignelser-fra-jerusalem-salvelse-olier-10-ml-rose-ot114\\\/#primaryimage\"},\"image\":{\"@id\":\"https:\\\/\\\/holyland-olivewood.com\\\/da\\\/vare\\\/velsignelser-fra-jerusalem-salvelse-olier-10-ml-rose-ot114\\\/#primaryimage\"},\"thumbnailUrl\":\"https:\\\/\\\/holyland-olivewood.com\\\/wp-content\\\/uploads\\\/2020\\\/10\\\/anointing_oil_jerusalem_holy_land_ot114.jpg\",\"datePublished\":\"2020-10-20T11:37:20+00:00\",\"dateModified\":\"2022-02-06T13:41:02+00:00\",\"description\":\"H\u00e5ndv\u00e6rk i bethlehem oliventr\u00e6 (dvs. olivenolie s\u00e6be, vand, hjerte) penneemner udsk\u00e6ringer, oliventr\u00e6 og r\u00e5 bestand i standard og brugerdefinerede dimensioner\",\"breadcrumb\":{\"@id\":\"https:\\\/\\\/holyland-olivewood.com\\\/da\\\/vare\\\/velsignelser-fra-jerusalem-salvelse-olier-10-ml-rose-ot114\\\/#breadcrumb\"},\"inLanguage\":\"da-DK\",\"potentialAction\":[{\"@type\":\"ReadAction\",\"target\":[\"https:\\\/\\\/holyland-olivewood.com\\\/da\\\/vare\\\/velsignelser-fra-jerusalem-salvelse-olier-10-ml-rose-ot114\\\/\"]}]},{\"@type\":\"ImageObject\",\"inLanguage\":\"da-DK\",\"@id\":\"https:\\\/\\\/holyland-olivewood.com\\\/da\\\/vare\\\/velsignelser-fra-jerusalem-salvelse-olier-10-ml-rose-ot114\\\/#primaryimage\",\"url\":\"https:\\\/\\\/holyland-olivewood.com\\\/wp-content\\\/uploads\\\/2020\\\/10\\\/anointing_oil_jerusalem_holy_land_ot114.jpg\",\"contentUrl\":\"https:\\\/\\\/holyland-olivewood.com\\\/wp-content\\\/uploads\\\/2020\\\/10\\\/anointing_oil_jerusalem_holy_land_ot114.jpg\",\"width\":1550,\"height\":1200},{\"@type\":\"BreadcrumbList\",\"@id\":\"https:\\\/\\\/holyland-olivewood.com\\\/da\\\/vare\\\/velsignelser-fra-jerusalem-salvelse-olier-10-ml-rose-ot114\\\/#breadcrumb\",\"itemListElement\":[{\"@type\":\"ListItem\",\"position\":1,\"name\":\"Home\",\"item\":\"https:\\\/\\\/holyland-olivewood.com\\\/da\\\/home\\\/\"},{\"@type\":\"ListItem\",\"position\":2,\"name\":\"Se alle produkter\",\"item\":\"https:\\\/\\\/holyland-olivewood.com\\\/da\\\/shop\\\/\"},{\"@type\":\"ListItem\",\"position\":3,\"name\":\"Velsignelser fra Jerusalem salveolie 10 ml &#8220;Rose&#8221; #OT114\"}]},{\"@type\":\"WebSite\",\"@id\":\"https:\\\/\\\/holyland-olivewood.com\\\/da\\\/#website\",\"url\":\"https:\\\/\\\/holyland-olivewood.com\\\/da\\\/\",\"name\":\"Holy Land Olive Wood - Bethlehem Olive Wood Factory\",\"description\":\"Holy Land Olivewood Bethlehem\",\"publisher\":{\"@id\":\"https:\\\/\\\/holyland-olivewood.com\\\/da\\\/#organization\"},\"potentialAction\":[{\"@type\":\"SearchAction\",\"target\":{\"@type\":\"EntryPoint\",\"urlTemplate\":\"https:\\\/\\\/holyland-olivewood.com\\\/da\\\/?s={search_term_string}\"},\"query-input\":{\"@type\":\"PropertyValueSpecification\",\"valueRequired\":true,\"valueName\":\"search_term_string\"}}],\"inLanguage\":\"da-DK\"},{\"@type\":\"Organization\",\"@id\":\"https:\\\/\\\/holyland-olivewood.com\\\/da\\\/#organization\",\"name\":\"Holy Land Olivewood\",\"url\":\"https:\\\/\\\/holyland-olivewood.com\\\/da\\\/\",\"logo\":{\"@type\":\"ImageObject\",\"inLanguage\":\"da-DK\",\"@id\":\"https:\\\/\\\/holyland-olivewood.com\\\/da\\\/#\\\/schema\\\/logo\\\/image\\\/\",\"url\":\"\",\"contentUrl\":\"\",\"caption\":\"Holy Land Olivewood\"},\"image\":{\"@id\":\"https:\\\/\\\/holyland-olivewood.com\\\/da\\\/#\\\/schema\\\/logo\\\/image\\\/\"},\"sameAs\":[\"https:\\\/\\\/www.facebook.com\\\/holylandolivewood.bethlehem\\\/\",\"http:\\\/\\\/instagram.com\\\/holy.land.olive.wood\"]}]}<\/script>\n<!-- \/ Yoast SEO plugin. -->","yoast_head_json":{"title":"Velsignelser fra Jerusalem salveolie 10 ml \"Rose\" #OT114 - Holy Land Olive Wood - Bethlehem Olive Wood Factory","description":"H\u00e5ndv\u00e6rk i bethlehem oliventr\u00e6 (dvs. olivenolie s\u00e6be, vand, hjerte) penneemner udsk\u00e6ringer, oliventr\u00e6 og r\u00e5 bestand i standard og brugerdefinerede dimensioner","robots":{"index":"index","follow":"follow","max-snippet":"max-snippet:-1","max-image-preview":"max-image-preview:large","max-video-preview":"max-video-preview:-1"},"canonical":"https:\/\/holyland-olivewood.com\/da\/vare\/velsignelser-fra-jerusalem-salvelse-olier-10-ml-rose-ot114\/","og_locale":"da_DK","og_type":"article","og_title":"Velsignelser fra Jerusalem salveolie 10 ml \"Rose\" #OT114 - Holy Land Olive Wood - Bethlehem Olive Wood Factory","og_description":"H\u00e5ndv\u00e6rk i bethlehem oliventr\u00e6 (dvs. olivenolie s\u00e6be, vand, hjerte) penneemner udsk\u00e6ringer, oliventr\u00e6 og r\u00e5 bestand i standard og brugerdefinerede dimensioner","og_url":"https:\/\/holyland-olivewood.com\/da\/vare\/velsignelser-fra-jerusalem-salvelse-olier-10-ml-rose-ot114\/","og_site_name":"Holy Land Olive Wood - Bethlehem Olive Wood Factory","article_publisher":"https:\/\/www.facebook.com\/holylandolivewood.bethlehem\/","article_modified_time":"2022-02-06T13:41:02+00:00","og_image":[{"width":1550,"height":1200,"url":"https:\/\/holyland-olivewood.com\/wp-content\/uploads\/2020\/10\/anointing_oil_jerusalem_holy_land_ot114.jpg","type":"image\/jpeg"}],"twitter_card":"summary_large_image","schema":{"@context":"https:\/\/schema.org","@graph":[{"@type":"WebPage","@id":"https:\/\/holyland-olivewood.com\/da\/vare\/velsignelser-fra-jerusalem-salvelse-olier-10-ml-rose-ot114\/","url":"https:\/\/holyland-olivewood.com\/da\/vare\/velsignelser-fra-jerusalem-salvelse-olier-10-ml-rose-ot114\/","name":"Velsignelser fra Jerusalem salveolie 10 ml \"Rose\" #OT114 - Holy Land Olive Wood - Bethlehem Olive Wood Factory","isPartOf":{"@id":"https:\/\/holyland-olivewood.com\/da\/#website"},"primaryImageOfPage":{"@id":"https:\/\/holyland-olivewood.com\/da\/vare\/velsignelser-fra-jerusalem-salvelse-olier-10-ml-rose-ot114\/#primaryimage"},"image":{"@id":"https:\/\/holyland-olivewood.com\/da\/vare\/velsignelser-fra-jerusalem-salvelse-olier-10-ml-rose-ot114\/#primaryimage"},"thumbnailUrl":"https:\/\/holyland-olivewood.com\/wp-content\/uploads\/2020\/10\/anointing_oil_jerusalem_holy_land_ot114.jpg","datePublished":"2020-10-20T11:37:20+00:00","dateModified":"2022-02-06T13:41:02+00:00","description":"H\u00e5ndv\u00e6rk i bethlehem oliventr\u00e6 (dvs. olivenolie s\u00e6be, vand, hjerte) penneemner udsk\u00e6ringer, oliventr\u00e6 og r\u00e5 bestand i standard og brugerdefinerede dimensioner","breadcrumb":{"@id":"https:\/\/holyland-olivewood.com\/da\/vare\/velsignelser-fra-jerusalem-salvelse-olier-10-ml-rose-ot114\/#breadcrumb"},"inLanguage":"da-DK","potentialAction":[{"@type":"ReadAction","target":["https:\/\/holyland-olivewood.com\/da\/vare\/velsignelser-fra-jerusalem-salvelse-olier-10-ml-rose-ot114\/"]}]},{"@type":"ImageObject","inLanguage":"da-DK","@id":"https:\/\/holyland-olivewood.com\/da\/vare\/velsignelser-fra-jerusalem-salvelse-olier-10-ml-rose-ot114\/#primaryimage","url":"https:\/\/holyland-olivewood.com\/wp-content\/uploads\/2020\/10\/anointing_oil_jerusalem_holy_land_ot114.jpg","contentUrl":"https:\/\/holyland-olivewood.com\/wp-content\/uploads\/2020\/10\/anointing_oil_jerusalem_holy_land_ot114.jpg","width":1550,"height":1200},{"@type":"BreadcrumbList","@id":"https:\/\/holyland-olivewood.com\/da\/vare\/velsignelser-fra-jerusalem-salvelse-olier-10-ml-rose-ot114\/#breadcrumb","itemListElement":[{"@type":"ListItem","position":1,"name":"Home","item":"https:\/\/holyland-olivewood.com\/da\/home\/"},{"@type":"ListItem","position":2,"name":"Se alle produkter","item":"https:\/\/holyland-olivewood.com\/da\/shop\/"},{"@type":"ListItem","position":3,"name":"Velsignelser fra Jerusalem salveolie 10 ml &#8220;Rose&#8221; #OT114"}]},{"@type":"WebSite","@id":"https:\/\/holyland-olivewood.com\/da\/#website","url":"https:\/\/holyland-olivewood.com\/da\/","name":"Holy Land Olive Wood - Bethlehem Olive Wood Factory","description":"Holy Land Olivewood Bethlehem","publisher":{"@id":"https:\/\/holyland-olivewood.com\/da\/#organization"},"potentialAction":[{"@type":"SearchAction","target":{"@type":"EntryPoint","urlTemplate":"https:\/\/holyland-olivewood.com\/da\/?s={search_term_string}"},"query-input":{"@type":"PropertyValueSpecification","valueRequired":true,"valueName":"search_term_string"}}],"inLanguage":"da-DK"},{"@type":"Organization","@id":"https:\/\/holyland-olivewood.com\/da\/#organization","name":"Holy Land Olivewood","url":"https:\/\/holyland-olivewood.com\/da\/","logo":{"@type":"ImageObject","inLanguage":"da-DK","@id":"https:\/\/holyland-olivewood.com\/da\/#\/schema\/logo\/image\/","url":"","contentUrl":"","caption":"Holy Land Olivewood"},"image":{"@id":"https:\/\/holyland-olivewood.com\/da\/#\/schema\/logo\/image\/"},"sameAs":["https:\/\/www.facebook.com\/holylandolivewood.bethlehem\/","http:\/\/instagram.com\/holy.land.olive.wood"]}]}},"_links":{"self":[{"href":"https:\/\/holyland-olivewood.com\/da\/wp-json\/wp\/v2\/product\/40593","targetHints":{"allow":["GET"]}}],"collection":[{"href":"https:\/\/holyland-olivewood.com\/da\/wp-json\/wp\/v2\/product"}],"about":[{"href":"https:\/\/holyland-olivewood.com\/da\/wp-json\/wp\/v2\/types\/product"}],"replies":[{"embeddable":true,"href":"https:\/\/holyland-olivewood.com\/da\/wp-json\/wp\/v2\/comments?post=40593"}],"version-history":[{"count":0,"href":"https:\/\/holyland-olivewood.com\/da\/wp-json\/wp\/v2\/product\/40593\/revisions"}],"wp:featuredmedia":[{"embeddable":true,"href":"https:\/\/holyland-olivewood.com\/da\/wp-json\/wp\/v2\/media\/38134"}],"wp:attachment":[{"href":"https:\/\/holyland-olivewood.com\/da\/wp-json\/wp\/v2\/media?parent=40593"}],"wp:term":[{"taxonomy":"product_brand","embeddable":true,"href":"https:\/\/holyland-olivewood.com\/da\/wp-json\/wp\/v2\/product_brand?post=40593"},{"taxonomy":"product_cat","embeddable":true,"href":"https:\/\/holyland-olivewood.com\/da\/wp-json\/wp\/v2\/product_cat?post=40593"},{"taxonomy":"product_tag","embeddable":true,"href":"https:\/\/holyland-olivewood.com\/da\/wp-json\/wp\/v2\/product_tag?post=40593"}],"curies":[{"name":"wp","href":"https:\/\/api.w.org\/{rel}","templated":true}]}}