{"id":40254,"date":"2021-08-15T11:13:21","date_gmt":"2022-02-06T10:52:30","guid":{"rendered":"https:\/\/holyland-olivewood.com\/product\/oliventrae-krybbe-grotte-saet-na135\/"},"modified":"2022-02-06T10:52:30","modified_gmt":"2022-02-06T10:52:30","slug":"oliven-trae-krybbespil-grotte-set-na135","status":"publish","type":"product","link":"https:\/\/holyland-olivewood.com\/da\/vare\/oliven-trae-krybbespil-grotte-set-na135\/","title":{"rendered":"Oliventr\u00e6 Krybbe grotte S\u00e6t #NA135"},"content":{"rendered":"","protected":false},"excerpt":{"rendered":"<p>Dette smukke krybbespil med en unik stald er h\u00e5ndlavet i det hellige land fra b\u00e6redygtigt h\u00f8stet, autentisk Bethlehem Olivewood. Ved hj\u00e6lp af kun ikke-produktive oliventr\u00e6er fra Holy Land afsl\u00f8rer dette h\u00e5ndlavede stykke de fantastiske kornm\u00f8nstre af r\u00e5t oliventr\u00e6, fri for tils\u00e6tningsstoffer eller fugemasser. Tallene omfatter Maria og Josef og Jesus, de 3 vise m\u00e6nd og den lille hyrdedreng. Dyrene omfatter \u00e6slet, kv\u00e6gkoen og to lam og 3 kameler. Det er smukt udformet og g\u00f8r et vidunderligt centralt tema i fejringen af julen.<\/p>\n<p>Denne Krybbespil kan variere i st\u00f8rrelsesform og udseende p\u00e5 grund af de forskellige m\u00f8nstre, der findes i oliventr\u00e6skornet og det faktum, at det er h\u00e5ndlavet, s\u00e5 hvert stykke er unikt.<\/p>\n<p>Denne vare indeholder et \u00e6gthedscertifikat, der kontrollerer de materialer og teknikker, der bruges til at fremstille dette produkt.<\/p>\n<p>St\u00f8rrelse: 35,5 cm x 53,5 cm x 35,5 cm (14&#8243; x 21&#8243; x 14&#8243;)<\/p>\n","protected":false},"featured_media":38997,"comment_status":"closed","ping_status":"closed","template":"","meta":[],"product_brand":[],"product_cat":[1308,740],"product_tag":[1327,1347,741,1317,1316,1350,764,756,1310,1313,753,757,750,752,4075,751,1318,755,768,763,1332,760,759,758,1341,1309,1337,745,747,769,1311,1312,1314,1315,746,748],"class_list":{"0":"post-40254","1":"product","2":"type-product","3":"status-publish","4":"has-post-thumbnail","6":"product_cat-fodselssaet","7":"product_cat-kunsthandvaerk","8":"product_tag-3-da","9":"product_tag-aesel","10":"product_tag-betlehem","11":"product_tag-figur-da","12":"product_tag-figurer-da","13":"product_tag-fodsel-da","14":"product_tag-fodselskirken","15":"product_tag-gave","16":"product_tag-gaver-da","17":"product_tag-grotte-da","18":"product_tag-handlavet","19":"product_tag-handvaerk","20":"product_tag-hellig","21":"product_tag-jerusalem-da","22":"product_tag-jesus-da-2","23":"product_tag-jord","24":"product_tag-joseph-da","25":"product_tag-jul","26":"product_tag-katolsk","27":"product_tag-kirke","28":"product_tag-klog","29":"product_tag-kors","30":"product_tag-kristen","31":"product_tag-kunsthandvaerk","32":"product_tag-lam-da","33":"product_tag-mary-da","34":"product_tag-maend","35":"product_tag-oliven","36":"product_tag-oliventrae","37":"product_tag-ortodoks","38":"product_tag-saet","39":"product_tag-saet-da","40":"product_tag-stabil-da","41":"product_tag-stalde","42":"product_tag-trae","43":"product_tag-udskaering","45":"first","46":"instock","47":"shipping-taxable","48":"purchasable","49":"product-type-simple"},"yoast_head":"<!-- This site is optimized with the Yoast SEO plugin v27.3 - https:\/\/yoast.com\/product\/yoast-seo-wordpress\/ -->\n<title>Oliventr\u00e6 Krybbe grotte S\u00e6t #NA135 - Holy Land Olive Wood - Bethlehem Olive Wood Factory<\/title>\n<meta name=\"description\" content=\"Bethlehem oliventr\u00e6 kunsth\u00e5ndv\u00e6rk (dvs. rosenkranse, statuer, f\u00f8dselskirken, s\u00e6t, grotte) hellige familie, jul, figurer, og r\u00e5 lager i standard og brugerdefinerede dimensioner.\" \/>\n<meta name=\"robots\" content=\"index, follow, max-snippet:-1, max-image-preview:large, max-video-preview:-1\" \/>\n<link rel=\"canonical\" href=\"https:\/\/holyland-olivewood.com\/da\/vare\/oliven-trae-krybbespil-grotte-set-na135\/\" \/>\n<meta property=\"og:locale\" content=\"da_DK\" \/>\n<meta property=\"og:type\" content=\"article\" \/>\n<meta property=\"og:title\" content=\"Oliventr\u00e6 Krybbe grotte S\u00e6t #NA135 - Holy Land Olive Wood - Bethlehem Olive Wood Factory\" \/>\n<meta property=\"og:description\" content=\"Bethlehem oliventr\u00e6 kunsth\u00e5ndv\u00e6rk (dvs. rosenkranse, statuer, f\u00f8dselskirken, s\u00e6t, grotte) hellige familie, jul, figurer, og r\u00e5 lager i standard og brugerdefinerede dimensioner.\" \/>\n<meta property=\"og:url\" content=\"https:\/\/holyland-olivewood.com\/da\/vare\/oliven-trae-krybbespil-grotte-set-na135\/\" \/>\n<meta property=\"og:site_name\" content=\"Holy Land Olive Wood - Bethlehem Olive Wood Factory\" \/>\n<meta property=\"article:publisher\" content=\"https:\/\/www.facebook.com\/holylandolivewood.bethlehem\/\" \/>\n<meta property=\"og:image\" content=\"https:\/\/holyland-olivewood.com\/wp-content\/uploads\/2021\/08\/holy_land_olive_wood_nativity_set_bethlehem_na135-1.jpg\" \/>\n\t<meta property=\"og:image:width\" content=\"1550\" \/>\n\t<meta property=\"og:image:height\" content=\"1200\" \/>\n\t<meta property=\"og:image:type\" content=\"image\/jpeg\" \/>\n<meta name=\"twitter:card\" content=\"summary_large_image\" \/>\n<script type=\"application\/ld+json\" class=\"yoast-schema-graph\">{\"@context\":\"https:\\\/\\\/schema.org\",\"@graph\":[{\"@type\":\"WebPage\",\"@id\":\"https:\\\/\\\/holyland-olivewood.com\\\/da\\\/vare\\\/oliven-trae-krybbespil-grotte-set-na135\\\/\",\"url\":\"https:\\\/\\\/holyland-olivewood.com\\\/da\\\/vare\\\/oliven-trae-krybbespil-grotte-set-na135\\\/\",\"name\":\"Oliventr\u00e6 Krybbe grotte S\u00e6t #NA135 - Holy Land Olive Wood - Bethlehem Olive Wood Factory\",\"isPartOf\":{\"@id\":\"https:\\\/\\\/holyland-olivewood.com\\\/da\\\/#website\"},\"primaryImageOfPage\":{\"@id\":\"https:\\\/\\\/holyland-olivewood.com\\\/da\\\/vare\\\/oliven-trae-krybbespil-grotte-set-na135\\\/#primaryimage\"},\"image\":{\"@id\":\"https:\\\/\\\/holyland-olivewood.com\\\/da\\\/vare\\\/oliven-trae-krybbespil-grotte-set-na135\\\/#primaryimage\"},\"thumbnailUrl\":\"https:\\\/\\\/holyland-olivewood.com\\\/wp-content\\\/uploads\\\/2021\\\/08\\\/holy_land_olive_wood_nativity_set_bethlehem_na135-1.jpg\",\"datePublished\":\"2022-02-06T10:52:30+00:00\",\"description\":\"Bethlehem oliventr\u00e6 kunsth\u00e5ndv\u00e6rk (dvs. rosenkranse, statuer, f\u00f8dselskirken, s\u00e6t, grotte) hellige familie, jul, figurer, og r\u00e5 lager i standard og brugerdefinerede dimensioner.\",\"breadcrumb\":{\"@id\":\"https:\\\/\\\/holyland-olivewood.com\\\/da\\\/vare\\\/oliven-trae-krybbespil-grotte-set-na135\\\/#breadcrumb\"},\"inLanguage\":\"da-DK\",\"potentialAction\":[{\"@type\":\"ReadAction\",\"target\":[\"https:\\\/\\\/holyland-olivewood.com\\\/da\\\/vare\\\/oliven-trae-krybbespil-grotte-set-na135\\\/\"]}]},{\"@type\":\"ImageObject\",\"inLanguage\":\"da-DK\",\"@id\":\"https:\\\/\\\/holyland-olivewood.com\\\/da\\\/vare\\\/oliven-trae-krybbespil-grotte-set-na135\\\/#primaryimage\",\"url\":\"https:\\\/\\\/holyland-olivewood.com\\\/wp-content\\\/uploads\\\/2021\\\/08\\\/holy_land_olive_wood_nativity_set_bethlehem_na135-1.jpg\",\"contentUrl\":\"https:\\\/\\\/holyland-olivewood.com\\\/wp-content\\\/uploads\\\/2021\\\/08\\\/holy_land_olive_wood_nativity_set_bethlehem_na135-1.jpg\",\"width\":1550,\"height\":1200},{\"@type\":\"BreadcrumbList\",\"@id\":\"https:\\\/\\\/holyland-olivewood.com\\\/da\\\/vare\\\/oliven-trae-krybbespil-grotte-set-na135\\\/#breadcrumb\",\"itemListElement\":[{\"@type\":\"ListItem\",\"position\":1,\"name\":\"Home\",\"item\":\"https:\\\/\\\/holyland-olivewood.com\\\/da\\\/home\\\/\"},{\"@type\":\"ListItem\",\"position\":2,\"name\":\"Se alle produkter\",\"item\":\"https:\\\/\\\/holyland-olivewood.com\\\/da\\\/shop\\\/\"},{\"@type\":\"ListItem\",\"position\":3,\"name\":\"Oliventr\u00e6 Krybbe grotte S\u00e6t #NA135\"}]},{\"@type\":\"WebSite\",\"@id\":\"https:\\\/\\\/holyland-olivewood.com\\\/da\\\/#website\",\"url\":\"https:\\\/\\\/holyland-olivewood.com\\\/da\\\/\",\"name\":\"Holy Land Olive Wood - Bethlehem Olive Wood Factory\",\"description\":\"Holy Land Olivewood Bethlehem\",\"publisher\":{\"@id\":\"https:\\\/\\\/holyland-olivewood.com\\\/da\\\/#organization\"},\"potentialAction\":[{\"@type\":\"SearchAction\",\"target\":{\"@type\":\"EntryPoint\",\"urlTemplate\":\"https:\\\/\\\/holyland-olivewood.com\\\/da\\\/?s={search_term_string}\"},\"query-input\":{\"@type\":\"PropertyValueSpecification\",\"valueRequired\":true,\"valueName\":\"search_term_string\"}}],\"inLanguage\":\"da-DK\"},{\"@type\":\"Organization\",\"@id\":\"https:\\\/\\\/holyland-olivewood.com\\\/da\\\/#organization\",\"name\":\"Holy Land Olivewood\",\"url\":\"https:\\\/\\\/holyland-olivewood.com\\\/da\\\/\",\"logo\":{\"@type\":\"ImageObject\",\"inLanguage\":\"da-DK\",\"@id\":\"https:\\\/\\\/holyland-olivewood.com\\\/da\\\/#\\\/schema\\\/logo\\\/image\\\/\",\"url\":\"\",\"contentUrl\":\"\",\"caption\":\"Holy Land Olivewood\"},\"image\":{\"@id\":\"https:\\\/\\\/holyland-olivewood.com\\\/da\\\/#\\\/schema\\\/logo\\\/image\\\/\"},\"sameAs\":[\"https:\\\/\\\/www.facebook.com\\\/holylandolivewood.bethlehem\\\/\",\"http:\\\/\\\/instagram.com\\\/holy.land.olive.wood\"]}]}<\/script>\n<!-- \/ Yoast SEO plugin. -->","yoast_head_json":{"title":"Oliventr\u00e6 Krybbe grotte S\u00e6t #NA135 - Holy Land Olive Wood - Bethlehem Olive Wood Factory","description":"Bethlehem oliventr\u00e6 kunsth\u00e5ndv\u00e6rk (dvs. rosenkranse, statuer, f\u00f8dselskirken, s\u00e6t, grotte) hellige familie, jul, figurer, og r\u00e5 lager i standard og brugerdefinerede dimensioner.","robots":{"index":"index","follow":"follow","max-snippet":"max-snippet:-1","max-image-preview":"max-image-preview:large","max-video-preview":"max-video-preview:-1"},"canonical":"https:\/\/holyland-olivewood.com\/da\/vare\/oliven-trae-krybbespil-grotte-set-na135\/","og_locale":"da_DK","og_type":"article","og_title":"Oliventr\u00e6 Krybbe grotte S\u00e6t #NA135 - Holy Land Olive Wood - Bethlehem Olive Wood Factory","og_description":"Bethlehem oliventr\u00e6 kunsth\u00e5ndv\u00e6rk (dvs. rosenkranse, statuer, f\u00f8dselskirken, s\u00e6t, grotte) hellige familie, jul, figurer, og r\u00e5 lager i standard og brugerdefinerede dimensioner.","og_url":"https:\/\/holyland-olivewood.com\/da\/vare\/oliven-trae-krybbespil-grotte-set-na135\/","og_site_name":"Holy Land Olive Wood - Bethlehem Olive Wood Factory","article_publisher":"https:\/\/www.facebook.com\/holylandolivewood.bethlehem\/","og_image":[{"width":1550,"height":1200,"url":"https:\/\/holyland-olivewood.com\/wp-content\/uploads\/2021\/08\/holy_land_olive_wood_nativity_set_bethlehem_na135-1.jpg","type":"image\/jpeg"}],"twitter_card":"summary_large_image","schema":{"@context":"https:\/\/schema.org","@graph":[{"@type":"WebPage","@id":"https:\/\/holyland-olivewood.com\/da\/vare\/oliven-trae-krybbespil-grotte-set-na135\/","url":"https:\/\/holyland-olivewood.com\/da\/vare\/oliven-trae-krybbespil-grotte-set-na135\/","name":"Oliventr\u00e6 Krybbe grotte S\u00e6t #NA135 - Holy Land Olive Wood - Bethlehem Olive Wood Factory","isPartOf":{"@id":"https:\/\/holyland-olivewood.com\/da\/#website"},"primaryImageOfPage":{"@id":"https:\/\/holyland-olivewood.com\/da\/vare\/oliven-trae-krybbespil-grotte-set-na135\/#primaryimage"},"image":{"@id":"https:\/\/holyland-olivewood.com\/da\/vare\/oliven-trae-krybbespil-grotte-set-na135\/#primaryimage"},"thumbnailUrl":"https:\/\/holyland-olivewood.com\/wp-content\/uploads\/2021\/08\/holy_land_olive_wood_nativity_set_bethlehem_na135-1.jpg","datePublished":"2022-02-06T10:52:30+00:00","description":"Bethlehem oliventr\u00e6 kunsth\u00e5ndv\u00e6rk (dvs. rosenkranse, statuer, f\u00f8dselskirken, s\u00e6t, grotte) hellige familie, jul, figurer, og r\u00e5 lager i standard og brugerdefinerede dimensioner.","breadcrumb":{"@id":"https:\/\/holyland-olivewood.com\/da\/vare\/oliven-trae-krybbespil-grotte-set-na135\/#breadcrumb"},"inLanguage":"da-DK","potentialAction":[{"@type":"ReadAction","target":["https:\/\/holyland-olivewood.com\/da\/vare\/oliven-trae-krybbespil-grotte-set-na135\/"]}]},{"@type":"ImageObject","inLanguage":"da-DK","@id":"https:\/\/holyland-olivewood.com\/da\/vare\/oliven-trae-krybbespil-grotte-set-na135\/#primaryimage","url":"https:\/\/holyland-olivewood.com\/wp-content\/uploads\/2021\/08\/holy_land_olive_wood_nativity_set_bethlehem_na135-1.jpg","contentUrl":"https:\/\/holyland-olivewood.com\/wp-content\/uploads\/2021\/08\/holy_land_olive_wood_nativity_set_bethlehem_na135-1.jpg","width":1550,"height":1200},{"@type":"BreadcrumbList","@id":"https:\/\/holyland-olivewood.com\/da\/vare\/oliven-trae-krybbespil-grotte-set-na135\/#breadcrumb","itemListElement":[{"@type":"ListItem","position":1,"name":"Home","item":"https:\/\/holyland-olivewood.com\/da\/home\/"},{"@type":"ListItem","position":2,"name":"Se alle produkter","item":"https:\/\/holyland-olivewood.com\/da\/shop\/"},{"@type":"ListItem","position":3,"name":"Oliventr\u00e6 Krybbe grotte S\u00e6t #NA135"}]},{"@type":"WebSite","@id":"https:\/\/holyland-olivewood.com\/da\/#website","url":"https:\/\/holyland-olivewood.com\/da\/","name":"Holy Land Olive Wood - Bethlehem Olive Wood Factory","description":"Holy Land Olivewood Bethlehem","publisher":{"@id":"https:\/\/holyland-olivewood.com\/da\/#organization"},"potentialAction":[{"@type":"SearchAction","target":{"@type":"EntryPoint","urlTemplate":"https:\/\/holyland-olivewood.com\/da\/?s={search_term_string}"},"query-input":{"@type":"PropertyValueSpecification","valueRequired":true,"valueName":"search_term_string"}}],"inLanguage":"da-DK"},{"@type":"Organization","@id":"https:\/\/holyland-olivewood.com\/da\/#organization","name":"Holy Land Olivewood","url":"https:\/\/holyland-olivewood.com\/da\/","logo":{"@type":"ImageObject","inLanguage":"da-DK","@id":"https:\/\/holyland-olivewood.com\/da\/#\/schema\/logo\/image\/","url":"","contentUrl":"","caption":"Holy Land Olivewood"},"image":{"@id":"https:\/\/holyland-olivewood.com\/da\/#\/schema\/logo\/image\/"},"sameAs":["https:\/\/www.facebook.com\/holylandolivewood.bethlehem\/","http:\/\/instagram.com\/holy.land.olive.wood"]}]}},"_links":{"self":[{"href":"https:\/\/holyland-olivewood.com\/da\/wp-json\/wp\/v2\/product\/40254","targetHints":{"allow":["GET"]}}],"collection":[{"href":"https:\/\/holyland-olivewood.com\/da\/wp-json\/wp\/v2\/product"}],"about":[{"href":"https:\/\/holyland-olivewood.com\/da\/wp-json\/wp\/v2\/types\/product"}],"replies":[{"embeddable":true,"href":"https:\/\/holyland-olivewood.com\/da\/wp-json\/wp\/v2\/comments?post=40254"}],"version-history":[{"count":0,"href":"https:\/\/holyland-olivewood.com\/da\/wp-json\/wp\/v2\/product\/40254\/revisions"}],"wp:featuredmedia":[{"embeddable":true,"href":"https:\/\/holyland-olivewood.com\/da\/wp-json\/wp\/v2\/media\/38997"}],"wp:attachment":[{"href":"https:\/\/holyland-olivewood.com\/da\/wp-json\/wp\/v2\/media?parent=40254"}],"wp:term":[{"taxonomy":"product_brand","embeddable":true,"href":"https:\/\/holyland-olivewood.com\/da\/wp-json\/wp\/v2\/product_brand?post=40254"},{"taxonomy":"product_cat","embeddable":true,"href":"https:\/\/holyland-olivewood.com\/da\/wp-json\/wp\/v2\/product_cat?post=40254"},{"taxonomy":"product_tag","embeddable":true,"href":"https:\/\/holyland-olivewood.com\/da\/wp-json\/wp\/v2\/product_tag?post=40254"}],"curies":[{"name":"wp","href":"https:\/\/api.w.org\/{rel}","templated":true}]}}