{"id":40191,"date":"2021-11-05T13:09:04","date_gmt":"2022-02-06T10:52:11","guid":{"rendered":"https:\/\/holyland-olivewood.com\/product\/ortodokse-oliventrae-krucifiks-med-elementer-39-cm-1525-cr158\/"},"modified":"2022-02-06T10:52:11","modified_gmt":"2022-02-06T10:52:11","slug":"ortodokse-oliven-trae-krucifiks-med-elementer-35-cm-13-75-cr158","status":"publish","type":"product","link":"https:\/\/holyland-olivewood.com\/da\/vare\/ortodokse-oliven-trae-krucifiks-med-elementer-35-cm-13-75-cr158\/","title":{"rendered":"Ortodokse oliventr\u00e6 krucifiks med elementer (39 cm \/ 15,25&#8221;) #CR158"},"content":{"rendered":"","protected":false},"excerpt":{"rendered":"<p>Dette smukke ortodokse krucifiks er h\u00e5ndlavet i det hellige land fra b\u00e6redygtigt h\u00f8stet, autentisk Bethlehem Olivewood.<\/p>\n<p>Denne genstand har en oliventr\u00e6 Jesus figur og INRI plak, samt kapsler, der indeholder jord, sten, rose r\u00f8gelse og myrra fra Jerusalem.<\/p>\n<p>Denne vare indeholder et \u00e6gthedscertifikat, der kontrollerer de materialer og teknikker, der anvendes i produktionen.<\/p>\n<p>St\u00f8rrelse:<\/p>\n<p>V\u00e6gb\u00f8jle: 39 cm (15,25&#8243;)<\/p>\n<p>Stativ: 46 cm (18&#8243;)<\/p>\n","protected":false},"featured_media":39117,"comment_status":"closed","ping_status":"closed","template":"","meta":[],"product_brand":[],"product_cat":[739,740],"product_tag":[771,766,741,762,773,764,756,753,757,750,752,4075,751,755,768,770,763,760,759,761,744,743,758,765,745,747,769,767,754,742,772,746,748],"class_list":{"0":"post-40191","1":"product","2":"type-product","3":"status-publish","4":"has-post-thumbnail","6":"product_cat-kors-og-krucifikser","7":"product_cat-kunsthandvaerk","8":"product_tag-14-da","9":"product_tag-af","10":"product_tag-betlehem","11":"product_tag-bon","12":"product_tag-den","13":"product_tag-fodselskirken","14":"product_tag-gave","15":"product_tag-handlavet","16":"product_tag-handvaerk","17":"product_tag-hellig","18":"product_tag-jerusalem-da","19":"product_tag-jesus-da-2","20":"product_tag-jord","21":"product_tag-jul","22":"product_tag-katolsk","23":"product_tag-keltisk","24":"product_tag-kirke","25":"product_tag-kors","26":"product_tag-kristen","27":"product_tag-krucifiks","28":"product_tag-krucifikser","29":"product_tag-krydser","30":"product_tag-kunsthandvaerk","31":"product_tag-mor","32":"product_tag-oliven","33":"product_tag-oliventrae","34":"product_tag-ortodoks","35":"product_tag-perle","36":"product_tag-rosenkrans","37":"product_tag-rosenkranse","38":"product_tag-stationer","39":"product_tag-trae","40":"product_tag-udskaering","42":"first","43":"instock","44":"shipping-taxable","45":"purchasable","46":"product-type-variable"},"yoast_head":"<!-- This site is optimized with the Yoast SEO plugin v27.3 - https:\/\/yoast.com\/product\/yoast-seo-wordpress\/ -->\n<title>Ortodokse oliventr\u00e6 krucifiks med elementer (39 cm \/ 15,25&#039;&#039;) #CR158 - Holy Land Olive Wood - Bethlehem Olive Wood Factory<\/title>\n<meta name=\"description\" content=\"Bethlehem oliventr\u00e6 kunsth\u00e5ndv\u00e6rk (dvs. rosenkranse, jerusalem, kors, krucifikser, perler) pen-blanks, blokke &amp;r\u00e5 lager i standard og brugerdefinerede dimensioner\" \/>\n<meta name=\"robots\" content=\"index, follow, max-snippet:-1, max-image-preview:large, max-video-preview:-1\" \/>\n<link rel=\"canonical\" href=\"https:\/\/holyland-olivewood.com\/da\/vare\/ortodokse-oliven-trae-krucifiks-med-elementer-35-cm-13-75-cr158\/\" \/>\n<meta property=\"og:locale\" content=\"da_DK\" \/>\n<meta property=\"og:type\" content=\"article\" \/>\n<meta property=\"og:title\" content=\"Ortodokse oliventr\u00e6 krucifiks med elementer (39 cm \/ 15,25&#039;&#039;) #CR158 - Holy Land Olive Wood - Bethlehem Olive Wood Factory\" \/>\n<meta property=\"og:description\" content=\"Bethlehem oliventr\u00e6 kunsth\u00e5ndv\u00e6rk (dvs. rosenkranse, jerusalem, kors, krucifikser, perler) pen-blanks, blokke &amp;r\u00e5 lager i standard og brugerdefinerede dimensioner\" \/>\n<meta property=\"og:url\" content=\"https:\/\/holyland-olivewood.com\/da\/vare\/ortodokse-oliven-trae-krucifiks-med-elementer-35-cm-13-75-cr158\/\" \/>\n<meta property=\"og:site_name\" content=\"Holy Land Olive Wood - Bethlehem Olive Wood Factory\" \/>\n<meta property=\"article:publisher\" content=\"https:\/\/www.facebook.com\/holylandolivewood.bethlehem\/\" \/>\n<meta property=\"og:image\" content=\"https:\/\/holyland-olivewood.com\/wp-content\/uploads\/2021\/11\/crucifix_crucifixes_holy_land_olive_wood_bethlehem_cr158-4.jpg\" \/>\n\t<meta property=\"og:image:width\" content=\"1550\" \/>\n\t<meta property=\"og:image:height\" content=\"1200\" \/>\n\t<meta property=\"og:image:type\" content=\"image\/jpeg\" \/>\n<meta name=\"twitter:card\" content=\"summary_large_image\" \/>\n<script type=\"application\/ld+json\" class=\"yoast-schema-graph\">{\"@context\":\"https:\\\/\\\/schema.org\",\"@graph\":[{\"@type\":\"WebPage\",\"@id\":\"https:\\\/\\\/holyland-olivewood.com\\\/da\\\/vare\\\/ortodokse-oliven-trae-krucifiks-med-elementer-35-cm-13-75-cr158\\\/\",\"url\":\"https:\\\/\\\/holyland-olivewood.com\\\/da\\\/vare\\\/ortodokse-oliven-trae-krucifiks-med-elementer-35-cm-13-75-cr158\\\/\",\"name\":\"Ortodokse oliventr\u00e6 krucifiks med elementer (39 cm \\\/ 15,25'') #CR158 - Holy Land Olive Wood - Bethlehem Olive Wood Factory\",\"isPartOf\":{\"@id\":\"https:\\\/\\\/holyland-olivewood.com\\\/da\\\/#website\"},\"primaryImageOfPage\":{\"@id\":\"https:\\\/\\\/holyland-olivewood.com\\\/da\\\/vare\\\/ortodokse-oliven-trae-krucifiks-med-elementer-35-cm-13-75-cr158\\\/#primaryimage\"},\"image\":{\"@id\":\"https:\\\/\\\/holyland-olivewood.com\\\/da\\\/vare\\\/ortodokse-oliven-trae-krucifiks-med-elementer-35-cm-13-75-cr158\\\/#primaryimage\"},\"thumbnailUrl\":\"https:\\\/\\\/holyland-olivewood.com\\\/wp-content\\\/uploads\\\/2021\\\/11\\\/crucifix_crucifixes_holy_land_olive_wood_bethlehem_cr158-4.jpg\",\"datePublished\":\"2022-02-06T10:52:11+00:00\",\"description\":\"Bethlehem oliventr\u00e6 kunsth\u00e5ndv\u00e6rk (dvs. rosenkranse, jerusalem, kors, krucifikser, perler) pen-blanks, blokke &r\u00e5 lager i standard og brugerdefinerede dimensioner\",\"breadcrumb\":{\"@id\":\"https:\\\/\\\/holyland-olivewood.com\\\/da\\\/vare\\\/ortodokse-oliven-trae-krucifiks-med-elementer-35-cm-13-75-cr158\\\/#breadcrumb\"},\"inLanguage\":\"da-DK\",\"potentialAction\":[{\"@type\":\"ReadAction\",\"target\":[\"https:\\\/\\\/holyland-olivewood.com\\\/da\\\/vare\\\/ortodokse-oliven-trae-krucifiks-med-elementer-35-cm-13-75-cr158\\\/\"]}]},{\"@type\":\"ImageObject\",\"inLanguage\":\"da-DK\",\"@id\":\"https:\\\/\\\/holyland-olivewood.com\\\/da\\\/vare\\\/ortodokse-oliven-trae-krucifiks-med-elementer-35-cm-13-75-cr158\\\/#primaryimage\",\"url\":\"https:\\\/\\\/holyland-olivewood.com\\\/wp-content\\\/uploads\\\/2021\\\/11\\\/crucifix_crucifixes_holy_land_olive_wood_bethlehem_cr158-4.jpg\",\"contentUrl\":\"https:\\\/\\\/holyland-olivewood.com\\\/wp-content\\\/uploads\\\/2021\\\/11\\\/crucifix_crucifixes_holy_land_olive_wood_bethlehem_cr158-4.jpg\",\"width\":1550,\"height\":1200},{\"@type\":\"BreadcrumbList\",\"@id\":\"https:\\\/\\\/holyland-olivewood.com\\\/da\\\/vare\\\/ortodokse-oliven-trae-krucifiks-med-elementer-35-cm-13-75-cr158\\\/#breadcrumb\",\"itemListElement\":[{\"@type\":\"ListItem\",\"position\":1,\"name\":\"Home\",\"item\":\"https:\\\/\\\/holyland-olivewood.com\\\/da\\\/home\\\/\"},{\"@type\":\"ListItem\",\"position\":2,\"name\":\"Se alle produkter\",\"item\":\"https:\\\/\\\/holyland-olivewood.com\\\/da\\\/shop\\\/\"},{\"@type\":\"ListItem\",\"position\":3,\"name\":\"Ortodokse oliventr\u00e6 krucifiks med elementer (39 cm \\\/ 15,25&#8221;) #CR158\"}]},{\"@type\":\"WebSite\",\"@id\":\"https:\\\/\\\/holyland-olivewood.com\\\/da\\\/#website\",\"url\":\"https:\\\/\\\/holyland-olivewood.com\\\/da\\\/\",\"name\":\"Holy Land Olive Wood - Bethlehem Olive Wood Factory\",\"description\":\"Holy Land Olivewood Bethlehem\",\"publisher\":{\"@id\":\"https:\\\/\\\/holyland-olivewood.com\\\/da\\\/#organization\"},\"potentialAction\":[{\"@type\":\"SearchAction\",\"target\":{\"@type\":\"EntryPoint\",\"urlTemplate\":\"https:\\\/\\\/holyland-olivewood.com\\\/da\\\/?s={search_term_string}\"},\"query-input\":{\"@type\":\"PropertyValueSpecification\",\"valueRequired\":true,\"valueName\":\"search_term_string\"}}],\"inLanguage\":\"da-DK\"},{\"@type\":\"Organization\",\"@id\":\"https:\\\/\\\/holyland-olivewood.com\\\/da\\\/#organization\",\"name\":\"Holy Land Olivewood\",\"url\":\"https:\\\/\\\/holyland-olivewood.com\\\/da\\\/\",\"logo\":{\"@type\":\"ImageObject\",\"inLanguage\":\"da-DK\",\"@id\":\"https:\\\/\\\/holyland-olivewood.com\\\/da\\\/#\\\/schema\\\/logo\\\/image\\\/\",\"url\":\"\",\"contentUrl\":\"\",\"caption\":\"Holy Land Olivewood\"},\"image\":{\"@id\":\"https:\\\/\\\/holyland-olivewood.com\\\/da\\\/#\\\/schema\\\/logo\\\/image\\\/\"},\"sameAs\":[\"https:\\\/\\\/www.facebook.com\\\/holylandolivewood.bethlehem\\\/\",\"http:\\\/\\\/instagram.com\\\/holy.land.olive.wood\"]}]}<\/script>\n<!-- \/ Yoast SEO plugin. -->","yoast_head_json":{"title":"Ortodokse oliventr\u00e6 krucifiks med elementer (39 cm \/ 15,25'') #CR158 - Holy Land Olive Wood - Bethlehem Olive Wood Factory","description":"Bethlehem oliventr\u00e6 kunsth\u00e5ndv\u00e6rk (dvs. rosenkranse, jerusalem, kors, krucifikser, perler) pen-blanks, blokke &r\u00e5 lager i standard og brugerdefinerede dimensioner","robots":{"index":"index","follow":"follow","max-snippet":"max-snippet:-1","max-image-preview":"max-image-preview:large","max-video-preview":"max-video-preview:-1"},"canonical":"https:\/\/holyland-olivewood.com\/da\/vare\/ortodokse-oliven-trae-krucifiks-med-elementer-35-cm-13-75-cr158\/","og_locale":"da_DK","og_type":"article","og_title":"Ortodokse oliventr\u00e6 krucifiks med elementer (39 cm \/ 15,25'') #CR158 - Holy Land Olive Wood - Bethlehem Olive Wood Factory","og_description":"Bethlehem oliventr\u00e6 kunsth\u00e5ndv\u00e6rk (dvs. rosenkranse, jerusalem, kors, krucifikser, perler) pen-blanks, blokke &r\u00e5 lager i standard og brugerdefinerede dimensioner","og_url":"https:\/\/holyland-olivewood.com\/da\/vare\/ortodokse-oliven-trae-krucifiks-med-elementer-35-cm-13-75-cr158\/","og_site_name":"Holy Land Olive Wood - Bethlehem Olive Wood Factory","article_publisher":"https:\/\/www.facebook.com\/holylandolivewood.bethlehem\/","og_image":[{"width":1550,"height":1200,"url":"https:\/\/holyland-olivewood.com\/wp-content\/uploads\/2021\/11\/crucifix_crucifixes_holy_land_olive_wood_bethlehem_cr158-4.jpg","type":"image\/jpeg"}],"twitter_card":"summary_large_image","schema":{"@context":"https:\/\/schema.org","@graph":[{"@type":"WebPage","@id":"https:\/\/holyland-olivewood.com\/da\/vare\/ortodokse-oliven-trae-krucifiks-med-elementer-35-cm-13-75-cr158\/","url":"https:\/\/holyland-olivewood.com\/da\/vare\/ortodokse-oliven-trae-krucifiks-med-elementer-35-cm-13-75-cr158\/","name":"Ortodokse oliventr\u00e6 krucifiks med elementer (39 cm \/ 15,25'') #CR158 - Holy Land Olive Wood - Bethlehem Olive Wood Factory","isPartOf":{"@id":"https:\/\/holyland-olivewood.com\/da\/#website"},"primaryImageOfPage":{"@id":"https:\/\/holyland-olivewood.com\/da\/vare\/ortodokse-oliven-trae-krucifiks-med-elementer-35-cm-13-75-cr158\/#primaryimage"},"image":{"@id":"https:\/\/holyland-olivewood.com\/da\/vare\/ortodokse-oliven-trae-krucifiks-med-elementer-35-cm-13-75-cr158\/#primaryimage"},"thumbnailUrl":"https:\/\/holyland-olivewood.com\/wp-content\/uploads\/2021\/11\/crucifix_crucifixes_holy_land_olive_wood_bethlehem_cr158-4.jpg","datePublished":"2022-02-06T10:52:11+00:00","description":"Bethlehem oliventr\u00e6 kunsth\u00e5ndv\u00e6rk (dvs. rosenkranse, jerusalem, kors, krucifikser, perler) pen-blanks, blokke &r\u00e5 lager i standard og brugerdefinerede dimensioner","breadcrumb":{"@id":"https:\/\/holyland-olivewood.com\/da\/vare\/ortodokse-oliven-trae-krucifiks-med-elementer-35-cm-13-75-cr158\/#breadcrumb"},"inLanguage":"da-DK","potentialAction":[{"@type":"ReadAction","target":["https:\/\/holyland-olivewood.com\/da\/vare\/ortodokse-oliven-trae-krucifiks-med-elementer-35-cm-13-75-cr158\/"]}]},{"@type":"ImageObject","inLanguage":"da-DK","@id":"https:\/\/holyland-olivewood.com\/da\/vare\/ortodokse-oliven-trae-krucifiks-med-elementer-35-cm-13-75-cr158\/#primaryimage","url":"https:\/\/holyland-olivewood.com\/wp-content\/uploads\/2021\/11\/crucifix_crucifixes_holy_land_olive_wood_bethlehem_cr158-4.jpg","contentUrl":"https:\/\/holyland-olivewood.com\/wp-content\/uploads\/2021\/11\/crucifix_crucifixes_holy_land_olive_wood_bethlehem_cr158-4.jpg","width":1550,"height":1200},{"@type":"BreadcrumbList","@id":"https:\/\/holyland-olivewood.com\/da\/vare\/ortodokse-oliven-trae-krucifiks-med-elementer-35-cm-13-75-cr158\/#breadcrumb","itemListElement":[{"@type":"ListItem","position":1,"name":"Home","item":"https:\/\/holyland-olivewood.com\/da\/home\/"},{"@type":"ListItem","position":2,"name":"Se alle produkter","item":"https:\/\/holyland-olivewood.com\/da\/shop\/"},{"@type":"ListItem","position":3,"name":"Ortodokse oliventr\u00e6 krucifiks med elementer (39 cm \/ 15,25&#8221;) #CR158"}]},{"@type":"WebSite","@id":"https:\/\/holyland-olivewood.com\/da\/#website","url":"https:\/\/holyland-olivewood.com\/da\/","name":"Holy Land Olive Wood - Bethlehem Olive Wood Factory","description":"Holy Land Olivewood Bethlehem","publisher":{"@id":"https:\/\/holyland-olivewood.com\/da\/#organization"},"potentialAction":[{"@type":"SearchAction","target":{"@type":"EntryPoint","urlTemplate":"https:\/\/holyland-olivewood.com\/da\/?s={search_term_string}"},"query-input":{"@type":"PropertyValueSpecification","valueRequired":true,"valueName":"search_term_string"}}],"inLanguage":"da-DK"},{"@type":"Organization","@id":"https:\/\/holyland-olivewood.com\/da\/#organization","name":"Holy Land Olivewood","url":"https:\/\/holyland-olivewood.com\/da\/","logo":{"@type":"ImageObject","inLanguage":"da-DK","@id":"https:\/\/holyland-olivewood.com\/da\/#\/schema\/logo\/image\/","url":"","contentUrl":"","caption":"Holy Land Olivewood"},"image":{"@id":"https:\/\/holyland-olivewood.com\/da\/#\/schema\/logo\/image\/"},"sameAs":["https:\/\/www.facebook.com\/holylandolivewood.bethlehem\/","http:\/\/instagram.com\/holy.land.olive.wood"]}]}},"_links":{"self":[{"href":"https:\/\/holyland-olivewood.com\/da\/wp-json\/wp\/v2\/product\/40191","targetHints":{"allow":["GET"]}}],"collection":[{"href":"https:\/\/holyland-olivewood.com\/da\/wp-json\/wp\/v2\/product"}],"about":[{"href":"https:\/\/holyland-olivewood.com\/da\/wp-json\/wp\/v2\/types\/product"}],"replies":[{"embeddable":true,"href":"https:\/\/holyland-olivewood.com\/da\/wp-json\/wp\/v2\/comments?post=40191"}],"version-history":[{"count":0,"href":"https:\/\/holyland-olivewood.com\/da\/wp-json\/wp\/v2\/product\/40191\/revisions"}],"wp:featuredmedia":[{"embeddable":true,"href":"https:\/\/holyland-olivewood.com\/da\/wp-json\/wp\/v2\/media\/39117"}],"wp:attachment":[{"href":"https:\/\/holyland-olivewood.com\/da\/wp-json\/wp\/v2\/media?parent=40191"}],"wp:term":[{"taxonomy":"product_brand","embeddable":true,"href":"https:\/\/holyland-olivewood.com\/da\/wp-json\/wp\/v2\/product_brand?post=40191"},{"taxonomy":"product_cat","embeddable":true,"href":"https:\/\/holyland-olivewood.com\/da\/wp-json\/wp\/v2\/product_cat?post=40191"},{"taxonomy":"product_tag","embeddable":true,"href":"https:\/\/holyland-olivewood.com\/da\/wp-json\/wp\/v2\/product_tag?post=40191"}],"curies":[{"name":"wp","href":"https:\/\/api.w.org\/{rel}","templated":true}]}}