{"id":47653,"date":"2018-08-28T17:25:04","date_gmt":"2018-08-28T17:25:04","guid":{"rendered":"https:\/\/holyland-olivewood.com\/handicrafts-3\/"},"modified":"2025-02-23T11:21:14","modified_gmt":"2025-02-23T11:21:14","slug":"handicrafts-3","status":"publish","type":"page","link":"https:\/\/holyland-olivewood.com\/da\/handicrafts-3\/","title":{"rendered":"Kunsth\u00e5ndv\u00e6rk"},"content":{"rendered":"\t\t<div data-elementor-type=\"wp-page\" data-elementor-id=\"47653\" class=\"elementor elementor-47653 elementor-17169\">\n\t\t\t\t<div class=\"wd-negative-gap elementor-element elementor-element-36ce3ec e-flex e-con-boxed e-con e-parent\" data-id=\"36ce3ec\" data-element_type=\"container\" data-e-type=\"container\">\n\t\t\t\t\t<div class=\"e-con-inner\">\n\t\t\t\t<div class=\"elementor-element elementor-element-0b1d3db elementor-widget elementor-widget-wd_text_block\" data-id=\"0b1d3db\" data-element_type=\"widget\" data-e-type=\"widget\" data-widget_type=\"wd_text_block.default\">\n\t\t\t\t<div class=\"elementor-widget-container\">\n\t\t\t\t\t\t\t<div class=\"wd-text-block reset-last-child text-left\">\n\t\t\t\n\t\t\t<p>Betlehem er ber\u00f8mt for sin <a href=\"https:\/\/holyland-olivewood.com\/da\/olivewood\/\">oliventr\u00e6<\/a> <a href=\"https:\/\/holyland-olivewood.com\/handicrafts\/\">kunsth\u00e5ndv\u00e6rk<\/a>, som omfatter forskellige <a href=\"https:\/\/holyland-olivewood.com\/da\/vare-kategori\/kors-og-krucifikser\/\">kors og krucifikser<\/a>, <a href=\"https:\/\/holyland-olivewood.com\/da\/vare-kategori\/rosenkranse\/\">rosenkranse<\/a> <a href=\"https:\/\/holyland-olivewood.com\/da\/vare-kategori\/smykker-da\/\">smykker<\/a>, <a href=\"https:\/\/holyland-olivewood.com\/da\/vare-kategori\/service\/\">service<\/a>, <a href=\"https:\/\/holyland-olivewood.com\/da\/vare-kategori\/kuglepenne-og-skrivebordsartikler\/\">kuglepenne og bordservice<\/a> <a href=\"https:\/\/holyland-olivewood.com\/da\/vare-kategori\/magneter\/\">magneter<\/a> <a href=\"https:\/\/holyland-olivewood.com\/da\/vare-kategori\/fodselssaet\/\">krybbespil<\/a> <a href=\"https:\/\/holyland-olivewood.com\/da\/vare-kategori\/figurer\/\">figurer<\/a> <a href=\"https:\/\/holyland-olivewood.com\/da\/vare-kategori\/ornamenter-da\/\">ornamenter<\/a> <a href=\"https:\/\/holyland-olivewood.com\/da\/vare-kategori\/kokkenudstyr\/\">k\u00f8kkenudstyr<\/a> <a href=\"https:\/\/holyland-olivewood.com\/da\/vare-kategori\/kasser\/\">kasser<\/a>, og <a href=\"https:\/\/holyland-olivewood.com\/da\/vare-kategori\/plaques-da\/\">plaketter<\/a>. <a href=\"https:\/\/holyland-olivewood.com\/da\/\">Holy Land Olivewood<\/a>, forts\u00e6tter med at praktisere denne traditionelle h\u00e5ndv\u00e6rk, og producerer uds\u00f8gte <a href=\"https:\/\/holyland-olivewood.com\/handicrafts\/\">kunsth\u00e5ndv\u00e6rk<\/a> , der er kendt for deres kontrasterende tr\u00e6korn og finish af h\u00f8j kvalitet. Alle vores <a href=\"https:\/\/holyland-olivewood.com\/handicrafts\/\">kunsth\u00e5ndv\u00e6rk<\/a> er h\u00e5ndlavet i det hellige land af lokale h\u00e5ndv\u00e6rkere, kun ved hj\u00e6lp af de fineste Betlehem <a href=\"https:\/\/holyland-olivewood.com\/da\/olivewood\/\">oliventr\u00e6<\/a> og traditionelle metoder, der har v\u00e6ret praktiseret i generationer. <a href=\"https:\/\/holyland-olivewood.com\/da\/\">Holy Land Oliventr\u00e6<\/a> er unikt, fordi alle vores kunsth\u00e5ndv\u00e6rk kommer med et <a href=\"https:\/\/holyland-olivewood.com\/handicrafts\/\">\u00e6gthedscertifikat og bakkes<\/a> op med en 100% pengene-tilbage tilfredshedsgaranti.<\/p><p>Traditionen med at lave kunsth\u00e5ndv\u00e6rk begyndte i det 4. \u00e5rhundrede CE under byzantinsk styre i Betlehem - som fortsat er den vigtigste by, der producerer h\u00e5ndv\u00e6rket - efter opf\u00f8relsen af F\u00f8dselskirken. Gr\u00e6sk - ortodokse munke l\u00e6rte lokale beboere at sk\u00e6re <a href=\"https:\/\/en.wikipedia.org\/wiki\/Olive\">oliventr\u00e6<\/a> . Kunsten udviklede sig og blev en stor industri i Betlehem og n\u00e6rliggende byer i det 16. og 17. \u00e5rhundrede, da italienske og franciskanske h\u00e5ndv\u00e6rkere p\u00e5 pilgrimsrejse til omr\u00e5det - nu under osmannernes styre - l\u00e6rte beboerne at sk\u00e6re. Siden da er traditionen blevet videregivet generation for generation og er domineret af efterkommere af de oprindelige lokale carvers.<\/p>\n\t\t\t\t\t<\/div>\n\t\t\t\t\t\t<\/div>\n\t\t\t\t<\/div>\n\t\t\t\t\t<\/div>\n\t\t\t\t<\/div>\n\t\t\t\t<\/div>\n\t\t","protected":false},"excerpt":{"rendered":"<p>Betlehem er ber\u00f8mt for sin oliventr\u00e6 kunsth\u00e5ndv\u00e6rk, som omfatter forskellige kors og krucifikser, rosenkranse smykker, service, kuglepenne og bordservice magneter<\/p>\n","protected":false},"author":1,"featured_media":0,"parent":0,"menu_order":0,"comment_status":"closed","ping_status":"closed","template":"","meta":{"footnotes":""},"class_list":["post-47653","page","type-page","status-publish","hentry"],"yoast_head":"<!-- This site is optimized with the Yoast SEO plugin v27.4 - https:\/\/yoast.com\/product\/yoast-seo-wordpress\/ -->\n<title>Kunsth\u00e5ndv\u00e6rk - Holy Land Olive Wood - Bethlehem Olive Wood Factory<\/title>\n<meta name=\"robots\" content=\"index, follow, max-snippet:-1, max-image-preview:large, max-video-preview:-1\" \/>\n<link rel=\"canonical\" href=\"https:\/\/holyland-olivewood.com\/da\/handicrafts-3\/\" \/>\n<meta property=\"og:locale\" content=\"da_DK\" \/>\n<meta property=\"og:type\" content=\"article\" \/>\n<meta property=\"og:title\" content=\"Kunsth\u00e5ndv\u00e6rk - Holy Land Olive Wood - Bethlehem Olive Wood Factory\" \/>\n<meta property=\"og:description\" content=\"Betlehem er ber\u00f8mt for sin oliventr\u00e6 kunsth\u00e5ndv\u00e6rk, som omfatter forskellige kors og krucifikser, rosenkranse smykker, service, kuglepenne og bordservice magneter\" \/>\n<meta property=\"og:url\" content=\"https:\/\/holyland-olivewood.com\/da\/handicrafts-3\/\" \/>\n<meta property=\"og:site_name\" content=\"Holy Land Olive Wood - Bethlehem Olive Wood Factory\" \/>\n<meta property=\"article:publisher\" content=\"https:\/\/www.facebook.com\/holylandolivewood.bethlehem\/\" \/>\n<meta property=\"article:modified_time\" content=\"2025-02-23T11:21:14+00:00\" \/>\n<meta name=\"twitter:card\" content=\"summary_large_image\" \/>\n<meta name=\"twitter:label1\" content=\"Estimeret l\u00e6setid\" \/>\n\t<meta name=\"twitter:data1\" content=\"2 minutter\" \/>\n<script type=\"application\/ld+json\" class=\"yoast-schema-graph\">{\"@context\":\"https:\\\/\\\/schema.org\",\"@graph\":[{\"@type\":\"WebPage\",\"@id\":\"https:\\\/\\\/holyland-olivewood.com\\\/da\\\/handicrafts-3\\\/\",\"url\":\"https:\\\/\\\/holyland-olivewood.com\\\/da\\\/handicrafts-3\\\/\",\"name\":\"Kunsth\u00e5ndv\u00e6rk - Holy Land Olive Wood - Bethlehem Olive Wood Factory\",\"isPartOf\":{\"@id\":\"https:\\\/\\\/holyland-olivewood.com\\\/da\\\/#website\"},\"datePublished\":\"2018-08-28T17:25:04+00:00\",\"dateModified\":\"2025-02-23T11:21:14+00:00\",\"breadcrumb\":{\"@id\":\"https:\\\/\\\/holyland-olivewood.com\\\/da\\\/handicrafts-3\\\/#breadcrumb\"},\"inLanguage\":\"da-DK\",\"potentialAction\":[{\"@type\":\"ReadAction\",\"target\":[\"https:\\\/\\\/holyland-olivewood.com\\\/da\\\/handicrafts-3\\\/\"]}]},{\"@type\":\"BreadcrumbList\",\"@id\":\"https:\\\/\\\/holyland-olivewood.com\\\/da\\\/handicrafts-3\\\/#breadcrumb\",\"itemListElement\":[{\"@type\":\"ListItem\",\"position\":1,\"name\":\"Home\",\"item\":\"https:\\\/\\\/holyland-olivewood.com\\\/da\\\/home\\\/\"},{\"@type\":\"ListItem\",\"position\":2,\"name\":\"Kunsth\u00e5ndv\u00e6rk\"}]},{\"@type\":\"WebSite\",\"@id\":\"https:\\\/\\\/holyland-olivewood.com\\\/da\\\/#website\",\"url\":\"https:\\\/\\\/holyland-olivewood.com\\\/da\\\/\",\"name\":\"Holy Land Olive Wood - Bethlehem Olive Wood Factory\",\"description\":\"Holy Land Olivewood Bethlehem\",\"publisher\":{\"@id\":\"https:\\\/\\\/holyland-olivewood.com\\\/da\\\/#organization\"},\"potentialAction\":[{\"@type\":\"SearchAction\",\"target\":{\"@type\":\"EntryPoint\",\"urlTemplate\":\"https:\\\/\\\/holyland-olivewood.com\\\/da\\\/?s={search_term_string}\"},\"query-input\":{\"@type\":\"PropertyValueSpecification\",\"valueRequired\":true,\"valueName\":\"search_term_string\"}}],\"inLanguage\":\"da-DK\"},{\"@type\":\"Organization\",\"@id\":\"https:\\\/\\\/holyland-olivewood.com\\\/da\\\/#organization\",\"name\":\"Holy Land Olivewood\",\"url\":\"https:\\\/\\\/holyland-olivewood.com\\\/da\\\/\",\"logo\":{\"@type\":\"ImageObject\",\"inLanguage\":\"da-DK\",\"@id\":\"https:\\\/\\\/holyland-olivewood.com\\\/da\\\/#\\\/schema\\\/logo\\\/image\\\/\",\"url\":\"\",\"contentUrl\":\"\",\"caption\":\"Holy Land Olivewood\"},\"image\":{\"@id\":\"https:\\\/\\\/holyland-olivewood.com\\\/da\\\/#\\\/schema\\\/logo\\\/image\\\/\"},\"sameAs\":[\"https:\\\/\\\/www.facebook.com\\\/holylandolivewood.bethlehem\\\/\",\"http:\\\/\\\/instagram.com\\\/holy.land.olive.wood\"]}]}<\/script>\n<!-- \/ Yoast SEO plugin. -->","yoast_head_json":{"title":"Kunsth\u00e5ndv\u00e6rk - Holy Land Olive Wood - Bethlehem Olive Wood Factory","robots":{"index":"index","follow":"follow","max-snippet":"max-snippet:-1","max-image-preview":"max-image-preview:large","max-video-preview":"max-video-preview:-1"},"canonical":"https:\/\/holyland-olivewood.com\/da\/handicrafts-3\/","og_locale":"da_DK","og_type":"article","og_title":"Kunsth\u00e5ndv\u00e6rk - Holy Land Olive Wood - Bethlehem Olive Wood Factory","og_description":"Betlehem er ber\u00f8mt for sin oliventr\u00e6 kunsth\u00e5ndv\u00e6rk, som omfatter forskellige kors og krucifikser, rosenkranse smykker, service, kuglepenne og bordservice magneter","og_url":"https:\/\/holyland-olivewood.com\/da\/handicrafts-3\/","og_site_name":"Holy Land Olive Wood - Bethlehem Olive Wood Factory","article_publisher":"https:\/\/www.facebook.com\/holylandolivewood.bethlehem\/","article_modified_time":"2025-02-23T11:21:14+00:00","twitter_card":"summary_large_image","twitter_misc":{"Estimeret l\u00e6setid":"2 minutter"},"schema":{"@context":"https:\/\/schema.org","@graph":[{"@type":"WebPage","@id":"https:\/\/holyland-olivewood.com\/da\/handicrafts-3\/","url":"https:\/\/holyland-olivewood.com\/da\/handicrafts-3\/","name":"Kunsth\u00e5ndv\u00e6rk - Holy Land Olive Wood - Bethlehem Olive Wood Factory","isPartOf":{"@id":"https:\/\/holyland-olivewood.com\/da\/#website"},"datePublished":"2018-08-28T17:25:04+00:00","dateModified":"2025-02-23T11:21:14+00:00","breadcrumb":{"@id":"https:\/\/holyland-olivewood.com\/da\/handicrafts-3\/#breadcrumb"},"inLanguage":"da-DK","potentialAction":[{"@type":"ReadAction","target":["https:\/\/holyland-olivewood.com\/da\/handicrafts-3\/"]}]},{"@type":"BreadcrumbList","@id":"https:\/\/holyland-olivewood.com\/da\/handicrafts-3\/#breadcrumb","itemListElement":[{"@type":"ListItem","position":1,"name":"Home","item":"https:\/\/holyland-olivewood.com\/da\/home\/"},{"@type":"ListItem","position":2,"name":"Kunsth\u00e5ndv\u00e6rk"}]},{"@type":"WebSite","@id":"https:\/\/holyland-olivewood.com\/da\/#website","url":"https:\/\/holyland-olivewood.com\/da\/","name":"Holy Land Olive Wood - Bethlehem Olive Wood Factory","description":"Holy Land Olivewood Bethlehem","publisher":{"@id":"https:\/\/holyland-olivewood.com\/da\/#organization"},"potentialAction":[{"@type":"SearchAction","target":{"@type":"EntryPoint","urlTemplate":"https:\/\/holyland-olivewood.com\/da\/?s={search_term_string}"},"query-input":{"@type":"PropertyValueSpecification","valueRequired":true,"valueName":"search_term_string"}}],"inLanguage":"da-DK"},{"@type":"Organization","@id":"https:\/\/holyland-olivewood.com\/da\/#organization","name":"Holy Land Olivewood","url":"https:\/\/holyland-olivewood.com\/da\/","logo":{"@type":"ImageObject","inLanguage":"da-DK","@id":"https:\/\/holyland-olivewood.com\/da\/#\/schema\/logo\/image\/","url":"","contentUrl":"","caption":"Holy Land Olivewood"},"image":{"@id":"https:\/\/holyland-olivewood.com\/da\/#\/schema\/logo\/image\/"},"sameAs":["https:\/\/www.facebook.com\/holylandolivewood.bethlehem\/","http:\/\/instagram.com\/holy.land.olive.wood"]}]}},"_links":{"self":[{"href":"https:\/\/holyland-olivewood.com\/da\/wp-json\/wp\/v2\/pages\/47653","targetHints":{"allow":["GET"]}}],"collection":[{"href":"https:\/\/holyland-olivewood.com\/da\/wp-json\/wp\/v2\/pages"}],"about":[{"href":"https:\/\/holyland-olivewood.com\/da\/wp-json\/wp\/v2\/types\/page"}],"author":[{"embeddable":true,"href":"https:\/\/holyland-olivewood.com\/da\/wp-json\/wp\/v2\/users\/1"}],"replies":[{"embeddable":true,"href":"https:\/\/holyland-olivewood.com\/da\/wp-json\/wp\/v2\/comments?post=47653"}],"version-history":[{"count":0,"href":"https:\/\/holyland-olivewood.com\/da\/wp-json\/wp\/v2\/pages\/47653\/revisions"}],"wp:attachment":[{"href":"https:\/\/holyland-olivewood.com\/da\/wp-json\/wp\/v2\/media?parent=47653"}],"curies":[{"name":"wp","href":"https:\/\/api.w.org\/{rel}","templated":true}]}}